{"id":24291,"date":"2023-05-23T15:27:53","date_gmt":"2023-05-23T14:27:53","guid":{"rendered":"https:\/\/meprolim.es\/?post_type=product&#038;p=24291"},"modified":"2023-05-23T15:40:42","modified_gmt":"2023-05-23T14:40:42","slug":"bote-400-ml-scotchgard-protector-tejidos-codigo-am0413","status":"publish","type":"product","link":"https:\/\/meprolim.es\/en\/producto\/quimicos-y-articulos-de-limpieza\/productos-quimicos-industriales-en\/captadores-limpiadores-muebles-en\/bote-400-ml-scotchgard-protector-tejidos-codigo-am0413\/","title":{"rendered":"BOTE 400 ML SCOTCHGARD PROTECTOR TEJIDOS &#8211; C\u00d3DIGO: AM0413"},"content":{"rendered":"<div class=\"wpb-content-wrapper\"><p>[vc_row][vc_column][vc_column_text]<\/p>\n<p class=\"mds-font_paragraph MMM--gapBottom\">El protector frente a agua para tejidos Scotchgard\u2122 protege contra derrames de agua los objetos de la casa, como sof\u00e1s, tapicer\u00eda y almohadas, pero tambi\u00e9n la ropa<\/p>\n<p class=\"mds-font_paragraph\">Proteja sus objetos m\u00e1s queridos con el protector frente a agua para tejidos Scotchgard\u2122. Tanto si se trata de un nuevo sof\u00e1 como de su vestido negro preferido, ayuda a repeler los derrames de agua sin cambiar la sensaci\u00f3n del tejido. Esto significa que podr\u00e1 limpiar la superficie antes de que el derrame se absorba, para lucir siempre un aspecto bonito y duradero. Este protector para tejidos es r\u00e1pido y f\u00e1cil de usar y, adem\u00e1s, es transparente y no deja olor al secarse. As\u00ed que celebre una reuni\u00f3n familiar o p\u00f3ngase su chaqueta favorita con confianza, sabiendo que el protector frente a agua para tejidos Scotchgard\u2122 es su escudo secreto contra los peque\u00f1os percances de la vida.<\/p>\n<p>[\/vc_column_text][\/vc_column][\/vc_row]<\/p>\n<\/div>","protected":false},"excerpt":{"rendered":"<ul class=\"sps2-pdp_details--highlights_list\">\n<li class=\"sps2-pdp_details--highlights_item mds-font_paragraph\">La resistente protecci\u00f3n de los tejidos repele los derrames para facilitar la limpieza<\/li>\n<li class=\"sps2-pdp_details--highlights_item mds-font_paragraph\">Ideal para objetos de la casa, como sof\u00e1s, tapicer\u00eda, almohadas, manteler\u00eda y mucho m\u00e1s<\/li>\n<li class=\"sps2-pdp_details--highlights_item mds-font_paragraph\">Perfecto para su uso en ropa, como camisas, vestidos, corbatas y trajes<\/li>\n<li class=\"sps2-pdp_details--highlights_item mds-font_paragraph\">Aplicaci\u00f3n sencilla en un solo paso, transparente y sin olor al secarse<\/li>\n<li class=\"sps2-pdp_details--highlights_item mds-font_paragraph\">No impide la transpirabilidad del tejido<\/li>\n<li class=\"sps2-pdp_details--highlights_item mds-font_paragraph\">Vuelva a aplicar el protector frente a agua para tejidos Scotchgard\u2122 despu\u00e9s de los lavados<\/li>\n<li class=\"sps2-pdp_details--highlights_item mds-font_paragraph\">Con un bote se puede cubrir un sof\u00e1 de tama\u00f1o medio, dos sillones o cinco chaquetas<\/li>\n<\/ul>\n<p>&nbsp;<\/p>\n<p><strong>SKU: AM0413<\/strong><\/p>\n<p>&nbsp;<\/p>\n","protected":false},"featured_media":24292,"template":"","meta":[],"product_brand":[],"product_cat":[698,652,94],"product_tag":[476,701,654],"class_list":{"0":"post-24291","1":"product","2":"type-product","3":"status-publish","4":"has-post-thumbnail","6":"product_cat-captadores-limpiadores-muebles","7":"product_cat-productos-quimicos-industriales","8":"product_cat-quimicos-articulos-limpieza","9":"product_tag-3m","10":"product_tag-limpiametales","11":"product_tag-productos-quimicos","13":"first","14":"instock","15":"shipping-taxable","16":"product-type-simple"},"yoast_head":"<!-- This site is optimized with the Yoast SEO plugin v27.3 - https:\/\/yoast.com\/product\/yoast-seo-wordpress\/ -->\n<title>BOTE 400 ML SCOTCHGARD PROTECTOR TEJIDOS - C\u00d3DIGO: AM0413 - Meprolim<\/title>\n<meta name=\"robots\" content=\"index, follow, max-snippet:-1, max-image-preview:large, max-video-preview:-1\" \/>\n<link rel=\"canonical\" href=\"https:\/\/meprolim.es\/producto\/quimicos-articulos-limpieza\/productos-quimicos-industriales\/captadores-limpiadores-muebles\/bote-400-ml-scotchgard-protector-tejidos-codigo-am0413\/\" \/>\n<meta property=\"og:locale\" content=\"en_US\" \/>\n<meta property=\"og:type\" content=\"article\" \/>\n<meta property=\"og:title\" content=\"BOTE 400 ML SCOTCHGARD PROTECTOR TEJIDOS - C\u00d3DIGO: AM0413 - Meprolim\" \/>\n<meta property=\"og:description\" content=\"La resistente protecci\u00f3n de los tejidos repele los derrames para facilitar la limpieza  Ideal para objetos de la casa, como sof\u00e1s, tapicer\u00eda, almohadas, manteler\u00eda y mucho m\u00e1s  Perfecto para su uso en ropa, como camisas, vestidos, corbatas y trajes  Aplicaci\u00f3n sencilla en un solo paso, transparente y sin olor al secarse  No impide la transpirabilidad del tejido  Vuelva a aplicar el protector frente a agua para tejidos Scotchgard\u2122 despu\u00e9s de los lavados  Con un bote se puede cubrir un sof\u00e1 de tama\u00f1o medio, dos sillones o cinco chaquetas  &nbsp;  SKU: AM0413  &nbsp;\" \/>\n<meta property=\"og:url\" content=\"https:\/\/meprolim.es\/producto\/quimicos-articulos-limpieza\/productos-quimicos-industriales\/captadores-limpiadores-muebles\/bote-400-ml-scotchgard-protector-tejidos-codigo-am0413\/\" \/>\n<meta property=\"og:site_name\" content=\"Meprolim\" \/>\n<meta property=\"article:modified_time\" content=\"2023-05-23T14:40:42+00:00\" \/>\n<meta property=\"og:image\" content=\"https:\/\/meprolim.es\/wp-content\/uploads\/2023\/05\/Am0413.jpg\" \/>\n\t<meta property=\"og:image:width\" content=\"768\" \/>\n\t<meta property=\"og:image:height\" content=\"768\" \/>\n\t<meta property=\"og:image:type\" content=\"image\/jpeg\" \/>\n<meta name=\"twitter:card\" content=\"summary_large_image\" \/>\n<meta name=\"twitter:label1\" content=\"Est. reading time\" \/>\n\t<meta name=\"twitter:data1\" content=\"1 minute\" \/>\n<script type=\"application\/ld+json\" class=\"yoast-schema-graph\">{\"@context\":\"https:\\\/\\\/schema.org\",\"@graph\":[{\"@type\":\"WebPage\",\"@id\":\"https:\\\/\\\/meprolim.es\\\/producto\\\/quimicos-articulos-limpieza\\\/productos-quimicos-industriales\\\/captadores-limpiadores-muebles\\\/bote-400-ml-scotchgard-protector-tejidos-codigo-am0413\\\/\",\"url\":\"https:\\\/\\\/meprolim.es\\\/producto\\\/quimicos-articulos-limpieza\\\/productos-quimicos-industriales\\\/captadores-limpiadores-muebles\\\/bote-400-ml-scotchgard-protector-tejidos-codigo-am0413\\\/\",\"name\":\"BOTE 400 ML SCOTCHGARD PROTECTOR TEJIDOS - C\u00d3DIGO: AM0413 - Meprolim\",\"isPartOf\":{\"@id\":\"https:\\\/\\\/meprolim.es\\\/fr\\\/#website\"},\"primaryImageOfPage\":{\"@id\":\"https:\\\/\\\/meprolim.es\\\/producto\\\/quimicos-articulos-limpieza\\\/productos-quimicos-industriales\\\/captadores-limpiadores-muebles\\\/bote-400-ml-scotchgard-protector-tejidos-codigo-am0413\\\/#primaryimage\"},\"image\":{\"@id\":\"https:\\\/\\\/meprolim.es\\\/producto\\\/quimicos-articulos-limpieza\\\/productos-quimicos-industriales\\\/captadores-limpiadores-muebles\\\/bote-400-ml-scotchgard-protector-tejidos-codigo-am0413\\\/#primaryimage\"},\"thumbnailUrl\":\"https:\\\/\\\/meprolim.es\\\/wp-content\\\/uploads\\\/2023\\\/05\\\/Am0413.jpg\",\"datePublished\":\"2023-05-23T14:27:53+00:00\",\"dateModified\":\"2023-05-23T14:40:42+00:00\",\"breadcrumb\":{\"@id\":\"https:\\\/\\\/meprolim.es\\\/producto\\\/quimicos-articulos-limpieza\\\/productos-quimicos-industriales\\\/captadores-limpiadores-muebles\\\/bote-400-ml-scotchgard-protector-tejidos-codigo-am0413\\\/#breadcrumb\"},\"inLanguage\":\"en-US\",\"potentialAction\":[{\"@type\":\"ReadAction\",\"target\":[\"https:\\\/\\\/meprolim.es\\\/producto\\\/quimicos-articulos-limpieza\\\/productos-quimicos-industriales\\\/captadores-limpiadores-muebles\\\/bote-400-ml-scotchgard-protector-tejidos-codigo-am0413\\\/\"]}]},{\"@type\":\"ImageObject\",\"inLanguage\":\"en-US\",\"@id\":\"https:\\\/\\\/meprolim.es\\\/producto\\\/quimicos-articulos-limpieza\\\/productos-quimicos-industriales\\\/captadores-limpiadores-muebles\\\/bote-400-ml-scotchgard-protector-tejidos-codigo-am0413\\\/#primaryimage\",\"url\":\"https:\\\/\\\/meprolim.es\\\/wp-content\\\/uploads\\\/2023\\\/05\\\/Am0413.jpg\",\"contentUrl\":\"https:\\\/\\\/meprolim.es\\\/wp-content\\\/uploads\\\/2023\\\/05\\\/Am0413.jpg\",\"width\":768,\"height\":768},{\"@type\":\"BreadcrumbList\",\"@id\":\"https:\\\/\\\/meprolim.es\\\/producto\\\/quimicos-articulos-limpieza\\\/productos-quimicos-industriales\\\/captadores-limpiadores-muebles\\\/bote-400-ml-scotchgard-protector-tejidos-codigo-am0413\\\/#breadcrumb\",\"itemListElement\":[{\"@type\":\"ListItem\",\"position\":1,\"name\":\"Portada\",\"item\":\"https:\\\/\\\/meprolim.es\\\/en\\\/\"},{\"@type\":\"ListItem\",\"position\":2,\"name\":\"Catalogue\",\"item\":\"https:\\\/\\\/meprolim.es\\\/en\\\/catalogue\\\/\"},{\"@type\":\"ListItem\",\"position\":3,\"name\":\"BOTE 400 ML SCOTCHGARD PROTECTOR TEJIDOS &#8211; C\u00d3DIGO: AM0413\"}]},{\"@type\":\"WebSite\",\"@id\":\"https:\\\/\\\/meprolim.es\\\/fr\\\/#website\",\"url\":\"https:\\\/\\\/meprolim.es\\\/fr\\\/\",\"name\":\"Meprolim\",\"description\":\"Cavas Catalanas S.L.\",\"publisher\":{\"@id\":\"https:\\\/\\\/meprolim.es\\\/fr\\\/#organization\"},\"potentialAction\":[{\"@type\":\"SearchAction\",\"target\":{\"@type\":\"EntryPoint\",\"urlTemplate\":\"https:\\\/\\\/meprolim.es\\\/fr\\\/?s={search_term_string}\"},\"query-input\":{\"@type\":\"PropertyValueSpecification\",\"valueRequired\":true,\"valueName\":\"search_term_string\"}}],\"inLanguage\":\"en-US\"},{\"@type\":\"Organization\",\"@id\":\"https:\\\/\\\/meprolim.es\\\/fr\\\/#organization\",\"name\":\"Meprolim\",\"url\":\"https:\\\/\\\/meprolim.es\\\/fr\\\/\",\"logo\":{\"@type\":\"ImageObject\",\"inLanguage\":\"en-US\",\"@id\":\"https:\\\/\\\/meprolim.es\\\/fr\\\/#\\\/schema\\\/logo\\\/image\\\/\",\"url\":\"https:\\\/\\\/meprolim.es\\\/wp-content\\\/uploads\\\/2019\\\/07\\\/cropped-logo2.png\",\"contentUrl\":\"https:\\\/\\\/meprolim.es\\\/wp-content\\\/uploads\\\/2019\\\/07\\\/cropped-logo2.png\",\"width\":401,\"height\":162,\"caption\":\"Meprolim\"},\"image\":{\"@id\":\"https:\\\/\\\/meprolim.es\\\/fr\\\/#\\\/schema\\\/logo\\\/image\\\/\"}}]}<\/script>\n<!-- \/ Yoast SEO plugin. -->","yoast_head_json":{"title":"BOTE 400 ML SCOTCHGARD PROTECTOR TEJIDOS - C\u00d3DIGO: AM0413 - Meprolim","robots":{"index":"index","follow":"follow","max-snippet":"max-snippet:-1","max-image-preview":"max-image-preview:large","max-video-preview":"max-video-preview:-1"},"canonical":"https:\/\/meprolim.es\/producto\/quimicos-articulos-limpieza\/productos-quimicos-industriales\/captadores-limpiadores-muebles\/bote-400-ml-scotchgard-protector-tejidos-codigo-am0413\/","og_locale":"en_US","og_type":"article","og_title":"BOTE 400 ML SCOTCHGARD PROTECTOR TEJIDOS - C\u00d3DIGO: AM0413 - Meprolim","og_description":"La resistente protecci\u00f3n de los tejidos repele los derrames para facilitar la limpieza  Ideal para objetos de la casa, como sof\u00e1s, tapicer\u00eda, almohadas, manteler\u00eda y mucho m\u00e1s  Perfecto para su uso en ropa, como camisas, vestidos, corbatas y trajes  Aplicaci\u00f3n sencilla en un solo paso, transparente y sin olor al secarse  No impide la transpirabilidad del tejido  Vuelva a aplicar el protector frente a agua para tejidos Scotchgard\u2122 despu\u00e9s de los lavados  Con un bote se puede cubrir un sof\u00e1 de tama\u00f1o medio, dos sillones o cinco chaquetas  &nbsp;  SKU: AM0413  &nbsp;","og_url":"https:\/\/meprolim.es\/producto\/quimicos-articulos-limpieza\/productos-quimicos-industriales\/captadores-limpiadores-muebles\/bote-400-ml-scotchgard-protector-tejidos-codigo-am0413\/","og_site_name":"Meprolim","article_modified_time":"2023-05-23T14:40:42+00:00","og_image":[{"width":768,"height":768,"url":"https:\/\/meprolim.es\/wp-content\/uploads\/2023\/05\/Am0413.jpg","type":"image\/jpeg"}],"twitter_card":"summary_large_image","twitter_misc":{"Est. reading time":"1 minute"},"schema":{"@context":"https:\/\/schema.org","@graph":[{"@type":"WebPage","@id":"https:\/\/meprolim.es\/producto\/quimicos-articulos-limpieza\/productos-quimicos-industriales\/captadores-limpiadores-muebles\/bote-400-ml-scotchgard-protector-tejidos-codigo-am0413\/","url":"https:\/\/meprolim.es\/producto\/quimicos-articulos-limpieza\/productos-quimicos-industriales\/captadores-limpiadores-muebles\/bote-400-ml-scotchgard-protector-tejidos-codigo-am0413\/","name":"BOTE 400 ML SCOTCHGARD PROTECTOR TEJIDOS - C\u00d3DIGO: AM0413 - Meprolim","isPartOf":{"@id":"https:\/\/meprolim.es\/fr\/#website"},"primaryImageOfPage":{"@id":"https:\/\/meprolim.es\/producto\/quimicos-articulos-limpieza\/productos-quimicos-industriales\/captadores-limpiadores-muebles\/bote-400-ml-scotchgard-protector-tejidos-codigo-am0413\/#primaryimage"},"image":{"@id":"https:\/\/meprolim.es\/producto\/quimicos-articulos-limpieza\/productos-quimicos-industriales\/captadores-limpiadores-muebles\/bote-400-ml-scotchgard-protector-tejidos-codigo-am0413\/#primaryimage"},"thumbnailUrl":"https:\/\/meprolim.es\/wp-content\/uploads\/2023\/05\/Am0413.jpg","datePublished":"2023-05-23T14:27:53+00:00","dateModified":"2023-05-23T14:40:42+00:00","breadcrumb":{"@id":"https:\/\/meprolim.es\/producto\/quimicos-articulos-limpieza\/productos-quimicos-industriales\/captadores-limpiadores-muebles\/bote-400-ml-scotchgard-protector-tejidos-codigo-am0413\/#breadcrumb"},"inLanguage":"en-US","potentialAction":[{"@type":"ReadAction","target":["https:\/\/meprolim.es\/producto\/quimicos-articulos-limpieza\/productos-quimicos-industriales\/captadores-limpiadores-muebles\/bote-400-ml-scotchgard-protector-tejidos-codigo-am0413\/"]}]},{"@type":"ImageObject","inLanguage":"en-US","@id":"https:\/\/meprolim.es\/producto\/quimicos-articulos-limpieza\/productos-quimicos-industriales\/captadores-limpiadores-muebles\/bote-400-ml-scotchgard-protector-tejidos-codigo-am0413\/#primaryimage","url":"https:\/\/meprolim.es\/wp-content\/uploads\/2023\/05\/Am0413.jpg","contentUrl":"https:\/\/meprolim.es\/wp-content\/uploads\/2023\/05\/Am0413.jpg","width":768,"height":768},{"@type":"BreadcrumbList","@id":"https:\/\/meprolim.es\/producto\/quimicos-articulos-limpieza\/productos-quimicos-industriales\/captadores-limpiadores-muebles\/bote-400-ml-scotchgard-protector-tejidos-codigo-am0413\/#breadcrumb","itemListElement":[{"@type":"ListItem","position":1,"name":"Portada","item":"https:\/\/meprolim.es\/en\/"},{"@type":"ListItem","position":2,"name":"Catalogue","item":"https:\/\/meprolim.es\/en\/catalogue\/"},{"@type":"ListItem","position":3,"name":"BOTE 400 ML SCOTCHGARD PROTECTOR TEJIDOS &#8211; C\u00d3DIGO: AM0413"}]},{"@type":"WebSite","@id":"https:\/\/meprolim.es\/fr\/#website","url":"https:\/\/meprolim.es\/fr\/","name":"Meprolim","description":"Cavas Catalanas S.L.","publisher":{"@id":"https:\/\/meprolim.es\/fr\/#organization"},"potentialAction":[{"@type":"SearchAction","target":{"@type":"EntryPoint","urlTemplate":"https:\/\/meprolim.es\/fr\/?s={search_term_string}"},"query-input":{"@type":"PropertyValueSpecification","valueRequired":true,"valueName":"search_term_string"}}],"inLanguage":"en-US"},{"@type":"Organization","@id":"https:\/\/meprolim.es\/fr\/#organization","name":"Meprolim","url":"https:\/\/meprolim.es\/fr\/","logo":{"@type":"ImageObject","inLanguage":"en-US","@id":"https:\/\/meprolim.es\/fr\/#\/schema\/logo\/image\/","url":"https:\/\/meprolim.es\/wp-content\/uploads\/2019\/07\/cropped-logo2.png","contentUrl":"https:\/\/meprolim.es\/wp-content\/uploads\/2019\/07\/cropped-logo2.png","width":401,"height":162,"caption":"Meprolim"},"image":{"@id":"https:\/\/meprolim.es\/fr\/#\/schema\/logo\/image\/"}}]}},"_links":{"self":[{"href":"https:\/\/meprolim.es\/en\/wp-json\/wp\/v2\/product\/24291","targetHints":{"allow":["GET"]}}],"collection":[{"href":"https:\/\/meprolim.es\/en\/wp-json\/wp\/v2\/product"}],"about":[{"href":"https:\/\/meprolim.es\/en\/wp-json\/wp\/v2\/types\/product"}],"wp:featuredmedia":[{"embeddable":true,"href":"https:\/\/meprolim.es\/en\/wp-json\/wp\/v2\/media\/24292"}],"wp:attachment":[{"href":"https:\/\/meprolim.es\/en\/wp-json\/wp\/v2\/media?parent=24291"}],"wp:term":[{"taxonomy":"product_brand","embeddable":true,"href":"https:\/\/meprolim.es\/en\/wp-json\/wp\/v2\/product_brand?post=24291"},{"taxonomy":"product_cat","embeddable":true,"href":"https:\/\/meprolim.es\/en\/wp-json\/wp\/v2\/product_cat?post=24291"},{"taxonomy":"product_tag","embeddable":true,"href":"https:\/\/meprolim.es\/en\/wp-json\/wp\/v2\/product_tag?post=24291"}],"curies":[{"name":"wp","href":"https:\/\/api.w.org\/{rel}","templated":true}]}}