{"id":2647,"date":"2016-03-17T09:09:06","date_gmt":"2016-03-17T09:09:06","guid":{"rendered":"https:\/\/demo2.chethemes.com\/electro\/?post_type=product&#038;p=2647"},"modified":"2020-03-20T13:43:57","modified_gmt":"2020-03-20T13:43:57","slug":"fregadora-genie-35b","status":"publish","type":"product","link":"https:\/\/meprolim.es\/en\/producto\/maquinaria-de-limpieza\/fregadoras-en\/conductor-a-pie-en\/baterias-en\/fregadora-genie-35b\/","title":{"rendered":"FREGADORA GENIE 35B\/E &#8211; C\u00d3DIGO: ZD0014"},"content":{"rendered":"<div class=\"wpb-content-wrapper\"><p>[vc_row][vc_column][vc_column_text]<\/p>\n<p style=\"text-align: justify;\">La fregadora de pavimentos Genie es adecuada para limpiar pavimentos de peque\u00f1os espacios congestionados, con superficies inferiores a los 1.000 m\u00b2 como: oficinas, restaurantes, bares, centros de salud y belleza, peluquer\u00edas, boutiques, lavander\u00edas, aulas escolares, consultorios m\u00e9dicos y odontol\u00f3gicos, veterinarias, farmacias, hogar de ancianos y recuperaci\u00f3n, teatros, cocinas, laboratorios, supermercados, carnicer\u00edas, trenes, metros, aeropuertos, viviendas, hoteles, etc.<\/p>\n<p style=\"text-align: justify;\">Es una fregadora de pavimentos ideal para limpiar peque\u00f1os ambientes que normalmente se limpian con los sistemas manuales. Genie es, y ha sido, una revoluci\u00f3n porque ha permitido automatizar los sistemas de limpieza manuales con notables m\u00e1rgenes de ahorro para el usuario.<\/p>\n<p style=\"text-align: justify;\">Genie est\u00e1 disponible en la versi\u00f3n fregadora con alimentaci\u00f3n el\u00e9ctrica (Genie E), de bater\u00eda (Genie B) y en la versi\u00f3n barredora, con 2 cepillos cil\u00edndricos, con alimentaci\u00f3n de bater\u00eda.<\/p>\n<p>[\/vc_column_text][\/vc_column][\/vc_row]<\/p>\n<\/div>","protected":false},"excerpt":{"rendered":"<ul>\n<li>La m\u00e1s peque\u00f1a fregadora de pavimento a bater\u00edas presente en el mercado.<\/li>\n<li>Capaz de automatizar los sistemas de limpieza manuales.<\/li>\n<li>Limpieza perfecta a borde de muro y en \u00e1ngulos.<\/li>\n<li>Limpia-pavimento parab\u00f3lico patentado.<\/li>\n<li>Cargador de bater\u00edas incorporado<\/li>\n<\/ul>\n<p><strong>SKU<\/strong>: ZD0014<\/p>\n","protected":false},"featured_media":5163,"template":"","meta":[],"product_brand":[],"product_cat":[2622,2582,2581,2580],"product_tag":[257],"class_list":{"0":"post-2647","1":"product","2":"type-product","3":"status-publish","4":"has-post-thumbnail","6":"product_cat-baterias-2","7":"product_cat-conductor-a-pie","8":"product_cat-fregadoras","9":"product_cat-maquinaria-de-limpieza","10":"product_tag-operario-a-pie","12":"first","13":"instock","14":"shipping-taxable","15":"product-type-simple"},"yoast_head":"<!-- This site is optimized with the Yoast SEO plugin v27.3 - https:\/\/yoast.com\/product\/yoast-seo-wordpress\/ -->\n<title>FREGADORA GENIE 35B\/E - C\u00d3DIGO: ZD0014 - Meprolim<\/title>\n<meta name=\"robots\" content=\"index, follow, max-snippet:-1, max-image-preview:large, max-video-preview:-1\" \/>\n<link rel=\"canonical\" href=\"https:\/\/meprolim.es\/en\/producto\/maquinaria-de-limpieza\/fregadoras\/conductor-a-pie\/baterias-2\/fregadora-genie-35b\/\" \/>\n<meta property=\"og:locale\" content=\"en_US\" \/>\n<meta property=\"og:type\" content=\"article\" \/>\n<meta property=\"og:title\" content=\"FREGADORA GENIE 35B\/E - C\u00d3DIGO: ZD0014 - Meprolim\" \/>\n<meta property=\"og:description\" content=\"La m\u00e1s peque\u00f1a fregadora de pavimento a bater\u00edas presente en el mercado.  Capaz de automatizar los sistemas de limpieza manuales.  Limpieza perfecta a borde de muro y en \u00e1ngulos.  Limpia-pavimento parab\u00f3lico patentado.  Cargador de bater\u00edas incorporado  SKU: ZD0014\" \/>\n<meta property=\"og:url\" content=\"https:\/\/meprolim.es\/en\/producto\/maquinaria-de-limpieza\/fregadoras\/conductor-a-pie\/baterias-2\/fregadora-genie-35b\/\" \/>\n<meta property=\"og:site_name\" content=\"Meprolim\" \/>\n<meta property=\"article:modified_time\" content=\"2020-03-20T13:43:57+00:00\" \/>\n<meta property=\"og:image\" content=\"https:\/\/meprolim.es\/wp-content\/uploads\/2019\/07\/ZD0014.jpg\" \/>\n\t<meta property=\"og:image:width\" content=\"757\" \/>\n\t<meta property=\"og:image:height\" content=\"757\" \/>\n\t<meta property=\"og:image:type\" content=\"image\/jpeg\" \/>\n<meta name=\"twitter:card\" content=\"summary_large_image\" \/>\n<meta name=\"twitter:label1\" content=\"Est. reading time\" \/>\n\t<meta name=\"twitter:data1\" content=\"1 minute\" \/>\n<script type=\"application\/ld+json\" class=\"yoast-schema-graph\">{\"@context\":\"https:\\\/\\\/schema.org\",\"@graph\":[{\"@type\":\"WebPage\",\"@id\":\"https:\\\/\\\/meprolim.es\\\/en\\\/producto\\\/maquinaria-de-limpieza\\\/fregadoras\\\/conductor-a-pie\\\/baterias-2\\\/fregadora-genie-35b\\\/\",\"url\":\"https:\\\/\\\/meprolim.es\\\/en\\\/producto\\\/maquinaria-de-limpieza\\\/fregadoras\\\/conductor-a-pie\\\/baterias-2\\\/fregadora-genie-35b\\\/\",\"name\":\"FREGADORA GENIE 35B\\\/E - C\u00d3DIGO: ZD0014 - Meprolim\",\"isPartOf\":{\"@id\":\"https:\\\/\\\/meprolim.es\\\/fr\\\/#website\"},\"primaryImageOfPage\":{\"@id\":\"https:\\\/\\\/meprolim.es\\\/en\\\/producto\\\/maquinaria-de-limpieza\\\/fregadoras\\\/conductor-a-pie\\\/baterias-2\\\/fregadora-genie-35b\\\/#primaryimage\"},\"image\":{\"@id\":\"https:\\\/\\\/meprolim.es\\\/en\\\/producto\\\/maquinaria-de-limpieza\\\/fregadoras\\\/conductor-a-pie\\\/baterias-2\\\/fregadora-genie-35b\\\/#primaryimage\"},\"thumbnailUrl\":\"https:\\\/\\\/meprolim.es\\\/wp-content\\\/uploads\\\/2019\\\/07\\\/ZD0014.jpg\",\"datePublished\":\"2016-03-17T09:09:06+00:00\",\"dateModified\":\"2020-03-20T13:43:57+00:00\",\"breadcrumb\":{\"@id\":\"https:\\\/\\\/meprolim.es\\\/en\\\/producto\\\/maquinaria-de-limpieza\\\/fregadoras\\\/conductor-a-pie\\\/baterias-2\\\/fregadora-genie-35b\\\/#breadcrumb\"},\"inLanguage\":\"en-US\",\"potentialAction\":[{\"@type\":\"ReadAction\",\"target\":[\"https:\\\/\\\/meprolim.es\\\/en\\\/producto\\\/maquinaria-de-limpieza\\\/fregadoras\\\/conductor-a-pie\\\/baterias-2\\\/fregadora-genie-35b\\\/\"]}]},{\"@type\":\"ImageObject\",\"inLanguage\":\"en-US\",\"@id\":\"https:\\\/\\\/meprolim.es\\\/en\\\/producto\\\/maquinaria-de-limpieza\\\/fregadoras\\\/conductor-a-pie\\\/baterias-2\\\/fregadora-genie-35b\\\/#primaryimage\",\"url\":\"https:\\\/\\\/meprolim.es\\\/wp-content\\\/uploads\\\/2019\\\/07\\\/ZD0014.jpg\",\"contentUrl\":\"https:\\\/\\\/meprolim.es\\\/wp-content\\\/uploads\\\/2019\\\/07\\\/ZD0014.jpg\",\"width\":757,\"height\":757},{\"@type\":\"BreadcrumbList\",\"@id\":\"https:\\\/\\\/meprolim.es\\\/en\\\/producto\\\/maquinaria-de-limpieza\\\/fregadoras\\\/conductor-a-pie\\\/baterias-2\\\/fregadora-genie-35b\\\/#breadcrumb\",\"itemListElement\":[{\"@type\":\"ListItem\",\"position\":1,\"name\":\"Portada\",\"item\":\"https:\\\/\\\/meprolim.es\\\/en\\\/\"},{\"@type\":\"ListItem\",\"position\":2,\"name\":\"Catalogue\",\"item\":\"https:\\\/\\\/meprolim.es\\\/en\\\/catalogue\\\/\"},{\"@type\":\"ListItem\",\"position\":3,\"name\":\"FREGADORA GENIE 35B\\\/E &#8211; C\u00d3DIGO: ZD0014\"}]},{\"@type\":\"WebSite\",\"@id\":\"https:\\\/\\\/meprolim.es\\\/fr\\\/#website\",\"url\":\"https:\\\/\\\/meprolim.es\\\/fr\\\/\",\"name\":\"Meprolim\",\"description\":\"Cavas Catalanas S.L.\",\"publisher\":{\"@id\":\"https:\\\/\\\/meprolim.es\\\/fr\\\/#organization\"},\"potentialAction\":[{\"@type\":\"SearchAction\",\"target\":{\"@type\":\"EntryPoint\",\"urlTemplate\":\"https:\\\/\\\/meprolim.es\\\/fr\\\/?s={search_term_string}\"},\"query-input\":{\"@type\":\"PropertyValueSpecification\",\"valueRequired\":true,\"valueName\":\"search_term_string\"}}],\"inLanguage\":\"en-US\"},{\"@type\":\"Organization\",\"@id\":\"https:\\\/\\\/meprolim.es\\\/fr\\\/#organization\",\"name\":\"Meprolim\",\"url\":\"https:\\\/\\\/meprolim.es\\\/fr\\\/\",\"logo\":{\"@type\":\"ImageObject\",\"inLanguage\":\"en-US\",\"@id\":\"https:\\\/\\\/meprolim.es\\\/fr\\\/#\\\/schema\\\/logo\\\/image\\\/\",\"url\":\"https:\\\/\\\/meprolim.es\\\/wp-content\\\/uploads\\\/2019\\\/07\\\/cropped-logo2.png\",\"contentUrl\":\"https:\\\/\\\/meprolim.es\\\/wp-content\\\/uploads\\\/2019\\\/07\\\/cropped-logo2.png\",\"width\":401,\"height\":162,\"caption\":\"Meprolim\"},\"image\":{\"@id\":\"https:\\\/\\\/meprolim.es\\\/fr\\\/#\\\/schema\\\/logo\\\/image\\\/\"}}]}<\/script>\n<!-- \/ Yoast SEO plugin. -->","yoast_head_json":{"title":"FREGADORA GENIE 35B\/E - C\u00d3DIGO: ZD0014 - Meprolim","robots":{"index":"index","follow":"follow","max-snippet":"max-snippet:-1","max-image-preview":"max-image-preview:large","max-video-preview":"max-video-preview:-1"},"canonical":"https:\/\/meprolim.es\/en\/producto\/maquinaria-de-limpieza\/fregadoras\/conductor-a-pie\/baterias-2\/fregadora-genie-35b\/","og_locale":"en_US","og_type":"article","og_title":"FREGADORA GENIE 35B\/E - C\u00d3DIGO: ZD0014 - Meprolim","og_description":"La m\u00e1s peque\u00f1a fregadora de pavimento a bater\u00edas presente en el mercado.  Capaz de automatizar los sistemas de limpieza manuales.  Limpieza perfecta a borde de muro y en \u00e1ngulos.  Limpia-pavimento parab\u00f3lico patentado.  Cargador de bater\u00edas incorporado  SKU: ZD0014","og_url":"https:\/\/meprolim.es\/en\/producto\/maquinaria-de-limpieza\/fregadoras\/conductor-a-pie\/baterias-2\/fregadora-genie-35b\/","og_site_name":"Meprolim","article_modified_time":"2020-03-20T13:43:57+00:00","og_image":[{"width":757,"height":757,"url":"https:\/\/meprolim.es\/wp-content\/uploads\/2019\/07\/ZD0014.jpg","type":"image\/jpeg"}],"twitter_card":"summary_large_image","twitter_misc":{"Est. reading time":"1 minute"},"schema":{"@context":"https:\/\/schema.org","@graph":[{"@type":"WebPage","@id":"https:\/\/meprolim.es\/en\/producto\/maquinaria-de-limpieza\/fregadoras\/conductor-a-pie\/baterias-2\/fregadora-genie-35b\/","url":"https:\/\/meprolim.es\/en\/producto\/maquinaria-de-limpieza\/fregadoras\/conductor-a-pie\/baterias-2\/fregadora-genie-35b\/","name":"FREGADORA GENIE 35B\/E - C\u00d3DIGO: ZD0014 - Meprolim","isPartOf":{"@id":"https:\/\/meprolim.es\/fr\/#website"},"primaryImageOfPage":{"@id":"https:\/\/meprolim.es\/en\/producto\/maquinaria-de-limpieza\/fregadoras\/conductor-a-pie\/baterias-2\/fregadora-genie-35b\/#primaryimage"},"image":{"@id":"https:\/\/meprolim.es\/en\/producto\/maquinaria-de-limpieza\/fregadoras\/conductor-a-pie\/baterias-2\/fregadora-genie-35b\/#primaryimage"},"thumbnailUrl":"https:\/\/meprolim.es\/wp-content\/uploads\/2019\/07\/ZD0014.jpg","datePublished":"2016-03-17T09:09:06+00:00","dateModified":"2020-03-20T13:43:57+00:00","breadcrumb":{"@id":"https:\/\/meprolim.es\/en\/producto\/maquinaria-de-limpieza\/fregadoras\/conductor-a-pie\/baterias-2\/fregadora-genie-35b\/#breadcrumb"},"inLanguage":"en-US","potentialAction":[{"@type":"ReadAction","target":["https:\/\/meprolim.es\/en\/producto\/maquinaria-de-limpieza\/fregadoras\/conductor-a-pie\/baterias-2\/fregadora-genie-35b\/"]}]},{"@type":"ImageObject","inLanguage":"en-US","@id":"https:\/\/meprolim.es\/en\/producto\/maquinaria-de-limpieza\/fregadoras\/conductor-a-pie\/baterias-2\/fregadora-genie-35b\/#primaryimage","url":"https:\/\/meprolim.es\/wp-content\/uploads\/2019\/07\/ZD0014.jpg","contentUrl":"https:\/\/meprolim.es\/wp-content\/uploads\/2019\/07\/ZD0014.jpg","width":757,"height":757},{"@type":"BreadcrumbList","@id":"https:\/\/meprolim.es\/en\/producto\/maquinaria-de-limpieza\/fregadoras\/conductor-a-pie\/baterias-2\/fregadora-genie-35b\/#breadcrumb","itemListElement":[{"@type":"ListItem","position":1,"name":"Portada","item":"https:\/\/meprolim.es\/en\/"},{"@type":"ListItem","position":2,"name":"Catalogue","item":"https:\/\/meprolim.es\/en\/catalogue\/"},{"@type":"ListItem","position":3,"name":"FREGADORA GENIE 35B\/E &#8211; C\u00d3DIGO: ZD0014"}]},{"@type":"WebSite","@id":"https:\/\/meprolim.es\/fr\/#website","url":"https:\/\/meprolim.es\/fr\/","name":"Meprolim","description":"Cavas Catalanas S.L.","publisher":{"@id":"https:\/\/meprolim.es\/fr\/#organization"},"potentialAction":[{"@type":"SearchAction","target":{"@type":"EntryPoint","urlTemplate":"https:\/\/meprolim.es\/fr\/?s={search_term_string}"},"query-input":{"@type":"PropertyValueSpecification","valueRequired":true,"valueName":"search_term_string"}}],"inLanguage":"en-US"},{"@type":"Organization","@id":"https:\/\/meprolim.es\/fr\/#organization","name":"Meprolim","url":"https:\/\/meprolim.es\/fr\/","logo":{"@type":"ImageObject","inLanguage":"en-US","@id":"https:\/\/meprolim.es\/fr\/#\/schema\/logo\/image\/","url":"https:\/\/meprolim.es\/wp-content\/uploads\/2019\/07\/cropped-logo2.png","contentUrl":"https:\/\/meprolim.es\/wp-content\/uploads\/2019\/07\/cropped-logo2.png","width":401,"height":162,"caption":"Meprolim"},"image":{"@id":"https:\/\/meprolim.es\/fr\/#\/schema\/logo\/image\/"}}]}},"_links":{"self":[{"href":"https:\/\/meprolim.es\/en\/wp-json\/wp\/v2\/product\/2647","targetHints":{"allow":["GET"]}}],"collection":[{"href":"https:\/\/meprolim.es\/en\/wp-json\/wp\/v2\/product"}],"about":[{"href":"https:\/\/meprolim.es\/en\/wp-json\/wp\/v2\/types\/product"}],"wp:featuredmedia":[{"embeddable":true,"href":"https:\/\/meprolim.es\/en\/wp-json\/wp\/v2\/media\/5163"}],"wp:attachment":[{"href":"https:\/\/meprolim.es\/en\/wp-json\/wp\/v2\/media?parent=2647"}],"wp:term":[{"taxonomy":"product_brand","embeddable":true,"href":"https:\/\/meprolim.es\/en\/wp-json\/wp\/v2\/product_brand?post=2647"},{"taxonomy":"product_cat","embeddable":true,"href":"https:\/\/meprolim.es\/en\/wp-json\/wp\/v2\/product_cat?post=2647"},{"taxonomy":"product_tag","embeddable":true,"href":"https:\/\/meprolim.es\/en\/wp-json\/wp\/v2\/product_tag?post=2647"}],"curies":[{"name":"wp","href":"https:\/\/api.w.org\/{rel}","templated":true}]}}