{"id":32630,"date":"2025-08-18T13:58:22","date_gmt":"2025-08-18T12:58:22","guid":{"rendered":"https:\/\/meprolim.es\/?post_type=product&#038;p=32630"},"modified":"2025-08-18T14:17:52","modified_gmt":"2025-08-18T13:17:52","slug":"carro-limpieza-numatic-multimatic-mm4t","status":"publish","type":"product","link":"https:\/\/meprolim.es\/en\/producto\/carros-de-servicio-fregado-manual-y-articulos-de-limpieza\/carros-carretillas-en\/carros-de-limpieza-en\/carro-limpieza-numatic-multimatic-mm4t\/","title":{"rendered":"CARRO LIMPIEZA NUMATIC MULTIMATIC MM4T &#8211; C\u00d3DIGO: YG0039"},"content":{"rendered":"<ul class=\"elementor-icon-list-items\">\n<li class=\"jet-listing-dynamic-repeater__item\"><span class=\"elementor-icon-list-text\"><strong>Dise\u00f1o compacto<\/strong> Peque\u00f1o carro de limpieza, f\u00e1cil de guardar y discreto en su uso.<\/span><\/li>\n<li class=\"jet-listing-dynamic-repeater__item\"><i class=\"fa fa-check-circle-o\" aria-hidden=\"true\"><\/i><span class=\"elementor-icon-list-text\"><strong>Fabricado para durar<\/strong> Construcci\u00f3n \u00fanica Structofoam que utiliza copol\u00edmeros para una gran resistencia a los impactos.<\/span><\/li>\n<li class=\"jet-listing-dynamic-repeater__item\"><i class=\"fa fa-check-circle-o\" aria-hidden=\"true\"><\/i><span class=\"elementor-icon-list-text\"><strong>Dise\u00f1ado de forma sostenible<\/strong> Fabricado con pl\u00e1stico reciclado de alta calidad mediante la tecnolog\u00eda ReFlo.<\/span><\/li>\n<li class=\"jet-listing-dynamic-repeater__item\"><i class=\"fa fa-check-circle-o\" aria-hidden=\"true\"><\/i><span class=\"elementor-icon-list-text\"><strong>El carro de limpieza adecuado para cada trabajo <\/strong>Una amplia gama de accesorios para adaptarse a todas las necesidades de limpieza.<\/span><\/li>\n<li class=\"jet-listing-dynamic-repeater__item\"><i class=\"fa fa-check-circle-o\" aria-hidden=\"true\"><\/i><span class=\"elementor-icon-list-text\"><strong>Nu-Design <\/strong>Totalmente configurable en el Nu-Design. Una aplicaci\u00f3n a medida que se adapta a sus necesidades de limpieza.<\/span><\/li>\n<\/ul>\n","protected":false},"excerpt":{"rendered":"<p>Pr\u00e1ctico dep\u00f3sito de residuos de 70 litros con tapa; justo ah\u00ed cuando lo necesita, para que pueda limpiar sobre la marcha.<\/p>\n<p>Sistema de carro de fregado doble compacto con prensa vertical, que proporciona un sistema de fregado compacto. El cubo trasero de f\u00e1cil acceso facilita la limpieza sobre la marcha.<\/p>\n<p>El almacenamiento superior accesible y los 2 cubos de 5 litros facilitan el acceso a los productos de limpieza.<\/p>\n<p>La gama de carros de limpieza MULTI-Matic, fabricados con pl\u00e1stico reciclado de la m\u00e1xima calidad y con tecnolog\u00eda ReFlo respetuosa con el medio ambiente, se beneficia de la exclusiva construcci\u00f3n Structofoam de alta resistencia, con material de copol\u00edmero, que los hace resistentes a los productos qu\u00edmicos, f\u00e1ciles de limpiar y duraderos.<\/p>\n<p><strong>SKU: YG0039<\/strong><\/p>\n","protected":false},"featured_media":32633,"template":"","meta":[],"product_brand":[],"product_cat":[321,102,1099],"product_tag":[395,393,382],"class_list":{"0":"post-32630","1":"product","2":"type-product","3":"status-publish","4":"has-post-thumbnail","6":"product_cat-carros-de-limpieza","7":"product_cat-carros-de-servicio-fregado-manual-y-articulos-de-limpieza","8":"product_cat-carros-carretillas","9":"product_tag-carro-con-prensa","10":"product_tag-carro-de-limpieza","11":"product_tag-carro-de-servicio","13":"first","14":"instock","15":"shipping-taxable","16":"product-type-simple"},"yoast_head":"<!-- This site is optimized with the Yoast SEO plugin v27.3 - https:\/\/yoast.com\/product\/yoast-seo-wordpress\/ -->\n<title>CARRO LIMPIEZA NUMATIC MULTIMATIC MM4T - C\u00d3DIGO: YG0039 - Meprolim<\/title>\n<meta name=\"robots\" content=\"index, follow, max-snippet:-1, max-image-preview:large, max-video-preview:-1\" \/>\n<link rel=\"canonical\" href=\"https:\/\/meprolim.es\/producto\/carros-de-servicio-fregado-manual-y-articulos-de-limpieza\/carros-carretillas\/carros-de-limpieza\/carro-limpieza-numatic-multimatic-mm4t\/\" \/>\n<meta property=\"og:locale\" content=\"en_US\" \/>\n<meta property=\"og:type\" content=\"article\" \/>\n<meta property=\"og:title\" content=\"CARRO LIMPIEZA NUMATIC MULTIMATIC MM4T - C\u00d3DIGO: YG0039 - Meprolim\" \/>\n<meta property=\"og:description\" content=\"Pr\u00e1ctico dep\u00f3sito de residuos de 70 litros con tapa; justo ah\u00ed cuando lo necesita, para que pueda limpiar sobre la marcha.  Sistema de carro de fregado doble compacto con prensa vertical, que proporciona un sistema de fregado compacto. El cubo trasero de f\u00e1cil acceso facilita la limpieza sobre la marcha.  El almacenamiento superior accesible y los 2 cubos de 5 litros facilitan el acceso a los productos de limpieza.  La gama de carros de limpieza MULTI-Matic, fabricados con pl\u00e1stico reciclado de la m\u00e1xima calidad y con tecnolog\u00eda ReFlo respetuosa con el medio ambiente, se beneficia de la exclusiva construcci\u00f3n Structofoam de alta resistencia, con material de copol\u00edmero, que los hace resistentes a los productos qu\u00edmicos, f\u00e1ciles de limpiar y duraderos.  SKU: YG0039\" \/>\n<meta property=\"og:url\" content=\"https:\/\/meprolim.es\/producto\/carros-de-servicio-fregado-manual-y-articulos-de-limpieza\/carros-carretillas\/carros-de-limpieza\/carro-limpieza-numatic-multimatic-mm4t\/\" \/>\n<meta property=\"og:site_name\" content=\"Meprolim\" \/>\n<meta property=\"article:modified_time\" content=\"2025-08-18T13:17:52+00:00\" \/>\n<meta property=\"og:image\" content=\"https:\/\/meprolim.es\/wp-content\/uploads\/2025\/08\/YG0039.jpg\" \/>\n\t<meta property=\"og:image:width\" content=\"679\" \/>\n\t<meta property=\"og:image:height\" content=\"678\" \/>\n\t<meta property=\"og:image:type\" content=\"image\/jpeg\" \/>\n<meta name=\"twitter:card\" content=\"summary_large_image\" \/>\n<meta name=\"twitter:label1\" content=\"Est. reading time\" \/>\n\t<meta name=\"twitter:data1\" content=\"1 minute\" \/>\n<script type=\"application\/ld+json\" class=\"yoast-schema-graph\">{\"@context\":\"https:\\\/\\\/schema.org\",\"@graph\":[{\"@type\":\"WebPage\",\"@id\":\"https:\\\/\\\/meprolim.es\\\/producto\\\/carros-de-servicio-fregado-manual-y-articulos-de-limpieza\\\/carros-carretillas\\\/carros-de-limpieza\\\/carro-limpieza-numatic-multimatic-mm4t\\\/\",\"url\":\"https:\\\/\\\/meprolim.es\\\/producto\\\/carros-de-servicio-fregado-manual-y-articulos-de-limpieza\\\/carros-carretillas\\\/carros-de-limpieza\\\/carro-limpieza-numatic-multimatic-mm4t\\\/\",\"name\":\"CARRO LIMPIEZA NUMATIC MULTIMATIC MM4T - C\u00d3DIGO: YG0039 - Meprolim\",\"isPartOf\":{\"@id\":\"https:\\\/\\\/meprolim.es\\\/fr\\\/#website\"},\"primaryImageOfPage\":{\"@id\":\"https:\\\/\\\/meprolim.es\\\/producto\\\/carros-de-servicio-fregado-manual-y-articulos-de-limpieza\\\/carros-carretillas\\\/carros-de-limpieza\\\/carro-limpieza-numatic-multimatic-mm4t\\\/#primaryimage\"},\"image\":{\"@id\":\"https:\\\/\\\/meprolim.es\\\/producto\\\/carros-de-servicio-fregado-manual-y-articulos-de-limpieza\\\/carros-carretillas\\\/carros-de-limpieza\\\/carro-limpieza-numatic-multimatic-mm4t\\\/#primaryimage\"},\"thumbnailUrl\":\"https:\\\/\\\/meprolim.es\\\/wp-content\\\/uploads\\\/2025\\\/08\\\/YG0039.jpg\",\"datePublished\":\"2025-08-18T12:58:22+00:00\",\"dateModified\":\"2025-08-18T13:17:52+00:00\",\"breadcrumb\":{\"@id\":\"https:\\\/\\\/meprolim.es\\\/producto\\\/carros-de-servicio-fregado-manual-y-articulos-de-limpieza\\\/carros-carretillas\\\/carros-de-limpieza\\\/carro-limpieza-numatic-multimatic-mm4t\\\/#breadcrumb\"},\"inLanguage\":\"en-US\",\"potentialAction\":[{\"@type\":\"ReadAction\",\"target\":[\"https:\\\/\\\/meprolim.es\\\/producto\\\/carros-de-servicio-fregado-manual-y-articulos-de-limpieza\\\/carros-carretillas\\\/carros-de-limpieza\\\/carro-limpieza-numatic-multimatic-mm4t\\\/\"]}]},{\"@type\":\"ImageObject\",\"inLanguage\":\"en-US\",\"@id\":\"https:\\\/\\\/meprolim.es\\\/producto\\\/carros-de-servicio-fregado-manual-y-articulos-de-limpieza\\\/carros-carretillas\\\/carros-de-limpieza\\\/carro-limpieza-numatic-multimatic-mm4t\\\/#primaryimage\",\"url\":\"https:\\\/\\\/meprolim.es\\\/wp-content\\\/uploads\\\/2025\\\/08\\\/YG0039.jpg\",\"contentUrl\":\"https:\\\/\\\/meprolim.es\\\/wp-content\\\/uploads\\\/2025\\\/08\\\/YG0039.jpg\",\"width\":679,\"height\":678},{\"@type\":\"BreadcrumbList\",\"@id\":\"https:\\\/\\\/meprolim.es\\\/producto\\\/carros-de-servicio-fregado-manual-y-articulos-de-limpieza\\\/carros-carretillas\\\/carros-de-limpieza\\\/carro-limpieza-numatic-multimatic-mm4t\\\/#breadcrumb\",\"itemListElement\":[{\"@type\":\"ListItem\",\"position\":1,\"name\":\"Portada\",\"item\":\"https:\\\/\\\/meprolim.es\\\/en\\\/\"},{\"@type\":\"ListItem\",\"position\":2,\"name\":\"Catalogue\",\"item\":\"https:\\\/\\\/meprolim.es\\\/en\\\/catalogue\\\/\"},{\"@type\":\"ListItem\",\"position\":3,\"name\":\"CARRO LIMPIEZA NUMATIC MULTIMATIC MM4T &#8211; C\u00d3DIGO: YG0039\"}]},{\"@type\":\"WebSite\",\"@id\":\"https:\\\/\\\/meprolim.es\\\/fr\\\/#website\",\"url\":\"https:\\\/\\\/meprolim.es\\\/fr\\\/\",\"name\":\"Meprolim\",\"description\":\"Cavas Catalanas S.L.\",\"publisher\":{\"@id\":\"https:\\\/\\\/meprolim.es\\\/fr\\\/#organization\"},\"potentialAction\":[{\"@type\":\"SearchAction\",\"target\":{\"@type\":\"EntryPoint\",\"urlTemplate\":\"https:\\\/\\\/meprolim.es\\\/fr\\\/?s={search_term_string}\"},\"query-input\":{\"@type\":\"PropertyValueSpecification\",\"valueRequired\":true,\"valueName\":\"search_term_string\"}}],\"inLanguage\":\"en-US\"},{\"@type\":\"Organization\",\"@id\":\"https:\\\/\\\/meprolim.es\\\/fr\\\/#organization\",\"name\":\"Meprolim\",\"url\":\"https:\\\/\\\/meprolim.es\\\/fr\\\/\",\"logo\":{\"@type\":\"ImageObject\",\"inLanguage\":\"en-US\",\"@id\":\"https:\\\/\\\/meprolim.es\\\/fr\\\/#\\\/schema\\\/logo\\\/image\\\/\",\"url\":\"https:\\\/\\\/meprolim.es\\\/wp-content\\\/uploads\\\/2019\\\/07\\\/cropped-logo2.png\",\"contentUrl\":\"https:\\\/\\\/meprolim.es\\\/wp-content\\\/uploads\\\/2019\\\/07\\\/cropped-logo2.png\",\"width\":401,\"height\":162,\"caption\":\"Meprolim\"},\"image\":{\"@id\":\"https:\\\/\\\/meprolim.es\\\/fr\\\/#\\\/schema\\\/logo\\\/image\\\/\"}}]}<\/script>\n<!-- \/ Yoast SEO plugin. -->","yoast_head_json":{"title":"CARRO LIMPIEZA NUMATIC MULTIMATIC MM4T - C\u00d3DIGO: YG0039 - Meprolim","robots":{"index":"index","follow":"follow","max-snippet":"max-snippet:-1","max-image-preview":"max-image-preview:large","max-video-preview":"max-video-preview:-1"},"canonical":"https:\/\/meprolim.es\/producto\/carros-de-servicio-fregado-manual-y-articulos-de-limpieza\/carros-carretillas\/carros-de-limpieza\/carro-limpieza-numatic-multimatic-mm4t\/","og_locale":"en_US","og_type":"article","og_title":"CARRO LIMPIEZA NUMATIC MULTIMATIC MM4T - C\u00d3DIGO: YG0039 - Meprolim","og_description":"Pr\u00e1ctico dep\u00f3sito de residuos de 70 litros con tapa; justo ah\u00ed cuando lo necesita, para que pueda limpiar sobre la marcha.  Sistema de carro de fregado doble compacto con prensa vertical, que proporciona un sistema de fregado compacto. El cubo trasero de f\u00e1cil acceso facilita la limpieza sobre la marcha.  El almacenamiento superior accesible y los 2 cubos de 5 litros facilitan el acceso a los productos de limpieza.  La gama de carros de limpieza MULTI-Matic, fabricados con pl\u00e1stico reciclado de la m\u00e1xima calidad y con tecnolog\u00eda ReFlo respetuosa con el medio ambiente, se beneficia de la exclusiva construcci\u00f3n Structofoam de alta resistencia, con material de copol\u00edmero, que los hace resistentes a los productos qu\u00edmicos, f\u00e1ciles de limpiar y duraderos.  SKU: YG0039","og_url":"https:\/\/meprolim.es\/producto\/carros-de-servicio-fregado-manual-y-articulos-de-limpieza\/carros-carretillas\/carros-de-limpieza\/carro-limpieza-numatic-multimatic-mm4t\/","og_site_name":"Meprolim","article_modified_time":"2025-08-18T13:17:52+00:00","og_image":[{"width":679,"height":678,"url":"https:\/\/meprolim.es\/wp-content\/uploads\/2025\/08\/YG0039.jpg","type":"image\/jpeg"}],"twitter_card":"summary_large_image","twitter_misc":{"Est. reading time":"1 minute"},"schema":{"@context":"https:\/\/schema.org","@graph":[{"@type":"WebPage","@id":"https:\/\/meprolim.es\/producto\/carros-de-servicio-fregado-manual-y-articulos-de-limpieza\/carros-carretillas\/carros-de-limpieza\/carro-limpieza-numatic-multimatic-mm4t\/","url":"https:\/\/meprolim.es\/producto\/carros-de-servicio-fregado-manual-y-articulos-de-limpieza\/carros-carretillas\/carros-de-limpieza\/carro-limpieza-numatic-multimatic-mm4t\/","name":"CARRO LIMPIEZA NUMATIC MULTIMATIC MM4T - C\u00d3DIGO: YG0039 - Meprolim","isPartOf":{"@id":"https:\/\/meprolim.es\/fr\/#website"},"primaryImageOfPage":{"@id":"https:\/\/meprolim.es\/producto\/carros-de-servicio-fregado-manual-y-articulos-de-limpieza\/carros-carretillas\/carros-de-limpieza\/carro-limpieza-numatic-multimatic-mm4t\/#primaryimage"},"image":{"@id":"https:\/\/meprolim.es\/producto\/carros-de-servicio-fregado-manual-y-articulos-de-limpieza\/carros-carretillas\/carros-de-limpieza\/carro-limpieza-numatic-multimatic-mm4t\/#primaryimage"},"thumbnailUrl":"https:\/\/meprolim.es\/wp-content\/uploads\/2025\/08\/YG0039.jpg","datePublished":"2025-08-18T12:58:22+00:00","dateModified":"2025-08-18T13:17:52+00:00","breadcrumb":{"@id":"https:\/\/meprolim.es\/producto\/carros-de-servicio-fregado-manual-y-articulos-de-limpieza\/carros-carretillas\/carros-de-limpieza\/carro-limpieza-numatic-multimatic-mm4t\/#breadcrumb"},"inLanguage":"en-US","potentialAction":[{"@type":"ReadAction","target":["https:\/\/meprolim.es\/producto\/carros-de-servicio-fregado-manual-y-articulos-de-limpieza\/carros-carretillas\/carros-de-limpieza\/carro-limpieza-numatic-multimatic-mm4t\/"]}]},{"@type":"ImageObject","inLanguage":"en-US","@id":"https:\/\/meprolim.es\/producto\/carros-de-servicio-fregado-manual-y-articulos-de-limpieza\/carros-carretillas\/carros-de-limpieza\/carro-limpieza-numatic-multimatic-mm4t\/#primaryimage","url":"https:\/\/meprolim.es\/wp-content\/uploads\/2025\/08\/YG0039.jpg","contentUrl":"https:\/\/meprolim.es\/wp-content\/uploads\/2025\/08\/YG0039.jpg","width":679,"height":678},{"@type":"BreadcrumbList","@id":"https:\/\/meprolim.es\/producto\/carros-de-servicio-fregado-manual-y-articulos-de-limpieza\/carros-carretillas\/carros-de-limpieza\/carro-limpieza-numatic-multimatic-mm4t\/#breadcrumb","itemListElement":[{"@type":"ListItem","position":1,"name":"Portada","item":"https:\/\/meprolim.es\/en\/"},{"@type":"ListItem","position":2,"name":"Catalogue","item":"https:\/\/meprolim.es\/en\/catalogue\/"},{"@type":"ListItem","position":3,"name":"CARRO LIMPIEZA NUMATIC MULTIMATIC MM4T &#8211; C\u00d3DIGO: YG0039"}]},{"@type":"WebSite","@id":"https:\/\/meprolim.es\/fr\/#website","url":"https:\/\/meprolim.es\/fr\/","name":"Meprolim","description":"Cavas Catalanas S.L.","publisher":{"@id":"https:\/\/meprolim.es\/fr\/#organization"},"potentialAction":[{"@type":"SearchAction","target":{"@type":"EntryPoint","urlTemplate":"https:\/\/meprolim.es\/fr\/?s={search_term_string}"},"query-input":{"@type":"PropertyValueSpecification","valueRequired":true,"valueName":"search_term_string"}}],"inLanguage":"en-US"},{"@type":"Organization","@id":"https:\/\/meprolim.es\/fr\/#organization","name":"Meprolim","url":"https:\/\/meprolim.es\/fr\/","logo":{"@type":"ImageObject","inLanguage":"en-US","@id":"https:\/\/meprolim.es\/fr\/#\/schema\/logo\/image\/","url":"https:\/\/meprolim.es\/wp-content\/uploads\/2019\/07\/cropped-logo2.png","contentUrl":"https:\/\/meprolim.es\/wp-content\/uploads\/2019\/07\/cropped-logo2.png","width":401,"height":162,"caption":"Meprolim"},"image":{"@id":"https:\/\/meprolim.es\/fr\/#\/schema\/logo\/image\/"}}]}},"_links":{"self":[{"href":"https:\/\/meprolim.es\/en\/wp-json\/wp\/v2\/product\/32630","targetHints":{"allow":["GET"]}}],"collection":[{"href":"https:\/\/meprolim.es\/en\/wp-json\/wp\/v2\/product"}],"about":[{"href":"https:\/\/meprolim.es\/en\/wp-json\/wp\/v2\/types\/product"}],"wp:featuredmedia":[{"embeddable":true,"href":"https:\/\/meprolim.es\/en\/wp-json\/wp\/v2\/media\/32633"}],"wp:attachment":[{"href":"https:\/\/meprolim.es\/en\/wp-json\/wp\/v2\/media?parent=32630"}],"wp:term":[{"taxonomy":"product_brand","embeddable":true,"href":"https:\/\/meprolim.es\/en\/wp-json\/wp\/v2\/product_brand?post=32630"},{"taxonomy":"product_cat","embeddable":true,"href":"https:\/\/meprolim.es\/en\/wp-json\/wp\/v2\/product_cat?post=32630"},{"taxonomy":"product_tag","embeddable":true,"href":"https:\/\/meprolim.es\/en\/wp-json\/wp\/v2\/product_tag?post=32630"}],"curies":[{"name":"wp","href":"https:\/\/api.w.org\/{rel}","templated":true}]}}