{"id":5311,"date":"2019-08-05T12:34:00","date_gmt":"2019-08-05T11:34:00","guid":{"rendered":"http:\/\/www.meprolim.es\/?post_type=product&#038;p=5311"},"modified":"2020-03-20T13:42:31","modified_gmt":"2020-03-20T13:42:31","slug":"fregadora-genie-xs","status":"publish","type":"product","link":"https:\/\/meprolim.es\/en\/producto\/maquinaria-de-limpieza\/fregadoras-en\/conductor-a-pie-en\/baterias-en\/fregadora-genie-xs\/","title":{"rendered":"FREGADORA GENIE XS &#8211; C\u00d3DIGO: ZD0017"},"content":{"rendered":"<div class=\"wpb-content-wrapper\"><p>[vc_row][vc_column][vc_column_text]<\/p>\n<p style=\"text-align: justify;\">La fregadora Genie XS\u00a0 dispone de un innovador cabezal giratorio que est\u00e1 dotado de una boquilla de aspiraci\u00f3n parab\u00f3lica que sigue constantemente el sentido de marcha de la m\u00e1quina, de modo que ofrece un fregado y un secado perfectos en cualquier direcci\u00f3n hasta en las esquinas m\u00e1s inaccesibles.<\/p>\n<p style=\"text-align: justify;\">Los materiales elegidos, como el aluminio de la bancada y del bastidor, hacen que Genie XS sea robusta y liviana al mismo tiempo, de modo que se reduce el cansancio del operario durante su uso y durante el transporte, incluso cuando se trata de cambiar de planta sin ascensores. Una vez cerrada, se puede levantar y trasladar c\u00f3modamente gracias a su asa de transporte. O se puede arrastrar como una maleta trolley, gracias a las grandes ruedas.<\/p>\n<p>&nbsp;<\/p>\n<p>[\/vc_column_text][\/vc_column][\/vc_row]<\/p>\n<\/div>","protected":false},"excerpt":{"rendered":"<ul>\n<li>Revolucionaria fregadora de pavimentos para limpiar con rapidez ambientes comerciales peque\u00f1os como oficinas, laboratorios y hoteles.\u00a0<\/li>\n<li>Innovador cabezal giratorio con boquilla de aspiraci\u00f3n parab\u00f3lica que sigue el sentido de la marcha.<\/li>\n<li>Ofrece un fregado y secado perfecto en cualquier direcci\u00f3n.<\/li>\n<li>Bater\u00eda de litio:\u00a0 Se recarga r\u00e1pidamente y puedes reutilizarla en la misma jornada.\u00a0<\/li>\n<li>Tecnolog\u00eda de iones litio: m\u00e1xima potencia cuando es necesaria.\u00a0<\/li>\n<li>Dispositivo EcoMode: Optimiza la soluci\u00f3n de detergente y el consumo de energ\u00eda reduciendo ruido.\u00a0<\/li>\n<li>Funci\u00f3n Auto: Basta con pulsar el bot\u00f3n para comenzar.<\/li>\n<li>F\u00e1cil mantenimiento: Se desmonta r\u00e1pidamente facilitando su limpieza.<\/li>\n<li>Ligera, plegables y con manilla para transportar.<\/li>\n<li>Compactas dimensiones para guardarla en cualquier lado.\u00a0<\/li>\n<\/ul>\n<p><strong>SKU<\/strong>: ZD0017<\/p>\n","protected":false},"featured_media":5312,"template":"","meta":[],"product_brand":[],"product_cat":[2622,2582,2581,2580],"product_tag":[257],"class_list":{"0":"post-5311","1":"product","2":"type-product","3":"status-publish","4":"has-post-thumbnail","6":"product_cat-baterias-2","7":"product_cat-conductor-a-pie","8":"product_cat-fregadoras","9":"product_cat-maquinaria-de-limpieza","10":"product_tag-operario-a-pie","12":"first","13":"instock","14":"shipping-taxable","15":"product-type-simple"},"yoast_head":"<!-- This site is optimized with the Yoast SEO plugin v27.3 - https:\/\/yoast.com\/product\/yoast-seo-wordpress\/ -->\n<title>FREGADORA GENIE XS - C\u00d3DIGO: ZD0017 - Meprolim<\/title>\n<meta name=\"robots\" content=\"index, follow, max-snippet:-1, max-image-preview:large, max-video-preview:-1\" \/>\n<link rel=\"canonical\" href=\"https:\/\/meprolim.es\/fr\/producto\/maquinaria-de-limpieza\/fregadoras\/conductor-a-pie\/baterias-2\/fregadora-genie-xs\/\" \/>\n<meta property=\"og:locale\" content=\"en_US\" \/>\n<meta property=\"og:type\" content=\"article\" \/>\n<meta property=\"og:title\" content=\"FREGADORA GENIE XS - C\u00d3DIGO: ZD0017 - Meprolim\" \/>\n<meta property=\"og:description\" content=\"Revolucionaria fregadora de pavimentos para limpiar con rapidez ambientes comerciales peque\u00f1os como oficinas, laboratorios y hoteles.\u00a0  Innovador cabezal giratorio con boquilla de aspiraci\u00f3n parab\u00f3lica que sigue el sentido de la marcha.  Ofrece un fregado y secado perfecto en cualquier direcci\u00f3n.  Bater\u00eda de litio:\u00a0 Se recarga r\u00e1pidamente y puedes reutilizarla en la misma jornada.\u00a0  Tecnolog\u00eda de iones litio: m\u00e1xima potencia cuando es necesaria.\u00a0  Dispositivo EcoMode: Optimiza la soluci\u00f3n de detergente y el consumo de energ\u00eda reduciendo ruido.\u00a0  Funci\u00f3n Auto: Basta con pulsar el bot\u00f3n para comenzar.  F\u00e1cil mantenimiento: Se desmonta r\u00e1pidamente facilitando su limpieza.  Ligera, plegables y con manilla para transportar.  Compactas dimensiones para guardarla en cualquier lado.\u00a0  SKU: ZD0017\" \/>\n<meta property=\"og:url\" content=\"https:\/\/meprolim.es\/fr\/producto\/maquinaria-de-limpieza\/fregadoras\/conductor-a-pie\/baterias-2\/fregadora-genie-xs\/\" \/>\n<meta property=\"og:site_name\" content=\"Meprolim\" \/>\n<meta property=\"article:modified_time\" content=\"2020-03-20T13:42:31+00:00\" \/>\n<meta property=\"og:image\" content=\"https:\/\/meprolim.es\/wp-content\/uploads\/2019\/08\/ZD0017.jpg\" \/>\n\t<meta property=\"og:image:width\" content=\"768\" \/>\n\t<meta property=\"og:image:height\" content=\"834\" \/>\n\t<meta property=\"og:image:type\" content=\"image\/jpeg\" \/>\n<meta name=\"twitter:card\" content=\"summary_large_image\" \/>\n<meta name=\"twitter:label1\" content=\"Est. reading time\" \/>\n\t<meta name=\"twitter:data1\" content=\"1 minute\" \/>\n<script type=\"application\/ld+json\" class=\"yoast-schema-graph\">{\"@context\":\"https:\\\/\\\/schema.org\",\"@graph\":[{\"@type\":\"WebPage\",\"@id\":\"https:\\\/\\\/meprolim.es\\\/fr\\\/producto\\\/maquinaria-de-limpieza\\\/fregadoras\\\/conductor-a-pie\\\/baterias-2\\\/fregadora-genie-xs\\\/\",\"url\":\"https:\\\/\\\/meprolim.es\\\/fr\\\/producto\\\/maquinaria-de-limpieza\\\/fregadoras\\\/conductor-a-pie\\\/baterias-2\\\/fregadora-genie-xs\\\/\",\"name\":\"FREGADORA GENIE XS - C\u00d3DIGO: ZD0017 - Meprolim\",\"isPartOf\":{\"@id\":\"https:\\\/\\\/meprolim.es\\\/fr\\\/#website\"},\"primaryImageOfPage\":{\"@id\":\"https:\\\/\\\/meprolim.es\\\/fr\\\/producto\\\/maquinaria-de-limpieza\\\/fregadoras\\\/conductor-a-pie\\\/baterias-2\\\/fregadora-genie-xs\\\/#primaryimage\"},\"image\":{\"@id\":\"https:\\\/\\\/meprolim.es\\\/fr\\\/producto\\\/maquinaria-de-limpieza\\\/fregadoras\\\/conductor-a-pie\\\/baterias-2\\\/fregadora-genie-xs\\\/#primaryimage\"},\"thumbnailUrl\":\"https:\\\/\\\/meprolim.es\\\/wp-content\\\/uploads\\\/2019\\\/08\\\/ZD0017.jpg\",\"datePublished\":\"2019-08-05T11:34:00+00:00\",\"dateModified\":\"2020-03-20T13:42:31+00:00\",\"breadcrumb\":{\"@id\":\"https:\\\/\\\/meprolim.es\\\/fr\\\/producto\\\/maquinaria-de-limpieza\\\/fregadoras\\\/conductor-a-pie\\\/baterias-2\\\/fregadora-genie-xs\\\/#breadcrumb\"},\"inLanguage\":\"en-US\",\"potentialAction\":[{\"@type\":\"ReadAction\",\"target\":[\"https:\\\/\\\/meprolim.es\\\/fr\\\/producto\\\/maquinaria-de-limpieza\\\/fregadoras\\\/conductor-a-pie\\\/baterias-2\\\/fregadora-genie-xs\\\/\"]}]},{\"@type\":\"ImageObject\",\"inLanguage\":\"en-US\",\"@id\":\"https:\\\/\\\/meprolim.es\\\/fr\\\/producto\\\/maquinaria-de-limpieza\\\/fregadoras\\\/conductor-a-pie\\\/baterias-2\\\/fregadora-genie-xs\\\/#primaryimage\",\"url\":\"https:\\\/\\\/meprolim.es\\\/wp-content\\\/uploads\\\/2019\\\/08\\\/ZD0017.jpg\",\"contentUrl\":\"https:\\\/\\\/meprolim.es\\\/wp-content\\\/uploads\\\/2019\\\/08\\\/ZD0017.jpg\",\"width\":768,\"height\":834,\"caption\":\"Bimat Solid\"},{\"@type\":\"BreadcrumbList\",\"@id\":\"https:\\\/\\\/meprolim.es\\\/fr\\\/producto\\\/maquinaria-de-limpieza\\\/fregadoras\\\/conductor-a-pie\\\/baterias-2\\\/fregadora-genie-xs\\\/#breadcrumb\",\"itemListElement\":[{\"@type\":\"ListItem\",\"position\":1,\"name\":\"Portada\",\"item\":\"https:\\\/\\\/meprolim.es\\\/en\\\/\"},{\"@type\":\"ListItem\",\"position\":2,\"name\":\"Catalogue\",\"item\":\"https:\\\/\\\/meprolim.es\\\/en\\\/catalogue\\\/\"},{\"@type\":\"ListItem\",\"position\":3,\"name\":\"FREGADORA GENIE XS &#8211; C\u00d3DIGO: ZD0017\"}]},{\"@type\":\"WebSite\",\"@id\":\"https:\\\/\\\/meprolim.es\\\/fr\\\/#website\",\"url\":\"https:\\\/\\\/meprolim.es\\\/fr\\\/\",\"name\":\"Meprolim\",\"description\":\"Cavas Catalanas S.L.\",\"publisher\":{\"@id\":\"https:\\\/\\\/meprolim.es\\\/fr\\\/#organization\"},\"potentialAction\":[{\"@type\":\"SearchAction\",\"target\":{\"@type\":\"EntryPoint\",\"urlTemplate\":\"https:\\\/\\\/meprolim.es\\\/fr\\\/?s={search_term_string}\"},\"query-input\":{\"@type\":\"PropertyValueSpecification\",\"valueRequired\":true,\"valueName\":\"search_term_string\"}}],\"inLanguage\":\"en-US\"},{\"@type\":\"Organization\",\"@id\":\"https:\\\/\\\/meprolim.es\\\/fr\\\/#organization\",\"name\":\"Meprolim\",\"url\":\"https:\\\/\\\/meprolim.es\\\/fr\\\/\",\"logo\":{\"@type\":\"ImageObject\",\"inLanguage\":\"en-US\",\"@id\":\"https:\\\/\\\/meprolim.es\\\/fr\\\/#\\\/schema\\\/logo\\\/image\\\/\",\"url\":\"https:\\\/\\\/meprolim.es\\\/wp-content\\\/uploads\\\/2019\\\/07\\\/cropped-logo2.png\",\"contentUrl\":\"https:\\\/\\\/meprolim.es\\\/wp-content\\\/uploads\\\/2019\\\/07\\\/cropped-logo2.png\",\"width\":401,\"height\":162,\"caption\":\"Meprolim\"},\"image\":{\"@id\":\"https:\\\/\\\/meprolim.es\\\/fr\\\/#\\\/schema\\\/logo\\\/image\\\/\"}}]}<\/script>\n<!-- \/ Yoast SEO plugin. -->","yoast_head_json":{"title":"FREGADORA GENIE XS - C\u00d3DIGO: ZD0017 - Meprolim","robots":{"index":"index","follow":"follow","max-snippet":"max-snippet:-1","max-image-preview":"max-image-preview:large","max-video-preview":"max-video-preview:-1"},"canonical":"https:\/\/meprolim.es\/fr\/producto\/maquinaria-de-limpieza\/fregadoras\/conductor-a-pie\/baterias-2\/fregadora-genie-xs\/","og_locale":"en_US","og_type":"article","og_title":"FREGADORA GENIE XS - C\u00d3DIGO: ZD0017 - Meprolim","og_description":"Revolucionaria fregadora de pavimentos para limpiar con rapidez ambientes comerciales peque\u00f1os como oficinas, laboratorios y hoteles.\u00a0  Innovador cabezal giratorio con boquilla de aspiraci\u00f3n parab\u00f3lica que sigue el sentido de la marcha.  Ofrece un fregado y secado perfecto en cualquier direcci\u00f3n.  Bater\u00eda de litio:\u00a0 Se recarga r\u00e1pidamente y puedes reutilizarla en la misma jornada.\u00a0  Tecnolog\u00eda de iones litio: m\u00e1xima potencia cuando es necesaria.\u00a0  Dispositivo EcoMode: Optimiza la soluci\u00f3n de detergente y el consumo de energ\u00eda reduciendo ruido.\u00a0  Funci\u00f3n Auto: Basta con pulsar el bot\u00f3n para comenzar.  F\u00e1cil mantenimiento: Se desmonta r\u00e1pidamente facilitando su limpieza.  Ligera, plegables y con manilla para transportar.  Compactas dimensiones para guardarla en cualquier lado.\u00a0  SKU: ZD0017","og_url":"https:\/\/meprolim.es\/fr\/producto\/maquinaria-de-limpieza\/fregadoras\/conductor-a-pie\/baterias-2\/fregadora-genie-xs\/","og_site_name":"Meprolim","article_modified_time":"2020-03-20T13:42:31+00:00","og_image":[{"width":768,"height":834,"url":"https:\/\/meprolim.es\/wp-content\/uploads\/2019\/08\/ZD0017.jpg","type":"image\/jpeg"}],"twitter_card":"summary_large_image","twitter_misc":{"Est. reading time":"1 minute"},"schema":{"@context":"https:\/\/schema.org","@graph":[{"@type":"WebPage","@id":"https:\/\/meprolim.es\/fr\/producto\/maquinaria-de-limpieza\/fregadoras\/conductor-a-pie\/baterias-2\/fregadora-genie-xs\/","url":"https:\/\/meprolim.es\/fr\/producto\/maquinaria-de-limpieza\/fregadoras\/conductor-a-pie\/baterias-2\/fregadora-genie-xs\/","name":"FREGADORA GENIE XS - C\u00d3DIGO: ZD0017 - Meprolim","isPartOf":{"@id":"https:\/\/meprolim.es\/fr\/#website"},"primaryImageOfPage":{"@id":"https:\/\/meprolim.es\/fr\/producto\/maquinaria-de-limpieza\/fregadoras\/conductor-a-pie\/baterias-2\/fregadora-genie-xs\/#primaryimage"},"image":{"@id":"https:\/\/meprolim.es\/fr\/producto\/maquinaria-de-limpieza\/fregadoras\/conductor-a-pie\/baterias-2\/fregadora-genie-xs\/#primaryimage"},"thumbnailUrl":"https:\/\/meprolim.es\/wp-content\/uploads\/2019\/08\/ZD0017.jpg","datePublished":"2019-08-05T11:34:00+00:00","dateModified":"2020-03-20T13:42:31+00:00","breadcrumb":{"@id":"https:\/\/meprolim.es\/fr\/producto\/maquinaria-de-limpieza\/fregadoras\/conductor-a-pie\/baterias-2\/fregadora-genie-xs\/#breadcrumb"},"inLanguage":"en-US","potentialAction":[{"@type":"ReadAction","target":["https:\/\/meprolim.es\/fr\/producto\/maquinaria-de-limpieza\/fregadoras\/conductor-a-pie\/baterias-2\/fregadora-genie-xs\/"]}]},{"@type":"ImageObject","inLanguage":"en-US","@id":"https:\/\/meprolim.es\/fr\/producto\/maquinaria-de-limpieza\/fregadoras\/conductor-a-pie\/baterias-2\/fregadora-genie-xs\/#primaryimage","url":"https:\/\/meprolim.es\/wp-content\/uploads\/2019\/08\/ZD0017.jpg","contentUrl":"https:\/\/meprolim.es\/wp-content\/uploads\/2019\/08\/ZD0017.jpg","width":768,"height":834,"caption":"Bimat Solid"},{"@type":"BreadcrumbList","@id":"https:\/\/meprolim.es\/fr\/producto\/maquinaria-de-limpieza\/fregadoras\/conductor-a-pie\/baterias-2\/fregadora-genie-xs\/#breadcrumb","itemListElement":[{"@type":"ListItem","position":1,"name":"Portada","item":"https:\/\/meprolim.es\/en\/"},{"@type":"ListItem","position":2,"name":"Catalogue","item":"https:\/\/meprolim.es\/en\/catalogue\/"},{"@type":"ListItem","position":3,"name":"FREGADORA GENIE XS &#8211; C\u00d3DIGO: ZD0017"}]},{"@type":"WebSite","@id":"https:\/\/meprolim.es\/fr\/#website","url":"https:\/\/meprolim.es\/fr\/","name":"Meprolim","description":"Cavas Catalanas S.L.","publisher":{"@id":"https:\/\/meprolim.es\/fr\/#organization"},"potentialAction":[{"@type":"SearchAction","target":{"@type":"EntryPoint","urlTemplate":"https:\/\/meprolim.es\/fr\/?s={search_term_string}"},"query-input":{"@type":"PropertyValueSpecification","valueRequired":true,"valueName":"search_term_string"}}],"inLanguage":"en-US"},{"@type":"Organization","@id":"https:\/\/meprolim.es\/fr\/#organization","name":"Meprolim","url":"https:\/\/meprolim.es\/fr\/","logo":{"@type":"ImageObject","inLanguage":"en-US","@id":"https:\/\/meprolim.es\/fr\/#\/schema\/logo\/image\/","url":"https:\/\/meprolim.es\/wp-content\/uploads\/2019\/07\/cropped-logo2.png","contentUrl":"https:\/\/meprolim.es\/wp-content\/uploads\/2019\/07\/cropped-logo2.png","width":401,"height":162,"caption":"Meprolim"},"image":{"@id":"https:\/\/meprolim.es\/fr\/#\/schema\/logo\/image\/"}}]}},"_links":{"self":[{"href":"https:\/\/meprolim.es\/en\/wp-json\/wp\/v2\/product\/5311","targetHints":{"allow":["GET"]}}],"collection":[{"href":"https:\/\/meprolim.es\/en\/wp-json\/wp\/v2\/product"}],"about":[{"href":"https:\/\/meprolim.es\/en\/wp-json\/wp\/v2\/types\/product"}],"wp:featuredmedia":[{"embeddable":true,"href":"https:\/\/meprolim.es\/en\/wp-json\/wp\/v2\/media\/5312"}],"wp:attachment":[{"href":"https:\/\/meprolim.es\/en\/wp-json\/wp\/v2\/media?parent=5311"}],"wp:term":[{"taxonomy":"product_brand","embeddable":true,"href":"https:\/\/meprolim.es\/en\/wp-json\/wp\/v2\/product_brand?post=5311"},{"taxonomy":"product_cat","embeddable":true,"href":"https:\/\/meprolim.es\/en\/wp-json\/wp\/v2\/product_cat?post=5311"},{"taxonomy":"product_tag","embeddable":true,"href":"https:\/\/meprolim.es\/en\/wp-json\/wp\/v2\/product_tag?post=5311"}],"curies":[{"name":"wp","href":"https:\/\/api.w.org\/{rel}","templated":true}]}}