{"id":5321,"date":"2019-08-05T15:30:09","date_gmt":"2019-08-05T14:30:09","guid":{"rendered":"http:\/\/www.meprolim.es\/?post_type=product&#038;p=5321"},"modified":"2020-03-20T13:32:19","modified_gmt":"2020-03-20T13:32:19","slug":"fregadora-vispa-35e","status":"publish","type":"product","link":"https:\/\/meprolim.es\/en\/producto\/maquinaria-de-limpieza\/fregadoras-en\/conductor-a-pie-en\/electricas-en\/fregadora-vispa-35e\/","title":{"rendered":"FREGADORA VISPA 35E &#8211; C\u00d3DIGO: ZB1039"},"content":{"rendered":"<div class=\"wpb-content-wrapper\"><p>[vc_row][vc_column][vc_column_text]<\/p>\n<p style=\"text-align: justify;\">La revolucionaria fregadora de pavimentos que lava, seca e higieniza en una sola pasada. Ideal para peque\u00f1as superficies, cuenta con una pista de trabajo de 35 cm.<\/p>\n<p style=\"text-align: justify;\">La versi\u00f3n el\u00e9ctrica, bajo pedido, se puede solicitar con el cable de 15 mts.<\/p>\n<p style=\"text-align: justify;\">Con Vispa 35 la suciedad se recoge por completo en un tanque de recuperaci\u00f3n y no se esparce en el pavimento, como podr\u00eda ocurrir con la limpieza manual tradicional. Todas las operaciones de limpieza ser\u00e1n m\u00e1s simples. Basta de fatiga para el operador de la\u00a0limpieza, quien al final de la jornada habr\u00e1 aumentado su productividad en modo exponencial. El sistema autom\u00e1tico de registro de la boquilla de aspiraci\u00f3n y del cepillo permite que la m\u00e1quina se adapte autom\u00e1ticamente a cualquier tipo de pavimento.<\/p>\n<p style=\"text-align: justify;\">La versi\u00f3n el\u00e9ctrica es ideal para la limpieza de peque\u00f1os espacios sin demasiados obst\u00e1culos y cuenta con una autonom\u00eda infinita garantizada por la presencia del cable.<\/p>\n<p>&nbsp;<\/p>\n<p>[\/vc_column_text][\/vc_column][\/vc_row]<\/p>\n<\/div>","protected":false},"excerpt":{"rendered":"<ul>\n<li>Mandos intuitivos a simple lectura.<\/li>\n<li>La m\u00e1s peque\u00f1a fregadora de pavimento a bater\u00edas.<\/li>\n<li>Manillar con m\u00e1xima flexibilidad de movimiento, se puede doblar hasta 180\u00ba.<\/li>\n<li>Ideal para limpieza de mantenimiento de espacios peque\u00f1os (hasta 1.000 m\u00b2) y con obst\u00e1culos.<\/li>\n<\/ul>\n<p><strong>SKU<\/strong>: ZB1039<\/p>\n","protected":false},"featured_media":5322,"template":"","meta":[],"product_brand":[],"product_cat":[2582,2623,2581,2580],"product_tag":[251,252,254,257],"class_list":{"0":"post-5321","1":"product","2":"type-product","3":"status-publish","4":"has-post-thumbnail","6":"product_cat-conductor-a-pie","7":"product_cat-electricas","8":"product_cat-fregadoras","9":"product_cat-maquinaria-de-limpieza","10":"product_tag-fregadoras","11":"product_tag-maquinaria-de-limpieza","12":"product_tag-maquinaria-electrica","13":"product_tag-operario-a-pie","15":"first","16":"instock","17":"shipping-taxable","18":"product-type-simple"},"yoast_head":"<!-- This site is optimized with the Yoast SEO plugin v27.3 - https:\/\/yoast.com\/product\/yoast-seo-wordpress\/ -->\n<title>FREGADORA VISPA 35E - C\u00d3DIGO: ZB1039 - Meprolim<\/title>\n<meta name=\"robots\" content=\"index, follow, max-snippet:-1, max-image-preview:large, max-video-preview:-1\" \/>\n<link rel=\"canonical\" href=\"https:\/\/meprolim.es\/producto\/maquinaria-de-limpieza\/fregadoras\/conductor-a-pie\/electricas\/fregadora-vispa-35e\/\" \/>\n<meta property=\"og:locale\" content=\"en_US\" \/>\n<meta property=\"og:type\" content=\"article\" \/>\n<meta property=\"og:title\" content=\"FREGADORA VISPA 35E - C\u00d3DIGO: ZB1039 - Meprolim\" \/>\n<meta property=\"og:description\" content=\"Mandos intuitivos a simple lectura.  La m\u00e1s peque\u00f1a fregadora de pavimento a bater\u00edas.  Manillar con m\u00e1xima flexibilidad de movimiento, se puede doblar hasta 180\u00ba.  Ideal para limpieza de mantenimiento de espacios peque\u00f1os (hasta 1.000 m\u00b2) y con obst\u00e1culos.  SKU: ZB1039\" \/>\n<meta property=\"og:url\" content=\"https:\/\/meprolim.es\/producto\/maquinaria-de-limpieza\/fregadoras\/conductor-a-pie\/electricas\/fregadora-vispa-35e\/\" \/>\n<meta property=\"og:site_name\" content=\"Meprolim\" \/>\n<meta property=\"article:modified_time\" content=\"2020-03-20T13:32:19+00:00\" \/>\n<meta property=\"og:image\" content=\"https:\/\/meprolim.es\/wp-content\/uploads\/2019\/08\/ZB1039.jpg\" \/>\n\t<meta property=\"og:image:width\" content=\"768\" \/>\n\t<meta property=\"og:image:height\" content=\"834\" \/>\n\t<meta property=\"og:image:type\" content=\"image\/jpeg\" \/>\n<meta name=\"twitter:card\" content=\"summary_large_image\" \/>\n<meta name=\"twitter:label1\" content=\"Est. reading time\" \/>\n\t<meta name=\"twitter:data1\" content=\"1 minute\" \/>\n<script type=\"application\/ld+json\" class=\"yoast-schema-graph\">{\"@context\":\"https:\\\/\\\/schema.org\",\"@graph\":[{\"@type\":\"WebPage\",\"@id\":\"https:\\\/\\\/meprolim.es\\\/producto\\\/maquinaria-de-limpieza\\\/fregadoras\\\/conductor-a-pie\\\/electricas\\\/fregadora-vispa-35e\\\/\",\"url\":\"https:\\\/\\\/meprolim.es\\\/producto\\\/maquinaria-de-limpieza\\\/fregadoras\\\/conductor-a-pie\\\/electricas\\\/fregadora-vispa-35e\\\/\",\"name\":\"FREGADORA VISPA 35E - C\u00d3DIGO: ZB1039 - Meprolim\",\"isPartOf\":{\"@id\":\"https:\\\/\\\/meprolim.es\\\/fr\\\/#website\"},\"primaryImageOfPage\":{\"@id\":\"https:\\\/\\\/meprolim.es\\\/producto\\\/maquinaria-de-limpieza\\\/fregadoras\\\/conductor-a-pie\\\/electricas\\\/fregadora-vispa-35e\\\/#primaryimage\"},\"image\":{\"@id\":\"https:\\\/\\\/meprolim.es\\\/producto\\\/maquinaria-de-limpieza\\\/fregadoras\\\/conductor-a-pie\\\/electricas\\\/fregadora-vispa-35e\\\/#primaryimage\"},\"thumbnailUrl\":\"https:\\\/\\\/meprolim.es\\\/wp-content\\\/uploads\\\/2019\\\/08\\\/ZB1039.jpg\",\"datePublished\":\"2019-08-05T14:30:09+00:00\",\"dateModified\":\"2020-03-20T13:32:19+00:00\",\"breadcrumb\":{\"@id\":\"https:\\\/\\\/meprolim.es\\\/producto\\\/maquinaria-de-limpieza\\\/fregadoras\\\/conductor-a-pie\\\/electricas\\\/fregadora-vispa-35e\\\/#breadcrumb\"},\"inLanguage\":\"en-US\",\"potentialAction\":[{\"@type\":\"ReadAction\",\"target\":[\"https:\\\/\\\/meprolim.es\\\/producto\\\/maquinaria-de-limpieza\\\/fregadoras\\\/conductor-a-pie\\\/electricas\\\/fregadora-vispa-35e\\\/\"]}]},{\"@type\":\"ImageObject\",\"inLanguage\":\"en-US\",\"@id\":\"https:\\\/\\\/meprolim.es\\\/producto\\\/maquinaria-de-limpieza\\\/fregadoras\\\/conductor-a-pie\\\/electricas\\\/fregadora-vispa-35e\\\/#primaryimage\",\"url\":\"https:\\\/\\\/meprolim.es\\\/wp-content\\\/uploads\\\/2019\\\/08\\\/ZB1039.jpg\",\"contentUrl\":\"https:\\\/\\\/meprolim.es\\\/wp-content\\\/uploads\\\/2019\\\/08\\\/ZB1039.jpg\",\"width\":768,\"height\":834,\"caption\":\"Bimat Solid\"},{\"@type\":\"BreadcrumbList\",\"@id\":\"https:\\\/\\\/meprolim.es\\\/producto\\\/maquinaria-de-limpieza\\\/fregadoras\\\/conductor-a-pie\\\/electricas\\\/fregadora-vispa-35e\\\/#breadcrumb\",\"itemListElement\":[{\"@type\":\"ListItem\",\"position\":1,\"name\":\"Portada\",\"item\":\"https:\\\/\\\/meprolim.es\\\/en\\\/\"},{\"@type\":\"ListItem\",\"position\":2,\"name\":\"Catalogue\",\"item\":\"https:\\\/\\\/meprolim.es\\\/en\\\/catalogue\\\/\"},{\"@type\":\"ListItem\",\"position\":3,\"name\":\"FREGADORA VISPA 35E &#8211; C\u00d3DIGO: ZB1039\"}]},{\"@type\":\"WebSite\",\"@id\":\"https:\\\/\\\/meprolim.es\\\/fr\\\/#website\",\"url\":\"https:\\\/\\\/meprolim.es\\\/fr\\\/\",\"name\":\"Meprolim\",\"description\":\"Cavas Catalanas S.L.\",\"publisher\":{\"@id\":\"https:\\\/\\\/meprolim.es\\\/fr\\\/#organization\"},\"potentialAction\":[{\"@type\":\"SearchAction\",\"target\":{\"@type\":\"EntryPoint\",\"urlTemplate\":\"https:\\\/\\\/meprolim.es\\\/fr\\\/?s={search_term_string}\"},\"query-input\":{\"@type\":\"PropertyValueSpecification\",\"valueRequired\":true,\"valueName\":\"search_term_string\"}}],\"inLanguage\":\"en-US\"},{\"@type\":\"Organization\",\"@id\":\"https:\\\/\\\/meprolim.es\\\/fr\\\/#organization\",\"name\":\"Meprolim\",\"url\":\"https:\\\/\\\/meprolim.es\\\/fr\\\/\",\"logo\":{\"@type\":\"ImageObject\",\"inLanguage\":\"en-US\",\"@id\":\"https:\\\/\\\/meprolim.es\\\/fr\\\/#\\\/schema\\\/logo\\\/image\\\/\",\"url\":\"https:\\\/\\\/meprolim.es\\\/wp-content\\\/uploads\\\/2019\\\/07\\\/cropped-logo2.png\",\"contentUrl\":\"https:\\\/\\\/meprolim.es\\\/wp-content\\\/uploads\\\/2019\\\/07\\\/cropped-logo2.png\",\"width\":401,\"height\":162,\"caption\":\"Meprolim\"},\"image\":{\"@id\":\"https:\\\/\\\/meprolim.es\\\/fr\\\/#\\\/schema\\\/logo\\\/image\\\/\"}}]}<\/script>\n<!-- \/ Yoast SEO plugin. -->","yoast_head_json":{"title":"FREGADORA VISPA 35E - C\u00d3DIGO: ZB1039 - Meprolim","robots":{"index":"index","follow":"follow","max-snippet":"max-snippet:-1","max-image-preview":"max-image-preview:large","max-video-preview":"max-video-preview:-1"},"canonical":"https:\/\/meprolim.es\/producto\/maquinaria-de-limpieza\/fregadoras\/conductor-a-pie\/electricas\/fregadora-vispa-35e\/","og_locale":"en_US","og_type":"article","og_title":"FREGADORA VISPA 35E - C\u00d3DIGO: ZB1039 - Meprolim","og_description":"Mandos intuitivos a simple lectura.  La m\u00e1s peque\u00f1a fregadora de pavimento a bater\u00edas.  Manillar con m\u00e1xima flexibilidad de movimiento, se puede doblar hasta 180\u00ba.  Ideal para limpieza de mantenimiento de espacios peque\u00f1os (hasta 1.000 m\u00b2) y con obst\u00e1culos.  SKU: ZB1039","og_url":"https:\/\/meprolim.es\/producto\/maquinaria-de-limpieza\/fregadoras\/conductor-a-pie\/electricas\/fregadora-vispa-35e\/","og_site_name":"Meprolim","article_modified_time":"2020-03-20T13:32:19+00:00","og_image":[{"width":768,"height":834,"url":"https:\/\/meprolim.es\/wp-content\/uploads\/2019\/08\/ZB1039.jpg","type":"image\/jpeg"}],"twitter_card":"summary_large_image","twitter_misc":{"Est. reading time":"1 minute"},"schema":{"@context":"https:\/\/schema.org","@graph":[{"@type":"WebPage","@id":"https:\/\/meprolim.es\/producto\/maquinaria-de-limpieza\/fregadoras\/conductor-a-pie\/electricas\/fregadora-vispa-35e\/","url":"https:\/\/meprolim.es\/producto\/maquinaria-de-limpieza\/fregadoras\/conductor-a-pie\/electricas\/fregadora-vispa-35e\/","name":"FREGADORA VISPA 35E - C\u00d3DIGO: ZB1039 - Meprolim","isPartOf":{"@id":"https:\/\/meprolim.es\/fr\/#website"},"primaryImageOfPage":{"@id":"https:\/\/meprolim.es\/producto\/maquinaria-de-limpieza\/fregadoras\/conductor-a-pie\/electricas\/fregadora-vispa-35e\/#primaryimage"},"image":{"@id":"https:\/\/meprolim.es\/producto\/maquinaria-de-limpieza\/fregadoras\/conductor-a-pie\/electricas\/fregadora-vispa-35e\/#primaryimage"},"thumbnailUrl":"https:\/\/meprolim.es\/wp-content\/uploads\/2019\/08\/ZB1039.jpg","datePublished":"2019-08-05T14:30:09+00:00","dateModified":"2020-03-20T13:32:19+00:00","breadcrumb":{"@id":"https:\/\/meprolim.es\/producto\/maquinaria-de-limpieza\/fregadoras\/conductor-a-pie\/electricas\/fregadora-vispa-35e\/#breadcrumb"},"inLanguage":"en-US","potentialAction":[{"@type":"ReadAction","target":["https:\/\/meprolim.es\/producto\/maquinaria-de-limpieza\/fregadoras\/conductor-a-pie\/electricas\/fregadora-vispa-35e\/"]}]},{"@type":"ImageObject","inLanguage":"en-US","@id":"https:\/\/meprolim.es\/producto\/maquinaria-de-limpieza\/fregadoras\/conductor-a-pie\/electricas\/fregadora-vispa-35e\/#primaryimage","url":"https:\/\/meprolim.es\/wp-content\/uploads\/2019\/08\/ZB1039.jpg","contentUrl":"https:\/\/meprolim.es\/wp-content\/uploads\/2019\/08\/ZB1039.jpg","width":768,"height":834,"caption":"Bimat Solid"},{"@type":"BreadcrumbList","@id":"https:\/\/meprolim.es\/producto\/maquinaria-de-limpieza\/fregadoras\/conductor-a-pie\/electricas\/fregadora-vispa-35e\/#breadcrumb","itemListElement":[{"@type":"ListItem","position":1,"name":"Portada","item":"https:\/\/meprolim.es\/en\/"},{"@type":"ListItem","position":2,"name":"Catalogue","item":"https:\/\/meprolim.es\/en\/catalogue\/"},{"@type":"ListItem","position":3,"name":"FREGADORA VISPA 35E &#8211; C\u00d3DIGO: ZB1039"}]},{"@type":"WebSite","@id":"https:\/\/meprolim.es\/fr\/#website","url":"https:\/\/meprolim.es\/fr\/","name":"Meprolim","description":"Cavas Catalanas S.L.","publisher":{"@id":"https:\/\/meprolim.es\/fr\/#organization"},"potentialAction":[{"@type":"SearchAction","target":{"@type":"EntryPoint","urlTemplate":"https:\/\/meprolim.es\/fr\/?s={search_term_string}"},"query-input":{"@type":"PropertyValueSpecification","valueRequired":true,"valueName":"search_term_string"}}],"inLanguage":"en-US"},{"@type":"Organization","@id":"https:\/\/meprolim.es\/fr\/#organization","name":"Meprolim","url":"https:\/\/meprolim.es\/fr\/","logo":{"@type":"ImageObject","inLanguage":"en-US","@id":"https:\/\/meprolim.es\/fr\/#\/schema\/logo\/image\/","url":"https:\/\/meprolim.es\/wp-content\/uploads\/2019\/07\/cropped-logo2.png","contentUrl":"https:\/\/meprolim.es\/wp-content\/uploads\/2019\/07\/cropped-logo2.png","width":401,"height":162,"caption":"Meprolim"},"image":{"@id":"https:\/\/meprolim.es\/fr\/#\/schema\/logo\/image\/"}}]}},"_links":{"self":[{"href":"https:\/\/meprolim.es\/en\/wp-json\/wp\/v2\/product\/5321","targetHints":{"allow":["GET"]}}],"collection":[{"href":"https:\/\/meprolim.es\/en\/wp-json\/wp\/v2\/product"}],"about":[{"href":"https:\/\/meprolim.es\/en\/wp-json\/wp\/v2\/types\/product"}],"wp:featuredmedia":[{"embeddable":true,"href":"https:\/\/meprolim.es\/en\/wp-json\/wp\/v2\/media\/5322"}],"wp:attachment":[{"href":"https:\/\/meprolim.es\/en\/wp-json\/wp\/v2\/media?parent=5321"}],"wp:term":[{"taxonomy":"product_brand","embeddable":true,"href":"https:\/\/meprolim.es\/en\/wp-json\/wp\/v2\/product_brand?post=5321"},{"taxonomy":"product_cat","embeddable":true,"href":"https:\/\/meprolim.es\/en\/wp-json\/wp\/v2\/product_cat?post=5321"},{"taxonomy":"product_tag","embeddable":true,"href":"https:\/\/meprolim.es\/en\/wp-json\/wp\/v2\/product_tag?post=5321"}],"curies":[{"name":"wp","href":"https:\/\/api.w.org\/{rel}","templated":true}]}}