{"id":5388,"date":"2019-08-07T17:04:28","date_gmt":"2019-08-07T16:04:28","guid":{"rendered":"http:\/\/www.meprolim.es\/?post_type=product&#038;p=5388"},"modified":"2020-03-20T17:02:31","modified_gmt":"2020-03-20T17:02:31","slug":"barredora-manual-rubbermaid-bk0217","status":"publish","type":"product","link":"https:\/\/meprolim.es\/en\/producto\/maquinaria-de-limpieza\/barredoras-en\/barredoras-manuales-en\/barredora-manual-rubbermaid-bk0217\/","title":{"rendered":"BARREDORA MANUAL RUBBERMAID BK0217 &#8211; C\u00d3DIGO: BK0217"},"content":{"rendered":"<div class=\"wpb-content-wrapper\"><p>[vc_row][vc_column][vc_column_text]<\/p>\n<p style=\"text-align: justify;\">Escoba mec\u00e1nica sin cepillo perfecta para el sector alimentario con perfil bajo para un f\u00e1cil acceso alrededor y debajo de los muebles. Su cristal tintado e permite ver si es necesario vaciar el cepillo.\u00a0<\/p>\n<p>[\/vc_column_text][\/vc_column][\/vc_row]<\/p>\n<\/div>","protected":false},"excerpt":{"rendered":"<ul>\n<li>Vers\u00e1til sistema de l\u00e1minas de goma que no deja marcas y que barre eficazmente el polvo, la suciedad y los l\u00edquidos en variedad de superficies.\u00a0<\/li>\n<li>Estructura de resistente acero galvanizado y duro pl\u00e1stico ABS.<\/li>\n<li>Eficaz ancho de barrido de 19cm con parachoques protector.\u00a0<\/li>\n<li>Con dos recogedores dobles con puertas de vaciado de un s\u00f3lo toque.\u00a0<\/li>\n<li>Sus ruedas de caucho blando se deslizan con facilidad sobre alfombras, vinilo, baldosas, madera&#8230;<\/li>\n<\/ul>\n<p><strong>SKU<\/strong>: BK0217<\/p>\n","protected":false},"featured_media":5389,"template":"","meta":[],"product_brand":[],"product_cat":[2585,2586,2580],"product_tag":[259,263,257],"class_list":{"0":"post-5388","1":"product","2":"type-product","3":"status-publish","4":"has-post-thumbnail","6":"product_cat-barredoras","7":"product_cat-barredoras-manuales","8":"product_cat-maquinaria-de-limpieza","9":"product_tag-barredora","10":"product_tag-barredora-manual","11":"product_tag-operario-a-pie","13":"first","14":"instock","15":"shipping-taxable","16":"product-type-simple"},"yoast_head":"<!-- This site is optimized with the Yoast SEO plugin v27.3 - https:\/\/yoast.com\/product\/yoast-seo-wordpress\/ -->\n<title>BARREDORA MANUAL RUBBERMAID BK0217 - C\u00d3DIGO: BK0217 - Meprolim<\/title>\n<meta name=\"robots\" content=\"index, follow, max-snippet:-1, max-image-preview:large, max-video-preview:-1\" \/>\n<link rel=\"canonical\" href=\"https:\/\/meprolim.es\/de\/producto\/maquinaria-de-limpieza\/barredoras\/barredoras-manuales\/barredora-manual-rubbermaid-bk0217\/\" \/>\n<meta property=\"og:locale\" content=\"en_US\" \/>\n<meta property=\"og:type\" content=\"article\" \/>\n<meta property=\"og:title\" content=\"BARREDORA MANUAL RUBBERMAID BK0217 - C\u00d3DIGO: BK0217 - Meprolim\" \/>\n<meta property=\"og:description\" content=\"Vers\u00e1til sistema de l\u00e1minas de goma que no deja marcas y que barre eficazmente el polvo, la suciedad y los l\u00edquidos en variedad de superficies.\u00a0  Estructura de resistente acero galvanizado y duro pl\u00e1stico ABS.  Eficaz ancho de barrido de 19cm con parachoques protector.\u00a0  Con dos recogedores dobles con puertas de vaciado de un s\u00f3lo toque.\u00a0  Sus ruedas de caucho blando se deslizan con facilidad sobre alfombras, vinilo, baldosas, madera...  SKU: BK0217\" \/>\n<meta property=\"og:url\" content=\"https:\/\/meprolim.es\/de\/producto\/maquinaria-de-limpieza\/barredoras\/barredoras-manuales\/barredora-manual-rubbermaid-bk0217\/\" \/>\n<meta property=\"og:site_name\" content=\"Meprolim\" \/>\n<meta property=\"article:modified_time\" content=\"2020-03-20T17:02:31+00:00\" \/>\n<meta property=\"og:image\" content=\"https:\/\/meprolim.es\/wp-content\/uploads\/2019\/08\/BK0217.jpg\" \/>\n\t<meta property=\"og:image:width\" content=\"768\" \/>\n\t<meta property=\"og:image:height\" content=\"768\" \/>\n\t<meta property=\"og:image:type\" content=\"image\/jpeg\" \/>\n<meta name=\"twitter:card\" content=\"summary_large_image\" \/>\n<script type=\"application\/ld+json\" class=\"yoast-schema-graph\">{\"@context\":\"https:\\\/\\\/schema.org\",\"@graph\":[{\"@type\":\"WebPage\",\"@id\":\"https:\\\/\\\/meprolim.es\\\/de\\\/producto\\\/maquinaria-de-limpieza\\\/barredoras\\\/barredoras-manuales\\\/barredora-manual-rubbermaid-bk0217\\\/\",\"url\":\"https:\\\/\\\/meprolim.es\\\/de\\\/producto\\\/maquinaria-de-limpieza\\\/barredoras\\\/barredoras-manuales\\\/barredora-manual-rubbermaid-bk0217\\\/\",\"name\":\"BARREDORA MANUAL RUBBERMAID BK0217 - C\u00d3DIGO: BK0217 - Meprolim\",\"isPartOf\":{\"@id\":\"https:\\\/\\\/meprolim.es\\\/fr\\\/#website\"},\"primaryImageOfPage\":{\"@id\":\"https:\\\/\\\/meprolim.es\\\/de\\\/producto\\\/maquinaria-de-limpieza\\\/barredoras\\\/barredoras-manuales\\\/barredora-manual-rubbermaid-bk0217\\\/#primaryimage\"},\"image\":{\"@id\":\"https:\\\/\\\/meprolim.es\\\/de\\\/producto\\\/maquinaria-de-limpieza\\\/barredoras\\\/barredoras-manuales\\\/barredora-manual-rubbermaid-bk0217\\\/#primaryimage\"},\"thumbnailUrl\":\"https:\\\/\\\/meprolim.es\\\/wp-content\\\/uploads\\\/2019\\\/08\\\/BK0217.jpg\",\"datePublished\":\"2019-08-07T16:04:28+00:00\",\"dateModified\":\"2020-03-20T17:02:31+00:00\",\"breadcrumb\":{\"@id\":\"https:\\\/\\\/meprolim.es\\\/de\\\/producto\\\/maquinaria-de-limpieza\\\/barredoras\\\/barredoras-manuales\\\/barredora-manual-rubbermaid-bk0217\\\/#breadcrumb\"},\"inLanguage\":\"en-US\",\"potentialAction\":[{\"@type\":\"ReadAction\",\"target\":[\"https:\\\/\\\/meprolim.es\\\/de\\\/producto\\\/maquinaria-de-limpieza\\\/barredoras\\\/barredoras-manuales\\\/barredora-manual-rubbermaid-bk0217\\\/\"]}]},{\"@type\":\"ImageObject\",\"inLanguage\":\"en-US\",\"@id\":\"https:\\\/\\\/meprolim.es\\\/de\\\/producto\\\/maquinaria-de-limpieza\\\/barredoras\\\/barredoras-manuales\\\/barredora-manual-rubbermaid-bk0217\\\/#primaryimage\",\"url\":\"https:\\\/\\\/meprolim.es\\\/wp-content\\\/uploads\\\/2019\\\/08\\\/BK0217.jpg\",\"contentUrl\":\"https:\\\/\\\/meprolim.es\\\/wp-content\\\/uploads\\\/2019\\\/08\\\/BK0217.jpg\",\"width\":768,\"height\":768},{\"@type\":\"BreadcrumbList\",\"@id\":\"https:\\\/\\\/meprolim.es\\\/de\\\/producto\\\/maquinaria-de-limpieza\\\/barredoras\\\/barredoras-manuales\\\/barredora-manual-rubbermaid-bk0217\\\/#breadcrumb\",\"itemListElement\":[{\"@type\":\"ListItem\",\"position\":1,\"name\":\"Portada\",\"item\":\"https:\\\/\\\/meprolim.es\\\/en\\\/\"},{\"@type\":\"ListItem\",\"position\":2,\"name\":\"Catalogue\",\"item\":\"https:\\\/\\\/meprolim.es\\\/en\\\/catalogue\\\/\"},{\"@type\":\"ListItem\",\"position\":3,\"name\":\"BARREDORA MANUAL RUBBERMAID BK0217 &#8211; C\u00d3DIGO: BK0217\"}]},{\"@type\":\"WebSite\",\"@id\":\"https:\\\/\\\/meprolim.es\\\/fr\\\/#website\",\"url\":\"https:\\\/\\\/meprolim.es\\\/fr\\\/\",\"name\":\"Meprolim\",\"description\":\"Cavas Catalanas S.L.\",\"publisher\":{\"@id\":\"https:\\\/\\\/meprolim.es\\\/fr\\\/#organization\"},\"potentialAction\":[{\"@type\":\"SearchAction\",\"target\":{\"@type\":\"EntryPoint\",\"urlTemplate\":\"https:\\\/\\\/meprolim.es\\\/fr\\\/?s={search_term_string}\"},\"query-input\":{\"@type\":\"PropertyValueSpecification\",\"valueRequired\":true,\"valueName\":\"search_term_string\"}}],\"inLanguage\":\"en-US\"},{\"@type\":\"Organization\",\"@id\":\"https:\\\/\\\/meprolim.es\\\/fr\\\/#organization\",\"name\":\"Meprolim\",\"url\":\"https:\\\/\\\/meprolim.es\\\/fr\\\/\",\"logo\":{\"@type\":\"ImageObject\",\"inLanguage\":\"en-US\",\"@id\":\"https:\\\/\\\/meprolim.es\\\/fr\\\/#\\\/schema\\\/logo\\\/image\\\/\",\"url\":\"https:\\\/\\\/meprolim.es\\\/wp-content\\\/uploads\\\/2019\\\/07\\\/cropped-logo2.png\",\"contentUrl\":\"https:\\\/\\\/meprolim.es\\\/wp-content\\\/uploads\\\/2019\\\/07\\\/cropped-logo2.png\",\"width\":401,\"height\":162,\"caption\":\"Meprolim\"},\"image\":{\"@id\":\"https:\\\/\\\/meprolim.es\\\/fr\\\/#\\\/schema\\\/logo\\\/image\\\/\"}}]}<\/script>\n<!-- \/ Yoast SEO plugin. -->","yoast_head_json":{"title":"BARREDORA MANUAL RUBBERMAID BK0217 - C\u00d3DIGO: BK0217 - Meprolim","robots":{"index":"index","follow":"follow","max-snippet":"max-snippet:-1","max-image-preview":"max-image-preview:large","max-video-preview":"max-video-preview:-1"},"canonical":"https:\/\/meprolim.es\/de\/producto\/maquinaria-de-limpieza\/barredoras\/barredoras-manuales\/barredora-manual-rubbermaid-bk0217\/","og_locale":"en_US","og_type":"article","og_title":"BARREDORA MANUAL RUBBERMAID BK0217 - C\u00d3DIGO: BK0217 - Meprolim","og_description":"Vers\u00e1til sistema de l\u00e1minas de goma que no deja marcas y que barre eficazmente el polvo, la suciedad y los l\u00edquidos en variedad de superficies.\u00a0  Estructura de resistente acero galvanizado y duro pl\u00e1stico ABS.  Eficaz ancho de barrido de 19cm con parachoques protector.\u00a0  Con dos recogedores dobles con puertas de vaciado de un s\u00f3lo toque.\u00a0  Sus ruedas de caucho blando se deslizan con facilidad sobre alfombras, vinilo, baldosas, madera...  SKU: BK0217","og_url":"https:\/\/meprolim.es\/de\/producto\/maquinaria-de-limpieza\/barredoras\/barredoras-manuales\/barredora-manual-rubbermaid-bk0217\/","og_site_name":"Meprolim","article_modified_time":"2020-03-20T17:02:31+00:00","og_image":[{"width":768,"height":768,"url":"https:\/\/meprolim.es\/wp-content\/uploads\/2019\/08\/BK0217.jpg","type":"image\/jpeg"}],"twitter_card":"summary_large_image","schema":{"@context":"https:\/\/schema.org","@graph":[{"@type":"WebPage","@id":"https:\/\/meprolim.es\/de\/producto\/maquinaria-de-limpieza\/barredoras\/barredoras-manuales\/barredora-manual-rubbermaid-bk0217\/","url":"https:\/\/meprolim.es\/de\/producto\/maquinaria-de-limpieza\/barredoras\/barredoras-manuales\/barredora-manual-rubbermaid-bk0217\/","name":"BARREDORA MANUAL RUBBERMAID BK0217 - C\u00d3DIGO: BK0217 - Meprolim","isPartOf":{"@id":"https:\/\/meprolim.es\/fr\/#website"},"primaryImageOfPage":{"@id":"https:\/\/meprolim.es\/de\/producto\/maquinaria-de-limpieza\/barredoras\/barredoras-manuales\/barredora-manual-rubbermaid-bk0217\/#primaryimage"},"image":{"@id":"https:\/\/meprolim.es\/de\/producto\/maquinaria-de-limpieza\/barredoras\/barredoras-manuales\/barredora-manual-rubbermaid-bk0217\/#primaryimage"},"thumbnailUrl":"https:\/\/meprolim.es\/wp-content\/uploads\/2019\/08\/BK0217.jpg","datePublished":"2019-08-07T16:04:28+00:00","dateModified":"2020-03-20T17:02:31+00:00","breadcrumb":{"@id":"https:\/\/meprolim.es\/de\/producto\/maquinaria-de-limpieza\/barredoras\/barredoras-manuales\/barredora-manual-rubbermaid-bk0217\/#breadcrumb"},"inLanguage":"en-US","potentialAction":[{"@type":"ReadAction","target":["https:\/\/meprolim.es\/de\/producto\/maquinaria-de-limpieza\/barredoras\/barredoras-manuales\/barredora-manual-rubbermaid-bk0217\/"]}]},{"@type":"ImageObject","inLanguage":"en-US","@id":"https:\/\/meprolim.es\/de\/producto\/maquinaria-de-limpieza\/barredoras\/barredoras-manuales\/barredora-manual-rubbermaid-bk0217\/#primaryimage","url":"https:\/\/meprolim.es\/wp-content\/uploads\/2019\/08\/BK0217.jpg","contentUrl":"https:\/\/meprolim.es\/wp-content\/uploads\/2019\/08\/BK0217.jpg","width":768,"height":768},{"@type":"BreadcrumbList","@id":"https:\/\/meprolim.es\/de\/producto\/maquinaria-de-limpieza\/barredoras\/barredoras-manuales\/barredora-manual-rubbermaid-bk0217\/#breadcrumb","itemListElement":[{"@type":"ListItem","position":1,"name":"Portada","item":"https:\/\/meprolim.es\/en\/"},{"@type":"ListItem","position":2,"name":"Catalogue","item":"https:\/\/meprolim.es\/en\/catalogue\/"},{"@type":"ListItem","position":3,"name":"BARREDORA MANUAL RUBBERMAID BK0217 &#8211; C\u00d3DIGO: BK0217"}]},{"@type":"WebSite","@id":"https:\/\/meprolim.es\/fr\/#website","url":"https:\/\/meprolim.es\/fr\/","name":"Meprolim","description":"Cavas Catalanas S.L.","publisher":{"@id":"https:\/\/meprolim.es\/fr\/#organization"},"potentialAction":[{"@type":"SearchAction","target":{"@type":"EntryPoint","urlTemplate":"https:\/\/meprolim.es\/fr\/?s={search_term_string}"},"query-input":{"@type":"PropertyValueSpecification","valueRequired":true,"valueName":"search_term_string"}}],"inLanguage":"en-US"},{"@type":"Organization","@id":"https:\/\/meprolim.es\/fr\/#organization","name":"Meprolim","url":"https:\/\/meprolim.es\/fr\/","logo":{"@type":"ImageObject","inLanguage":"en-US","@id":"https:\/\/meprolim.es\/fr\/#\/schema\/logo\/image\/","url":"https:\/\/meprolim.es\/wp-content\/uploads\/2019\/07\/cropped-logo2.png","contentUrl":"https:\/\/meprolim.es\/wp-content\/uploads\/2019\/07\/cropped-logo2.png","width":401,"height":162,"caption":"Meprolim"},"image":{"@id":"https:\/\/meprolim.es\/fr\/#\/schema\/logo\/image\/"}}]}},"_links":{"self":[{"href":"https:\/\/meprolim.es\/en\/wp-json\/wp\/v2\/product\/5388","targetHints":{"allow":["GET"]}}],"collection":[{"href":"https:\/\/meprolim.es\/en\/wp-json\/wp\/v2\/product"}],"about":[{"href":"https:\/\/meprolim.es\/en\/wp-json\/wp\/v2\/types\/product"}],"wp:featuredmedia":[{"embeddable":true,"href":"https:\/\/meprolim.es\/en\/wp-json\/wp\/v2\/media\/5389"}],"wp:attachment":[{"href":"https:\/\/meprolim.es\/en\/wp-json\/wp\/v2\/media?parent=5388"}],"wp:term":[{"taxonomy":"product_brand","embeddable":true,"href":"https:\/\/meprolim.es\/en\/wp-json\/wp\/v2\/product_brand?post=5388"},{"taxonomy":"product_cat","embeddable":true,"href":"https:\/\/meprolim.es\/en\/wp-json\/wp\/v2\/product_cat?post=5388"},{"taxonomy":"product_tag","embeddable":true,"href":"https:\/\/meprolim.es\/en\/wp-json\/wp\/v2\/product_tag?post=5388"}],"curies":[{"name":"wp","href":"https:\/\/api.w.org\/{rel}","templated":true}]}}