{"id":5390,"date":"2019-08-08T09:39:17","date_gmt":"2019-08-08T08:39:17","guid":{"rendered":"http:\/\/www.meprolim.es\/?post_type=product&#038;p=5390"},"modified":"2020-03-26T14:05:21","modified_gmt":"2020-03-26T14:05:21","slug":"barredora-a-bateria-broom","status":"publish","type":"product","link":"https:\/\/meprolim.es\/en\/producto\/maquinaria-de-limpieza\/barredoras-en\/conductor-a-pie-en-2\/barredora-a-bateria-broom\/","title":{"rendered":"BARREDORA A BATER\u00cdA BROOM &#8211; C\u00d3DIGO: ZD0027"},"content":{"rendered":"<div class=\"wpb-content-wrapper\"><p>[vc_row][vc_column][vc_column_text]<\/p>\n<p style=\"text-align: justify;\">Broom es la nueva escoba de bater\u00eda de Fimap que te ofrece la misma inmediatez y funcionalidad de una escoba, pero no tendr\u00e1s\u00a0m\u00e1s que agacharte y fatigar para recoger la suciedad.<\/p>\n<p style=\"text-align: justify;\">Broom es ergon\u00f3mica y c\u00f3moda de usar como un aspirador, mas sin liosos cables a obstaculizar tus movimientos, para ofrecerte la m\u00e1xima libertad en cualquier punto de la casa, desde la cocina hasta el garaje, as\u00ed como en balcones o caminos de entrada.<\/p>\n<p style=\"text-align: justify;\">Es perfecta tanto para el ambiente dom\u00e9stico como para tu actividad comercial, como: locales p\u00fablicos, cafeter\u00edas, pasteler\u00edas,\u00a0laboratorios artesanales, peque\u00f1os supermercados o tiendas.<\/p>\n<p>[\/vc_column_text][\/vc_column][\/vc_row]<\/p>\n<\/div>","protected":false},"excerpt":{"rendered":"<ul>\n<li>La misma inmediatez y funcionalidad de una escoba, pero sin tener que agacharse.<\/li>\n<li>Ergon\u00f3mica y c\u00f3moda de usar como un aspirador, pero sin engorrosos cables.\u00a0<\/li>\n<li>Perfecto en ambientes dom\u00e9sticos como para actividad\u00a0 comercial: locales p\u00fablicos, cafeter\u00edas, pasteler\u00edas, laboratorios, peque\u00f1os supermercados.<\/li>\n<li>Equipada con dos cepillos de disco de 65cm.<\/li>\n<li>Dise\u00f1o compacto, liviana, robusta, con tubo telesc\u00f3pico y junta giratoria.\u00a0<\/li>\n<li>Los dos cepillos laterales, le permiten limpiar bajo los muebles y lugares poco accesibles.<\/li>\n<li>Bater\u00eda Li-Ion: m\u00e1xima potencia, durabilidad, carga r\u00e1pida y libertad de movimiento.<\/li>\n<li>Equipada con cargador de bater\u00eda.<\/li>\n<\/ul>\n<p><strong>SKU<\/strong>: ZD0027<\/p>\n","protected":false},"featured_media":5391,"template":"","meta":[],"product_brand":[],"product_cat":[2585,2587,2580],"product_tag":[259,264,257],"class_list":{"0":"post-5390","1":"product","2":"type-product","3":"status-publish","4":"has-post-thumbnail","6":"product_cat-barredoras","7":"product_cat-conductor-a-pie-2","8":"product_cat-maquinaria-de-limpieza","9":"product_tag-barredora","10":"product_tag-barredora-a-bateria","11":"product_tag-operario-a-pie","13":"first","14":"instock","15":"shipping-taxable","16":"product-type-simple"},"yoast_head":"<!-- This site is optimized with the Yoast SEO plugin v27.3 - https:\/\/yoast.com\/product\/yoast-seo-wordpress\/ -->\n<title>BARREDORA A BATER\u00cdA BROOM - C\u00d3DIGO: ZD0027 - Meprolim<\/title>\n<meta name=\"robots\" content=\"index, follow, max-snippet:-1, max-image-preview:large, max-video-preview:-1\" \/>\n<link rel=\"canonical\" href=\"https:\/\/meprolim.es\/de\/producto\/maquinaria-de-limpieza\/barredoras\/conductor-a-pie-2\/barredora-a-bateria-broom\/\" \/>\n<meta property=\"og:locale\" content=\"en_US\" \/>\n<meta property=\"og:type\" content=\"article\" \/>\n<meta property=\"og:title\" content=\"BARREDORA A BATER\u00cdA BROOM - C\u00d3DIGO: ZD0027 - Meprolim\" \/>\n<meta property=\"og:description\" content=\"La misma inmediatez y funcionalidad de una escoba, pero sin tener que agacharse.  Ergon\u00f3mica y c\u00f3moda de usar como un aspirador, pero sin engorrosos cables.\u00a0  Perfecto en ambientes dom\u00e9sticos como para actividad\u00a0 comercial: locales p\u00fablicos, cafeter\u00edas, pasteler\u00edas, laboratorios, peque\u00f1os supermercados.  Equipada con dos cepillos de disco de 65cm.  Dise\u00f1o compacto, liviana, robusta, con tubo telesc\u00f3pico y junta giratoria.\u00a0  Los dos cepillos laterales, le permiten limpiar bajo los muebles y lugares poco accesibles.  Bater\u00eda Li-Ion: m\u00e1xima potencia, durabilidad, carga r\u00e1pida y libertad de movimiento.  Equipada con cargador de bater\u00eda.  SKU: ZD0027\" \/>\n<meta property=\"og:url\" content=\"https:\/\/meprolim.es\/de\/producto\/maquinaria-de-limpieza\/barredoras\/conductor-a-pie-2\/barredora-a-bateria-broom\/\" \/>\n<meta property=\"og:site_name\" content=\"Meprolim\" \/>\n<meta property=\"article:modified_time\" content=\"2020-03-26T14:05:21+00:00\" \/>\n<meta property=\"og:image\" content=\"https:\/\/meprolim.es\/wp-content\/uploads\/2019\/08\/ZD0027.jpg\" \/>\n\t<meta property=\"og:image:width\" content=\"768\" \/>\n\t<meta property=\"og:image:height\" content=\"834\" \/>\n\t<meta property=\"og:image:type\" content=\"image\/jpeg\" \/>\n<meta name=\"twitter:card\" content=\"summary_large_image\" \/>\n<meta name=\"twitter:label1\" content=\"Est. reading time\" \/>\n\t<meta name=\"twitter:data1\" content=\"1 minute\" \/>\n<script type=\"application\/ld+json\" class=\"yoast-schema-graph\">{\"@context\":\"https:\\\/\\\/schema.org\",\"@graph\":[{\"@type\":\"WebPage\",\"@id\":\"https:\\\/\\\/meprolim.es\\\/de\\\/producto\\\/maquinaria-de-limpieza\\\/barredoras\\\/conductor-a-pie-2\\\/barredora-a-bateria-broom\\\/\",\"url\":\"https:\\\/\\\/meprolim.es\\\/de\\\/producto\\\/maquinaria-de-limpieza\\\/barredoras\\\/conductor-a-pie-2\\\/barredora-a-bateria-broom\\\/\",\"name\":\"BARREDORA A BATER\u00cdA BROOM - C\u00d3DIGO: ZD0027 - Meprolim\",\"isPartOf\":{\"@id\":\"https:\\\/\\\/meprolim.es\\\/fr\\\/#website\"},\"primaryImageOfPage\":{\"@id\":\"https:\\\/\\\/meprolim.es\\\/de\\\/producto\\\/maquinaria-de-limpieza\\\/barredoras\\\/conductor-a-pie-2\\\/barredora-a-bateria-broom\\\/#primaryimage\"},\"image\":{\"@id\":\"https:\\\/\\\/meprolim.es\\\/de\\\/producto\\\/maquinaria-de-limpieza\\\/barredoras\\\/conductor-a-pie-2\\\/barredora-a-bateria-broom\\\/#primaryimage\"},\"thumbnailUrl\":\"https:\\\/\\\/meprolim.es\\\/wp-content\\\/uploads\\\/2019\\\/08\\\/ZD0027.jpg\",\"datePublished\":\"2019-08-08T08:39:17+00:00\",\"dateModified\":\"2020-03-26T14:05:21+00:00\",\"breadcrumb\":{\"@id\":\"https:\\\/\\\/meprolim.es\\\/de\\\/producto\\\/maquinaria-de-limpieza\\\/barredoras\\\/conductor-a-pie-2\\\/barredora-a-bateria-broom\\\/#breadcrumb\"},\"inLanguage\":\"en-US\",\"potentialAction\":[{\"@type\":\"ReadAction\",\"target\":[\"https:\\\/\\\/meprolim.es\\\/de\\\/producto\\\/maquinaria-de-limpieza\\\/barredoras\\\/conductor-a-pie-2\\\/barredora-a-bateria-broom\\\/\"]}]},{\"@type\":\"ImageObject\",\"inLanguage\":\"en-US\",\"@id\":\"https:\\\/\\\/meprolim.es\\\/de\\\/producto\\\/maquinaria-de-limpieza\\\/barredoras\\\/conductor-a-pie-2\\\/barredora-a-bateria-broom\\\/#primaryimage\",\"url\":\"https:\\\/\\\/meprolim.es\\\/wp-content\\\/uploads\\\/2019\\\/08\\\/ZD0027.jpg\",\"contentUrl\":\"https:\\\/\\\/meprolim.es\\\/wp-content\\\/uploads\\\/2019\\\/08\\\/ZD0027.jpg\",\"width\":768,\"height\":834,\"caption\":\"Bimat Solid\"},{\"@type\":\"BreadcrumbList\",\"@id\":\"https:\\\/\\\/meprolim.es\\\/de\\\/producto\\\/maquinaria-de-limpieza\\\/barredoras\\\/conductor-a-pie-2\\\/barredora-a-bateria-broom\\\/#breadcrumb\",\"itemListElement\":[{\"@type\":\"ListItem\",\"position\":1,\"name\":\"Portada\",\"item\":\"https:\\\/\\\/meprolim.es\\\/en\\\/\"},{\"@type\":\"ListItem\",\"position\":2,\"name\":\"Catalogue\",\"item\":\"https:\\\/\\\/meprolim.es\\\/en\\\/catalogue\\\/\"},{\"@type\":\"ListItem\",\"position\":3,\"name\":\"BARREDORA A BATER\u00cdA BROOM &#8211; C\u00d3DIGO: ZD0027\"}]},{\"@type\":\"WebSite\",\"@id\":\"https:\\\/\\\/meprolim.es\\\/fr\\\/#website\",\"url\":\"https:\\\/\\\/meprolim.es\\\/fr\\\/\",\"name\":\"Meprolim\",\"description\":\"Cavas Catalanas S.L.\",\"publisher\":{\"@id\":\"https:\\\/\\\/meprolim.es\\\/fr\\\/#organization\"},\"potentialAction\":[{\"@type\":\"SearchAction\",\"target\":{\"@type\":\"EntryPoint\",\"urlTemplate\":\"https:\\\/\\\/meprolim.es\\\/fr\\\/?s={search_term_string}\"},\"query-input\":{\"@type\":\"PropertyValueSpecification\",\"valueRequired\":true,\"valueName\":\"search_term_string\"}}],\"inLanguage\":\"en-US\"},{\"@type\":\"Organization\",\"@id\":\"https:\\\/\\\/meprolim.es\\\/fr\\\/#organization\",\"name\":\"Meprolim\",\"url\":\"https:\\\/\\\/meprolim.es\\\/fr\\\/\",\"logo\":{\"@type\":\"ImageObject\",\"inLanguage\":\"en-US\",\"@id\":\"https:\\\/\\\/meprolim.es\\\/fr\\\/#\\\/schema\\\/logo\\\/image\\\/\",\"url\":\"https:\\\/\\\/meprolim.es\\\/wp-content\\\/uploads\\\/2019\\\/07\\\/cropped-logo2.png\",\"contentUrl\":\"https:\\\/\\\/meprolim.es\\\/wp-content\\\/uploads\\\/2019\\\/07\\\/cropped-logo2.png\",\"width\":401,\"height\":162,\"caption\":\"Meprolim\"},\"image\":{\"@id\":\"https:\\\/\\\/meprolim.es\\\/fr\\\/#\\\/schema\\\/logo\\\/image\\\/\"}}]}<\/script>\n<!-- \/ Yoast SEO plugin. -->","yoast_head_json":{"title":"BARREDORA A BATER\u00cdA BROOM - C\u00d3DIGO: ZD0027 - Meprolim","robots":{"index":"index","follow":"follow","max-snippet":"max-snippet:-1","max-image-preview":"max-image-preview:large","max-video-preview":"max-video-preview:-1"},"canonical":"https:\/\/meprolim.es\/de\/producto\/maquinaria-de-limpieza\/barredoras\/conductor-a-pie-2\/barredora-a-bateria-broom\/","og_locale":"en_US","og_type":"article","og_title":"BARREDORA A BATER\u00cdA BROOM - C\u00d3DIGO: ZD0027 - Meprolim","og_description":"La misma inmediatez y funcionalidad de una escoba, pero sin tener que agacharse.  Ergon\u00f3mica y c\u00f3moda de usar como un aspirador, pero sin engorrosos cables.\u00a0  Perfecto en ambientes dom\u00e9sticos como para actividad\u00a0 comercial: locales p\u00fablicos, cafeter\u00edas, pasteler\u00edas, laboratorios, peque\u00f1os supermercados.  Equipada con dos cepillos de disco de 65cm.  Dise\u00f1o compacto, liviana, robusta, con tubo telesc\u00f3pico y junta giratoria.\u00a0  Los dos cepillos laterales, le permiten limpiar bajo los muebles y lugares poco accesibles.  Bater\u00eda Li-Ion: m\u00e1xima potencia, durabilidad, carga r\u00e1pida y libertad de movimiento.  Equipada con cargador de bater\u00eda.  SKU: ZD0027","og_url":"https:\/\/meprolim.es\/de\/producto\/maquinaria-de-limpieza\/barredoras\/conductor-a-pie-2\/barredora-a-bateria-broom\/","og_site_name":"Meprolim","article_modified_time":"2020-03-26T14:05:21+00:00","og_image":[{"width":768,"height":834,"url":"https:\/\/meprolim.es\/wp-content\/uploads\/2019\/08\/ZD0027.jpg","type":"image\/jpeg"}],"twitter_card":"summary_large_image","twitter_misc":{"Est. reading time":"1 minute"},"schema":{"@context":"https:\/\/schema.org","@graph":[{"@type":"WebPage","@id":"https:\/\/meprolim.es\/de\/producto\/maquinaria-de-limpieza\/barredoras\/conductor-a-pie-2\/barredora-a-bateria-broom\/","url":"https:\/\/meprolim.es\/de\/producto\/maquinaria-de-limpieza\/barredoras\/conductor-a-pie-2\/barredora-a-bateria-broom\/","name":"BARREDORA A BATER\u00cdA BROOM - C\u00d3DIGO: ZD0027 - Meprolim","isPartOf":{"@id":"https:\/\/meprolim.es\/fr\/#website"},"primaryImageOfPage":{"@id":"https:\/\/meprolim.es\/de\/producto\/maquinaria-de-limpieza\/barredoras\/conductor-a-pie-2\/barredora-a-bateria-broom\/#primaryimage"},"image":{"@id":"https:\/\/meprolim.es\/de\/producto\/maquinaria-de-limpieza\/barredoras\/conductor-a-pie-2\/barredora-a-bateria-broom\/#primaryimage"},"thumbnailUrl":"https:\/\/meprolim.es\/wp-content\/uploads\/2019\/08\/ZD0027.jpg","datePublished":"2019-08-08T08:39:17+00:00","dateModified":"2020-03-26T14:05:21+00:00","breadcrumb":{"@id":"https:\/\/meprolim.es\/de\/producto\/maquinaria-de-limpieza\/barredoras\/conductor-a-pie-2\/barredora-a-bateria-broom\/#breadcrumb"},"inLanguage":"en-US","potentialAction":[{"@type":"ReadAction","target":["https:\/\/meprolim.es\/de\/producto\/maquinaria-de-limpieza\/barredoras\/conductor-a-pie-2\/barredora-a-bateria-broom\/"]}]},{"@type":"ImageObject","inLanguage":"en-US","@id":"https:\/\/meprolim.es\/de\/producto\/maquinaria-de-limpieza\/barredoras\/conductor-a-pie-2\/barredora-a-bateria-broom\/#primaryimage","url":"https:\/\/meprolim.es\/wp-content\/uploads\/2019\/08\/ZD0027.jpg","contentUrl":"https:\/\/meprolim.es\/wp-content\/uploads\/2019\/08\/ZD0027.jpg","width":768,"height":834,"caption":"Bimat Solid"},{"@type":"BreadcrumbList","@id":"https:\/\/meprolim.es\/de\/producto\/maquinaria-de-limpieza\/barredoras\/conductor-a-pie-2\/barredora-a-bateria-broom\/#breadcrumb","itemListElement":[{"@type":"ListItem","position":1,"name":"Portada","item":"https:\/\/meprolim.es\/en\/"},{"@type":"ListItem","position":2,"name":"Catalogue","item":"https:\/\/meprolim.es\/en\/catalogue\/"},{"@type":"ListItem","position":3,"name":"BARREDORA A BATER\u00cdA BROOM &#8211; C\u00d3DIGO: ZD0027"}]},{"@type":"WebSite","@id":"https:\/\/meprolim.es\/fr\/#website","url":"https:\/\/meprolim.es\/fr\/","name":"Meprolim","description":"Cavas Catalanas S.L.","publisher":{"@id":"https:\/\/meprolim.es\/fr\/#organization"},"potentialAction":[{"@type":"SearchAction","target":{"@type":"EntryPoint","urlTemplate":"https:\/\/meprolim.es\/fr\/?s={search_term_string}"},"query-input":{"@type":"PropertyValueSpecification","valueRequired":true,"valueName":"search_term_string"}}],"inLanguage":"en-US"},{"@type":"Organization","@id":"https:\/\/meprolim.es\/fr\/#organization","name":"Meprolim","url":"https:\/\/meprolim.es\/fr\/","logo":{"@type":"ImageObject","inLanguage":"en-US","@id":"https:\/\/meprolim.es\/fr\/#\/schema\/logo\/image\/","url":"https:\/\/meprolim.es\/wp-content\/uploads\/2019\/07\/cropped-logo2.png","contentUrl":"https:\/\/meprolim.es\/wp-content\/uploads\/2019\/07\/cropped-logo2.png","width":401,"height":162,"caption":"Meprolim"},"image":{"@id":"https:\/\/meprolim.es\/fr\/#\/schema\/logo\/image\/"}}]}},"_links":{"self":[{"href":"https:\/\/meprolim.es\/en\/wp-json\/wp\/v2\/product\/5390","targetHints":{"allow":["GET"]}}],"collection":[{"href":"https:\/\/meprolim.es\/en\/wp-json\/wp\/v2\/product"}],"about":[{"href":"https:\/\/meprolim.es\/en\/wp-json\/wp\/v2\/types\/product"}],"wp:featuredmedia":[{"embeddable":true,"href":"https:\/\/meprolim.es\/en\/wp-json\/wp\/v2\/media\/5391"}],"wp:attachment":[{"href":"https:\/\/meprolim.es\/en\/wp-json\/wp\/v2\/media?parent=5390"}],"wp:term":[{"taxonomy":"product_brand","embeddable":true,"href":"https:\/\/meprolim.es\/en\/wp-json\/wp\/v2\/product_brand?post=5390"},{"taxonomy":"product_cat","embeddable":true,"href":"https:\/\/meprolim.es\/en\/wp-json\/wp\/v2\/product_cat?post=5390"},{"taxonomy":"product_tag","embeddable":true,"href":"https:\/\/meprolim.es\/en\/wp-json\/wp\/v2\/product_tag?post=5390"}],"curies":[{"name":"wp","href":"https:\/\/api.w.org\/{rel}","templated":true}]}}