{"id":5401,"date":"2019-08-08T17:47:32","date_gmt":"2019-08-08T16:47:32","guid":{"rendered":"http:\/\/www.meprolim.es\/?post_type=product&#038;p=5401"},"modified":"2020-03-20T17:15:54","modified_gmt":"2020-03-20T17:15:54","slug":"barredora-fimap-fsrb","status":"publish","type":"product","link":"https:\/\/meprolim.es\/en\/producto\/maquinaria-de-limpieza\/barredoras-en\/conductor-sentado-en-2\/barredora-fimap-fsrb\/","title":{"rendered":"BARREDORA FIMAP FSR B &#8211; C\u00d3DIGO: ZD0023"},"content":{"rendered":"<div class=\"wpb-content-wrapper\"><p>[vc_row][vc_column][vc_column_text]<\/p>\n<p>FSR B.<\/p>\n<p>Productividad silenciosa: puede trabajar hasta 4 horas seguidas<br \/>\nen espacios internos y sin hacerse o\u00edr.<\/p>\n<p style=\"text-align: justify;\">Es ideal para la limpieza de superficies de moqueta como las que pueden encontrarse en aeropuertos, hoteles o centros de congresos, utilizando el cepillo correspondiente. La superficie se limpia cuidadosamente y el polvo y la suciedad son retenidos por el filtro de grandes dimensiones.<\/p>\n<p>[\/vc_column_text][\/vc_column][\/vc_row]<\/p>\n<\/div>","protected":false},"excerpt":{"rendered":"<ul>\n<li>Hasta cuatro horas de productividad silenciosa.<\/li>\n<li>Consola de conducci\u00f3n electr\u00f3nica con diagn\u00f3stico.<\/li>\n<li>Dise\u00f1o compacto de f\u00e1cil mantenimiento, con filtro panel o de tela.<\/li>\n<li>C\u00f3moda, silenciosa e intuitiva con accesibilidad por ambos lados.<\/li>\n<li>Tecnolog\u00eda Star-Stop con ahorro de hasta el 45% de energ\u00eda.<\/li>\n<li>Larga vida de sus componentes y bajo coste de mantenimiento.<\/li>\n<li>Ruedas anti marcas.<\/li>\n<li>Funda protectora.<\/li>\n<\/ul>\n<p><strong>SKU: ZD0023<\/strong><\/p>\n","protected":false},"featured_media":5402,"template":"","meta":[],"product_brand":[],"product_cat":[2585,2588,2580],"product_tag":[259,264,252,256],"class_list":{"0":"post-5401","1":"product","2":"type-product","3":"status-publish","4":"has-post-thumbnail","6":"product_cat-barredoras","7":"product_cat-conductor-sentado-2","8":"product_cat-maquinaria-de-limpieza","9":"product_tag-barredora","10":"product_tag-barredora-a-bateria","11":"product_tag-maquinaria-de-limpieza","12":"product_tag-operador-a-bordo","14":"first","15":"instock","16":"shipping-taxable","17":"product-type-simple"},"yoast_head":"<!-- This site is optimized with the Yoast SEO plugin v27.3 - https:\/\/yoast.com\/product\/yoast-seo-wordpress\/ -->\n<title>BARREDORA FIMAP FSR B - C\u00d3DIGO: ZD0023 - Meprolim<\/title>\n<meta name=\"robots\" content=\"index, follow, max-snippet:-1, max-image-preview:large, max-video-preview:-1\" \/>\n<link rel=\"canonical\" href=\"https:\/\/meprolim.es\/producto\/maquinaria-de-limpieza\/barredoras\/conductor-sentado-2\/barredora-fimap-fsrb\/\" \/>\n<meta property=\"og:locale\" content=\"en_US\" \/>\n<meta property=\"og:type\" content=\"article\" \/>\n<meta property=\"og:title\" content=\"BARREDORA FIMAP FSR B - C\u00d3DIGO: ZD0023 - Meprolim\" \/>\n<meta property=\"og:description\" content=\"Hasta cuatro horas de productividad silenciosa.  Consola de conducci\u00f3n electr\u00f3nica con diagn\u00f3stico.  Dise\u00f1o compacto de f\u00e1cil mantenimiento, con filtro panel o de tela.  C\u00f3moda, silenciosa e intuitiva con accesibilidad por ambos lados.  Tecnolog\u00eda Star-Stop con ahorro de hasta el 45% de energ\u00eda.  Larga vida de sus componentes y bajo coste de mantenimiento.  Ruedas anti marcas.  Funda protectora.  SKU: ZD0023\" \/>\n<meta property=\"og:url\" content=\"https:\/\/meprolim.es\/producto\/maquinaria-de-limpieza\/barredoras\/conductor-sentado-2\/barredora-fimap-fsrb\/\" \/>\n<meta property=\"og:site_name\" content=\"Meprolim\" \/>\n<meta property=\"article:modified_time\" content=\"2020-03-20T17:15:54+00:00\" \/>\n<meta property=\"og:image\" content=\"https:\/\/meprolim.es\/wp-content\/uploads\/2019\/08\/ZD0023.jpg\" \/>\n\t<meta property=\"og:image:width\" content=\"768\" \/>\n\t<meta property=\"og:image:height\" content=\"834\" \/>\n\t<meta property=\"og:image:type\" content=\"image\/jpeg\" \/>\n<meta name=\"twitter:card\" content=\"summary_large_image\" \/>\n<script type=\"application\/ld+json\" class=\"yoast-schema-graph\">{\"@context\":\"https:\\\/\\\/schema.org\",\"@graph\":[{\"@type\":\"WebPage\",\"@id\":\"https:\\\/\\\/meprolim.es\\\/producto\\\/maquinaria-de-limpieza\\\/barredoras\\\/conductor-sentado-2\\\/barredora-fimap-fsrb\\\/\",\"url\":\"https:\\\/\\\/meprolim.es\\\/producto\\\/maquinaria-de-limpieza\\\/barredoras\\\/conductor-sentado-2\\\/barredora-fimap-fsrb\\\/\",\"name\":\"BARREDORA FIMAP FSR B - C\u00d3DIGO: ZD0023 - Meprolim\",\"isPartOf\":{\"@id\":\"https:\\\/\\\/meprolim.es\\\/fr\\\/#website\"},\"primaryImageOfPage\":{\"@id\":\"https:\\\/\\\/meprolim.es\\\/producto\\\/maquinaria-de-limpieza\\\/barredoras\\\/conductor-sentado-2\\\/barredora-fimap-fsrb\\\/#primaryimage\"},\"image\":{\"@id\":\"https:\\\/\\\/meprolim.es\\\/producto\\\/maquinaria-de-limpieza\\\/barredoras\\\/conductor-sentado-2\\\/barredora-fimap-fsrb\\\/#primaryimage\"},\"thumbnailUrl\":\"https:\\\/\\\/meprolim.es\\\/wp-content\\\/uploads\\\/2019\\\/08\\\/ZD0023.jpg\",\"datePublished\":\"2019-08-08T16:47:32+00:00\",\"dateModified\":\"2020-03-20T17:15:54+00:00\",\"breadcrumb\":{\"@id\":\"https:\\\/\\\/meprolim.es\\\/producto\\\/maquinaria-de-limpieza\\\/barredoras\\\/conductor-sentado-2\\\/barredora-fimap-fsrb\\\/#breadcrumb\"},\"inLanguage\":\"en-US\",\"potentialAction\":[{\"@type\":\"ReadAction\",\"target\":[\"https:\\\/\\\/meprolim.es\\\/producto\\\/maquinaria-de-limpieza\\\/barredoras\\\/conductor-sentado-2\\\/barredora-fimap-fsrb\\\/\"]}]},{\"@type\":\"ImageObject\",\"inLanguage\":\"en-US\",\"@id\":\"https:\\\/\\\/meprolim.es\\\/producto\\\/maquinaria-de-limpieza\\\/barredoras\\\/conductor-sentado-2\\\/barredora-fimap-fsrb\\\/#primaryimage\",\"url\":\"https:\\\/\\\/meprolim.es\\\/wp-content\\\/uploads\\\/2019\\\/08\\\/ZD0023.jpg\",\"contentUrl\":\"https:\\\/\\\/meprolim.es\\\/wp-content\\\/uploads\\\/2019\\\/08\\\/ZD0023.jpg\",\"width\":768,\"height\":834,\"caption\":\"Bimat Solid\"},{\"@type\":\"BreadcrumbList\",\"@id\":\"https:\\\/\\\/meprolim.es\\\/producto\\\/maquinaria-de-limpieza\\\/barredoras\\\/conductor-sentado-2\\\/barredora-fimap-fsrb\\\/#breadcrumb\",\"itemListElement\":[{\"@type\":\"ListItem\",\"position\":1,\"name\":\"Portada\",\"item\":\"https:\\\/\\\/meprolim.es\\\/en\\\/\"},{\"@type\":\"ListItem\",\"position\":2,\"name\":\"Catalogue\",\"item\":\"https:\\\/\\\/meprolim.es\\\/en\\\/catalogue\\\/\"},{\"@type\":\"ListItem\",\"position\":3,\"name\":\"BARREDORA FIMAP FSR B &#8211; C\u00d3DIGO: ZD0023\"}]},{\"@type\":\"WebSite\",\"@id\":\"https:\\\/\\\/meprolim.es\\\/fr\\\/#website\",\"url\":\"https:\\\/\\\/meprolim.es\\\/fr\\\/\",\"name\":\"Meprolim\",\"description\":\"Cavas Catalanas S.L.\",\"publisher\":{\"@id\":\"https:\\\/\\\/meprolim.es\\\/fr\\\/#organization\"},\"potentialAction\":[{\"@type\":\"SearchAction\",\"target\":{\"@type\":\"EntryPoint\",\"urlTemplate\":\"https:\\\/\\\/meprolim.es\\\/fr\\\/?s={search_term_string}\"},\"query-input\":{\"@type\":\"PropertyValueSpecification\",\"valueRequired\":true,\"valueName\":\"search_term_string\"}}],\"inLanguage\":\"en-US\"},{\"@type\":\"Organization\",\"@id\":\"https:\\\/\\\/meprolim.es\\\/fr\\\/#organization\",\"name\":\"Meprolim\",\"url\":\"https:\\\/\\\/meprolim.es\\\/fr\\\/\",\"logo\":{\"@type\":\"ImageObject\",\"inLanguage\":\"en-US\",\"@id\":\"https:\\\/\\\/meprolim.es\\\/fr\\\/#\\\/schema\\\/logo\\\/image\\\/\",\"url\":\"https:\\\/\\\/meprolim.es\\\/wp-content\\\/uploads\\\/2019\\\/07\\\/cropped-logo2.png\",\"contentUrl\":\"https:\\\/\\\/meprolim.es\\\/wp-content\\\/uploads\\\/2019\\\/07\\\/cropped-logo2.png\",\"width\":401,\"height\":162,\"caption\":\"Meprolim\"},\"image\":{\"@id\":\"https:\\\/\\\/meprolim.es\\\/fr\\\/#\\\/schema\\\/logo\\\/image\\\/\"}}]}<\/script>\n<!-- \/ Yoast SEO plugin. -->","yoast_head_json":{"title":"BARREDORA FIMAP FSR B - C\u00d3DIGO: ZD0023 - Meprolim","robots":{"index":"index","follow":"follow","max-snippet":"max-snippet:-1","max-image-preview":"max-image-preview:large","max-video-preview":"max-video-preview:-1"},"canonical":"https:\/\/meprolim.es\/producto\/maquinaria-de-limpieza\/barredoras\/conductor-sentado-2\/barredora-fimap-fsrb\/","og_locale":"en_US","og_type":"article","og_title":"BARREDORA FIMAP FSR B - C\u00d3DIGO: ZD0023 - Meprolim","og_description":"Hasta cuatro horas de productividad silenciosa.  Consola de conducci\u00f3n electr\u00f3nica con diagn\u00f3stico.  Dise\u00f1o compacto de f\u00e1cil mantenimiento, con filtro panel o de tela.  C\u00f3moda, silenciosa e intuitiva con accesibilidad por ambos lados.  Tecnolog\u00eda Star-Stop con ahorro de hasta el 45% de energ\u00eda.  Larga vida de sus componentes y bajo coste de mantenimiento.  Ruedas anti marcas.  Funda protectora.  SKU: ZD0023","og_url":"https:\/\/meprolim.es\/producto\/maquinaria-de-limpieza\/barredoras\/conductor-sentado-2\/barredora-fimap-fsrb\/","og_site_name":"Meprolim","article_modified_time":"2020-03-20T17:15:54+00:00","og_image":[{"width":768,"height":834,"url":"https:\/\/meprolim.es\/wp-content\/uploads\/2019\/08\/ZD0023.jpg","type":"image\/jpeg"}],"twitter_card":"summary_large_image","schema":{"@context":"https:\/\/schema.org","@graph":[{"@type":"WebPage","@id":"https:\/\/meprolim.es\/producto\/maquinaria-de-limpieza\/barredoras\/conductor-sentado-2\/barredora-fimap-fsrb\/","url":"https:\/\/meprolim.es\/producto\/maquinaria-de-limpieza\/barredoras\/conductor-sentado-2\/barredora-fimap-fsrb\/","name":"BARREDORA FIMAP FSR B - C\u00d3DIGO: ZD0023 - Meprolim","isPartOf":{"@id":"https:\/\/meprolim.es\/fr\/#website"},"primaryImageOfPage":{"@id":"https:\/\/meprolim.es\/producto\/maquinaria-de-limpieza\/barredoras\/conductor-sentado-2\/barredora-fimap-fsrb\/#primaryimage"},"image":{"@id":"https:\/\/meprolim.es\/producto\/maquinaria-de-limpieza\/barredoras\/conductor-sentado-2\/barredora-fimap-fsrb\/#primaryimage"},"thumbnailUrl":"https:\/\/meprolim.es\/wp-content\/uploads\/2019\/08\/ZD0023.jpg","datePublished":"2019-08-08T16:47:32+00:00","dateModified":"2020-03-20T17:15:54+00:00","breadcrumb":{"@id":"https:\/\/meprolim.es\/producto\/maquinaria-de-limpieza\/barredoras\/conductor-sentado-2\/barredora-fimap-fsrb\/#breadcrumb"},"inLanguage":"en-US","potentialAction":[{"@type":"ReadAction","target":["https:\/\/meprolim.es\/producto\/maquinaria-de-limpieza\/barredoras\/conductor-sentado-2\/barredora-fimap-fsrb\/"]}]},{"@type":"ImageObject","inLanguage":"en-US","@id":"https:\/\/meprolim.es\/producto\/maquinaria-de-limpieza\/barredoras\/conductor-sentado-2\/barredora-fimap-fsrb\/#primaryimage","url":"https:\/\/meprolim.es\/wp-content\/uploads\/2019\/08\/ZD0023.jpg","contentUrl":"https:\/\/meprolim.es\/wp-content\/uploads\/2019\/08\/ZD0023.jpg","width":768,"height":834,"caption":"Bimat Solid"},{"@type":"BreadcrumbList","@id":"https:\/\/meprolim.es\/producto\/maquinaria-de-limpieza\/barredoras\/conductor-sentado-2\/barredora-fimap-fsrb\/#breadcrumb","itemListElement":[{"@type":"ListItem","position":1,"name":"Portada","item":"https:\/\/meprolim.es\/en\/"},{"@type":"ListItem","position":2,"name":"Catalogue","item":"https:\/\/meprolim.es\/en\/catalogue\/"},{"@type":"ListItem","position":3,"name":"BARREDORA FIMAP FSR B &#8211; C\u00d3DIGO: ZD0023"}]},{"@type":"WebSite","@id":"https:\/\/meprolim.es\/fr\/#website","url":"https:\/\/meprolim.es\/fr\/","name":"Meprolim","description":"Cavas Catalanas S.L.","publisher":{"@id":"https:\/\/meprolim.es\/fr\/#organization"},"potentialAction":[{"@type":"SearchAction","target":{"@type":"EntryPoint","urlTemplate":"https:\/\/meprolim.es\/fr\/?s={search_term_string}"},"query-input":{"@type":"PropertyValueSpecification","valueRequired":true,"valueName":"search_term_string"}}],"inLanguage":"en-US"},{"@type":"Organization","@id":"https:\/\/meprolim.es\/fr\/#organization","name":"Meprolim","url":"https:\/\/meprolim.es\/fr\/","logo":{"@type":"ImageObject","inLanguage":"en-US","@id":"https:\/\/meprolim.es\/fr\/#\/schema\/logo\/image\/","url":"https:\/\/meprolim.es\/wp-content\/uploads\/2019\/07\/cropped-logo2.png","contentUrl":"https:\/\/meprolim.es\/wp-content\/uploads\/2019\/07\/cropped-logo2.png","width":401,"height":162,"caption":"Meprolim"},"image":{"@id":"https:\/\/meprolim.es\/fr\/#\/schema\/logo\/image\/"}}]}},"_links":{"self":[{"href":"https:\/\/meprolim.es\/en\/wp-json\/wp\/v2\/product\/5401","targetHints":{"allow":["GET"]}}],"collection":[{"href":"https:\/\/meprolim.es\/en\/wp-json\/wp\/v2\/product"}],"about":[{"href":"https:\/\/meprolim.es\/en\/wp-json\/wp\/v2\/types\/product"}],"wp:featuredmedia":[{"embeddable":true,"href":"https:\/\/meprolim.es\/en\/wp-json\/wp\/v2\/media\/5402"}],"wp:attachment":[{"href":"https:\/\/meprolim.es\/en\/wp-json\/wp\/v2\/media?parent=5401"}],"wp:term":[{"taxonomy":"product_brand","embeddable":true,"href":"https:\/\/meprolim.es\/en\/wp-json\/wp\/v2\/product_brand?post=5401"},{"taxonomy":"product_cat","embeddable":true,"href":"https:\/\/meprolim.es\/en\/wp-json\/wp\/v2\/product_cat?post=5401"},{"taxonomy":"product_tag","embeddable":true,"href":"https:\/\/meprolim.es\/en\/wp-json\/wp\/v2\/product_tag?post=5401"}],"curies":[{"name":"wp","href":"https:\/\/api.w.org\/{rel}","templated":true}]}}