{"id":5411,"date":"2019-08-08T19:48:42","date_gmt":"2019-08-08T18:48:42","guid":{"rendered":"http:\/\/www.meprolim.es\/?post_type=product&#038;p=5411"},"modified":"2020-03-20T17:16:55","modified_gmt":"2020-03-20T17:16:55","slug":"barredora-comac-cs90b-cs90d","status":"publish","type":"product","link":"https:\/\/meprolim.es\/en\/producto\/maquinaria-de-limpieza\/barredoras-en\/conductor-sentado-en-2\/barredora-comac-cs90b-cs90d\/","title":{"rendered":"BARREDORAS COMAC A BATER\u00cdA O DI\u00c9SEL CS90B\/CS90D &#8211; C\u00d3DIGO: ZB0006"},"content":{"rendered":"<div class=\"wpb-content-wrapper\"><p>[vc_row][vc_column][vc_column_text]<\/p>\n<p style=\"text-align: justify;\">CS90B\/CS90D<\/p>\n<p style=\"text-align: justify;\">Son ideales para limpiar la suciedad m\u00e1s resistente en superficies externas e internas y en grandes almacenes, explanadas y aparcamientos de hasta m\u00e1s de 20.000 m2.<\/p>\n<p style=\"text-align: justify;\">Las barredoras CS90 son ideales tanto para la limpieza de grandes superficies como para zonas angostas, gracias a la adopci\u00f3n del bastidor en forma de caja construido alrededor del cepillo central de unas dimensiones extremadamente reducidas, y, al mismo tiempo, muy robusto.<\/p>\n<p>[\/vc_column_text][\/vc_column][\/vc_row]<\/p>\n<\/div>","protected":false},"excerpt":{"rendered":"<ul>\n<li>Barredoras ideales para la limpieza de grandes superficies gracias a la adopci\u00f3n del bastidor de reducidas dimensiones construido alrededor del cepillo central.<\/li>\n<li>Ofrece una gran autonom\u00eda de hasta 4 horas con la instalaci\u00f3n de bater\u00edas de 480 Ah C5.<\/li>\n<li>Ruedas anti deslizantes y anti marcas.<\/li>\n<li>Las funciones principales son hidr\u00e1ulicas: tracci\u00f3n, elevaci\u00f3n y vaciado del contenedor de residuos, rotaci\u00f3n de cepillos y aspiraci\u00f3n del polvo.<\/li>\n<li>Silenciosa, c\u00f3moda y con unas medidas semejantes a los de una fregadora de conductor a pie.<\/li>\n<li>Conducci\u00f3n f\u00e1cil y c\u00f3moda para el operador.<\/li>\n<li>Buena accesibilidad al compartimento del motor.<\/li>\n<\/ul>\n<p><strong>SKU CS90B BATER\u00cdA: ZB0006<\/strong><\/p>\n<p><strong>SKU CS90D DI\u00c9SEL: ZB0005<\/strong><\/p>\n","protected":false},"featured_media":5412,"template":"","meta":[],"product_brand":[],"product_cat":[2585,2588,2580],"product_tag":[259,268,269,252,256],"class_list":{"0":"post-5411","1":"product","2":"type-product","3":"status-publish","4":"has-post-thumbnail","6":"product_cat-barredoras","7":"product_cat-conductor-sentado-2","8":"product_cat-maquinaria-de-limpieza","9":"product_tag-barredora","10":"product_tag-barredora-bateria","11":"product_tag-barredora-diesel","12":"product_tag-maquinaria-de-limpieza","13":"product_tag-operador-a-bordo","15":"first","16":"instock","17":"shipping-taxable","18":"product-type-simple"},"yoast_head":"<!-- This site is optimized with the Yoast SEO plugin v27.3 - https:\/\/yoast.com\/product\/yoast-seo-wordpress\/ -->\n<title>BARREDORAS COMAC A BATER\u00cdA O DI\u00c9SEL CS90B\/CS90D - C\u00d3DIGO: ZB0006 - Meprolim<\/title>\n<meta name=\"robots\" content=\"index, follow, max-snippet:-1, max-image-preview:large, max-video-preview:-1\" \/>\n<link rel=\"canonical\" href=\"https:\/\/meprolim.es\/de\/producto\/maquinaria-de-limpieza\/barredoras\/conductor-sentado-2\/barredora-comac-cs90b-cs90d\/\" \/>\n<meta property=\"og:locale\" content=\"en_US\" \/>\n<meta property=\"og:type\" content=\"article\" \/>\n<meta property=\"og:title\" content=\"BARREDORAS COMAC A BATER\u00cdA O DI\u00c9SEL CS90B\/CS90D - C\u00d3DIGO: ZB0006 - Meprolim\" \/>\n<meta property=\"og:description\" content=\"Barredoras ideales para la limpieza de grandes superficies gracias a la adopci\u00f3n del bastidor de reducidas dimensiones construido alrededor del cepillo central.  Ofrece una gran autonom\u00eda de hasta 4 horas con la instalaci\u00f3n de bater\u00edas de 480 Ah C5.  Ruedas anti deslizantes y anti marcas.  Las funciones principales son hidr\u00e1ulicas: tracci\u00f3n, elevaci\u00f3n y vaciado del contenedor de residuos, rotaci\u00f3n de cepillos y aspiraci\u00f3n del polvo.  Silenciosa, c\u00f3moda y con unas medidas semejantes a los de una fregadora de conductor a pie.  Conducci\u00f3n f\u00e1cil y c\u00f3moda para el operador.  Buena accesibilidad al compartimento del motor.  SKU CS90B BATER\u00cdA: ZB0006 SKU CS90D DI\u00c9SEL: ZB0005\" \/>\n<meta property=\"og:url\" content=\"https:\/\/meprolim.es\/de\/producto\/maquinaria-de-limpieza\/barredoras\/conductor-sentado-2\/barredora-comac-cs90b-cs90d\/\" \/>\n<meta property=\"og:site_name\" content=\"Meprolim\" \/>\n<meta property=\"article:modified_time\" content=\"2020-03-20T17:16:55+00:00\" \/>\n<meta property=\"og:image\" content=\"https:\/\/meprolim.es\/wp-content\/uploads\/2019\/08\/ZB0006.jpg\" \/>\n\t<meta property=\"og:image:width\" content=\"768\" \/>\n\t<meta property=\"og:image:height\" content=\"834\" \/>\n\t<meta property=\"og:image:type\" content=\"image\/jpeg\" \/>\n<meta name=\"twitter:card\" content=\"summary_large_image\" \/>\n<script type=\"application\/ld+json\" class=\"yoast-schema-graph\">{\"@context\":\"https:\\\/\\\/schema.org\",\"@graph\":[{\"@type\":\"WebPage\",\"@id\":\"https:\\\/\\\/meprolim.es\\\/de\\\/producto\\\/maquinaria-de-limpieza\\\/barredoras\\\/conductor-sentado-2\\\/barredora-comac-cs90b-cs90d\\\/\",\"url\":\"https:\\\/\\\/meprolim.es\\\/de\\\/producto\\\/maquinaria-de-limpieza\\\/barredoras\\\/conductor-sentado-2\\\/barredora-comac-cs90b-cs90d\\\/\",\"name\":\"BARREDORAS COMAC A BATER\u00cdA O DI\u00c9SEL CS90B\\\/CS90D - C\u00d3DIGO: ZB0006 - Meprolim\",\"isPartOf\":{\"@id\":\"https:\\\/\\\/meprolim.es\\\/fr\\\/#website\"},\"primaryImageOfPage\":{\"@id\":\"https:\\\/\\\/meprolim.es\\\/de\\\/producto\\\/maquinaria-de-limpieza\\\/barredoras\\\/conductor-sentado-2\\\/barredora-comac-cs90b-cs90d\\\/#primaryimage\"},\"image\":{\"@id\":\"https:\\\/\\\/meprolim.es\\\/de\\\/producto\\\/maquinaria-de-limpieza\\\/barredoras\\\/conductor-sentado-2\\\/barredora-comac-cs90b-cs90d\\\/#primaryimage\"},\"thumbnailUrl\":\"https:\\\/\\\/meprolim.es\\\/wp-content\\\/uploads\\\/2019\\\/08\\\/ZB0006.jpg\",\"datePublished\":\"2019-08-08T18:48:42+00:00\",\"dateModified\":\"2020-03-20T17:16:55+00:00\",\"breadcrumb\":{\"@id\":\"https:\\\/\\\/meprolim.es\\\/de\\\/producto\\\/maquinaria-de-limpieza\\\/barredoras\\\/conductor-sentado-2\\\/barredora-comac-cs90b-cs90d\\\/#breadcrumb\"},\"inLanguage\":\"en-US\",\"potentialAction\":[{\"@type\":\"ReadAction\",\"target\":[\"https:\\\/\\\/meprolim.es\\\/de\\\/producto\\\/maquinaria-de-limpieza\\\/barredoras\\\/conductor-sentado-2\\\/barredora-comac-cs90b-cs90d\\\/\"]}]},{\"@type\":\"ImageObject\",\"inLanguage\":\"en-US\",\"@id\":\"https:\\\/\\\/meprolim.es\\\/de\\\/producto\\\/maquinaria-de-limpieza\\\/barredoras\\\/conductor-sentado-2\\\/barredora-comac-cs90b-cs90d\\\/#primaryimage\",\"url\":\"https:\\\/\\\/meprolim.es\\\/wp-content\\\/uploads\\\/2019\\\/08\\\/ZB0006.jpg\",\"contentUrl\":\"https:\\\/\\\/meprolim.es\\\/wp-content\\\/uploads\\\/2019\\\/08\\\/ZB0006.jpg\",\"width\":768,\"height\":834,\"caption\":\"Bimat Solid\"},{\"@type\":\"BreadcrumbList\",\"@id\":\"https:\\\/\\\/meprolim.es\\\/de\\\/producto\\\/maquinaria-de-limpieza\\\/barredoras\\\/conductor-sentado-2\\\/barredora-comac-cs90b-cs90d\\\/#breadcrumb\",\"itemListElement\":[{\"@type\":\"ListItem\",\"position\":1,\"name\":\"Portada\",\"item\":\"https:\\\/\\\/meprolim.es\\\/en\\\/\"},{\"@type\":\"ListItem\",\"position\":2,\"name\":\"Catalogue\",\"item\":\"https:\\\/\\\/meprolim.es\\\/en\\\/catalogue\\\/\"},{\"@type\":\"ListItem\",\"position\":3,\"name\":\"BARREDORAS COMAC A BATER\u00cdA O DI\u00c9SEL CS90B\\\/CS90D &#8211; C\u00d3DIGO: ZB0006\"}]},{\"@type\":\"WebSite\",\"@id\":\"https:\\\/\\\/meprolim.es\\\/fr\\\/#website\",\"url\":\"https:\\\/\\\/meprolim.es\\\/fr\\\/\",\"name\":\"Meprolim\",\"description\":\"Cavas Catalanas S.L.\",\"publisher\":{\"@id\":\"https:\\\/\\\/meprolim.es\\\/fr\\\/#organization\"},\"potentialAction\":[{\"@type\":\"SearchAction\",\"target\":{\"@type\":\"EntryPoint\",\"urlTemplate\":\"https:\\\/\\\/meprolim.es\\\/fr\\\/?s={search_term_string}\"},\"query-input\":{\"@type\":\"PropertyValueSpecification\",\"valueRequired\":true,\"valueName\":\"search_term_string\"}}],\"inLanguage\":\"en-US\"},{\"@type\":\"Organization\",\"@id\":\"https:\\\/\\\/meprolim.es\\\/fr\\\/#organization\",\"name\":\"Meprolim\",\"url\":\"https:\\\/\\\/meprolim.es\\\/fr\\\/\",\"logo\":{\"@type\":\"ImageObject\",\"inLanguage\":\"en-US\",\"@id\":\"https:\\\/\\\/meprolim.es\\\/fr\\\/#\\\/schema\\\/logo\\\/image\\\/\",\"url\":\"https:\\\/\\\/meprolim.es\\\/wp-content\\\/uploads\\\/2019\\\/07\\\/cropped-logo2.png\",\"contentUrl\":\"https:\\\/\\\/meprolim.es\\\/wp-content\\\/uploads\\\/2019\\\/07\\\/cropped-logo2.png\",\"width\":401,\"height\":162,\"caption\":\"Meprolim\"},\"image\":{\"@id\":\"https:\\\/\\\/meprolim.es\\\/fr\\\/#\\\/schema\\\/logo\\\/image\\\/\"}}]}<\/script>\n<!-- \/ Yoast SEO plugin. -->","yoast_head_json":{"title":"BARREDORAS COMAC A BATER\u00cdA O DI\u00c9SEL CS90B\/CS90D - C\u00d3DIGO: ZB0006 - Meprolim","robots":{"index":"index","follow":"follow","max-snippet":"max-snippet:-1","max-image-preview":"max-image-preview:large","max-video-preview":"max-video-preview:-1"},"canonical":"https:\/\/meprolim.es\/de\/producto\/maquinaria-de-limpieza\/barredoras\/conductor-sentado-2\/barredora-comac-cs90b-cs90d\/","og_locale":"en_US","og_type":"article","og_title":"BARREDORAS COMAC A BATER\u00cdA O DI\u00c9SEL CS90B\/CS90D - C\u00d3DIGO: ZB0006 - Meprolim","og_description":"Barredoras ideales para la limpieza de grandes superficies gracias a la adopci\u00f3n del bastidor de reducidas dimensiones construido alrededor del cepillo central.  Ofrece una gran autonom\u00eda de hasta 4 horas con la instalaci\u00f3n de bater\u00edas de 480 Ah C5.  Ruedas anti deslizantes y anti marcas.  Las funciones principales son hidr\u00e1ulicas: tracci\u00f3n, elevaci\u00f3n y vaciado del contenedor de residuos, rotaci\u00f3n de cepillos y aspiraci\u00f3n del polvo.  Silenciosa, c\u00f3moda y con unas medidas semejantes a los de una fregadora de conductor a pie.  Conducci\u00f3n f\u00e1cil y c\u00f3moda para el operador.  Buena accesibilidad al compartimento del motor.  SKU CS90B BATER\u00cdA: ZB0006 SKU CS90D DI\u00c9SEL: ZB0005","og_url":"https:\/\/meprolim.es\/de\/producto\/maquinaria-de-limpieza\/barredoras\/conductor-sentado-2\/barredora-comac-cs90b-cs90d\/","og_site_name":"Meprolim","article_modified_time":"2020-03-20T17:16:55+00:00","og_image":[{"width":768,"height":834,"url":"https:\/\/meprolim.es\/wp-content\/uploads\/2019\/08\/ZB0006.jpg","type":"image\/jpeg"}],"twitter_card":"summary_large_image","schema":{"@context":"https:\/\/schema.org","@graph":[{"@type":"WebPage","@id":"https:\/\/meprolim.es\/de\/producto\/maquinaria-de-limpieza\/barredoras\/conductor-sentado-2\/barredora-comac-cs90b-cs90d\/","url":"https:\/\/meprolim.es\/de\/producto\/maquinaria-de-limpieza\/barredoras\/conductor-sentado-2\/barredora-comac-cs90b-cs90d\/","name":"BARREDORAS COMAC A BATER\u00cdA O DI\u00c9SEL CS90B\/CS90D - C\u00d3DIGO: ZB0006 - Meprolim","isPartOf":{"@id":"https:\/\/meprolim.es\/fr\/#website"},"primaryImageOfPage":{"@id":"https:\/\/meprolim.es\/de\/producto\/maquinaria-de-limpieza\/barredoras\/conductor-sentado-2\/barredora-comac-cs90b-cs90d\/#primaryimage"},"image":{"@id":"https:\/\/meprolim.es\/de\/producto\/maquinaria-de-limpieza\/barredoras\/conductor-sentado-2\/barredora-comac-cs90b-cs90d\/#primaryimage"},"thumbnailUrl":"https:\/\/meprolim.es\/wp-content\/uploads\/2019\/08\/ZB0006.jpg","datePublished":"2019-08-08T18:48:42+00:00","dateModified":"2020-03-20T17:16:55+00:00","breadcrumb":{"@id":"https:\/\/meprolim.es\/de\/producto\/maquinaria-de-limpieza\/barredoras\/conductor-sentado-2\/barredora-comac-cs90b-cs90d\/#breadcrumb"},"inLanguage":"en-US","potentialAction":[{"@type":"ReadAction","target":["https:\/\/meprolim.es\/de\/producto\/maquinaria-de-limpieza\/barredoras\/conductor-sentado-2\/barredora-comac-cs90b-cs90d\/"]}]},{"@type":"ImageObject","inLanguage":"en-US","@id":"https:\/\/meprolim.es\/de\/producto\/maquinaria-de-limpieza\/barredoras\/conductor-sentado-2\/barredora-comac-cs90b-cs90d\/#primaryimage","url":"https:\/\/meprolim.es\/wp-content\/uploads\/2019\/08\/ZB0006.jpg","contentUrl":"https:\/\/meprolim.es\/wp-content\/uploads\/2019\/08\/ZB0006.jpg","width":768,"height":834,"caption":"Bimat Solid"},{"@type":"BreadcrumbList","@id":"https:\/\/meprolim.es\/de\/producto\/maquinaria-de-limpieza\/barredoras\/conductor-sentado-2\/barredora-comac-cs90b-cs90d\/#breadcrumb","itemListElement":[{"@type":"ListItem","position":1,"name":"Portada","item":"https:\/\/meprolim.es\/en\/"},{"@type":"ListItem","position":2,"name":"Catalogue","item":"https:\/\/meprolim.es\/en\/catalogue\/"},{"@type":"ListItem","position":3,"name":"BARREDORAS COMAC A BATER\u00cdA O DI\u00c9SEL CS90B\/CS90D &#8211; C\u00d3DIGO: ZB0006"}]},{"@type":"WebSite","@id":"https:\/\/meprolim.es\/fr\/#website","url":"https:\/\/meprolim.es\/fr\/","name":"Meprolim","description":"Cavas Catalanas S.L.","publisher":{"@id":"https:\/\/meprolim.es\/fr\/#organization"},"potentialAction":[{"@type":"SearchAction","target":{"@type":"EntryPoint","urlTemplate":"https:\/\/meprolim.es\/fr\/?s={search_term_string}"},"query-input":{"@type":"PropertyValueSpecification","valueRequired":true,"valueName":"search_term_string"}}],"inLanguage":"en-US"},{"@type":"Organization","@id":"https:\/\/meprolim.es\/fr\/#organization","name":"Meprolim","url":"https:\/\/meprolim.es\/fr\/","logo":{"@type":"ImageObject","inLanguage":"en-US","@id":"https:\/\/meprolim.es\/fr\/#\/schema\/logo\/image\/","url":"https:\/\/meprolim.es\/wp-content\/uploads\/2019\/07\/cropped-logo2.png","contentUrl":"https:\/\/meprolim.es\/wp-content\/uploads\/2019\/07\/cropped-logo2.png","width":401,"height":162,"caption":"Meprolim"},"image":{"@id":"https:\/\/meprolim.es\/fr\/#\/schema\/logo\/image\/"}}]}},"_links":{"self":[{"href":"https:\/\/meprolim.es\/en\/wp-json\/wp\/v2\/product\/5411","targetHints":{"allow":["GET"]}}],"collection":[{"href":"https:\/\/meprolim.es\/en\/wp-json\/wp\/v2\/product"}],"about":[{"href":"https:\/\/meprolim.es\/en\/wp-json\/wp\/v2\/types\/product"}],"wp:featuredmedia":[{"embeddable":true,"href":"https:\/\/meprolim.es\/en\/wp-json\/wp\/v2\/media\/5412"}],"wp:attachment":[{"href":"https:\/\/meprolim.es\/en\/wp-json\/wp\/v2\/media?parent=5411"}],"wp:term":[{"taxonomy":"product_brand","embeddable":true,"href":"https:\/\/meprolim.es\/en\/wp-json\/wp\/v2\/product_brand?post=5411"},{"taxonomy":"product_cat","embeddable":true,"href":"https:\/\/meprolim.es\/en\/wp-json\/wp\/v2\/product_cat?post=5411"},{"taxonomy":"product_tag","embeddable":true,"href":"https:\/\/meprolim.es\/en\/wp-json\/wp\/v2\/product_tag?post=5411"}],"curies":[{"name":"wp","href":"https:\/\/api.w.org\/{rel}","templated":true}]}}