{"id":5440,"date":"2019-08-09T13:18:21","date_gmt":"2019-08-09T12:18:21","guid":{"rendered":"http:\/\/www.meprolim.es\/?post_type=product&#038;p=5440"},"modified":"2020-03-20T16:49:35","modified_gmt":"2020-03-20T16:49:35","slug":"hidrolimpiadora-trifasica-de-agua-caliente-pw-h50-4-mod-d1813p4-t","status":"publish","type":"product","link":"https:\/\/meprolim.es\/en\/producto\/maquinaria-de-limpieza\/hidrolimpiadoras-en\/agua-caliente-en\/hidrolimpiadora-trifasica-de-agua-caliente-pw-h50-4-mod-d1813p4-t\/","title":{"rendered":"HIDROLIMPIADORA TRIF\u00c1SICA DE AGUA CALIENTE PW-H50\/4 Mod. D1813P4 T &#8211; C\u00d3DIGO: ZG0027"},"content":{"rendered":"<div class=\"wpb-content-wrapper\"><p>[vc_row][vc_column][vc_column_text]<\/p>\n<p>Accesorios incluidos: pistola, lanza, boquilla alta presi\u00f3n de 10m.<\/p>\n<p>[\/vc_column_text][\/vc_column][\/vc_row]<\/p>\n<\/div>","protected":false},"excerpt":{"rendered":"<ul>\n<li>Hidrolimpiadora profesional alta presi\u00f3n de agua caliente.<\/li>\n<li>Motor el\u00e9ctrico de cuatro polos a 1.400 rpm.<\/li>\n<li>Bomba con pistones de cer\u00e1mica y cabezal en lat\u00f3n.<\/li>\n<li>Control remoto DTS (Parada Total Retrasada) y fase vapor.<\/li>\n<li>Interruptor inteligente autom\u00e1tico de apagado (IASF).<\/li>\n<li>Control de microp\u00e9rdidas (MLC).<\/li>\n<li>Protecci\u00f3n contra funcionamiento en seco (DRP).<\/li>\n<li>Control de boquilla obstruida (NCC).<\/li>\n<li>Retardo en encendido de la caldera (IDB).<\/li>\n<li>Contador horas de trabajo (WHC).<\/li>\n<li>Control estabilizador de temperatura (ATC).<\/li>\n<li>Unidad de protecci\u00f3n cal\/corrosi\u00f3n (LCPU).<\/li>\n<li>Acoplamiento de la bomba directo, con casquillo lubricado. V\u00e1lvula by-pass en lat\u00f3n atornillado.<\/li>\n<li>V\u00e1lvula de descarga de bronce.<\/li>\n<li>Suministro de detergente en alta presi\u00f3n y dispositivo desincrustante.<\/li>\n<li>Caldera en acero inoxidable.<\/li>\n<li>Tanque de agua, dispositivo antical y fase de vapor.<\/li>\n<li>Estructura del bastidor en pl\u00e1stico y acero pintado.<\/li>\n<li>Con cuatro ruedas fijas.<\/li>\n<\/ul>\n<p><strong>SKU: ZG0027<\/strong><\/p>\n<p>&nbsp;<\/p>\n<p>&nbsp;<\/p>\n","protected":false},"featured_media":5441,"template":"","meta":[],"product_brand":[],"product_cat":[2592,2590,2580],"product_tag":[277,271,260,252,257,275],"class_list":{"0":"post-5440","1":"product","2":"type-product","3":"status-publish","4":"has-post-thumbnail","6":"product_cat-agua-caliente","7":"product_cat-hidrolimpiadoras","8":"product_cat-maquinaria-de-limpieza","9":"product_tag-agua-caliente","10":"product_tag-hidrolimpiadora","11":"product_tag-maquinaria-a-gasolina","12":"product_tag-maquinaria-de-limpieza","13":"product_tag-operario-a-pie","14":"product_tag-trifasica","16":"first","17":"instock","18":"shipping-taxable","19":"product-type-simple"},"yoast_head":"<!-- This site is optimized with the Yoast SEO plugin v27.3 - https:\/\/yoast.com\/product\/yoast-seo-wordpress\/ -->\n<title>HIDROLIMPIADORA TRIF\u00c1SICA DE AGUA CALIENTE PW-H50\/4 Mod. D1813P4 T - C\u00d3DIGO: ZG0027 - Meprolim<\/title>\n<meta name=\"robots\" content=\"index, follow, max-snippet:-1, max-image-preview:large, max-video-preview:-1\" \/>\n<link rel=\"canonical\" href=\"https:\/\/meprolim.es\/fr\/producto\/maquinaria-de-limpieza\/hidrolimpiadoras\/agua-caliente\/hidrolimpiadora-trifasica-de-agua-caliente-pw-h50-4-mod-d1813p4-t\/\" \/>\n<meta property=\"og:locale\" content=\"en_US\" \/>\n<meta property=\"og:type\" content=\"article\" \/>\n<meta property=\"og:title\" content=\"HIDROLIMPIADORA TRIF\u00c1SICA DE AGUA CALIENTE PW-H50\/4 Mod. D1813P4 T - C\u00d3DIGO: ZG0027 - Meprolim\" \/>\n<meta property=\"og:description\" content=\"Hidrolimpiadora profesional alta presi\u00f3n de agua caliente.  Motor el\u00e9ctrico de cuatro polos a 1.400 rpm.  Bomba con pistones de cer\u00e1mica y cabezal en lat\u00f3n.  Control remoto DTS (Parada Total Retrasada) y fase vapor.  Interruptor inteligente autom\u00e1tico de apagado (IASF).  Control de microp\u00e9rdidas (MLC).  Protecci\u00f3n contra funcionamiento en seco (DRP).  Control de boquilla obstruida (NCC).  Retardo en encendido de la caldera (IDB).  Contador horas de trabajo (WHC).  Control estabilizador de temperatura (ATC).  Unidad de protecci\u00f3n cal\/corrosi\u00f3n (LCPU).  Acoplamiento de la bomba directo, con casquillo lubricado. V\u00e1lvula by-pass en lat\u00f3n atornillado.  V\u00e1lvula de descarga de bronce.  Suministro de detergente en alta presi\u00f3n y dispositivo desincrustante.  Caldera en acero inoxidable.  Tanque de agua, dispositivo antical y fase de vapor.  Estructura del bastidor en pl\u00e1stico y acero pintado.  Con cuatro ruedas fijas.  SKU: ZG0027 &nbsp; &nbsp;\" \/>\n<meta property=\"og:url\" content=\"https:\/\/meprolim.es\/fr\/producto\/maquinaria-de-limpieza\/hidrolimpiadoras\/agua-caliente\/hidrolimpiadora-trifasica-de-agua-caliente-pw-h50-4-mod-d1813p4-t\/\" \/>\n<meta property=\"og:site_name\" content=\"Meprolim\" \/>\n<meta property=\"article:modified_time\" content=\"2020-03-20T16:49:35+00:00\" \/>\n<meta property=\"og:image\" content=\"https:\/\/meprolim.es\/wp-content\/uploads\/2019\/08\/ZG0027.jpg\" \/>\n\t<meta property=\"og:image:width\" content=\"768\" \/>\n\t<meta property=\"og:image:height\" content=\"768\" \/>\n\t<meta property=\"og:image:type\" content=\"image\/jpeg\" \/>\n<meta name=\"twitter:card\" content=\"summary_large_image\" \/>\n<script type=\"application\/ld+json\" class=\"yoast-schema-graph\">{\"@context\":\"https:\\\/\\\/schema.org\",\"@graph\":[{\"@type\":\"WebPage\",\"@id\":\"https:\\\/\\\/meprolim.es\\\/fr\\\/producto\\\/maquinaria-de-limpieza\\\/hidrolimpiadoras\\\/agua-caliente\\\/hidrolimpiadora-trifasica-de-agua-caliente-pw-h50-4-mod-d1813p4-t\\\/\",\"url\":\"https:\\\/\\\/meprolim.es\\\/fr\\\/producto\\\/maquinaria-de-limpieza\\\/hidrolimpiadoras\\\/agua-caliente\\\/hidrolimpiadora-trifasica-de-agua-caliente-pw-h50-4-mod-d1813p4-t\\\/\",\"name\":\"HIDROLIMPIADORA TRIF\u00c1SICA DE AGUA CALIENTE PW-H50\\\/4 Mod. D1813P4 T - C\u00d3DIGO: ZG0027 - Meprolim\",\"isPartOf\":{\"@id\":\"https:\\\/\\\/meprolim.es\\\/fr\\\/#website\"},\"primaryImageOfPage\":{\"@id\":\"https:\\\/\\\/meprolim.es\\\/fr\\\/producto\\\/maquinaria-de-limpieza\\\/hidrolimpiadoras\\\/agua-caliente\\\/hidrolimpiadora-trifasica-de-agua-caliente-pw-h50-4-mod-d1813p4-t\\\/#primaryimage\"},\"image\":{\"@id\":\"https:\\\/\\\/meprolim.es\\\/fr\\\/producto\\\/maquinaria-de-limpieza\\\/hidrolimpiadoras\\\/agua-caliente\\\/hidrolimpiadora-trifasica-de-agua-caliente-pw-h50-4-mod-d1813p4-t\\\/#primaryimage\"},\"thumbnailUrl\":\"https:\\\/\\\/meprolim.es\\\/wp-content\\\/uploads\\\/2019\\\/08\\\/ZG0027.jpg\",\"datePublished\":\"2019-08-09T12:18:21+00:00\",\"dateModified\":\"2020-03-20T16:49:35+00:00\",\"breadcrumb\":{\"@id\":\"https:\\\/\\\/meprolim.es\\\/fr\\\/producto\\\/maquinaria-de-limpieza\\\/hidrolimpiadoras\\\/agua-caliente\\\/hidrolimpiadora-trifasica-de-agua-caliente-pw-h50-4-mod-d1813p4-t\\\/#breadcrumb\"},\"inLanguage\":\"en-US\",\"potentialAction\":[{\"@type\":\"ReadAction\",\"target\":[\"https:\\\/\\\/meprolim.es\\\/fr\\\/producto\\\/maquinaria-de-limpieza\\\/hidrolimpiadoras\\\/agua-caliente\\\/hidrolimpiadora-trifasica-de-agua-caliente-pw-h50-4-mod-d1813p4-t\\\/\"]}]},{\"@type\":\"ImageObject\",\"inLanguage\":\"en-US\",\"@id\":\"https:\\\/\\\/meprolim.es\\\/fr\\\/producto\\\/maquinaria-de-limpieza\\\/hidrolimpiadoras\\\/agua-caliente\\\/hidrolimpiadora-trifasica-de-agua-caliente-pw-h50-4-mod-d1813p4-t\\\/#primaryimage\",\"url\":\"https:\\\/\\\/meprolim.es\\\/wp-content\\\/uploads\\\/2019\\\/08\\\/ZG0027.jpg\",\"contentUrl\":\"https:\\\/\\\/meprolim.es\\\/wp-content\\\/uploads\\\/2019\\\/08\\\/ZG0027.jpg\",\"width\":768,\"height\":768,\"caption\":\"Bimat Solid\"},{\"@type\":\"BreadcrumbList\",\"@id\":\"https:\\\/\\\/meprolim.es\\\/fr\\\/producto\\\/maquinaria-de-limpieza\\\/hidrolimpiadoras\\\/agua-caliente\\\/hidrolimpiadora-trifasica-de-agua-caliente-pw-h50-4-mod-d1813p4-t\\\/#breadcrumb\",\"itemListElement\":[{\"@type\":\"ListItem\",\"position\":1,\"name\":\"Portada\",\"item\":\"https:\\\/\\\/meprolim.es\\\/en\\\/\"},{\"@type\":\"ListItem\",\"position\":2,\"name\":\"Catalogue\",\"item\":\"https:\\\/\\\/meprolim.es\\\/en\\\/catalogue\\\/\"},{\"@type\":\"ListItem\",\"position\":3,\"name\":\"HIDROLIMPIADORA TRIF\u00c1SICA DE AGUA CALIENTE PW-H50\\\/4 Mod. D1813P4 T &#8211; C\u00d3DIGO: ZG0027\"}]},{\"@type\":\"WebSite\",\"@id\":\"https:\\\/\\\/meprolim.es\\\/fr\\\/#website\",\"url\":\"https:\\\/\\\/meprolim.es\\\/fr\\\/\",\"name\":\"Meprolim\",\"description\":\"Cavas Catalanas S.L.\",\"publisher\":{\"@id\":\"https:\\\/\\\/meprolim.es\\\/fr\\\/#organization\"},\"potentialAction\":[{\"@type\":\"SearchAction\",\"target\":{\"@type\":\"EntryPoint\",\"urlTemplate\":\"https:\\\/\\\/meprolim.es\\\/fr\\\/?s={search_term_string}\"},\"query-input\":{\"@type\":\"PropertyValueSpecification\",\"valueRequired\":true,\"valueName\":\"search_term_string\"}}],\"inLanguage\":\"en-US\"},{\"@type\":\"Organization\",\"@id\":\"https:\\\/\\\/meprolim.es\\\/fr\\\/#organization\",\"name\":\"Meprolim\",\"url\":\"https:\\\/\\\/meprolim.es\\\/fr\\\/\",\"logo\":{\"@type\":\"ImageObject\",\"inLanguage\":\"en-US\",\"@id\":\"https:\\\/\\\/meprolim.es\\\/fr\\\/#\\\/schema\\\/logo\\\/image\\\/\",\"url\":\"https:\\\/\\\/meprolim.es\\\/wp-content\\\/uploads\\\/2019\\\/07\\\/cropped-logo2.png\",\"contentUrl\":\"https:\\\/\\\/meprolim.es\\\/wp-content\\\/uploads\\\/2019\\\/07\\\/cropped-logo2.png\",\"width\":401,\"height\":162,\"caption\":\"Meprolim\"},\"image\":{\"@id\":\"https:\\\/\\\/meprolim.es\\\/fr\\\/#\\\/schema\\\/logo\\\/image\\\/\"}}]}<\/script>\n<!-- \/ Yoast SEO plugin. -->","yoast_head_json":{"title":"HIDROLIMPIADORA TRIF\u00c1SICA DE AGUA CALIENTE PW-H50\/4 Mod. D1813P4 T - C\u00d3DIGO: ZG0027 - Meprolim","robots":{"index":"index","follow":"follow","max-snippet":"max-snippet:-1","max-image-preview":"max-image-preview:large","max-video-preview":"max-video-preview:-1"},"canonical":"https:\/\/meprolim.es\/fr\/producto\/maquinaria-de-limpieza\/hidrolimpiadoras\/agua-caliente\/hidrolimpiadora-trifasica-de-agua-caliente-pw-h50-4-mod-d1813p4-t\/","og_locale":"en_US","og_type":"article","og_title":"HIDROLIMPIADORA TRIF\u00c1SICA DE AGUA CALIENTE PW-H50\/4 Mod. D1813P4 T - C\u00d3DIGO: ZG0027 - Meprolim","og_description":"Hidrolimpiadora profesional alta presi\u00f3n de agua caliente.  Motor el\u00e9ctrico de cuatro polos a 1.400 rpm.  Bomba con pistones de cer\u00e1mica y cabezal en lat\u00f3n.  Control remoto DTS (Parada Total Retrasada) y fase vapor.  Interruptor inteligente autom\u00e1tico de apagado (IASF).  Control de microp\u00e9rdidas (MLC).  Protecci\u00f3n contra funcionamiento en seco (DRP).  Control de boquilla obstruida (NCC).  Retardo en encendido de la caldera (IDB).  Contador horas de trabajo (WHC).  Control estabilizador de temperatura (ATC).  Unidad de protecci\u00f3n cal\/corrosi\u00f3n (LCPU).  Acoplamiento de la bomba directo, con casquillo lubricado. V\u00e1lvula by-pass en lat\u00f3n atornillado.  V\u00e1lvula de descarga de bronce.  Suministro de detergente en alta presi\u00f3n y dispositivo desincrustante.  Caldera en acero inoxidable.  Tanque de agua, dispositivo antical y fase de vapor.  Estructura del bastidor en pl\u00e1stico y acero pintado.  Con cuatro ruedas fijas.  SKU: ZG0027 &nbsp; &nbsp;","og_url":"https:\/\/meprolim.es\/fr\/producto\/maquinaria-de-limpieza\/hidrolimpiadoras\/agua-caliente\/hidrolimpiadora-trifasica-de-agua-caliente-pw-h50-4-mod-d1813p4-t\/","og_site_name":"Meprolim","article_modified_time":"2020-03-20T16:49:35+00:00","og_image":[{"width":768,"height":768,"url":"https:\/\/meprolim.es\/wp-content\/uploads\/2019\/08\/ZG0027.jpg","type":"image\/jpeg"}],"twitter_card":"summary_large_image","schema":{"@context":"https:\/\/schema.org","@graph":[{"@type":"WebPage","@id":"https:\/\/meprolim.es\/fr\/producto\/maquinaria-de-limpieza\/hidrolimpiadoras\/agua-caliente\/hidrolimpiadora-trifasica-de-agua-caliente-pw-h50-4-mod-d1813p4-t\/","url":"https:\/\/meprolim.es\/fr\/producto\/maquinaria-de-limpieza\/hidrolimpiadoras\/agua-caliente\/hidrolimpiadora-trifasica-de-agua-caliente-pw-h50-4-mod-d1813p4-t\/","name":"HIDROLIMPIADORA TRIF\u00c1SICA DE AGUA CALIENTE PW-H50\/4 Mod. D1813P4 T - C\u00d3DIGO: ZG0027 - Meprolim","isPartOf":{"@id":"https:\/\/meprolim.es\/fr\/#website"},"primaryImageOfPage":{"@id":"https:\/\/meprolim.es\/fr\/producto\/maquinaria-de-limpieza\/hidrolimpiadoras\/agua-caliente\/hidrolimpiadora-trifasica-de-agua-caliente-pw-h50-4-mod-d1813p4-t\/#primaryimage"},"image":{"@id":"https:\/\/meprolim.es\/fr\/producto\/maquinaria-de-limpieza\/hidrolimpiadoras\/agua-caliente\/hidrolimpiadora-trifasica-de-agua-caliente-pw-h50-4-mod-d1813p4-t\/#primaryimage"},"thumbnailUrl":"https:\/\/meprolim.es\/wp-content\/uploads\/2019\/08\/ZG0027.jpg","datePublished":"2019-08-09T12:18:21+00:00","dateModified":"2020-03-20T16:49:35+00:00","breadcrumb":{"@id":"https:\/\/meprolim.es\/fr\/producto\/maquinaria-de-limpieza\/hidrolimpiadoras\/agua-caliente\/hidrolimpiadora-trifasica-de-agua-caliente-pw-h50-4-mod-d1813p4-t\/#breadcrumb"},"inLanguage":"en-US","potentialAction":[{"@type":"ReadAction","target":["https:\/\/meprolim.es\/fr\/producto\/maquinaria-de-limpieza\/hidrolimpiadoras\/agua-caliente\/hidrolimpiadora-trifasica-de-agua-caliente-pw-h50-4-mod-d1813p4-t\/"]}]},{"@type":"ImageObject","inLanguage":"en-US","@id":"https:\/\/meprolim.es\/fr\/producto\/maquinaria-de-limpieza\/hidrolimpiadoras\/agua-caliente\/hidrolimpiadora-trifasica-de-agua-caliente-pw-h50-4-mod-d1813p4-t\/#primaryimage","url":"https:\/\/meprolim.es\/wp-content\/uploads\/2019\/08\/ZG0027.jpg","contentUrl":"https:\/\/meprolim.es\/wp-content\/uploads\/2019\/08\/ZG0027.jpg","width":768,"height":768,"caption":"Bimat Solid"},{"@type":"BreadcrumbList","@id":"https:\/\/meprolim.es\/fr\/producto\/maquinaria-de-limpieza\/hidrolimpiadoras\/agua-caliente\/hidrolimpiadora-trifasica-de-agua-caliente-pw-h50-4-mod-d1813p4-t\/#breadcrumb","itemListElement":[{"@type":"ListItem","position":1,"name":"Portada","item":"https:\/\/meprolim.es\/en\/"},{"@type":"ListItem","position":2,"name":"Catalogue","item":"https:\/\/meprolim.es\/en\/catalogue\/"},{"@type":"ListItem","position":3,"name":"HIDROLIMPIADORA TRIF\u00c1SICA DE AGUA CALIENTE PW-H50\/4 Mod. D1813P4 T &#8211; C\u00d3DIGO: ZG0027"}]},{"@type":"WebSite","@id":"https:\/\/meprolim.es\/fr\/#website","url":"https:\/\/meprolim.es\/fr\/","name":"Meprolim","description":"Cavas Catalanas S.L.","publisher":{"@id":"https:\/\/meprolim.es\/fr\/#organization"},"potentialAction":[{"@type":"SearchAction","target":{"@type":"EntryPoint","urlTemplate":"https:\/\/meprolim.es\/fr\/?s={search_term_string}"},"query-input":{"@type":"PropertyValueSpecification","valueRequired":true,"valueName":"search_term_string"}}],"inLanguage":"en-US"},{"@type":"Organization","@id":"https:\/\/meprolim.es\/fr\/#organization","name":"Meprolim","url":"https:\/\/meprolim.es\/fr\/","logo":{"@type":"ImageObject","inLanguage":"en-US","@id":"https:\/\/meprolim.es\/fr\/#\/schema\/logo\/image\/","url":"https:\/\/meprolim.es\/wp-content\/uploads\/2019\/07\/cropped-logo2.png","contentUrl":"https:\/\/meprolim.es\/wp-content\/uploads\/2019\/07\/cropped-logo2.png","width":401,"height":162,"caption":"Meprolim"},"image":{"@id":"https:\/\/meprolim.es\/fr\/#\/schema\/logo\/image\/"}}]}},"_links":{"self":[{"href":"https:\/\/meprolim.es\/en\/wp-json\/wp\/v2\/product\/5440","targetHints":{"allow":["GET"]}}],"collection":[{"href":"https:\/\/meprolim.es\/en\/wp-json\/wp\/v2\/product"}],"about":[{"href":"https:\/\/meprolim.es\/en\/wp-json\/wp\/v2\/types\/product"}],"wp:featuredmedia":[{"embeddable":true,"href":"https:\/\/meprolim.es\/en\/wp-json\/wp\/v2\/media\/5441"}],"wp:attachment":[{"href":"https:\/\/meprolim.es\/en\/wp-json\/wp\/v2\/media?parent=5440"}],"wp:term":[{"taxonomy":"product_brand","embeddable":true,"href":"https:\/\/meprolim.es\/en\/wp-json\/wp\/v2\/product_brand?post=5440"},{"taxonomy":"product_cat","embeddable":true,"href":"https:\/\/meprolim.es\/en\/wp-json\/wp\/v2\/product_cat?post=5440"},{"taxonomy":"product_tag","embeddable":true,"href":"https:\/\/meprolim.es\/en\/wp-json\/wp\/v2\/product_tag?post=5440"}],"curies":[{"name":"wp","href":"https:\/\/api.w.org\/{rel}","templated":true}]}}