{"id":5583,"date":"2019-08-11T18:40:26","date_gmt":"2019-08-11T17:40:26","guid":{"rendered":"http:\/\/www.meprolim.es\/?post_type=product&#038;p=5583"},"modified":"2020-03-20T18:31:38","modified_gmt":"2020-03-20T18:31:38","slug":"lavamoquetas-tapiceria-grace","status":"publish","type":"product","link":"https:\/\/meprolim.es\/en\/producto\/maquinaria-de-limpieza\/lavamoquetas-en\/lavamoquetas-tapiceria-grace\/","title":{"rendered":"LAVAMOQUETAS &#8211; TAPICER\u00cdA GRACE &#8211; C\u00d3DIGO: ZR0002"},"content":{"rendered":"<div class=\"wpb-content-wrapper\"><p>[vc_row][vc_column][vc_column_text]<\/p>\n<p>Lavamoquetas y lavatapicer\u00edas de inyecci\u00f3n y extracci\u00f3n GRACE.<\/p>\n<p>Equipamiento Incluido: Manguera de inyecci\u00f3n-extracci\u00f3n, boquilla para tapicer\u00edas, boquilla para suelos y tubo de acero.<\/p>\n<p>[\/vc_column_text][\/vc_column][\/vc_row]<\/p>\n<\/div>","protected":false},"excerpt":{"rendered":"<ul>\n<li>M\u00e1quina con dos motores de aspiraci\u00f3n para limpiar r\u00e1pidamente grandes superficies de moquetas.<\/li>\n<li>Color de serie azul.<\/li>\n<li>Dep\u00f3sitos fabricados en polietileno de alta densidad.<\/li>\n<li>Los dep\u00f3sitos de 70 litros, cada uno, dan a la m\u00e1quina una gran autonom\u00eda de trabajo.<\/li>\n<li>Inyectores desmontables a mano.<\/li>\n<\/ul>\n<p><strong>SKU: ZR0002<\/strong><\/p>\n","protected":false},"featured_media":5584,"template":"","meta":[],"product_brand":[],"product_cat":[2603,2580],"product_tag":[287,292,291,290,252],"class_list":{"0":"post-5583","1":"product","2":"type-product","3":"status-publish","4":"has-post-thumbnail","6":"product_cat-lavamoquetas","7":"product_cat-maquinaria-de-limpieza","8":"product_tag-lavamoquetas","9":"product_tag-lavamoquetas-extraccion","10":"product_tag-lavamoquetas-inyeccion","11":"product_tag-lavatapicerias","12":"product_tag-maquinaria-de-limpieza","14":"first","15":"instock","16":"shipping-taxable","17":"product-type-simple"},"yoast_head":"<!-- This site is optimized with the Yoast SEO plugin v27.3 - https:\/\/yoast.com\/product\/yoast-seo-wordpress\/ -->\n<title>LAVAMOQUETAS - TAPICER\u00cdA GRACE - C\u00d3DIGO: ZR0002 - Meprolim<\/title>\n<meta name=\"robots\" content=\"index, follow, max-snippet:-1, max-image-preview:large, max-video-preview:-1\" \/>\n<link rel=\"canonical\" href=\"https:\/\/meprolim.es\/en\/producto\/maquinaria-de-limpieza\/lavamoquetas\/lavamoquetas-tapiceria-grace\/\" \/>\n<meta property=\"og:locale\" content=\"en_US\" \/>\n<meta property=\"og:type\" content=\"article\" \/>\n<meta property=\"og:title\" content=\"LAVAMOQUETAS - TAPICER\u00cdA GRACE - C\u00d3DIGO: ZR0002 - Meprolim\" \/>\n<meta property=\"og:description\" content=\"M\u00e1quina con dos motores de aspiraci\u00f3n para limpiar r\u00e1pidamente grandes superficies de moquetas.  Color de serie azul.  Dep\u00f3sitos fabricados en polietileno de alta densidad.  Los dep\u00f3sitos de 70 litros, cada uno, dan a la m\u00e1quina una gran autonom\u00eda de trabajo.  Inyectores desmontables a mano.  SKU: ZR0002\" \/>\n<meta property=\"og:url\" content=\"https:\/\/meprolim.es\/en\/producto\/maquinaria-de-limpieza\/lavamoquetas\/lavamoquetas-tapiceria-grace\/\" \/>\n<meta property=\"og:site_name\" content=\"Meprolim\" \/>\n<meta property=\"article:modified_time\" content=\"2020-03-20T18:31:38+00:00\" \/>\n<meta property=\"og:image\" content=\"https:\/\/meprolim.es\/wp-content\/uploads\/2019\/08\/ZR0002.jpg\" \/>\n\t<meta property=\"og:image:width\" content=\"768\" \/>\n\t<meta property=\"og:image:height\" content=\"768\" \/>\n\t<meta property=\"og:image:type\" content=\"image\/jpeg\" \/>\n<meta name=\"twitter:card\" content=\"summary_large_image\" \/>\n<script type=\"application\/ld+json\" class=\"yoast-schema-graph\">{\"@context\":\"https:\\\/\\\/schema.org\",\"@graph\":[{\"@type\":\"WebPage\",\"@id\":\"https:\\\/\\\/meprolim.es\\\/en\\\/producto\\\/maquinaria-de-limpieza\\\/lavamoquetas\\\/lavamoquetas-tapiceria-grace\\\/\",\"url\":\"https:\\\/\\\/meprolim.es\\\/en\\\/producto\\\/maquinaria-de-limpieza\\\/lavamoquetas\\\/lavamoquetas-tapiceria-grace\\\/\",\"name\":\"LAVAMOQUETAS - TAPICER\u00cdA GRACE - C\u00d3DIGO: ZR0002 - Meprolim\",\"isPartOf\":{\"@id\":\"https:\\\/\\\/meprolim.es\\\/fr\\\/#website\"},\"primaryImageOfPage\":{\"@id\":\"https:\\\/\\\/meprolim.es\\\/en\\\/producto\\\/maquinaria-de-limpieza\\\/lavamoquetas\\\/lavamoquetas-tapiceria-grace\\\/#primaryimage\"},\"image\":{\"@id\":\"https:\\\/\\\/meprolim.es\\\/en\\\/producto\\\/maquinaria-de-limpieza\\\/lavamoquetas\\\/lavamoquetas-tapiceria-grace\\\/#primaryimage\"},\"thumbnailUrl\":\"https:\\\/\\\/meprolim.es\\\/wp-content\\\/uploads\\\/2019\\\/08\\\/ZR0002.jpg\",\"datePublished\":\"2019-08-11T17:40:26+00:00\",\"dateModified\":\"2020-03-20T18:31:38+00:00\",\"breadcrumb\":{\"@id\":\"https:\\\/\\\/meprolim.es\\\/en\\\/producto\\\/maquinaria-de-limpieza\\\/lavamoquetas\\\/lavamoquetas-tapiceria-grace\\\/#breadcrumb\"},\"inLanguage\":\"en-US\",\"potentialAction\":[{\"@type\":\"ReadAction\",\"target\":[\"https:\\\/\\\/meprolim.es\\\/en\\\/producto\\\/maquinaria-de-limpieza\\\/lavamoquetas\\\/lavamoquetas-tapiceria-grace\\\/\"]}]},{\"@type\":\"ImageObject\",\"inLanguage\":\"en-US\",\"@id\":\"https:\\\/\\\/meprolim.es\\\/en\\\/producto\\\/maquinaria-de-limpieza\\\/lavamoquetas\\\/lavamoquetas-tapiceria-grace\\\/#primaryimage\",\"url\":\"https:\\\/\\\/meprolim.es\\\/wp-content\\\/uploads\\\/2019\\\/08\\\/ZR0002.jpg\",\"contentUrl\":\"https:\\\/\\\/meprolim.es\\\/wp-content\\\/uploads\\\/2019\\\/08\\\/ZR0002.jpg\",\"width\":768,\"height\":768},{\"@type\":\"BreadcrumbList\",\"@id\":\"https:\\\/\\\/meprolim.es\\\/en\\\/producto\\\/maquinaria-de-limpieza\\\/lavamoquetas\\\/lavamoquetas-tapiceria-grace\\\/#breadcrumb\",\"itemListElement\":[{\"@type\":\"ListItem\",\"position\":1,\"name\":\"Portada\",\"item\":\"https:\\\/\\\/meprolim.es\\\/en\\\/\"},{\"@type\":\"ListItem\",\"position\":2,\"name\":\"Catalogue\",\"item\":\"https:\\\/\\\/meprolim.es\\\/en\\\/catalogue\\\/\"},{\"@type\":\"ListItem\",\"position\":3,\"name\":\"LAVAMOQUETAS &#8211; TAPICER\u00cdA GRACE &#8211; C\u00d3DIGO: ZR0002\"}]},{\"@type\":\"WebSite\",\"@id\":\"https:\\\/\\\/meprolim.es\\\/fr\\\/#website\",\"url\":\"https:\\\/\\\/meprolim.es\\\/fr\\\/\",\"name\":\"Meprolim\",\"description\":\"Cavas Catalanas S.L.\",\"publisher\":{\"@id\":\"https:\\\/\\\/meprolim.es\\\/fr\\\/#organization\"},\"potentialAction\":[{\"@type\":\"SearchAction\",\"target\":{\"@type\":\"EntryPoint\",\"urlTemplate\":\"https:\\\/\\\/meprolim.es\\\/fr\\\/?s={search_term_string}\"},\"query-input\":{\"@type\":\"PropertyValueSpecification\",\"valueRequired\":true,\"valueName\":\"search_term_string\"}}],\"inLanguage\":\"en-US\"},{\"@type\":\"Organization\",\"@id\":\"https:\\\/\\\/meprolim.es\\\/fr\\\/#organization\",\"name\":\"Meprolim\",\"url\":\"https:\\\/\\\/meprolim.es\\\/fr\\\/\",\"logo\":{\"@type\":\"ImageObject\",\"inLanguage\":\"en-US\",\"@id\":\"https:\\\/\\\/meprolim.es\\\/fr\\\/#\\\/schema\\\/logo\\\/image\\\/\",\"url\":\"https:\\\/\\\/meprolim.es\\\/wp-content\\\/uploads\\\/2019\\\/07\\\/cropped-logo2.png\",\"contentUrl\":\"https:\\\/\\\/meprolim.es\\\/wp-content\\\/uploads\\\/2019\\\/07\\\/cropped-logo2.png\",\"width\":401,\"height\":162,\"caption\":\"Meprolim\"},\"image\":{\"@id\":\"https:\\\/\\\/meprolim.es\\\/fr\\\/#\\\/schema\\\/logo\\\/image\\\/\"}}]}<\/script>\n<!-- \/ Yoast SEO plugin. -->","yoast_head_json":{"title":"LAVAMOQUETAS - TAPICER\u00cdA GRACE - C\u00d3DIGO: ZR0002 - Meprolim","robots":{"index":"index","follow":"follow","max-snippet":"max-snippet:-1","max-image-preview":"max-image-preview:large","max-video-preview":"max-video-preview:-1"},"canonical":"https:\/\/meprolim.es\/en\/producto\/maquinaria-de-limpieza\/lavamoquetas\/lavamoquetas-tapiceria-grace\/","og_locale":"en_US","og_type":"article","og_title":"LAVAMOQUETAS - TAPICER\u00cdA GRACE - C\u00d3DIGO: ZR0002 - Meprolim","og_description":"M\u00e1quina con dos motores de aspiraci\u00f3n para limpiar r\u00e1pidamente grandes superficies de moquetas.  Color de serie azul.  Dep\u00f3sitos fabricados en polietileno de alta densidad.  Los dep\u00f3sitos de 70 litros, cada uno, dan a la m\u00e1quina una gran autonom\u00eda de trabajo.  Inyectores desmontables a mano.  SKU: ZR0002","og_url":"https:\/\/meprolim.es\/en\/producto\/maquinaria-de-limpieza\/lavamoquetas\/lavamoquetas-tapiceria-grace\/","og_site_name":"Meprolim","article_modified_time":"2020-03-20T18:31:38+00:00","og_image":[{"width":768,"height":768,"url":"https:\/\/meprolim.es\/wp-content\/uploads\/2019\/08\/ZR0002.jpg","type":"image\/jpeg"}],"twitter_card":"summary_large_image","schema":{"@context":"https:\/\/schema.org","@graph":[{"@type":"WebPage","@id":"https:\/\/meprolim.es\/en\/producto\/maquinaria-de-limpieza\/lavamoquetas\/lavamoquetas-tapiceria-grace\/","url":"https:\/\/meprolim.es\/en\/producto\/maquinaria-de-limpieza\/lavamoquetas\/lavamoquetas-tapiceria-grace\/","name":"LAVAMOQUETAS - TAPICER\u00cdA GRACE - C\u00d3DIGO: ZR0002 - Meprolim","isPartOf":{"@id":"https:\/\/meprolim.es\/fr\/#website"},"primaryImageOfPage":{"@id":"https:\/\/meprolim.es\/en\/producto\/maquinaria-de-limpieza\/lavamoquetas\/lavamoquetas-tapiceria-grace\/#primaryimage"},"image":{"@id":"https:\/\/meprolim.es\/en\/producto\/maquinaria-de-limpieza\/lavamoquetas\/lavamoquetas-tapiceria-grace\/#primaryimage"},"thumbnailUrl":"https:\/\/meprolim.es\/wp-content\/uploads\/2019\/08\/ZR0002.jpg","datePublished":"2019-08-11T17:40:26+00:00","dateModified":"2020-03-20T18:31:38+00:00","breadcrumb":{"@id":"https:\/\/meprolim.es\/en\/producto\/maquinaria-de-limpieza\/lavamoquetas\/lavamoquetas-tapiceria-grace\/#breadcrumb"},"inLanguage":"en-US","potentialAction":[{"@type":"ReadAction","target":["https:\/\/meprolim.es\/en\/producto\/maquinaria-de-limpieza\/lavamoquetas\/lavamoquetas-tapiceria-grace\/"]}]},{"@type":"ImageObject","inLanguage":"en-US","@id":"https:\/\/meprolim.es\/en\/producto\/maquinaria-de-limpieza\/lavamoquetas\/lavamoquetas-tapiceria-grace\/#primaryimage","url":"https:\/\/meprolim.es\/wp-content\/uploads\/2019\/08\/ZR0002.jpg","contentUrl":"https:\/\/meprolim.es\/wp-content\/uploads\/2019\/08\/ZR0002.jpg","width":768,"height":768},{"@type":"BreadcrumbList","@id":"https:\/\/meprolim.es\/en\/producto\/maquinaria-de-limpieza\/lavamoquetas\/lavamoquetas-tapiceria-grace\/#breadcrumb","itemListElement":[{"@type":"ListItem","position":1,"name":"Portada","item":"https:\/\/meprolim.es\/en\/"},{"@type":"ListItem","position":2,"name":"Catalogue","item":"https:\/\/meprolim.es\/en\/catalogue\/"},{"@type":"ListItem","position":3,"name":"LAVAMOQUETAS &#8211; TAPICER\u00cdA GRACE &#8211; C\u00d3DIGO: ZR0002"}]},{"@type":"WebSite","@id":"https:\/\/meprolim.es\/fr\/#website","url":"https:\/\/meprolim.es\/fr\/","name":"Meprolim","description":"Cavas Catalanas S.L.","publisher":{"@id":"https:\/\/meprolim.es\/fr\/#organization"},"potentialAction":[{"@type":"SearchAction","target":{"@type":"EntryPoint","urlTemplate":"https:\/\/meprolim.es\/fr\/?s={search_term_string}"},"query-input":{"@type":"PropertyValueSpecification","valueRequired":true,"valueName":"search_term_string"}}],"inLanguage":"en-US"},{"@type":"Organization","@id":"https:\/\/meprolim.es\/fr\/#organization","name":"Meprolim","url":"https:\/\/meprolim.es\/fr\/","logo":{"@type":"ImageObject","inLanguage":"en-US","@id":"https:\/\/meprolim.es\/fr\/#\/schema\/logo\/image\/","url":"https:\/\/meprolim.es\/wp-content\/uploads\/2019\/07\/cropped-logo2.png","contentUrl":"https:\/\/meprolim.es\/wp-content\/uploads\/2019\/07\/cropped-logo2.png","width":401,"height":162,"caption":"Meprolim"},"image":{"@id":"https:\/\/meprolim.es\/fr\/#\/schema\/logo\/image\/"}}]}},"_links":{"self":[{"href":"https:\/\/meprolim.es\/en\/wp-json\/wp\/v2\/product\/5583","targetHints":{"allow":["GET"]}}],"collection":[{"href":"https:\/\/meprolim.es\/en\/wp-json\/wp\/v2\/product"}],"about":[{"href":"https:\/\/meprolim.es\/en\/wp-json\/wp\/v2\/types\/product"}],"wp:featuredmedia":[{"embeddable":true,"href":"https:\/\/meprolim.es\/en\/wp-json\/wp\/v2\/media\/5584"}],"wp:attachment":[{"href":"https:\/\/meprolim.es\/en\/wp-json\/wp\/v2\/media?parent=5583"}],"wp:term":[{"taxonomy":"product_brand","embeddable":true,"href":"https:\/\/meprolim.es\/en\/wp-json\/wp\/v2\/product_brand?post=5583"},{"taxonomy":"product_cat","embeddable":true,"href":"https:\/\/meprolim.es\/en\/wp-json\/wp\/v2\/product_cat?post=5583"},{"taxonomy":"product_tag","embeddable":true,"href":"https:\/\/meprolim.es\/en\/wp-json\/wp\/v2\/product_tag?post=5583"}],"curies":[{"name":"wp","href":"https:\/\/api.w.org\/{rel}","templated":true}]}}