{"id":5596,"date":"2019-08-11T19:07:20","date_gmt":"2019-08-11T18:07:20","guid":{"rendered":"http:\/\/www.meprolim.es\/?post_type=product&#038;p=5596"},"modified":"2020-03-20T18:31:11","modified_gmt":"2020-03-20T18:31:11","slug":"lavamoquetas-tapiceria-sharon-brush","status":"publish","type":"product","link":"https:\/\/meprolim.es\/en\/producto\/maquinaria-de-limpieza\/lavamoquetas-en\/lavamoquetas-tapiceria-sharon-brush\/","title":{"rendered":"LAVAMOQUETAS TAPICER\u00cdA SHARON BRUSH &#8211; C\u00d3DIGO: ZR0008"},"content":{"rendered":"<div class=\"wpb-content-wrapper\"><p>[vc_row][vc_column][vc_column_text]<\/p>\n<p>Lavamoquetas y lavatapicer\u00edas de inyecci\u00f3n y extracci\u00f3n compacta con cepillo giratorio, proyectada para la limpieza profesional en peque\u00f1as superficies de moquetas y suelos duros.<\/p>\n<p>[\/vc_column_text][\/vc_column][\/vc_row]<\/p>\n<\/div>","protected":false},"excerpt":{"rendered":"<ul>\n<li>Sharon Brush es una m\u00e1quina de inyecci\u00f3n-extracci\u00f3n compacta con cepillo giratorio, proyectada para la limpieza profesional en peque\u00f1as superficies de moquetas y suelos duros.<\/li>\n<li>Un dispositivo especial permite pasar de limpiadora de moqueta a limpiadora de suelos mediante la simple rotaci\u00f3n de una palanca.<\/li>\n<li>El cepillo giratorio, regulable en altura, permite limpiar a fondo moquetas y pisos muy sucios.<\/li>\n<li>El ancho muy reducido de la m\u00e1quina (s\u00f3lo 29 cm) permite un f\u00e1cil manejo en \u00e1reas estrechas.<\/li>\n<li>Se le puede acoplar una boquilla manual para limpiar sillones y llegar a todos los rincones.<\/li>\n<\/ul>\n<p><strong>SKU: ZR0008<\/strong><\/p>\n","protected":false},"featured_media":5597,"template":"","meta":[],"product_brand":[],"product_cat":[2603,2580],"product_tag":[287,292,291,290,252],"class_list":{"0":"post-5596","1":"product","2":"type-product","3":"status-publish","4":"has-post-thumbnail","6":"product_cat-lavamoquetas","7":"product_cat-maquinaria-de-limpieza","8":"product_tag-lavamoquetas","9":"product_tag-lavamoquetas-extraccion","10":"product_tag-lavamoquetas-inyeccion","11":"product_tag-lavatapicerias","12":"product_tag-maquinaria-de-limpieza","14":"first","15":"instock","16":"shipping-taxable","17":"product-type-simple"},"yoast_head":"<!-- This site is optimized with the Yoast SEO plugin v27.3 - https:\/\/yoast.com\/product\/yoast-seo-wordpress\/ -->\n<title>LAVAMOQUETAS TAPICER\u00cdA SHARON BRUSH - C\u00d3DIGO: ZR0008 - Meprolim<\/title>\n<meta name=\"robots\" content=\"index, follow, max-snippet:-1, max-image-preview:large, max-video-preview:-1\" \/>\n<link rel=\"canonical\" href=\"https:\/\/meprolim.es\/de\/producto\/maquinaria-de-limpieza\/lavamoquetas\/lavamoquetas-tapiceria-sharon-brush\/\" \/>\n<meta property=\"og:locale\" content=\"en_US\" \/>\n<meta property=\"og:type\" content=\"article\" \/>\n<meta property=\"og:title\" content=\"LAVAMOQUETAS TAPICER\u00cdA SHARON BRUSH - C\u00d3DIGO: ZR0008 - Meprolim\" \/>\n<meta property=\"og:description\" content=\"Sharon Brush es una m\u00e1quina de inyecci\u00f3n-extracci\u00f3n compacta con cepillo giratorio, proyectada para la limpieza profesional en peque\u00f1as superficies de moquetas y suelos duros.  Un dispositivo especial permite pasar de limpiadora de moqueta a limpiadora de suelos mediante la simple rotaci\u00f3n de una palanca.  El cepillo giratorio, regulable en altura, permite limpiar a fondo moquetas y pisos muy sucios.  El ancho muy reducido de la m\u00e1quina (s\u00f3lo 29 cm) permite un f\u00e1cil manejo en \u00e1reas estrechas.  Se le puede acoplar una boquilla manual para limpiar sillones y llegar a todos los rincones.  SKU: ZR0008\" \/>\n<meta property=\"og:url\" content=\"https:\/\/meprolim.es\/de\/producto\/maquinaria-de-limpieza\/lavamoquetas\/lavamoquetas-tapiceria-sharon-brush\/\" \/>\n<meta property=\"og:site_name\" content=\"Meprolim\" \/>\n<meta property=\"article:modified_time\" content=\"2020-03-20T18:31:11+00:00\" \/>\n<meta property=\"og:image\" content=\"https:\/\/meprolim.es\/wp-content\/uploads\/2019\/08\/ZR0008.jpg\" \/>\n\t<meta property=\"og:image:width\" content=\"768\" \/>\n\t<meta property=\"og:image:height\" content=\"768\" \/>\n\t<meta property=\"og:image:type\" content=\"image\/jpeg\" \/>\n<meta name=\"twitter:card\" content=\"summary_large_image\" \/>\n<script type=\"application\/ld+json\" class=\"yoast-schema-graph\">{\"@context\":\"https:\\\/\\\/schema.org\",\"@graph\":[{\"@type\":\"WebPage\",\"@id\":\"https:\\\/\\\/meprolim.es\\\/de\\\/producto\\\/maquinaria-de-limpieza\\\/lavamoquetas\\\/lavamoquetas-tapiceria-sharon-brush\\\/\",\"url\":\"https:\\\/\\\/meprolim.es\\\/de\\\/producto\\\/maquinaria-de-limpieza\\\/lavamoquetas\\\/lavamoquetas-tapiceria-sharon-brush\\\/\",\"name\":\"LAVAMOQUETAS TAPICER\u00cdA SHARON BRUSH - C\u00d3DIGO: ZR0008 - Meprolim\",\"isPartOf\":{\"@id\":\"https:\\\/\\\/meprolim.es\\\/fr\\\/#website\"},\"primaryImageOfPage\":{\"@id\":\"https:\\\/\\\/meprolim.es\\\/de\\\/producto\\\/maquinaria-de-limpieza\\\/lavamoquetas\\\/lavamoquetas-tapiceria-sharon-brush\\\/#primaryimage\"},\"image\":{\"@id\":\"https:\\\/\\\/meprolim.es\\\/de\\\/producto\\\/maquinaria-de-limpieza\\\/lavamoquetas\\\/lavamoquetas-tapiceria-sharon-brush\\\/#primaryimage\"},\"thumbnailUrl\":\"https:\\\/\\\/meprolim.es\\\/wp-content\\\/uploads\\\/2019\\\/08\\\/ZR0008.jpg\",\"datePublished\":\"2019-08-11T18:07:20+00:00\",\"dateModified\":\"2020-03-20T18:31:11+00:00\",\"breadcrumb\":{\"@id\":\"https:\\\/\\\/meprolim.es\\\/de\\\/producto\\\/maquinaria-de-limpieza\\\/lavamoquetas\\\/lavamoquetas-tapiceria-sharon-brush\\\/#breadcrumb\"},\"inLanguage\":\"en-US\",\"potentialAction\":[{\"@type\":\"ReadAction\",\"target\":[\"https:\\\/\\\/meprolim.es\\\/de\\\/producto\\\/maquinaria-de-limpieza\\\/lavamoquetas\\\/lavamoquetas-tapiceria-sharon-brush\\\/\"]}]},{\"@type\":\"ImageObject\",\"inLanguage\":\"en-US\",\"@id\":\"https:\\\/\\\/meprolim.es\\\/de\\\/producto\\\/maquinaria-de-limpieza\\\/lavamoquetas\\\/lavamoquetas-tapiceria-sharon-brush\\\/#primaryimage\",\"url\":\"https:\\\/\\\/meprolim.es\\\/wp-content\\\/uploads\\\/2019\\\/08\\\/ZR0008.jpg\",\"contentUrl\":\"https:\\\/\\\/meprolim.es\\\/wp-content\\\/uploads\\\/2019\\\/08\\\/ZR0008.jpg\",\"width\":768,\"height\":768},{\"@type\":\"BreadcrumbList\",\"@id\":\"https:\\\/\\\/meprolim.es\\\/de\\\/producto\\\/maquinaria-de-limpieza\\\/lavamoquetas\\\/lavamoquetas-tapiceria-sharon-brush\\\/#breadcrumb\",\"itemListElement\":[{\"@type\":\"ListItem\",\"position\":1,\"name\":\"Portada\",\"item\":\"https:\\\/\\\/meprolim.es\\\/en\\\/\"},{\"@type\":\"ListItem\",\"position\":2,\"name\":\"Catalogue\",\"item\":\"https:\\\/\\\/meprolim.es\\\/en\\\/catalogue\\\/\"},{\"@type\":\"ListItem\",\"position\":3,\"name\":\"LAVAMOQUETAS TAPICER\u00cdA SHARON BRUSH &#8211; C\u00d3DIGO: ZR0008\"}]},{\"@type\":\"WebSite\",\"@id\":\"https:\\\/\\\/meprolim.es\\\/fr\\\/#website\",\"url\":\"https:\\\/\\\/meprolim.es\\\/fr\\\/\",\"name\":\"Meprolim\",\"description\":\"Cavas Catalanas S.L.\",\"publisher\":{\"@id\":\"https:\\\/\\\/meprolim.es\\\/fr\\\/#organization\"},\"potentialAction\":[{\"@type\":\"SearchAction\",\"target\":{\"@type\":\"EntryPoint\",\"urlTemplate\":\"https:\\\/\\\/meprolim.es\\\/fr\\\/?s={search_term_string}\"},\"query-input\":{\"@type\":\"PropertyValueSpecification\",\"valueRequired\":true,\"valueName\":\"search_term_string\"}}],\"inLanguage\":\"en-US\"},{\"@type\":\"Organization\",\"@id\":\"https:\\\/\\\/meprolim.es\\\/fr\\\/#organization\",\"name\":\"Meprolim\",\"url\":\"https:\\\/\\\/meprolim.es\\\/fr\\\/\",\"logo\":{\"@type\":\"ImageObject\",\"inLanguage\":\"en-US\",\"@id\":\"https:\\\/\\\/meprolim.es\\\/fr\\\/#\\\/schema\\\/logo\\\/image\\\/\",\"url\":\"https:\\\/\\\/meprolim.es\\\/wp-content\\\/uploads\\\/2019\\\/07\\\/cropped-logo2.png\",\"contentUrl\":\"https:\\\/\\\/meprolim.es\\\/wp-content\\\/uploads\\\/2019\\\/07\\\/cropped-logo2.png\",\"width\":401,\"height\":162,\"caption\":\"Meprolim\"},\"image\":{\"@id\":\"https:\\\/\\\/meprolim.es\\\/fr\\\/#\\\/schema\\\/logo\\\/image\\\/\"}}]}<\/script>\n<!-- \/ Yoast SEO plugin. -->","yoast_head_json":{"title":"LAVAMOQUETAS TAPICER\u00cdA SHARON BRUSH - C\u00d3DIGO: ZR0008 - Meprolim","robots":{"index":"index","follow":"follow","max-snippet":"max-snippet:-1","max-image-preview":"max-image-preview:large","max-video-preview":"max-video-preview:-1"},"canonical":"https:\/\/meprolim.es\/de\/producto\/maquinaria-de-limpieza\/lavamoquetas\/lavamoquetas-tapiceria-sharon-brush\/","og_locale":"en_US","og_type":"article","og_title":"LAVAMOQUETAS TAPICER\u00cdA SHARON BRUSH - C\u00d3DIGO: ZR0008 - Meprolim","og_description":"Sharon Brush es una m\u00e1quina de inyecci\u00f3n-extracci\u00f3n compacta con cepillo giratorio, proyectada para la limpieza profesional en peque\u00f1as superficies de moquetas y suelos duros.  Un dispositivo especial permite pasar de limpiadora de moqueta a limpiadora de suelos mediante la simple rotaci\u00f3n de una palanca.  El cepillo giratorio, regulable en altura, permite limpiar a fondo moquetas y pisos muy sucios.  El ancho muy reducido de la m\u00e1quina (s\u00f3lo 29 cm) permite un f\u00e1cil manejo en \u00e1reas estrechas.  Se le puede acoplar una boquilla manual para limpiar sillones y llegar a todos los rincones.  SKU: ZR0008","og_url":"https:\/\/meprolim.es\/de\/producto\/maquinaria-de-limpieza\/lavamoquetas\/lavamoquetas-tapiceria-sharon-brush\/","og_site_name":"Meprolim","article_modified_time":"2020-03-20T18:31:11+00:00","og_image":[{"width":768,"height":768,"url":"https:\/\/meprolim.es\/wp-content\/uploads\/2019\/08\/ZR0008.jpg","type":"image\/jpeg"}],"twitter_card":"summary_large_image","schema":{"@context":"https:\/\/schema.org","@graph":[{"@type":"WebPage","@id":"https:\/\/meprolim.es\/de\/producto\/maquinaria-de-limpieza\/lavamoquetas\/lavamoquetas-tapiceria-sharon-brush\/","url":"https:\/\/meprolim.es\/de\/producto\/maquinaria-de-limpieza\/lavamoquetas\/lavamoquetas-tapiceria-sharon-brush\/","name":"LAVAMOQUETAS TAPICER\u00cdA SHARON BRUSH - C\u00d3DIGO: ZR0008 - Meprolim","isPartOf":{"@id":"https:\/\/meprolim.es\/fr\/#website"},"primaryImageOfPage":{"@id":"https:\/\/meprolim.es\/de\/producto\/maquinaria-de-limpieza\/lavamoquetas\/lavamoquetas-tapiceria-sharon-brush\/#primaryimage"},"image":{"@id":"https:\/\/meprolim.es\/de\/producto\/maquinaria-de-limpieza\/lavamoquetas\/lavamoquetas-tapiceria-sharon-brush\/#primaryimage"},"thumbnailUrl":"https:\/\/meprolim.es\/wp-content\/uploads\/2019\/08\/ZR0008.jpg","datePublished":"2019-08-11T18:07:20+00:00","dateModified":"2020-03-20T18:31:11+00:00","breadcrumb":{"@id":"https:\/\/meprolim.es\/de\/producto\/maquinaria-de-limpieza\/lavamoquetas\/lavamoquetas-tapiceria-sharon-brush\/#breadcrumb"},"inLanguage":"en-US","potentialAction":[{"@type":"ReadAction","target":["https:\/\/meprolim.es\/de\/producto\/maquinaria-de-limpieza\/lavamoquetas\/lavamoquetas-tapiceria-sharon-brush\/"]}]},{"@type":"ImageObject","inLanguage":"en-US","@id":"https:\/\/meprolim.es\/de\/producto\/maquinaria-de-limpieza\/lavamoquetas\/lavamoquetas-tapiceria-sharon-brush\/#primaryimage","url":"https:\/\/meprolim.es\/wp-content\/uploads\/2019\/08\/ZR0008.jpg","contentUrl":"https:\/\/meprolim.es\/wp-content\/uploads\/2019\/08\/ZR0008.jpg","width":768,"height":768},{"@type":"BreadcrumbList","@id":"https:\/\/meprolim.es\/de\/producto\/maquinaria-de-limpieza\/lavamoquetas\/lavamoquetas-tapiceria-sharon-brush\/#breadcrumb","itemListElement":[{"@type":"ListItem","position":1,"name":"Portada","item":"https:\/\/meprolim.es\/en\/"},{"@type":"ListItem","position":2,"name":"Catalogue","item":"https:\/\/meprolim.es\/en\/catalogue\/"},{"@type":"ListItem","position":3,"name":"LAVAMOQUETAS TAPICER\u00cdA SHARON BRUSH &#8211; C\u00d3DIGO: ZR0008"}]},{"@type":"WebSite","@id":"https:\/\/meprolim.es\/fr\/#website","url":"https:\/\/meprolim.es\/fr\/","name":"Meprolim","description":"Cavas Catalanas S.L.","publisher":{"@id":"https:\/\/meprolim.es\/fr\/#organization"},"potentialAction":[{"@type":"SearchAction","target":{"@type":"EntryPoint","urlTemplate":"https:\/\/meprolim.es\/fr\/?s={search_term_string}"},"query-input":{"@type":"PropertyValueSpecification","valueRequired":true,"valueName":"search_term_string"}}],"inLanguage":"en-US"},{"@type":"Organization","@id":"https:\/\/meprolim.es\/fr\/#organization","name":"Meprolim","url":"https:\/\/meprolim.es\/fr\/","logo":{"@type":"ImageObject","inLanguage":"en-US","@id":"https:\/\/meprolim.es\/fr\/#\/schema\/logo\/image\/","url":"https:\/\/meprolim.es\/wp-content\/uploads\/2019\/07\/cropped-logo2.png","contentUrl":"https:\/\/meprolim.es\/wp-content\/uploads\/2019\/07\/cropped-logo2.png","width":401,"height":162,"caption":"Meprolim"},"image":{"@id":"https:\/\/meprolim.es\/fr\/#\/schema\/logo\/image\/"}}]}},"_links":{"self":[{"href":"https:\/\/meprolim.es\/en\/wp-json\/wp\/v2\/product\/5596","targetHints":{"allow":["GET"]}}],"collection":[{"href":"https:\/\/meprolim.es\/en\/wp-json\/wp\/v2\/product"}],"about":[{"href":"https:\/\/meprolim.es\/en\/wp-json\/wp\/v2\/types\/product"}],"wp:featuredmedia":[{"embeddable":true,"href":"https:\/\/meprolim.es\/en\/wp-json\/wp\/v2\/media\/5597"}],"wp:attachment":[{"href":"https:\/\/meprolim.es\/en\/wp-json\/wp\/v2\/media?parent=5596"}],"wp:term":[{"taxonomy":"product_brand","embeddable":true,"href":"https:\/\/meprolim.es\/en\/wp-json\/wp\/v2\/product_brand?post=5596"},{"taxonomy":"product_cat","embeddable":true,"href":"https:\/\/meprolim.es\/en\/wp-json\/wp\/v2\/product_cat?post=5596"},{"taxonomy":"product_tag","embeddable":true,"href":"https:\/\/meprolim.es\/en\/wp-json\/wp\/v2\/product_tag?post=5596"}],"curies":[{"name":"wp","href":"https:\/\/api.w.org\/{rel}","templated":true}]}}