{"id":5641,"date":"2019-08-11T23:27:53","date_gmt":"2019-08-11T22:27:53","guid":{"rendered":"http:\/\/www.meprolim.es\/?post_type=product&#038;p=5641"},"modified":"2020-03-20T19:17:46","modified_gmt":"2020-03-20T19:17:46","slug":"fregadora-escaleras-miragescalator","status":"publish","type":"product","link":"https:\/\/meprolim.es\/en\/producto\/maquinaria-de-limpieza\/escaleras-mecanicas-en\/fregadora-escaleras-miragescalator\/","title":{"rendered":"FREGADORA ESCALERAS MIRAGESCALATOR EC 51 TOP &#8211; C\u00d3DIGO: YF0001"},"content":{"rendered":"<div class=\"wpb-content-wrapper\"><p>[vc_row][vc_column][vc_column_text]<\/p>\n<p>Con la m\u00e1quina para limpiar las escaleras es posible limpiar grandes \u00e1reas con moquetas. En pocos minutos, la EC51 barre, lava, seca y vuelve a dar brillo a las escaleras y a las aceras m\u00f3viles de todo tipo.<\/p>\n<p>[\/vc_column_text][\/vc_column][\/vc_row]<\/p>\n<\/div>","protected":false},"excerpt":{"rendered":"<ul>\n<li>En pocos minutos la limpiaescaleras EC51 barre, lava, seca y vuelve a dar brillo a las escaleras, rampas y aceras m\u00f3viles de todas las marcas y modelos a partir de 51 cm de ancho.<\/li>\n<li>Limpia pasillos y escaleras mec\u00e1nicas, tanto en seco como con una soluci\u00f3n de detergente nebulizada.<\/li>\n<li>Es ideal tanto para operaciones de limpieza normales, como para raspar y eliminar manchas dif\u00edciles.<\/li>\n<li>Sistema de doble cepillo.<\/li>\n<li>C\u00e1mara de vac\u00edo de acero inoxidable que mejora la capacidad de aspiraci\u00f3n.<\/li>\n<li>Tanques de gran capacidad aumentan su rendimiento.<\/li>\n<li>Compacta, se puede transportar f\u00e1cilmente sobre ruedas y levantar gracias a las manillas retr\u00e1ctiles.<\/li>\n<\/ul>\n<p><strong>SKU: YF0001<\/strong><\/p>\n","protected":false},"featured_media":5647,"template":"","meta":[],"product_brand":[],"product_cat":[2619,2580],"product_tag":[298,252],"class_list":{"0":"post-5641","1":"product","2":"type-product","3":"status-publish","4":"has-post-thumbnail","6":"product_cat-escaleras-mecanicas","7":"product_cat-maquinaria-de-limpieza","8":"product_tag-escaleras-mecanicas","9":"product_tag-maquinaria-de-limpieza","11":"first","12":"instock","13":"shipping-taxable","14":"product-type-simple"},"yoast_head":"<!-- This site is optimized with the Yoast SEO plugin v27.3 - https:\/\/yoast.com\/product\/yoast-seo-wordpress\/ -->\n<title>FREGADORA ESCALERAS MIRAGESCALATOR EC 51 TOP - C\u00d3DIGO: YF0001 - Meprolim<\/title>\n<meta name=\"robots\" content=\"index, follow, max-snippet:-1, max-image-preview:large, max-video-preview:-1\" \/>\n<link rel=\"canonical\" href=\"https:\/\/meprolim.es\/de\/producto\/maquinaria-de-limpieza\/escaleras-mecanicas\/fregadora-escaleras-miragescalator\/\" \/>\n<meta property=\"og:locale\" content=\"en_US\" \/>\n<meta property=\"og:type\" content=\"article\" \/>\n<meta property=\"og:title\" content=\"FREGADORA ESCALERAS MIRAGESCALATOR EC 51 TOP - C\u00d3DIGO: YF0001 - Meprolim\" \/>\n<meta property=\"og:description\" content=\"En pocos minutos la limpiaescaleras EC51 barre, lava, seca y vuelve a dar brillo a las escaleras, rampas y aceras m\u00f3viles de todas las marcas y modelos a partir de 51 cm de ancho.  Limpia pasillos y escaleras mec\u00e1nicas, tanto en seco como con una soluci\u00f3n de detergente nebulizada.  Es ideal tanto para operaciones de limpieza normales, como para raspar y eliminar manchas dif\u00edciles.  Sistema de doble cepillo.  C\u00e1mara de vac\u00edo de acero inoxidable que mejora la capacidad de aspiraci\u00f3n.  Tanques de gran capacidad aumentan su rendimiento.  Compacta, se puede transportar f\u00e1cilmente sobre ruedas y levantar gracias a las manillas retr\u00e1ctiles.  SKU: YF0001\" \/>\n<meta property=\"og:url\" content=\"https:\/\/meprolim.es\/de\/producto\/maquinaria-de-limpieza\/escaleras-mecanicas\/fregadora-escaleras-miragescalator\/\" \/>\n<meta property=\"og:site_name\" content=\"Meprolim\" \/>\n<meta property=\"article:modified_time\" content=\"2020-03-20T19:17:46+00:00\" \/>\n<meta property=\"og:image\" content=\"https:\/\/meprolim.es\/wp-content\/uploads\/2019\/08\/YC0001-1.jpg\" \/>\n\t<meta property=\"og:image:width\" content=\"278\" \/>\n\t<meta property=\"og:image:height\" content=\"377\" \/>\n\t<meta property=\"og:image:type\" content=\"image\/jpeg\" \/>\n<meta name=\"twitter:card\" content=\"summary_large_image\" \/>\n<script type=\"application\/ld+json\" class=\"yoast-schema-graph\">{\"@context\":\"https:\\\/\\\/schema.org\",\"@graph\":[{\"@type\":\"WebPage\",\"@id\":\"https:\\\/\\\/meprolim.es\\\/de\\\/producto\\\/maquinaria-de-limpieza\\\/escaleras-mecanicas\\\/fregadora-escaleras-miragescalator\\\/\",\"url\":\"https:\\\/\\\/meprolim.es\\\/de\\\/producto\\\/maquinaria-de-limpieza\\\/escaleras-mecanicas\\\/fregadora-escaleras-miragescalator\\\/\",\"name\":\"FREGADORA ESCALERAS MIRAGESCALATOR EC 51 TOP - C\u00d3DIGO: YF0001 - Meprolim\",\"isPartOf\":{\"@id\":\"https:\\\/\\\/meprolim.es\\\/fr\\\/#website\"},\"primaryImageOfPage\":{\"@id\":\"https:\\\/\\\/meprolim.es\\\/de\\\/producto\\\/maquinaria-de-limpieza\\\/escaleras-mecanicas\\\/fregadora-escaleras-miragescalator\\\/#primaryimage\"},\"image\":{\"@id\":\"https:\\\/\\\/meprolim.es\\\/de\\\/producto\\\/maquinaria-de-limpieza\\\/escaleras-mecanicas\\\/fregadora-escaleras-miragescalator\\\/#primaryimage\"},\"thumbnailUrl\":\"https:\\\/\\\/meprolim.es\\\/wp-content\\\/uploads\\\/2019\\\/08\\\/YC0001-1.jpg\",\"datePublished\":\"2019-08-11T22:27:53+00:00\",\"dateModified\":\"2020-03-20T19:17:46+00:00\",\"breadcrumb\":{\"@id\":\"https:\\\/\\\/meprolim.es\\\/de\\\/producto\\\/maquinaria-de-limpieza\\\/escaleras-mecanicas\\\/fregadora-escaleras-miragescalator\\\/#breadcrumb\"},\"inLanguage\":\"en-US\",\"potentialAction\":[{\"@type\":\"ReadAction\",\"target\":[\"https:\\\/\\\/meprolim.es\\\/de\\\/producto\\\/maquinaria-de-limpieza\\\/escaleras-mecanicas\\\/fregadora-escaleras-miragescalator\\\/\"]}]},{\"@type\":\"ImageObject\",\"inLanguage\":\"en-US\",\"@id\":\"https:\\\/\\\/meprolim.es\\\/de\\\/producto\\\/maquinaria-de-limpieza\\\/escaleras-mecanicas\\\/fregadora-escaleras-miragescalator\\\/#primaryimage\",\"url\":\"https:\\\/\\\/meprolim.es\\\/wp-content\\\/uploads\\\/2019\\\/08\\\/YC0001-1.jpg\",\"contentUrl\":\"https:\\\/\\\/meprolim.es\\\/wp-content\\\/uploads\\\/2019\\\/08\\\/YC0001-1.jpg\",\"width\":278,\"height\":377},{\"@type\":\"BreadcrumbList\",\"@id\":\"https:\\\/\\\/meprolim.es\\\/de\\\/producto\\\/maquinaria-de-limpieza\\\/escaleras-mecanicas\\\/fregadora-escaleras-miragescalator\\\/#breadcrumb\",\"itemListElement\":[{\"@type\":\"ListItem\",\"position\":1,\"name\":\"Portada\",\"item\":\"https:\\\/\\\/meprolim.es\\\/en\\\/\"},{\"@type\":\"ListItem\",\"position\":2,\"name\":\"Catalogue\",\"item\":\"https:\\\/\\\/meprolim.es\\\/en\\\/catalogue\\\/\"},{\"@type\":\"ListItem\",\"position\":3,\"name\":\"FREGADORA ESCALERAS MIRAGESCALATOR EC 51 TOP &#8211; C\u00d3DIGO: YF0001\"}]},{\"@type\":\"WebSite\",\"@id\":\"https:\\\/\\\/meprolim.es\\\/fr\\\/#website\",\"url\":\"https:\\\/\\\/meprolim.es\\\/fr\\\/\",\"name\":\"Meprolim\",\"description\":\"Cavas Catalanas S.L.\",\"publisher\":{\"@id\":\"https:\\\/\\\/meprolim.es\\\/fr\\\/#organization\"},\"potentialAction\":[{\"@type\":\"SearchAction\",\"target\":{\"@type\":\"EntryPoint\",\"urlTemplate\":\"https:\\\/\\\/meprolim.es\\\/fr\\\/?s={search_term_string}\"},\"query-input\":{\"@type\":\"PropertyValueSpecification\",\"valueRequired\":true,\"valueName\":\"search_term_string\"}}],\"inLanguage\":\"en-US\"},{\"@type\":\"Organization\",\"@id\":\"https:\\\/\\\/meprolim.es\\\/fr\\\/#organization\",\"name\":\"Meprolim\",\"url\":\"https:\\\/\\\/meprolim.es\\\/fr\\\/\",\"logo\":{\"@type\":\"ImageObject\",\"inLanguage\":\"en-US\",\"@id\":\"https:\\\/\\\/meprolim.es\\\/fr\\\/#\\\/schema\\\/logo\\\/image\\\/\",\"url\":\"https:\\\/\\\/meprolim.es\\\/wp-content\\\/uploads\\\/2019\\\/07\\\/cropped-logo2.png\",\"contentUrl\":\"https:\\\/\\\/meprolim.es\\\/wp-content\\\/uploads\\\/2019\\\/07\\\/cropped-logo2.png\",\"width\":401,\"height\":162,\"caption\":\"Meprolim\"},\"image\":{\"@id\":\"https:\\\/\\\/meprolim.es\\\/fr\\\/#\\\/schema\\\/logo\\\/image\\\/\"}}]}<\/script>\n<!-- \/ Yoast SEO plugin. -->","yoast_head_json":{"title":"FREGADORA ESCALERAS MIRAGESCALATOR EC 51 TOP - C\u00d3DIGO: YF0001 - Meprolim","robots":{"index":"index","follow":"follow","max-snippet":"max-snippet:-1","max-image-preview":"max-image-preview:large","max-video-preview":"max-video-preview:-1"},"canonical":"https:\/\/meprolim.es\/de\/producto\/maquinaria-de-limpieza\/escaleras-mecanicas\/fregadora-escaleras-miragescalator\/","og_locale":"en_US","og_type":"article","og_title":"FREGADORA ESCALERAS MIRAGESCALATOR EC 51 TOP - C\u00d3DIGO: YF0001 - Meprolim","og_description":"En pocos minutos la limpiaescaleras EC51 barre, lava, seca y vuelve a dar brillo a las escaleras, rampas y aceras m\u00f3viles de todas las marcas y modelos a partir de 51 cm de ancho.  Limpia pasillos y escaleras mec\u00e1nicas, tanto en seco como con una soluci\u00f3n de detergente nebulizada.  Es ideal tanto para operaciones de limpieza normales, como para raspar y eliminar manchas dif\u00edciles.  Sistema de doble cepillo.  C\u00e1mara de vac\u00edo de acero inoxidable que mejora la capacidad de aspiraci\u00f3n.  Tanques de gran capacidad aumentan su rendimiento.  Compacta, se puede transportar f\u00e1cilmente sobre ruedas y levantar gracias a las manillas retr\u00e1ctiles.  SKU: YF0001","og_url":"https:\/\/meprolim.es\/de\/producto\/maquinaria-de-limpieza\/escaleras-mecanicas\/fregadora-escaleras-miragescalator\/","og_site_name":"Meprolim","article_modified_time":"2020-03-20T19:17:46+00:00","og_image":[{"width":278,"height":377,"url":"https:\/\/meprolim.es\/wp-content\/uploads\/2019\/08\/YC0001-1.jpg","type":"image\/jpeg"}],"twitter_card":"summary_large_image","schema":{"@context":"https:\/\/schema.org","@graph":[{"@type":"WebPage","@id":"https:\/\/meprolim.es\/de\/producto\/maquinaria-de-limpieza\/escaleras-mecanicas\/fregadora-escaleras-miragescalator\/","url":"https:\/\/meprolim.es\/de\/producto\/maquinaria-de-limpieza\/escaleras-mecanicas\/fregadora-escaleras-miragescalator\/","name":"FREGADORA ESCALERAS MIRAGESCALATOR EC 51 TOP - C\u00d3DIGO: YF0001 - Meprolim","isPartOf":{"@id":"https:\/\/meprolim.es\/fr\/#website"},"primaryImageOfPage":{"@id":"https:\/\/meprolim.es\/de\/producto\/maquinaria-de-limpieza\/escaleras-mecanicas\/fregadora-escaleras-miragescalator\/#primaryimage"},"image":{"@id":"https:\/\/meprolim.es\/de\/producto\/maquinaria-de-limpieza\/escaleras-mecanicas\/fregadora-escaleras-miragescalator\/#primaryimage"},"thumbnailUrl":"https:\/\/meprolim.es\/wp-content\/uploads\/2019\/08\/YC0001-1.jpg","datePublished":"2019-08-11T22:27:53+00:00","dateModified":"2020-03-20T19:17:46+00:00","breadcrumb":{"@id":"https:\/\/meprolim.es\/de\/producto\/maquinaria-de-limpieza\/escaleras-mecanicas\/fregadora-escaleras-miragescalator\/#breadcrumb"},"inLanguage":"en-US","potentialAction":[{"@type":"ReadAction","target":["https:\/\/meprolim.es\/de\/producto\/maquinaria-de-limpieza\/escaleras-mecanicas\/fregadora-escaleras-miragescalator\/"]}]},{"@type":"ImageObject","inLanguage":"en-US","@id":"https:\/\/meprolim.es\/de\/producto\/maquinaria-de-limpieza\/escaleras-mecanicas\/fregadora-escaleras-miragescalator\/#primaryimage","url":"https:\/\/meprolim.es\/wp-content\/uploads\/2019\/08\/YC0001-1.jpg","contentUrl":"https:\/\/meprolim.es\/wp-content\/uploads\/2019\/08\/YC0001-1.jpg","width":278,"height":377},{"@type":"BreadcrumbList","@id":"https:\/\/meprolim.es\/de\/producto\/maquinaria-de-limpieza\/escaleras-mecanicas\/fregadora-escaleras-miragescalator\/#breadcrumb","itemListElement":[{"@type":"ListItem","position":1,"name":"Portada","item":"https:\/\/meprolim.es\/en\/"},{"@type":"ListItem","position":2,"name":"Catalogue","item":"https:\/\/meprolim.es\/en\/catalogue\/"},{"@type":"ListItem","position":3,"name":"FREGADORA ESCALERAS MIRAGESCALATOR EC 51 TOP &#8211; C\u00d3DIGO: YF0001"}]},{"@type":"WebSite","@id":"https:\/\/meprolim.es\/fr\/#website","url":"https:\/\/meprolim.es\/fr\/","name":"Meprolim","description":"Cavas Catalanas S.L.","publisher":{"@id":"https:\/\/meprolim.es\/fr\/#organization"},"potentialAction":[{"@type":"SearchAction","target":{"@type":"EntryPoint","urlTemplate":"https:\/\/meprolim.es\/fr\/?s={search_term_string}"},"query-input":{"@type":"PropertyValueSpecification","valueRequired":true,"valueName":"search_term_string"}}],"inLanguage":"en-US"},{"@type":"Organization","@id":"https:\/\/meprolim.es\/fr\/#organization","name":"Meprolim","url":"https:\/\/meprolim.es\/fr\/","logo":{"@type":"ImageObject","inLanguage":"en-US","@id":"https:\/\/meprolim.es\/fr\/#\/schema\/logo\/image\/","url":"https:\/\/meprolim.es\/wp-content\/uploads\/2019\/07\/cropped-logo2.png","contentUrl":"https:\/\/meprolim.es\/wp-content\/uploads\/2019\/07\/cropped-logo2.png","width":401,"height":162,"caption":"Meprolim"},"image":{"@id":"https:\/\/meprolim.es\/fr\/#\/schema\/logo\/image\/"}}]}},"_links":{"self":[{"href":"https:\/\/meprolim.es\/en\/wp-json\/wp\/v2\/product\/5641","targetHints":{"allow":["GET"]}}],"collection":[{"href":"https:\/\/meprolim.es\/en\/wp-json\/wp\/v2\/product"}],"about":[{"href":"https:\/\/meprolim.es\/en\/wp-json\/wp\/v2\/types\/product"}],"wp:featuredmedia":[{"embeddable":true,"href":"https:\/\/meprolim.es\/en\/wp-json\/wp\/v2\/media\/5647"}],"wp:attachment":[{"href":"https:\/\/meprolim.es\/en\/wp-json\/wp\/v2\/media?parent=5641"}],"wp:term":[{"taxonomy":"product_brand","embeddable":true,"href":"https:\/\/meprolim.es\/en\/wp-json\/wp\/v2\/product_brand?post=5641"},{"taxonomy":"product_cat","embeddable":true,"href":"https:\/\/meprolim.es\/en\/wp-json\/wp\/v2\/product_cat?post=5641"},{"taxonomy":"product_tag","embeddable":true,"href":"https:\/\/meprolim.es\/en\/wp-json\/wp\/v2\/product_tag?post=5641"}],"curies":[{"name":"wp","href":"https:\/\/api.w.org\/{rel}","templated":true}]}}