{"id":5744,"date":"2019-08-12T16:49:00","date_gmt":"2019-08-12T15:49:00","guid":{"rendered":"http:\/\/www.meprolim.es\/?post_type=product&#038;p=5744"},"modified":"2020-03-20T18:59:33","modified_gmt":"2020-03-20T18:59:33","slug":"pulidora-levighetor-max-vel-va-trif-7hp","status":"publish","type":"product","link":"https:\/\/meprolim.es\/en\/producto\/maquinaria-de-limpieza\/pulidoras-profesionales-en\/trifasicas-en\/pulidora-levighetor-max-vel-va-trif-7hp\/","title":{"rendered":"PULIDORA LEVIGHETOR MAX VEL\/VA.TRIF.7HP &#8211; C\u00d3DIGO: ZY5015"},"content":{"rendered":"<div class=\"wpb-content-wrapper\"><p>[vc_row][vc_column][vc_column_text]<\/p>\n<p style=\"text-align: justify;\">Pulidora con planetario monorotativo , control de presi\u00f3n de trabajo y velocidad variable.<\/p>\n<p>[\/vc_column_text][\/vc_column][\/vc_row]<\/p>\n<\/div>","protected":false},"excerpt":{"rendered":"<ul>\n<li>LEVIGHETOR MAX VS tiene la ventaja de variar la velocidad de los utensilios y la regulaci\u00f3n autom\u00e1tica de la tensi\u00f3n de trabajo.<\/li>\n<li>Es ideal para alisar grandes superficies de m\u00e1rmol, granitos y hormig\u00f3n y tambi\u00e9n para la preparaci\u00f3n de suelos industriales, abujardado, eliminaci\u00f3n de antiguas colas y resinas y lustre del cemento con sistema Superconcrete.<\/li>\n<li>Pulidora extremamente robusta con planetario con engranajes en acero termotratado.<\/li>\n<li>Quick-Attack System para cambiar utensilios sin necesidad de usar un martillo u otro tipo de herramienta. \u00a1Solo con las manos!<\/li>\n<li>\u00a1Sin correa! Regulaci\u00f3n autom\u00e1tica de la presi\u00f3n.<\/li>\n<\/ul>\n<p><strong>SKU: ZY5015<\/strong><\/p>\n","protected":false},"featured_media":5745,"template":"","meta":[],"product_brand":[],"product_cat":[2580,2609,2613],"product_tag":[252,315],"class_list":{"0":"post-5744","1":"product","2":"type-product","3":"status-publish","4":"has-post-thumbnail","6":"product_cat-maquinaria-de-limpieza","7":"product_cat-pulidoras-profesionales","8":"product_cat-trifasicas","9":"product_tag-maquinaria-de-limpieza","10":"product_tag-pulidoras","12":"first","13":"instock","14":"shipping-taxable","15":"product-type-simple"},"yoast_head":"<!-- This site is optimized with the Yoast SEO plugin v27.3 - https:\/\/yoast.com\/product\/yoast-seo-wordpress\/ -->\n<title>PULIDORA LEVIGHETOR MAX VEL\/VA.TRIF.7HP - C\u00d3DIGO: ZY5015 - Meprolim<\/title>\n<meta name=\"robots\" content=\"index, follow, max-snippet:-1, max-image-preview:large, max-video-preview:-1\" \/>\n<link rel=\"canonical\" href=\"https:\/\/meprolim.es\/producto\/maquinaria-de-limpieza\/pulidoras-profesionales\/trifasicas\/pulidora-levighetor-max-vel-va-trif-7hp\/\" \/>\n<meta property=\"og:locale\" content=\"en_US\" \/>\n<meta property=\"og:type\" content=\"article\" \/>\n<meta property=\"og:title\" content=\"PULIDORA LEVIGHETOR MAX VEL\/VA.TRIF.7HP - C\u00d3DIGO: ZY5015 - Meprolim\" \/>\n<meta property=\"og:description\" content=\"LEVIGHETOR MAX VS tiene la ventaja de variar la velocidad de los utensilios y la regulaci\u00f3n autom\u00e1tica de la tensi\u00f3n de trabajo.  Es ideal para alisar grandes superficies de m\u00e1rmol, granitos y hormig\u00f3n y tambi\u00e9n para la preparaci\u00f3n de suelos industriales, abujardado, eliminaci\u00f3n de antiguas colas y resinas y lustre del cemento con sistema Superconcrete.  Pulidora extremamente robusta con planetario con engranajes en acero termotratado.  Quick-Attack System para cambiar utensilios sin necesidad de usar un martillo u otro tipo de herramienta. \u00a1Solo con las manos!  \u00a1Sin correa! Regulaci\u00f3n autom\u00e1tica de la presi\u00f3n.  SKU: ZY5015\" \/>\n<meta property=\"og:url\" content=\"https:\/\/meprolim.es\/producto\/maquinaria-de-limpieza\/pulidoras-profesionales\/trifasicas\/pulidora-levighetor-max-vel-va-trif-7hp\/\" \/>\n<meta property=\"og:site_name\" content=\"Meprolim\" \/>\n<meta property=\"article:modified_time\" content=\"2020-03-20T18:59:33+00:00\" \/>\n<meta property=\"og:image\" content=\"https:\/\/meprolim.es\/wp-content\/uploads\/2019\/08\/ZY5015.jpg\" \/>\n\t<meta property=\"og:image:width\" content=\"768\" \/>\n\t<meta property=\"og:image:height\" content=\"768\" \/>\n\t<meta property=\"og:image:type\" content=\"image\/jpeg\" \/>\n<meta name=\"twitter:card\" content=\"summary_large_image\" \/>\n<script type=\"application\/ld+json\" class=\"yoast-schema-graph\">{\"@context\":\"https:\\\/\\\/schema.org\",\"@graph\":[{\"@type\":\"WebPage\",\"@id\":\"https:\\\/\\\/meprolim.es\\\/producto\\\/maquinaria-de-limpieza\\\/pulidoras-profesionales\\\/trifasicas\\\/pulidora-levighetor-max-vel-va-trif-7hp\\\/\",\"url\":\"https:\\\/\\\/meprolim.es\\\/producto\\\/maquinaria-de-limpieza\\\/pulidoras-profesionales\\\/trifasicas\\\/pulidora-levighetor-max-vel-va-trif-7hp\\\/\",\"name\":\"PULIDORA LEVIGHETOR MAX VEL\\\/VA.TRIF.7HP - C\u00d3DIGO: ZY5015 - Meprolim\",\"isPartOf\":{\"@id\":\"https:\\\/\\\/meprolim.es\\\/fr\\\/#website\"},\"primaryImageOfPage\":{\"@id\":\"https:\\\/\\\/meprolim.es\\\/producto\\\/maquinaria-de-limpieza\\\/pulidoras-profesionales\\\/trifasicas\\\/pulidora-levighetor-max-vel-va-trif-7hp\\\/#primaryimage\"},\"image\":{\"@id\":\"https:\\\/\\\/meprolim.es\\\/producto\\\/maquinaria-de-limpieza\\\/pulidoras-profesionales\\\/trifasicas\\\/pulidora-levighetor-max-vel-va-trif-7hp\\\/#primaryimage\"},\"thumbnailUrl\":\"https:\\\/\\\/meprolim.es\\\/wp-content\\\/uploads\\\/2019\\\/08\\\/ZY5015.jpg\",\"datePublished\":\"2019-08-12T15:49:00+00:00\",\"dateModified\":\"2020-03-20T18:59:33+00:00\",\"breadcrumb\":{\"@id\":\"https:\\\/\\\/meprolim.es\\\/producto\\\/maquinaria-de-limpieza\\\/pulidoras-profesionales\\\/trifasicas\\\/pulidora-levighetor-max-vel-va-trif-7hp\\\/#breadcrumb\"},\"inLanguage\":\"en-US\",\"potentialAction\":[{\"@type\":\"ReadAction\",\"target\":[\"https:\\\/\\\/meprolim.es\\\/producto\\\/maquinaria-de-limpieza\\\/pulidoras-profesionales\\\/trifasicas\\\/pulidora-levighetor-max-vel-va-trif-7hp\\\/\"]}]},{\"@type\":\"ImageObject\",\"inLanguage\":\"en-US\",\"@id\":\"https:\\\/\\\/meprolim.es\\\/producto\\\/maquinaria-de-limpieza\\\/pulidoras-profesionales\\\/trifasicas\\\/pulidora-levighetor-max-vel-va-trif-7hp\\\/#primaryimage\",\"url\":\"https:\\\/\\\/meprolim.es\\\/wp-content\\\/uploads\\\/2019\\\/08\\\/ZY5015.jpg\",\"contentUrl\":\"https:\\\/\\\/meprolim.es\\\/wp-content\\\/uploads\\\/2019\\\/08\\\/ZY5015.jpg\",\"width\":768,\"height\":768},{\"@type\":\"BreadcrumbList\",\"@id\":\"https:\\\/\\\/meprolim.es\\\/producto\\\/maquinaria-de-limpieza\\\/pulidoras-profesionales\\\/trifasicas\\\/pulidora-levighetor-max-vel-va-trif-7hp\\\/#breadcrumb\",\"itemListElement\":[{\"@type\":\"ListItem\",\"position\":1,\"name\":\"Portada\",\"item\":\"https:\\\/\\\/meprolim.es\\\/en\\\/\"},{\"@type\":\"ListItem\",\"position\":2,\"name\":\"Catalogue\",\"item\":\"https:\\\/\\\/meprolim.es\\\/en\\\/catalogue\\\/\"},{\"@type\":\"ListItem\",\"position\":3,\"name\":\"PULIDORA LEVIGHETOR MAX VEL\\\/VA.TRIF.7HP &#8211; C\u00d3DIGO: ZY5015\"}]},{\"@type\":\"WebSite\",\"@id\":\"https:\\\/\\\/meprolim.es\\\/fr\\\/#website\",\"url\":\"https:\\\/\\\/meprolim.es\\\/fr\\\/\",\"name\":\"Meprolim\",\"description\":\"Cavas Catalanas S.L.\",\"publisher\":{\"@id\":\"https:\\\/\\\/meprolim.es\\\/fr\\\/#organization\"},\"potentialAction\":[{\"@type\":\"SearchAction\",\"target\":{\"@type\":\"EntryPoint\",\"urlTemplate\":\"https:\\\/\\\/meprolim.es\\\/fr\\\/?s={search_term_string}\"},\"query-input\":{\"@type\":\"PropertyValueSpecification\",\"valueRequired\":true,\"valueName\":\"search_term_string\"}}],\"inLanguage\":\"en-US\"},{\"@type\":\"Organization\",\"@id\":\"https:\\\/\\\/meprolim.es\\\/fr\\\/#organization\",\"name\":\"Meprolim\",\"url\":\"https:\\\/\\\/meprolim.es\\\/fr\\\/\",\"logo\":{\"@type\":\"ImageObject\",\"inLanguage\":\"en-US\",\"@id\":\"https:\\\/\\\/meprolim.es\\\/fr\\\/#\\\/schema\\\/logo\\\/image\\\/\",\"url\":\"https:\\\/\\\/meprolim.es\\\/wp-content\\\/uploads\\\/2019\\\/07\\\/cropped-logo2.png\",\"contentUrl\":\"https:\\\/\\\/meprolim.es\\\/wp-content\\\/uploads\\\/2019\\\/07\\\/cropped-logo2.png\",\"width\":401,\"height\":162,\"caption\":\"Meprolim\"},\"image\":{\"@id\":\"https:\\\/\\\/meprolim.es\\\/fr\\\/#\\\/schema\\\/logo\\\/image\\\/\"}}]}<\/script>\n<!-- \/ Yoast SEO plugin. -->","yoast_head_json":{"title":"PULIDORA LEVIGHETOR MAX VEL\/VA.TRIF.7HP - C\u00d3DIGO: ZY5015 - Meprolim","robots":{"index":"index","follow":"follow","max-snippet":"max-snippet:-1","max-image-preview":"max-image-preview:large","max-video-preview":"max-video-preview:-1"},"canonical":"https:\/\/meprolim.es\/producto\/maquinaria-de-limpieza\/pulidoras-profesionales\/trifasicas\/pulidora-levighetor-max-vel-va-trif-7hp\/","og_locale":"en_US","og_type":"article","og_title":"PULIDORA LEVIGHETOR MAX VEL\/VA.TRIF.7HP - C\u00d3DIGO: ZY5015 - Meprolim","og_description":"LEVIGHETOR MAX VS tiene la ventaja de variar la velocidad de los utensilios y la regulaci\u00f3n autom\u00e1tica de la tensi\u00f3n de trabajo.  Es ideal para alisar grandes superficies de m\u00e1rmol, granitos y hormig\u00f3n y tambi\u00e9n para la preparaci\u00f3n de suelos industriales, abujardado, eliminaci\u00f3n de antiguas colas y resinas y lustre del cemento con sistema Superconcrete.  Pulidora extremamente robusta con planetario con engranajes en acero termotratado.  Quick-Attack System para cambiar utensilios sin necesidad de usar un martillo u otro tipo de herramienta. \u00a1Solo con las manos!  \u00a1Sin correa! Regulaci\u00f3n autom\u00e1tica de la presi\u00f3n.  SKU: ZY5015","og_url":"https:\/\/meprolim.es\/producto\/maquinaria-de-limpieza\/pulidoras-profesionales\/trifasicas\/pulidora-levighetor-max-vel-va-trif-7hp\/","og_site_name":"Meprolim","article_modified_time":"2020-03-20T18:59:33+00:00","og_image":[{"width":768,"height":768,"url":"https:\/\/meprolim.es\/wp-content\/uploads\/2019\/08\/ZY5015.jpg","type":"image\/jpeg"}],"twitter_card":"summary_large_image","schema":{"@context":"https:\/\/schema.org","@graph":[{"@type":"WebPage","@id":"https:\/\/meprolim.es\/producto\/maquinaria-de-limpieza\/pulidoras-profesionales\/trifasicas\/pulidora-levighetor-max-vel-va-trif-7hp\/","url":"https:\/\/meprolim.es\/producto\/maquinaria-de-limpieza\/pulidoras-profesionales\/trifasicas\/pulidora-levighetor-max-vel-va-trif-7hp\/","name":"PULIDORA LEVIGHETOR MAX VEL\/VA.TRIF.7HP - C\u00d3DIGO: ZY5015 - Meprolim","isPartOf":{"@id":"https:\/\/meprolim.es\/fr\/#website"},"primaryImageOfPage":{"@id":"https:\/\/meprolim.es\/producto\/maquinaria-de-limpieza\/pulidoras-profesionales\/trifasicas\/pulidora-levighetor-max-vel-va-trif-7hp\/#primaryimage"},"image":{"@id":"https:\/\/meprolim.es\/producto\/maquinaria-de-limpieza\/pulidoras-profesionales\/trifasicas\/pulidora-levighetor-max-vel-va-trif-7hp\/#primaryimage"},"thumbnailUrl":"https:\/\/meprolim.es\/wp-content\/uploads\/2019\/08\/ZY5015.jpg","datePublished":"2019-08-12T15:49:00+00:00","dateModified":"2020-03-20T18:59:33+00:00","breadcrumb":{"@id":"https:\/\/meprolim.es\/producto\/maquinaria-de-limpieza\/pulidoras-profesionales\/trifasicas\/pulidora-levighetor-max-vel-va-trif-7hp\/#breadcrumb"},"inLanguage":"en-US","potentialAction":[{"@type":"ReadAction","target":["https:\/\/meprolim.es\/producto\/maquinaria-de-limpieza\/pulidoras-profesionales\/trifasicas\/pulidora-levighetor-max-vel-va-trif-7hp\/"]}]},{"@type":"ImageObject","inLanguage":"en-US","@id":"https:\/\/meprolim.es\/producto\/maquinaria-de-limpieza\/pulidoras-profesionales\/trifasicas\/pulidora-levighetor-max-vel-va-trif-7hp\/#primaryimage","url":"https:\/\/meprolim.es\/wp-content\/uploads\/2019\/08\/ZY5015.jpg","contentUrl":"https:\/\/meprolim.es\/wp-content\/uploads\/2019\/08\/ZY5015.jpg","width":768,"height":768},{"@type":"BreadcrumbList","@id":"https:\/\/meprolim.es\/producto\/maquinaria-de-limpieza\/pulidoras-profesionales\/trifasicas\/pulidora-levighetor-max-vel-va-trif-7hp\/#breadcrumb","itemListElement":[{"@type":"ListItem","position":1,"name":"Portada","item":"https:\/\/meprolim.es\/en\/"},{"@type":"ListItem","position":2,"name":"Catalogue","item":"https:\/\/meprolim.es\/en\/catalogue\/"},{"@type":"ListItem","position":3,"name":"PULIDORA LEVIGHETOR MAX VEL\/VA.TRIF.7HP &#8211; C\u00d3DIGO: ZY5015"}]},{"@type":"WebSite","@id":"https:\/\/meprolim.es\/fr\/#website","url":"https:\/\/meprolim.es\/fr\/","name":"Meprolim","description":"Cavas Catalanas S.L.","publisher":{"@id":"https:\/\/meprolim.es\/fr\/#organization"},"potentialAction":[{"@type":"SearchAction","target":{"@type":"EntryPoint","urlTemplate":"https:\/\/meprolim.es\/fr\/?s={search_term_string}"},"query-input":{"@type":"PropertyValueSpecification","valueRequired":true,"valueName":"search_term_string"}}],"inLanguage":"en-US"},{"@type":"Organization","@id":"https:\/\/meprolim.es\/fr\/#organization","name":"Meprolim","url":"https:\/\/meprolim.es\/fr\/","logo":{"@type":"ImageObject","inLanguage":"en-US","@id":"https:\/\/meprolim.es\/fr\/#\/schema\/logo\/image\/","url":"https:\/\/meprolim.es\/wp-content\/uploads\/2019\/07\/cropped-logo2.png","contentUrl":"https:\/\/meprolim.es\/wp-content\/uploads\/2019\/07\/cropped-logo2.png","width":401,"height":162,"caption":"Meprolim"},"image":{"@id":"https:\/\/meprolim.es\/fr\/#\/schema\/logo\/image\/"}}]}},"_links":{"self":[{"href":"https:\/\/meprolim.es\/en\/wp-json\/wp\/v2\/product\/5744","targetHints":{"allow":["GET"]}}],"collection":[{"href":"https:\/\/meprolim.es\/en\/wp-json\/wp\/v2\/product"}],"about":[{"href":"https:\/\/meprolim.es\/en\/wp-json\/wp\/v2\/types\/product"}],"wp:featuredmedia":[{"embeddable":true,"href":"https:\/\/meprolim.es\/en\/wp-json\/wp\/v2\/media\/5745"}],"wp:attachment":[{"href":"https:\/\/meprolim.es\/en\/wp-json\/wp\/v2\/media?parent=5744"}],"wp:term":[{"taxonomy":"product_brand","embeddable":true,"href":"https:\/\/meprolim.es\/en\/wp-json\/wp\/v2\/product_brand?post=5744"},{"taxonomy":"product_cat","embeddable":true,"href":"https:\/\/meprolim.es\/en\/wp-json\/wp\/v2\/product_cat?post=5744"},{"taxonomy":"product_tag","embeddable":true,"href":"https:\/\/meprolim.es\/en\/wp-json\/wp\/v2\/product_tag?post=5744"}],"curies":[{"name":"wp","href":"https:\/\/api.w.org\/{rel}","templated":true}]}}