{"id":6432,"date":"2019-08-19T16:41:03","date_gmt":"2019-08-19T15:41:03","guid":{"rendered":"http:\/\/www.meprolim.es\/?post_type=product&#038;p=6432"},"modified":"2023-10-10T15:18:30","modified_gmt":"2023-10-10T14:18:30","slug":"carro-galindo-super-limpieza-c-prensa","status":"publish","type":"product","link":"https:\/\/meprolim.es\/en\/producto\/carros-de-servicio-fregado-manual-y-articulos-de-limpieza\/carros-carretillas-en\/carros-de-limpieza-en\/carro-galindo-super-limpieza-c-prensa\/","title":{"rendered":"CARRO GALINDO S\u00daPER LIMPIEZA C\/PRENSA &#8211; C\u00d3DIGO: AL0041"},"content":{"rendered":"<div class=\"wpb-content-wrapper\"><p>[vc_row][vc_column][vc_column_text]<\/p>\n<p>Carro de limpieza modelo 560.<\/p>\n<p>[\/vc_column_text][\/vc_column][\/vc_row]<\/p>\n<\/div>","protected":false},"excerpt":{"rendered":"<ul>\n<li>Tubos de acero inoxidable.<\/li>\n<li>Carro de limpieza completo, incluye:<br \/>\n\u2013 Cuatro cubos de 6 l con c\u00f3digo de colores. \u2013 Dos cubos de 25 l. \u2013 Una prensa.\u00a0\u2013 Tres bandejas de polipropileno. \u2013 Una bolsa plastificada con cinco enganches.<\/li>\n<li>Asa telesc\u00f3pica con ruedas de protecci\u00f3n.<\/li>\n<li>Cuatro ruedas giratorias de \u00d8 125 mm, con paragolpes, una de las ruedas con freno.<\/li>\n<\/ul>\n<p><strong>SKU: AL0041<\/strong><\/p>\n","protected":false},"featured_media":6434,"template":"","meta":[],"product_brand":[],"product_cat":[321,102,1099],"product_tag":[395,393,382],"class_list":{"0":"post-6432","1":"product","2":"type-product","3":"status-publish","4":"has-post-thumbnail","6":"product_cat-carros-de-limpieza","7":"product_cat-carros-de-servicio-fregado-manual-y-articulos-de-limpieza","8":"product_cat-carros-carretillas","9":"product_tag-carro-con-prensa","10":"product_tag-carro-de-limpieza","11":"product_tag-carro-de-servicio","13":"first","14":"instock","15":"shipping-taxable","16":"product-type-simple"},"yoast_head":"<!-- This site is optimized with the Yoast SEO plugin v27.3 - https:\/\/yoast.com\/product\/yoast-seo-wordpress\/ -->\n<title>CARRO GALINDO S\u00daPER LIMPIEZA C\/PRENSA - C\u00d3DIGO: AL0041 - Meprolim<\/title>\n<meta name=\"robots\" content=\"index, follow, max-snippet:-1, max-image-preview:large, max-video-preview:-1\" \/>\n<link rel=\"canonical\" href=\"https:\/\/meprolim.es\/producto\/carros-de-servicio-fregado-manual-y-articulos-de-limpieza\/carros-carretillas\/carros-de-limpieza\/carro-galindo-super-limpieza-c-prensa\/\" \/>\n<meta property=\"og:locale\" content=\"en_US\" \/>\n<meta property=\"og:type\" content=\"article\" \/>\n<meta property=\"og:title\" content=\"CARRO GALINDO S\u00daPER LIMPIEZA C\/PRENSA - C\u00d3DIGO: AL0041 - Meprolim\" \/>\n<meta property=\"og:description\" content=\"Tubos de acero inoxidable.  Carro de limpieza completo, incluye: \u2013 Cuatro cubos de 6 l con c\u00f3digo de colores. \u2013 Dos cubos de 25 l. \u2013 Una prensa.\u00a0\u2013 Tres bandejas de polipropileno. \u2013 Una bolsa plastificada con cinco enganches.  Asa telesc\u00f3pica con ruedas de protecci\u00f3n.  Cuatro ruedas giratorias de \u00d8 125 mm, con paragolpes, una de las ruedas con freno.  SKU: AL0041\" \/>\n<meta property=\"og:url\" content=\"https:\/\/meprolim.es\/producto\/carros-de-servicio-fregado-manual-y-articulos-de-limpieza\/carros-carretillas\/carros-de-limpieza\/carro-galindo-super-limpieza-c-prensa\/\" \/>\n<meta property=\"og:site_name\" content=\"Meprolim\" \/>\n<meta property=\"article:modified_time\" content=\"2023-10-10T14:18:30+00:00\" \/>\n<meta property=\"og:image\" content=\"https:\/\/meprolim.es\/wp-content\/uploads\/2019\/08\/AL0041.jpg\" \/>\n\t<meta property=\"og:image:width\" content=\"768\" \/>\n\t<meta property=\"og:image:height\" content=\"768\" \/>\n\t<meta property=\"og:image:type\" content=\"image\/jpeg\" \/>\n<meta name=\"twitter:card\" content=\"summary_large_image\" \/>\n<meta name=\"twitter:label1\" content=\"Est. reading time\" \/>\n\t<meta name=\"twitter:data1\" content=\"1 minute\" \/>\n<script type=\"application\/ld+json\" class=\"yoast-schema-graph\">{\"@context\":\"https:\\\/\\\/schema.org\",\"@graph\":[{\"@type\":\"WebPage\",\"@id\":\"https:\\\/\\\/meprolim.es\\\/producto\\\/carros-de-servicio-fregado-manual-y-articulos-de-limpieza\\\/carros-carretillas\\\/carros-de-limpieza\\\/carro-galindo-super-limpieza-c-prensa\\\/\",\"url\":\"https:\\\/\\\/meprolim.es\\\/producto\\\/carros-de-servicio-fregado-manual-y-articulos-de-limpieza\\\/carros-carretillas\\\/carros-de-limpieza\\\/carro-galindo-super-limpieza-c-prensa\\\/\",\"name\":\"CARRO GALINDO S\u00daPER LIMPIEZA C\\\/PRENSA - C\u00d3DIGO: AL0041 - Meprolim\",\"isPartOf\":{\"@id\":\"https:\\\/\\\/meprolim.es\\\/fr\\\/#website\"},\"primaryImageOfPage\":{\"@id\":\"https:\\\/\\\/meprolim.es\\\/producto\\\/carros-de-servicio-fregado-manual-y-articulos-de-limpieza\\\/carros-carretillas\\\/carros-de-limpieza\\\/carro-galindo-super-limpieza-c-prensa\\\/#primaryimage\"},\"image\":{\"@id\":\"https:\\\/\\\/meprolim.es\\\/producto\\\/carros-de-servicio-fregado-manual-y-articulos-de-limpieza\\\/carros-carretillas\\\/carros-de-limpieza\\\/carro-galindo-super-limpieza-c-prensa\\\/#primaryimage\"},\"thumbnailUrl\":\"https:\\\/\\\/meprolim.es\\\/wp-content\\\/uploads\\\/2019\\\/08\\\/AL0041.jpg\",\"datePublished\":\"2019-08-19T15:41:03+00:00\",\"dateModified\":\"2023-10-10T14:18:30+00:00\",\"breadcrumb\":{\"@id\":\"https:\\\/\\\/meprolim.es\\\/producto\\\/carros-de-servicio-fregado-manual-y-articulos-de-limpieza\\\/carros-carretillas\\\/carros-de-limpieza\\\/carro-galindo-super-limpieza-c-prensa\\\/#breadcrumb\"},\"inLanguage\":\"en-US\",\"potentialAction\":[{\"@type\":\"ReadAction\",\"target\":[\"https:\\\/\\\/meprolim.es\\\/producto\\\/carros-de-servicio-fregado-manual-y-articulos-de-limpieza\\\/carros-carretillas\\\/carros-de-limpieza\\\/carro-galindo-super-limpieza-c-prensa\\\/\"]}]},{\"@type\":\"ImageObject\",\"inLanguage\":\"en-US\",\"@id\":\"https:\\\/\\\/meprolim.es\\\/producto\\\/carros-de-servicio-fregado-manual-y-articulos-de-limpieza\\\/carros-carretillas\\\/carros-de-limpieza\\\/carro-galindo-super-limpieza-c-prensa\\\/#primaryimage\",\"url\":\"https:\\\/\\\/meprolim.es\\\/wp-content\\\/uploads\\\/2019\\\/08\\\/AL0041.jpg\",\"contentUrl\":\"https:\\\/\\\/meprolim.es\\\/wp-content\\\/uploads\\\/2019\\\/08\\\/AL0041.jpg\",\"width\":768,\"height\":768},{\"@type\":\"BreadcrumbList\",\"@id\":\"https:\\\/\\\/meprolim.es\\\/producto\\\/carros-de-servicio-fregado-manual-y-articulos-de-limpieza\\\/carros-carretillas\\\/carros-de-limpieza\\\/carro-galindo-super-limpieza-c-prensa\\\/#breadcrumb\",\"itemListElement\":[{\"@type\":\"ListItem\",\"position\":1,\"name\":\"Portada\",\"item\":\"https:\\\/\\\/meprolim.es\\\/en\\\/\"},{\"@type\":\"ListItem\",\"position\":2,\"name\":\"Catalogue\",\"item\":\"https:\\\/\\\/meprolim.es\\\/en\\\/catalogue\\\/\"},{\"@type\":\"ListItem\",\"position\":3,\"name\":\"CARRO GALINDO S\u00daPER LIMPIEZA C\\\/PRENSA &#8211; C\u00d3DIGO: AL0041\"}]},{\"@type\":\"WebSite\",\"@id\":\"https:\\\/\\\/meprolim.es\\\/fr\\\/#website\",\"url\":\"https:\\\/\\\/meprolim.es\\\/fr\\\/\",\"name\":\"Meprolim\",\"description\":\"Cavas Catalanas S.L.\",\"publisher\":{\"@id\":\"https:\\\/\\\/meprolim.es\\\/fr\\\/#organization\"},\"potentialAction\":[{\"@type\":\"SearchAction\",\"target\":{\"@type\":\"EntryPoint\",\"urlTemplate\":\"https:\\\/\\\/meprolim.es\\\/fr\\\/?s={search_term_string}\"},\"query-input\":{\"@type\":\"PropertyValueSpecification\",\"valueRequired\":true,\"valueName\":\"search_term_string\"}}],\"inLanguage\":\"en-US\"},{\"@type\":\"Organization\",\"@id\":\"https:\\\/\\\/meprolim.es\\\/fr\\\/#organization\",\"name\":\"Meprolim\",\"url\":\"https:\\\/\\\/meprolim.es\\\/fr\\\/\",\"logo\":{\"@type\":\"ImageObject\",\"inLanguage\":\"en-US\",\"@id\":\"https:\\\/\\\/meprolim.es\\\/fr\\\/#\\\/schema\\\/logo\\\/image\\\/\",\"url\":\"https:\\\/\\\/meprolim.es\\\/wp-content\\\/uploads\\\/2019\\\/07\\\/cropped-logo2.png\",\"contentUrl\":\"https:\\\/\\\/meprolim.es\\\/wp-content\\\/uploads\\\/2019\\\/07\\\/cropped-logo2.png\",\"width\":401,\"height\":162,\"caption\":\"Meprolim\"},\"image\":{\"@id\":\"https:\\\/\\\/meprolim.es\\\/fr\\\/#\\\/schema\\\/logo\\\/image\\\/\"}}]}<\/script>\n<!-- \/ Yoast SEO plugin. -->","yoast_head_json":{"title":"CARRO GALINDO S\u00daPER LIMPIEZA C\/PRENSA - C\u00d3DIGO: AL0041 - Meprolim","robots":{"index":"index","follow":"follow","max-snippet":"max-snippet:-1","max-image-preview":"max-image-preview:large","max-video-preview":"max-video-preview:-1"},"canonical":"https:\/\/meprolim.es\/producto\/carros-de-servicio-fregado-manual-y-articulos-de-limpieza\/carros-carretillas\/carros-de-limpieza\/carro-galindo-super-limpieza-c-prensa\/","og_locale":"en_US","og_type":"article","og_title":"CARRO GALINDO S\u00daPER LIMPIEZA C\/PRENSA - C\u00d3DIGO: AL0041 - Meprolim","og_description":"Tubos de acero inoxidable.  Carro de limpieza completo, incluye: \u2013 Cuatro cubos de 6 l con c\u00f3digo de colores. \u2013 Dos cubos de 25 l. \u2013 Una prensa.\u00a0\u2013 Tres bandejas de polipropileno. \u2013 Una bolsa plastificada con cinco enganches.  Asa telesc\u00f3pica con ruedas de protecci\u00f3n.  Cuatro ruedas giratorias de \u00d8 125 mm, con paragolpes, una de las ruedas con freno.  SKU: AL0041","og_url":"https:\/\/meprolim.es\/producto\/carros-de-servicio-fregado-manual-y-articulos-de-limpieza\/carros-carretillas\/carros-de-limpieza\/carro-galindo-super-limpieza-c-prensa\/","og_site_name":"Meprolim","article_modified_time":"2023-10-10T14:18:30+00:00","og_image":[{"width":768,"height":768,"url":"https:\/\/meprolim.es\/wp-content\/uploads\/2019\/08\/AL0041.jpg","type":"image\/jpeg"}],"twitter_card":"summary_large_image","twitter_misc":{"Est. reading time":"1 minute"},"schema":{"@context":"https:\/\/schema.org","@graph":[{"@type":"WebPage","@id":"https:\/\/meprolim.es\/producto\/carros-de-servicio-fregado-manual-y-articulos-de-limpieza\/carros-carretillas\/carros-de-limpieza\/carro-galindo-super-limpieza-c-prensa\/","url":"https:\/\/meprolim.es\/producto\/carros-de-servicio-fregado-manual-y-articulos-de-limpieza\/carros-carretillas\/carros-de-limpieza\/carro-galindo-super-limpieza-c-prensa\/","name":"CARRO GALINDO S\u00daPER LIMPIEZA C\/PRENSA - C\u00d3DIGO: AL0041 - Meprolim","isPartOf":{"@id":"https:\/\/meprolim.es\/fr\/#website"},"primaryImageOfPage":{"@id":"https:\/\/meprolim.es\/producto\/carros-de-servicio-fregado-manual-y-articulos-de-limpieza\/carros-carretillas\/carros-de-limpieza\/carro-galindo-super-limpieza-c-prensa\/#primaryimage"},"image":{"@id":"https:\/\/meprolim.es\/producto\/carros-de-servicio-fregado-manual-y-articulos-de-limpieza\/carros-carretillas\/carros-de-limpieza\/carro-galindo-super-limpieza-c-prensa\/#primaryimage"},"thumbnailUrl":"https:\/\/meprolim.es\/wp-content\/uploads\/2019\/08\/AL0041.jpg","datePublished":"2019-08-19T15:41:03+00:00","dateModified":"2023-10-10T14:18:30+00:00","breadcrumb":{"@id":"https:\/\/meprolim.es\/producto\/carros-de-servicio-fregado-manual-y-articulos-de-limpieza\/carros-carretillas\/carros-de-limpieza\/carro-galindo-super-limpieza-c-prensa\/#breadcrumb"},"inLanguage":"en-US","potentialAction":[{"@type":"ReadAction","target":["https:\/\/meprolim.es\/producto\/carros-de-servicio-fregado-manual-y-articulos-de-limpieza\/carros-carretillas\/carros-de-limpieza\/carro-galindo-super-limpieza-c-prensa\/"]}]},{"@type":"ImageObject","inLanguage":"en-US","@id":"https:\/\/meprolim.es\/producto\/carros-de-servicio-fregado-manual-y-articulos-de-limpieza\/carros-carretillas\/carros-de-limpieza\/carro-galindo-super-limpieza-c-prensa\/#primaryimage","url":"https:\/\/meprolim.es\/wp-content\/uploads\/2019\/08\/AL0041.jpg","contentUrl":"https:\/\/meprolim.es\/wp-content\/uploads\/2019\/08\/AL0041.jpg","width":768,"height":768},{"@type":"BreadcrumbList","@id":"https:\/\/meprolim.es\/producto\/carros-de-servicio-fregado-manual-y-articulos-de-limpieza\/carros-carretillas\/carros-de-limpieza\/carro-galindo-super-limpieza-c-prensa\/#breadcrumb","itemListElement":[{"@type":"ListItem","position":1,"name":"Portada","item":"https:\/\/meprolim.es\/en\/"},{"@type":"ListItem","position":2,"name":"Catalogue","item":"https:\/\/meprolim.es\/en\/catalogue\/"},{"@type":"ListItem","position":3,"name":"CARRO GALINDO S\u00daPER LIMPIEZA C\/PRENSA &#8211; C\u00d3DIGO: AL0041"}]},{"@type":"WebSite","@id":"https:\/\/meprolim.es\/fr\/#website","url":"https:\/\/meprolim.es\/fr\/","name":"Meprolim","description":"Cavas Catalanas S.L.","publisher":{"@id":"https:\/\/meprolim.es\/fr\/#organization"},"potentialAction":[{"@type":"SearchAction","target":{"@type":"EntryPoint","urlTemplate":"https:\/\/meprolim.es\/fr\/?s={search_term_string}"},"query-input":{"@type":"PropertyValueSpecification","valueRequired":true,"valueName":"search_term_string"}}],"inLanguage":"en-US"},{"@type":"Organization","@id":"https:\/\/meprolim.es\/fr\/#organization","name":"Meprolim","url":"https:\/\/meprolim.es\/fr\/","logo":{"@type":"ImageObject","inLanguage":"en-US","@id":"https:\/\/meprolim.es\/fr\/#\/schema\/logo\/image\/","url":"https:\/\/meprolim.es\/wp-content\/uploads\/2019\/07\/cropped-logo2.png","contentUrl":"https:\/\/meprolim.es\/wp-content\/uploads\/2019\/07\/cropped-logo2.png","width":401,"height":162,"caption":"Meprolim"},"image":{"@id":"https:\/\/meprolim.es\/fr\/#\/schema\/logo\/image\/"}}]}},"_links":{"self":[{"href":"https:\/\/meprolim.es\/en\/wp-json\/wp\/v2\/product\/6432","targetHints":{"allow":["GET"]}}],"collection":[{"href":"https:\/\/meprolim.es\/en\/wp-json\/wp\/v2\/product"}],"about":[{"href":"https:\/\/meprolim.es\/en\/wp-json\/wp\/v2\/types\/product"}],"wp:featuredmedia":[{"embeddable":true,"href":"https:\/\/meprolim.es\/en\/wp-json\/wp\/v2\/media\/6434"}],"wp:attachment":[{"href":"https:\/\/meprolim.es\/en\/wp-json\/wp\/v2\/media?parent=6432"}],"wp:term":[{"taxonomy":"product_brand","embeddable":true,"href":"https:\/\/meprolim.es\/en\/wp-json\/wp\/v2\/product_brand?post=6432"},{"taxonomy":"product_cat","embeddable":true,"href":"https:\/\/meprolim.es\/en\/wp-json\/wp\/v2\/product_cat?post=6432"},{"taxonomy":"product_tag","embeddable":true,"href":"https:\/\/meprolim.es\/en\/wp-json\/wp\/v2\/product_tag?post=6432"}],"curies":[{"name":"wp","href":"https:\/\/api.w.org\/{rel}","templated":true}]}}