{"id":6935,"date":"2019-08-22T11:48:29","date_gmt":"2019-08-22T10:48:29","guid":{"rendered":"http:\/\/www.meprolim.es\/?post_type=product&#038;p=6935"},"modified":"2019-10-18T15:55:59","modified_gmt":"2019-10-18T14:55:59","slug":"dosificador-jabon-encastrable","status":"publish","type":"product","link":"https:\/\/meprolim.es\/en\/producto\/dispensadores-celulosa-y-complementos\/dosificadores-jabon-en\/mas-500-cc-en\/dosificador-jabon-encastrable\/","title":{"rendered":"DOSIFICADOR JAB\u00d3N ENCASTRABLE &#8211; C\u00d3DIGO: CL1020"},"content":{"rendered":"<div class=\"wpb-content-wrapper\"><p>[vc_row][vc_column][vc_column_text]<\/p>\n<p>Dosificador empotrable manual<\/p>\n<p>[\/vc_column_text][\/vc_column][\/vc_row]<\/p>\n<\/div>","protected":false},"excerpt":{"rendered":"<ul>\n<li>Va embutido en el lavamanos, con el bid\u00f3n fuera del alcance de la vista.<\/li>\n<li>Construido en lat\u00f3n cromado.<\/li>\n<li>Antivand\u00e1lico.<\/li>\n<\/ul>\n<p><strong>SKU: CL1020<\/strong><\/p>\n","protected":false},"featured_media":6936,"template":"","meta":[],"product_brand":[],"product_cat":[485,90,1138],"product_tag":[486,487,489,488],"class_list":{"0":"post-6935","1":"product","2":"type-product","3":"status-publish","4":"has-post-thumbnail","6":"product_cat-mas-500-cc","7":"product_cat-complementos-para-banos-y-dispensadores","8":"product_cat-dosificadores-jabon","9":"product_tag-bano","10":"product_tag-cocina","11":"product_tag-dosificador-empotrable","12":"product_tag-dosificadores-gel","14":"first","15":"instock","16":"shipping-taxable","17":"product-type-simple"},"yoast_head":"<!-- This site is optimized with the Yoast SEO plugin v27.3 - https:\/\/yoast.com\/product\/yoast-seo-wordpress\/ -->\n<title>DOSIFICADOR JAB\u00d3N ENCASTRABLE - C\u00d3DIGO: CL1020 - Meprolim<\/title>\n<meta name=\"robots\" content=\"index, follow, max-snippet:-1, max-image-preview:large, max-video-preview:-1\" \/>\n<link rel=\"canonical\" href=\"https:\/\/meprolim.es\/producto\/complementos-para-banos-y-dispensadores\/dosificadores-jabon\/mas-500-cc\/dosificador-jabon-encastrable\/\" \/>\n<meta property=\"og:locale\" content=\"en_US\" \/>\n<meta property=\"og:type\" content=\"article\" \/>\n<meta property=\"og:title\" content=\"DOSIFICADOR JAB\u00d3N ENCASTRABLE - C\u00d3DIGO: CL1020 - Meprolim\" \/>\n<meta property=\"og:description\" content=\"Va embutido en el lavamanos, con el bid\u00f3n fuera del alcance de la vista.  Construido en lat\u00f3n cromado.  Antivand\u00e1lico.  SKU: CL1020\" \/>\n<meta property=\"og:url\" content=\"https:\/\/meprolim.es\/producto\/complementos-para-banos-y-dispensadores\/dosificadores-jabon\/mas-500-cc\/dosificador-jabon-encastrable\/\" \/>\n<meta property=\"og:site_name\" content=\"Meprolim\" \/>\n<meta property=\"article:modified_time\" content=\"2019-10-18T14:55:59+00:00\" \/>\n<meta property=\"og:image\" content=\"https:\/\/meprolim.es\/wp-content\/uploads\/2019\/08\/CL1020.jpg\" \/>\n\t<meta property=\"og:image:width\" content=\"768\" \/>\n\t<meta property=\"og:image:height\" content=\"768\" \/>\n\t<meta property=\"og:image:type\" content=\"image\/jpeg\" \/>\n<meta name=\"twitter:card\" content=\"summary_large_image\" \/>\n<script type=\"application\/ld+json\" class=\"yoast-schema-graph\">{\"@context\":\"https:\\\/\\\/schema.org\",\"@graph\":[{\"@type\":\"WebPage\",\"@id\":\"https:\\\/\\\/meprolim.es\\\/producto\\\/complementos-para-banos-y-dispensadores\\\/dosificadores-jabon\\\/mas-500-cc\\\/dosificador-jabon-encastrable\\\/\",\"url\":\"https:\\\/\\\/meprolim.es\\\/producto\\\/complementos-para-banos-y-dispensadores\\\/dosificadores-jabon\\\/mas-500-cc\\\/dosificador-jabon-encastrable\\\/\",\"name\":\"DOSIFICADOR JAB\u00d3N ENCASTRABLE - C\u00d3DIGO: CL1020 - Meprolim\",\"isPartOf\":{\"@id\":\"https:\\\/\\\/meprolim.es\\\/fr\\\/#website\"},\"primaryImageOfPage\":{\"@id\":\"https:\\\/\\\/meprolim.es\\\/producto\\\/complementos-para-banos-y-dispensadores\\\/dosificadores-jabon\\\/mas-500-cc\\\/dosificador-jabon-encastrable\\\/#primaryimage\"},\"image\":{\"@id\":\"https:\\\/\\\/meprolim.es\\\/producto\\\/complementos-para-banos-y-dispensadores\\\/dosificadores-jabon\\\/mas-500-cc\\\/dosificador-jabon-encastrable\\\/#primaryimage\"},\"thumbnailUrl\":\"https:\\\/\\\/meprolim.es\\\/wp-content\\\/uploads\\\/2019\\\/08\\\/CL1020.jpg\",\"datePublished\":\"2019-08-22T10:48:29+00:00\",\"dateModified\":\"2019-10-18T14:55:59+00:00\",\"breadcrumb\":{\"@id\":\"https:\\\/\\\/meprolim.es\\\/producto\\\/complementos-para-banos-y-dispensadores\\\/dosificadores-jabon\\\/mas-500-cc\\\/dosificador-jabon-encastrable\\\/#breadcrumb\"},\"inLanguage\":\"en-US\",\"potentialAction\":[{\"@type\":\"ReadAction\",\"target\":[\"https:\\\/\\\/meprolim.es\\\/producto\\\/complementos-para-banos-y-dispensadores\\\/dosificadores-jabon\\\/mas-500-cc\\\/dosificador-jabon-encastrable\\\/\"]}]},{\"@type\":\"ImageObject\",\"inLanguage\":\"en-US\",\"@id\":\"https:\\\/\\\/meprolim.es\\\/producto\\\/complementos-para-banos-y-dispensadores\\\/dosificadores-jabon\\\/mas-500-cc\\\/dosificador-jabon-encastrable\\\/#primaryimage\",\"url\":\"https:\\\/\\\/meprolim.es\\\/wp-content\\\/uploads\\\/2019\\\/08\\\/CL1020.jpg\",\"contentUrl\":\"https:\\\/\\\/meprolim.es\\\/wp-content\\\/uploads\\\/2019\\\/08\\\/CL1020.jpg\",\"width\":768,\"height\":768},{\"@type\":\"BreadcrumbList\",\"@id\":\"https:\\\/\\\/meprolim.es\\\/producto\\\/complementos-para-banos-y-dispensadores\\\/dosificadores-jabon\\\/mas-500-cc\\\/dosificador-jabon-encastrable\\\/#breadcrumb\",\"itemListElement\":[{\"@type\":\"ListItem\",\"position\":1,\"name\":\"Portada\",\"item\":\"https:\\\/\\\/meprolim.es\\\/en\\\/\"},{\"@type\":\"ListItem\",\"position\":2,\"name\":\"Catalogue\",\"item\":\"https:\\\/\\\/meprolim.es\\\/en\\\/catalogue\\\/\"},{\"@type\":\"ListItem\",\"position\":3,\"name\":\"DOSIFICADOR JAB\u00d3N ENCASTRABLE &#8211; C\u00d3DIGO: CL1020\"}]},{\"@type\":\"WebSite\",\"@id\":\"https:\\\/\\\/meprolim.es\\\/fr\\\/#website\",\"url\":\"https:\\\/\\\/meprolim.es\\\/fr\\\/\",\"name\":\"Meprolim\",\"description\":\"Cavas Catalanas S.L.\",\"publisher\":{\"@id\":\"https:\\\/\\\/meprolim.es\\\/fr\\\/#organization\"},\"potentialAction\":[{\"@type\":\"SearchAction\",\"target\":{\"@type\":\"EntryPoint\",\"urlTemplate\":\"https:\\\/\\\/meprolim.es\\\/fr\\\/?s={search_term_string}\"},\"query-input\":{\"@type\":\"PropertyValueSpecification\",\"valueRequired\":true,\"valueName\":\"search_term_string\"}}],\"inLanguage\":\"en-US\"},{\"@type\":\"Organization\",\"@id\":\"https:\\\/\\\/meprolim.es\\\/fr\\\/#organization\",\"name\":\"Meprolim\",\"url\":\"https:\\\/\\\/meprolim.es\\\/fr\\\/\",\"logo\":{\"@type\":\"ImageObject\",\"inLanguage\":\"en-US\",\"@id\":\"https:\\\/\\\/meprolim.es\\\/fr\\\/#\\\/schema\\\/logo\\\/image\\\/\",\"url\":\"https:\\\/\\\/meprolim.es\\\/wp-content\\\/uploads\\\/2019\\\/07\\\/cropped-logo2.png\",\"contentUrl\":\"https:\\\/\\\/meprolim.es\\\/wp-content\\\/uploads\\\/2019\\\/07\\\/cropped-logo2.png\",\"width\":401,\"height\":162,\"caption\":\"Meprolim\"},\"image\":{\"@id\":\"https:\\\/\\\/meprolim.es\\\/fr\\\/#\\\/schema\\\/logo\\\/image\\\/\"}}]}<\/script>\n<!-- \/ Yoast SEO plugin. -->","yoast_head_json":{"title":"DOSIFICADOR JAB\u00d3N ENCASTRABLE - C\u00d3DIGO: CL1020 - Meprolim","robots":{"index":"index","follow":"follow","max-snippet":"max-snippet:-1","max-image-preview":"max-image-preview:large","max-video-preview":"max-video-preview:-1"},"canonical":"https:\/\/meprolim.es\/producto\/complementos-para-banos-y-dispensadores\/dosificadores-jabon\/mas-500-cc\/dosificador-jabon-encastrable\/","og_locale":"en_US","og_type":"article","og_title":"DOSIFICADOR JAB\u00d3N ENCASTRABLE - C\u00d3DIGO: CL1020 - Meprolim","og_description":"Va embutido en el lavamanos, con el bid\u00f3n fuera del alcance de la vista.  Construido en lat\u00f3n cromado.  Antivand\u00e1lico.  SKU: CL1020","og_url":"https:\/\/meprolim.es\/producto\/complementos-para-banos-y-dispensadores\/dosificadores-jabon\/mas-500-cc\/dosificador-jabon-encastrable\/","og_site_name":"Meprolim","article_modified_time":"2019-10-18T14:55:59+00:00","og_image":[{"width":768,"height":768,"url":"https:\/\/meprolim.es\/wp-content\/uploads\/2019\/08\/CL1020.jpg","type":"image\/jpeg"}],"twitter_card":"summary_large_image","schema":{"@context":"https:\/\/schema.org","@graph":[{"@type":"WebPage","@id":"https:\/\/meprolim.es\/producto\/complementos-para-banos-y-dispensadores\/dosificadores-jabon\/mas-500-cc\/dosificador-jabon-encastrable\/","url":"https:\/\/meprolim.es\/producto\/complementos-para-banos-y-dispensadores\/dosificadores-jabon\/mas-500-cc\/dosificador-jabon-encastrable\/","name":"DOSIFICADOR JAB\u00d3N ENCASTRABLE - C\u00d3DIGO: CL1020 - Meprolim","isPartOf":{"@id":"https:\/\/meprolim.es\/fr\/#website"},"primaryImageOfPage":{"@id":"https:\/\/meprolim.es\/producto\/complementos-para-banos-y-dispensadores\/dosificadores-jabon\/mas-500-cc\/dosificador-jabon-encastrable\/#primaryimage"},"image":{"@id":"https:\/\/meprolim.es\/producto\/complementos-para-banos-y-dispensadores\/dosificadores-jabon\/mas-500-cc\/dosificador-jabon-encastrable\/#primaryimage"},"thumbnailUrl":"https:\/\/meprolim.es\/wp-content\/uploads\/2019\/08\/CL1020.jpg","datePublished":"2019-08-22T10:48:29+00:00","dateModified":"2019-10-18T14:55:59+00:00","breadcrumb":{"@id":"https:\/\/meprolim.es\/producto\/complementos-para-banos-y-dispensadores\/dosificadores-jabon\/mas-500-cc\/dosificador-jabon-encastrable\/#breadcrumb"},"inLanguage":"en-US","potentialAction":[{"@type":"ReadAction","target":["https:\/\/meprolim.es\/producto\/complementos-para-banos-y-dispensadores\/dosificadores-jabon\/mas-500-cc\/dosificador-jabon-encastrable\/"]}]},{"@type":"ImageObject","inLanguage":"en-US","@id":"https:\/\/meprolim.es\/producto\/complementos-para-banos-y-dispensadores\/dosificadores-jabon\/mas-500-cc\/dosificador-jabon-encastrable\/#primaryimage","url":"https:\/\/meprolim.es\/wp-content\/uploads\/2019\/08\/CL1020.jpg","contentUrl":"https:\/\/meprolim.es\/wp-content\/uploads\/2019\/08\/CL1020.jpg","width":768,"height":768},{"@type":"BreadcrumbList","@id":"https:\/\/meprolim.es\/producto\/complementos-para-banos-y-dispensadores\/dosificadores-jabon\/mas-500-cc\/dosificador-jabon-encastrable\/#breadcrumb","itemListElement":[{"@type":"ListItem","position":1,"name":"Portada","item":"https:\/\/meprolim.es\/en\/"},{"@type":"ListItem","position":2,"name":"Catalogue","item":"https:\/\/meprolim.es\/en\/catalogue\/"},{"@type":"ListItem","position":3,"name":"DOSIFICADOR JAB\u00d3N ENCASTRABLE &#8211; C\u00d3DIGO: CL1020"}]},{"@type":"WebSite","@id":"https:\/\/meprolim.es\/fr\/#website","url":"https:\/\/meprolim.es\/fr\/","name":"Meprolim","description":"Cavas Catalanas S.L.","publisher":{"@id":"https:\/\/meprolim.es\/fr\/#organization"},"potentialAction":[{"@type":"SearchAction","target":{"@type":"EntryPoint","urlTemplate":"https:\/\/meprolim.es\/fr\/?s={search_term_string}"},"query-input":{"@type":"PropertyValueSpecification","valueRequired":true,"valueName":"search_term_string"}}],"inLanguage":"en-US"},{"@type":"Organization","@id":"https:\/\/meprolim.es\/fr\/#organization","name":"Meprolim","url":"https:\/\/meprolim.es\/fr\/","logo":{"@type":"ImageObject","inLanguage":"en-US","@id":"https:\/\/meprolim.es\/fr\/#\/schema\/logo\/image\/","url":"https:\/\/meprolim.es\/wp-content\/uploads\/2019\/07\/cropped-logo2.png","contentUrl":"https:\/\/meprolim.es\/wp-content\/uploads\/2019\/07\/cropped-logo2.png","width":401,"height":162,"caption":"Meprolim"},"image":{"@id":"https:\/\/meprolim.es\/fr\/#\/schema\/logo\/image\/"}}]}},"_links":{"self":[{"href":"https:\/\/meprolim.es\/en\/wp-json\/wp\/v2\/product\/6935","targetHints":{"allow":["GET"]}}],"collection":[{"href":"https:\/\/meprolim.es\/en\/wp-json\/wp\/v2\/product"}],"about":[{"href":"https:\/\/meprolim.es\/en\/wp-json\/wp\/v2\/types\/product"}],"wp:featuredmedia":[{"embeddable":true,"href":"https:\/\/meprolim.es\/en\/wp-json\/wp\/v2\/media\/6936"}],"wp:attachment":[{"href":"https:\/\/meprolim.es\/en\/wp-json\/wp\/v2\/media?parent=6935"}],"wp:term":[{"taxonomy":"product_brand","embeddable":true,"href":"https:\/\/meprolim.es\/en\/wp-json\/wp\/v2\/product_brand?post=6935"},{"taxonomy":"product_cat","embeddable":true,"href":"https:\/\/meprolim.es\/en\/wp-json\/wp\/v2\/product_cat?post=6935"},{"taxonomy":"product_tag","embeddable":true,"href":"https:\/\/meprolim.es\/en\/wp-json\/wp\/v2\/product_tag?post=6935"}],"curies":[{"name":"wp","href":"https:\/\/api.w.org\/{rel}","templated":true}]}}