{"id":6986,"date":"2019-08-22T14:59:54","date_gmt":"2019-08-22T13:59:54","guid":{"rendered":"http:\/\/www.meprolim.es\/?post_type=product&#038;p=6986"},"modified":"2019-10-28T21:08:18","modified_gmt":"2019-10-28T21:08:18","slug":"secamanos-hardflow-radar-satinado","status":"publish","type":"product","link":"https:\/\/meprolim.es\/en\/producto\/dispensadores-celulosa-y-complementos\/secador-manos-en\/alta-afluencia-en\/secamanos-hardflow-radar-satinado\/","title":{"rendered":"SECAMANOS HARDFLOW RADAR SATINADO &#8211; C\u00d3DIGO: BC0009"},"content":{"rendered":"<div class=\"wpb-content-wrapper\"><p>[vc_row][vc_column][vc_column_text]<\/p>\n<p style=\"text-align: justify;\">HARDFLOW PRO equipa un motor de altas prestaciones que le permite un uso continuado durante las 24 horas del d\u00eda. Su\u00a0turbina es capaz de hacer circular el aire a m\u00e1s de 165 Km\/h con un caudal de m\u00e1s de 730 m \/h. El elevado rendimiento de nuestro seca-manos lo sit\u00faa entre los m\u00e1s potentes del mercado.<\/p>\n<p style=\"text-align: justify;\">Toda la gama HARDFLOW PRO posee un \u00edndice de protecci\u00f3n de envolvente IP23 que lo hace ideal para ser instalado con seguridad en un ba\u00f1o p\u00fablico. Completamente antivand\u00e1lico tanto en su exterior como en su interior, HARDFLOW PRO equipa circuitos de autoprotecci\u00f3n frente a actos malintencionados.<\/p>\n<p style=\"text-align: justify;\">Su nuevo circuito electr\u00f3nico inteligente reduce la temperatura de salida del aire en funci\u00f3n del tiempo de secado a fin de\u00a0que la sensaci\u00f3n t\u00e9rmica sea la misma durante todo el proceso. Todos nuestros secamanos se fabrican seg\u00fan la norma UNE-EN 60335 referente a seguridad de aparatos electrodom\u00e9sticos.<\/p>\n<p>[\/vc_column_text][\/vc_column][\/vc_row]<\/p>\n<\/div>","protected":false},"excerpt":{"rendered":"<ul>\n<li>Satinado.<\/li>\n<li>Funcionamiento por sensor con puntero l\u00e1ser de punto rojo que indica al usuario la mejor distancia de secado.<\/li>\n<li>Motor de altas prestaciones que permite el uso continuado durante 24 horas.<\/li>\n<li>Su turbina hace circular el aire a m\u00e1s de 165 km\/h con caudal de 730 m3\/h.<\/li>\n<li>Sistema antivand\u00e1lico, en su exterior e interior con circuitos de protecci\u00f3n.<\/li>\n<li>Fabricados seg\u00fan norma UNE-EN-60335.<\/li>\n<\/ul>\n<p><strong>SKU: BC0009<\/strong><\/p>\n","protected":false},"featured_media":6987,"template":"","meta":[],"product_brand":[],"product_cat":[498,90,1133],"product_tag":[497,499,492],"class_list":{"0":"post-6986","1":"product","2":"type-product","3":"status-publish","4":"has-post-thumbnail","6":"product_cat-alta-afluencia","7":"product_cat-complementos-para-banos-y-dispensadores","8":"product_cat-secador-manos","9":"product_tag-secador-automatico","10":"product_tag-secadores-alta-afluencia","11":"product_tag-secadores-de-mano","13":"first","14":"instock","15":"shipping-taxable","16":"product-type-simple"},"yoast_head":"<!-- This site is optimized with the Yoast SEO plugin v27.3 - https:\/\/yoast.com\/product\/yoast-seo-wordpress\/ -->\n<title>SECAMANOS HARDFLOW RADAR SATINADO - C\u00d3DIGO: BC0009 - Meprolim<\/title>\n<meta name=\"robots\" content=\"index, follow, max-snippet:-1, max-image-preview:large, max-video-preview:-1\" \/>\n<link rel=\"canonical\" href=\"https:\/\/meprolim.es\/producto\/complementos-para-banos-y-dispensadores\/secador-manos\/alta-afluencia\/secamanos-hardflow-radar-satinado\/\" \/>\n<meta property=\"og:locale\" content=\"en_US\" \/>\n<meta property=\"og:type\" content=\"article\" \/>\n<meta property=\"og:title\" content=\"SECAMANOS HARDFLOW RADAR SATINADO - C\u00d3DIGO: BC0009 - Meprolim\" \/>\n<meta property=\"og:description\" content=\"Satinado.  Funcionamiento por sensor con puntero l\u00e1ser de punto rojo que indica al usuario la mejor distancia de secado.  Motor de altas prestaciones que permite el uso continuado durante 24 horas.  Su turbina hace circular el aire a m\u00e1s de 165 km\/h con caudal de 730 m3\/h.  Sistema antivand\u00e1lico, en su exterior e interior con circuitos de protecci\u00f3n.  Fabricados seg\u00fan norma UNE-EN-60335.  SKU: BC0009\" \/>\n<meta property=\"og:url\" content=\"https:\/\/meprolim.es\/producto\/complementos-para-banos-y-dispensadores\/secador-manos\/alta-afluencia\/secamanos-hardflow-radar-satinado\/\" \/>\n<meta property=\"og:site_name\" content=\"Meprolim\" \/>\n<meta property=\"article:modified_time\" content=\"2019-10-28T21:08:18+00:00\" \/>\n<meta property=\"og:image\" content=\"https:\/\/meprolim.es\/wp-content\/uploads\/2019\/08\/BC0009.jpg\" \/>\n\t<meta property=\"og:image:width\" content=\"768\" \/>\n\t<meta property=\"og:image:height\" content=\"768\" \/>\n\t<meta property=\"og:image:type\" content=\"image\/jpeg\" \/>\n<meta name=\"twitter:card\" content=\"summary_large_image\" \/>\n<meta name=\"twitter:label1\" content=\"Est. reading time\" \/>\n\t<meta name=\"twitter:data1\" content=\"1 minute\" \/>\n<script type=\"application\/ld+json\" class=\"yoast-schema-graph\">{\"@context\":\"https:\\\/\\\/schema.org\",\"@graph\":[{\"@type\":\"WebPage\",\"@id\":\"https:\\\/\\\/meprolim.es\\\/producto\\\/complementos-para-banos-y-dispensadores\\\/secador-manos\\\/alta-afluencia\\\/secamanos-hardflow-radar-satinado\\\/\",\"url\":\"https:\\\/\\\/meprolim.es\\\/producto\\\/complementos-para-banos-y-dispensadores\\\/secador-manos\\\/alta-afluencia\\\/secamanos-hardflow-radar-satinado\\\/\",\"name\":\"SECAMANOS HARDFLOW RADAR SATINADO - C\u00d3DIGO: BC0009 - Meprolim\",\"isPartOf\":{\"@id\":\"https:\\\/\\\/meprolim.es\\\/fr\\\/#website\"},\"primaryImageOfPage\":{\"@id\":\"https:\\\/\\\/meprolim.es\\\/producto\\\/complementos-para-banos-y-dispensadores\\\/secador-manos\\\/alta-afluencia\\\/secamanos-hardflow-radar-satinado\\\/#primaryimage\"},\"image\":{\"@id\":\"https:\\\/\\\/meprolim.es\\\/producto\\\/complementos-para-banos-y-dispensadores\\\/secador-manos\\\/alta-afluencia\\\/secamanos-hardflow-radar-satinado\\\/#primaryimage\"},\"thumbnailUrl\":\"https:\\\/\\\/meprolim.es\\\/wp-content\\\/uploads\\\/2019\\\/08\\\/BC0009.jpg\",\"datePublished\":\"2019-08-22T13:59:54+00:00\",\"dateModified\":\"2019-10-28T21:08:18+00:00\",\"breadcrumb\":{\"@id\":\"https:\\\/\\\/meprolim.es\\\/producto\\\/complementos-para-banos-y-dispensadores\\\/secador-manos\\\/alta-afluencia\\\/secamanos-hardflow-radar-satinado\\\/#breadcrumb\"},\"inLanguage\":\"en-US\",\"potentialAction\":[{\"@type\":\"ReadAction\",\"target\":[\"https:\\\/\\\/meprolim.es\\\/producto\\\/complementos-para-banos-y-dispensadores\\\/secador-manos\\\/alta-afluencia\\\/secamanos-hardflow-radar-satinado\\\/\"]}]},{\"@type\":\"ImageObject\",\"inLanguage\":\"en-US\",\"@id\":\"https:\\\/\\\/meprolim.es\\\/producto\\\/complementos-para-banos-y-dispensadores\\\/secador-manos\\\/alta-afluencia\\\/secamanos-hardflow-radar-satinado\\\/#primaryimage\",\"url\":\"https:\\\/\\\/meprolim.es\\\/wp-content\\\/uploads\\\/2019\\\/08\\\/BC0009.jpg\",\"contentUrl\":\"https:\\\/\\\/meprolim.es\\\/wp-content\\\/uploads\\\/2019\\\/08\\\/BC0009.jpg\",\"width\":768,\"height\":768},{\"@type\":\"BreadcrumbList\",\"@id\":\"https:\\\/\\\/meprolim.es\\\/producto\\\/complementos-para-banos-y-dispensadores\\\/secador-manos\\\/alta-afluencia\\\/secamanos-hardflow-radar-satinado\\\/#breadcrumb\",\"itemListElement\":[{\"@type\":\"ListItem\",\"position\":1,\"name\":\"Portada\",\"item\":\"https:\\\/\\\/meprolim.es\\\/en\\\/\"},{\"@type\":\"ListItem\",\"position\":2,\"name\":\"Catalogue\",\"item\":\"https:\\\/\\\/meprolim.es\\\/en\\\/catalogue\\\/\"},{\"@type\":\"ListItem\",\"position\":3,\"name\":\"SECAMANOS HARDFLOW RADAR SATINADO &#8211; C\u00d3DIGO: BC0009\"}]},{\"@type\":\"WebSite\",\"@id\":\"https:\\\/\\\/meprolim.es\\\/fr\\\/#website\",\"url\":\"https:\\\/\\\/meprolim.es\\\/fr\\\/\",\"name\":\"Meprolim\",\"description\":\"Cavas Catalanas S.L.\",\"publisher\":{\"@id\":\"https:\\\/\\\/meprolim.es\\\/fr\\\/#organization\"},\"potentialAction\":[{\"@type\":\"SearchAction\",\"target\":{\"@type\":\"EntryPoint\",\"urlTemplate\":\"https:\\\/\\\/meprolim.es\\\/fr\\\/?s={search_term_string}\"},\"query-input\":{\"@type\":\"PropertyValueSpecification\",\"valueRequired\":true,\"valueName\":\"search_term_string\"}}],\"inLanguage\":\"en-US\"},{\"@type\":\"Organization\",\"@id\":\"https:\\\/\\\/meprolim.es\\\/fr\\\/#organization\",\"name\":\"Meprolim\",\"url\":\"https:\\\/\\\/meprolim.es\\\/fr\\\/\",\"logo\":{\"@type\":\"ImageObject\",\"inLanguage\":\"en-US\",\"@id\":\"https:\\\/\\\/meprolim.es\\\/fr\\\/#\\\/schema\\\/logo\\\/image\\\/\",\"url\":\"https:\\\/\\\/meprolim.es\\\/wp-content\\\/uploads\\\/2019\\\/07\\\/cropped-logo2.png\",\"contentUrl\":\"https:\\\/\\\/meprolim.es\\\/wp-content\\\/uploads\\\/2019\\\/07\\\/cropped-logo2.png\",\"width\":401,\"height\":162,\"caption\":\"Meprolim\"},\"image\":{\"@id\":\"https:\\\/\\\/meprolim.es\\\/fr\\\/#\\\/schema\\\/logo\\\/image\\\/\"}}]}<\/script>\n<!-- \/ Yoast SEO plugin. -->","yoast_head_json":{"title":"SECAMANOS HARDFLOW RADAR SATINADO - C\u00d3DIGO: BC0009 - Meprolim","robots":{"index":"index","follow":"follow","max-snippet":"max-snippet:-1","max-image-preview":"max-image-preview:large","max-video-preview":"max-video-preview:-1"},"canonical":"https:\/\/meprolim.es\/producto\/complementos-para-banos-y-dispensadores\/secador-manos\/alta-afluencia\/secamanos-hardflow-radar-satinado\/","og_locale":"en_US","og_type":"article","og_title":"SECAMANOS HARDFLOW RADAR SATINADO - C\u00d3DIGO: BC0009 - Meprolim","og_description":"Satinado.  Funcionamiento por sensor con puntero l\u00e1ser de punto rojo que indica al usuario la mejor distancia de secado.  Motor de altas prestaciones que permite el uso continuado durante 24 horas.  Su turbina hace circular el aire a m\u00e1s de 165 km\/h con caudal de 730 m3\/h.  Sistema antivand\u00e1lico, en su exterior e interior con circuitos de protecci\u00f3n.  Fabricados seg\u00fan norma UNE-EN-60335.  SKU: BC0009","og_url":"https:\/\/meprolim.es\/producto\/complementos-para-banos-y-dispensadores\/secador-manos\/alta-afluencia\/secamanos-hardflow-radar-satinado\/","og_site_name":"Meprolim","article_modified_time":"2019-10-28T21:08:18+00:00","og_image":[{"width":768,"height":768,"url":"https:\/\/meprolim.es\/wp-content\/uploads\/2019\/08\/BC0009.jpg","type":"image\/jpeg"}],"twitter_card":"summary_large_image","twitter_misc":{"Est. reading time":"1 minute"},"schema":{"@context":"https:\/\/schema.org","@graph":[{"@type":"WebPage","@id":"https:\/\/meprolim.es\/producto\/complementos-para-banos-y-dispensadores\/secador-manos\/alta-afluencia\/secamanos-hardflow-radar-satinado\/","url":"https:\/\/meprolim.es\/producto\/complementos-para-banos-y-dispensadores\/secador-manos\/alta-afluencia\/secamanos-hardflow-radar-satinado\/","name":"SECAMANOS HARDFLOW RADAR SATINADO - C\u00d3DIGO: BC0009 - Meprolim","isPartOf":{"@id":"https:\/\/meprolim.es\/fr\/#website"},"primaryImageOfPage":{"@id":"https:\/\/meprolim.es\/producto\/complementos-para-banos-y-dispensadores\/secador-manos\/alta-afluencia\/secamanos-hardflow-radar-satinado\/#primaryimage"},"image":{"@id":"https:\/\/meprolim.es\/producto\/complementos-para-banos-y-dispensadores\/secador-manos\/alta-afluencia\/secamanos-hardflow-radar-satinado\/#primaryimage"},"thumbnailUrl":"https:\/\/meprolim.es\/wp-content\/uploads\/2019\/08\/BC0009.jpg","datePublished":"2019-08-22T13:59:54+00:00","dateModified":"2019-10-28T21:08:18+00:00","breadcrumb":{"@id":"https:\/\/meprolim.es\/producto\/complementos-para-banos-y-dispensadores\/secador-manos\/alta-afluencia\/secamanos-hardflow-radar-satinado\/#breadcrumb"},"inLanguage":"en-US","potentialAction":[{"@type":"ReadAction","target":["https:\/\/meprolim.es\/producto\/complementos-para-banos-y-dispensadores\/secador-manos\/alta-afluencia\/secamanos-hardflow-radar-satinado\/"]}]},{"@type":"ImageObject","inLanguage":"en-US","@id":"https:\/\/meprolim.es\/producto\/complementos-para-banos-y-dispensadores\/secador-manos\/alta-afluencia\/secamanos-hardflow-radar-satinado\/#primaryimage","url":"https:\/\/meprolim.es\/wp-content\/uploads\/2019\/08\/BC0009.jpg","contentUrl":"https:\/\/meprolim.es\/wp-content\/uploads\/2019\/08\/BC0009.jpg","width":768,"height":768},{"@type":"BreadcrumbList","@id":"https:\/\/meprolim.es\/producto\/complementos-para-banos-y-dispensadores\/secador-manos\/alta-afluencia\/secamanos-hardflow-radar-satinado\/#breadcrumb","itemListElement":[{"@type":"ListItem","position":1,"name":"Portada","item":"https:\/\/meprolim.es\/en\/"},{"@type":"ListItem","position":2,"name":"Catalogue","item":"https:\/\/meprolim.es\/en\/catalogue\/"},{"@type":"ListItem","position":3,"name":"SECAMANOS HARDFLOW RADAR SATINADO &#8211; C\u00d3DIGO: BC0009"}]},{"@type":"WebSite","@id":"https:\/\/meprolim.es\/fr\/#website","url":"https:\/\/meprolim.es\/fr\/","name":"Meprolim","description":"Cavas Catalanas S.L.","publisher":{"@id":"https:\/\/meprolim.es\/fr\/#organization"},"potentialAction":[{"@type":"SearchAction","target":{"@type":"EntryPoint","urlTemplate":"https:\/\/meprolim.es\/fr\/?s={search_term_string}"},"query-input":{"@type":"PropertyValueSpecification","valueRequired":true,"valueName":"search_term_string"}}],"inLanguage":"en-US"},{"@type":"Organization","@id":"https:\/\/meprolim.es\/fr\/#organization","name":"Meprolim","url":"https:\/\/meprolim.es\/fr\/","logo":{"@type":"ImageObject","inLanguage":"en-US","@id":"https:\/\/meprolim.es\/fr\/#\/schema\/logo\/image\/","url":"https:\/\/meprolim.es\/wp-content\/uploads\/2019\/07\/cropped-logo2.png","contentUrl":"https:\/\/meprolim.es\/wp-content\/uploads\/2019\/07\/cropped-logo2.png","width":401,"height":162,"caption":"Meprolim"},"image":{"@id":"https:\/\/meprolim.es\/fr\/#\/schema\/logo\/image\/"}}]}},"_links":{"self":[{"href":"https:\/\/meprolim.es\/en\/wp-json\/wp\/v2\/product\/6986","targetHints":{"allow":["GET"]}}],"collection":[{"href":"https:\/\/meprolim.es\/en\/wp-json\/wp\/v2\/product"}],"about":[{"href":"https:\/\/meprolim.es\/en\/wp-json\/wp\/v2\/types\/product"}],"wp:featuredmedia":[{"embeddable":true,"href":"https:\/\/meprolim.es\/en\/wp-json\/wp\/v2\/media\/6987"}],"wp:attachment":[{"href":"https:\/\/meprolim.es\/en\/wp-json\/wp\/v2\/media?parent=6986"}],"wp:term":[{"taxonomy":"product_brand","embeddable":true,"href":"https:\/\/meprolim.es\/en\/wp-json\/wp\/v2\/product_brand?post=6986"},{"taxonomy":"product_cat","embeddable":true,"href":"https:\/\/meprolim.es\/en\/wp-json\/wp\/v2\/product_cat?post=6986"},{"taxonomy":"product_tag","embeddable":true,"href":"https:\/\/meprolim.es\/en\/wp-json\/wp\/v2\/product_tag?post=6986"}],"curies":[{"name":"wp","href":"https:\/\/api.w.org\/{rel}","templated":true}]}}