{"id":7691,"date":"2019-08-26T12:01:16","date_gmt":"2019-08-26T11:01:16","guid":{"rendered":"http:\/\/www.meprolim.es\/?post_type=product&#038;p=7691"},"modified":"2019-10-27T17:31:16","modified_gmt":"2019-10-27T17:31:16","slug":"palet-retencion-240-lt-1300x1300x285","status":"publish","type":"product","link":"https:\/\/meprolim.es\/en\/producto\/dispensadores-celulosa-y-complementos\/palets-en\/palets-plasticos-retencion-en\/palet-retencion-240-lt-1300x1300x285\/","title":{"rendered":"PALET RETENCI\u00d3N 240 LT 1300x1300x285 &#8211; C\u00d3DIGO: AZ0077"},"content":{"rendered":"<div class=\"wpb-content-wrapper\"><p>[vc_row][vc_column][vc_column_text]<\/p>\n<p>Palets de retenci\u00f3n de l\u00edquidos.<\/p>\n<p>[\/vc_column_text][\/vc_column][\/vc_row]<\/p>\n<\/div>","protected":false},"excerpt":{"rendered":"<ul>\n<li>Construidos en polietileno con estructura lisa para una f\u00e1cil limpieza.<\/li>\n<li>Resistentes a la corrosi\u00f3n por \u00e1cidos, disolventes y bases.<\/li>\n<li>F\u00e1cil acceso por los cuatro lados para manipulaci\u00f3n por transpaleta o carretilla.<\/li>\n<li>Seguridad para el personal. En caso de vertido accidental, el operario no est\u00e1 en contacto con el producto.<\/li>\n<li>Con alv\u00e9olos antiolor interiores.<\/li>\n<li>Encajables hasta el 44% de su volumen.<\/li>\n<li>Carga din\u00e1mica: 1.600 kg\u00a0<\/li>\n<li>Verde 240 litros.<\/li>\n<li>130 x 130 x 28,5 cm<\/li>\n<\/ul>\n<p><strong>SKU: AZ0077<\/strong><\/p>\n","protected":false},"featured_media":7692,"template":"","meta":[],"product_brand":[],"product_cat":[90,592],"product_tag":[487,593,594],"class_list":{"0":"post-7691","1":"product","2":"type-product","3":"status-publish","4":"has-post-thumbnail","6":"product_cat-complementos-para-banos-y-dispensadores","7":"product_cat-palets-plasticos-retencion","8":"product_tag-cocina","9":"product_tag-equipamiento-cocinas","10":"product_tag-palets-plasticos","12":"first","13":"instock","14":"shipping-taxable","15":"product-type-simple"},"yoast_head":"<!-- This site is optimized with the Yoast SEO plugin v27.3 - https:\/\/yoast.com\/product\/yoast-seo-wordpress\/ -->\n<title>PALET RETENCI\u00d3N 240 LT 1300x1300x285 - C\u00d3DIGO: AZ0077 - Meprolim<\/title>\n<meta name=\"robots\" content=\"index, follow, max-snippet:-1, max-image-preview:large, max-video-preview:-1\" \/>\n<link rel=\"canonical\" href=\"https:\/\/meprolim.es\/producto\/complementos-para-banos-y-dispensadores\/palets\/palets-plasticos-retencion\/palet-retencion-240-lt-1300x1300x285\/\" \/>\n<meta property=\"og:locale\" content=\"en_US\" \/>\n<meta property=\"og:type\" content=\"article\" \/>\n<meta property=\"og:title\" content=\"PALET RETENCI\u00d3N 240 LT 1300x1300x285 - C\u00d3DIGO: AZ0077 - Meprolim\" \/>\n<meta property=\"og:description\" content=\"Construidos en polietileno con estructura lisa para una f\u00e1cil limpieza.  Resistentes a la corrosi\u00f3n por \u00e1cidos, disolventes y bases.  F\u00e1cil acceso por los cuatro lados para manipulaci\u00f3n por transpaleta o carretilla.  Seguridad para el personal. En caso de vertido accidental, el operario no est\u00e1 en contacto con el producto.  Con alv\u00e9olos antiolor interiores.  Encajables hasta el 44% de su volumen.  Carga din\u00e1mica: 1.600 kg\u00a0  Verde 240 litros.  130 x 130 x 28,5 cm  SKU: AZ0077\" \/>\n<meta property=\"og:url\" content=\"https:\/\/meprolim.es\/producto\/complementos-para-banos-y-dispensadores\/palets\/palets-plasticos-retencion\/palet-retencion-240-lt-1300x1300x285\/\" \/>\n<meta property=\"og:site_name\" content=\"Meprolim\" \/>\n<meta property=\"article:modified_time\" content=\"2019-10-27T17:31:16+00:00\" \/>\n<meta property=\"og:image\" content=\"https:\/\/meprolim.es\/wp-content\/uploads\/2019\/08\/AZ0077.jpg\" \/>\n\t<meta property=\"og:image:width\" content=\"768\" \/>\n\t<meta property=\"og:image:height\" content=\"768\" \/>\n\t<meta property=\"og:image:type\" content=\"image\/jpeg\" \/>\n<meta name=\"twitter:card\" content=\"summary_large_image\" \/>\n<script type=\"application\/ld+json\" class=\"yoast-schema-graph\">{\"@context\":\"https:\\\/\\\/schema.org\",\"@graph\":[{\"@type\":\"WebPage\",\"@id\":\"https:\\\/\\\/meprolim.es\\\/producto\\\/complementos-para-banos-y-dispensadores\\\/palets\\\/palets-plasticos-retencion\\\/palet-retencion-240-lt-1300x1300x285\\\/\",\"url\":\"https:\\\/\\\/meprolim.es\\\/producto\\\/complementos-para-banos-y-dispensadores\\\/palets\\\/palets-plasticos-retencion\\\/palet-retencion-240-lt-1300x1300x285\\\/\",\"name\":\"PALET RETENCI\u00d3N 240 LT 1300x1300x285 - C\u00d3DIGO: AZ0077 - Meprolim\",\"isPartOf\":{\"@id\":\"https:\\\/\\\/meprolim.es\\\/fr\\\/#website\"},\"primaryImageOfPage\":{\"@id\":\"https:\\\/\\\/meprolim.es\\\/producto\\\/complementos-para-banos-y-dispensadores\\\/palets\\\/palets-plasticos-retencion\\\/palet-retencion-240-lt-1300x1300x285\\\/#primaryimage\"},\"image\":{\"@id\":\"https:\\\/\\\/meprolim.es\\\/producto\\\/complementos-para-banos-y-dispensadores\\\/palets\\\/palets-plasticos-retencion\\\/palet-retencion-240-lt-1300x1300x285\\\/#primaryimage\"},\"thumbnailUrl\":\"https:\\\/\\\/meprolim.es\\\/wp-content\\\/uploads\\\/2019\\\/08\\\/AZ0077.jpg\",\"datePublished\":\"2019-08-26T11:01:16+00:00\",\"dateModified\":\"2019-10-27T17:31:16+00:00\",\"breadcrumb\":{\"@id\":\"https:\\\/\\\/meprolim.es\\\/producto\\\/complementos-para-banos-y-dispensadores\\\/palets\\\/palets-plasticos-retencion\\\/palet-retencion-240-lt-1300x1300x285\\\/#breadcrumb\"},\"inLanguage\":\"en-US\",\"potentialAction\":[{\"@type\":\"ReadAction\",\"target\":[\"https:\\\/\\\/meprolim.es\\\/producto\\\/complementos-para-banos-y-dispensadores\\\/palets\\\/palets-plasticos-retencion\\\/palet-retencion-240-lt-1300x1300x285\\\/\"]}]},{\"@type\":\"ImageObject\",\"inLanguage\":\"en-US\",\"@id\":\"https:\\\/\\\/meprolim.es\\\/producto\\\/complementos-para-banos-y-dispensadores\\\/palets\\\/palets-plasticos-retencion\\\/palet-retencion-240-lt-1300x1300x285\\\/#primaryimage\",\"url\":\"https:\\\/\\\/meprolim.es\\\/wp-content\\\/uploads\\\/2019\\\/08\\\/AZ0077.jpg\",\"contentUrl\":\"https:\\\/\\\/meprolim.es\\\/wp-content\\\/uploads\\\/2019\\\/08\\\/AZ0077.jpg\",\"width\":768,\"height\":768},{\"@type\":\"BreadcrumbList\",\"@id\":\"https:\\\/\\\/meprolim.es\\\/producto\\\/complementos-para-banos-y-dispensadores\\\/palets\\\/palets-plasticos-retencion\\\/palet-retencion-240-lt-1300x1300x285\\\/#breadcrumb\",\"itemListElement\":[{\"@type\":\"ListItem\",\"position\":1,\"name\":\"Portada\",\"item\":\"https:\\\/\\\/meprolim.es\\\/en\\\/\"},{\"@type\":\"ListItem\",\"position\":2,\"name\":\"Catalogue\",\"item\":\"https:\\\/\\\/meprolim.es\\\/en\\\/catalogue\\\/\"},{\"@type\":\"ListItem\",\"position\":3,\"name\":\"PALET RETENCI\u00d3N 240 LT 1300x1300x285 &#8211; C\u00d3DIGO: AZ0077\"}]},{\"@type\":\"WebSite\",\"@id\":\"https:\\\/\\\/meprolim.es\\\/fr\\\/#website\",\"url\":\"https:\\\/\\\/meprolim.es\\\/fr\\\/\",\"name\":\"Meprolim\",\"description\":\"Cavas Catalanas S.L.\",\"publisher\":{\"@id\":\"https:\\\/\\\/meprolim.es\\\/fr\\\/#organization\"},\"potentialAction\":[{\"@type\":\"SearchAction\",\"target\":{\"@type\":\"EntryPoint\",\"urlTemplate\":\"https:\\\/\\\/meprolim.es\\\/fr\\\/?s={search_term_string}\"},\"query-input\":{\"@type\":\"PropertyValueSpecification\",\"valueRequired\":true,\"valueName\":\"search_term_string\"}}],\"inLanguage\":\"en-US\"},{\"@type\":\"Organization\",\"@id\":\"https:\\\/\\\/meprolim.es\\\/fr\\\/#organization\",\"name\":\"Meprolim\",\"url\":\"https:\\\/\\\/meprolim.es\\\/fr\\\/\",\"logo\":{\"@type\":\"ImageObject\",\"inLanguage\":\"en-US\",\"@id\":\"https:\\\/\\\/meprolim.es\\\/fr\\\/#\\\/schema\\\/logo\\\/image\\\/\",\"url\":\"https:\\\/\\\/meprolim.es\\\/wp-content\\\/uploads\\\/2019\\\/07\\\/cropped-logo2.png\",\"contentUrl\":\"https:\\\/\\\/meprolim.es\\\/wp-content\\\/uploads\\\/2019\\\/07\\\/cropped-logo2.png\",\"width\":401,\"height\":162,\"caption\":\"Meprolim\"},\"image\":{\"@id\":\"https:\\\/\\\/meprolim.es\\\/fr\\\/#\\\/schema\\\/logo\\\/image\\\/\"}}]}<\/script>\n<!-- \/ Yoast SEO plugin. -->","yoast_head_json":{"title":"PALET RETENCI\u00d3N 240 LT 1300x1300x285 - C\u00d3DIGO: AZ0077 - Meprolim","robots":{"index":"index","follow":"follow","max-snippet":"max-snippet:-1","max-image-preview":"max-image-preview:large","max-video-preview":"max-video-preview:-1"},"canonical":"https:\/\/meprolim.es\/producto\/complementos-para-banos-y-dispensadores\/palets\/palets-plasticos-retencion\/palet-retencion-240-lt-1300x1300x285\/","og_locale":"en_US","og_type":"article","og_title":"PALET RETENCI\u00d3N 240 LT 1300x1300x285 - C\u00d3DIGO: AZ0077 - Meprolim","og_description":"Construidos en polietileno con estructura lisa para una f\u00e1cil limpieza.  Resistentes a la corrosi\u00f3n por \u00e1cidos, disolventes y bases.  F\u00e1cil acceso por los cuatro lados para manipulaci\u00f3n por transpaleta o carretilla.  Seguridad para el personal. En caso de vertido accidental, el operario no est\u00e1 en contacto con el producto.  Con alv\u00e9olos antiolor interiores.  Encajables hasta el 44% de su volumen.  Carga din\u00e1mica: 1.600 kg\u00a0  Verde 240 litros.  130 x 130 x 28,5 cm  SKU: AZ0077","og_url":"https:\/\/meprolim.es\/producto\/complementos-para-banos-y-dispensadores\/palets\/palets-plasticos-retencion\/palet-retencion-240-lt-1300x1300x285\/","og_site_name":"Meprolim","article_modified_time":"2019-10-27T17:31:16+00:00","og_image":[{"width":768,"height":768,"url":"https:\/\/meprolim.es\/wp-content\/uploads\/2019\/08\/AZ0077.jpg","type":"image\/jpeg"}],"twitter_card":"summary_large_image","schema":{"@context":"https:\/\/schema.org","@graph":[{"@type":"WebPage","@id":"https:\/\/meprolim.es\/producto\/complementos-para-banos-y-dispensadores\/palets\/palets-plasticos-retencion\/palet-retencion-240-lt-1300x1300x285\/","url":"https:\/\/meprolim.es\/producto\/complementos-para-banos-y-dispensadores\/palets\/palets-plasticos-retencion\/palet-retencion-240-lt-1300x1300x285\/","name":"PALET RETENCI\u00d3N 240 LT 1300x1300x285 - C\u00d3DIGO: AZ0077 - Meprolim","isPartOf":{"@id":"https:\/\/meprolim.es\/fr\/#website"},"primaryImageOfPage":{"@id":"https:\/\/meprolim.es\/producto\/complementos-para-banos-y-dispensadores\/palets\/palets-plasticos-retencion\/palet-retencion-240-lt-1300x1300x285\/#primaryimage"},"image":{"@id":"https:\/\/meprolim.es\/producto\/complementos-para-banos-y-dispensadores\/palets\/palets-plasticos-retencion\/palet-retencion-240-lt-1300x1300x285\/#primaryimage"},"thumbnailUrl":"https:\/\/meprolim.es\/wp-content\/uploads\/2019\/08\/AZ0077.jpg","datePublished":"2019-08-26T11:01:16+00:00","dateModified":"2019-10-27T17:31:16+00:00","breadcrumb":{"@id":"https:\/\/meprolim.es\/producto\/complementos-para-banos-y-dispensadores\/palets\/palets-plasticos-retencion\/palet-retencion-240-lt-1300x1300x285\/#breadcrumb"},"inLanguage":"en-US","potentialAction":[{"@type":"ReadAction","target":["https:\/\/meprolim.es\/producto\/complementos-para-banos-y-dispensadores\/palets\/palets-plasticos-retencion\/palet-retencion-240-lt-1300x1300x285\/"]}]},{"@type":"ImageObject","inLanguage":"en-US","@id":"https:\/\/meprolim.es\/producto\/complementos-para-banos-y-dispensadores\/palets\/palets-plasticos-retencion\/palet-retencion-240-lt-1300x1300x285\/#primaryimage","url":"https:\/\/meprolim.es\/wp-content\/uploads\/2019\/08\/AZ0077.jpg","contentUrl":"https:\/\/meprolim.es\/wp-content\/uploads\/2019\/08\/AZ0077.jpg","width":768,"height":768},{"@type":"BreadcrumbList","@id":"https:\/\/meprolim.es\/producto\/complementos-para-banos-y-dispensadores\/palets\/palets-plasticos-retencion\/palet-retencion-240-lt-1300x1300x285\/#breadcrumb","itemListElement":[{"@type":"ListItem","position":1,"name":"Portada","item":"https:\/\/meprolim.es\/en\/"},{"@type":"ListItem","position":2,"name":"Catalogue","item":"https:\/\/meprolim.es\/en\/catalogue\/"},{"@type":"ListItem","position":3,"name":"PALET RETENCI\u00d3N 240 LT 1300x1300x285 &#8211; C\u00d3DIGO: AZ0077"}]},{"@type":"WebSite","@id":"https:\/\/meprolim.es\/fr\/#website","url":"https:\/\/meprolim.es\/fr\/","name":"Meprolim","description":"Cavas Catalanas S.L.","publisher":{"@id":"https:\/\/meprolim.es\/fr\/#organization"},"potentialAction":[{"@type":"SearchAction","target":{"@type":"EntryPoint","urlTemplate":"https:\/\/meprolim.es\/fr\/?s={search_term_string}"},"query-input":{"@type":"PropertyValueSpecification","valueRequired":true,"valueName":"search_term_string"}}],"inLanguage":"en-US"},{"@type":"Organization","@id":"https:\/\/meprolim.es\/fr\/#organization","name":"Meprolim","url":"https:\/\/meprolim.es\/fr\/","logo":{"@type":"ImageObject","inLanguage":"en-US","@id":"https:\/\/meprolim.es\/fr\/#\/schema\/logo\/image\/","url":"https:\/\/meprolim.es\/wp-content\/uploads\/2019\/07\/cropped-logo2.png","contentUrl":"https:\/\/meprolim.es\/wp-content\/uploads\/2019\/07\/cropped-logo2.png","width":401,"height":162,"caption":"Meprolim"},"image":{"@id":"https:\/\/meprolim.es\/fr\/#\/schema\/logo\/image\/"}}]}},"_links":{"self":[{"href":"https:\/\/meprolim.es\/en\/wp-json\/wp\/v2\/product\/7691","targetHints":{"allow":["GET"]}}],"collection":[{"href":"https:\/\/meprolim.es\/en\/wp-json\/wp\/v2\/product"}],"about":[{"href":"https:\/\/meprolim.es\/en\/wp-json\/wp\/v2\/types\/product"}],"wp:featuredmedia":[{"embeddable":true,"href":"https:\/\/meprolim.es\/en\/wp-json\/wp\/v2\/media\/7692"}],"wp:attachment":[{"href":"https:\/\/meprolim.es\/en\/wp-json\/wp\/v2\/media?parent=7691"}],"wp:term":[{"taxonomy":"product_brand","embeddable":true,"href":"https:\/\/meprolim.es\/en\/wp-json\/wp\/v2\/product_brand?post=7691"},{"taxonomy":"product_cat","embeddable":true,"href":"https:\/\/meprolim.es\/en\/wp-json\/wp\/v2\/product_cat?post=7691"},{"taxonomy":"product_tag","embeddable":true,"href":"https:\/\/meprolim.es\/en\/wp-json\/wp\/v2\/product_tag?post=7691"}],"curies":[{"name":"wp","href":"https:\/\/api.w.org\/{rel}","templated":true}]}}