{"id":7702,"date":"2019-08-26T12:25:13","date_gmt":"2019-08-26T11:25:13","guid":{"rendered":"http:\/\/www.meprolim.es\/?post_type=product&#038;p=7702"},"modified":"2019-10-27T17:27:35","modified_gmt":"2019-10-27T17:27:35","slug":"parrilla-pritec-30w-inoxidable","status":"publish","type":"product","link":"https:\/\/meprolim.es\/en\/producto\/dispensadores-celulosa-y-complementos\/mata-moscas-mosquitos-en\/aplique-electrocutores-en\/parrilla-pritec-30w-inoxidable\/","title":{"rendered":"PARRILLA PRITEC 30W INOXIDABLE &#8211; C\u00d3DIGO: BC1010"},"content":{"rendered":"<div class=\"wpb-content-wrapper\"><p>[vc_row][vc_column][vc_column_text]<\/p>\n<p>El funcionamiento de los aparatos Serie Supernova se basa en una electrocuci\u00f3n del insecto r\u00e1pida limpia y efectiva.Todos los aparatos de la Serie Supernova est\u00e1n fabricados en acero inoxidable de primera calidad.<\/p>\n<p>[\/vc_column_text][\/vc_column][\/vc_row]<\/p>\n<\/div>","protected":false},"excerpt":{"rendered":"<ul>\n<li>Eliminadores de insectos con sistema de atracci\u00f3n mediante tubos de luz act\u00ednica y la eliminaci\u00f3n por descarga el\u00e9ctrica.<\/li>\n<li>Con rejillas de seguridad para impedir el contacto con las zonas de corriente.<\/li>\n<li>Balasto electr\u00f3nico en el encendido que reduce el consumo energ\u00e9tico.<\/li>\n<li>Bandeja inferior para recoger los insectos que impide que estos caigan al suelo.<\/li>\n<li>La gama industrial est\u00e1 fabricada con acero inoxidable AISI 304 de gran calidad y altamente resistente a la corrosi\u00f3n.<\/li>\n<li>A 230 V y 50 Hz<\/li>\n<li>Acero inoxidable SUPERNOVA 30<\/li>\n<li>Descarga 3.150 V 2&#215;15 W<\/li>\n<li>2,5 kg<\/li>\n<\/ul>\n<p><strong>SKU: BC1010<\/strong><\/p>\n","protected":false},"featured_media":7703,"template":"","meta":[],"product_brand":[],"product_cat":[595,90,1108],"product_tag":[380,487,593,596],"class_list":{"0":"post-7702","1":"product","2":"type-product","3":"status-publish","4":"has-post-thumbnail","6":"product_cat-aplique-electrocutores","7":"product_cat-complementos-para-banos-y-dispensadores","8":"product_cat-mata-moscas-mosquitos","9":"product_tag-acero-inoxidable","10":"product_tag-cocina","11":"product_tag-equipamiento-cocinas","12":"product_tag-mata-insectos","14":"first","15":"instock","16":"shipping-taxable","17":"product-type-simple"},"yoast_head":"<!-- This site is optimized with the Yoast SEO plugin v27.3 - https:\/\/yoast.com\/product\/yoast-seo-wordpress\/ -->\n<title>PARRILLA PRITEC 30W INOXIDABLE - C\u00d3DIGO: BC1010 - Meprolim<\/title>\n<meta name=\"robots\" content=\"index, follow, max-snippet:-1, max-image-preview:large, max-video-preview:-1\" \/>\n<link rel=\"canonical\" href=\"https:\/\/meprolim.es\/producto\/complementos-para-banos-y-dispensadores\/mata-moscas-mosquitos\/aplique-electrocutores\/parrilla-pritec-30w-inoxidable\/\" \/>\n<meta property=\"og:locale\" content=\"en_US\" \/>\n<meta property=\"og:type\" content=\"article\" \/>\n<meta property=\"og:title\" content=\"PARRILLA PRITEC 30W INOXIDABLE - C\u00d3DIGO: BC1010 - Meprolim\" \/>\n<meta property=\"og:description\" content=\"Eliminadores de insectos con sistema de atracci\u00f3n mediante tubos de luz act\u00ednica y la eliminaci\u00f3n por descarga el\u00e9ctrica.  Con rejillas de seguridad para impedir el contacto con las zonas de corriente.  Balasto electr\u00f3nico en el encendido que reduce el consumo energ\u00e9tico.  Bandeja inferior para recoger los insectos que impide que estos caigan al suelo.  La gama industrial est\u00e1 fabricada con acero inoxidable AISI 304 de gran calidad y altamente resistente a la corrosi\u00f3n.  A 230 V y 50 Hz  Acero inoxidable SUPERNOVA 30  Descarga 3.150 V 2x15 W  2,5 kg  SKU: BC1010\" \/>\n<meta property=\"og:url\" content=\"https:\/\/meprolim.es\/producto\/complementos-para-banos-y-dispensadores\/mata-moscas-mosquitos\/aplique-electrocutores\/parrilla-pritec-30w-inoxidable\/\" \/>\n<meta property=\"og:site_name\" content=\"Meprolim\" \/>\n<meta property=\"article:modified_time\" content=\"2019-10-27T17:27:35+00:00\" \/>\n<meta property=\"og:image\" content=\"https:\/\/meprolim.es\/wp-content\/uploads\/2019\/08\/BC1010.jpg\" \/>\n\t<meta property=\"og:image:width\" content=\"768\" \/>\n\t<meta property=\"og:image:height\" content=\"768\" \/>\n\t<meta property=\"og:image:type\" content=\"image\/jpeg\" \/>\n<meta name=\"twitter:card\" content=\"summary_large_image\" \/>\n<script type=\"application\/ld+json\" class=\"yoast-schema-graph\">{\"@context\":\"https:\\\/\\\/schema.org\",\"@graph\":[{\"@type\":\"WebPage\",\"@id\":\"https:\\\/\\\/meprolim.es\\\/producto\\\/complementos-para-banos-y-dispensadores\\\/mata-moscas-mosquitos\\\/aplique-electrocutores\\\/parrilla-pritec-30w-inoxidable\\\/\",\"url\":\"https:\\\/\\\/meprolim.es\\\/producto\\\/complementos-para-banos-y-dispensadores\\\/mata-moscas-mosquitos\\\/aplique-electrocutores\\\/parrilla-pritec-30w-inoxidable\\\/\",\"name\":\"PARRILLA PRITEC 30W INOXIDABLE - C\u00d3DIGO: BC1010 - Meprolim\",\"isPartOf\":{\"@id\":\"https:\\\/\\\/meprolim.es\\\/fr\\\/#website\"},\"primaryImageOfPage\":{\"@id\":\"https:\\\/\\\/meprolim.es\\\/producto\\\/complementos-para-banos-y-dispensadores\\\/mata-moscas-mosquitos\\\/aplique-electrocutores\\\/parrilla-pritec-30w-inoxidable\\\/#primaryimage\"},\"image\":{\"@id\":\"https:\\\/\\\/meprolim.es\\\/producto\\\/complementos-para-banos-y-dispensadores\\\/mata-moscas-mosquitos\\\/aplique-electrocutores\\\/parrilla-pritec-30w-inoxidable\\\/#primaryimage\"},\"thumbnailUrl\":\"https:\\\/\\\/meprolim.es\\\/wp-content\\\/uploads\\\/2019\\\/08\\\/BC1010.jpg\",\"datePublished\":\"2019-08-26T11:25:13+00:00\",\"dateModified\":\"2019-10-27T17:27:35+00:00\",\"breadcrumb\":{\"@id\":\"https:\\\/\\\/meprolim.es\\\/producto\\\/complementos-para-banos-y-dispensadores\\\/mata-moscas-mosquitos\\\/aplique-electrocutores\\\/parrilla-pritec-30w-inoxidable\\\/#breadcrumb\"},\"inLanguage\":\"en-US\",\"potentialAction\":[{\"@type\":\"ReadAction\",\"target\":[\"https:\\\/\\\/meprolim.es\\\/producto\\\/complementos-para-banos-y-dispensadores\\\/mata-moscas-mosquitos\\\/aplique-electrocutores\\\/parrilla-pritec-30w-inoxidable\\\/\"]}]},{\"@type\":\"ImageObject\",\"inLanguage\":\"en-US\",\"@id\":\"https:\\\/\\\/meprolim.es\\\/producto\\\/complementos-para-banos-y-dispensadores\\\/mata-moscas-mosquitos\\\/aplique-electrocutores\\\/parrilla-pritec-30w-inoxidable\\\/#primaryimage\",\"url\":\"https:\\\/\\\/meprolim.es\\\/wp-content\\\/uploads\\\/2019\\\/08\\\/BC1010.jpg\",\"contentUrl\":\"https:\\\/\\\/meprolim.es\\\/wp-content\\\/uploads\\\/2019\\\/08\\\/BC1010.jpg\",\"width\":768,\"height\":768},{\"@type\":\"BreadcrumbList\",\"@id\":\"https:\\\/\\\/meprolim.es\\\/producto\\\/complementos-para-banos-y-dispensadores\\\/mata-moscas-mosquitos\\\/aplique-electrocutores\\\/parrilla-pritec-30w-inoxidable\\\/#breadcrumb\",\"itemListElement\":[{\"@type\":\"ListItem\",\"position\":1,\"name\":\"Portada\",\"item\":\"https:\\\/\\\/meprolim.es\\\/en\\\/\"},{\"@type\":\"ListItem\",\"position\":2,\"name\":\"Catalogue\",\"item\":\"https:\\\/\\\/meprolim.es\\\/en\\\/catalogue\\\/\"},{\"@type\":\"ListItem\",\"position\":3,\"name\":\"PARRILLA PRITEC 30W INOXIDABLE &#8211; C\u00d3DIGO: BC1010\"}]},{\"@type\":\"WebSite\",\"@id\":\"https:\\\/\\\/meprolim.es\\\/fr\\\/#website\",\"url\":\"https:\\\/\\\/meprolim.es\\\/fr\\\/\",\"name\":\"Meprolim\",\"description\":\"Cavas Catalanas S.L.\",\"publisher\":{\"@id\":\"https:\\\/\\\/meprolim.es\\\/fr\\\/#organization\"},\"potentialAction\":[{\"@type\":\"SearchAction\",\"target\":{\"@type\":\"EntryPoint\",\"urlTemplate\":\"https:\\\/\\\/meprolim.es\\\/fr\\\/?s={search_term_string}\"},\"query-input\":{\"@type\":\"PropertyValueSpecification\",\"valueRequired\":true,\"valueName\":\"search_term_string\"}}],\"inLanguage\":\"en-US\"},{\"@type\":\"Organization\",\"@id\":\"https:\\\/\\\/meprolim.es\\\/fr\\\/#organization\",\"name\":\"Meprolim\",\"url\":\"https:\\\/\\\/meprolim.es\\\/fr\\\/\",\"logo\":{\"@type\":\"ImageObject\",\"inLanguage\":\"en-US\",\"@id\":\"https:\\\/\\\/meprolim.es\\\/fr\\\/#\\\/schema\\\/logo\\\/image\\\/\",\"url\":\"https:\\\/\\\/meprolim.es\\\/wp-content\\\/uploads\\\/2019\\\/07\\\/cropped-logo2.png\",\"contentUrl\":\"https:\\\/\\\/meprolim.es\\\/wp-content\\\/uploads\\\/2019\\\/07\\\/cropped-logo2.png\",\"width\":401,\"height\":162,\"caption\":\"Meprolim\"},\"image\":{\"@id\":\"https:\\\/\\\/meprolim.es\\\/fr\\\/#\\\/schema\\\/logo\\\/image\\\/\"}}]}<\/script>\n<!-- \/ Yoast SEO plugin. -->","yoast_head_json":{"title":"PARRILLA PRITEC 30W INOXIDABLE - C\u00d3DIGO: BC1010 - Meprolim","robots":{"index":"index","follow":"follow","max-snippet":"max-snippet:-1","max-image-preview":"max-image-preview:large","max-video-preview":"max-video-preview:-1"},"canonical":"https:\/\/meprolim.es\/producto\/complementos-para-banos-y-dispensadores\/mata-moscas-mosquitos\/aplique-electrocutores\/parrilla-pritec-30w-inoxidable\/","og_locale":"en_US","og_type":"article","og_title":"PARRILLA PRITEC 30W INOXIDABLE - C\u00d3DIGO: BC1010 - Meprolim","og_description":"Eliminadores de insectos con sistema de atracci\u00f3n mediante tubos de luz act\u00ednica y la eliminaci\u00f3n por descarga el\u00e9ctrica.  Con rejillas de seguridad para impedir el contacto con las zonas de corriente.  Balasto electr\u00f3nico en el encendido que reduce el consumo energ\u00e9tico.  Bandeja inferior para recoger los insectos que impide que estos caigan al suelo.  La gama industrial est\u00e1 fabricada con acero inoxidable AISI 304 de gran calidad y altamente resistente a la corrosi\u00f3n.  A 230 V y 50 Hz  Acero inoxidable SUPERNOVA 30  Descarga 3.150 V 2x15 W  2,5 kg  SKU: BC1010","og_url":"https:\/\/meprolim.es\/producto\/complementos-para-banos-y-dispensadores\/mata-moscas-mosquitos\/aplique-electrocutores\/parrilla-pritec-30w-inoxidable\/","og_site_name":"Meprolim","article_modified_time":"2019-10-27T17:27:35+00:00","og_image":[{"width":768,"height":768,"url":"https:\/\/meprolim.es\/wp-content\/uploads\/2019\/08\/BC1010.jpg","type":"image\/jpeg"}],"twitter_card":"summary_large_image","schema":{"@context":"https:\/\/schema.org","@graph":[{"@type":"WebPage","@id":"https:\/\/meprolim.es\/producto\/complementos-para-banos-y-dispensadores\/mata-moscas-mosquitos\/aplique-electrocutores\/parrilla-pritec-30w-inoxidable\/","url":"https:\/\/meprolim.es\/producto\/complementos-para-banos-y-dispensadores\/mata-moscas-mosquitos\/aplique-electrocutores\/parrilla-pritec-30w-inoxidable\/","name":"PARRILLA PRITEC 30W INOXIDABLE - C\u00d3DIGO: BC1010 - Meprolim","isPartOf":{"@id":"https:\/\/meprolim.es\/fr\/#website"},"primaryImageOfPage":{"@id":"https:\/\/meprolim.es\/producto\/complementos-para-banos-y-dispensadores\/mata-moscas-mosquitos\/aplique-electrocutores\/parrilla-pritec-30w-inoxidable\/#primaryimage"},"image":{"@id":"https:\/\/meprolim.es\/producto\/complementos-para-banos-y-dispensadores\/mata-moscas-mosquitos\/aplique-electrocutores\/parrilla-pritec-30w-inoxidable\/#primaryimage"},"thumbnailUrl":"https:\/\/meprolim.es\/wp-content\/uploads\/2019\/08\/BC1010.jpg","datePublished":"2019-08-26T11:25:13+00:00","dateModified":"2019-10-27T17:27:35+00:00","breadcrumb":{"@id":"https:\/\/meprolim.es\/producto\/complementos-para-banos-y-dispensadores\/mata-moscas-mosquitos\/aplique-electrocutores\/parrilla-pritec-30w-inoxidable\/#breadcrumb"},"inLanguage":"en-US","potentialAction":[{"@type":"ReadAction","target":["https:\/\/meprolim.es\/producto\/complementos-para-banos-y-dispensadores\/mata-moscas-mosquitos\/aplique-electrocutores\/parrilla-pritec-30w-inoxidable\/"]}]},{"@type":"ImageObject","inLanguage":"en-US","@id":"https:\/\/meprolim.es\/producto\/complementos-para-banos-y-dispensadores\/mata-moscas-mosquitos\/aplique-electrocutores\/parrilla-pritec-30w-inoxidable\/#primaryimage","url":"https:\/\/meprolim.es\/wp-content\/uploads\/2019\/08\/BC1010.jpg","contentUrl":"https:\/\/meprolim.es\/wp-content\/uploads\/2019\/08\/BC1010.jpg","width":768,"height":768},{"@type":"BreadcrumbList","@id":"https:\/\/meprolim.es\/producto\/complementos-para-banos-y-dispensadores\/mata-moscas-mosquitos\/aplique-electrocutores\/parrilla-pritec-30w-inoxidable\/#breadcrumb","itemListElement":[{"@type":"ListItem","position":1,"name":"Portada","item":"https:\/\/meprolim.es\/en\/"},{"@type":"ListItem","position":2,"name":"Catalogue","item":"https:\/\/meprolim.es\/en\/catalogue\/"},{"@type":"ListItem","position":3,"name":"PARRILLA PRITEC 30W INOXIDABLE &#8211; C\u00d3DIGO: BC1010"}]},{"@type":"WebSite","@id":"https:\/\/meprolim.es\/fr\/#website","url":"https:\/\/meprolim.es\/fr\/","name":"Meprolim","description":"Cavas Catalanas S.L.","publisher":{"@id":"https:\/\/meprolim.es\/fr\/#organization"},"potentialAction":[{"@type":"SearchAction","target":{"@type":"EntryPoint","urlTemplate":"https:\/\/meprolim.es\/fr\/?s={search_term_string}"},"query-input":{"@type":"PropertyValueSpecification","valueRequired":true,"valueName":"search_term_string"}}],"inLanguage":"en-US"},{"@type":"Organization","@id":"https:\/\/meprolim.es\/fr\/#organization","name":"Meprolim","url":"https:\/\/meprolim.es\/fr\/","logo":{"@type":"ImageObject","inLanguage":"en-US","@id":"https:\/\/meprolim.es\/fr\/#\/schema\/logo\/image\/","url":"https:\/\/meprolim.es\/wp-content\/uploads\/2019\/07\/cropped-logo2.png","contentUrl":"https:\/\/meprolim.es\/wp-content\/uploads\/2019\/07\/cropped-logo2.png","width":401,"height":162,"caption":"Meprolim"},"image":{"@id":"https:\/\/meprolim.es\/fr\/#\/schema\/logo\/image\/"}}]}},"_links":{"self":[{"href":"https:\/\/meprolim.es\/en\/wp-json\/wp\/v2\/product\/7702","targetHints":{"allow":["GET"]}}],"collection":[{"href":"https:\/\/meprolim.es\/en\/wp-json\/wp\/v2\/product"}],"about":[{"href":"https:\/\/meprolim.es\/en\/wp-json\/wp\/v2\/types\/product"}],"wp:featuredmedia":[{"embeddable":true,"href":"https:\/\/meprolim.es\/en\/wp-json\/wp\/v2\/media\/7703"}],"wp:attachment":[{"href":"https:\/\/meprolim.es\/en\/wp-json\/wp\/v2\/media?parent=7702"}],"wp:term":[{"taxonomy":"product_brand","embeddable":true,"href":"https:\/\/meprolim.es\/en\/wp-json\/wp\/v2\/product_brand?post=7702"},{"taxonomy":"product_cat","embeddable":true,"href":"https:\/\/meprolim.es\/en\/wp-json\/wp\/v2\/product_cat?post=7702"},{"taxonomy":"product_tag","embeddable":true,"href":"https:\/\/meprolim.es\/en\/wp-json\/wp\/v2\/product_tag?post=7702"}],"curies":[{"name":"wp","href":"https:\/\/api.w.org\/{rel}","templated":true}]}}