{"id":7711,"date":"2019-08-26T13:17:57","date_gmt":"2019-08-26T12:17:57","guid":{"rendered":"http:\/\/www.meprolim.es\/?post_type=product&#038;p=7711"},"modified":"2019-10-15T14:39:19","modified_gmt":"2019-10-15T13:39:19","slug":"aplique-colgante-insectrap-inoxidable-40w","status":"publish","type":"product","link":"https:\/\/meprolim.es\/en\/producto\/dispensadores-celulosa-y-complementos\/mata-moscas-mosquitos-en\/aplique-pegue-en\/aplique-colgante-insectrap-inoxidable-40w\/","title":{"rendered":"APLIQUE COLGANTE INSECTRAP INOXIDABLE 40W &#8211; C\u00d3DIGO: BC1012"},"content":{"rendered":"<div class=\"wpb-content-wrapper\"><p>[vc_row][vc_column][vc_column_text]<\/p>\n<p>Eliminadores de insectos por film adhesivo.<\/p>\n<p>[\/vc_column_text][\/vc_column][\/vc_row]<\/p>\n<\/div>","protected":false},"excerpt":{"rendered":"<ul>\n<li>Estos equipos mantienen limpio de insectos su local de manera higi\u00e9nica y silenciosa gracias a su sistema de l\u00e1mina adhesiva que atrapa al insecto, sin necesidad de usar productos qu\u00edmicos insecticidas.<\/li>\n<li>Equipados con sistema de atracci\u00f3n del insecto por luz act\u00ednica.<\/li>\n<li>Silencioso e inocuo, ya que la luz atrae al insecto y queda pegado al adhesivo.<\/li>\n<li>Sistema para que el insecto no se pose en el tubo de luz, completamente aislado con el film adhesivo de f\u00e1cil sustituci\u00f3n.<\/li>\n<li>En ABS color blanco o acero inoxidable de gran calidad y altamente resistente a la corrosi\u00f3n.<\/li>\n<li>Todos a 230 V y 50 Hz<\/li>\n<li>Acero inoxidable 220 mural \/ soporte adhesivo 0,28 m2\u00a0 40 W<\/li>\n<li>5 kg<\/li>\n<li>88,5 x 15 x 33 cm.<\/li>\n<\/ul>\n<p><strong>SKU: BC1012<\/strong><\/p>\n","protected":false},"featured_media":7712,"template":"","meta":[],"product_brand":[],"product_cat":[597,90,1108],"product_tag":[380,598,487,593,596],"class_list":{"0":"post-7711","1":"product","2":"type-product","3":"status-publish","4":"has-post-thumbnail","6":"product_cat-aplique-pegue","7":"product_cat-complementos-para-banos-y-dispensadores","8":"product_cat-mata-moscas-mosquitos","9":"product_tag-acero-inoxidable","10":"product_tag-apliques","11":"product_tag-cocina","12":"product_tag-equipamiento-cocinas","13":"product_tag-mata-insectos","15":"first","16":"instock","17":"shipping-taxable","18":"product-type-simple"},"yoast_head":"<!-- This site is optimized with the Yoast SEO plugin v27.3 - https:\/\/yoast.com\/product\/yoast-seo-wordpress\/ -->\n<title>APLIQUE COLGANTE INSECTRAP INOXIDABLE 40W - C\u00d3DIGO: BC1012 - Meprolim<\/title>\n<meta name=\"robots\" content=\"index, follow, max-snippet:-1, max-image-preview:large, max-video-preview:-1\" \/>\n<link rel=\"canonical\" href=\"https:\/\/meprolim.es\/producto\/complementos-para-banos-y-dispensadores\/mata-moscas-mosquitos\/aplique-pegue\/aplique-colgante-insectrap-inoxidable-40w\/\" \/>\n<meta property=\"og:locale\" content=\"en_US\" \/>\n<meta property=\"og:type\" content=\"article\" \/>\n<meta property=\"og:title\" content=\"APLIQUE COLGANTE INSECTRAP INOXIDABLE 40W - C\u00d3DIGO: BC1012 - Meprolim\" \/>\n<meta property=\"og:description\" content=\"Estos equipos mantienen limpio de insectos su local de manera higi\u00e9nica y silenciosa gracias a su sistema de l\u00e1mina adhesiva que atrapa al insecto, sin necesidad de usar productos qu\u00edmicos insecticidas.  Equipados con sistema de atracci\u00f3n del insecto por luz act\u00ednica.  Silencioso e inocuo, ya que la luz atrae al insecto y queda pegado al adhesivo.  Sistema para que el insecto no se pose en el tubo de luz, completamente aislado con el film adhesivo de f\u00e1cil sustituci\u00f3n.  En ABS color blanco o acero inoxidable de gran calidad y altamente resistente a la corrosi\u00f3n.  Todos a 230 V y 50 Hz  Acero inoxidable 220 mural \/ soporte adhesivo 0,28 m2\u00a0 40 W  5 kg  88,5 x 15 x 33 cm.  SKU: BC1012\" \/>\n<meta property=\"og:url\" content=\"https:\/\/meprolim.es\/producto\/complementos-para-banos-y-dispensadores\/mata-moscas-mosquitos\/aplique-pegue\/aplique-colgante-insectrap-inoxidable-40w\/\" \/>\n<meta property=\"og:site_name\" content=\"Meprolim\" \/>\n<meta property=\"article:modified_time\" content=\"2019-10-15T13:39:19+00:00\" \/>\n<meta property=\"og:image\" content=\"https:\/\/meprolim.es\/wp-content\/uploads\/2019\/08\/BC1012.jpg\" \/>\n\t<meta property=\"og:image:width\" content=\"768\" \/>\n\t<meta property=\"og:image:height\" content=\"768\" \/>\n\t<meta property=\"og:image:type\" content=\"image\/jpeg\" \/>\n<meta name=\"twitter:card\" content=\"summary_large_image\" \/>\n<script type=\"application\/ld+json\" class=\"yoast-schema-graph\">{\"@context\":\"https:\\\/\\\/schema.org\",\"@graph\":[{\"@type\":\"WebPage\",\"@id\":\"https:\\\/\\\/meprolim.es\\\/producto\\\/complementos-para-banos-y-dispensadores\\\/mata-moscas-mosquitos\\\/aplique-pegue\\\/aplique-colgante-insectrap-inoxidable-40w\\\/\",\"url\":\"https:\\\/\\\/meprolim.es\\\/producto\\\/complementos-para-banos-y-dispensadores\\\/mata-moscas-mosquitos\\\/aplique-pegue\\\/aplique-colgante-insectrap-inoxidable-40w\\\/\",\"name\":\"APLIQUE COLGANTE INSECTRAP INOXIDABLE 40W - C\u00d3DIGO: BC1012 - Meprolim\",\"isPartOf\":{\"@id\":\"https:\\\/\\\/meprolim.es\\\/fr\\\/#website\"},\"primaryImageOfPage\":{\"@id\":\"https:\\\/\\\/meprolim.es\\\/producto\\\/complementos-para-banos-y-dispensadores\\\/mata-moscas-mosquitos\\\/aplique-pegue\\\/aplique-colgante-insectrap-inoxidable-40w\\\/#primaryimage\"},\"image\":{\"@id\":\"https:\\\/\\\/meprolim.es\\\/producto\\\/complementos-para-banos-y-dispensadores\\\/mata-moscas-mosquitos\\\/aplique-pegue\\\/aplique-colgante-insectrap-inoxidable-40w\\\/#primaryimage\"},\"thumbnailUrl\":\"https:\\\/\\\/meprolim.es\\\/wp-content\\\/uploads\\\/2019\\\/08\\\/BC1012.jpg\",\"datePublished\":\"2019-08-26T12:17:57+00:00\",\"dateModified\":\"2019-10-15T13:39:19+00:00\",\"breadcrumb\":{\"@id\":\"https:\\\/\\\/meprolim.es\\\/producto\\\/complementos-para-banos-y-dispensadores\\\/mata-moscas-mosquitos\\\/aplique-pegue\\\/aplique-colgante-insectrap-inoxidable-40w\\\/#breadcrumb\"},\"inLanguage\":\"en-US\",\"potentialAction\":[{\"@type\":\"ReadAction\",\"target\":[\"https:\\\/\\\/meprolim.es\\\/producto\\\/complementos-para-banos-y-dispensadores\\\/mata-moscas-mosquitos\\\/aplique-pegue\\\/aplique-colgante-insectrap-inoxidable-40w\\\/\"]}]},{\"@type\":\"ImageObject\",\"inLanguage\":\"en-US\",\"@id\":\"https:\\\/\\\/meprolim.es\\\/producto\\\/complementos-para-banos-y-dispensadores\\\/mata-moscas-mosquitos\\\/aplique-pegue\\\/aplique-colgante-insectrap-inoxidable-40w\\\/#primaryimage\",\"url\":\"https:\\\/\\\/meprolim.es\\\/wp-content\\\/uploads\\\/2019\\\/08\\\/BC1012.jpg\",\"contentUrl\":\"https:\\\/\\\/meprolim.es\\\/wp-content\\\/uploads\\\/2019\\\/08\\\/BC1012.jpg\",\"width\":768,\"height\":768},{\"@type\":\"BreadcrumbList\",\"@id\":\"https:\\\/\\\/meprolim.es\\\/producto\\\/complementos-para-banos-y-dispensadores\\\/mata-moscas-mosquitos\\\/aplique-pegue\\\/aplique-colgante-insectrap-inoxidable-40w\\\/#breadcrumb\",\"itemListElement\":[{\"@type\":\"ListItem\",\"position\":1,\"name\":\"Portada\",\"item\":\"https:\\\/\\\/meprolim.es\\\/en\\\/\"},{\"@type\":\"ListItem\",\"position\":2,\"name\":\"Catalogue\",\"item\":\"https:\\\/\\\/meprolim.es\\\/en\\\/catalogue\\\/\"},{\"@type\":\"ListItem\",\"position\":3,\"name\":\"APLIQUE COLGANTE INSECTRAP INOXIDABLE 40W &#8211; C\u00d3DIGO: BC1012\"}]},{\"@type\":\"WebSite\",\"@id\":\"https:\\\/\\\/meprolim.es\\\/fr\\\/#website\",\"url\":\"https:\\\/\\\/meprolim.es\\\/fr\\\/\",\"name\":\"Meprolim\",\"description\":\"Cavas Catalanas S.L.\",\"publisher\":{\"@id\":\"https:\\\/\\\/meprolim.es\\\/fr\\\/#organization\"},\"potentialAction\":[{\"@type\":\"SearchAction\",\"target\":{\"@type\":\"EntryPoint\",\"urlTemplate\":\"https:\\\/\\\/meprolim.es\\\/fr\\\/?s={search_term_string}\"},\"query-input\":{\"@type\":\"PropertyValueSpecification\",\"valueRequired\":true,\"valueName\":\"search_term_string\"}}],\"inLanguage\":\"en-US\"},{\"@type\":\"Organization\",\"@id\":\"https:\\\/\\\/meprolim.es\\\/fr\\\/#organization\",\"name\":\"Meprolim\",\"url\":\"https:\\\/\\\/meprolim.es\\\/fr\\\/\",\"logo\":{\"@type\":\"ImageObject\",\"inLanguage\":\"en-US\",\"@id\":\"https:\\\/\\\/meprolim.es\\\/fr\\\/#\\\/schema\\\/logo\\\/image\\\/\",\"url\":\"https:\\\/\\\/meprolim.es\\\/wp-content\\\/uploads\\\/2019\\\/07\\\/cropped-logo2.png\",\"contentUrl\":\"https:\\\/\\\/meprolim.es\\\/wp-content\\\/uploads\\\/2019\\\/07\\\/cropped-logo2.png\",\"width\":401,\"height\":162,\"caption\":\"Meprolim\"},\"image\":{\"@id\":\"https:\\\/\\\/meprolim.es\\\/fr\\\/#\\\/schema\\\/logo\\\/image\\\/\"}}]}<\/script>\n<!-- \/ Yoast SEO plugin. -->","yoast_head_json":{"title":"APLIQUE COLGANTE INSECTRAP INOXIDABLE 40W - C\u00d3DIGO: BC1012 - Meprolim","robots":{"index":"index","follow":"follow","max-snippet":"max-snippet:-1","max-image-preview":"max-image-preview:large","max-video-preview":"max-video-preview:-1"},"canonical":"https:\/\/meprolim.es\/producto\/complementos-para-banos-y-dispensadores\/mata-moscas-mosquitos\/aplique-pegue\/aplique-colgante-insectrap-inoxidable-40w\/","og_locale":"en_US","og_type":"article","og_title":"APLIQUE COLGANTE INSECTRAP INOXIDABLE 40W - C\u00d3DIGO: BC1012 - Meprolim","og_description":"Estos equipos mantienen limpio de insectos su local de manera higi\u00e9nica y silenciosa gracias a su sistema de l\u00e1mina adhesiva que atrapa al insecto, sin necesidad de usar productos qu\u00edmicos insecticidas.  Equipados con sistema de atracci\u00f3n del insecto por luz act\u00ednica.  Silencioso e inocuo, ya que la luz atrae al insecto y queda pegado al adhesivo.  Sistema para que el insecto no se pose en el tubo de luz, completamente aislado con el film adhesivo de f\u00e1cil sustituci\u00f3n.  En ABS color blanco o acero inoxidable de gran calidad y altamente resistente a la corrosi\u00f3n.  Todos a 230 V y 50 Hz  Acero inoxidable 220 mural \/ soporte adhesivo 0,28 m2\u00a0 40 W  5 kg  88,5 x 15 x 33 cm.  SKU: BC1012","og_url":"https:\/\/meprolim.es\/producto\/complementos-para-banos-y-dispensadores\/mata-moscas-mosquitos\/aplique-pegue\/aplique-colgante-insectrap-inoxidable-40w\/","og_site_name":"Meprolim","article_modified_time":"2019-10-15T13:39:19+00:00","og_image":[{"width":768,"height":768,"url":"https:\/\/meprolim.es\/wp-content\/uploads\/2019\/08\/BC1012.jpg","type":"image\/jpeg"}],"twitter_card":"summary_large_image","schema":{"@context":"https:\/\/schema.org","@graph":[{"@type":"WebPage","@id":"https:\/\/meprolim.es\/producto\/complementos-para-banos-y-dispensadores\/mata-moscas-mosquitos\/aplique-pegue\/aplique-colgante-insectrap-inoxidable-40w\/","url":"https:\/\/meprolim.es\/producto\/complementos-para-banos-y-dispensadores\/mata-moscas-mosquitos\/aplique-pegue\/aplique-colgante-insectrap-inoxidable-40w\/","name":"APLIQUE COLGANTE INSECTRAP INOXIDABLE 40W - C\u00d3DIGO: BC1012 - Meprolim","isPartOf":{"@id":"https:\/\/meprolim.es\/fr\/#website"},"primaryImageOfPage":{"@id":"https:\/\/meprolim.es\/producto\/complementos-para-banos-y-dispensadores\/mata-moscas-mosquitos\/aplique-pegue\/aplique-colgante-insectrap-inoxidable-40w\/#primaryimage"},"image":{"@id":"https:\/\/meprolim.es\/producto\/complementos-para-banos-y-dispensadores\/mata-moscas-mosquitos\/aplique-pegue\/aplique-colgante-insectrap-inoxidable-40w\/#primaryimage"},"thumbnailUrl":"https:\/\/meprolim.es\/wp-content\/uploads\/2019\/08\/BC1012.jpg","datePublished":"2019-08-26T12:17:57+00:00","dateModified":"2019-10-15T13:39:19+00:00","breadcrumb":{"@id":"https:\/\/meprolim.es\/producto\/complementos-para-banos-y-dispensadores\/mata-moscas-mosquitos\/aplique-pegue\/aplique-colgante-insectrap-inoxidable-40w\/#breadcrumb"},"inLanguage":"en-US","potentialAction":[{"@type":"ReadAction","target":["https:\/\/meprolim.es\/producto\/complementos-para-banos-y-dispensadores\/mata-moscas-mosquitos\/aplique-pegue\/aplique-colgante-insectrap-inoxidable-40w\/"]}]},{"@type":"ImageObject","inLanguage":"en-US","@id":"https:\/\/meprolim.es\/producto\/complementos-para-banos-y-dispensadores\/mata-moscas-mosquitos\/aplique-pegue\/aplique-colgante-insectrap-inoxidable-40w\/#primaryimage","url":"https:\/\/meprolim.es\/wp-content\/uploads\/2019\/08\/BC1012.jpg","contentUrl":"https:\/\/meprolim.es\/wp-content\/uploads\/2019\/08\/BC1012.jpg","width":768,"height":768},{"@type":"BreadcrumbList","@id":"https:\/\/meprolim.es\/producto\/complementos-para-banos-y-dispensadores\/mata-moscas-mosquitos\/aplique-pegue\/aplique-colgante-insectrap-inoxidable-40w\/#breadcrumb","itemListElement":[{"@type":"ListItem","position":1,"name":"Portada","item":"https:\/\/meprolim.es\/en\/"},{"@type":"ListItem","position":2,"name":"Catalogue","item":"https:\/\/meprolim.es\/en\/catalogue\/"},{"@type":"ListItem","position":3,"name":"APLIQUE COLGANTE INSECTRAP INOXIDABLE 40W &#8211; C\u00d3DIGO: BC1012"}]},{"@type":"WebSite","@id":"https:\/\/meprolim.es\/fr\/#website","url":"https:\/\/meprolim.es\/fr\/","name":"Meprolim","description":"Cavas Catalanas S.L.","publisher":{"@id":"https:\/\/meprolim.es\/fr\/#organization"},"potentialAction":[{"@type":"SearchAction","target":{"@type":"EntryPoint","urlTemplate":"https:\/\/meprolim.es\/fr\/?s={search_term_string}"},"query-input":{"@type":"PropertyValueSpecification","valueRequired":true,"valueName":"search_term_string"}}],"inLanguage":"en-US"},{"@type":"Organization","@id":"https:\/\/meprolim.es\/fr\/#organization","name":"Meprolim","url":"https:\/\/meprolim.es\/fr\/","logo":{"@type":"ImageObject","inLanguage":"en-US","@id":"https:\/\/meprolim.es\/fr\/#\/schema\/logo\/image\/","url":"https:\/\/meprolim.es\/wp-content\/uploads\/2019\/07\/cropped-logo2.png","contentUrl":"https:\/\/meprolim.es\/wp-content\/uploads\/2019\/07\/cropped-logo2.png","width":401,"height":162,"caption":"Meprolim"},"image":{"@id":"https:\/\/meprolim.es\/fr\/#\/schema\/logo\/image\/"}}]}},"_links":{"self":[{"href":"https:\/\/meprolim.es\/en\/wp-json\/wp\/v2\/product\/7711","targetHints":{"allow":["GET"]}}],"collection":[{"href":"https:\/\/meprolim.es\/en\/wp-json\/wp\/v2\/product"}],"about":[{"href":"https:\/\/meprolim.es\/en\/wp-json\/wp\/v2\/types\/product"}],"wp:featuredmedia":[{"embeddable":true,"href":"https:\/\/meprolim.es\/en\/wp-json\/wp\/v2\/media\/7712"}],"wp:attachment":[{"href":"https:\/\/meprolim.es\/en\/wp-json\/wp\/v2\/media?parent=7711"}],"wp:term":[{"taxonomy":"product_brand","embeddable":true,"href":"https:\/\/meprolim.es\/en\/wp-json\/wp\/v2\/product_brand?post=7711"},{"taxonomy":"product_cat","embeddable":true,"href":"https:\/\/meprolim.es\/en\/wp-json\/wp\/v2\/product_cat?post=7711"},{"taxonomy":"product_tag","embeddable":true,"href":"https:\/\/meprolim.es\/en\/wp-json\/wp\/v2\/product_tag?post=7711"}],"curies":[{"name":"wp","href":"https:\/\/api.w.org\/{rel}","templated":true}]}}