{"id":7733,"date":"2019-08-26T13:41:19","date_gmt":"2019-08-26T12:41:19","guid":{"rendered":"http:\/\/www.meprolim.es\/?post_type=product&#038;p=7733"},"modified":"2019-10-27T17:19:22","modified_gmt":"2019-10-27T17:19:22","slug":"tubo-20-tiras-reactivas-pct120","status":"publish","type":"product","link":"https:\/\/meprolim.es\/en\/producto\/dispensadores-celulosa-y-complementos\/accesorios-cocina-en\/tubo-20-tiras-reactivas-pct120\/","title":{"rendered":"TUBO 20 TIRAS REACTIVAS PCT120 &#8211; C\u00d3DIGO: AM0903"},"content":{"rendered":"<div class=\"wpb-content-wrapper\"><p>[vc_row][vc_column][vc_column_text]<\/p>\n<p style=\"text-align: justify;\">Los aceites y grasas se degradan continuamente con el\u00a0uso normal. Este proceso se\u00a0caracteriza por la modificaci\u00f3n de las mol\u00e9culas que los\u00a0constituyen (triglic\u00e9ridos). Los subproductos que se forman son principalmente compuestos polares, entre otros, \u00c1cidos Grasos Libres (F.F.A). Las tiras de control de aceite de 3M utilizan la\u00a0concentraci\u00f3n de \u00e1cidos grasos libres como indicador de\u00a0la degradaci\u00f3n del aceite.<\/p>\n<p>[\/vc_column_text][\/vc_column][\/vc_row]<\/p>\n<\/div>","protected":false},"excerpt":{"rendered":"<ul>\n<li>F\u00e1cil de usar: no necesita personal experimentado.<\/li>\n<li>R\u00e1pido: Resultados inmediatos. La determinaci\u00f3n se hace en 15-30 segundos despu\u00e9s de sumergir la tira en el aceite.<\/li>\n<li>Objetivo: Los resultados\u00a0son independientes de la persona que haga la prueba.<\/li>\n<li>Higi\u00e9nico: Las tiras no contaminan el aceite.<\/li>\n<li>Preciso: La prueba proporciona un punto de desecho\u00a0del aceite y minimizar\u00e1 la infrautilizaci\u00f3n del aceite y optimizar\u00e1 la calidad de los alimentos fritos (al no sobre-utilizar el\u00a0aceite).<\/li>\n<li>Seguro: Una vez que se determina el punto de desecho del aceite, la prueba ayudar\u00e1 al usuario a estar seguro de que no infringe la regulaci\u00f3n local.<\/li>\n<\/ul>\n<p><strong>SKU: AM0903<\/strong><\/p>\n","protected":false},"featured_media":7731,"template":"","meta":[],"product_brand":[],"product_cat":[601,90],"product_tag":[476,602,487,593],"class_list":{"0":"post-7733","1":"product","2":"type-product","3":"status-publish","4":"has-post-thumbnail","6":"product_cat-accesorios-cocina","7":"product_cat-complementos-para-banos-y-dispensadores","8":"product_tag-3m","9":"product_tag-accesorios-cocina","10":"product_tag-cocina","11":"product_tag-equipamiento-cocinas","13":"first","14":"instock","15":"shipping-taxable","16":"product-type-simple"},"yoast_head":"<!-- This site is optimized with the Yoast SEO plugin v27.3 - https:\/\/yoast.com\/product\/yoast-seo-wordpress\/ -->\n<title>TUBO 20 TIRAS REACTIVAS PCT120 - C\u00d3DIGO: AM0903 - Meprolim<\/title>\n<meta name=\"robots\" content=\"index, follow, max-snippet:-1, max-image-preview:large, max-video-preview:-1\" \/>\n<link rel=\"canonical\" href=\"https:\/\/meprolim.es\/de\/producto\/complementos-para-banos-y-dispensadores\/accesorios-cocina\/tubo-20-tiras-reactivas-pct120\/\" \/>\n<meta property=\"og:locale\" content=\"en_US\" \/>\n<meta property=\"og:type\" content=\"article\" \/>\n<meta property=\"og:title\" content=\"TUBO 20 TIRAS REACTIVAS PCT120 - C\u00d3DIGO: AM0903 - Meprolim\" \/>\n<meta property=\"og:description\" content=\"F\u00e1cil de usar: no necesita personal experimentado.  R\u00e1pido: Resultados inmediatos. La determinaci\u00f3n se hace en 15-30 segundos despu\u00e9s de sumergir la tira en el aceite.  Objetivo: Los resultados\u00a0son independientes de la persona que haga la prueba.  Higi\u00e9nico: Las tiras no contaminan el aceite.  Preciso: La prueba proporciona un punto de desecho\u00a0del aceite y minimizar\u00e1 la infrautilizaci\u00f3n del aceite y optimizar\u00e1 la calidad de los alimentos fritos (al no sobre-utilizar el\u00a0aceite).  Seguro: Una vez que se determina el punto de desecho del aceite, la prueba ayudar\u00e1 al usuario a estar seguro de que no infringe la regulaci\u00f3n local.  SKU: AM0903\" \/>\n<meta property=\"og:url\" content=\"https:\/\/meprolim.es\/de\/producto\/complementos-para-banos-y-dispensadores\/accesorios-cocina\/tubo-20-tiras-reactivas-pct120\/\" \/>\n<meta property=\"og:site_name\" content=\"Meprolim\" \/>\n<meta property=\"article:modified_time\" content=\"2019-10-27T17:19:22+00:00\" \/>\n<meta property=\"og:image\" content=\"https:\/\/meprolim.es\/wp-content\/uploads\/2019\/08\/AM0903.jpg\" \/>\n\t<meta property=\"og:image:width\" content=\"768\" \/>\n\t<meta property=\"og:image:height\" content=\"768\" \/>\n\t<meta property=\"og:image:type\" content=\"image\/jpeg\" \/>\n<meta name=\"twitter:card\" content=\"summary_large_image\" \/>\n<script type=\"application\/ld+json\" class=\"yoast-schema-graph\">{\"@context\":\"https:\\\/\\\/schema.org\",\"@graph\":[{\"@type\":\"WebPage\",\"@id\":\"https:\\\/\\\/meprolim.es\\\/de\\\/producto\\\/complementos-para-banos-y-dispensadores\\\/accesorios-cocina\\\/tubo-20-tiras-reactivas-pct120\\\/\",\"url\":\"https:\\\/\\\/meprolim.es\\\/de\\\/producto\\\/complementos-para-banos-y-dispensadores\\\/accesorios-cocina\\\/tubo-20-tiras-reactivas-pct120\\\/\",\"name\":\"TUBO 20 TIRAS REACTIVAS PCT120 - C\u00d3DIGO: AM0903 - Meprolim\",\"isPartOf\":{\"@id\":\"https:\\\/\\\/meprolim.es\\\/fr\\\/#website\"},\"primaryImageOfPage\":{\"@id\":\"https:\\\/\\\/meprolim.es\\\/de\\\/producto\\\/complementos-para-banos-y-dispensadores\\\/accesorios-cocina\\\/tubo-20-tiras-reactivas-pct120\\\/#primaryimage\"},\"image\":{\"@id\":\"https:\\\/\\\/meprolim.es\\\/de\\\/producto\\\/complementos-para-banos-y-dispensadores\\\/accesorios-cocina\\\/tubo-20-tiras-reactivas-pct120\\\/#primaryimage\"},\"thumbnailUrl\":\"https:\\\/\\\/meprolim.es\\\/wp-content\\\/uploads\\\/2019\\\/08\\\/AM0903.jpg\",\"datePublished\":\"2019-08-26T12:41:19+00:00\",\"dateModified\":\"2019-10-27T17:19:22+00:00\",\"breadcrumb\":{\"@id\":\"https:\\\/\\\/meprolim.es\\\/de\\\/producto\\\/complementos-para-banos-y-dispensadores\\\/accesorios-cocina\\\/tubo-20-tiras-reactivas-pct120\\\/#breadcrumb\"},\"inLanguage\":\"en-US\",\"potentialAction\":[{\"@type\":\"ReadAction\",\"target\":[\"https:\\\/\\\/meprolim.es\\\/de\\\/producto\\\/complementos-para-banos-y-dispensadores\\\/accesorios-cocina\\\/tubo-20-tiras-reactivas-pct120\\\/\"]}]},{\"@type\":\"ImageObject\",\"inLanguage\":\"en-US\",\"@id\":\"https:\\\/\\\/meprolim.es\\\/de\\\/producto\\\/complementos-para-banos-y-dispensadores\\\/accesorios-cocina\\\/tubo-20-tiras-reactivas-pct120\\\/#primaryimage\",\"url\":\"https:\\\/\\\/meprolim.es\\\/wp-content\\\/uploads\\\/2019\\\/08\\\/AM0903.jpg\",\"contentUrl\":\"https:\\\/\\\/meprolim.es\\\/wp-content\\\/uploads\\\/2019\\\/08\\\/AM0903.jpg\",\"width\":768,\"height\":768},{\"@type\":\"BreadcrumbList\",\"@id\":\"https:\\\/\\\/meprolim.es\\\/de\\\/producto\\\/complementos-para-banos-y-dispensadores\\\/accesorios-cocina\\\/tubo-20-tiras-reactivas-pct120\\\/#breadcrumb\",\"itemListElement\":[{\"@type\":\"ListItem\",\"position\":1,\"name\":\"Portada\",\"item\":\"https:\\\/\\\/meprolim.es\\\/en\\\/\"},{\"@type\":\"ListItem\",\"position\":2,\"name\":\"Catalogue\",\"item\":\"https:\\\/\\\/meprolim.es\\\/en\\\/catalogue\\\/\"},{\"@type\":\"ListItem\",\"position\":3,\"name\":\"TUBO 20 TIRAS REACTIVAS PCT120 &#8211; C\u00d3DIGO: AM0903\"}]},{\"@type\":\"WebSite\",\"@id\":\"https:\\\/\\\/meprolim.es\\\/fr\\\/#website\",\"url\":\"https:\\\/\\\/meprolim.es\\\/fr\\\/\",\"name\":\"Meprolim\",\"description\":\"Cavas Catalanas S.L.\",\"publisher\":{\"@id\":\"https:\\\/\\\/meprolim.es\\\/fr\\\/#organization\"},\"potentialAction\":[{\"@type\":\"SearchAction\",\"target\":{\"@type\":\"EntryPoint\",\"urlTemplate\":\"https:\\\/\\\/meprolim.es\\\/fr\\\/?s={search_term_string}\"},\"query-input\":{\"@type\":\"PropertyValueSpecification\",\"valueRequired\":true,\"valueName\":\"search_term_string\"}}],\"inLanguage\":\"en-US\"},{\"@type\":\"Organization\",\"@id\":\"https:\\\/\\\/meprolim.es\\\/fr\\\/#organization\",\"name\":\"Meprolim\",\"url\":\"https:\\\/\\\/meprolim.es\\\/fr\\\/\",\"logo\":{\"@type\":\"ImageObject\",\"inLanguage\":\"en-US\",\"@id\":\"https:\\\/\\\/meprolim.es\\\/fr\\\/#\\\/schema\\\/logo\\\/image\\\/\",\"url\":\"https:\\\/\\\/meprolim.es\\\/wp-content\\\/uploads\\\/2019\\\/07\\\/cropped-logo2.png\",\"contentUrl\":\"https:\\\/\\\/meprolim.es\\\/wp-content\\\/uploads\\\/2019\\\/07\\\/cropped-logo2.png\",\"width\":401,\"height\":162,\"caption\":\"Meprolim\"},\"image\":{\"@id\":\"https:\\\/\\\/meprolim.es\\\/fr\\\/#\\\/schema\\\/logo\\\/image\\\/\"}}]}<\/script>\n<!-- \/ Yoast SEO plugin. -->","yoast_head_json":{"title":"TUBO 20 TIRAS REACTIVAS PCT120 - C\u00d3DIGO: AM0903 - Meprolim","robots":{"index":"index","follow":"follow","max-snippet":"max-snippet:-1","max-image-preview":"max-image-preview:large","max-video-preview":"max-video-preview:-1"},"canonical":"https:\/\/meprolim.es\/de\/producto\/complementos-para-banos-y-dispensadores\/accesorios-cocina\/tubo-20-tiras-reactivas-pct120\/","og_locale":"en_US","og_type":"article","og_title":"TUBO 20 TIRAS REACTIVAS PCT120 - C\u00d3DIGO: AM0903 - Meprolim","og_description":"F\u00e1cil de usar: no necesita personal experimentado.  R\u00e1pido: Resultados inmediatos. La determinaci\u00f3n se hace en 15-30 segundos despu\u00e9s de sumergir la tira en el aceite.  Objetivo: Los resultados\u00a0son independientes de la persona que haga la prueba.  Higi\u00e9nico: Las tiras no contaminan el aceite.  Preciso: La prueba proporciona un punto de desecho\u00a0del aceite y minimizar\u00e1 la infrautilizaci\u00f3n del aceite y optimizar\u00e1 la calidad de los alimentos fritos (al no sobre-utilizar el\u00a0aceite).  Seguro: Una vez que se determina el punto de desecho del aceite, la prueba ayudar\u00e1 al usuario a estar seguro de que no infringe la regulaci\u00f3n local.  SKU: AM0903","og_url":"https:\/\/meprolim.es\/de\/producto\/complementos-para-banos-y-dispensadores\/accesorios-cocina\/tubo-20-tiras-reactivas-pct120\/","og_site_name":"Meprolim","article_modified_time":"2019-10-27T17:19:22+00:00","og_image":[{"width":768,"height":768,"url":"https:\/\/meprolim.es\/wp-content\/uploads\/2019\/08\/AM0903.jpg","type":"image\/jpeg"}],"twitter_card":"summary_large_image","schema":{"@context":"https:\/\/schema.org","@graph":[{"@type":"WebPage","@id":"https:\/\/meprolim.es\/de\/producto\/complementos-para-banos-y-dispensadores\/accesorios-cocina\/tubo-20-tiras-reactivas-pct120\/","url":"https:\/\/meprolim.es\/de\/producto\/complementos-para-banos-y-dispensadores\/accesorios-cocina\/tubo-20-tiras-reactivas-pct120\/","name":"TUBO 20 TIRAS REACTIVAS PCT120 - C\u00d3DIGO: AM0903 - Meprolim","isPartOf":{"@id":"https:\/\/meprolim.es\/fr\/#website"},"primaryImageOfPage":{"@id":"https:\/\/meprolim.es\/de\/producto\/complementos-para-banos-y-dispensadores\/accesorios-cocina\/tubo-20-tiras-reactivas-pct120\/#primaryimage"},"image":{"@id":"https:\/\/meprolim.es\/de\/producto\/complementos-para-banos-y-dispensadores\/accesorios-cocina\/tubo-20-tiras-reactivas-pct120\/#primaryimage"},"thumbnailUrl":"https:\/\/meprolim.es\/wp-content\/uploads\/2019\/08\/AM0903.jpg","datePublished":"2019-08-26T12:41:19+00:00","dateModified":"2019-10-27T17:19:22+00:00","breadcrumb":{"@id":"https:\/\/meprolim.es\/de\/producto\/complementos-para-banos-y-dispensadores\/accesorios-cocina\/tubo-20-tiras-reactivas-pct120\/#breadcrumb"},"inLanguage":"en-US","potentialAction":[{"@type":"ReadAction","target":["https:\/\/meprolim.es\/de\/producto\/complementos-para-banos-y-dispensadores\/accesorios-cocina\/tubo-20-tiras-reactivas-pct120\/"]}]},{"@type":"ImageObject","inLanguage":"en-US","@id":"https:\/\/meprolim.es\/de\/producto\/complementos-para-banos-y-dispensadores\/accesorios-cocina\/tubo-20-tiras-reactivas-pct120\/#primaryimage","url":"https:\/\/meprolim.es\/wp-content\/uploads\/2019\/08\/AM0903.jpg","contentUrl":"https:\/\/meprolim.es\/wp-content\/uploads\/2019\/08\/AM0903.jpg","width":768,"height":768},{"@type":"BreadcrumbList","@id":"https:\/\/meprolim.es\/de\/producto\/complementos-para-banos-y-dispensadores\/accesorios-cocina\/tubo-20-tiras-reactivas-pct120\/#breadcrumb","itemListElement":[{"@type":"ListItem","position":1,"name":"Portada","item":"https:\/\/meprolim.es\/en\/"},{"@type":"ListItem","position":2,"name":"Catalogue","item":"https:\/\/meprolim.es\/en\/catalogue\/"},{"@type":"ListItem","position":3,"name":"TUBO 20 TIRAS REACTIVAS PCT120 &#8211; C\u00d3DIGO: AM0903"}]},{"@type":"WebSite","@id":"https:\/\/meprolim.es\/fr\/#website","url":"https:\/\/meprolim.es\/fr\/","name":"Meprolim","description":"Cavas Catalanas S.L.","publisher":{"@id":"https:\/\/meprolim.es\/fr\/#organization"},"potentialAction":[{"@type":"SearchAction","target":{"@type":"EntryPoint","urlTemplate":"https:\/\/meprolim.es\/fr\/?s={search_term_string}"},"query-input":{"@type":"PropertyValueSpecification","valueRequired":true,"valueName":"search_term_string"}}],"inLanguage":"en-US"},{"@type":"Organization","@id":"https:\/\/meprolim.es\/fr\/#organization","name":"Meprolim","url":"https:\/\/meprolim.es\/fr\/","logo":{"@type":"ImageObject","inLanguage":"en-US","@id":"https:\/\/meprolim.es\/fr\/#\/schema\/logo\/image\/","url":"https:\/\/meprolim.es\/wp-content\/uploads\/2019\/07\/cropped-logo2.png","contentUrl":"https:\/\/meprolim.es\/wp-content\/uploads\/2019\/07\/cropped-logo2.png","width":401,"height":162,"caption":"Meprolim"},"image":{"@id":"https:\/\/meprolim.es\/fr\/#\/schema\/logo\/image\/"}}]}},"_links":{"self":[{"href":"https:\/\/meprolim.es\/en\/wp-json\/wp\/v2\/product\/7733","targetHints":{"allow":["GET"]}}],"collection":[{"href":"https:\/\/meprolim.es\/en\/wp-json\/wp\/v2\/product"}],"about":[{"href":"https:\/\/meprolim.es\/en\/wp-json\/wp\/v2\/types\/product"}],"wp:featuredmedia":[{"embeddable":true,"href":"https:\/\/meprolim.es\/en\/wp-json\/wp\/v2\/media\/7731"}],"wp:attachment":[{"href":"https:\/\/meprolim.es\/en\/wp-json\/wp\/v2\/media?parent=7733"}],"wp:term":[{"taxonomy":"product_brand","embeddable":true,"href":"https:\/\/meprolim.es\/en\/wp-json\/wp\/v2\/product_brand?post=7733"},{"taxonomy":"product_cat","embeddable":true,"href":"https:\/\/meprolim.es\/en\/wp-json\/wp\/v2\/product_cat?post=7733"},{"taxonomy":"product_tag","embeddable":true,"href":"https:\/\/meprolim.es\/en\/wp-json\/wp\/v2\/product_tag?post=7733"}],"curies":[{"name":"wp","href":"https:\/\/api.w.org\/{rel}","templated":true}]}}