{"id":8060,"date":"2019-08-29T11:05:34","date_gmt":"2019-08-29T10:05:34","guid":{"rendered":"http:\/\/www.meprolim.es\/?post_type=product&#038;p=8060"},"modified":"2023-05-25T22:37:57","modified_gmt":"2023-05-25T21:37:57","slug":"bidon-5kg-limpiador-gral-blue-meprolim","status":"publish","type":"product","link":"https:\/\/meprolim.es\/en\/producto\/quimicos-y-articulos-de-limpieza\/productos-quimicos-industriales-en\/detergente-multiusos-en\/bidon-5kg-limpiador-gral-blue-meprolim\/","title":{"rendered":"BID\u00d3N 5 KG LIMPIADOR GRAL. BLUE MEPROLIM &#8211; C\u00d3DIGO: FR0075"},"content":{"rendered":"<div class=\"wpb-content-wrapper\"><p>[vc_row][vc_column][vc_column_text]<\/p>\n<p style=\"text-align: justify;\">Gracias al poder de limpieza de su f\u00f3rmula, desengrasa a fondo, higieniza y deja la superficie a limpiar muy brillante, incluso sin aclarado. Ideal para la limpieza profunda y el perfumado en superficies duras (Suelo, Mesas, Azulejos, etc.). Las exclusivas fragancias de larga duraci\u00f3n hace que duren varias horas despu\u00e9s de haber limpiado. Incorpora componente de baja alcalinidad para aumentar el poder desengrasante y de limpieza del producto. Apto para uso alimentario.<\/p>\n<p>[\/vc_column_text][\/vc_column][\/vc_row]<\/p>\n<\/div>","protected":false},"excerpt":{"rendered":"<ul>\n<li>Bid\u00f3n de 5 litros.<\/li>\n<li>Ph 6-7.<\/li>\n<li>Desengrasa a fondo, higieniza y deja la superficie a limpiar muy brillante, incluso sin aclarado.<\/li>\n<li>Ideal para la limpieza profunda y el perfumado en superficies duras (suelos, mesas, azulejos,&#8230;)<\/li>\n<li>Exclusiva fragancia de larga duraci\u00f3n.<\/li>\n<li>Componentes de baja alcalinidad para aumentar el poder desengrasante.<\/li>\n<li>Polialcohol, caracter\u00edstico olor a limpio.<\/li>\n<li>Alto poder de evaporaci\u00f3n.<\/li>\n<li>No deja residuos.<\/li>\n<li>Contiene tensioactivos, poder de limpieza y abrillantado.<\/li>\n<li>APTO PARA USO ALIMENTARIO.<\/li>\n<li>Producto l\u00edquido.<\/li>\n<li>Color: azul.<\/li>\n<li>Perfume: herbal fresco.<\/li>\n<li>Para superficies muy sucias diluir 1,5% de producto en un cubo de agua de 5 litros.<\/li>\n<li>Para limpieza diaria diluir 0,5% de producto en cubo de agua de 5 litros.<\/li>\n<\/ul>\n<p><strong>SKU: FR0075<\/strong><\/p>\n<p>&nbsp;<\/p>\n<p>&nbsp;<\/p>\n","protected":false},"featured_media":8061,"template":"","meta":[],"product_brand":[],"product_cat":[664,652,94],"product_tag":[665,654],"class_list":{"0":"post-8060","1":"product","2":"type-product","3":"status-publish","4":"has-post-thumbnail","6":"product_cat-detergente-multiusos","7":"product_cat-productos-quimicos-industriales","8":"product_cat-quimicos-articulos-limpieza","9":"product_tag-detergente-multiusos","10":"product_tag-productos-quimicos","12":"first","13":"instock","14":"shipping-taxable","15":"product-type-simple"},"yoast_head":"<!-- This site is optimized with the Yoast SEO plugin v27.3 - https:\/\/yoast.com\/product\/yoast-seo-wordpress\/ -->\n<title>BID\u00d3N 5 KG LIMPIADOR GRAL. BLUE MEPROLIM - C\u00d3DIGO: FR0075 - Meprolim<\/title>\n<meta name=\"robots\" content=\"index, follow, max-snippet:-1, max-image-preview:large, max-video-preview:-1\" \/>\n<link rel=\"canonical\" href=\"https:\/\/meprolim.es\/producto\/quimicos-articulos-limpieza\/productos-quimicos-industriales\/detergente-multiusos\/bidon-5kg-limpiador-gral-blue-meprolim\/\" \/>\n<meta property=\"og:locale\" content=\"en_US\" \/>\n<meta property=\"og:type\" content=\"article\" \/>\n<meta property=\"og:title\" content=\"BID\u00d3N 5 KG LIMPIADOR GRAL. BLUE MEPROLIM - C\u00d3DIGO: FR0075 - Meprolim\" \/>\n<meta property=\"og:description\" content=\"Bid\u00f3n de 5 litros.  Ph 6-7.  Desengrasa a fondo, higieniza y deja la superficie a limpiar muy brillante, incluso sin aclarado.  Ideal para la limpieza profunda y el perfumado en superficies duras (suelos, mesas, azulejos,...)  Exclusiva fragancia de larga duraci\u00f3n.  Componentes de baja alcalinidad para aumentar el poder desengrasante.  Polialcohol, caracter\u00edstico olor a limpio.  Alto poder de evaporaci\u00f3n.  No deja residuos.  Contiene tensioactivos, poder de limpieza y abrillantado.  APTO PARA USO ALIMENTARIO.  Producto l\u00edquido.  Color: azul.  Perfume: herbal fresco.  Para superficies muy sucias diluir 1,5% de producto en un cubo de agua de 5 litros.  Para limpieza diaria diluir 0,5% de producto en cubo de agua de 5 litros.  SKU: FR0075 &nbsp; &nbsp;\" \/>\n<meta property=\"og:url\" content=\"https:\/\/meprolim.es\/producto\/quimicos-articulos-limpieza\/productos-quimicos-industriales\/detergente-multiusos\/bidon-5kg-limpiador-gral-blue-meprolim\/\" \/>\n<meta property=\"og:site_name\" content=\"Meprolim\" \/>\n<meta property=\"article:modified_time\" content=\"2023-05-25T21:37:57+00:00\" \/>\n<meta property=\"og:image\" content=\"https:\/\/meprolim.es\/wp-content\/uploads\/2019\/08\/FR0075.jpg\" \/>\n\t<meta property=\"og:image:width\" content=\"768\" \/>\n\t<meta property=\"og:image:height\" content=\"768\" \/>\n\t<meta property=\"og:image:type\" content=\"image\/jpeg\" \/>\n<meta name=\"twitter:card\" content=\"summary_large_image\" \/>\n<meta name=\"twitter:label1\" content=\"Est. reading time\" \/>\n\t<meta name=\"twitter:data1\" content=\"1 minute\" \/>\n<script type=\"application\/ld+json\" class=\"yoast-schema-graph\">{\"@context\":\"https:\\\/\\\/schema.org\",\"@graph\":[{\"@type\":\"WebPage\",\"@id\":\"https:\\\/\\\/meprolim.es\\\/producto\\\/quimicos-articulos-limpieza\\\/productos-quimicos-industriales\\\/detergente-multiusos\\\/bidon-5kg-limpiador-gral-blue-meprolim\\\/\",\"url\":\"https:\\\/\\\/meprolim.es\\\/producto\\\/quimicos-articulos-limpieza\\\/productos-quimicos-industriales\\\/detergente-multiusos\\\/bidon-5kg-limpiador-gral-blue-meprolim\\\/\",\"name\":\"BID\u00d3N 5 KG LIMPIADOR GRAL. BLUE MEPROLIM - C\u00d3DIGO: FR0075 - Meprolim\",\"isPartOf\":{\"@id\":\"https:\\\/\\\/meprolim.es\\\/fr\\\/#website\"},\"primaryImageOfPage\":{\"@id\":\"https:\\\/\\\/meprolim.es\\\/producto\\\/quimicos-articulos-limpieza\\\/productos-quimicos-industriales\\\/detergente-multiusos\\\/bidon-5kg-limpiador-gral-blue-meprolim\\\/#primaryimage\"},\"image\":{\"@id\":\"https:\\\/\\\/meprolim.es\\\/producto\\\/quimicos-articulos-limpieza\\\/productos-quimicos-industriales\\\/detergente-multiusos\\\/bidon-5kg-limpiador-gral-blue-meprolim\\\/#primaryimage\"},\"thumbnailUrl\":\"https:\\\/\\\/meprolim.es\\\/wp-content\\\/uploads\\\/2019\\\/08\\\/FR0075.jpg\",\"datePublished\":\"2019-08-29T10:05:34+00:00\",\"dateModified\":\"2023-05-25T21:37:57+00:00\",\"breadcrumb\":{\"@id\":\"https:\\\/\\\/meprolim.es\\\/producto\\\/quimicos-articulos-limpieza\\\/productos-quimicos-industriales\\\/detergente-multiusos\\\/bidon-5kg-limpiador-gral-blue-meprolim\\\/#breadcrumb\"},\"inLanguage\":\"en-US\",\"potentialAction\":[{\"@type\":\"ReadAction\",\"target\":[\"https:\\\/\\\/meprolim.es\\\/producto\\\/quimicos-articulos-limpieza\\\/productos-quimicos-industriales\\\/detergente-multiusos\\\/bidon-5kg-limpiador-gral-blue-meprolim\\\/\"]}]},{\"@type\":\"ImageObject\",\"inLanguage\":\"en-US\",\"@id\":\"https:\\\/\\\/meprolim.es\\\/producto\\\/quimicos-articulos-limpieza\\\/productos-quimicos-industriales\\\/detergente-multiusos\\\/bidon-5kg-limpiador-gral-blue-meprolim\\\/#primaryimage\",\"url\":\"https:\\\/\\\/meprolim.es\\\/wp-content\\\/uploads\\\/2019\\\/08\\\/FR0075.jpg\",\"contentUrl\":\"https:\\\/\\\/meprolim.es\\\/wp-content\\\/uploads\\\/2019\\\/08\\\/FR0075.jpg\",\"width\":768,\"height\":768},{\"@type\":\"BreadcrumbList\",\"@id\":\"https:\\\/\\\/meprolim.es\\\/producto\\\/quimicos-articulos-limpieza\\\/productos-quimicos-industriales\\\/detergente-multiusos\\\/bidon-5kg-limpiador-gral-blue-meprolim\\\/#breadcrumb\",\"itemListElement\":[{\"@type\":\"ListItem\",\"position\":1,\"name\":\"Portada\",\"item\":\"https:\\\/\\\/meprolim.es\\\/en\\\/\"},{\"@type\":\"ListItem\",\"position\":2,\"name\":\"Catalogue\",\"item\":\"https:\\\/\\\/meprolim.es\\\/en\\\/catalogue\\\/\"},{\"@type\":\"ListItem\",\"position\":3,\"name\":\"BID\u00d3N 5 KG LIMPIADOR GRAL. BLUE MEPROLIM &#8211; C\u00d3DIGO: FR0075\"}]},{\"@type\":\"WebSite\",\"@id\":\"https:\\\/\\\/meprolim.es\\\/fr\\\/#website\",\"url\":\"https:\\\/\\\/meprolim.es\\\/fr\\\/\",\"name\":\"Meprolim\",\"description\":\"Cavas Catalanas S.L.\",\"publisher\":{\"@id\":\"https:\\\/\\\/meprolim.es\\\/fr\\\/#organization\"},\"potentialAction\":[{\"@type\":\"SearchAction\",\"target\":{\"@type\":\"EntryPoint\",\"urlTemplate\":\"https:\\\/\\\/meprolim.es\\\/fr\\\/?s={search_term_string}\"},\"query-input\":{\"@type\":\"PropertyValueSpecification\",\"valueRequired\":true,\"valueName\":\"search_term_string\"}}],\"inLanguage\":\"en-US\"},{\"@type\":\"Organization\",\"@id\":\"https:\\\/\\\/meprolim.es\\\/fr\\\/#organization\",\"name\":\"Meprolim\",\"url\":\"https:\\\/\\\/meprolim.es\\\/fr\\\/\",\"logo\":{\"@type\":\"ImageObject\",\"inLanguage\":\"en-US\",\"@id\":\"https:\\\/\\\/meprolim.es\\\/fr\\\/#\\\/schema\\\/logo\\\/image\\\/\",\"url\":\"https:\\\/\\\/meprolim.es\\\/wp-content\\\/uploads\\\/2019\\\/07\\\/cropped-logo2.png\",\"contentUrl\":\"https:\\\/\\\/meprolim.es\\\/wp-content\\\/uploads\\\/2019\\\/07\\\/cropped-logo2.png\",\"width\":401,\"height\":162,\"caption\":\"Meprolim\"},\"image\":{\"@id\":\"https:\\\/\\\/meprolim.es\\\/fr\\\/#\\\/schema\\\/logo\\\/image\\\/\"}}]}<\/script>\n<!-- \/ Yoast SEO plugin. -->","yoast_head_json":{"title":"BID\u00d3N 5 KG LIMPIADOR GRAL. BLUE MEPROLIM - C\u00d3DIGO: FR0075 - Meprolim","robots":{"index":"index","follow":"follow","max-snippet":"max-snippet:-1","max-image-preview":"max-image-preview:large","max-video-preview":"max-video-preview:-1"},"canonical":"https:\/\/meprolim.es\/producto\/quimicos-articulos-limpieza\/productos-quimicos-industriales\/detergente-multiusos\/bidon-5kg-limpiador-gral-blue-meprolim\/","og_locale":"en_US","og_type":"article","og_title":"BID\u00d3N 5 KG LIMPIADOR GRAL. BLUE MEPROLIM - C\u00d3DIGO: FR0075 - Meprolim","og_description":"Bid\u00f3n de 5 litros.  Ph 6-7.  Desengrasa a fondo, higieniza y deja la superficie a limpiar muy brillante, incluso sin aclarado.  Ideal para la limpieza profunda y el perfumado en superficies duras (suelos, mesas, azulejos,...)  Exclusiva fragancia de larga duraci\u00f3n.  Componentes de baja alcalinidad para aumentar el poder desengrasante.  Polialcohol, caracter\u00edstico olor a limpio.  Alto poder de evaporaci\u00f3n.  No deja residuos.  Contiene tensioactivos, poder de limpieza y abrillantado.  APTO PARA USO ALIMENTARIO.  Producto l\u00edquido.  Color: azul.  Perfume: herbal fresco.  Para superficies muy sucias diluir 1,5% de producto en un cubo de agua de 5 litros.  Para limpieza diaria diluir 0,5% de producto en cubo de agua de 5 litros.  SKU: FR0075 &nbsp; &nbsp;","og_url":"https:\/\/meprolim.es\/producto\/quimicos-articulos-limpieza\/productos-quimicos-industriales\/detergente-multiusos\/bidon-5kg-limpiador-gral-blue-meprolim\/","og_site_name":"Meprolim","article_modified_time":"2023-05-25T21:37:57+00:00","og_image":[{"width":768,"height":768,"url":"https:\/\/meprolim.es\/wp-content\/uploads\/2019\/08\/FR0075.jpg","type":"image\/jpeg"}],"twitter_card":"summary_large_image","twitter_misc":{"Est. reading time":"1 minute"},"schema":{"@context":"https:\/\/schema.org","@graph":[{"@type":"WebPage","@id":"https:\/\/meprolim.es\/producto\/quimicos-articulos-limpieza\/productos-quimicos-industriales\/detergente-multiusos\/bidon-5kg-limpiador-gral-blue-meprolim\/","url":"https:\/\/meprolim.es\/producto\/quimicos-articulos-limpieza\/productos-quimicos-industriales\/detergente-multiusos\/bidon-5kg-limpiador-gral-blue-meprolim\/","name":"BID\u00d3N 5 KG LIMPIADOR GRAL. BLUE MEPROLIM - C\u00d3DIGO: FR0075 - Meprolim","isPartOf":{"@id":"https:\/\/meprolim.es\/fr\/#website"},"primaryImageOfPage":{"@id":"https:\/\/meprolim.es\/producto\/quimicos-articulos-limpieza\/productos-quimicos-industriales\/detergente-multiusos\/bidon-5kg-limpiador-gral-blue-meprolim\/#primaryimage"},"image":{"@id":"https:\/\/meprolim.es\/producto\/quimicos-articulos-limpieza\/productos-quimicos-industriales\/detergente-multiusos\/bidon-5kg-limpiador-gral-blue-meprolim\/#primaryimage"},"thumbnailUrl":"https:\/\/meprolim.es\/wp-content\/uploads\/2019\/08\/FR0075.jpg","datePublished":"2019-08-29T10:05:34+00:00","dateModified":"2023-05-25T21:37:57+00:00","breadcrumb":{"@id":"https:\/\/meprolim.es\/producto\/quimicos-articulos-limpieza\/productos-quimicos-industriales\/detergente-multiusos\/bidon-5kg-limpiador-gral-blue-meprolim\/#breadcrumb"},"inLanguage":"en-US","potentialAction":[{"@type":"ReadAction","target":["https:\/\/meprolim.es\/producto\/quimicos-articulos-limpieza\/productos-quimicos-industriales\/detergente-multiusos\/bidon-5kg-limpiador-gral-blue-meprolim\/"]}]},{"@type":"ImageObject","inLanguage":"en-US","@id":"https:\/\/meprolim.es\/producto\/quimicos-articulos-limpieza\/productos-quimicos-industriales\/detergente-multiusos\/bidon-5kg-limpiador-gral-blue-meprolim\/#primaryimage","url":"https:\/\/meprolim.es\/wp-content\/uploads\/2019\/08\/FR0075.jpg","contentUrl":"https:\/\/meprolim.es\/wp-content\/uploads\/2019\/08\/FR0075.jpg","width":768,"height":768},{"@type":"BreadcrumbList","@id":"https:\/\/meprolim.es\/producto\/quimicos-articulos-limpieza\/productos-quimicos-industriales\/detergente-multiusos\/bidon-5kg-limpiador-gral-blue-meprolim\/#breadcrumb","itemListElement":[{"@type":"ListItem","position":1,"name":"Portada","item":"https:\/\/meprolim.es\/en\/"},{"@type":"ListItem","position":2,"name":"Catalogue","item":"https:\/\/meprolim.es\/en\/catalogue\/"},{"@type":"ListItem","position":3,"name":"BID\u00d3N 5 KG LIMPIADOR GRAL. BLUE MEPROLIM &#8211; C\u00d3DIGO: FR0075"}]},{"@type":"WebSite","@id":"https:\/\/meprolim.es\/fr\/#website","url":"https:\/\/meprolim.es\/fr\/","name":"Meprolim","description":"Cavas Catalanas S.L.","publisher":{"@id":"https:\/\/meprolim.es\/fr\/#organization"},"potentialAction":[{"@type":"SearchAction","target":{"@type":"EntryPoint","urlTemplate":"https:\/\/meprolim.es\/fr\/?s={search_term_string}"},"query-input":{"@type":"PropertyValueSpecification","valueRequired":true,"valueName":"search_term_string"}}],"inLanguage":"en-US"},{"@type":"Organization","@id":"https:\/\/meprolim.es\/fr\/#organization","name":"Meprolim","url":"https:\/\/meprolim.es\/fr\/","logo":{"@type":"ImageObject","inLanguage":"en-US","@id":"https:\/\/meprolim.es\/fr\/#\/schema\/logo\/image\/","url":"https:\/\/meprolim.es\/wp-content\/uploads\/2019\/07\/cropped-logo2.png","contentUrl":"https:\/\/meprolim.es\/wp-content\/uploads\/2019\/07\/cropped-logo2.png","width":401,"height":162,"caption":"Meprolim"},"image":{"@id":"https:\/\/meprolim.es\/fr\/#\/schema\/logo\/image\/"}}]}},"_links":{"self":[{"href":"https:\/\/meprolim.es\/en\/wp-json\/wp\/v2\/product\/8060","targetHints":{"allow":["GET"]}}],"collection":[{"href":"https:\/\/meprolim.es\/en\/wp-json\/wp\/v2\/product"}],"about":[{"href":"https:\/\/meprolim.es\/en\/wp-json\/wp\/v2\/types\/product"}],"wp:featuredmedia":[{"embeddable":true,"href":"https:\/\/meprolim.es\/en\/wp-json\/wp\/v2\/media\/8061"}],"wp:attachment":[{"href":"https:\/\/meprolim.es\/en\/wp-json\/wp\/v2\/media?parent=8060"}],"wp:term":[{"taxonomy":"product_brand","embeddable":true,"href":"https:\/\/meprolim.es\/en\/wp-json\/wp\/v2\/product_brand?post=8060"},{"taxonomy":"product_cat","embeddable":true,"href":"https:\/\/meprolim.es\/en\/wp-json\/wp\/v2\/product_cat?post=8060"},{"taxonomy":"product_tag","embeddable":true,"href":"https:\/\/meprolim.es\/en\/wp-json\/wp\/v2\/product_tag?post=8060"}],"curies":[{"name":"wp","href":"https:\/\/api.w.org\/{rel}","templated":true}]}}