{"id":8139,"date":"2019-08-29T15:21:46","date_gmt":"2019-08-29T14:21:46","guid":{"rendered":"http:\/\/www.meprolim.es\/?post_type=product&#038;p=8139"},"modified":"2023-05-22T20:22:18","modified_gmt":"2023-05-22T19:22:18","slug":"bidon-5kg-urbadet-desoil","status":"publish","type":"product","link":"https:\/\/meprolim.es\/en\/producto\/quimicos-y-articulos-de-limpieza\/productos-quimicos-industriales-en\/limpieza-urbana-en\/bidon-5kg-urbadet-desoil\/","title":{"rendered":"BID\u00d3N 5 KG URBADET DESOIL &#8211; C\u00d3DIGO: BX6069"},"content":{"rendered":"<div class=\"wpb-content-wrapper\"><p>[vc_row][vc_column][vc_column_text]<\/p>\n<p style=\"text-align: justify;\">Elimina grasa y suciedad persistente. No da\u00f1a las zonas pintadas. Baja espuma. Eficaz contra grasa, aceite, carbonilla y pigmentos. Gran poder de arrastre.<\/p>\n<p>[\/vc_column_text][\/vc_column][\/vc_row]<\/p>\n<\/div>","protected":false},"excerpt":{"rendered":"<ul>\n<li>pH 13.<\/li>\n<\/ul>\n<p>Caracter\u00edsticas:<\/p>\n<ul>\n<li>Elimina grasa y suciedad persistente.<\/li>\n<li>No da\u00f1a las zonas pintadas.<\/li>\n<li>Baja espuma.<\/li>\n<li>Eficaz contra grasa, aceite, carbonilla y pigmentos.<\/li>\n<li>Gran poder de arrastre.<\/li>\n<\/ul>\n<p>Datos t\u00e9cnicos:<\/p>\n<ul>\n<li>Bid\u00f3n de 5 litros.<\/li>\n<li>Producto l\u00edquido transparente.<\/li>\n<li>Color: rojo.<\/li>\n<li>Perfume: caracter\u00edstico<\/li>\n<li>Dosificar: 5-10% de producto en agua.<\/li>\n<li>Aplicar la soluci\u00f3n limpiadora del modo habitual.<\/li>\n<li>Frotar con cepillo o sistema abrasivo similar.<\/li>\n<li>Dejar actuar y aclarar con agua.<\/li>\n<li>La dosificaci\u00f3n y tiempo de contacto dependen del estado de la superficie.<\/li>\n<\/ul>\n<p><strong>SKU: BX6069<\/strong><\/p>\n<p>&nbsp;<\/p>\n<p>&nbsp;<\/p>\n","protected":false},"featured_media":8140,"template":"","meta":[],"product_brand":[],"product_cat":[677,652,94],"product_tag":[671,678,654],"class_list":{"0":"post-8139","1":"product","2":"type-product","3":"status-publish","4":"has-post-thumbnail","6":"product_cat-limpieza-urbana","7":"product_cat-productos-quimicos-industriales","8":"product_cat-quimicos-articulos-limpieza","9":"product_tag-desengrasantes","10":"product_tag-gama-urbana","11":"product_tag-productos-quimicos","13":"first","14":"instock","15":"shipping-taxable","16":"product-type-simple"},"yoast_head":"<!-- This site is optimized with the Yoast SEO plugin v27.3 - https:\/\/yoast.com\/product\/yoast-seo-wordpress\/ -->\n<title>BID\u00d3N 5 KG URBADET DESOIL - C\u00d3DIGO: BX6069 - Meprolim<\/title>\n<meta name=\"robots\" content=\"index, follow, max-snippet:-1, max-image-preview:large, max-video-preview:-1\" \/>\n<link rel=\"canonical\" href=\"https:\/\/meprolim.es\/producto\/quimicos-articulos-limpieza\/productos-quimicos-industriales\/limpieza-urbana\/bidon-5kg-urbadet-desoil\/\" \/>\n<meta property=\"og:locale\" content=\"en_US\" \/>\n<meta property=\"og:type\" content=\"article\" \/>\n<meta property=\"og:title\" content=\"BID\u00d3N 5 KG URBADET DESOIL - C\u00d3DIGO: BX6069 - Meprolim\" \/>\n<meta property=\"og:description\" content=\"pH 13.  Caracter\u00edsticas:   Elimina grasa y suciedad persistente.  No da\u00f1a las zonas pintadas.  Baja espuma.  Eficaz contra grasa, aceite, carbonilla y pigmentos.  Gran poder de arrastre.  Datos t\u00e9cnicos:   Bid\u00f3n de 5 litros.  Producto l\u00edquido transparente.  Color: rojo.  Perfume: caracter\u00edstico  Dosificar: 5-10% de producto en agua.  Aplicar la soluci\u00f3n limpiadora del modo habitual.  Frotar con cepillo o sistema abrasivo similar.  Dejar actuar y aclarar con agua.  La dosificaci\u00f3n y tiempo de contacto dependen del estado de la superficie.  SKU: BX6069  &nbsp;  &nbsp;\" \/>\n<meta property=\"og:url\" content=\"https:\/\/meprolim.es\/producto\/quimicos-articulos-limpieza\/productos-quimicos-industriales\/limpieza-urbana\/bidon-5kg-urbadet-desoil\/\" \/>\n<meta property=\"og:site_name\" content=\"Meprolim\" \/>\n<meta property=\"article:modified_time\" content=\"2023-05-22T19:22:18+00:00\" \/>\n<meta property=\"og:image\" content=\"https:\/\/meprolim.es\/wp-content\/uploads\/2019\/08\/BX6069.jpg\" \/>\n\t<meta property=\"og:image:width\" content=\"1417\" \/>\n\t<meta property=\"og:image:height\" content=\"1417\" \/>\n\t<meta property=\"og:image:type\" content=\"image\/jpeg\" \/>\n<meta name=\"twitter:card\" content=\"summary_large_image\" \/>\n<meta name=\"twitter:label1\" content=\"Est. reading time\" \/>\n\t<meta name=\"twitter:data1\" content=\"1 minute\" \/>\n<script type=\"application\/ld+json\" class=\"yoast-schema-graph\">{\"@context\":\"https:\\\/\\\/schema.org\",\"@graph\":[{\"@type\":\"WebPage\",\"@id\":\"https:\\\/\\\/meprolim.es\\\/producto\\\/quimicos-articulos-limpieza\\\/productos-quimicos-industriales\\\/limpieza-urbana\\\/bidon-5kg-urbadet-desoil\\\/\",\"url\":\"https:\\\/\\\/meprolim.es\\\/producto\\\/quimicos-articulos-limpieza\\\/productos-quimicos-industriales\\\/limpieza-urbana\\\/bidon-5kg-urbadet-desoil\\\/\",\"name\":\"BID\u00d3N 5 KG URBADET DESOIL - C\u00d3DIGO: BX6069 - Meprolim\",\"isPartOf\":{\"@id\":\"https:\\\/\\\/meprolim.es\\\/fr\\\/#website\"},\"primaryImageOfPage\":{\"@id\":\"https:\\\/\\\/meprolim.es\\\/producto\\\/quimicos-articulos-limpieza\\\/productos-quimicos-industriales\\\/limpieza-urbana\\\/bidon-5kg-urbadet-desoil\\\/#primaryimage\"},\"image\":{\"@id\":\"https:\\\/\\\/meprolim.es\\\/producto\\\/quimicos-articulos-limpieza\\\/productos-quimicos-industriales\\\/limpieza-urbana\\\/bidon-5kg-urbadet-desoil\\\/#primaryimage\"},\"thumbnailUrl\":\"https:\\\/\\\/meprolim.es\\\/wp-content\\\/uploads\\\/2019\\\/08\\\/BX6069.jpg\",\"datePublished\":\"2019-08-29T14:21:46+00:00\",\"dateModified\":\"2023-05-22T19:22:18+00:00\",\"breadcrumb\":{\"@id\":\"https:\\\/\\\/meprolim.es\\\/producto\\\/quimicos-articulos-limpieza\\\/productos-quimicos-industriales\\\/limpieza-urbana\\\/bidon-5kg-urbadet-desoil\\\/#breadcrumb\"},\"inLanguage\":\"en-US\",\"potentialAction\":[{\"@type\":\"ReadAction\",\"target\":[\"https:\\\/\\\/meprolim.es\\\/producto\\\/quimicos-articulos-limpieza\\\/productos-quimicos-industriales\\\/limpieza-urbana\\\/bidon-5kg-urbadet-desoil\\\/\"]}]},{\"@type\":\"ImageObject\",\"inLanguage\":\"en-US\",\"@id\":\"https:\\\/\\\/meprolim.es\\\/producto\\\/quimicos-articulos-limpieza\\\/productos-quimicos-industriales\\\/limpieza-urbana\\\/bidon-5kg-urbadet-desoil\\\/#primaryimage\",\"url\":\"https:\\\/\\\/meprolim.es\\\/wp-content\\\/uploads\\\/2019\\\/08\\\/BX6069.jpg\",\"contentUrl\":\"https:\\\/\\\/meprolim.es\\\/wp-content\\\/uploads\\\/2019\\\/08\\\/BX6069.jpg\",\"width\":1417,\"height\":1417},{\"@type\":\"BreadcrumbList\",\"@id\":\"https:\\\/\\\/meprolim.es\\\/producto\\\/quimicos-articulos-limpieza\\\/productos-quimicos-industriales\\\/limpieza-urbana\\\/bidon-5kg-urbadet-desoil\\\/#breadcrumb\",\"itemListElement\":[{\"@type\":\"ListItem\",\"position\":1,\"name\":\"Portada\",\"item\":\"https:\\\/\\\/meprolim.es\\\/en\\\/\"},{\"@type\":\"ListItem\",\"position\":2,\"name\":\"Catalogue\",\"item\":\"https:\\\/\\\/meprolim.es\\\/en\\\/catalogue\\\/\"},{\"@type\":\"ListItem\",\"position\":3,\"name\":\"BID\u00d3N 5 KG URBADET DESOIL &#8211; C\u00d3DIGO: BX6069\"}]},{\"@type\":\"WebSite\",\"@id\":\"https:\\\/\\\/meprolim.es\\\/fr\\\/#website\",\"url\":\"https:\\\/\\\/meprolim.es\\\/fr\\\/\",\"name\":\"Meprolim\",\"description\":\"Cavas Catalanas S.L.\",\"publisher\":{\"@id\":\"https:\\\/\\\/meprolim.es\\\/fr\\\/#organization\"},\"potentialAction\":[{\"@type\":\"SearchAction\",\"target\":{\"@type\":\"EntryPoint\",\"urlTemplate\":\"https:\\\/\\\/meprolim.es\\\/fr\\\/?s={search_term_string}\"},\"query-input\":{\"@type\":\"PropertyValueSpecification\",\"valueRequired\":true,\"valueName\":\"search_term_string\"}}],\"inLanguage\":\"en-US\"},{\"@type\":\"Organization\",\"@id\":\"https:\\\/\\\/meprolim.es\\\/fr\\\/#organization\",\"name\":\"Meprolim\",\"url\":\"https:\\\/\\\/meprolim.es\\\/fr\\\/\",\"logo\":{\"@type\":\"ImageObject\",\"inLanguage\":\"en-US\",\"@id\":\"https:\\\/\\\/meprolim.es\\\/fr\\\/#\\\/schema\\\/logo\\\/image\\\/\",\"url\":\"https:\\\/\\\/meprolim.es\\\/wp-content\\\/uploads\\\/2019\\\/07\\\/cropped-logo2.png\",\"contentUrl\":\"https:\\\/\\\/meprolim.es\\\/wp-content\\\/uploads\\\/2019\\\/07\\\/cropped-logo2.png\",\"width\":401,\"height\":162,\"caption\":\"Meprolim\"},\"image\":{\"@id\":\"https:\\\/\\\/meprolim.es\\\/fr\\\/#\\\/schema\\\/logo\\\/image\\\/\"}}]}<\/script>\n<!-- \/ Yoast SEO plugin. -->","yoast_head_json":{"title":"BID\u00d3N 5 KG URBADET DESOIL - C\u00d3DIGO: BX6069 - Meprolim","robots":{"index":"index","follow":"follow","max-snippet":"max-snippet:-1","max-image-preview":"max-image-preview:large","max-video-preview":"max-video-preview:-1"},"canonical":"https:\/\/meprolim.es\/producto\/quimicos-articulos-limpieza\/productos-quimicos-industriales\/limpieza-urbana\/bidon-5kg-urbadet-desoil\/","og_locale":"en_US","og_type":"article","og_title":"BID\u00d3N 5 KG URBADET DESOIL - C\u00d3DIGO: BX6069 - Meprolim","og_description":"pH 13.  Caracter\u00edsticas:   Elimina grasa y suciedad persistente.  No da\u00f1a las zonas pintadas.  Baja espuma.  Eficaz contra grasa, aceite, carbonilla y pigmentos.  Gran poder de arrastre.  Datos t\u00e9cnicos:   Bid\u00f3n de 5 litros.  Producto l\u00edquido transparente.  Color: rojo.  Perfume: caracter\u00edstico  Dosificar: 5-10% de producto en agua.  Aplicar la soluci\u00f3n limpiadora del modo habitual.  Frotar con cepillo o sistema abrasivo similar.  Dejar actuar y aclarar con agua.  La dosificaci\u00f3n y tiempo de contacto dependen del estado de la superficie.  SKU: BX6069  &nbsp;  &nbsp;","og_url":"https:\/\/meprolim.es\/producto\/quimicos-articulos-limpieza\/productos-quimicos-industriales\/limpieza-urbana\/bidon-5kg-urbadet-desoil\/","og_site_name":"Meprolim","article_modified_time":"2023-05-22T19:22:18+00:00","og_image":[{"width":1417,"height":1417,"url":"https:\/\/meprolim.es\/wp-content\/uploads\/2019\/08\/BX6069.jpg","type":"image\/jpeg"}],"twitter_card":"summary_large_image","twitter_misc":{"Est. reading time":"1 minute"},"schema":{"@context":"https:\/\/schema.org","@graph":[{"@type":"WebPage","@id":"https:\/\/meprolim.es\/producto\/quimicos-articulos-limpieza\/productos-quimicos-industriales\/limpieza-urbana\/bidon-5kg-urbadet-desoil\/","url":"https:\/\/meprolim.es\/producto\/quimicos-articulos-limpieza\/productos-quimicos-industriales\/limpieza-urbana\/bidon-5kg-urbadet-desoil\/","name":"BID\u00d3N 5 KG URBADET DESOIL - C\u00d3DIGO: BX6069 - Meprolim","isPartOf":{"@id":"https:\/\/meprolim.es\/fr\/#website"},"primaryImageOfPage":{"@id":"https:\/\/meprolim.es\/producto\/quimicos-articulos-limpieza\/productos-quimicos-industriales\/limpieza-urbana\/bidon-5kg-urbadet-desoil\/#primaryimage"},"image":{"@id":"https:\/\/meprolim.es\/producto\/quimicos-articulos-limpieza\/productos-quimicos-industriales\/limpieza-urbana\/bidon-5kg-urbadet-desoil\/#primaryimage"},"thumbnailUrl":"https:\/\/meprolim.es\/wp-content\/uploads\/2019\/08\/BX6069.jpg","datePublished":"2019-08-29T14:21:46+00:00","dateModified":"2023-05-22T19:22:18+00:00","breadcrumb":{"@id":"https:\/\/meprolim.es\/producto\/quimicos-articulos-limpieza\/productos-quimicos-industriales\/limpieza-urbana\/bidon-5kg-urbadet-desoil\/#breadcrumb"},"inLanguage":"en-US","potentialAction":[{"@type":"ReadAction","target":["https:\/\/meprolim.es\/producto\/quimicos-articulos-limpieza\/productos-quimicos-industriales\/limpieza-urbana\/bidon-5kg-urbadet-desoil\/"]}]},{"@type":"ImageObject","inLanguage":"en-US","@id":"https:\/\/meprolim.es\/producto\/quimicos-articulos-limpieza\/productos-quimicos-industriales\/limpieza-urbana\/bidon-5kg-urbadet-desoil\/#primaryimage","url":"https:\/\/meprolim.es\/wp-content\/uploads\/2019\/08\/BX6069.jpg","contentUrl":"https:\/\/meprolim.es\/wp-content\/uploads\/2019\/08\/BX6069.jpg","width":1417,"height":1417},{"@type":"BreadcrumbList","@id":"https:\/\/meprolim.es\/producto\/quimicos-articulos-limpieza\/productos-quimicos-industriales\/limpieza-urbana\/bidon-5kg-urbadet-desoil\/#breadcrumb","itemListElement":[{"@type":"ListItem","position":1,"name":"Portada","item":"https:\/\/meprolim.es\/en\/"},{"@type":"ListItem","position":2,"name":"Catalogue","item":"https:\/\/meprolim.es\/en\/catalogue\/"},{"@type":"ListItem","position":3,"name":"BID\u00d3N 5 KG URBADET DESOIL &#8211; C\u00d3DIGO: BX6069"}]},{"@type":"WebSite","@id":"https:\/\/meprolim.es\/fr\/#website","url":"https:\/\/meprolim.es\/fr\/","name":"Meprolim","description":"Cavas Catalanas S.L.","publisher":{"@id":"https:\/\/meprolim.es\/fr\/#organization"},"potentialAction":[{"@type":"SearchAction","target":{"@type":"EntryPoint","urlTemplate":"https:\/\/meprolim.es\/fr\/?s={search_term_string}"},"query-input":{"@type":"PropertyValueSpecification","valueRequired":true,"valueName":"search_term_string"}}],"inLanguage":"en-US"},{"@type":"Organization","@id":"https:\/\/meprolim.es\/fr\/#organization","name":"Meprolim","url":"https:\/\/meprolim.es\/fr\/","logo":{"@type":"ImageObject","inLanguage":"en-US","@id":"https:\/\/meprolim.es\/fr\/#\/schema\/logo\/image\/","url":"https:\/\/meprolim.es\/wp-content\/uploads\/2019\/07\/cropped-logo2.png","contentUrl":"https:\/\/meprolim.es\/wp-content\/uploads\/2019\/07\/cropped-logo2.png","width":401,"height":162,"caption":"Meprolim"},"image":{"@id":"https:\/\/meprolim.es\/fr\/#\/schema\/logo\/image\/"}}]}},"_links":{"self":[{"href":"https:\/\/meprolim.es\/en\/wp-json\/wp\/v2\/product\/8139","targetHints":{"allow":["GET"]}}],"collection":[{"href":"https:\/\/meprolim.es\/en\/wp-json\/wp\/v2\/product"}],"about":[{"href":"https:\/\/meprolim.es\/en\/wp-json\/wp\/v2\/types\/product"}],"wp:featuredmedia":[{"embeddable":true,"href":"https:\/\/meprolim.es\/en\/wp-json\/wp\/v2\/media\/8140"}],"wp:attachment":[{"href":"https:\/\/meprolim.es\/en\/wp-json\/wp\/v2\/media?parent=8139"}],"wp:term":[{"taxonomy":"product_brand","embeddable":true,"href":"https:\/\/meprolim.es\/en\/wp-json\/wp\/v2\/product_brand?post=8139"},{"taxonomy":"product_cat","embeddable":true,"href":"https:\/\/meprolim.es\/en\/wp-json\/wp\/v2\/product_cat?post=8139"},{"taxonomy":"product_tag","embeddable":true,"href":"https:\/\/meprolim.es\/en\/wp-json\/wp\/v2\/product_tag?post=8139"}],"curies":[{"name":"wp","href":"https:\/\/api.w.org\/{rel}","templated":true}]}}