{"id":8146,"date":"2019-08-29T15:45:37","date_gmt":"2019-08-29T14:45:37","guid":{"rendered":"http:\/\/www.meprolim.es\/?post_type=product&#038;p=8146"},"modified":"2023-05-18T23:36:40","modified_gmt":"2023-05-18T22:36:40","slug":"bidon-25-kg-sanigen-alc-espuma-alcalina","status":"publish","type":"product","link":"https:\/\/meprolim.es\/en\/producto\/quimicos-y-articulos-de-limpieza\/productos-quimicos-industriales-en\/detergente-alimentario-espuma-en\/bidon-25-kg-sanigen-alc-espuma-alcalina\/","title":{"rendered":"BID\u00d3N 25 KG SANIGEN ALC ESPUMA ALCALINA &#8211; C\u00d3DIGO: BX1076"},"content":{"rendered":"<div class=\"wpb-content-wrapper\"><p>[vc_row][vc_column][vc_column_text]<\/p>\n<p style=\"text-align: justify;\">Elimina grasa y suciedad persistente. Gran adherencia y efectividad. Recupera las superficies expuestas a ensuciamiento severo. Espuma estable y duradera. M\u00e1xima eficacia limpiadora sin salpicaduras ni vapores. Evita tener que frotar.<\/p>\n<p>[\/vc_column_text][\/vc_column][\/vc_row]<\/p>\n<\/div>","protected":false},"excerpt":{"rendered":"<ul>\n<li>pH 13.<\/li>\n<li>Elimina grasa y suciedad persistente.<\/li>\n<li>Gran adherencia y efectividad.<\/li>\n<li>Recupera las superficies expuestas a ensuciamiento severo.<\/li>\n<li>Espuma estable y duradera.<\/li>\n<li>M\u00e1xima eficacia limpiadora sin salpicaduras ni vapores.<\/li>\n<li>Evita tener que frotar.<\/li>\n<li>Producto l\u00edquido transparente.<\/li>\n<li>Color: amarillo.<\/li>\n<li>Perfume: caracter\u00edstico.<\/li>\n<li>SISTEMAS PRESI\u00d3N-ESPUMA: dosis 10-50 ml\/l.<\/li>\n<li>Aplicar la soluci\u00f3n directamente sobre la superficie y dejar actuar.<\/li>\n<li>Evitar que el producto se seque antes de aclarar.<\/li>\n<li>La dosificaci\u00f3n y tiempo de contacto seg\u00fan estado de la superficie.<\/li>\n<\/ul>\n<p><strong>SKU: BX1076<\/strong><\/p>\n<p>&nbsp;<\/p>\n<p>&nbsp;<\/p>\n","protected":false},"featured_media":8147,"template":"","meta":[],"product_brand":[],"product_cat":[679,652,94],"product_tag":[680,654],"class_list":{"0":"post-8146","1":"product","2":"type-product","3":"status-publish","4":"has-post-thumbnail","6":"product_cat-detergente-alimentario-espuma","7":"product_cat-productos-quimicos-industriales","8":"product_cat-quimicos-articulos-limpieza","9":"product_tag-detergentes-gama-alimentaria","10":"product_tag-productos-quimicos","12":"first","13":"instock","14":"shipping-taxable","15":"product-type-simple"},"yoast_head":"<!-- This site is optimized with the Yoast SEO plugin v27.3 - https:\/\/yoast.com\/product\/yoast-seo-wordpress\/ -->\n<title>BID\u00d3N 25 KG SANIGEN ALC ESPUMA ALCALINA - C\u00d3DIGO: BX1076 - Meprolim<\/title>\n<meta name=\"robots\" content=\"index, follow, max-snippet:-1, max-image-preview:large, max-video-preview:-1\" \/>\n<link rel=\"canonical\" href=\"https:\/\/meprolim.es\/producto\/quimicos-articulos-limpieza\/productos-quimicos-industriales\/detergente-alimentario-espuma\/bidon-25-kg-sanigen-alc-espuma-alcalina\/\" \/>\n<meta property=\"og:locale\" content=\"en_US\" \/>\n<meta property=\"og:type\" content=\"article\" \/>\n<meta property=\"og:title\" content=\"BID\u00d3N 25 KG SANIGEN ALC ESPUMA ALCALINA - C\u00d3DIGO: BX1076 - Meprolim\" \/>\n<meta property=\"og:description\" content=\"pH 13.  Elimina grasa y suciedad persistente.  Gran adherencia y efectividad.  Recupera las superficies expuestas a ensuciamiento severo.  Espuma estable y duradera.  M\u00e1xima eficacia limpiadora sin salpicaduras ni vapores.  Evita tener que frotar.  Producto l\u00edquido transparente.  Color: amarillo.  Perfume: caracter\u00edstico.  SISTEMAS PRESI\u00d3N-ESPUMA: dosis 10-50 ml\/l.  Aplicar la soluci\u00f3n directamente sobre la superficie y dejar actuar.  Evitar que el producto se seque antes de aclarar.  La dosificaci\u00f3n y tiempo de contacto seg\u00fan estado de la superficie.  SKU: BX1076  &nbsp;  &nbsp;\" \/>\n<meta property=\"og:url\" content=\"https:\/\/meprolim.es\/producto\/quimicos-articulos-limpieza\/productos-quimicos-industriales\/detergente-alimentario-espuma\/bidon-25-kg-sanigen-alc-espuma-alcalina\/\" \/>\n<meta property=\"og:site_name\" content=\"Meprolim\" \/>\n<meta property=\"article:modified_time\" content=\"2023-05-18T22:36:40+00:00\" \/>\n<meta property=\"og:image\" content=\"https:\/\/meprolim.es\/wp-content\/uploads\/2019\/08\/BX1076.jpg\" \/>\n\t<meta property=\"og:image:width\" content=\"1417\" \/>\n\t<meta property=\"og:image:height\" content=\"1417\" \/>\n\t<meta property=\"og:image:type\" content=\"image\/jpeg\" \/>\n<meta name=\"twitter:card\" content=\"summary_large_image\" \/>\n<meta name=\"twitter:label1\" content=\"Est. reading time\" \/>\n\t<meta name=\"twitter:data1\" content=\"1 minute\" \/>\n<script type=\"application\/ld+json\" class=\"yoast-schema-graph\">{\"@context\":\"https:\\\/\\\/schema.org\",\"@graph\":[{\"@type\":\"WebPage\",\"@id\":\"https:\\\/\\\/meprolim.es\\\/producto\\\/quimicos-articulos-limpieza\\\/productos-quimicos-industriales\\\/detergente-alimentario-espuma\\\/bidon-25-kg-sanigen-alc-espuma-alcalina\\\/\",\"url\":\"https:\\\/\\\/meprolim.es\\\/producto\\\/quimicos-articulos-limpieza\\\/productos-quimicos-industriales\\\/detergente-alimentario-espuma\\\/bidon-25-kg-sanigen-alc-espuma-alcalina\\\/\",\"name\":\"BID\u00d3N 25 KG SANIGEN ALC ESPUMA ALCALINA - C\u00d3DIGO: BX1076 - Meprolim\",\"isPartOf\":{\"@id\":\"https:\\\/\\\/meprolim.es\\\/fr\\\/#website\"},\"primaryImageOfPage\":{\"@id\":\"https:\\\/\\\/meprolim.es\\\/producto\\\/quimicos-articulos-limpieza\\\/productos-quimicos-industriales\\\/detergente-alimentario-espuma\\\/bidon-25-kg-sanigen-alc-espuma-alcalina\\\/#primaryimage\"},\"image\":{\"@id\":\"https:\\\/\\\/meprolim.es\\\/producto\\\/quimicos-articulos-limpieza\\\/productos-quimicos-industriales\\\/detergente-alimentario-espuma\\\/bidon-25-kg-sanigen-alc-espuma-alcalina\\\/#primaryimage\"},\"thumbnailUrl\":\"https:\\\/\\\/meprolim.es\\\/wp-content\\\/uploads\\\/2019\\\/08\\\/BX1076.jpg\",\"datePublished\":\"2019-08-29T14:45:37+00:00\",\"dateModified\":\"2023-05-18T22:36:40+00:00\",\"breadcrumb\":{\"@id\":\"https:\\\/\\\/meprolim.es\\\/producto\\\/quimicos-articulos-limpieza\\\/productos-quimicos-industriales\\\/detergente-alimentario-espuma\\\/bidon-25-kg-sanigen-alc-espuma-alcalina\\\/#breadcrumb\"},\"inLanguage\":\"en-US\",\"potentialAction\":[{\"@type\":\"ReadAction\",\"target\":[\"https:\\\/\\\/meprolim.es\\\/producto\\\/quimicos-articulos-limpieza\\\/productos-quimicos-industriales\\\/detergente-alimentario-espuma\\\/bidon-25-kg-sanigen-alc-espuma-alcalina\\\/\"]}]},{\"@type\":\"ImageObject\",\"inLanguage\":\"en-US\",\"@id\":\"https:\\\/\\\/meprolim.es\\\/producto\\\/quimicos-articulos-limpieza\\\/productos-quimicos-industriales\\\/detergente-alimentario-espuma\\\/bidon-25-kg-sanigen-alc-espuma-alcalina\\\/#primaryimage\",\"url\":\"https:\\\/\\\/meprolim.es\\\/wp-content\\\/uploads\\\/2019\\\/08\\\/BX1076.jpg\",\"contentUrl\":\"https:\\\/\\\/meprolim.es\\\/wp-content\\\/uploads\\\/2019\\\/08\\\/BX1076.jpg\",\"width\":1417,\"height\":1417},{\"@type\":\"BreadcrumbList\",\"@id\":\"https:\\\/\\\/meprolim.es\\\/producto\\\/quimicos-articulos-limpieza\\\/productos-quimicos-industriales\\\/detergente-alimentario-espuma\\\/bidon-25-kg-sanigen-alc-espuma-alcalina\\\/#breadcrumb\",\"itemListElement\":[{\"@type\":\"ListItem\",\"position\":1,\"name\":\"Portada\",\"item\":\"https:\\\/\\\/meprolim.es\\\/en\\\/\"},{\"@type\":\"ListItem\",\"position\":2,\"name\":\"Catalogue\",\"item\":\"https:\\\/\\\/meprolim.es\\\/en\\\/catalogue\\\/\"},{\"@type\":\"ListItem\",\"position\":3,\"name\":\"BID\u00d3N 25 KG SANIGEN ALC ESPUMA ALCALINA &#8211; C\u00d3DIGO: BX1076\"}]},{\"@type\":\"WebSite\",\"@id\":\"https:\\\/\\\/meprolim.es\\\/fr\\\/#website\",\"url\":\"https:\\\/\\\/meprolim.es\\\/fr\\\/\",\"name\":\"Meprolim\",\"description\":\"Cavas Catalanas S.L.\",\"publisher\":{\"@id\":\"https:\\\/\\\/meprolim.es\\\/fr\\\/#organization\"},\"potentialAction\":[{\"@type\":\"SearchAction\",\"target\":{\"@type\":\"EntryPoint\",\"urlTemplate\":\"https:\\\/\\\/meprolim.es\\\/fr\\\/?s={search_term_string}\"},\"query-input\":{\"@type\":\"PropertyValueSpecification\",\"valueRequired\":true,\"valueName\":\"search_term_string\"}}],\"inLanguage\":\"en-US\"},{\"@type\":\"Organization\",\"@id\":\"https:\\\/\\\/meprolim.es\\\/fr\\\/#organization\",\"name\":\"Meprolim\",\"url\":\"https:\\\/\\\/meprolim.es\\\/fr\\\/\",\"logo\":{\"@type\":\"ImageObject\",\"inLanguage\":\"en-US\",\"@id\":\"https:\\\/\\\/meprolim.es\\\/fr\\\/#\\\/schema\\\/logo\\\/image\\\/\",\"url\":\"https:\\\/\\\/meprolim.es\\\/wp-content\\\/uploads\\\/2019\\\/07\\\/cropped-logo2.png\",\"contentUrl\":\"https:\\\/\\\/meprolim.es\\\/wp-content\\\/uploads\\\/2019\\\/07\\\/cropped-logo2.png\",\"width\":401,\"height\":162,\"caption\":\"Meprolim\"},\"image\":{\"@id\":\"https:\\\/\\\/meprolim.es\\\/fr\\\/#\\\/schema\\\/logo\\\/image\\\/\"}}]}<\/script>\n<!-- \/ Yoast SEO plugin. -->","yoast_head_json":{"title":"BID\u00d3N 25 KG SANIGEN ALC ESPUMA ALCALINA - C\u00d3DIGO: BX1076 - Meprolim","robots":{"index":"index","follow":"follow","max-snippet":"max-snippet:-1","max-image-preview":"max-image-preview:large","max-video-preview":"max-video-preview:-1"},"canonical":"https:\/\/meprolim.es\/producto\/quimicos-articulos-limpieza\/productos-quimicos-industriales\/detergente-alimentario-espuma\/bidon-25-kg-sanigen-alc-espuma-alcalina\/","og_locale":"en_US","og_type":"article","og_title":"BID\u00d3N 25 KG SANIGEN ALC ESPUMA ALCALINA - C\u00d3DIGO: BX1076 - Meprolim","og_description":"pH 13.  Elimina grasa y suciedad persistente.  Gran adherencia y efectividad.  Recupera las superficies expuestas a ensuciamiento severo.  Espuma estable y duradera.  M\u00e1xima eficacia limpiadora sin salpicaduras ni vapores.  Evita tener que frotar.  Producto l\u00edquido transparente.  Color: amarillo.  Perfume: caracter\u00edstico.  SISTEMAS PRESI\u00d3N-ESPUMA: dosis 10-50 ml\/l.  Aplicar la soluci\u00f3n directamente sobre la superficie y dejar actuar.  Evitar que el producto se seque antes de aclarar.  La dosificaci\u00f3n y tiempo de contacto seg\u00fan estado de la superficie.  SKU: BX1076  &nbsp;  &nbsp;","og_url":"https:\/\/meprolim.es\/producto\/quimicos-articulos-limpieza\/productos-quimicos-industriales\/detergente-alimentario-espuma\/bidon-25-kg-sanigen-alc-espuma-alcalina\/","og_site_name":"Meprolim","article_modified_time":"2023-05-18T22:36:40+00:00","og_image":[{"width":1417,"height":1417,"url":"https:\/\/meprolim.es\/wp-content\/uploads\/2019\/08\/BX1076.jpg","type":"image\/jpeg"}],"twitter_card":"summary_large_image","twitter_misc":{"Est. reading time":"1 minute"},"schema":{"@context":"https:\/\/schema.org","@graph":[{"@type":"WebPage","@id":"https:\/\/meprolim.es\/producto\/quimicos-articulos-limpieza\/productos-quimicos-industriales\/detergente-alimentario-espuma\/bidon-25-kg-sanigen-alc-espuma-alcalina\/","url":"https:\/\/meprolim.es\/producto\/quimicos-articulos-limpieza\/productos-quimicos-industriales\/detergente-alimentario-espuma\/bidon-25-kg-sanigen-alc-espuma-alcalina\/","name":"BID\u00d3N 25 KG SANIGEN ALC ESPUMA ALCALINA - C\u00d3DIGO: BX1076 - Meprolim","isPartOf":{"@id":"https:\/\/meprolim.es\/fr\/#website"},"primaryImageOfPage":{"@id":"https:\/\/meprolim.es\/producto\/quimicos-articulos-limpieza\/productos-quimicos-industriales\/detergente-alimentario-espuma\/bidon-25-kg-sanigen-alc-espuma-alcalina\/#primaryimage"},"image":{"@id":"https:\/\/meprolim.es\/producto\/quimicos-articulos-limpieza\/productos-quimicos-industriales\/detergente-alimentario-espuma\/bidon-25-kg-sanigen-alc-espuma-alcalina\/#primaryimage"},"thumbnailUrl":"https:\/\/meprolim.es\/wp-content\/uploads\/2019\/08\/BX1076.jpg","datePublished":"2019-08-29T14:45:37+00:00","dateModified":"2023-05-18T22:36:40+00:00","breadcrumb":{"@id":"https:\/\/meprolim.es\/producto\/quimicos-articulos-limpieza\/productos-quimicos-industriales\/detergente-alimentario-espuma\/bidon-25-kg-sanigen-alc-espuma-alcalina\/#breadcrumb"},"inLanguage":"en-US","potentialAction":[{"@type":"ReadAction","target":["https:\/\/meprolim.es\/producto\/quimicos-articulos-limpieza\/productos-quimicos-industriales\/detergente-alimentario-espuma\/bidon-25-kg-sanigen-alc-espuma-alcalina\/"]}]},{"@type":"ImageObject","inLanguage":"en-US","@id":"https:\/\/meprolim.es\/producto\/quimicos-articulos-limpieza\/productos-quimicos-industriales\/detergente-alimentario-espuma\/bidon-25-kg-sanigen-alc-espuma-alcalina\/#primaryimage","url":"https:\/\/meprolim.es\/wp-content\/uploads\/2019\/08\/BX1076.jpg","contentUrl":"https:\/\/meprolim.es\/wp-content\/uploads\/2019\/08\/BX1076.jpg","width":1417,"height":1417},{"@type":"BreadcrumbList","@id":"https:\/\/meprolim.es\/producto\/quimicos-articulos-limpieza\/productos-quimicos-industriales\/detergente-alimentario-espuma\/bidon-25-kg-sanigen-alc-espuma-alcalina\/#breadcrumb","itemListElement":[{"@type":"ListItem","position":1,"name":"Portada","item":"https:\/\/meprolim.es\/en\/"},{"@type":"ListItem","position":2,"name":"Catalogue","item":"https:\/\/meprolim.es\/en\/catalogue\/"},{"@type":"ListItem","position":3,"name":"BID\u00d3N 25 KG SANIGEN ALC ESPUMA ALCALINA &#8211; C\u00d3DIGO: BX1076"}]},{"@type":"WebSite","@id":"https:\/\/meprolim.es\/fr\/#website","url":"https:\/\/meprolim.es\/fr\/","name":"Meprolim","description":"Cavas Catalanas S.L.","publisher":{"@id":"https:\/\/meprolim.es\/fr\/#organization"},"potentialAction":[{"@type":"SearchAction","target":{"@type":"EntryPoint","urlTemplate":"https:\/\/meprolim.es\/fr\/?s={search_term_string}"},"query-input":{"@type":"PropertyValueSpecification","valueRequired":true,"valueName":"search_term_string"}}],"inLanguage":"en-US"},{"@type":"Organization","@id":"https:\/\/meprolim.es\/fr\/#organization","name":"Meprolim","url":"https:\/\/meprolim.es\/fr\/","logo":{"@type":"ImageObject","inLanguage":"en-US","@id":"https:\/\/meprolim.es\/fr\/#\/schema\/logo\/image\/","url":"https:\/\/meprolim.es\/wp-content\/uploads\/2019\/07\/cropped-logo2.png","contentUrl":"https:\/\/meprolim.es\/wp-content\/uploads\/2019\/07\/cropped-logo2.png","width":401,"height":162,"caption":"Meprolim"},"image":{"@id":"https:\/\/meprolim.es\/fr\/#\/schema\/logo\/image\/"}}]}},"_links":{"self":[{"href":"https:\/\/meprolim.es\/en\/wp-json\/wp\/v2\/product\/8146","targetHints":{"allow":["GET"]}}],"collection":[{"href":"https:\/\/meprolim.es\/en\/wp-json\/wp\/v2\/product"}],"about":[{"href":"https:\/\/meprolim.es\/en\/wp-json\/wp\/v2\/types\/product"}],"wp:featuredmedia":[{"embeddable":true,"href":"https:\/\/meprolim.es\/en\/wp-json\/wp\/v2\/media\/8147"}],"wp:attachment":[{"href":"https:\/\/meprolim.es\/en\/wp-json\/wp\/v2\/media?parent=8146"}],"wp:term":[{"taxonomy":"product_brand","embeddable":true,"href":"https:\/\/meprolim.es\/en\/wp-json\/wp\/v2\/product_brand?post=8146"},{"taxonomy":"product_cat","embeddable":true,"href":"https:\/\/meprolim.es\/en\/wp-json\/wp\/v2\/product_cat?post=8146"},{"taxonomy":"product_tag","embeddable":true,"href":"https:\/\/meprolim.es\/en\/wp-json\/wp\/v2\/product_tag?post=8146"}],"curies":[{"name":"wp","href":"https:\/\/api.w.org\/{rel}","templated":true}]}}