{"id":8210,"date":"2019-08-30T11:45:53","date_gmt":"2019-08-30T10:45:53","guid":{"rendered":"http:\/\/www.meprolim.es\/?post_type=product&#038;p=8210"},"modified":"2023-05-26T14:47:31","modified_gmt":"2023-05-26T13:47:31","slug":"bidon-20kg-hydrocer-cera-tunel-lavado","status":"publish","type":"product","link":"https:\/\/meprolim.es\/en\/producto\/quimicos-y-articulos-de-limpieza\/productos-quimicos-industriales-en\/lavado-vehiculos-en\/ceras-en\/bidon-20kg-hydrocer-cera-tunel-lavado\/","title":{"rendered":"BID\u00d3N 20 KG HYDROCER CERA T\u00daNEL LAVADO &#8211; C\u00d3DIGO: FR0115"},"content":{"rendered":"<div class=\"wpb-content-wrapper\"><p>[vc_row][vc_column][vc_column_text]<\/p>\n<p style=\"text-align: justify;\">Ideal para el aclarado en t\u00faneles de lavado sin da\u00f1ar pintura ni gomas. Sus componentes cati\u00f3nicos le dan poder de limpieza y neutraliza la acci\u00f3n de los productos de lavado. Sus secuestrantes eliminan la cal del agua para el aclarado. Posee un gran poder hidrofugante formando gotas de agua m\u00e1s grandes que se eliminan f\u00e1cilmente. Contiene anfot\u00e9ricos, mejora el brillo y facilita el secado de la carrocer\u00eda.<\/p>\n<p>[\/vc_column_text][\/vc_column][\/vc_row]<\/p>\n<\/div>","protected":false},"excerpt":{"rendered":"<ul>\n<li>pH 3-5<\/li>\n<li>Ideal para el aclarado en t\u00faneles de lavado sin da\u00f1ar pintura ni gomas.<\/li>\n<li>Sus componentes cati\u00f3nicos le dan poder de limpieza y neutraliza la acci\u00f3n de los productos de lavado.<\/li>\n<li>Sus secuestrantes eliminan la cal del agua para el aclarado.<\/li>\n<li>Posee un gran poder hidrofugante formando gotas de agua m\u00e1s grandes que se eliminan f\u00e1cilmente.<\/li>\n<li>Mejora el brillo y facilita el secado de las carrocer\u00edas.<\/li>\n<li>Producto l\u00edquido.<\/li>\n<li>Color: amarillo claro.<\/li>\n<li>Perfume: caracter\u00edstico.<\/li>\n<li>Diluir el producto del 0,1-0,3% dependiendo de la dureza del agua.<\/li>\n<\/ul>\n<p><strong>SKU: FR0115<\/strong><\/p>\n<p>&nbsp;<\/p>\n<p>&nbsp;<\/p>\n","protected":false},"featured_media":8208,"template":"","meta":[],"product_brand":[],"product_cat":[1046,682,652,94],"product_tag":[685,654],"class_list":{"0":"post-8210","1":"product","2":"type-product","3":"status-publish","4":"has-post-thumbnail","6":"product_cat-ceras","7":"product_cat-lavado-vehiculos","8":"product_cat-productos-quimicos-industriales","9":"product_cat-quimicos-articulos-limpieza","10":"product_tag-lavado-carrocerias","11":"product_tag-productos-quimicos","13":"first","14":"instock","15":"shipping-taxable","16":"product-type-simple"},"yoast_head":"<!-- This site is optimized with the Yoast SEO plugin v27.4 - https:\/\/yoast.com\/product\/yoast-seo-wordpress\/ -->\n<title>BID\u00d3N 20 KG HYDROCER CERA T\u00daNEL LAVADO - C\u00d3DIGO: FR0115 - Meprolim<\/title>\n<meta name=\"robots\" content=\"index, follow, max-snippet:-1, max-image-preview:large, max-video-preview:-1\" \/>\n<link rel=\"canonical\" href=\"https:\/\/meprolim.es\/producto\/quimicos-articulos-limpieza\/productos-quimicos-industriales\/lavado-vehiculos\/ceras\/bidon-20kg-hydrocer-cera-tunel-lavado\/\" \/>\n<meta property=\"og:locale\" content=\"en_US\" \/>\n<meta property=\"og:type\" content=\"article\" \/>\n<meta property=\"og:title\" content=\"BID\u00d3N 20 KG HYDROCER CERA T\u00daNEL LAVADO - C\u00d3DIGO: FR0115 - Meprolim\" \/>\n<meta property=\"og:description\" content=\"pH 3-5  Ideal para el aclarado en t\u00faneles de lavado sin da\u00f1ar pintura ni gomas.  Sus componentes cati\u00f3nicos le dan poder de limpieza y neutraliza la acci\u00f3n de los productos de lavado.  Sus secuestrantes eliminan la cal del agua para el aclarado.  Posee un gran poder hidrofugante formando gotas de agua m\u00e1s grandes que se eliminan f\u00e1cilmente.  Mejora el brillo y facilita el secado de las carrocer\u00edas.  Producto l\u00edquido.  Color: amarillo claro.  Perfume: caracter\u00edstico.  Diluir el producto del 0,1-0,3% dependiendo de la dureza del agua.  SKU: FR0115  &nbsp;  &nbsp;\" \/>\n<meta property=\"og:url\" content=\"https:\/\/meprolim.es\/producto\/quimicos-articulos-limpieza\/productos-quimicos-industriales\/lavado-vehiculos\/ceras\/bidon-20kg-hydrocer-cera-tunel-lavado\/\" \/>\n<meta property=\"og:site_name\" content=\"Meprolim\" \/>\n<meta property=\"article:modified_time\" content=\"2023-05-26T13:47:31+00:00\" \/>\n<meta property=\"og:image\" content=\"https:\/\/meprolim.es\/wp-content\/uploads\/2019\/08\/FR0115.jpg\" \/>\n\t<meta property=\"og:image:width\" content=\"678\" \/>\n\t<meta property=\"og:image:height\" content=\"678\" \/>\n\t<meta property=\"og:image:type\" content=\"image\/jpeg\" \/>\n<meta name=\"twitter:card\" content=\"summary_large_image\" \/>\n<meta name=\"twitter:label1\" content=\"Est. reading time\" \/>\n\t<meta name=\"twitter:data1\" content=\"1 minute\" \/>\n<script type=\"application\/ld+json\" class=\"yoast-schema-graph\">{\"@context\":\"https:\\\/\\\/schema.org\",\"@graph\":[{\"@type\":\"WebPage\",\"@id\":\"https:\\\/\\\/meprolim.es\\\/producto\\\/quimicos-articulos-limpieza\\\/productos-quimicos-industriales\\\/lavado-vehiculos\\\/ceras\\\/bidon-20kg-hydrocer-cera-tunel-lavado\\\/\",\"url\":\"https:\\\/\\\/meprolim.es\\\/producto\\\/quimicos-articulos-limpieza\\\/productos-quimicos-industriales\\\/lavado-vehiculos\\\/ceras\\\/bidon-20kg-hydrocer-cera-tunel-lavado\\\/\",\"name\":\"BID\u00d3N 20 KG HYDROCER CERA T\u00daNEL LAVADO - C\u00d3DIGO: FR0115 - Meprolim\",\"isPartOf\":{\"@id\":\"https:\\\/\\\/meprolim.es\\\/fr\\\/#website\"},\"primaryImageOfPage\":{\"@id\":\"https:\\\/\\\/meprolim.es\\\/producto\\\/quimicos-articulos-limpieza\\\/productos-quimicos-industriales\\\/lavado-vehiculos\\\/ceras\\\/bidon-20kg-hydrocer-cera-tunel-lavado\\\/#primaryimage\"},\"image\":{\"@id\":\"https:\\\/\\\/meprolim.es\\\/producto\\\/quimicos-articulos-limpieza\\\/productos-quimicos-industriales\\\/lavado-vehiculos\\\/ceras\\\/bidon-20kg-hydrocer-cera-tunel-lavado\\\/#primaryimage\"},\"thumbnailUrl\":\"https:\\\/\\\/meprolim.es\\\/wp-content\\\/uploads\\\/2019\\\/08\\\/FR0115.jpg\",\"datePublished\":\"2019-08-30T10:45:53+00:00\",\"dateModified\":\"2023-05-26T13:47:31+00:00\",\"breadcrumb\":{\"@id\":\"https:\\\/\\\/meprolim.es\\\/producto\\\/quimicos-articulos-limpieza\\\/productos-quimicos-industriales\\\/lavado-vehiculos\\\/ceras\\\/bidon-20kg-hydrocer-cera-tunel-lavado\\\/#breadcrumb\"},\"inLanguage\":\"en-US\",\"potentialAction\":[{\"@type\":\"ReadAction\",\"target\":[\"https:\\\/\\\/meprolim.es\\\/producto\\\/quimicos-articulos-limpieza\\\/productos-quimicos-industriales\\\/lavado-vehiculos\\\/ceras\\\/bidon-20kg-hydrocer-cera-tunel-lavado\\\/\"]}]},{\"@type\":\"ImageObject\",\"inLanguage\":\"en-US\",\"@id\":\"https:\\\/\\\/meprolim.es\\\/producto\\\/quimicos-articulos-limpieza\\\/productos-quimicos-industriales\\\/lavado-vehiculos\\\/ceras\\\/bidon-20kg-hydrocer-cera-tunel-lavado\\\/#primaryimage\",\"url\":\"https:\\\/\\\/meprolim.es\\\/wp-content\\\/uploads\\\/2019\\\/08\\\/FR0115.jpg\",\"contentUrl\":\"https:\\\/\\\/meprolim.es\\\/wp-content\\\/uploads\\\/2019\\\/08\\\/FR0115.jpg\",\"width\":678,\"height\":678},{\"@type\":\"BreadcrumbList\",\"@id\":\"https:\\\/\\\/meprolim.es\\\/producto\\\/quimicos-articulos-limpieza\\\/productos-quimicos-industriales\\\/lavado-vehiculos\\\/ceras\\\/bidon-20kg-hydrocer-cera-tunel-lavado\\\/#breadcrumb\",\"itemListElement\":[{\"@type\":\"ListItem\",\"position\":1,\"name\":\"Portada\",\"item\":\"https:\\\/\\\/meprolim.es\\\/en\\\/\"},{\"@type\":\"ListItem\",\"position\":2,\"name\":\"Catalogue\",\"item\":\"https:\\\/\\\/meprolim.es\\\/en\\\/catalogue\\\/\"},{\"@type\":\"ListItem\",\"position\":3,\"name\":\"BID\u00d3N 20 KG HYDROCER CERA T\u00daNEL LAVADO &#8211; C\u00d3DIGO: FR0115\"}]},{\"@type\":\"WebSite\",\"@id\":\"https:\\\/\\\/meprolim.es\\\/fr\\\/#website\",\"url\":\"https:\\\/\\\/meprolim.es\\\/fr\\\/\",\"name\":\"Meprolim\",\"description\":\"Cavas Catalanas S.L.\",\"publisher\":{\"@id\":\"https:\\\/\\\/meprolim.es\\\/fr\\\/#organization\"},\"potentialAction\":[{\"@type\":\"SearchAction\",\"target\":{\"@type\":\"EntryPoint\",\"urlTemplate\":\"https:\\\/\\\/meprolim.es\\\/fr\\\/?s={search_term_string}\"},\"query-input\":{\"@type\":\"PropertyValueSpecification\",\"valueRequired\":true,\"valueName\":\"search_term_string\"}}],\"inLanguage\":\"en-US\"},{\"@type\":\"Organization\",\"@id\":\"https:\\\/\\\/meprolim.es\\\/fr\\\/#organization\",\"name\":\"Meprolim\",\"url\":\"https:\\\/\\\/meprolim.es\\\/fr\\\/\",\"logo\":{\"@type\":\"ImageObject\",\"inLanguage\":\"en-US\",\"@id\":\"https:\\\/\\\/meprolim.es\\\/fr\\\/#\\\/schema\\\/logo\\\/image\\\/\",\"url\":\"https:\\\/\\\/meprolim.es\\\/wp-content\\\/uploads\\\/2019\\\/07\\\/cropped-logo2.png\",\"contentUrl\":\"https:\\\/\\\/meprolim.es\\\/wp-content\\\/uploads\\\/2019\\\/07\\\/cropped-logo2.png\",\"width\":401,\"height\":162,\"caption\":\"Meprolim\"},\"image\":{\"@id\":\"https:\\\/\\\/meprolim.es\\\/fr\\\/#\\\/schema\\\/logo\\\/image\\\/\"}}]}<\/script>\n<!-- \/ Yoast SEO plugin. -->","yoast_head_json":{"title":"BID\u00d3N 20 KG HYDROCER CERA T\u00daNEL LAVADO - C\u00d3DIGO: FR0115 - Meprolim","robots":{"index":"index","follow":"follow","max-snippet":"max-snippet:-1","max-image-preview":"max-image-preview:large","max-video-preview":"max-video-preview:-1"},"canonical":"https:\/\/meprolim.es\/producto\/quimicos-articulos-limpieza\/productos-quimicos-industriales\/lavado-vehiculos\/ceras\/bidon-20kg-hydrocer-cera-tunel-lavado\/","og_locale":"en_US","og_type":"article","og_title":"BID\u00d3N 20 KG HYDROCER CERA T\u00daNEL LAVADO - C\u00d3DIGO: FR0115 - Meprolim","og_description":"pH 3-5  Ideal para el aclarado en t\u00faneles de lavado sin da\u00f1ar pintura ni gomas.  Sus componentes cati\u00f3nicos le dan poder de limpieza y neutraliza la acci\u00f3n de los productos de lavado.  Sus secuestrantes eliminan la cal del agua para el aclarado.  Posee un gran poder hidrofugante formando gotas de agua m\u00e1s grandes que se eliminan f\u00e1cilmente.  Mejora el brillo y facilita el secado de las carrocer\u00edas.  Producto l\u00edquido.  Color: amarillo claro.  Perfume: caracter\u00edstico.  Diluir el producto del 0,1-0,3% dependiendo de la dureza del agua.  SKU: FR0115  &nbsp;  &nbsp;","og_url":"https:\/\/meprolim.es\/producto\/quimicos-articulos-limpieza\/productos-quimicos-industriales\/lavado-vehiculos\/ceras\/bidon-20kg-hydrocer-cera-tunel-lavado\/","og_site_name":"Meprolim","article_modified_time":"2023-05-26T13:47:31+00:00","og_image":[{"width":678,"height":678,"url":"https:\/\/meprolim.es\/wp-content\/uploads\/2019\/08\/FR0115.jpg","type":"image\/jpeg"}],"twitter_card":"summary_large_image","twitter_misc":{"Est. reading time":"1 minute"},"schema":{"@context":"https:\/\/schema.org","@graph":[{"@type":"WebPage","@id":"https:\/\/meprolim.es\/producto\/quimicos-articulos-limpieza\/productos-quimicos-industriales\/lavado-vehiculos\/ceras\/bidon-20kg-hydrocer-cera-tunel-lavado\/","url":"https:\/\/meprolim.es\/producto\/quimicos-articulos-limpieza\/productos-quimicos-industriales\/lavado-vehiculos\/ceras\/bidon-20kg-hydrocer-cera-tunel-lavado\/","name":"BID\u00d3N 20 KG HYDROCER CERA T\u00daNEL LAVADO - C\u00d3DIGO: FR0115 - Meprolim","isPartOf":{"@id":"https:\/\/meprolim.es\/fr\/#website"},"primaryImageOfPage":{"@id":"https:\/\/meprolim.es\/producto\/quimicos-articulos-limpieza\/productos-quimicos-industriales\/lavado-vehiculos\/ceras\/bidon-20kg-hydrocer-cera-tunel-lavado\/#primaryimage"},"image":{"@id":"https:\/\/meprolim.es\/producto\/quimicos-articulos-limpieza\/productos-quimicos-industriales\/lavado-vehiculos\/ceras\/bidon-20kg-hydrocer-cera-tunel-lavado\/#primaryimage"},"thumbnailUrl":"https:\/\/meprolim.es\/wp-content\/uploads\/2019\/08\/FR0115.jpg","datePublished":"2019-08-30T10:45:53+00:00","dateModified":"2023-05-26T13:47:31+00:00","breadcrumb":{"@id":"https:\/\/meprolim.es\/producto\/quimicos-articulos-limpieza\/productos-quimicos-industriales\/lavado-vehiculos\/ceras\/bidon-20kg-hydrocer-cera-tunel-lavado\/#breadcrumb"},"inLanguage":"en-US","potentialAction":[{"@type":"ReadAction","target":["https:\/\/meprolim.es\/producto\/quimicos-articulos-limpieza\/productos-quimicos-industriales\/lavado-vehiculos\/ceras\/bidon-20kg-hydrocer-cera-tunel-lavado\/"]}]},{"@type":"ImageObject","inLanguage":"en-US","@id":"https:\/\/meprolim.es\/producto\/quimicos-articulos-limpieza\/productos-quimicos-industriales\/lavado-vehiculos\/ceras\/bidon-20kg-hydrocer-cera-tunel-lavado\/#primaryimage","url":"https:\/\/meprolim.es\/wp-content\/uploads\/2019\/08\/FR0115.jpg","contentUrl":"https:\/\/meprolim.es\/wp-content\/uploads\/2019\/08\/FR0115.jpg","width":678,"height":678},{"@type":"BreadcrumbList","@id":"https:\/\/meprolim.es\/producto\/quimicos-articulos-limpieza\/productos-quimicos-industriales\/lavado-vehiculos\/ceras\/bidon-20kg-hydrocer-cera-tunel-lavado\/#breadcrumb","itemListElement":[{"@type":"ListItem","position":1,"name":"Portada","item":"https:\/\/meprolim.es\/en\/"},{"@type":"ListItem","position":2,"name":"Catalogue","item":"https:\/\/meprolim.es\/en\/catalogue\/"},{"@type":"ListItem","position":3,"name":"BID\u00d3N 20 KG HYDROCER CERA T\u00daNEL LAVADO &#8211; C\u00d3DIGO: FR0115"}]},{"@type":"WebSite","@id":"https:\/\/meprolim.es\/fr\/#website","url":"https:\/\/meprolim.es\/fr\/","name":"Meprolim","description":"Cavas Catalanas S.L.","publisher":{"@id":"https:\/\/meprolim.es\/fr\/#organization"},"potentialAction":[{"@type":"SearchAction","target":{"@type":"EntryPoint","urlTemplate":"https:\/\/meprolim.es\/fr\/?s={search_term_string}"},"query-input":{"@type":"PropertyValueSpecification","valueRequired":true,"valueName":"search_term_string"}}],"inLanguage":"en-US"},{"@type":"Organization","@id":"https:\/\/meprolim.es\/fr\/#organization","name":"Meprolim","url":"https:\/\/meprolim.es\/fr\/","logo":{"@type":"ImageObject","inLanguage":"en-US","@id":"https:\/\/meprolim.es\/fr\/#\/schema\/logo\/image\/","url":"https:\/\/meprolim.es\/wp-content\/uploads\/2019\/07\/cropped-logo2.png","contentUrl":"https:\/\/meprolim.es\/wp-content\/uploads\/2019\/07\/cropped-logo2.png","width":401,"height":162,"caption":"Meprolim"},"image":{"@id":"https:\/\/meprolim.es\/fr\/#\/schema\/logo\/image\/"}}]}},"_links":{"self":[{"href":"https:\/\/meprolim.es\/en\/wp-json\/wp\/v2\/product\/8210","targetHints":{"allow":["GET"]}}],"collection":[{"href":"https:\/\/meprolim.es\/en\/wp-json\/wp\/v2\/product"}],"about":[{"href":"https:\/\/meprolim.es\/en\/wp-json\/wp\/v2\/types\/product"}],"wp:featuredmedia":[{"embeddable":true,"href":"https:\/\/meprolim.es\/en\/wp-json\/wp\/v2\/media\/8208"}],"wp:attachment":[{"href":"https:\/\/meprolim.es\/en\/wp-json\/wp\/v2\/media?parent=8210"}],"wp:term":[{"taxonomy":"product_brand","embeddable":true,"href":"https:\/\/meprolim.es\/en\/wp-json\/wp\/v2\/product_brand?post=8210"},{"taxonomy":"product_cat","embeddable":true,"href":"https:\/\/meprolim.es\/en\/wp-json\/wp\/v2\/product_cat?post=8210"},{"taxonomy":"product_tag","embeddable":true,"href":"https:\/\/meprolim.es\/en\/wp-json\/wp\/v2\/product_tag?post=8210"}],"curies":[{"name":"wp","href":"https:\/\/api.w.org\/{rel}","templated":true}]}}