{"id":8276,"date":"2019-08-31T15:56:06","date_gmt":"2019-08-31T14:56:06","guid":{"rendered":"http:\/\/www.meprolim.es\/?post_type=product&#038;p=8276"},"modified":"2023-05-26T00:20:42","modified_gmt":"2023-05-25T23:20:42","slug":"bidon-12kg-bimat-am-lavavajillas-media-dura","status":"publish","type":"product","link":"https:\/\/meprolim.es\/en\/producto\/quimicos-y-articulos-de-limpieza\/productos-quimicos-industriales-en\/lavavajillas-detergentes-abrillantadores-en\/detergentes-en\/liquidos-en\/bidon-12kg-bimat-am-lavavajillas-media-dura\/","title":{"rendered":"BID\u00d3N 12 KG BIMAT AM LAVAVAJILLAS MEDIA\/DURA &#8211; C\u00d3DIGO: FR0099"},"content":{"rendered":"<div class=\"wpb-content-wrapper\"><p>[vc_row][vc_column][vc_column_text]<\/p>\n<p style=\"text-align: justify;\">Producto indicado para la eliminaci\u00f3n de residuos org\u00e1nicos, prote\u00ednas, alb\u00famina, etc. en vajillas, cristaler\u00edas y cuberter\u00edas, mediante lavavajillas y t\u00faneles de lavado. Contiene secuestrantes de la cal y el magnesio del agua que evitan las incrustaciones calc\u00e1reas en boquillas, resistencias y conducciones. Ideal para aguas de 10\u00ba a 50\u00ba Franceses.<\/p>\n<p>[\/vc_column_text][\/vc_column][\/vc_row]<\/p>\n<\/div>","protected":false},"excerpt":{"rendered":"<ul>\n<li>pH 5-7<\/li>\n<li>Secado y abrillantado de vajillas, cristaler\u00edas y cuberter\u00edas en m\u00e1quina autom\u00e1tica, lavaplatos fijos o t\u00faneles de lavado.<\/li>\n<li>Disminuye la tensi\u00f3n superficial del agua evitando la formaci\u00f3n de gotas y favorece el secado r\u00e1pido y uniforme.<\/li>\n<li>Elimina los residuos calc\u00e1reos del calder\u00edn toberas, conducciones,&#8230;<\/li>\n<li>Ideal para aguas de 10 a 50 hF\u00ba.<\/li>\n<li>Evita que se forme espuma en el interior de la m\u00e1quina.<\/li>\n<li>Evita la redeposici\u00f3n de la suciedad.<\/li>\n<li>Producto l\u00edquido transparente.<\/li>\n<li>Color: azul.<\/li>\n<li>Perfume: caracter\u00edstico.<\/li>\n<li>Dosificar de 0,2-0,5 g por cada litro de aclarado.<\/li>\n<li>Temperatura \u00f3ptima para el aclarado 85\u00ba C.<\/li>\n<li>Realizar controles peri\u00f3dicos de la m\u00e1quina y sistema de lavado.<\/li>\n<li>Verificar el estado de toberas, tanque de lavado, presi\u00f3n, temperatura del agua,&#8230;<\/li>\n<\/ul>\n<p><strong>SKU: FR0099<\/strong><\/p>\n<p>&nbsp;<\/p>\n","protected":false},"featured_media":8277,"template":"","meta":[],"product_brand":[],"product_cat":[1018,1017,691,652,94],"product_tag":[487,692,654],"class_list":{"0":"post-8276","1":"product","2":"type-product","3":"status-publish","4":"has-post-thumbnail","6":"product_cat-detergentes","7":"product_cat-lavavajillas-detergentes-abrillantadores","8":"product_cat-liquidos","9":"product_cat-productos-quimicos-industriales","10":"product_cat-quimicos-articulos-limpieza","11":"product_tag-cocina","12":"product_tag-lavavajillas","13":"product_tag-productos-quimicos","15":"first","16":"instock","17":"shipping-taxable","18":"product-type-simple"},"yoast_head":"<!-- This site is optimized with the Yoast SEO plugin v27.5 - https:\/\/yoast.com\/product\/yoast-seo-wordpress\/ -->\n<title>BID\u00d3N 12 KG BIMAT AM LAVAVAJILLAS MEDIA\/DURA - C\u00d3DIGO: FR0099 - Meprolim<\/title>\n<meta name=\"robots\" content=\"index, follow, max-snippet:-1, max-image-preview:large, max-video-preview:-1\" \/>\n<link rel=\"canonical\" href=\"https:\/\/meprolim.es\/producto\/quimicos-articulos-limpieza\/productos-quimicos-industriales\/lavavajillas-detergentes-abrillantadores\/detergentes\/liquidos\/bidon-12kg-bimat-am-lavavajillas-media-dura\/\" \/>\n<meta property=\"og:locale\" content=\"en_US\" \/>\n<meta property=\"og:type\" content=\"article\" \/>\n<meta property=\"og:title\" content=\"BID\u00d3N 12 KG BIMAT AM LAVAVAJILLAS MEDIA\/DURA - C\u00d3DIGO: FR0099 - Meprolim\" \/>\n<meta property=\"og:description\" content=\"pH 5-7  Secado y abrillantado de vajillas, cristaler\u00edas y cuberter\u00edas en m\u00e1quina autom\u00e1tica, lavaplatos fijos o t\u00faneles de lavado.  Disminuye la tensi\u00f3n superficial del agua evitando la formaci\u00f3n de gotas y favorece el secado r\u00e1pido y uniforme.  Elimina los residuos calc\u00e1reos del calder\u00edn toberas, conducciones,...  Ideal para aguas de 10 a 50 hF\u00ba.  Evita que se forme espuma en el interior de la m\u00e1quina.  Evita la redeposici\u00f3n de la suciedad.  Producto l\u00edquido transparente.  Color: azul.  Perfume: caracter\u00edstico.  Dosificar de 0,2-0,5 g por cada litro de aclarado.  Temperatura \u00f3ptima para el aclarado 85\u00ba C.  Realizar controles peri\u00f3dicos de la m\u00e1quina y sistema de lavado.  Verificar el estado de toberas, tanque de lavado, presi\u00f3n, temperatura del agua,...  SKU: FR0099 &nbsp;\" \/>\n<meta property=\"og:url\" content=\"https:\/\/meprolim.es\/producto\/quimicos-articulos-limpieza\/productos-quimicos-industriales\/lavavajillas-detergentes-abrillantadores\/detergentes\/liquidos\/bidon-12kg-bimat-am-lavavajillas-media-dura\/\" \/>\n<meta property=\"og:site_name\" content=\"Meprolim\" \/>\n<meta property=\"article:modified_time\" content=\"2023-05-25T23:20:42+00:00\" \/>\n<meta property=\"og:image\" content=\"https:\/\/meprolim.es\/wp-content\/uploads\/2019\/08\/FR0099.jpg\" \/>\n\t<meta property=\"og:image:width\" content=\"768\" \/>\n\t<meta property=\"og:image:height\" content=\"768\" \/>\n\t<meta property=\"og:image:type\" content=\"image\/jpeg\" \/>\n<meta name=\"twitter:card\" content=\"summary_large_image\" \/>\n<meta name=\"twitter:label1\" content=\"Est. reading time\" \/>\n\t<meta name=\"twitter:data1\" content=\"1 minute\" \/>\n<script type=\"application\/ld+json\" class=\"yoast-schema-graph\">{\"@context\":\"https:\\\/\\\/schema.org\",\"@graph\":[{\"@type\":\"WebPage\",\"@id\":\"https:\\\/\\\/meprolim.es\\\/producto\\\/quimicos-articulos-limpieza\\\/productos-quimicos-industriales\\\/lavavajillas-detergentes-abrillantadores\\\/detergentes\\\/liquidos\\\/bidon-12kg-bimat-am-lavavajillas-media-dura\\\/\",\"url\":\"https:\\\/\\\/meprolim.es\\\/producto\\\/quimicos-articulos-limpieza\\\/productos-quimicos-industriales\\\/lavavajillas-detergentes-abrillantadores\\\/detergentes\\\/liquidos\\\/bidon-12kg-bimat-am-lavavajillas-media-dura\\\/\",\"name\":\"BID\u00d3N 12 KG BIMAT AM LAVAVAJILLAS MEDIA\\\/DURA - C\u00d3DIGO: FR0099 - Meprolim\",\"isPartOf\":{\"@id\":\"https:\\\/\\\/meprolim.es\\\/fr\\\/#website\"},\"primaryImageOfPage\":{\"@id\":\"https:\\\/\\\/meprolim.es\\\/producto\\\/quimicos-articulos-limpieza\\\/productos-quimicos-industriales\\\/lavavajillas-detergentes-abrillantadores\\\/detergentes\\\/liquidos\\\/bidon-12kg-bimat-am-lavavajillas-media-dura\\\/#primaryimage\"},\"image\":{\"@id\":\"https:\\\/\\\/meprolim.es\\\/producto\\\/quimicos-articulos-limpieza\\\/productos-quimicos-industriales\\\/lavavajillas-detergentes-abrillantadores\\\/detergentes\\\/liquidos\\\/bidon-12kg-bimat-am-lavavajillas-media-dura\\\/#primaryimage\"},\"thumbnailUrl\":\"https:\\\/\\\/meprolim.es\\\/wp-content\\\/uploads\\\/2019\\\/08\\\/FR0099.jpg\",\"datePublished\":\"2019-08-31T14:56:06+00:00\",\"dateModified\":\"2023-05-25T23:20:42+00:00\",\"breadcrumb\":{\"@id\":\"https:\\\/\\\/meprolim.es\\\/producto\\\/quimicos-articulos-limpieza\\\/productos-quimicos-industriales\\\/lavavajillas-detergentes-abrillantadores\\\/detergentes\\\/liquidos\\\/bidon-12kg-bimat-am-lavavajillas-media-dura\\\/#breadcrumb\"},\"inLanguage\":\"en-US\",\"potentialAction\":[{\"@type\":\"ReadAction\",\"target\":[\"https:\\\/\\\/meprolim.es\\\/producto\\\/quimicos-articulos-limpieza\\\/productos-quimicos-industriales\\\/lavavajillas-detergentes-abrillantadores\\\/detergentes\\\/liquidos\\\/bidon-12kg-bimat-am-lavavajillas-media-dura\\\/\"]}]},{\"@type\":\"ImageObject\",\"inLanguage\":\"en-US\",\"@id\":\"https:\\\/\\\/meprolim.es\\\/producto\\\/quimicos-articulos-limpieza\\\/productos-quimicos-industriales\\\/lavavajillas-detergentes-abrillantadores\\\/detergentes\\\/liquidos\\\/bidon-12kg-bimat-am-lavavajillas-media-dura\\\/#primaryimage\",\"url\":\"https:\\\/\\\/meprolim.es\\\/wp-content\\\/uploads\\\/2019\\\/08\\\/FR0099.jpg\",\"contentUrl\":\"https:\\\/\\\/meprolim.es\\\/wp-content\\\/uploads\\\/2019\\\/08\\\/FR0099.jpg\",\"width\":768,\"height\":768},{\"@type\":\"BreadcrumbList\",\"@id\":\"https:\\\/\\\/meprolim.es\\\/producto\\\/quimicos-articulos-limpieza\\\/productos-quimicos-industriales\\\/lavavajillas-detergentes-abrillantadores\\\/detergentes\\\/liquidos\\\/bidon-12kg-bimat-am-lavavajillas-media-dura\\\/#breadcrumb\",\"itemListElement\":[{\"@type\":\"ListItem\",\"position\":1,\"name\":\"Portada\",\"item\":\"https:\\\/\\\/meprolim.es\\\/en\\\/\"},{\"@type\":\"ListItem\",\"position\":2,\"name\":\"Catalogue\",\"item\":\"https:\\\/\\\/meprolim.es\\\/en\\\/catalogue\\\/\"},{\"@type\":\"ListItem\",\"position\":3,\"name\":\"BID\u00d3N 12 KG BIMAT AM LAVAVAJILLAS MEDIA\\\/DURA &#8211; C\u00d3DIGO: FR0099\"}]},{\"@type\":\"WebSite\",\"@id\":\"https:\\\/\\\/meprolim.es\\\/fr\\\/#website\",\"url\":\"https:\\\/\\\/meprolim.es\\\/fr\\\/\",\"name\":\"Meprolim\",\"description\":\"Cavas Catalanas S.L.\",\"publisher\":{\"@id\":\"https:\\\/\\\/meprolim.es\\\/fr\\\/#organization\"},\"potentialAction\":[{\"@type\":\"SearchAction\",\"target\":{\"@type\":\"EntryPoint\",\"urlTemplate\":\"https:\\\/\\\/meprolim.es\\\/fr\\\/?s={search_term_string}\"},\"query-input\":{\"@type\":\"PropertyValueSpecification\",\"valueRequired\":true,\"valueName\":\"search_term_string\"}}],\"inLanguage\":\"en-US\"},{\"@type\":\"Organization\",\"@id\":\"https:\\\/\\\/meprolim.es\\\/fr\\\/#organization\",\"name\":\"Meprolim\",\"url\":\"https:\\\/\\\/meprolim.es\\\/fr\\\/\",\"logo\":{\"@type\":\"ImageObject\",\"inLanguage\":\"en-US\",\"@id\":\"https:\\\/\\\/meprolim.es\\\/fr\\\/#\\\/schema\\\/logo\\\/image\\\/\",\"url\":\"https:\\\/\\\/meprolim.es\\\/wp-content\\\/uploads\\\/2019\\\/07\\\/cropped-logo2.png\",\"contentUrl\":\"https:\\\/\\\/meprolim.es\\\/wp-content\\\/uploads\\\/2019\\\/07\\\/cropped-logo2.png\",\"width\":401,\"height\":162,\"caption\":\"Meprolim\"},\"image\":{\"@id\":\"https:\\\/\\\/meprolim.es\\\/fr\\\/#\\\/schema\\\/logo\\\/image\\\/\"}}]}<\/script>\n<!-- \/ Yoast SEO plugin. -->","yoast_head_json":{"title":"BID\u00d3N 12 KG BIMAT AM LAVAVAJILLAS MEDIA\/DURA - C\u00d3DIGO: FR0099 - Meprolim","robots":{"index":"index","follow":"follow","max-snippet":"max-snippet:-1","max-image-preview":"max-image-preview:large","max-video-preview":"max-video-preview:-1"},"canonical":"https:\/\/meprolim.es\/producto\/quimicos-articulos-limpieza\/productos-quimicos-industriales\/lavavajillas-detergentes-abrillantadores\/detergentes\/liquidos\/bidon-12kg-bimat-am-lavavajillas-media-dura\/","og_locale":"en_US","og_type":"article","og_title":"BID\u00d3N 12 KG BIMAT AM LAVAVAJILLAS MEDIA\/DURA - C\u00d3DIGO: FR0099 - Meprolim","og_description":"pH 5-7  Secado y abrillantado de vajillas, cristaler\u00edas y cuberter\u00edas en m\u00e1quina autom\u00e1tica, lavaplatos fijos o t\u00faneles de lavado.  Disminuye la tensi\u00f3n superficial del agua evitando la formaci\u00f3n de gotas y favorece el secado r\u00e1pido y uniforme.  Elimina los residuos calc\u00e1reos del calder\u00edn toberas, conducciones,...  Ideal para aguas de 10 a 50 hF\u00ba.  Evita que se forme espuma en el interior de la m\u00e1quina.  Evita la redeposici\u00f3n de la suciedad.  Producto l\u00edquido transparente.  Color: azul.  Perfume: caracter\u00edstico.  Dosificar de 0,2-0,5 g por cada litro de aclarado.  Temperatura \u00f3ptima para el aclarado 85\u00ba C.  Realizar controles peri\u00f3dicos de la m\u00e1quina y sistema de lavado.  Verificar el estado de toberas, tanque de lavado, presi\u00f3n, temperatura del agua,...  SKU: FR0099 &nbsp;","og_url":"https:\/\/meprolim.es\/producto\/quimicos-articulos-limpieza\/productos-quimicos-industriales\/lavavajillas-detergentes-abrillantadores\/detergentes\/liquidos\/bidon-12kg-bimat-am-lavavajillas-media-dura\/","og_site_name":"Meprolim","article_modified_time":"2023-05-25T23:20:42+00:00","og_image":[{"width":768,"height":768,"url":"https:\/\/meprolim.es\/wp-content\/uploads\/2019\/08\/FR0099.jpg","type":"image\/jpeg"}],"twitter_card":"summary_large_image","twitter_misc":{"Est. reading time":"1 minute"},"schema":{"@context":"https:\/\/schema.org","@graph":[{"@type":"WebPage","@id":"https:\/\/meprolim.es\/producto\/quimicos-articulos-limpieza\/productos-quimicos-industriales\/lavavajillas-detergentes-abrillantadores\/detergentes\/liquidos\/bidon-12kg-bimat-am-lavavajillas-media-dura\/","url":"https:\/\/meprolim.es\/producto\/quimicos-articulos-limpieza\/productos-quimicos-industriales\/lavavajillas-detergentes-abrillantadores\/detergentes\/liquidos\/bidon-12kg-bimat-am-lavavajillas-media-dura\/","name":"BID\u00d3N 12 KG BIMAT AM LAVAVAJILLAS MEDIA\/DURA - C\u00d3DIGO: FR0099 - Meprolim","isPartOf":{"@id":"https:\/\/meprolim.es\/fr\/#website"},"primaryImageOfPage":{"@id":"https:\/\/meprolim.es\/producto\/quimicos-articulos-limpieza\/productos-quimicos-industriales\/lavavajillas-detergentes-abrillantadores\/detergentes\/liquidos\/bidon-12kg-bimat-am-lavavajillas-media-dura\/#primaryimage"},"image":{"@id":"https:\/\/meprolim.es\/producto\/quimicos-articulos-limpieza\/productos-quimicos-industriales\/lavavajillas-detergentes-abrillantadores\/detergentes\/liquidos\/bidon-12kg-bimat-am-lavavajillas-media-dura\/#primaryimage"},"thumbnailUrl":"https:\/\/meprolim.es\/wp-content\/uploads\/2019\/08\/FR0099.jpg","datePublished":"2019-08-31T14:56:06+00:00","dateModified":"2023-05-25T23:20:42+00:00","breadcrumb":{"@id":"https:\/\/meprolim.es\/producto\/quimicos-articulos-limpieza\/productos-quimicos-industriales\/lavavajillas-detergentes-abrillantadores\/detergentes\/liquidos\/bidon-12kg-bimat-am-lavavajillas-media-dura\/#breadcrumb"},"inLanguage":"en-US","potentialAction":[{"@type":"ReadAction","target":["https:\/\/meprolim.es\/producto\/quimicos-articulos-limpieza\/productos-quimicos-industriales\/lavavajillas-detergentes-abrillantadores\/detergentes\/liquidos\/bidon-12kg-bimat-am-lavavajillas-media-dura\/"]}]},{"@type":"ImageObject","inLanguage":"en-US","@id":"https:\/\/meprolim.es\/producto\/quimicos-articulos-limpieza\/productos-quimicos-industriales\/lavavajillas-detergentes-abrillantadores\/detergentes\/liquidos\/bidon-12kg-bimat-am-lavavajillas-media-dura\/#primaryimage","url":"https:\/\/meprolim.es\/wp-content\/uploads\/2019\/08\/FR0099.jpg","contentUrl":"https:\/\/meprolim.es\/wp-content\/uploads\/2019\/08\/FR0099.jpg","width":768,"height":768},{"@type":"BreadcrumbList","@id":"https:\/\/meprolim.es\/producto\/quimicos-articulos-limpieza\/productos-quimicos-industriales\/lavavajillas-detergentes-abrillantadores\/detergentes\/liquidos\/bidon-12kg-bimat-am-lavavajillas-media-dura\/#breadcrumb","itemListElement":[{"@type":"ListItem","position":1,"name":"Portada","item":"https:\/\/meprolim.es\/en\/"},{"@type":"ListItem","position":2,"name":"Catalogue","item":"https:\/\/meprolim.es\/en\/catalogue\/"},{"@type":"ListItem","position":3,"name":"BID\u00d3N 12 KG BIMAT AM LAVAVAJILLAS MEDIA\/DURA &#8211; C\u00d3DIGO: FR0099"}]},{"@type":"WebSite","@id":"https:\/\/meprolim.es\/fr\/#website","url":"https:\/\/meprolim.es\/fr\/","name":"Meprolim","description":"Cavas Catalanas S.L.","publisher":{"@id":"https:\/\/meprolim.es\/fr\/#organization"},"potentialAction":[{"@type":"SearchAction","target":{"@type":"EntryPoint","urlTemplate":"https:\/\/meprolim.es\/fr\/?s={search_term_string}"},"query-input":{"@type":"PropertyValueSpecification","valueRequired":true,"valueName":"search_term_string"}}],"inLanguage":"en-US"},{"@type":"Organization","@id":"https:\/\/meprolim.es\/fr\/#organization","name":"Meprolim","url":"https:\/\/meprolim.es\/fr\/","logo":{"@type":"ImageObject","inLanguage":"en-US","@id":"https:\/\/meprolim.es\/fr\/#\/schema\/logo\/image\/","url":"https:\/\/meprolim.es\/wp-content\/uploads\/2019\/07\/cropped-logo2.png","contentUrl":"https:\/\/meprolim.es\/wp-content\/uploads\/2019\/07\/cropped-logo2.png","width":401,"height":162,"caption":"Meprolim"},"image":{"@id":"https:\/\/meprolim.es\/fr\/#\/schema\/logo\/image\/"}}]}},"_links":{"self":[{"href":"https:\/\/meprolim.es\/en\/wp-json\/wp\/v2\/product\/8276","targetHints":{"allow":["GET"]}}],"collection":[{"href":"https:\/\/meprolim.es\/en\/wp-json\/wp\/v2\/product"}],"about":[{"href":"https:\/\/meprolim.es\/en\/wp-json\/wp\/v2\/types\/product"}],"wp:featuredmedia":[{"embeddable":true,"href":"https:\/\/meprolim.es\/en\/wp-json\/wp\/v2\/media\/8277"}],"wp:attachment":[{"href":"https:\/\/meprolim.es\/en\/wp-json\/wp\/v2\/media?parent=8276"}],"wp:term":[{"taxonomy":"product_brand","embeddable":true,"href":"https:\/\/meprolim.es\/en\/wp-json\/wp\/v2\/product_brand?post=8276"},{"taxonomy":"product_cat","embeddable":true,"href":"https:\/\/meprolim.es\/en\/wp-json\/wp\/v2\/product_cat?post=8276"},{"taxonomy":"product_tag","embeddable":true,"href":"https:\/\/meprolim.es\/en\/wp-json\/wp\/v2\/product_tag?post=8276"}],"curies":[{"name":"wp","href":"https:\/\/api.w.org\/{rel}","templated":true}]}}