{"id":8349,"date":"2019-09-02T07:49:16","date_gmt":"2019-09-02T06:49:16","guid":{"rendered":"http:\/\/www.meprolim.es\/?post_type=product&#038;p=8349"},"modified":"2023-05-18T18:29:54","modified_gmt":"2023-05-18T17:29:54","slug":"bote-250ml-limpiametal-3m-tarni-shield","status":"publish","type":"product","link":"https:\/\/meprolim.es\/en\/producto\/quimicos-y-articulos-de-limpieza\/productos-quimicos-industriales-en\/limpiametales-en\/bote-250ml-limpiametal-3m-tarni-shield\/","title":{"rendered":"BOTE 250 ML LIMPIAMETAL 3M TARNI-SHIELD &#8211; C\u00d3DIGO: AM0412"},"content":{"rendered":"<div class=\"wpb-content-wrapper\"><p>[vc_row][vc_column][vc_column_text]<\/p>\n<p style=\"text-align: justify;\">TarniShieldTM Limpia Metales es un limpiador l\u00edquido en base agua para\u00a0objetos fabricados con metales sin lacar (cobre, bronce, lat\u00f3n, acero inoxidable&#8230;.) Su m\u00e1s destacada\u00a0caracter\u00edstica es que uno de sus componentes act\u00faa como un protector, dejando los objetos limpios durante m\u00e1s tiempo, reduciendo as\u00ed\u00a0la frecuencia de las limpiezas. Adem\u00e1s incorpora un\u00a0agradable aroma.<\/p>\n<p>[\/vc_column_text][\/vc_column][\/vc_row]<\/p>\n<\/div>","protected":false},"excerpt":{"rendered":"<p>Caracter\u00edsticas:<\/p>\n<ul>\n<li>Limpiador l\u00edquido en base agua para objetos fabricados con metales sin lacar (cobre, bronce, lat\u00f3n, acero inoxidable,&#8230;)<\/li>\n<li>Su m\u00e1s destacada caracter\u00edstica es que uno de sus componentes act\u00faa como un protector, dejando los objetos limpios durante m\u00e1s tiempo, reduce as\u00ed la frecuencia de las limpiezas.<\/li>\n<li>Incorpora un agradable aroma.<\/li>\n<\/ul>\n<p>Datos t\u00e9cnicos:<\/p>\n<ul>\n<li>pH 2-3<\/li>\n<li>Producto l\u00edquido.<\/li>\n<li>Color: verde claro.<\/li>\n<li>Perfume: agradable.<\/li>\n<li>Agitar el envase antes de usarlo.<\/li>\n<li>Verter el producto en un pa\u00f1o h\u00famedo o un poco de algod\u00f3n.<\/li>\n<li>Frotar la superficie hasta que quede limpia.<\/li>\n<li>Lavar el objeto con agua corriente.<\/li>\n<li>Secar y dar brillo al utensilio con un pa\u00f1o suave y limpio.<\/li>\n<\/ul>\n<p><strong>SKU: AM0412<\/strong><\/p>\n<p>&nbsp;<\/p>\n","protected":false},"featured_media":8350,"template":"","meta":[],"product_brand":[],"product_cat":[700,652,94],"product_tag":[476,701,654],"class_list":{"0":"post-8349","1":"product","2":"type-product","3":"status-publish","4":"has-post-thumbnail","6":"product_cat-limpiametales","7":"product_cat-productos-quimicos-industriales","8":"product_cat-quimicos-articulos-limpieza","9":"product_tag-3m","10":"product_tag-limpiametales","11":"product_tag-productos-quimicos","13":"first","14":"instock","15":"shipping-taxable","16":"product-type-simple"},"yoast_head":"<!-- This site is optimized with the Yoast SEO plugin v27.4 - https:\/\/yoast.com\/product\/yoast-seo-wordpress\/ -->\n<title>BOTE 250 ML LIMPIAMETAL 3M TARNI-SHIELD - C\u00d3DIGO: AM0412 - Meprolim<\/title>\n<meta name=\"robots\" content=\"index, follow, max-snippet:-1, max-image-preview:large, max-video-preview:-1\" \/>\n<link rel=\"canonical\" href=\"https:\/\/meprolim.es\/producto\/quimicos-articulos-limpieza\/productos-quimicos-industriales\/limpiametales\/bote-250ml-limpiametal-3m-tarni-shield\/\" \/>\n<meta property=\"og:locale\" content=\"en_US\" \/>\n<meta property=\"og:type\" content=\"article\" \/>\n<meta property=\"og:title\" content=\"BOTE 250 ML LIMPIAMETAL 3M TARNI-SHIELD - C\u00d3DIGO: AM0412 - Meprolim\" \/>\n<meta property=\"og:description\" content=\"Caracter\u00edsticas:   Limpiador l\u00edquido en base agua para objetos fabricados con metales sin lacar (cobre, bronce, lat\u00f3n, acero inoxidable,...)  Su m\u00e1s destacada caracter\u00edstica es que uno de sus componentes act\u00faa como un protector, dejando los objetos limpios durante m\u00e1s tiempo, reduce as\u00ed la frecuencia de las limpiezas.  Incorpora un agradable aroma.  Datos t\u00e9cnicos:   pH 2-3  Producto l\u00edquido.  Color: verde claro.  Perfume: agradable.  Agitar el envase antes de usarlo.  Verter el producto en un pa\u00f1o h\u00famedo o un poco de algod\u00f3n.  Frotar la superficie hasta que quede limpia.  Lavar el objeto con agua corriente.  Secar y dar brillo al utensilio con un pa\u00f1o suave y limpio.  SKU: AM0412  &nbsp;\" \/>\n<meta property=\"og:url\" content=\"https:\/\/meprolim.es\/producto\/quimicos-articulos-limpieza\/productos-quimicos-industriales\/limpiametales\/bote-250ml-limpiametal-3m-tarni-shield\/\" \/>\n<meta property=\"og:site_name\" content=\"Meprolim\" \/>\n<meta property=\"article:modified_time\" content=\"2023-05-18T17:29:54+00:00\" \/>\n<meta property=\"og:image\" content=\"https:\/\/meprolim.es\/wp-content\/uploads\/2019\/09\/AM0412.jpg\" \/>\n\t<meta property=\"og:image:width\" content=\"768\" \/>\n\t<meta property=\"og:image:height\" content=\"768\" \/>\n\t<meta property=\"og:image:type\" content=\"image\/jpeg\" \/>\n<meta name=\"twitter:card\" content=\"summary_large_image\" \/>\n<meta name=\"twitter:label1\" content=\"Est. reading time\" \/>\n\t<meta name=\"twitter:data1\" content=\"1 minute\" \/>\n<script type=\"application\/ld+json\" class=\"yoast-schema-graph\">{\"@context\":\"https:\\\/\\\/schema.org\",\"@graph\":[{\"@type\":\"WebPage\",\"@id\":\"https:\\\/\\\/meprolim.es\\\/producto\\\/quimicos-articulos-limpieza\\\/productos-quimicos-industriales\\\/limpiametales\\\/bote-250ml-limpiametal-3m-tarni-shield\\\/\",\"url\":\"https:\\\/\\\/meprolim.es\\\/producto\\\/quimicos-articulos-limpieza\\\/productos-quimicos-industriales\\\/limpiametales\\\/bote-250ml-limpiametal-3m-tarni-shield\\\/\",\"name\":\"BOTE 250 ML LIMPIAMETAL 3M TARNI-SHIELD - C\u00d3DIGO: AM0412 - Meprolim\",\"isPartOf\":{\"@id\":\"https:\\\/\\\/meprolim.es\\\/fr\\\/#website\"},\"primaryImageOfPage\":{\"@id\":\"https:\\\/\\\/meprolim.es\\\/producto\\\/quimicos-articulos-limpieza\\\/productos-quimicos-industriales\\\/limpiametales\\\/bote-250ml-limpiametal-3m-tarni-shield\\\/#primaryimage\"},\"image\":{\"@id\":\"https:\\\/\\\/meprolim.es\\\/producto\\\/quimicos-articulos-limpieza\\\/productos-quimicos-industriales\\\/limpiametales\\\/bote-250ml-limpiametal-3m-tarni-shield\\\/#primaryimage\"},\"thumbnailUrl\":\"https:\\\/\\\/meprolim.es\\\/wp-content\\\/uploads\\\/2019\\\/09\\\/AM0412.jpg\",\"datePublished\":\"2019-09-02T06:49:16+00:00\",\"dateModified\":\"2023-05-18T17:29:54+00:00\",\"breadcrumb\":{\"@id\":\"https:\\\/\\\/meprolim.es\\\/producto\\\/quimicos-articulos-limpieza\\\/productos-quimicos-industriales\\\/limpiametales\\\/bote-250ml-limpiametal-3m-tarni-shield\\\/#breadcrumb\"},\"inLanguage\":\"en-US\",\"potentialAction\":[{\"@type\":\"ReadAction\",\"target\":[\"https:\\\/\\\/meprolim.es\\\/producto\\\/quimicos-articulos-limpieza\\\/productos-quimicos-industriales\\\/limpiametales\\\/bote-250ml-limpiametal-3m-tarni-shield\\\/\"]}]},{\"@type\":\"ImageObject\",\"inLanguage\":\"en-US\",\"@id\":\"https:\\\/\\\/meprolim.es\\\/producto\\\/quimicos-articulos-limpieza\\\/productos-quimicos-industriales\\\/limpiametales\\\/bote-250ml-limpiametal-3m-tarni-shield\\\/#primaryimage\",\"url\":\"https:\\\/\\\/meprolim.es\\\/wp-content\\\/uploads\\\/2019\\\/09\\\/AM0412.jpg\",\"contentUrl\":\"https:\\\/\\\/meprolim.es\\\/wp-content\\\/uploads\\\/2019\\\/09\\\/AM0412.jpg\",\"width\":768,\"height\":768},{\"@type\":\"BreadcrumbList\",\"@id\":\"https:\\\/\\\/meprolim.es\\\/producto\\\/quimicos-articulos-limpieza\\\/productos-quimicos-industriales\\\/limpiametales\\\/bote-250ml-limpiametal-3m-tarni-shield\\\/#breadcrumb\",\"itemListElement\":[{\"@type\":\"ListItem\",\"position\":1,\"name\":\"Portada\",\"item\":\"https:\\\/\\\/meprolim.es\\\/en\\\/\"},{\"@type\":\"ListItem\",\"position\":2,\"name\":\"Catalogue\",\"item\":\"https:\\\/\\\/meprolim.es\\\/en\\\/catalogue\\\/\"},{\"@type\":\"ListItem\",\"position\":3,\"name\":\"BOTE 250 ML LIMPIAMETAL 3M TARNI-SHIELD &#8211; C\u00d3DIGO: AM0412\"}]},{\"@type\":\"WebSite\",\"@id\":\"https:\\\/\\\/meprolim.es\\\/fr\\\/#website\",\"url\":\"https:\\\/\\\/meprolim.es\\\/fr\\\/\",\"name\":\"Meprolim\",\"description\":\"Cavas Catalanas S.L.\",\"publisher\":{\"@id\":\"https:\\\/\\\/meprolim.es\\\/fr\\\/#organization\"},\"potentialAction\":[{\"@type\":\"SearchAction\",\"target\":{\"@type\":\"EntryPoint\",\"urlTemplate\":\"https:\\\/\\\/meprolim.es\\\/fr\\\/?s={search_term_string}\"},\"query-input\":{\"@type\":\"PropertyValueSpecification\",\"valueRequired\":true,\"valueName\":\"search_term_string\"}}],\"inLanguage\":\"en-US\"},{\"@type\":\"Organization\",\"@id\":\"https:\\\/\\\/meprolim.es\\\/fr\\\/#organization\",\"name\":\"Meprolim\",\"url\":\"https:\\\/\\\/meprolim.es\\\/fr\\\/\",\"logo\":{\"@type\":\"ImageObject\",\"inLanguage\":\"en-US\",\"@id\":\"https:\\\/\\\/meprolim.es\\\/fr\\\/#\\\/schema\\\/logo\\\/image\\\/\",\"url\":\"https:\\\/\\\/meprolim.es\\\/wp-content\\\/uploads\\\/2019\\\/07\\\/cropped-logo2.png\",\"contentUrl\":\"https:\\\/\\\/meprolim.es\\\/wp-content\\\/uploads\\\/2019\\\/07\\\/cropped-logo2.png\",\"width\":401,\"height\":162,\"caption\":\"Meprolim\"},\"image\":{\"@id\":\"https:\\\/\\\/meprolim.es\\\/fr\\\/#\\\/schema\\\/logo\\\/image\\\/\"}}]}<\/script>\n<!-- \/ Yoast SEO plugin. -->","yoast_head_json":{"title":"BOTE 250 ML LIMPIAMETAL 3M TARNI-SHIELD - C\u00d3DIGO: AM0412 - Meprolim","robots":{"index":"index","follow":"follow","max-snippet":"max-snippet:-1","max-image-preview":"max-image-preview:large","max-video-preview":"max-video-preview:-1"},"canonical":"https:\/\/meprolim.es\/producto\/quimicos-articulos-limpieza\/productos-quimicos-industriales\/limpiametales\/bote-250ml-limpiametal-3m-tarni-shield\/","og_locale":"en_US","og_type":"article","og_title":"BOTE 250 ML LIMPIAMETAL 3M TARNI-SHIELD - C\u00d3DIGO: AM0412 - Meprolim","og_description":"Caracter\u00edsticas:   Limpiador l\u00edquido en base agua para objetos fabricados con metales sin lacar (cobre, bronce, lat\u00f3n, acero inoxidable,...)  Su m\u00e1s destacada caracter\u00edstica es que uno de sus componentes act\u00faa como un protector, dejando los objetos limpios durante m\u00e1s tiempo, reduce as\u00ed la frecuencia de las limpiezas.  Incorpora un agradable aroma.  Datos t\u00e9cnicos:   pH 2-3  Producto l\u00edquido.  Color: verde claro.  Perfume: agradable.  Agitar el envase antes de usarlo.  Verter el producto en un pa\u00f1o h\u00famedo o un poco de algod\u00f3n.  Frotar la superficie hasta que quede limpia.  Lavar el objeto con agua corriente.  Secar y dar brillo al utensilio con un pa\u00f1o suave y limpio.  SKU: AM0412  &nbsp;","og_url":"https:\/\/meprolim.es\/producto\/quimicos-articulos-limpieza\/productos-quimicos-industriales\/limpiametales\/bote-250ml-limpiametal-3m-tarni-shield\/","og_site_name":"Meprolim","article_modified_time":"2023-05-18T17:29:54+00:00","og_image":[{"width":768,"height":768,"url":"https:\/\/meprolim.es\/wp-content\/uploads\/2019\/09\/AM0412.jpg","type":"image\/jpeg"}],"twitter_card":"summary_large_image","twitter_misc":{"Est. reading time":"1 minute"},"schema":{"@context":"https:\/\/schema.org","@graph":[{"@type":"WebPage","@id":"https:\/\/meprolim.es\/producto\/quimicos-articulos-limpieza\/productos-quimicos-industriales\/limpiametales\/bote-250ml-limpiametal-3m-tarni-shield\/","url":"https:\/\/meprolim.es\/producto\/quimicos-articulos-limpieza\/productos-quimicos-industriales\/limpiametales\/bote-250ml-limpiametal-3m-tarni-shield\/","name":"BOTE 250 ML LIMPIAMETAL 3M TARNI-SHIELD - C\u00d3DIGO: AM0412 - Meprolim","isPartOf":{"@id":"https:\/\/meprolim.es\/fr\/#website"},"primaryImageOfPage":{"@id":"https:\/\/meprolim.es\/producto\/quimicos-articulos-limpieza\/productos-quimicos-industriales\/limpiametales\/bote-250ml-limpiametal-3m-tarni-shield\/#primaryimage"},"image":{"@id":"https:\/\/meprolim.es\/producto\/quimicos-articulos-limpieza\/productos-quimicos-industriales\/limpiametales\/bote-250ml-limpiametal-3m-tarni-shield\/#primaryimage"},"thumbnailUrl":"https:\/\/meprolim.es\/wp-content\/uploads\/2019\/09\/AM0412.jpg","datePublished":"2019-09-02T06:49:16+00:00","dateModified":"2023-05-18T17:29:54+00:00","breadcrumb":{"@id":"https:\/\/meprolim.es\/producto\/quimicos-articulos-limpieza\/productos-quimicos-industriales\/limpiametales\/bote-250ml-limpiametal-3m-tarni-shield\/#breadcrumb"},"inLanguage":"en-US","potentialAction":[{"@type":"ReadAction","target":["https:\/\/meprolim.es\/producto\/quimicos-articulos-limpieza\/productos-quimicos-industriales\/limpiametales\/bote-250ml-limpiametal-3m-tarni-shield\/"]}]},{"@type":"ImageObject","inLanguage":"en-US","@id":"https:\/\/meprolim.es\/producto\/quimicos-articulos-limpieza\/productos-quimicos-industriales\/limpiametales\/bote-250ml-limpiametal-3m-tarni-shield\/#primaryimage","url":"https:\/\/meprolim.es\/wp-content\/uploads\/2019\/09\/AM0412.jpg","contentUrl":"https:\/\/meprolim.es\/wp-content\/uploads\/2019\/09\/AM0412.jpg","width":768,"height":768},{"@type":"BreadcrumbList","@id":"https:\/\/meprolim.es\/producto\/quimicos-articulos-limpieza\/productos-quimicos-industriales\/limpiametales\/bote-250ml-limpiametal-3m-tarni-shield\/#breadcrumb","itemListElement":[{"@type":"ListItem","position":1,"name":"Portada","item":"https:\/\/meprolim.es\/en\/"},{"@type":"ListItem","position":2,"name":"Catalogue","item":"https:\/\/meprolim.es\/en\/catalogue\/"},{"@type":"ListItem","position":3,"name":"BOTE 250 ML LIMPIAMETAL 3M TARNI-SHIELD &#8211; C\u00d3DIGO: AM0412"}]},{"@type":"WebSite","@id":"https:\/\/meprolim.es\/fr\/#website","url":"https:\/\/meprolim.es\/fr\/","name":"Meprolim","description":"Cavas Catalanas S.L.","publisher":{"@id":"https:\/\/meprolim.es\/fr\/#organization"},"potentialAction":[{"@type":"SearchAction","target":{"@type":"EntryPoint","urlTemplate":"https:\/\/meprolim.es\/fr\/?s={search_term_string}"},"query-input":{"@type":"PropertyValueSpecification","valueRequired":true,"valueName":"search_term_string"}}],"inLanguage":"en-US"},{"@type":"Organization","@id":"https:\/\/meprolim.es\/fr\/#organization","name":"Meprolim","url":"https:\/\/meprolim.es\/fr\/","logo":{"@type":"ImageObject","inLanguage":"en-US","@id":"https:\/\/meprolim.es\/fr\/#\/schema\/logo\/image\/","url":"https:\/\/meprolim.es\/wp-content\/uploads\/2019\/07\/cropped-logo2.png","contentUrl":"https:\/\/meprolim.es\/wp-content\/uploads\/2019\/07\/cropped-logo2.png","width":401,"height":162,"caption":"Meprolim"},"image":{"@id":"https:\/\/meprolim.es\/fr\/#\/schema\/logo\/image\/"}}]}},"_links":{"self":[{"href":"https:\/\/meprolim.es\/en\/wp-json\/wp\/v2\/product\/8349","targetHints":{"allow":["GET"]}}],"collection":[{"href":"https:\/\/meprolim.es\/en\/wp-json\/wp\/v2\/product"}],"about":[{"href":"https:\/\/meprolim.es\/en\/wp-json\/wp\/v2\/types\/product"}],"wp:featuredmedia":[{"embeddable":true,"href":"https:\/\/meprolim.es\/en\/wp-json\/wp\/v2\/media\/8350"}],"wp:attachment":[{"href":"https:\/\/meprolim.es\/en\/wp-json\/wp\/v2\/media?parent=8349"}],"wp:term":[{"taxonomy":"product_brand","embeddable":true,"href":"https:\/\/meprolim.es\/en\/wp-json\/wp\/v2\/product_brand?post=8349"},{"taxonomy":"product_cat","embeddable":true,"href":"https:\/\/meprolim.es\/en\/wp-json\/wp\/v2\/product_cat?post=8349"},{"taxonomy":"product_tag","embeddable":true,"href":"https:\/\/meprolim.es\/en\/wp-json\/wp\/v2\/product_tag?post=8349"}],"curies":[{"name":"wp","href":"https:\/\/api.w.org\/{rel}","templated":true}]}}