{"id":8529,"date":"2019-09-02T12:03:17","date_gmt":"2019-09-02T11:03:17","guid":{"rendered":"http:\/\/www.meprolim.es\/?post_type=product&#038;p=8529"},"modified":"2023-05-25T23:17:50","modified_gmt":"2023-05-25T22:17:50","slug":"bidon-20kg-suavizante-suax-care","status":"publish","type":"product","link":"https:\/\/meprolim.es\/en\/producto\/quimicos-y-articulos-de-limpieza\/productos-quimicos-industriales-en\/lavanderia-en\/sistema-smartcare-residencias-en\/bidon-20kg-suavizante-suax-care\/","title":{"rendered":"BID\u00d3N 20KG SUAVIZANTE SUAX CARE &#8211; C\u00d3DIGO: FR0081"},"content":{"rendered":"<div class=\"wpb-content-wrapper\"><p>[vc_row][vc_column][vc_column_text]<\/p>\n<p style=\"text-align: justify;\">El suavizante Suamax Care es el productos dise\u00f1ado para realizar el exclusivo sistema de lavado en su etapa final.<br \/>\nElsistema de lavado est\u00e1 especialmente estudiado para eliminar restos org\u00e1nicos en la ropa de residencias y centros de la 3\u00ba edad. Limpia, respeta y cuida los tejidos de la ropa m\u00e1s delicada, ofreciendo una limpieza y suavidad total a las prendas.<br \/>\nEl suavizante Suamax Care est\u00e1 minuciosamente estudiado para lograr una rentabilidad excepcional dentro del sistema de lavado.<br \/>\nEste suavizante elimina los restos de alcalinidad y cloro. Evita la electricidad est\u00e1tica, y confiere un suave y agradable tacto a las prendas. Adem\u00e1s, Suamax Care da una mayor voluminosidad generando una placentera sensaci\u00f3n de limpieza y agradabilidad.<br \/>\nFacilita la acci\u00f3n de vaciado de las prendas as\u00ed como el posterior paso por la calandra.<br \/>\nes un proceso de lavado en el que se mezcla la rentabilidad, el equilibro y la innovaci\u00f3n para crear un sistema INTELIGENTE y centrado s\u00f3lo y exclusivamente en las necesidades de las residencias y centros de la 3\u00ba edad. La gran caracter\u00edstica de este sistema es que respetar y cuidar las pieles m\u00e1s sensibles en contacto con los tejidos tratados utilizando los elementos justos para conseguir los resultados esperados.<\/p>\n<p>\u00a0[\/vc_column_text][\/vc_column][\/vc_row]<\/p>\n<\/div>","protected":false},"excerpt":{"rendered":"<p>Caracter\u00edsticas:<\/p>\n<ul>\n<li>Suavizante neutralizante completo.<\/li>\n<li>Producto que confiere a las prendas una esponjosidad y voluminosidad que se aprecia desde el primer lavado.<\/li>\n<li>Neutralizante de alcalinidad y cloro que se compone de una mezcla de \u00e1cidos org\u00e1nicos y de componentes antiest\u00e1ticos.<\/li>\n<\/ul>\n<p>Datos t\u00e9cnicos:<\/p>\n<ul>\n<li>pH 1-3.<\/li>\n<li>Producto l\u00edquido.<\/li>\n<li>Perfume: fresco.<\/li>\n<li>Se recomienda una dosificaci\u00f3n de 4 gramos por cada kilo de ropa.<\/li>\n<\/ul>\n<p><strong>SKU: FR0081<\/strong><\/p>\n<p>&nbsp;<\/p>\n","protected":false},"featured_media":8527,"template":"","meta":[],"product_brand":[],"product_cat":[652,94,725],"product_tag":[727,654,728],"class_list":{"0":"post-8529","1":"product","2":"type-product","3":"status-publish","4":"has-post-thumbnail","6":"product_cat-productos-quimicos-industriales","7":"product_cat-quimicos-articulos-limpieza","8":"product_cat-sistema-smartcare-residencias","9":"product_tag-lavanderia","10":"product_tag-productos-quimicos","11":"product_tag-residencias","13":"first","14":"instock","15":"shipping-taxable","16":"product-type-simple"},"yoast_head":"<!-- This site is optimized with the Yoast SEO plugin v27.4 - https:\/\/yoast.com\/product\/yoast-seo-wordpress\/ -->\n<title>BID\u00d3N 20KG SUAVIZANTE SUAX CARE - C\u00d3DIGO: FR0081 - Meprolim<\/title>\n<meta name=\"robots\" content=\"index, follow, max-snippet:-1, max-image-preview:large, max-video-preview:-1\" \/>\n<link rel=\"canonical\" href=\"https:\/\/meprolim.es\/producto\/quimicos-articulos-limpieza\/productos-quimicos-industriales\/lavanderia\/sistema-smartcare-residencias\/bidon-20kg-suavizante-suax-care\/\" \/>\n<meta property=\"og:locale\" content=\"en_US\" \/>\n<meta property=\"og:type\" content=\"article\" \/>\n<meta property=\"og:title\" content=\"BID\u00d3N 20KG SUAVIZANTE SUAX CARE - C\u00d3DIGO: FR0081 - Meprolim\" \/>\n<meta property=\"og:description\" content=\"Caracter\u00edsticas:   Suavizante neutralizante completo.  Producto que confiere a las prendas una esponjosidad y voluminosidad que se aprecia desde el primer lavado.  Neutralizante de alcalinidad y cloro que se compone de una mezcla de \u00e1cidos org\u00e1nicos y de componentes antiest\u00e1ticos.  Datos t\u00e9cnicos:   pH 1-3.  Producto l\u00edquido.  Perfume: fresco.  Se recomienda una dosificaci\u00f3n de 4 gramos por cada kilo de ropa.  SKU: FR0081  &nbsp;\" \/>\n<meta property=\"og:url\" content=\"https:\/\/meprolim.es\/producto\/quimicos-articulos-limpieza\/productos-quimicos-industriales\/lavanderia\/sistema-smartcare-residencias\/bidon-20kg-suavizante-suax-care\/\" \/>\n<meta property=\"og:site_name\" content=\"Meprolim\" \/>\n<meta property=\"article:modified_time\" content=\"2023-05-25T22:17:50+00:00\" \/>\n<meta property=\"og:image\" content=\"https:\/\/meprolim.es\/wp-content\/uploads\/2019\/09\/FR0081.jpg\" \/>\n\t<meta property=\"og:image:width\" content=\"768\" \/>\n\t<meta property=\"og:image:height\" content=\"768\" \/>\n\t<meta property=\"og:image:type\" content=\"image\/jpeg\" \/>\n<meta name=\"twitter:card\" content=\"summary_large_image\" \/>\n<meta name=\"twitter:label1\" content=\"Est. reading time\" \/>\n\t<meta name=\"twitter:data1\" content=\"1 minute\" \/>\n<script type=\"application\/ld+json\" class=\"yoast-schema-graph\">{\"@context\":\"https:\\\/\\\/schema.org\",\"@graph\":[{\"@type\":\"WebPage\",\"@id\":\"https:\\\/\\\/meprolim.es\\\/producto\\\/quimicos-articulos-limpieza\\\/productos-quimicos-industriales\\\/lavanderia\\\/sistema-smartcare-residencias\\\/bidon-20kg-suavizante-suax-care\\\/\",\"url\":\"https:\\\/\\\/meprolim.es\\\/producto\\\/quimicos-articulos-limpieza\\\/productos-quimicos-industriales\\\/lavanderia\\\/sistema-smartcare-residencias\\\/bidon-20kg-suavizante-suax-care\\\/\",\"name\":\"BID\u00d3N 20KG SUAVIZANTE SUAX CARE - C\u00d3DIGO: FR0081 - Meprolim\",\"isPartOf\":{\"@id\":\"https:\\\/\\\/meprolim.es\\\/fr\\\/#website\"},\"primaryImageOfPage\":{\"@id\":\"https:\\\/\\\/meprolim.es\\\/producto\\\/quimicos-articulos-limpieza\\\/productos-quimicos-industriales\\\/lavanderia\\\/sistema-smartcare-residencias\\\/bidon-20kg-suavizante-suax-care\\\/#primaryimage\"},\"image\":{\"@id\":\"https:\\\/\\\/meprolim.es\\\/producto\\\/quimicos-articulos-limpieza\\\/productos-quimicos-industriales\\\/lavanderia\\\/sistema-smartcare-residencias\\\/bidon-20kg-suavizante-suax-care\\\/#primaryimage\"},\"thumbnailUrl\":\"https:\\\/\\\/meprolim.es\\\/wp-content\\\/uploads\\\/2019\\\/09\\\/FR0081.jpg\",\"datePublished\":\"2019-09-02T11:03:17+00:00\",\"dateModified\":\"2023-05-25T22:17:50+00:00\",\"breadcrumb\":{\"@id\":\"https:\\\/\\\/meprolim.es\\\/producto\\\/quimicos-articulos-limpieza\\\/productos-quimicos-industriales\\\/lavanderia\\\/sistema-smartcare-residencias\\\/bidon-20kg-suavizante-suax-care\\\/#breadcrumb\"},\"inLanguage\":\"en-US\",\"potentialAction\":[{\"@type\":\"ReadAction\",\"target\":[\"https:\\\/\\\/meprolim.es\\\/producto\\\/quimicos-articulos-limpieza\\\/productos-quimicos-industriales\\\/lavanderia\\\/sistema-smartcare-residencias\\\/bidon-20kg-suavizante-suax-care\\\/\"]}]},{\"@type\":\"ImageObject\",\"inLanguage\":\"en-US\",\"@id\":\"https:\\\/\\\/meprolim.es\\\/producto\\\/quimicos-articulos-limpieza\\\/productos-quimicos-industriales\\\/lavanderia\\\/sistema-smartcare-residencias\\\/bidon-20kg-suavizante-suax-care\\\/#primaryimage\",\"url\":\"https:\\\/\\\/meprolim.es\\\/wp-content\\\/uploads\\\/2019\\\/09\\\/FR0081.jpg\",\"contentUrl\":\"https:\\\/\\\/meprolim.es\\\/wp-content\\\/uploads\\\/2019\\\/09\\\/FR0081.jpg\",\"width\":768,\"height\":768},{\"@type\":\"BreadcrumbList\",\"@id\":\"https:\\\/\\\/meprolim.es\\\/producto\\\/quimicos-articulos-limpieza\\\/productos-quimicos-industriales\\\/lavanderia\\\/sistema-smartcare-residencias\\\/bidon-20kg-suavizante-suax-care\\\/#breadcrumb\",\"itemListElement\":[{\"@type\":\"ListItem\",\"position\":1,\"name\":\"Portada\",\"item\":\"https:\\\/\\\/meprolim.es\\\/en\\\/\"},{\"@type\":\"ListItem\",\"position\":2,\"name\":\"Catalogue\",\"item\":\"https:\\\/\\\/meprolim.es\\\/en\\\/catalogue\\\/\"},{\"@type\":\"ListItem\",\"position\":3,\"name\":\"BID\u00d3N 20KG SUAVIZANTE SUAX CARE &#8211; C\u00d3DIGO: FR0081\"}]},{\"@type\":\"WebSite\",\"@id\":\"https:\\\/\\\/meprolim.es\\\/fr\\\/#website\",\"url\":\"https:\\\/\\\/meprolim.es\\\/fr\\\/\",\"name\":\"Meprolim\",\"description\":\"Cavas Catalanas S.L.\",\"publisher\":{\"@id\":\"https:\\\/\\\/meprolim.es\\\/fr\\\/#organization\"},\"potentialAction\":[{\"@type\":\"SearchAction\",\"target\":{\"@type\":\"EntryPoint\",\"urlTemplate\":\"https:\\\/\\\/meprolim.es\\\/fr\\\/?s={search_term_string}\"},\"query-input\":{\"@type\":\"PropertyValueSpecification\",\"valueRequired\":true,\"valueName\":\"search_term_string\"}}],\"inLanguage\":\"en-US\"},{\"@type\":\"Organization\",\"@id\":\"https:\\\/\\\/meprolim.es\\\/fr\\\/#organization\",\"name\":\"Meprolim\",\"url\":\"https:\\\/\\\/meprolim.es\\\/fr\\\/\",\"logo\":{\"@type\":\"ImageObject\",\"inLanguage\":\"en-US\",\"@id\":\"https:\\\/\\\/meprolim.es\\\/fr\\\/#\\\/schema\\\/logo\\\/image\\\/\",\"url\":\"https:\\\/\\\/meprolim.es\\\/wp-content\\\/uploads\\\/2019\\\/07\\\/cropped-logo2.png\",\"contentUrl\":\"https:\\\/\\\/meprolim.es\\\/wp-content\\\/uploads\\\/2019\\\/07\\\/cropped-logo2.png\",\"width\":401,\"height\":162,\"caption\":\"Meprolim\"},\"image\":{\"@id\":\"https:\\\/\\\/meprolim.es\\\/fr\\\/#\\\/schema\\\/logo\\\/image\\\/\"}}]}<\/script>\n<!-- \/ Yoast SEO plugin. -->","yoast_head_json":{"title":"BID\u00d3N 20KG SUAVIZANTE SUAX CARE - C\u00d3DIGO: FR0081 - Meprolim","robots":{"index":"index","follow":"follow","max-snippet":"max-snippet:-1","max-image-preview":"max-image-preview:large","max-video-preview":"max-video-preview:-1"},"canonical":"https:\/\/meprolim.es\/producto\/quimicos-articulos-limpieza\/productos-quimicos-industriales\/lavanderia\/sistema-smartcare-residencias\/bidon-20kg-suavizante-suax-care\/","og_locale":"en_US","og_type":"article","og_title":"BID\u00d3N 20KG SUAVIZANTE SUAX CARE - C\u00d3DIGO: FR0081 - Meprolim","og_description":"Caracter\u00edsticas:   Suavizante neutralizante completo.  Producto que confiere a las prendas una esponjosidad y voluminosidad que se aprecia desde el primer lavado.  Neutralizante de alcalinidad y cloro que se compone de una mezcla de \u00e1cidos org\u00e1nicos y de componentes antiest\u00e1ticos.  Datos t\u00e9cnicos:   pH 1-3.  Producto l\u00edquido.  Perfume: fresco.  Se recomienda una dosificaci\u00f3n de 4 gramos por cada kilo de ropa.  SKU: FR0081  &nbsp;","og_url":"https:\/\/meprolim.es\/producto\/quimicos-articulos-limpieza\/productos-quimicos-industriales\/lavanderia\/sistema-smartcare-residencias\/bidon-20kg-suavizante-suax-care\/","og_site_name":"Meprolim","article_modified_time":"2023-05-25T22:17:50+00:00","og_image":[{"width":768,"height":768,"url":"https:\/\/meprolim.es\/wp-content\/uploads\/2019\/09\/FR0081.jpg","type":"image\/jpeg"}],"twitter_card":"summary_large_image","twitter_misc":{"Est. reading time":"1 minute"},"schema":{"@context":"https:\/\/schema.org","@graph":[{"@type":"WebPage","@id":"https:\/\/meprolim.es\/producto\/quimicos-articulos-limpieza\/productos-quimicos-industriales\/lavanderia\/sistema-smartcare-residencias\/bidon-20kg-suavizante-suax-care\/","url":"https:\/\/meprolim.es\/producto\/quimicos-articulos-limpieza\/productos-quimicos-industriales\/lavanderia\/sistema-smartcare-residencias\/bidon-20kg-suavizante-suax-care\/","name":"BID\u00d3N 20KG SUAVIZANTE SUAX CARE - C\u00d3DIGO: FR0081 - Meprolim","isPartOf":{"@id":"https:\/\/meprolim.es\/fr\/#website"},"primaryImageOfPage":{"@id":"https:\/\/meprolim.es\/producto\/quimicos-articulos-limpieza\/productos-quimicos-industriales\/lavanderia\/sistema-smartcare-residencias\/bidon-20kg-suavizante-suax-care\/#primaryimage"},"image":{"@id":"https:\/\/meprolim.es\/producto\/quimicos-articulos-limpieza\/productos-quimicos-industriales\/lavanderia\/sistema-smartcare-residencias\/bidon-20kg-suavizante-suax-care\/#primaryimage"},"thumbnailUrl":"https:\/\/meprolim.es\/wp-content\/uploads\/2019\/09\/FR0081.jpg","datePublished":"2019-09-02T11:03:17+00:00","dateModified":"2023-05-25T22:17:50+00:00","breadcrumb":{"@id":"https:\/\/meprolim.es\/producto\/quimicos-articulos-limpieza\/productos-quimicos-industriales\/lavanderia\/sistema-smartcare-residencias\/bidon-20kg-suavizante-suax-care\/#breadcrumb"},"inLanguage":"en-US","potentialAction":[{"@type":"ReadAction","target":["https:\/\/meprolim.es\/producto\/quimicos-articulos-limpieza\/productos-quimicos-industriales\/lavanderia\/sistema-smartcare-residencias\/bidon-20kg-suavizante-suax-care\/"]}]},{"@type":"ImageObject","inLanguage":"en-US","@id":"https:\/\/meprolim.es\/producto\/quimicos-articulos-limpieza\/productos-quimicos-industriales\/lavanderia\/sistema-smartcare-residencias\/bidon-20kg-suavizante-suax-care\/#primaryimage","url":"https:\/\/meprolim.es\/wp-content\/uploads\/2019\/09\/FR0081.jpg","contentUrl":"https:\/\/meprolim.es\/wp-content\/uploads\/2019\/09\/FR0081.jpg","width":768,"height":768},{"@type":"BreadcrumbList","@id":"https:\/\/meprolim.es\/producto\/quimicos-articulos-limpieza\/productos-quimicos-industriales\/lavanderia\/sistema-smartcare-residencias\/bidon-20kg-suavizante-suax-care\/#breadcrumb","itemListElement":[{"@type":"ListItem","position":1,"name":"Portada","item":"https:\/\/meprolim.es\/en\/"},{"@type":"ListItem","position":2,"name":"Catalogue","item":"https:\/\/meprolim.es\/en\/catalogue\/"},{"@type":"ListItem","position":3,"name":"BID\u00d3N 20KG SUAVIZANTE SUAX CARE &#8211; C\u00d3DIGO: FR0081"}]},{"@type":"WebSite","@id":"https:\/\/meprolim.es\/fr\/#website","url":"https:\/\/meprolim.es\/fr\/","name":"Meprolim","description":"Cavas Catalanas S.L.","publisher":{"@id":"https:\/\/meprolim.es\/fr\/#organization"},"potentialAction":[{"@type":"SearchAction","target":{"@type":"EntryPoint","urlTemplate":"https:\/\/meprolim.es\/fr\/?s={search_term_string}"},"query-input":{"@type":"PropertyValueSpecification","valueRequired":true,"valueName":"search_term_string"}}],"inLanguage":"en-US"},{"@type":"Organization","@id":"https:\/\/meprolim.es\/fr\/#organization","name":"Meprolim","url":"https:\/\/meprolim.es\/fr\/","logo":{"@type":"ImageObject","inLanguage":"en-US","@id":"https:\/\/meprolim.es\/fr\/#\/schema\/logo\/image\/","url":"https:\/\/meprolim.es\/wp-content\/uploads\/2019\/07\/cropped-logo2.png","contentUrl":"https:\/\/meprolim.es\/wp-content\/uploads\/2019\/07\/cropped-logo2.png","width":401,"height":162,"caption":"Meprolim"},"image":{"@id":"https:\/\/meprolim.es\/fr\/#\/schema\/logo\/image\/"}}]}},"_links":{"self":[{"href":"https:\/\/meprolim.es\/en\/wp-json\/wp\/v2\/product\/8529","targetHints":{"allow":["GET"]}}],"collection":[{"href":"https:\/\/meprolim.es\/en\/wp-json\/wp\/v2\/product"}],"about":[{"href":"https:\/\/meprolim.es\/en\/wp-json\/wp\/v2\/types\/product"}],"wp:featuredmedia":[{"embeddable":true,"href":"https:\/\/meprolim.es\/en\/wp-json\/wp\/v2\/media\/8527"}],"wp:attachment":[{"href":"https:\/\/meprolim.es\/en\/wp-json\/wp\/v2\/media?parent=8529"}],"wp:term":[{"taxonomy":"product_brand","embeddable":true,"href":"https:\/\/meprolim.es\/en\/wp-json\/wp\/v2\/product_brand?post=8529"},{"taxonomy":"product_cat","embeddable":true,"href":"https:\/\/meprolim.es\/en\/wp-json\/wp\/v2\/product_cat?post=8529"},{"taxonomy":"product_tag","embeddable":true,"href":"https:\/\/meprolim.es\/en\/wp-json\/wp\/v2\/product_tag?post=8529"}],"curies":[{"name":"wp","href":"https:\/\/api.w.org\/{rel}","templated":true}]}}