{"id":8615,"date":"2019-09-02T14:20:52","date_gmt":"2019-09-02T13:20:52","guid":{"rendered":"http:\/\/www.meprolim.es\/?post_type=product&#038;p=8615"},"modified":"2023-05-25T22:16:44","modified_gmt":"2023-05-25T21:16:44","slug":"bidon-20kg-deterlav-detergente-humectante","status":"publish","type":"product","link":"https:\/\/meprolim.es\/en\/producto\/quimicos-y-articulos-de-limpieza\/productos-quimicos-industriales-en\/lavanderia-en\/detergentes-liquidos-en\/bidon-20kg-deterlav-detergente-humectante\/","title":{"rendered":"BID\u00d3N 20KG DETERLAV DETERGENTE HUMECTANTE &#8211; C\u00d3DIGO: FR0071"},"content":{"rendered":"<div class=\"wpb-content-wrapper\"><p>[vc_row][vc_column][vc_column_text]<\/p>\n<p style=\"text-align: justify;\">Detergente con gran poder humectante para el lavado de todo tipo de tejidos. Respeta y reaviva los colores naturales de la fibra. Incorpora ingredientes que protege la ropa de la agresi\u00f3n de los componentes detersivos. Al ser un producto l\u00edquido se puede utilizar para aplicar sobre las manchas dif\u00edciles.\u00a0<\/p>\n<p>[\/vc_column_text][\/vc_column][\/vc_row]<\/p>\n<\/div>","protected":false},"excerpt":{"rendered":"<p>Caracter\u00edsticas:<\/p>\n<ul>\n<li>Con poder humectante para lavado de todo tipo de tejidos.<\/li>\n<li>Respeta y reaviva los colores naturales de las fibras.<\/li>\n<li>Incorpora ingredientes que protegen la ropa de la agresi\u00f3n de los componentes detersivos.<\/li>\n<li>Da suavidad y desenreda los tejidos.<\/li>\n<li>Gran poder espumante.<\/li>\n<li>Acci\u00f3n r\u00e1pida.<\/li>\n<li>Blanqueantes \u00f3pticos.<\/li>\n<li>Secuestrantes: evita la incrustaci\u00f3n de cal en la ropa. \u2022 Alto poder emulsionante de suciedad y grasa.<\/li>\n<\/ul>\n<p>Datos t\u00e9cnicos:<\/p>\n<ul>\n<li>pH 7-9.<\/li>\n<li>Producto l\u00edquido.<\/li>\n<li>Perfume: caracter\u00edstico.<\/li>\n<li>Dosificar 10-20 g por kg de ropa, seg\u00fan suciedad y dureza del agua.<\/li>\n<li>Se puede aplicar directamente sobre las manchas dif\u00edciles.<\/li>\n<\/ul>\n<p><strong>SKU: FR0071<\/strong><\/p>\n<p>&nbsp;<\/p>\n","protected":false},"featured_media":8616,"template":"","meta":[],"product_brand":[],"product_cat":[756,1049,652,94],"product_tag":[736,727,654],"class_list":{"0":"post-8615","1":"product","2":"type-product","3":"status-publish","4":"has-post-thumbnail","6":"product_cat-detergentes-liquidos","7":"product_cat-lavanderia","8":"product_cat-productos-quimicos-industriales","9":"product_cat-quimicos-articulos-limpieza","10":"product_tag-humectante","11":"product_tag-lavanderia","12":"product_tag-productos-quimicos","14":"first","15":"instock","16":"shipping-taxable","17":"product-type-simple"},"yoast_head":"<!-- This site is optimized with the Yoast SEO plugin v27.3 - https:\/\/yoast.com\/product\/yoast-seo-wordpress\/ -->\n<title>BID\u00d3N 20KG DETERLAV DETERGENTE HUMECTANTE - C\u00d3DIGO: FR0071 - Meprolim<\/title>\n<meta name=\"robots\" content=\"index, follow, max-snippet:-1, max-image-preview:large, max-video-preview:-1\" \/>\n<link rel=\"canonical\" href=\"https:\/\/meprolim.es\/producto\/quimicos-articulos-limpieza\/productos-quimicos-industriales\/lavanderia\/detergentes-liquidos\/bidon-20kg-deterlav-detergente-humectante\/\" \/>\n<meta property=\"og:locale\" content=\"en_US\" \/>\n<meta property=\"og:type\" content=\"article\" \/>\n<meta property=\"og:title\" content=\"BID\u00d3N 20KG DETERLAV DETERGENTE HUMECTANTE - C\u00d3DIGO: FR0071 - Meprolim\" \/>\n<meta property=\"og:description\" content=\"Caracter\u00edsticas:   Con poder humectante para lavado de todo tipo de tejidos.  Respeta y reaviva los colores naturales de las fibras.  Incorpora ingredientes que protegen la ropa de la agresi\u00f3n de los componentes detersivos.  Da suavidad y desenreda los tejidos.  Gran poder espumante.  Acci\u00f3n r\u00e1pida.  Blanqueantes \u00f3pticos.  Secuestrantes: evita la incrustaci\u00f3n de cal en la ropa. \u2022 Alto poder emulsionante de suciedad y grasa.  Datos t\u00e9cnicos:   pH 7-9.  Producto l\u00edquido.  Perfume: caracter\u00edstico.  Dosificar 10-20 g por kg de ropa, seg\u00fan suciedad y dureza del agua.  Se puede aplicar directamente sobre las manchas dif\u00edciles.  SKU: FR0071 &nbsp;\" \/>\n<meta property=\"og:url\" content=\"https:\/\/meprolim.es\/producto\/quimicos-articulos-limpieza\/productos-quimicos-industriales\/lavanderia\/detergentes-liquidos\/bidon-20kg-deterlav-detergente-humectante\/\" \/>\n<meta property=\"og:site_name\" content=\"Meprolim\" \/>\n<meta property=\"article:modified_time\" content=\"2023-05-25T21:16:44+00:00\" \/>\n<meta property=\"og:image\" content=\"https:\/\/meprolim.es\/wp-content\/uploads\/2019\/09\/FR0071.jpg\" \/>\n\t<meta property=\"og:image:width\" content=\"768\" \/>\n\t<meta property=\"og:image:height\" content=\"768\" \/>\n\t<meta property=\"og:image:type\" content=\"image\/jpeg\" \/>\n<meta name=\"twitter:card\" content=\"summary_large_image\" \/>\n<meta name=\"twitter:label1\" content=\"Est. reading time\" \/>\n\t<meta name=\"twitter:data1\" content=\"1 minute\" \/>\n<script type=\"application\/ld+json\" class=\"yoast-schema-graph\">{\"@context\":\"https:\\\/\\\/schema.org\",\"@graph\":[{\"@type\":\"WebPage\",\"@id\":\"https:\\\/\\\/meprolim.es\\\/producto\\\/quimicos-articulos-limpieza\\\/productos-quimicos-industriales\\\/lavanderia\\\/detergentes-liquidos\\\/bidon-20kg-deterlav-detergente-humectante\\\/\",\"url\":\"https:\\\/\\\/meprolim.es\\\/producto\\\/quimicos-articulos-limpieza\\\/productos-quimicos-industriales\\\/lavanderia\\\/detergentes-liquidos\\\/bidon-20kg-deterlav-detergente-humectante\\\/\",\"name\":\"BID\u00d3N 20KG DETERLAV DETERGENTE HUMECTANTE - C\u00d3DIGO: FR0071 - Meprolim\",\"isPartOf\":{\"@id\":\"https:\\\/\\\/meprolim.es\\\/fr\\\/#website\"},\"primaryImageOfPage\":{\"@id\":\"https:\\\/\\\/meprolim.es\\\/producto\\\/quimicos-articulos-limpieza\\\/productos-quimicos-industriales\\\/lavanderia\\\/detergentes-liquidos\\\/bidon-20kg-deterlav-detergente-humectante\\\/#primaryimage\"},\"image\":{\"@id\":\"https:\\\/\\\/meprolim.es\\\/producto\\\/quimicos-articulos-limpieza\\\/productos-quimicos-industriales\\\/lavanderia\\\/detergentes-liquidos\\\/bidon-20kg-deterlav-detergente-humectante\\\/#primaryimage\"},\"thumbnailUrl\":\"https:\\\/\\\/meprolim.es\\\/wp-content\\\/uploads\\\/2019\\\/09\\\/FR0071.jpg\",\"datePublished\":\"2019-09-02T13:20:52+00:00\",\"dateModified\":\"2023-05-25T21:16:44+00:00\",\"breadcrumb\":{\"@id\":\"https:\\\/\\\/meprolim.es\\\/producto\\\/quimicos-articulos-limpieza\\\/productos-quimicos-industriales\\\/lavanderia\\\/detergentes-liquidos\\\/bidon-20kg-deterlav-detergente-humectante\\\/#breadcrumb\"},\"inLanguage\":\"en-US\",\"potentialAction\":[{\"@type\":\"ReadAction\",\"target\":[\"https:\\\/\\\/meprolim.es\\\/producto\\\/quimicos-articulos-limpieza\\\/productos-quimicos-industriales\\\/lavanderia\\\/detergentes-liquidos\\\/bidon-20kg-deterlav-detergente-humectante\\\/\"]}]},{\"@type\":\"ImageObject\",\"inLanguage\":\"en-US\",\"@id\":\"https:\\\/\\\/meprolim.es\\\/producto\\\/quimicos-articulos-limpieza\\\/productos-quimicos-industriales\\\/lavanderia\\\/detergentes-liquidos\\\/bidon-20kg-deterlav-detergente-humectante\\\/#primaryimage\",\"url\":\"https:\\\/\\\/meprolim.es\\\/wp-content\\\/uploads\\\/2019\\\/09\\\/FR0071.jpg\",\"contentUrl\":\"https:\\\/\\\/meprolim.es\\\/wp-content\\\/uploads\\\/2019\\\/09\\\/FR0071.jpg\",\"width\":768,\"height\":768},{\"@type\":\"BreadcrumbList\",\"@id\":\"https:\\\/\\\/meprolim.es\\\/producto\\\/quimicos-articulos-limpieza\\\/productos-quimicos-industriales\\\/lavanderia\\\/detergentes-liquidos\\\/bidon-20kg-deterlav-detergente-humectante\\\/#breadcrumb\",\"itemListElement\":[{\"@type\":\"ListItem\",\"position\":1,\"name\":\"Portada\",\"item\":\"https:\\\/\\\/meprolim.es\\\/en\\\/\"},{\"@type\":\"ListItem\",\"position\":2,\"name\":\"Catalogue\",\"item\":\"https:\\\/\\\/meprolim.es\\\/en\\\/catalogue\\\/\"},{\"@type\":\"ListItem\",\"position\":3,\"name\":\"BID\u00d3N 20KG DETERLAV DETERGENTE HUMECTANTE &#8211; C\u00d3DIGO: FR0071\"}]},{\"@type\":\"WebSite\",\"@id\":\"https:\\\/\\\/meprolim.es\\\/fr\\\/#website\",\"url\":\"https:\\\/\\\/meprolim.es\\\/fr\\\/\",\"name\":\"Meprolim\",\"description\":\"Cavas Catalanas S.L.\",\"publisher\":{\"@id\":\"https:\\\/\\\/meprolim.es\\\/fr\\\/#organization\"},\"potentialAction\":[{\"@type\":\"SearchAction\",\"target\":{\"@type\":\"EntryPoint\",\"urlTemplate\":\"https:\\\/\\\/meprolim.es\\\/fr\\\/?s={search_term_string}\"},\"query-input\":{\"@type\":\"PropertyValueSpecification\",\"valueRequired\":true,\"valueName\":\"search_term_string\"}}],\"inLanguage\":\"en-US\"},{\"@type\":\"Organization\",\"@id\":\"https:\\\/\\\/meprolim.es\\\/fr\\\/#organization\",\"name\":\"Meprolim\",\"url\":\"https:\\\/\\\/meprolim.es\\\/fr\\\/\",\"logo\":{\"@type\":\"ImageObject\",\"inLanguage\":\"en-US\",\"@id\":\"https:\\\/\\\/meprolim.es\\\/fr\\\/#\\\/schema\\\/logo\\\/image\\\/\",\"url\":\"https:\\\/\\\/meprolim.es\\\/wp-content\\\/uploads\\\/2019\\\/07\\\/cropped-logo2.png\",\"contentUrl\":\"https:\\\/\\\/meprolim.es\\\/wp-content\\\/uploads\\\/2019\\\/07\\\/cropped-logo2.png\",\"width\":401,\"height\":162,\"caption\":\"Meprolim\"},\"image\":{\"@id\":\"https:\\\/\\\/meprolim.es\\\/fr\\\/#\\\/schema\\\/logo\\\/image\\\/\"}}]}<\/script>\n<!-- \/ Yoast SEO plugin. -->","yoast_head_json":{"title":"BID\u00d3N 20KG DETERLAV DETERGENTE HUMECTANTE - C\u00d3DIGO: FR0071 - Meprolim","robots":{"index":"index","follow":"follow","max-snippet":"max-snippet:-1","max-image-preview":"max-image-preview:large","max-video-preview":"max-video-preview:-1"},"canonical":"https:\/\/meprolim.es\/producto\/quimicos-articulos-limpieza\/productos-quimicos-industriales\/lavanderia\/detergentes-liquidos\/bidon-20kg-deterlav-detergente-humectante\/","og_locale":"en_US","og_type":"article","og_title":"BID\u00d3N 20KG DETERLAV DETERGENTE HUMECTANTE - C\u00d3DIGO: FR0071 - Meprolim","og_description":"Caracter\u00edsticas:   Con poder humectante para lavado de todo tipo de tejidos.  Respeta y reaviva los colores naturales de las fibras.  Incorpora ingredientes que protegen la ropa de la agresi\u00f3n de los componentes detersivos.  Da suavidad y desenreda los tejidos.  Gran poder espumante.  Acci\u00f3n r\u00e1pida.  Blanqueantes \u00f3pticos.  Secuestrantes: evita la incrustaci\u00f3n de cal en la ropa. \u2022 Alto poder emulsionante de suciedad y grasa.  Datos t\u00e9cnicos:   pH 7-9.  Producto l\u00edquido.  Perfume: caracter\u00edstico.  Dosificar 10-20 g por kg de ropa, seg\u00fan suciedad y dureza del agua.  Se puede aplicar directamente sobre las manchas dif\u00edciles.  SKU: FR0071 &nbsp;","og_url":"https:\/\/meprolim.es\/producto\/quimicos-articulos-limpieza\/productos-quimicos-industriales\/lavanderia\/detergentes-liquidos\/bidon-20kg-deterlav-detergente-humectante\/","og_site_name":"Meprolim","article_modified_time":"2023-05-25T21:16:44+00:00","og_image":[{"width":768,"height":768,"url":"https:\/\/meprolim.es\/wp-content\/uploads\/2019\/09\/FR0071.jpg","type":"image\/jpeg"}],"twitter_card":"summary_large_image","twitter_misc":{"Est. reading time":"1 minute"},"schema":{"@context":"https:\/\/schema.org","@graph":[{"@type":"WebPage","@id":"https:\/\/meprolim.es\/producto\/quimicos-articulos-limpieza\/productos-quimicos-industriales\/lavanderia\/detergentes-liquidos\/bidon-20kg-deterlav-detergente-humectante\/","url":"https:\/\/meprolim.es\/producto\/quimicos-articulos-limpieza\/productos-quimicos-industriales\/lavanderia\/detergentes-liquidos\/bidon-20kg-deterlav-detergente-humectante\/","name":"BID\u00d3N 20KG DETERLAV DETERGENTE HUMECTANTE - C\u00d3DIGO: FR0071 - Meprolim","isPartOf":{"@id":"https:\/\/meprolim.es\/fr\/#website"},"primaryImageOfPage":{"@id":"https:\/\/meprolim.es\/producto\/quimicos-articulos-limpieza\/productos-quimicos-industriales\/lavanderia\/detergentes-liquidos\/bidon-20kg-deterlav-detergente-humectante\/#primaryimage"},"image":{"@id":"https:\/\/meprolim.es\/producto\/quimicos-articulos-limpieza\/productos-quimicos-industriales\/lavanderia\/detergentes-liquidos\/bidon-20kg-deterlav-detergente-humectante\/#primaryimage"},"thumbnailUrl":"https:\/\/meprolim.es\/wp-content\/uploads\/2019\/09\/FR0071.jpg","datePublished":"2019-09-02T13:20:52+00:00","dateModified":"2023-05-25T21:16:44+00:00","breadcrumb":{"@id":"https:\/\/meprolim.es\/producto\/quimicos-articulos-limpieza\/productos-quimicos-industriales\/lavanderia\/detergentes-liquidos\/bidon-20kg-deterlav-detergente-humectante\/#breadcrumb"},"inLanguage":"en-US","potentialAction":[{"@type":"ReadAction","target":["https:\/\/meprolim.es\/producto\/quimicos-articulos-limpieza\/productos-quimicos-industriales\/lavanderia\/detergentes-liquidos\/bidon-20kg-deterlav-detergente-humectante\/"]}]},{"@type":"ImageObject","inLanguage":"en-US","@id":"https:\/\/meprolim.es\/producto\/quimicos-articulos-limpieza\/productos-quimicos-industriales\/lavanderia\/detergentes-liquidos\/bidon-20kg-deterlav-detergente-humectante\/#primaryimage","url":"https:\/\/meprolim.es\/wp-content\/uploads\/2019\/09\/FR0071.jpg","contentUrl":"https:\/\/meprolim.es\/wp-content\/uploads\/2019\/09\/FR0071.jpg","width":768,"height":768},{"@type":"BreadcrumbList","@id":"https:\/\/meprolim.es\/producto\/quimicos-articulos-limpieza\/productos-quimicos-industriales\/lavanderia\/detergentes-liquidos\/bidon-20kg-deterlav-detergente-humectante\/#breadcrumb","itemListElement":[{"@type":"ListItem","position":1,"name":"Portada","item":"https:\/\/meprolim.es\/en\/"},{"@type":"ListItem","position":2,"name":"Catalogue","item":"https:\/\/meprolim.es\/en\/catalogue\/"},{"@type":"ListItem","position":3,"name":"BID\u00d3N 20KG DETERLAV DETERGENTE HUMECTANTE &#8211; C\u00d3DIGO: FR0071"}]},{"@type":"WebSite","@id":"https:\/\/meprolim.es\/fr\/#website","url":"https:\/\/meprolim.es\/fr\/","name":"Meprolim","description":"Cavas Catalanas S.L.","publisher":{"@id":"https:\/\/meprolim.es\/fr\/#organization"},"potentialAction":[{"@type":"SearchAction","target":{"@type":"EntryPoint","urlTemplate":"https:\/\/meprolim.es\/fr\/?s={search_term_string}"},"query-input":{"@type":"PropertyValueSpecification","valueRequired":true,"valueName":"search_term_string"}}],"inLanguage":"en-US"},{"@type":"Organization","@id":"https:\/\/meprolim.es\/fr\/#organization","name":"Meprolim","url":"https:\/\/meprolim.es\/fr\/","logo":{"@type":"ImageObject","inLanguage":"en-US","@id":"https:\/\/meprolim.es\/fr\/#\/schema\/logo\/image\/","url":"https:\/\/meprolim.es\/wp-content\/uploads\/2019\/07\/cropped-logo2.png","contentUrl":"https:\/\/meprolim.es\/wp-content\/uploads\/2019\/07\/cropped-logo2.png","width":401,"height":162,"caption":"Meprolim"},"image":{"@id":"https:\/\/meprolim.es\/fr\/#\/schema\/logo\/image\/"}}]}},"_links":{"self":[{"href":"https:\/\/meprolim.es\/en\/wp-json\/wp\/v2\/product\/8615","targetHints":{"allow":["GET"]}}],"collection":[{"href":"https:\/\/meprolim.es\/en\/wp-json\/wp\/v2\/product"}],"about":[{"href":"https:\/\/meprolim.es\/en\/wp-json\/wp\/v2\/types\/product"}],"wp:featuredmedia":[{"embeddable":true,"href":"https:\/\/meprolim.es\/en\/wp-json\/wp\/v2\/media\/8616"}],"wp:attachment":[{"href":"https:\/\/meprolim.es\/en\/wp-json\/wp\/v2\/media?parent=8615"}],"wp:term":[{"taxonomy":"product_brand","embeddable":true,"href":"https:\/\/meprolim.es\/en\/wp-json\/wp\/v2\/product_brand?post=8615"},{"taxonomy":"product_cat","embeddable":true,"href":"https:\/\/meprolim.es\/en\/wp-json\/wp\/v2\/product_cat?post=8615"},{"taxonomy":"product_tag","embeddable":true,"href":"https:\/\/meprolim.es\/en\/wp-json\/wp\/v2\/product_tag?post=8615"}],"curies":[{"name":"wp","href":"https:\/\/api.w.org\/{rel}","templated":true}]}}