{"id":8651,"date":"2019-09-02T17:37:14","date_gmt":"2019-09-02T16:37:14","guid":{"rendered":"http:\/\/www.meprolim.es\/?post_type=product&#038;p=8651"},"modified":"2023-05-26T00:04:42","modified_gmt":"2023-05-25T23:04:42","slug":"bidon-20kg-detergente-alkan","status":"publish","type":"product","link":"https:\/\/meprolim.es\/en\/producto\/quimicos-y-articulos-de-limpieza\/productos-quimicos-industriales-en\/lavanderia-en\/detergentes-liquidos-en\/bidon-20kg-detergente-alkan\/","title":{"rendered":"BID\u00d3N 20KG DETERGENTE ALKAN &#8211; C\u00d3DIGO: FR0095"},"content":{"rendered":"<div class=\"wpb-content-wrapper\"><p>[vc_row][vc_column][vc_column_text]<\/p>\n<p>Ideal para el higienizado de ropa hospitalaria. Permite lavar en procesos de suciedad organica, sin necesidad de remojos; garantizando la total eliminaci\u00f3n de bacterias, en las prendas y en los vertidos.Aguas blandas-medias.<\/p>\n<p>[\/vc_column_text][\/vc_column][\/vc_row]<\/p>\n<\/div>","protected":false},"excerpt":{"rendered":"<p>Caracter\u00edsticas:<\/p>\n<ul>\n<li>Ideal para el higienizado de ropa hospitalaria.<\/li>\n<li>Permite lavar en procesos de suciedad org\u00e1nica, sin necesidad de remojos.<\/li>\n<li>Garantiza la total eliminaci\u00f3n de bacterias, en las prendas y en los vertidos.<\/li>\n<li>Para aguas blandas-medias. \u2022 Gran poder de eliminaci\u00f3n de todo tipo de restos (caf\u00e9, leche quemada, t\u00f3mate, huevo,&#8230;).<\/li>\n<li>Secuestrantes, acondiciona el agua de lavado para que el principio activo act\u00fae sobre la suciedad.<\/li>\n<li>\u00c1lcalis: alto poder de limpieza de los restos de suciedad org\u00e1nicos.<\/li>\n<li>Alto poder de destrucci\u00f3n y saponificaci\u00f3n de grasas.<\/li>\n<\/ul>\n<p>Datos t\u00e9cnicos:<\/p>\n<ul>\n<li>pH 12-13.<\/li>\n<li>Producto l\u00edquido.<\/li>\n<li>Perfume: caracter\u00edstico.<\/li>\n<li>Dosificar de 8 a 12 g de producto por kg de ropa dependiendo de la dureza del agua y del grado de suciedad a eliminar.<\/li>\n<\/ul>\n<p><strong>SKU: FR0095<\/strong><\/p>\n<p>&nbsp;<\/p>\n","protected":false},"featured_media":8652,"template":"","meta":[],"product_brand":[],"product_cat":[756,1049,652,94],"product_tag":[727,654],"class_list":{"0":"post-8651","1":"product","2":"type-product","3":"status-publish","4":"has-post-thumbnail","6":"product_cat-detergentes-liquidos","7":"product_cat-lavanderia","8":"product_cat-productos-quimicos-industriales","9":"product_cat-quimicos-articulos-limpieza","10":"product_tag-lavanderia","11":"product_tag-productos-quimicos","13":"first","14":"instock","15":"shipping-taxable","16":"product-type-simple"},"yoast_head":"<!-- This site is optimized with the Yoast SEO plugin v27.3 - https:\/\/yoast.com\/product\/yoast-seo-wordpress\/ -->\n<title>BID\u00d3N 20KG DETERGENTE ALKAN - C\u00d3DIGO: FR0095 - Meprolim<\/title>\n<meta name=\"robots\" content=\"index, follow, max-snippet:-1, max-image-preview:large, max-video-preview:-1\" \/>\n<link rel=\"canonical\" href=\"https:\/\/meprolim.es\/producto\/quimicos-articulos-limpieza\/productos-quimicos-industriales\/lavanderia\/detergentes-liquidos\/bidon-20kg-detergente-alkan\/\" \/>\n<meta property=\"og:locale\" content=\"en_US\" \/>\n<meta property=\"og:type\" content=\"article\" \/>\n<meta property=\"og:title\" content=\"BID\u00d3N 20KG DETERGENTE ALKAN - C\u00d3DIGO: FR0095 - Meprolim\" \/>\n<meta property=\"og:description\" content=\"Caracter\u00edsticas:   Ideal para el higienizado de ropa hospitalaria.  Permite lavar en procesos de suciedad org\u00e1nica, sin necesidad de remojos.  Garantiza la total eliminaci\u00f3n de bacterias, en las prendas y en los vertidos.  Para aguas blandas-medias. \u2022 Gran poder de eliminaci\u00f3n de todo tipo de restos (caf\u00e9, leche quemada, t\u00f3mate, huevo,...).  Secuestrantes, acondiciona el agua de lavado para que el principio activo act\u00fae sobre la suciedad.  \u00c1lcalis: alto poder de limpieza de los restos de suciedad org\u00e1nicos.  Alto poder de destrucci\u00f3n y saponificaci\u00f3n de grasas.  Datos t\u00e9cnicos:   pH 12-13.  Producto l\u00edquido.  Perfume: caracter\u00edstico.  Dosificar de 8 a 12 g de producto por kg de ropa dependiendo de la dureza del agua y del grado de suciedad a eliminar.  SKU: FR0095 &nbsp;\" \/>\n<meta property=\"og:url\" content=\"https:\/\/meprolim.es\/producto\/quimicos-articulos-limpieza\/productos-quimicos-industriales\/lavanderia\/detergentes-liquidos\/bidon-20kg-detergente-alkan\/\" \/>\n<meta property=\"og:site_name\" content=\"Meprolim\" \/>\n<meta property=\"article:modified_time\" content=\"2023-05-25T23:04:42+00:00\" \/>\n<meta property=\"og:image\" content=\"https:\/\/meprolim.es\/wp-content\/uploads\/2019\/09\/FR0095.jpg\" \/>\n\t<meta property=\"og:image:width\" content=\"768\" \/>\n\t<meta property=\"og:image:height\" content=\"768\" \/>\n\t<meta property=\"og:image:type\" content=\"image\/jpeg\" \/>\n<meta name=\"twitter:card\" content=\"summary_large_image\" \/>\n<meta name=\"twitter:label1\" content=\"Est. reading time\" \/>\n\t<meta name=\"twitter:data1\" content=\"1 minute\" \/>\n<script type=\"application\/ld+json\" class=\"yoast-schema-graph\">{\"@context\":\"https:\\\/\\\/schema.org\",\"@graph\":[{\"@type\":\"WebPage\",\"@id\":\"https:\\\/\\\/meprolim.es\\\/producto\\\/quimicos-articulos-limpieza\\\/productos-quimicos-industriales\\\/lavanderia\\\/detergentes-liquidos\\\/bidon-20kg-detergente-alkan\\\/\",\"url\":\"https:\\\/\\\/meprolim.es\\\/producto\\\/quimicos-articulos-limpieza\\\/productos-quimicos-industriales\\\/lavanderia\\\/detergentes-liquidos\\\/bidon-20kg-detergente-alkan\\\/\",\"name\":\"BID\u00d3N 20KG DETERGENTE ALKAN - C\u00d3DIGO: FR0095 - Meprolim\",\"isPartOf\":{\"@id\":\"https:\\\/\\\/meprolim.es\\\/fr\\\/#website\"},\"primaryImageOfPage\":{\"@id\":\"https:\\\/\\\/meprolim.es\\\/producto\\\/quimicos-articulos-limpieza\\\/productos-quimicos-industriales\\\/lavanderia\\\/detergentes-liquidos\\\/bidon-20kg-detergente-alkan\\\/#primaryimage\"},\"image\":{\"@id\":\"https:\\\/\\\/meprolim.es\\\/producto\\\/quimicos-articulos-limpieza\\\/productos-quimicos-industriales\\\/lavanderia\\\/detergentes-liquidos\\\/bidon-20kg-detergente-alkan\\\/#primaryimage\"},\"thumbnailUrl\":\"https:\\\/\\\/meprolim.es\\\/wp-content\\\/uploads\\\/2019\\\/09\\\/FR0095.jpg\",\"datePublished\":\"2019-09-02T16:37:14+00:00\",\"dateModified\":\"2023-05-25T23:04:42+00:00\",\"breadcrumb\":{\"@id\":\"https:\\\/\\\/meprolim.es\\\/producto\\\/quimicos-articulos-limpieza\\\/productos-quimicos-industriales\\\/lavanderia\\\/detergentes-liquidos\\\/bidon-20kg-detergente-alkan\\\/#breadcrumb\"},\"inLanguage\":\"en-US\",\"potentialAction\":[{\"@type\":\"ReadAction\",\"target\":[\"https:\\\/\\\/meprolim.es\\\/producto\\\/quimicos-articulos-limpieza\\\/productos-quimicos-industriales\\\/lavanderia\\\/detergentes-liquidos\\\/bidon-20kg-detergente-alkan\\\/\"]}]},{\"@type\":\"ImageObject\",\"inLanguage\":\"en-US\",\"@id\":\"https:\\\/\\\/meprolim.es\\\/producto\\\/quimicos-articulos-limpieza\\\/productos-quimicos-industriales\\\/lavanderia\\\/detergentes-liquidos\\\/bidon-20kg-detergente-alkan\\\/#primaryimage\",\"url\":\"https:\\\/\\\/meprolim.es\\\/wp-content\\\/uploads\\\/2019\\\/09\\\/FR0095.jpg\",\"contentUrl\":\"https:\\\/\\\/meprolim.es\\\/wp-content\\\/uploads\\\/2019\\\/09\\\/FR0095.jpg\",\"width\":768,\"height\":768},{\"@type\":\"BreadcrumbList\",\"@id\":\"https:\\\/\\\/meprolim.es\\\/producto\\\/quimicos-articulos-limpieza\\\/productos-quimicos-industriales\\\/lavanderia\\\/detergentes-liquidos\\\/bidon-20kg-detergente-alkan\\\/#breadcrumb\",\"itemListElement\":[{\"@type\":\"ListItem\",\"position\":1,\"name\":\"Portada\",\"item\":\"https:\\\/\\\/meprolim.es\\\/en\\\/\"},{\"@type\":\"ListItem\",\"position\":2,\"name\":\"Catalogue\",\"item\":\"https:\\\/\\\/meprolim.es\\\/en\\\/catalogue\\\/\"},{\"@type\":\"ListItem\",\"position\":3,\"name\":\"BID\u00d3N 20KG DETERGENTE ALKAN &#8211; C\u00d3DIGO: FR0095\"}]},{\"@type\":\"WebSite\",\"@id\":\"https:\\\/\\\/meprolim.es\\\/fr\\\/#website\",\"url\":\"https:\\\/\\\/meprolim.es\\\/fr\\\/\",\"name\":\"Meprolim\",\"description\":\"Cavas Catalanas S.L.\",\"publisher\":{\"@id\":\"https:\\\/\\\/meprolim.es\\\/fr\\\/#organization\"},\"potentialAction\":[{\"@type\":\"SearchAction\",\"target\":{\"@type\":\"EntryPoint\",\"urlTemplate\":\"https:\\\/\\\/meprolim.es\\\/fr\\\/?s={search_term_string}\"},\"query-input\":{\"@type\":\"PropertyValueSpecification\",\"valueRequired\":true,\"valueName\":\"search_term_string\"}}],\"inLanguage\":\"en-US\"},{\"@type\":\"Organization\",\"@id\":\"https:\\\/\\\/meprolim.es\\\/fr\\\/#organization\",\"name\":\"Meprolim\",\"url\":\"https:\\\/\\\/meprolim.es\\\/fr\\\/\",\"logo\":{\"@type\":\"ImageObject\",\"inLanguage\":\"en-US\",\"@id\":\"https:\\\/\\\/meprolim.es\\\/fr\\\/#\\\/schema\\\/logo\\\/image\\\/\",\"url\":\"https:\\\/\\\/meprolim.es\\\/wp-content\\\/uploads\\\/2019\\\/07\\\/cropped-logo2.png\",\"contentUrl\":\"https:\\\/\\\/meprolim.es\\\/wp-content\\\/uploads\\\/2019\\\/07\\\/cropped-logo2.png\",\"width\":401,\"height\":162,\"caption\":\"Meprolim\"},\"image\":{\"@id\":\"https:\\\/\\\/meprolim.es\\\/fr\\\/#\\\/schema\\\/logo\\\/image\\\/\"}}]}<\/script>\n<!-- \/ Yoast SEO plugin. -->","yoast_head_json":{"title":"BID\u00d3N 20KG DETERGENTE ALKAN - C\u00d3DIGO: FR0095 - Meprolim","robots":{"index":"index","follow":"follow","max-snippet":"max-snippet:-1","max-image-preview":"max-image-preview:large","max-video-preview":"max-video-preview:-1"},"canonical":"https:\/\/meprolim.es\/producto\/quimicos-articulos-limpieza\/productos-quimicos-industriales\/lavanderia\/detergentes-liquidos\/bidon-20kg-detergente-alkan\/","og_locale":"en_US","og_type":"article","og_title":"BID\u00d3N 20KG DETERGENTE ALKAN - C\u00d3DIGO: FR0095 - Meprolim","og_description":"Caracter\u00edsticas:   Ideal para el higienizado de ropa hospitalaria.  Permite lavar en procesos de suciedad org\u00e1nica, sin necesidad de remojos.  Garantiza la total eliminaci\u00f3n de bacterias, en las prendas y en los vertidos.  Para aguas blandas-medias. \u2022 Gran poder de eliminaci\u00f3n de todo tipo de restos (caf\u00e9, leche quemada, t\u00f3mate, huevo,...).  Secuestrantes, acondiciona el agua de lavado para que el principio activo act\u00fae sobre la suciedad.  \u00c1lcalis: alto poder de limpieza de los restos de suciedad org\u00e1nicos.  Alto poder de destrucci\u00f3n y saponificaci\u00f3n de grasas.  Datos t\u00e9cnicos:   pH 12-13.  Producto l\u00edquido.  Perfume: caracter\u00edstico.  Dosificar de 8 a 12 g de producto por kg de ropa dependiendo de la dureza del agua y del grado de suciedad a eliminar.  SKU: FR0095 &nbsp;","og_url":"https:\/\/meprolim.es\/producto\/quimicos-articulos-limpieza\/productos-quimicos-industriales\/lavanderia\/detergentes-liquidos\/bidon-20kg-detergente-alkan\/","og_site_name":"Meprolim","article_modified_time":"2023-05-25T23:04:42+00:00","og_image":[{"width":768,"height":768,"url":"https:\/\/meprolim.es\/wp-content\/uploads\/2019\/09\/FR0095.jpg","type":"image\/jpeg"}],"twitter_card":"summary_large_image","twitter_misc":{"Est. reading time":"1 minute"},"schema":{"@context":"https:\/\/schema.org","@graph":[{"@type":"WebPage","@id":"https:\/\/meprolim.es\/producto\/quimicos-articulos-limpieza\/productos-quimicos-industriales\/lavanderia\/detergentes-liquidos\/bidon-20kg-detergente-alkan\/","url":"https:\/\/meprolim.es\/producto\/quimicos-articulos-limpieza\/productos-quimicos-industriales\/lavanderia\/detergentes-liquidos\/bidon-20kg-detergente-alkan\/","name":"BID\u00d3N 20KG DETERGENTE ALKAN - C\u00d3DIGO: FR0095 - Meprolim","isPartOf":{"@id":"https:\/\/meprolim.es\/fr\/#website"},"primaryImageOfPage":{"@id":"https:\/\/meprolim.es\/producto\/quimicos-articulos-limpieza\/productos-quimicos-industriales\/lavanderia\/detergentes-liquidos\/bidon-20kg-detergente-alkan\/#primaryimage"},"image":{"@id":"https:\/\/meprolim.es\/producto\/quimicos-articulos-limpieza\/productos-quimicos-industriales\/lavanderia\/detergentes-liquidos\/bidon-20kg-detergente-alkan\/#primaryimage"},"thumbnailUrl":"https:\/\/meprolim.es\/wp-content\/uploads\/2019\/09\/FR0095.jpg","datePublished":"2019-09-02T16:37:14+00:00","dateModified":"2023-05-25T23:04:42+00:00","breadcrumb":{"@id":"https:\/\/meprolim.es\/producto\/quimicos-articulos-limpieza\/productos-quimicos-industriales\/lavanderia\/detergentes-liquidos\/bidon-20kg-detergente-alkan\/#breadcrumb"},"inLanguage":"en-US","potentialAction":[{"@type":"ReadAction","target":["https:\/\/meprolim.es\/producto\/quimicos-articulos-limpieza\/productos-quimicos-industriales\/lavanderia\/detergentes-liquidos\/bidon-20kg-detergente-alkan\/"]}]},{"@type":"ImageObject","inLanguage":"en-US","@id":"https:\/\/meprolim.es\/producto\/quimicos-articulos-limpieza\/productos-quimicos-industriales\/lavanderia\/detergentes-liquidos\/bidon-20kg-detergente-alkan\/#primaryimage","url":"https:\/\/meprolim.es\/wp-content\/uploads\/2019\/09\/FR0095.jpg","contentUrl":"https:\/\/meprolim.es\/wp-content\/uploads\/2019\/09\/FR0095.jpg","width":768,"height":768},{"@type":"BreadcrumbList","@id":"https:\/\/meprolim.es\/producto\/quimicos-articulos-limpieza\/productos-quimicos-industriales\/lavanderia\/detergentes-liquidos\/bidon-20kg-detergente-alkan\/#breadcrumb","itemListElement":[{"@type":"ListItem","position":1,"name":"Portada","item":"https:\/\/meprolim.es\/en\/"},{"@type":"ListItem","position":2,"name":"Catalogue","item":"https:\/\/meprolim.es\/en\/catalogue\/"},{"@type":"ListItem","position":3,"name":"BID\u00d3N 20KG DETERGENTE ALKAN &#8211; C\u00d3DIGO: FR0095"}]},{"@type":"WebSite","@id":"https:\/\/meprolim.es\/fr\/#website","url":"https:\/\/meprolim.es\/fr\/","name":"Meprolim","description":"Cavas Catalanas S.L.","publisher":{"@id":"https:\/\/meprolim.es\/fr\/#organization"},"potentialAction":[{"@type":"SearchAction","target":{"@type":"EntryPoint","urlTemplate":"https:\/\/meprolim.es\/fr\/?s={search_term_string}"},"query-input":{"@type":"PropertyValueSpecification","valueRequired":true,"valueName":"search_term_string"}}],"inLanguage":"en-US"},{"@type":"Organization","@id":"https:\/\/meprolim.es\/fr\/#organization","name":"Meprolim","url":"https:\/\/meprolim.es\/fr\/","logo":{"@type":"ImageObject","inLanguage":"en-US","@id":"https:\/\/meprolim.es\/fr\/#\/schema\/logo\/image\/","url":"https:\/\/meprolim.es\/wp-content\/uploads\/2019\/07\/cropped-logo2.png","contentUrl":"https:\/\/meprolim.es\/wp-content\/uploads\/2019\/07\/cropped-logo2.png","width":401,"height":162,"caption":"Meprolim"},"image":{"@id":"https:\/\/meprolim.es\/fr\/#\/schema\/logo\/image\/"}}]}},"_links":{"self":[{"href":"https:\/\/meprolim.es\/en\/wp-json\/wp\/v2\/product\/8651","targetHints":{"allow":["GET"]}}],"collection":[{"href":"https:\/\/meprolim.es\/en\/wp-json\/wp\/v2\/product"}],"about":[{"href":"https:\/\/meprolim.es\/en\/wp-json\/wp\/v2\/types\/product"}],"wp:featuredmedia":[{"embeddable":true,"href":"https:\/\/meprolim.es\/en\/wp-json\/wp\/v2\/media\/8652"}],"wp:attachment":[{"href":"https:\/\/meprolim.es\/en\/wp-json\/wp\/v2\/media?parent=8651"}],"wp:term":[{"taxonomy":"product_brand","embeddable":true,"href":"https:\/\/meprolim.es\/en\/wp-json\/wp\/v2\/product_brand?post=8651"},{"taxonomy":"product_cat","embeddable":true,"href":"https:\/\/meprolim.es\/en\/wp-json\/wp\/v2\/product_cat?post=8651"},{"taxonomy":"product_tag","embeddable":true,"href":"https:\/\/meprolim.es\/en\/wp-json\/wp\/v2\/product_tag?post=8651"}],"curies":[{"name":"wp","href":"https:\/\/api.w.org\/{rel}","templated":true}]}}