{"id":8672,"date":"2019-09-02T18:17:11","date_gmt":"2019-09-02T17:17:11","guid":{"rendered":"http:\/\/www.meprolim.es\/?post_type=product&#038;p=8672"},"modified":"2023-05-27T18:31:11","modified_gmt":"2023-05-27T17:31:11","slug":"saco-20kg-emulgen-plus-anti-manchas","status":"publish","type":"product","link":"https:\/\/meprolim.es\/en\/producto\/quimicos-y-articulos-de-limpieza\/productos-quimicos-industriales-en\/lavanderia-en\/detergentes-polvo-en\/saco-20kg-emulgen-plus-anti-manchas\/","title":{"rendered":"SACO 20KG EMULGEN PLUS ANTI MANCHAS &#8211; C\u00d3DIGO: BX4071"},"content":{"rendered":"<div class=\"wpb-content-wrapper\"><p>[vc_row][vc_column][vc_column_text]<\/p>\n<p>Detergente atomizado de gran solubilidad para el prelavado y lavado de textiles. Indicado para todo tipo de suciedad y ropa. Higieniza, a temperatura media\/alta. Contiene enzimas que mejoran la eliminaci\u00f3n de manchas. Contiene blanqueantes \u00f3pticos.<\/p>\n<p>[\/vc_column_text][\/vc_column][\/vc_row]<\/p>\n<\/div>","protected":false},"excerpt":{"rendered":"<p>Caracter\u00edsticas:<\/p>\n<ul>\n<li>Detergente atomizado de gran solubilidad para el prelavado y lavado de textiles.<\/li>\n<li>Indicado para todo tipo de suciedad y ropa.<\/li>\n<li>Higieniza, a temperatura media\/alta.<\/li>\n<li>Contiene enzimas que mejoran la eliminaci\u00f3n de manchas.<\/li>\n<li>Contiene blanqueantes \u00f3pticos.<\/li>\n<li>Indicado para el lavado a cualquier temperatura de ropa blanca.<\/li>\n<li>Indicado para lavander\u00edas profesionales, hoteles, centros sanitarios, residencias,&#8230;<\/li>\n<\/ul>\n<p>Datos t\u00e9cnicos:<\/p>\n<ul>\n<li>pH 11,5.<\/li>\n<li>Saco de 20 kilos.<\/li>\n<li>Producto en polvo.<\/li>\n<li>Color: blanco con puntos de color.<\/li>\n<li>Perfume: floral.<\/li>\n<li>Dosificar manualmente en las fases de prelavado y lavado en funci\u00f3n del nivel de suciedad.<\/li>\n<li>Suciedad normal (g\/kg ropa): 5-7 (prelavado) \/ 15-20 (lavado).<\/li>\n<\/ul>\n<p><strong>SKU: BX4071<\/strong><\/p>\n<p>&nbsp;<\/p>\n","protected":false},"featured_media":8673,"template":"","meta":[],"product_brand":[],"product_cat":[737,1049,652,94],"product_tag":[738,727,654],"class_list":{"0":"post-8672","1":"product","2":"type-product","3":"status-publish","4":"has-post-thumbnail","6":"product_cat-detergentes-polvo","7":"product_cat-lavanderia","8":"product_cat-productos-quimicos-industriales","9":"product_cat-quimicos-articulos-limpieza","10":"product_tag-detergente-en-polvo","11":"product_tag-lavanderia","12":"product_tag-productos-quimicos","14":"first","15":"instock","16":"shipping-taxable","17":"product-type-simple"},"yoast_head":"<!-- This site is optimized with the Yoast SEO plugin v27.3 - https:\/\/yoast.com\/product\/yoast-seo-wordpress\/ -->\n<title>SACO 20KG EMULGEN PLUS ANTI MANCHAS - C\u00d3DIGO: BX4071 - Meprolim<\/title>\n<meta name=\"robots\" content=\"index, follow, max-snippet:-1, max-image-preview:large, max-video-preview:-1\" \/>\n<link rel=\"canonical\" href=\"https:\/\/meprolim.es\/producto\/quimicos-articulos-limpieza\/productos-quimicos-industriales\/lavanderia\/detergentes-polvo\/saco-20kg-emulgen-plus-anti-manchas\/\" \/>\n<meta property=\"og:locale\" content=\"en_US\" \/>\n<meta property=\"og:type\" content=\"article\" \/>\n<meta property=\"og:title\" content=\"SACO 20KG EMULGEN PLUS ANTI MANCHAS - C\u00d3DIGO: BX4071 - Meprolim\" \/>\n<meta property=\"og:description\" content=\"Caracter\u00edsticas:   Detergente atomizado de gran solubilidad para el prelavado y lavado de textiles.  Indicado para todo tipo de suciedad y ropa.  Higieniza, a temperatura media\/alta.  Contiene enzimas que mejoran la eliminaci\u00f3n de manchas.  Contiene blanqueantes \u00f3pticos.  Indicado para el lavado a cualquier temperatura de ropa blanca.  Indicado para lavander\u00edas profesionales, hoteles, centros sanitarios, residencias,...  Datos t\u00e9cnicos:   pH 11,5.  Saco de 20 kilos.  Producto en polvo.  Color: blanco con puntos de color.  Perfume: floral.  Dosificar manualmente en las fases de prelavado y lavado en funci\u00f3n del nivel de suciedad.  Suciedad normal (g\/kg ropa): 5-7 (prelavado) \/ 15-20 (lavado).  SKU: BX4071  &nbsp;\" \/>\n<meta property=\"og:url\" content=\"https:\/\/meprolim.es\/producto\/quimicos-articulos-limpieza\/productos-quimicos-industriales\/lavanderia\/detergentes-polvo\/saco-20kg-emulgen-plus-anti-manchas\/\" \/>\n<meta property=\"og:site_name\" content=\"Meprolim\" \/>\n<meta property=\"article:modified_time\" content=\"2023-05-27T17:31:11+00:00\" \/>\n<meta property=\"og:image\" content=\"https:\/\/meprolim.es\/wp-content\/uploads\/2019\/09\/BX4071.jpg\" \/>\n\t<meta property=\"og:image:width\" content=\"1417\" \/>\n\t<meta property=\"og:image:height\" content=\"1417\" \/>\n\t<meta property=\"og:image:type\" content=\"image\/jpeg\" \/>\n<meta name=\"twitter:card\" content=\"summary_large_image\" \/>\n<meta name=\"twitter:label1\" content=\"Est. reading time\" \/>\n\t<meta name=\"twitter:data1\" content=\"1 minute\" \/>\n<script type=\"application\/ld+json\" class=\"yoast-schema-graph\">{\"@context\":\"https:\\\/\\\/schema.org\",\"@graph\":[{\"@type\":\"WebPage\",\"@id\":\"https:\\\/\\\/meprolim.es\\\/producto\\\/quimicos-articulos-limpieza\\\/productos-quimicos-industriales\\\/lavanderia\\\/detergentes-polvo\\\/saco-20kg-emulgen-plus-anti-manchas\\\/\",\"url\":\"https:\\\/\\\/meprolim.es\\\/producto\\\/quimicos-articulos-limpieza\\\/productos-quimicos-industriales\\\/lavanderia\\\/detergentes-polvo\\\/saco-20kg-emulgen-plus-anti-manchas\\\/\",\"name\":\"SACO 20KG EMULGEN PLUS ANTI MANCHAS - C\u00d3DIGO: BX4071 - Meprolim\",\"isPartOf\":{\"@id\":\"https:\\\/\\\/meprolim.es\\\/fr\\\/#website\"},\"primaryImageOfPage\":{\"@id\":\"https:\\\/\\\/meprolim.es\\\/producto\\\/quimicos-articulos-limpieza\\\/productos-quimicos-industriales\\\/lavanderia\\\/detergentes-polvo\\\/saco-20kg-emulgen-plus-anti-manchas\\\/#primaryimage\"},\"image\":{\"@id\":\"https:\\\/\\\/meprolim.es\\\/producto\\\/quimicos-articulos-limpieza\\\/productos-quimicos-industriales\\\/lavanderia\\\/detergentes-polvo\\\/saco-20kg-emulgen-plus-anti-manchas\\\/#primaryimage\"},\"thumbnailUrl\":\"https:\\\/\\\/meprolim.es\\\/wp-content\\\/uploads\\\/2019\\\/09\\\/BX4071.jpg\",\"datePublished\":\"2019-09-02T17:17:11+00:00\",\"dateModified\":\"2023-05-27T17:31:11+00:00\",\"breadcrumb\":{\"@id\":\"https:\\\/\\\/meprolim.es\\\/producto\\\/quimicos-articulos-limpieza\\\/productos-quimicos-industriales\\\/lavanderia\\\/detergentes-polvo\\\/saco-20kg-emulgen-plus-anti-manchas\\\/#breadcrumb\"},\"inLanguage\":\"en-US\",\"potentialAction\":[{\"@type\":\"ReadAction\",\"target\":[\"https:\\\/\\\/meprolim.es\\\/producto\\\/quimicos-articulos-limpieza\\\/productos-quimicos-industriales\\\/lavanderia\\\/detergentes-polvo\\\/saco-20kg-emulgen-plus-anti-manchas\\\/\"]}]},{\"@type\":\"ImageObject\",\"inLanguage\":\"en-US\",\"@id\":\"https:\\\/\\\/meprolim.es\\\/producto\\\/quimicos-articulos-limpieza\\\/productos-quimicos-industriales\\\/lavanderia\\\/detergentes-polvo\\\/saco-20kg-emulgen-plus-anti-manchas\\\/#primaryimage\",\"url\":\"https:\\\/\\\/meprolim.es\\\/wp-content\\\/uploads\\\/2019\\\/09\\\/BX4071.jpg\",\"contentUrl\":\"https:\\\/\\\/meprolim.es\\\/wp-content\\\/uploads\\\/2019\\\/09\\\/BX4071.jpg\",\"width\":1417,\"height\":1417},{\"@type\":\"BreadcrumbList\",\"@id\":\"https:\\\/\\\/meprolim.es\\\/producto\\\/quimicos-articulos-limpieza\\\/productos-quimicos-industriales\\\/lavanderia\\\/detergentes-polvo\\\/saco-20kg-emulgen-plus-anti-manchas\\\/#breadcrumb\",\"itemListElement\":[{\"@type\":\"ListItem\",\"position\":1,\"name\":\"Portada\",\"item\":\"https:\\\/\\\/meprolim.es\\\/en\\\/\"},{\"@type\":\"ListItem\",\"position\":2,\"name\":\"Catalogue\",\"item\":\"https:\\\/\\\/meprolim.es\\\/en\\\/catalogue\\\/\"},{\"@type\":\"ListItem\",\"position\":3,\"name\":\"SACO 20KG EMULGEN PLUS ANTI MANCHAS &#8211; C\u00d3DIGO: BX4071\"}]},{\"@type\":\"WebSite\",\"@id\":\"https:\\\/\\\/meprolim.es\\\/fr\\\/#website\",\"url\":\"https:\\\/\\\/meprolim.es\\\/fr\\\/\",\"name\":\"Meprolim\",\"description\":\"Cavas Catalanas S.L.\",\"publisher\":{\"@id\":\"https:\\\/\\\/meprolim.es\\\/fr\\\/#organization\"},\"potentialAction\":[{\"@type\":\"SearchAction\",\"target\":{\"@type\":\"EntryPoint\",\"urlTemplate\":\"https:\\\/\\\/meprolim.es\\\/fr\\\/?s={search_term_string}\"},\"query-input\":{\"@type\":\"PropertyValueSpecification\",\"valueRequired\":true,\"valueName\":\"search_term_string\"}}],\"inLanguage\":\"en-US\"},{\"@type\":\"Organization\",\"@id\":\"https:\\\/\\\/meprolim.es\\\/fr\\\/#organization\",\"name\":\"Meprolim\",\"url\":\"https:\\\/\\\/meprolim.es\\\/fr\\\/\",\"logo\":{\"@type\":\"ImageObject\",\"inLanguage\":\"en-US\",\"@id\":\"https:\\\/\\\/meprolim.es\\\/fr\\\/#\\\/schema\\\/logo\\\/image\\\/\",\"url\":\"https:\\\/\\\/meprolim.es\\\/wp-content\\\/uploads\\\/2019\\\/07\\\/cropped-logo2.png\",\"contentUrl\":\"https:\\\/\\\/meprolim.es\\\/wp-content\\\/uploads\\\/2019\\\/07\\\/cropped-logo2.png\",\"width\":401,\"height\":162,\"caption\":\"Meprolim\"},\"image\":{\"@id\":\"https:\\\/\\\/meprolim.es\\\/fr\\\/#\\\/schema\\\/logo\\\/image\\\/\"}}]}<\/script>\n<!-- \/ Yoast SEO plugin. -->","yoast_head_json":{"title":"SACO 20KG EMULGEN PLUS ANTI MANCHAS - C\u00d3DIGO: BX4071 - Meprolim","robots":{"index":"index","follow":"follow","max-snippet":"max-snippet:-1","max-image-preview":"max-image-preview:large","max-video-preview":"max-video-preview:-1"},"canonical":"https:\/\/meprolim.es\/producto\/quimicos-articulos-limpieza\/productos-quimicos-industriales\/lavanderia\/detergentes-polvo\/saco-20kg-emulgen-plus-anti-manchas\/","og_locale":"en_US","og_type":"article","og_title":"SACO 20KG EMULGEN PLUS ANTI MANCHAS - C\u00d3DIGO: BX4071 - Meprolim","og_description":"Caracter\u00edsticas:   Detergente atomizado de gran solubilidad para el prelavado y lavado de textiles.  Indicado para todo tipo de suciedad y ropa.  Higieniza, a temperatura media\/alta.  Contiene enzimas que mejoran la eliminaci\u00f3n de manchas.  Contiene blanqueantes \u00f3pticos.  Indicado para el lavado a cualquier temperatura de ropa blanca.  Indicado para lavander\u00edas profesionales, hoteles, centros sanitarios, residencias,...  Datos t\u00e9cnicos:   pH 11,5.  Saco de 20 kilos.  Producto en polvo.  Color: blanco con puntos de color.  Perfume: floral.  Dosificar manualmente en las fases de prelavado y lavado en funci\u00f3n del nivel de suciedad.  Suciedad normal (g\/kg ropa): 5-7 (prelavado) \/ 15-20 (lavado).  SKU: BX4071  &nbsp;","og_url":"https:\/\/meprolim.es\/producto\/quimicos-articulos-limpieza\/productos-quimicos-industriales\/lavanderia\/detergentes-polvo\/saco-20kg-emulgen-plus-anti-manchas\/","og_site_name":"Meprolim","article_modified_time":"2023-05-27T17:31:11+00:00","og_image":[{"width":1417,"height":1417,"url":"https:\/\/meprolim.es\/wp-content\/uploads\/2019\/09\/BX4071.jpg","type":"image\/jpeg"}],"twitter_card":"summary_large_image","twitter_misc":{"Est. reading time":"1 minute"},"schema":{"@context":"https:\/\/schema.org","@graph":[{"@type":"WebPage","@id":"https:\/\/meprolim.es\/producto\/quimicos-articulos-limpieza\/productos-quimicos-industriales\/lavanderia\/detergentes-polvo\/saco-20kg-emulgen-plus-anti-manchas\/","url":"https:\/\/meprolim.es\/producto\/quimicos-articulos-limpieza\/productos-quimicos-industriales\/lavanderia\/detergentes-polvo\/saco-20kg-emulgen-plus-anti-manchas\/","name":"SACO 20KG EMULGEN PLUS ANTI MANCHAS - C\u00d3DIGO: BX4071 - Meprolim","isPartOf":{"@id":"https:\/\/meprolim.es\/fr\/#website"},"primaryImageOfPage":{"@id":"https:\/\/meprolim.es\/producto\/quimicos-articulos-limpieza\/productos-quimicos-industriales\/lavanderia\/detergentes-polvo\/saco-20kg-emulgen-plus-anti-manchas\/#primaryimage"},"image":{"@id":"https:\/\/meprolim.es\/producto\/quimicos-articulos-limpieza\/productos-quimicos-industriales\/lavanderia\/detergentes-polvo\/saco-20kg-emulgen-plus-anti-manchas\/#primaryimage"},"thumbnailUrl":"https:\/\/meprolim.es\/wp-content\/uploads\/2019\/09\/BX4071.jpg","datePublished":"2019-09-02T17:17:11+00:00","dateModified":"2023-05-27T17:31:11+00:00","breadcrumb":{"@id":"https:\/\/meprolim.es\/producto\/quimicos-articulos-limpieza\/productos-quimicos-industriales\/lavanderia\/detergentes-polvo\/saco-20kg-emulgen-plus-anti-manchas\/#breadcrumb"},"inLanguage":"en-US","potentialAction":[{"@type":"ReadAction","target":["https:\/\/meprolim.es\/producto\/quimicos-articulos-limpieza\/productos-quimicos-industriales\/lavanderia\/detergentes-polvo\/saco-20kg-emulgen-plus-anti-manchas\/"]}]},{"@type":"ImageObject","inLanguage":"en-US","@id":"https:\/\/meprolim.es\/producto\/quimicos-articulos-limpieza\/productos-quimicos-industriales\/lavanderia\/detergentes-polvo\/saco-20kg-emulgen-plus-anti-manchas\/#primaryimage","url":"https:\/\/meprolim.es\/wp-content\/uploads\/2019\/09\/BX4071.jpg","contentUrl":"https:\/\/meprolim.es\/wp-content\/uploads\/2019\/09\/BX4071.jpg","width":1417,"height":1417},{"@type":"BreadcrumbList","@id":"https:\/\/meprolim.es\/producto\/quimicos-articulos-limpieza\/productos-quimicos-industriales\/lavanderia\/detergentes-polvo\/saco-20kg-emulgen-plus-anti-manchas\/#breadcrumb","itemListElement":[{"@type":"ListItem","position":1,"name":"Portada","item":"https:\/\/meprolim.es\/en\/"},{"@type":"ListItem","position":2,"name":"Catalogue","item":"https:\/\/meprolim.es\/en\/catalogue\/"},{"@type":"ListItem","position":3,"name":"SACO 20KG EMULGEN PLUS ANTI MANCHAS &#8211; C\u00d3DIGO: BX4071"}]},{"@type":"WebSite","@id":"https:\/\/meprolim.es\/fr\/#website","url":"https:\/\/meprolim.es\/fr\/","name":"Meprolim","description":"Cavas Catalanas S.L.","publisher":{"@id":"https:\/\/meprolim.es\/fr\/#organization"},"potentialAction":[{"@type":"SearchAction","target":{"@type":"EntryPoint","urlTemplate":"https:\/\/meprolim.es\/fr\/?s={search_term_string}"},"query-input":{"@type":"PropertyValueSpecification","valueRequired":true,"valueName":"search_term_string"}}],"inLanguage":"en-US"},{"@type":"Organization","@id":"https:\/\/meprolim.es\/fr\/#organization","name":"Meprolim","url":"https:\/\/meprolim.es\/fr\/","logo":{"@type":"ImageObject","inLanguage":"en-US","@id":"https:\/\/meprolim.es\/fr\/#\/schema\/logo\/image\/","url":"https:\/\/meprolim.es\/wp-content\/uploads\/2019\/07\/cropped-logo2.png","contentUrl":"https:\/\/meprolim.es\/wp-content\/uploads\/2019\/07\/cropped-logo2.png","width":401,"height":162,"caption":"Meprolim"},"image":{"@id":"https:\/\/meprolim.es\/fr\/#\/schema\/logo\/image\/"}}]}},"_links":{"self":[{"href":"https:\/\/meprolim.es\/en\/wp-json\/wp\/v2\/product\/8672","targetHints":{"allow":["GET"]}}],"collection":[{"href":"https:\/\/meprolim.es\/en\/wp-json\/wp\/v2\/product"}],"about":[{"href":"https:\/\/meprolim.es\/en\/wp-json\/wp\/v2\/types\/product"}],"wp:featuredmedia":[{"embeddable":true,"href":"https:\/\/meprolim.es\/en\/wp-json\/wp\/v2\/media\/8673"}],"wp:attachment":[{"href":"https:\/\/meprolim.es\/en\/wp-json\/wp\/v2\/media?parent=8672"}],"wp:term":[{"taxonomy":"product_brand","embeddable":true,"href":"https:\/\/meprolim.es\/en\/wp-json\/wp\/v2\/product_brand?post=8672"},{"taxonomy":"product_cat","embeddable":true,"href":"https:\/\/meprolim.es\/en\/wp-json\/wp\/v2\/product_cat?post=8672"},{"taxonomy":"product_tag","embeddable":true,"href":"https:\/\/meprolim.es\/en\/wp-json\/wp\/v2\/product_tag?post=8672"}],"curies":[{"name":"wp","href":"https:\/\/api.w.org\/{rel}","templated":true}]}}