{"id":9698,"date":"2019-09-08T15:38:41","date_gmt":"2019-09-08T14:38:41","guid":{"rendered":"http:\/\/www.meprolim.es\/?post_type=product&#038;p=9698"},"modified":"2023-05-25T22:51:51","modified_gmt":"2023-05-25T21:51:51","slug":"bidon-20kg-detergente-activo-fancy-care","status":"publish","type":"product","link":"https:\/\/meprolim.es\/en\/producto\/quimicos-y-articulos-de-limpieza\/productos-quimicos-industriales-en\/lavanderia-en\/sistema-smartcare-residencias-en\/bidon-20kg-detergente-activo-fancy-care\/","title":{"rendered":"BID\u00d3N 20KG DETERGENTE ACTIVO FANCY CARE &#8211; C\u00d3DIGO: FR0079"},"content":{"rendered":"<div class=\"wpb-content-wrapper\"><p>[vc_row][vc_column][vc_column_text]<\/p>\n<p style=\"text-align: justify;\">El detergente Fancy Care es uno de los tres principales productos utilizados para realizar el exclusivo proceso de lavado Smart Care. El proceso de lavado est\u00e1 especialmente estudiado para eliminar restos org\u00e1nicos en la ropa de residencias y centros de la 3o edad. Limpia, respeta y cuida los tejidos de la ropa m\u00e1s delicada, ofreciendo una higienizaci\u00f3n y suavidad total a las prendas. El detergente est\u00e1 minuciosamente estudiado para lograr una rentabilidad excepcional dentro del proceso de lavado. Est\u00e1 compuesto por una gran cantidad secuestrantes, tensiactivos y blanqueantes \u00f3pticos que confieren un tratado \u00f3ptimo al proceso de lavado.Adem\u00e1s, incorpora un principio activo a base de carbonatos para ayudar a los tensiactivos a realizar su funci\u00f3n. Los dos detergentes empleados para el proceso de lavado son ligeramente alcalinos para conseguir una completa eliminaci\u00f3n de restos org\u00e1nicos tales como sangre, fluidos corporales y excrementos.<\/p>\n<p style=\"text-align: justify;\">Este sistema de lavado previene las incrustaciones y aparici\u00f3n de las t\u00edpicas y conflictivas manchas producidas por ineficaces sistemas de lavado.\u00a0Este sistema de lavado previene las incrustaciones y aparici\u00f3n de las t\u00edpicas y conflictivas manchas producidas por ineficaces sistemas de lavado.<\/p>\n<p>&nbsp;<\/p>\n<p>[\/vc_column_text][\/vc_column][\/vc_row]<\/p>\n<\/div>","protected":false},"excerpt":{"rendered":"<p>Caracter\u00edsticas:<\/p>\n<ul>\n<li>Compuesto por una gran cantidad secuestrantes, tensioactivos y blanqueantes \u00f3pticos que confieren un tratado \u00f3ptimo al proceso de lavado.<\/li>\n<li>Incorpora un principio activo a base de carbonatos para ayudar a los tensioactivos a realizar su funci\u00f3n.<\/li>\n<\/ul>\n<p>Datos t\u00e9cnicos:<\/p>\n<ul>\n<li>pH 11-12.<\/li>\n<li>Producto alcalino.<\/li>\n<li>Color: naranja.<\/li>\n<li>Perfume: caracter\u00edstico.<\/li>\n<li>Con secuestrantes para facilitar el correcto proceso de lavado.<\/li>\n<li>Tensioactivos ani\u00f3nicos y no i\u00f3nicos.<\/li>\n<li>Los primeros hacen una funci\u00f3n humectante, los no i\u00f3nicos facilitan la correcta penetraci\u00f3n en las fibras de los tejidos eliminando por completo la suciedad.<\/li>\n<li>Principio activo a base de carbonatos para ayudar a los tensioactivos a realizar su funci\u00f3n.<\/li>\n<li>Se recomienda una dosificaci\u00f3n de 5 gramos por cada kilo de ropa.<\/li>\n<\/ul>\n<p><strong>SKU: FR0079<\/strong><\/p>\n","protected":false},"featured_media":9696,"template":"","meta":[],"product_brand":[],"product_cat":[652,94,725],"product_tag":[727,654],"class_list":{"0":"post-9698","1":"product","2":"type-product","3":"status-publish","4":"has-post-thumbnail","6":"product_cat-productos-quimicos-industriales","7":"product_cat-quimicos-articulos-limpieza","8":"product_cat-sistema-smartcare-residencias","9":"product_tag-lavanderia","10":"product_tag-productos-quimicos","12":"first","13":"instock","14":"shipping-taxable","15":"product-type-simple"},"yoast_head":"<!-- This site is optimized with the Yoast SEO plugin v27.4 - https:\/\/yoast.com\/product\/yoast-seo-wordpress\/ -->\n<title>BID\u00d3N 20KG DETERGENTE ACTIVO FANCY CARE - C\u00d3DIGO: FR0079 - Meprolim<\/title>\n<meta name=\"robots\" content=\"index, follow, max-snippet:-1, max-image-preview:large, max-video-preview:-1\" \/>\n<link rel=\"canonical\" href=\"https:\/\/meprolim.es\/producto\/quimicos-articulos-limpieza\/productos-quimicos-industriales\/lavanderia\/sistema-smartcare-residencias\/bidon-20kg-detergente-activo-fancy-care\/\" \/>\n<meta property=\"og:locale\" content=\"en_US\" \/>\n<meta property=\"og:type\" content=\"article\" \/>\n<meta property=\"og:title\" content=\"BID\u00d3N 20KG DETERGENTE ACTIVO FANCY CARE - C\u00d3DIGO: FR0079 - Meprolim\" \/>\n<meta property=\"og:description\" content=\"Caracter\u00edsticas:   Compuesto por una gran cantidad secuestrantes, tensioactivos y blanqueantes \u00f3pticos que confieren un tratado \u00f3ptimo al proceso de lavado.  Incorpora un principio activo a base de carbonatos para ayudar a los tensioactivos a realizar su funci\u00f3n.  Datos t\u00e9cnicos:   pH 11-12.  Producto alcalino.  Color: naranja.  Perfume: caracter\u00edstico.  Con secuestrantes para facilitar el correcto proceso de lavado.  Tensioactivos ani\u00f3nicos y no i\u00f3nicos.  Los primeros hacen una funci\u00f3n humectante, los no i\u00f3nicos facilitan la correcta penetraci\u00f3n en las fibras de los tejidos eliminando por completo la suciedad.  Principio activo a base de carbonatos para ayudar a los tensioactivos a realizar su funci\u00f3n.  Se recomienda una dosificaci\u00f3n de 5 gramos por cada kilo de ropa.  SKU: FR0079\" \/>\n<meta property=\"og:url\" content=\"https:\/\/meprolim.es\/producto\/quimicos-articulos-limpieza\/productos-quimicos-industriales\/lavanderia\/sistema-smartcare-residencias\/bidon-20kg-detergente-activo-fancy-care\/\" \/>\n<meta property=\"og:site_name\" content=\"Meprolim\" \/>\n<meta property=\"article:modified_time\" content=\"2023-05-25T21:51:51+00:00\" \/>\n<meta property=\"og:image\" content=\"https:\/\/meprolim.es\/wp-content\/uploads\/2019\/09\/FR0079.jpg\" \/>\n\t<meta property=\"og:image:width\" content=\"768\" \/>\n\t<meta property=\"og:image:height\" content=\"768\" \/>\n\t<meta property=\"og:image:type\" content=\"image\/jpeg\" \/>\n<meta name=\"twitter:card\" content=\"summary_large_image\" \/>\n<meta name=\"twitter:label1\" content=\"Est. reading time\" \/>\n\t<meta name=\"twitter:data1\" content=\"1 minute\" \/>\n<script type=\"application\/ld+json\" class=\"yoast-schema-graph\">{\"@context\":\"https:\\\/\\\/schema.org\",\"@graph\":[{\"@type\":\"WebPage\",\"@id\":\"https:\\\/\\\/meprolim.es\\\/producto\\\/quimicos-articulos-limpieza\\\/productos-quimicos-industriales\\\/lavanderia\\\/sistema-smartcare-residencias\\\/bidon-20kg-detergente-activo-fancy-care\\\/\",\"url\":\"https:\\\/\\\/meprolim.es\\\/producto\\\/quimicos-articulos-limpieza\\\/productos-quimicos-industriales\\\/lavanderia\\\/sistema-smartcare-residencias\\\/bidon-20kg-detergente-activo-fancy-care\\\/\",\"name\":\"BID\u00d3N 20KG DETERGENTE ACTIVO FANCY CARE - C\u00d3DIGO: FR0079 - Meprolim\",\"isPartOf\":{\"@id\":\"https:\\\/\\\/meprolim.es\\\/fr\\\/#website\"},\"primaryImageOfPage\":{\"@id\":\"https:\\\/\\\/meprolim.es\\\/producto\\\/quimicos-articulos-limpieza\\\/productos-quimicos-industriales\\\/lavanderia\\\/sistema-smartcare-residencias\\\/bidon-20kg-detergente-activo-fancy-care\\\/#primaryimage\"},\"image\":{\"@id\":\"https:\\\/\\\/meprolim.es\\\/producto\\\/quimicos-articulos-limpieza\\\/productos-quimicos-industriales\\\/lavanderia\\\/sistema-smartcare-residencias\\\/bidon-20kg-detergente-activo-fancy-care\\\/#primaryimage\"},\"thumbnailUrl\":\"https:\\\/\\\/meprolim.es\\\/wp-content\\\/uploads\\\/2019\\\/09\\\/FR0079.jpg\",\"datePublished\":\"2019-09-08T14:38:41+00:00\",\"dateModified\":\"2023-05-25T21:51:51+00:00\",\"breadcrumb\":{\"@id\":\"https:\\\/\\\/meprolim.es\\\/producto\\\/quimicos-articulos-limpieza\\\/productos-quimicos-industriales\\\/lavanderia\\\/sistema-smartcare-residencias\\\/bidon-20kg-detergente-activo-fancy-care\\\/#breadcrumb\"},\"inLanguage\":\"en-US\",\"potentialAction\":[{\"@type\":\"ReadAction\",\"target\":[\"https:\\\/\\\/meprolim.es\\\/producto\\\/quimicos-articulos-limpieza\\\/productos-quimicos-industriales\\\/lavanderia\\\/sistema-smartcare-residencias\\\/bidon-20kg-detergente-activo-fancy-care\\\/\"]}]},{\"@type\":\"ImageObject\",\"inLanguage\":\"en-US\",\"@id\":\"https:\\\/\\\/meprolim.es\\\/producto\\\/quimicos-articulos-limpieza\\\/productos-quimicos-industriales\\\/lavanderia\\\/sistema-smartcare-residencias\\\/bidon-20kg-detergente-activo-fancy-care\\\/#primaryimage\",\"url\":\"https:\\\/\\\/meprolim.es\\\/wp-content\\\/uploads\\\/2019\\\/09\\\/FR0079.jpg\",\"contentUrl\":\"https:\\\/\\\/meprolim.es\\\/wp-content\\\/uploads\\\/2019\\\/09\\\/FR0079.jpg\",\"width\":768,\"height\":768},{\"@type\":\"BreadcrumbList\",\"@id\":\"https:\\\/\\\/meprolim.es\\\/producto\\\/quimicos-articulos-limpieza\\\/productos-quimicos-industriales\\\/lavanderia\\\/sistema-smartcare-residencias\\\/bidon-20kg-detergente-activo-fancy-care\\\/#breadcrumb\",\"itemListElement\":[{\"@type\":\"ListItem\",\"position\":1,\"name\":\"Portada\",\"item\":\"https:\\\/\\\/meprolim.es\\\/en\\\/\"},{\"@type\":\"ListItem\",\"position\":2,\"name\":\"Catalogue\",\"item\":\"https:\\\/\\\/meprolim.es\\\/en\\\/catalogue\\\/\"},{\"@type\":\"ListItem\",\"position\":3,\"name\":\"BID\u00d3N 20KG DETERGENTE ACTIVO FANCY CARE &#8211; C\u00d3DIGO: FR0079\"}]},{\"@type\":\"WebSite\",\"@id\":\"https:\\\/\\\/meprolim.es\\\/fr\\\/#website\",\"url\":\"https:\\\/\\\/meprolim.es\\\/fr\\\/\",\"name\":\"Meprolim\",\"description\":\"Cavas Catalanas S.L.\",\"publisher\":{\"@id\":\"https:\\\/\\\/meprolim.es\\\/fr\\\/#organization\"},\"potentialAction\":[{\"@type\":\"SearchAction\",\"target\":{\"@type\":\"EntryPoint\",\"urlTemplate\":\"https:\\\/\\\/meprolim.es\\\/fr\\\/?s={search_term_string}\"},\"query-input\":{\"@type\":\"PropertyValueSpecification\",\"valueRequired\":true,\"valueName\":\"search_term_string\"}}],\"inLanguage\":\"en-US\"},{\"@type\":\"Organization\",\"@id\":\"https:\\\/\\\/meprolim.es\\\/fr\\\/#organization\",\"name\":\"Meprolim\",\"url\":\"https:\\\/\\\/meprolim.es\\\/fr\\\/\",\"logo\":{\"@type\":\"ImageObject\",\"inLanguage\":\"en-US\",\"@id\":\"https:\\\/\\\/meprolim.es\\\/fr\\\/#\\\/schema\\\/logo\\\/image\\\/\",\"url\":\"https:\\\/\\\/meprolim.es\\\/wp-content\\\/uploads\\\/2019\\\/07\\\/cropped-logo2.png\",\"contentUrl\":\"https:\\\/\\\/meprolim.es\\\/wp-content\\\/uploads\\\/2019\\\/07\\\/cropped-logo2.png\",\"width\":401,\"height\":162,\"caption\":\"Meprolim\"},\"image\":{\"@id\":\"https:\\\/\\\/meprolim.es\\\/fr\\\/#\\\/schema\\\/logo\\\/image\\\/\"}}]}<\/script>\n<!-- \/ Yoast SEO plugin. -->","yoast_head_json":{"title":"BID\u00d3N 20KG DETERGENTE ACTIVO FANCY CARE - C\u00d3DIGO: FR0079 - Meprolim","robots":{"index":"index","follow":"follow","max-snippet":"max-snippet:-1","max-image-preview":"max-image-preview:large","max-video-preview":"max-video-preview:-1"},"canonical":"https:\/\/meprolim.es\/producto\/quimicos-articulos-limpieza\/productos-quimicos-industriales\/lavanderia\/sistema-smartcare-residencias\/bidon-20kg-detergente-activo-fancy-care\/","og_locale":"en_US","og_type":"article","og_title":"BID\u00d3N 20KG DETERGENTE ACTIVO FANCY CARE - C\u00d3DIGO: FR0079 - Meprolim","og_description":"Caracter\u00edsticas:   Compuesto por una gran cantidad secuestrantes, tensioactivos y blanqueantes \u00f3pticos que confieren un tratado \u00f3ptimo al proceso de lavado.  Incorpora un principio activo a base de carbonatos para ayudar a los tensioactivos a realizar su funci\u00f3n.  Datos t\u00e9cnicos:   pH 11-12.  Producto alcalino.  Color: naranja.  Perfume: caracter\u00edstico.  Con secuestrantes para facilitar el correcto proceso de lavado.  Tensioactivos ani\u00f3nicos y no i\u00f3nicos.  Los primeros hacen una funci\u00f3n humectante, los no i\u00f3nicos facilitan la correcta penetraci\u00f3n en las fibras de los tejidos eliminando por completo la suciedad.  Principio activo a base de carbonatos para ayudar a los tensioactivos a realizar su funci\u00f3n.  Se recomienda una dosificaci\u00f3n de 5 gramos por cada kilo de ropa.  SKU: FR0079","og_url":"https:\/\/meprolim.es\/producto\/quimicos-articulos-limpieza\/productos-quimicos-industriales\/lavanderia\/sistema-smartcare-residencias\/bidon-20kg-detergente-activo-fancy-care\/","og_site_name":"Meprolim","article_modified_time":"2023-05-25T21:51:51+00:00","og_image":[{"width":768,"height":768,"url":"https:\/\/meprolim.es\/wp-content\/uploads\/2019\/09\/FR0079.jpg","type":"image\/jpeg"}],"twitter_card":"summary_large_image","twitter_misc":{"Est. reading time":"1 minute"},"schema":{"@context":"https:\/\/schema.org","@graph":[{"@type":"WebPage","@id":"https:\/\/meprolim.es\/producto\/quimicos-articulos-limpieza\/productos-quimicos-industriales\/lavanderia\/sistema-smartcare-residencias\/bidon-20kg-detergente-activo-fancy-care\/","url":"https:\/\/meprolim.es\/producto\/quimicos-articulos-limpieza\/productos-quimicos-industriales\/lavanderia\/sistema-smartcare-residencias\/bidon-20kg-detergente-activo-fancy-care\/","name":"BID\u00d3N 20KG DETERGENTE ACTIVO FANCY CARE - C\u00d3DIGO: FR0079 - Meprolim","isPartOf":{"@id":"https:\/\/meprolim.es\/fr\/#website"},"primaryImageOfPage":{"@id":"https:\/\/meprolim.es\/producto\/quimicos-articulos-limpieza\/productos-quimicos-industriales\/lavanderia\/sistema-smartcare-residencias\/bidon-20kg-detergente-activo-fancy-care\/#primaryimage"},"image":{"@id":"https:\/\/meprolim.es\/producto\/quimicos-articulos-limpieza\/productos-quimicos-industriales\/lavanderia\/sistema-smartcare-residencias\/bidon-20kg-detergente-activo-fancy-care\/#primaryimage"},"thumbnailUrl":"https:\/\/meprolim.es\/wp-content\/uploads\/2019\/09\/FR0079.jpg","datePublished":"2019-09-08T14:38:41+00:00","dateModified":"2023-05-25T21:51:51+00:00","breadcrumb":{"@id":"https:\/\/meprolim.es\/producto\/quimicos-articulos-limpieza\/productos-quimicos-industriales\/lavanderia\/sistema-smartcare-residencias\/bidon-20kg-detergente-activo-fancy-care\/#breadcrumb"},"inLanguage":"en-US","potentialAction":[{"@type":"ReadAction","target":["https:\/\/meprolim.es\/producto\/quimicos-articulos-limpieza\/productos-quimicos-industriales\/lavanderia\/sistema-smartcare-residencias\/bidon-20kg-detergente-activo-fancy-care\/"]}]},{"@type":"ImageObject","inLanguage":"en-US","@id":"https:\/\/meprolim.es\/producto\/quimicos-articulos-limpieza\/productos-quimicos-industriales\/lavanderia\/sistema-smartcare-residencias\/bidon-20kg-detergente-activo-fancy-care\/#primaryimage","url":"https:\/\/meprolim.es\/wp-content\/uploads\/2019\/09\/FR0079.jpg","contentUrl":"https:\/\/meprolim.es\/wp-content\/uploads\/2019\/09\/FR0079.jpg","width":768,"height":768},{"@type":"BreadcrumbList","@id":"https:\/\/meprolim.es\/producto\/quimicos-articulos-limpieza\/productos-quimicos-industriales\/lavanderia\/sistema-smartcare-residencias\/bidon-20kg-detergente-activo-fancy-care\/#breadcrumb","itemListElement":[{"@type":"ListItem","position":1,"name":"Portada","item":"https:\/\/meprolim.es\/en\/"},{"@type":"ListItem","position":2,"name":"Catalogue","item":"https:\/\/meprolim.es\/en\/catalogue\/"},{"@type":"ListItem","position":3,"name":"BID\u00d3N 20KG DETERGENTE ACTIVO FANCY CARE &#8211; C\u00d3DIGO: FR0079"}]},{"@type":"WebSite","@id":"https:\/\/meprolim.es\/fr\/#website","url":"https:\/\/meprolim.es\/fr\/","name":"Meprolim","description":"Cavas Catalanas S.L.","publisher":{"@id":"https:\/\/meprolim.es\/fr\/#organization"},"potentialAction":[{"@type":"SearchAction","target":{"@type":"EntryPoint","urlTemplate":"https:\/\/meprolim.es\/fr\/?s={search_term_string}"},"query-input":{"@type":"PropertyValueSpecification","valueRequired":true,"valueName":"search_term_string"}}],"inLanguage":"en-US"},{"@type":"Organization","@id":"https:\/\/meprolim.es\/fr\/#organization","name":"Meprolim","url":"https:\/\/meprolim.es\/fr\/","logo":{"@type":"ImageObject","inLanguage":"en-US","@id":"https:\/\/meprolim.es\/fr\/#\/schema\/logo\/image\/","url":"https:\/\/meprolim.es\/wp-content\/uploads\/2019\/07\/cropped-logo2.png","contentUrl":"https:\/\/meprolim.es\/wp-content\/uploads\/2019\/07\/cropped-logo2.png","width":401,"height":162,"caption":"Meprolim"},"image":{"@id":"https:\/\/meprolim.es\/fr\/#\/schema\/logo\/image\/"}}]}},"_links":{"self":[{"href":"https:\/\/meprolim.es\/en\/wp-json\/wp\/v2\/product\/9698","targetHints":{"allow":["GET"]}}],"collection":[{"href":"https:\/\/meprolim.es\/en\/wp-json\/wp\/v2\/product"}],"about":[{"href":"https:\/\/meprolim.es\/en\/wp-json\/wp\/v2\/types\/product"}],"wp:featuredmedia":[{"embeddable":true,"href":"https:\/\/meprolim.es\/en\/wp-json\/wp\/v2\/media\/9696"}],"wp:attachment":[{"href":"https:\/\/meprolim.es\/en\/wp-json\/wp\/v2\/media?parent=9698"}],"wp:term":[{"taxonomy":"product_brand","embeddable":true,"href":"https:\/\/meprolim.es\/en\/wp-json\/wp\/v2\/product_brand?post=9698"},{"taxonomy":"product_cat","embeddable":true,"href":"https:\/\/meprolim.es\/en\/wp-json\/wp\/v2\/product_cat?post=9698"},{"taxonomy":"product_tag","embeddable":true,"href":"https:\/\/meprolim.es\/en\/wp-json\/wp\/v2\/product_tag?post=9698"}],"curies":[{"name":"wp","href":"https:\/\/api.w.org\/{rel}","templated":true}]}}