{"id":9828,"date":"2019-09-09T22:14:27","date_gmt":"2019-09-09T21:14:27","guid":{"rendered":"http:\/\/www.meprolim.es\/?post_type=product&#038;p=9828"},"modified":"2023-05-24T00:23:38","modified_gmt":"2023-05-23T23:23:38","slug":"bote-1l-wc-perfumado-flow-meprolim","status":"publish","type":"product","link":"https:\/\/meprolim.es\/en\/producto\/quimicos-y-articulos-de-limpieza\/productos-quimicos-industriales-en\/detergentes-acidos-desincrustantes-en\/wc-en\/bote-1l-wc-perfumado-flow-meprolim\/","title":{"rendered":"BOTE 1L WC PERFUMADO FLOW MEPROLIM &#8211; C\u00d3DIGO: FR0009"},"content":{"rendered":"<div class=\"wpb-content-wrapper\"><p>[vc_row][vc_column][vc_column_text]<\/p>\n<p style=\"text-align: justify;\">Producto perfumado de alta eficacia para la limpieza diaria del WC, lavabos, ba\u00f1eras, duchas, bid\u00e9s, etc. Contiene tensioactivos que aportan un gran poder de limpieza y abrillantado.<\/p>\n<p>[\/vc_column_text][\/vc_column][\/vc_row]<\/p>\n<\/div>","protected":false},"excerpt":{"rendered":"<ul>\n<li>pH 4-5.<\/li>\n<li>Bote de 1 litro.<\/li>\n<li>Limpian y desodorizan.<\/li>\n<li>Eliminan incrustaciones, \u00f3xido y suciedad.<\/li>\n<li>Garantizan \u00f3ptimas condiciones higi\u00e9nicas.<\/li>\n<li>Eliminan olores desagradables. \u2022 Acci\u00f3n r\u00e1pida.<\/li>\n<li>Aplicar sobre las paredes y rebordes del WC.<\/li>\n<li>Frotar con la escobilla las zonas m\u00e1s incrustadas o de dif\u00edcil acceso.<\/li>\n<li>Dejar actuar y aclarar con agua.<\/li>\n<li>No utilizar sobre m\u00e1rmol o superficies sensibles a \u00e1cidos.<\/li>\n<li>No mezclar con lej\u00eda.<\/li>\n<\/ul>\n<p><strong>SKU: FR0009<\/strong><\/p>\n","protected":false},"featured_media":9829,"template":"","meta":[],"product_brand":[],"product_cat":[686,652,94,876],"product_tag":[486,654],"class_list":{"0":"post-9828","1":"product","2":"type-product","3":"status-publish","4":"has-post-thumbnail","6":"product_cat-detergentes-acidos-desincrustantes","7":"product_cat-productos-quimicos-industriales","8":"product_cat-quimicos-articulos-limpieza","9":"product_cat-wc","10":"product_tag-bano","11":"product_tag-productos-quimicos","13":"first","14":"instock","15":"shipping-taxable","16":"product-type-simple"},"yoast_head":"<!-- This site is optimized with the Yoast SEO plugin v27.3 - https:\/\/yoast.com\/product\/yoast-seo-wordpress\/ -->\n<title>BOTE 1L WC PERFUMADO FLOW MEPROLIM - C\u00d3DIGO: FR0009 - Meprolim<\/title>\n<meta name=\"robots\" content=\"index, follow, max-snippet:-1, max-image-preview:large, max-video-preview:-1\" \/>\n<link rel=\"canonical\" href=\"https:\/\/meprolim.es\/producto\/quimicos-articulos-limpieza\/productos-quimicos-industriales\/detergentes-acidos-desincrustantes\/wc\/bote-1l-wc-perfumado-flow-meprolim\/\" \/>\n<meta property=\"og:locale\" content=\"en_US\" \/>\n<meta property=\"og:type\" content=\"article\" \/>\n<meta property=\"og:title\" content=\"BOTE 1L WC PERFUMADO FLOW MEPROLIM - C\u00d3DIGO: FR0009 - Meprolim\" \/>\n<meta property=\"og:description\" content=\"pH 4-5.  Bote de 1 litro.  Limpian y desodorizan.  Eliminan incrustaciones, \u00f3xido y suciedad.  Garantizan \u00f3ptimas condiciones higi\u00e9nicas.  Eliminan olores desagradables. \u2022 Acci\u00f3n r\u00e1pida.  Aplicar sobre las paredes y rebordes del WC.  Frotar con la escobilla las zonas m\u00e1s incrustadas o de dif\u00edcil acceso.  Dejar actuar y aclarar con agua.  No utilizar sobre m\u00e1rmol o superficies sensibles a \u00e1cidos.  No mezclar con lej\u00eda.  SKU: FR0009\" \/>\n<meta property=\"og:url\" content=\"https:\/\/meprolim.es\/producto\/quimicos-articulos-limpieza\/productos-quimicos-industriales\/detergentes-acidos-desincrustantes\/wc\/bote-1l-wc-perfumado-flow-meprolim\/\" \/>\n<meta property=\"og:site_name\" content=\"Meprolim\" \/>\n<meta property=\"article:modified_time\" content=\"2023-05-23T23:23:38+00:00\" \/>\n<meta property=\"og:image\" content=\"https:\/\/meprolim.es\/wp-content\/uploads\/2019\/09\/FR0009.jpg\" \/>\n\t<meta property=\"og:image:width\" content=\"768\" \/>\n\t<meta property=\"og:image:height\" content=\"768\" \/>\n\t<meta property=\"og:image:type\" content=\"image\/jpeg\" \/>\n<meta name=\"twitter:card\" content=\"summary_large_image\" \/>\n<meta name=\"twitter:label1\" content=\"Est. reading time\" \/>\n\t<meta name=\"twitter:data1\" content=\"1 minute\" \/>\n<script type=\"application\/ld+json\" class=\"yoast-schema-graph\">{\"@context\":\"https:\\\/\\\/schema.org\",\"@graph\":[{\"@type\":\"WebPage\",\"@id\":\"https:\\\/\\\/meprolim.es\\\/producto\\\/quimicos-articulos-limpieza\\\/productos-quimicos-industriales\\\/detergentes-acidos-desincrustantes\\\/wc\\\/bote-1l-wc-perfumado-flow-meprolim\\\/\",\"url\":\"https:\\\/\\\/meprolim.es\\\/producto\\\/quimicos-articulos-limpieza\\\/productos-quimicos-industriales\\\/detergentes-acidos-desincrustantes\\\/wc\\\/bote-1l-wc-perfumado-flow-meprolim\\\/\",\"name\":\"BOTE 1L WC PERFUMADO FLOW MEPROLIM - C\u00d3DIGO: FR0009 - Meprolim\",\"isPartOf\":{\"@id\":\"https:\\\/\\\/meprolim.es\\\/fr\\\/#website\"},\"primaryImageOfPage\":{\"@id\":\"https:\\\/\\\/meprolim.es\\\/producto\\\/quimicos-articulos-limpieza\\\/productos-quimicos-industriales\\\/detergentes-acidos-desincrustantes\\\/wc\\\/bote-1l-wc-perfumado-flow-meprolim\\\/#primaryimage\"},\"image\":{\"@id\":\"https:\\\/\\\/meprolim.es\\\/producto\\\/quimicos-articulos-limpieza\\\/productos-quimicos-industriales\\\/detergentes-acidos-desincrustantes\\\/wc\\\/bote-1l-wc-perfumado-flow-meprolim\\\/#primaryimage\"},\"thumbnailUrl\":\"https:\\\/\\\/meprolim.es\\\/wp-content\\\/uploads\\\/2019\\\/09\\\/FR0009.jpg\",\"datePublished\":\"2019-09-09T21:14:27+00:00\",\"dateModified\":\"2023-05-23T23:23:38+00:00\",\"breadcrumb\":{\"@id\":\"https:\\\/\\\/meprolim.es\\\/producto\\\/quimicos-articulos-limpieza\\\/productos-quimicos-industriales\\\/detergentes-acidos-desincrustantes\\\/wc\\\/bote-1l-wc-perfumado-flow-meprolim\\\/#breadcrumb\"},\"inLanguage\":\"en-US\",\"potentialAction\":[{\"@type\":\"ReadAction\",\"target\":[\"https:\\\/\\\/meprolim.es\\\/producto\\\/quimicos-articulos-limpieza\\\/productos-quimicos-industriales\\\/detergentes-acidos-desincrustantes\\\/wc\\\/bote-1l-wc-perfumado-flow-meprolim\\\/\"]}]},{\"@type\":\"ImageObject\",\"inLanguage\":\"en-US\",\"@id\":\"https:\\\/\\\/meprolim.es\\\/producto\\\/quimicos-articulos-limpieza\\\/productos-quimicos-industriales\\\/detergentes-acidos-desincrustantes\\\/wc\\\/bote-1l-wc-perfumado-flow-meprolim\\\/#primaryimage\",\"url\":\"https:\\\/\\\/meprolim.es\\\/wp-content\\\/uploads\\\/2019\\\/09\\\/FR0009.jpg\",\"contentUrl\":\"https:\\\/\\\/meprolim.es\\\/wp-content\\\/uploads\\\/2019\\\/09\\\/FR0009.jpg\",\"width\":768,\"height\":768},{\"@type\":\"BreadcrumbList\",\"@id\":\"https:\\\/\\\/meprolim.es\\\/producto\\\/quimicos-articulos-limpieza\\\/productos-quimicos-industriales\\\/detergentes-acidos-desincrustantes\\\/wc\\\/bote-1l-wc-perfumado-flow-meprolim\\\/#breadcrumb\",\"itemListElement\":[{\"@type\":\"ListItem\",\"position\":1,\"name\":\"Portada\",\"item\":\"https:\\\/\\\/meprolim.es\\\/en\\\/\"},{\"@type\":\"ListItem\",\"position\":2,\"name\":\"Catalogue\",\"item\":\"https:\\\/\\\/meprolim.es\\\/en\\\/catalogue\\\/\"},{\"@type\":\"ListItem\",\"position\":3,\"name\":\"BOTE 1L WC PERFUMADO FLOW MEPROLIM &#8211; C\u00d3DIGO: FR0009\"}]},{\"@type\":\"WebSite\",\"@id\":\"https:\\\/\\\/meprolim.es\\\/fr\\\/#website\",\"url\":\"https:\\\/\\\/meprolim.es\\\/fr\\\/\",\"name\":\"Meprolim\",\"description\":\"Cavas Catalanas S.L.\",\"publisher\":{\"@id\":\"https:\\\/\\\/meprolim.es\\\/fr\\\/#organization\"},\"potentialAction\":[{\"@type\":\"SearchAction\",\"target\":{\"@type\":\"EntryPoint\",\"urlTemplate\":\"https:\\\/\\\/meprolim.es\\\/fr\\\/?s={search_term_string}\"},\"query-input\":{\"@type\":\"PropertyValueSpecification\",\"valueRequired\":true,\"valueName\":\"search_term_string\"}}],\"inLanguage\":\"en-US\"},{\"@type\":\"Organization\",\"@id\":\"https:\\\/\\\/meprolim.es\\\/fr\\\/#organization\",\"name\":\"Meprolim\",\"url\":\"https:\\\/\\\/meprolim.es\\\/fr\\\/\",\"logo\":{\"@type\":\"ImageObject\",\"inLanguage\":\"en-US\",\"@id\":\"https:\\\/\\\/meprolim.es\\\/fr\\\/#\\\/schema\\\/logo\\\/image\\\/\",\"url\":\"https:\\\/\\\/meprolim.es\\\/wp-content\\\/uploads\\\/2019\\\/07\\\/cropped-logo2.png\",\"contentUrl\":\"https:\\\/\\\/meprolim.es\\\/wp-content\\\/uploads\\\/2019\\\/07\\\/cropped-logo2.png\",\"width\":401,\"height\":162,\"caption\":\"Meprolim\"},\"image\":{\"@id\":\"https:\\\/\\\/meprolim.es\\\/fr\\\/#\\\/schema\\\/logo\\\/image\\\/\"}}]}<\/script>\n<!-- \/ Yoast SEO plugin. -->","yoast_head_json":{"title":"BOTE 1L WC PERFUMADO FLOW MEPROLIM - C\u00d3DIGO: FR0009 - Meprolim","robots":{"index":"index","follow":"follow","max-snippet":"max-snippet:-1","max-image-preview":"max-image-preview:large","max-video-preview":"max-video-preview:-1"},"canonical":"https:\/\/meprolim.es\/producto\/quimicos-articulos-limpieza\/productos-quimicos-industriales\/detergentes-acidos-desincrustantes\/wc\/bote-1l-wc-perfumado-flow-meprolim\/","og_locale":"en_US","og_type":"article","og_title":"BOTE 1L WC PERFUMADO FLOW MEPROLIM - C\u00d3DIGO: FR0009 - Meprolim","og_description":"pH 4-5.  Bote de 1 litro.  Limpian y desodorizan.  Eliminan incrustaciones, \u00f3xido y suciedad.  Garantizan \u00f3ptimas condiciones higi\u00e9nicas.  Eliminan olores desagradables. \u2022 Acci\u00f3n r\u00e1pida.  Aplicar sobre las paredes y rebordes del WC.  Frotar con la escobilla las zonas m\u00e1s incrustadas o de dif\u00edcil acceso.  Dejar actuar y aclarar con agua.  No utilizar sobre m\u00e1rmol o superficies sensibles a \u00e1cidos.  No mezclar con lej\u00eda.  SKU: FR0009","og_url":"https:\/\/meprolim.es\/producto\/quimicos-articulos-limpieza\/productos-quimicos-industriales\/detergentes-acidos-desincrustantes\/wc\/bote-1l-wc-perfumado-flow-meprolim\/","og_site_name":"Meprolim","article_modified_time":"2023-05-23T23:23:38+00:00","og_image":[{"width":768,"height":768,"url":"https:\/\/meprolim.es\/wp-content\/uploads\/2019\/09\/FR0009.jpg","type":"image\/jpeg"}],"twitter_card":"summary_large_image","twitter_misc":{"Est. reading time":"1 minute"},"schema":{"@context":"https:\/\/schema.org","@graph":[{"@type":"WebPage","@id":"https:\/\/meprolim.es\/producto\/quimicos-articulos-limpieza\/productos-quimicos-industriales\/detergentes-acidos-desincrustantes\/wc\/bote-1l-wc-perfumado-flow-meprolim\/","url":"https:\/\/meprolim.es\/producto\/quimicos-articulos-limpieza\/productos-quimicos-industriales\/detergentes-acidos-desincrustantes\/wc\/bote-1l-wc-perfumado-flow-meprolim\/","name":"BOTE 1L WC PERFUMADO FLOW MEPROLIM - C\u00d3DIGO: FR0009 - Meprolim","isPartOf":{"@id":"https:\/\/meprolim.es\/fr\/#website"},"primaryImageOfPage":{"@id":"https:\/\/meprolim.es\/producto\/quimicos-articulos-limpieza\/productos-quimicos-industriales\/detergentes-acidos-desincrustantes\/wc\/bote-1l-wc-perfumado-flow-meprolim\/#primaryimage"},"image":{"@id":"https:\/\/meprolim.es\/producto\/quimicos-articulos-limpieza\/productos-quimicos-industriales\/detergentes-acidos-desincrustantes\/wc\/bote-1l-wc-perfumado-flow-meprolim\/#primaryimage"},"thumbnailUrl":"https:\/\/meprolim.es\/wp-content\/uploads\/2019\/09\/FR0009.jpg","datePublished":"2019-09-09T21:14:27+00:00","dateModified":"2023-05-23T23:23:38+00:00","breadcrumb":{"@id":"https:\/\/meprolim.es\/producto\/quimicos-articulos-limpieza\/productos-quimicos-industriales\/detergentes-acidos-desincrustantes\/wc\/bote-1l-wc-perfumado-flow-meprolim\/#breadcrumb"},"inLanguage":"en-US","potentialAction":[{"@type":"ReadAction","target":["https:\/\/meprolim.es\/producto\/quimicos-articulos-limpieza\/productos-quimicos-industriales\/detergentes-acidos-desincrustantes\/wc\/bote-1l-wc-perfumado-flow-meprolim\/"]}]},{"@type":"ImageObject","inLanguage":"en-US","@id":"https:\/\/meprolim.es\/producto\/quimicos-articulos-limpieza\/productos-quimicos-industriales\/detergentes-acidos-desincrustantes\/wc\/bote-1l-wc-perfumado-flow-meprolim\/#primaryimage","url":"https:\/\/meprolim.es\/wp-content\/uploads\/2019\/09\/FR0009.jpg","contentUrl":"https:\/\/meprolim.es\/wp-content\/uploads\/2019\/09\/FR0009.jpg","width":768,"height":768},{"@type":"BreadcrumbList","@id":"https:\/\/meprolim.es\/producto\/quimicos-articulos-limpieza\/productos-quimicos-industriales\/detergentes-acidos-desincrustantes\/wc\/bote-1l-wc-perfumado-flow-meprolim\/#breadcrumb","itemListElement":[{"@type":"ListItem","position":1,"name":"Portada","item":"https:\/\/meprolim.es\/en\/"},{"@type":"ListItem","position":2,"name":"Catalogue","item":"https:\/\/meprolim.es\/en\/catalogue\/"},{"@type":"ListItem","position":3,"name":"BOTE 1L WC PERFUMADO FLOW MEPROLIM &#8211; C\u00d3DIGO: FR0009"}]},{"@type":"WebSite","@id":"https:\/\/meprolim.es\/fr\/#website","url":"https:\/\/meprolim.es\/fr\/","name":"Meprolim","description":"Cavas Catalanas S.L.","publisher":{"@id":"https:\/\/meprolim.es\/fr\/#organization"},"potentialAction":[{"@type":"SearchAction","target":{"@type":"EntryPoint","urlTemplate":"https:\/\/meprolim.es\/fr\/?s={search_term_string}"},"query-input":{"@type":"PropertyValueSpecification","valueRequired":true,"valueName":"search_term_string"}}],"inLanguage":"en-US"},{"@type":"Organization","@id":"https:\/\/meprolim.es\/fr\/#organization","name":"Meprolim","url":"https:\/\/meprolim.es\/fr\/","logo":{"@type":"ImageObject","inLanguage":"en-US","@id":"https:\/\/meprolim.es\/fr\/#\/schema\/logo\/image\/","url":"https:\/\/meprolim.es\/wp-content\/uploads\/2019\/07\/cropped-logo2.png","contentUrl":"https:\/\/meprolim.es\/wp-content\/uploads\/2019\/07\/cropped-logo2.png","width":401,"height":162,"caption":"Meprolim"},"image":{"@id":"https:\/\/meprolim.es\/fr\/#\/schema\/logo\/image\/"}}]}},"_links":{"self":[{"href":"https:\/\/meprolim.es\/en\/wp-json\/wp\/v2\/product\/9828","targetHints":{"allow":["GET"]}}],"collection":[{"href":"https:\/\/meprolim.es\/en\/wp-json\/wp\/v2\/product"}],"about":[{"href":"https:\/\/meprolim.es\/en\/wp-json\/wp\/v2\/types\/product"}],"wp:featuredmedia":[{"embeddable":true,"href":"https:\/\/meprolim.es\/en\/wp-json\/wp\/v2\/media\/9829"}],"wp:attachment":[{"href":"https:\/\/meprolim.es\/en\/wp-json\/wp\/v2\/media?parent=9828"}],"wp:term":[{"taxonomy":"product_brand","embeddable":true,"href":"https:\/\/meprolim.es\/en\/wp-json\/wp\/v2\/product_brand?post=9828"},{"taxonomy":"product_cat","embeddable":true,"href":"https:\/\/meprolim.es\/en\/wp-json\/wp\/v2\/product_cat?post=9828"},{"taxonomy":"product_tag","embeddable":true,"href":"https:\/\/meprolim.es\/en\/wp-json\/wp\/v2\/product_tag?post=9828"}],"curies":[{"name":"wp","href":"https:\/\/api.w.org\/{rel}","templated":true}]}}