{"id":20594,"date":"2016-02-22T10:02:21","date_gmt":"2016-02-22T10:02:21","guid":{"rendered":"https:\/\/www.meprolim.es\/inicio\/"},"modified":"2020-03-09T10:17:44","modified_gmt":"2020-03-09T10:17:44","slug":"inicio","status":"publish","type":"page","link":"https:\/\/meprolim.es\/fr\/","title":{"rendered":"Inicio"},"content":{"rendered":"<div class=\"wpb-content-wrapper\"><p>[vc_row full_width=&#8221;stretch_row_content_no_spaces&#8221;][vc_column][rev_slider_vc alias=&#8221;home-v3-slider&#8221;][\/vc_column][\/vc_row][vc_row full_width=&#8221;stretch_row&#8221; css=&#8221;.vc_custom_1563728371747{background-color: #002e82 !important;}&#8221;][vc_column][vc_custom_heading text=&#8221;NOTRE EXP\u00c9RIENCE EST VOTRE GARANTIE&#8221; font_container=&#8221;tag:h3|font_size:34px|text_align:center|color:%23ffffff|line_height:40px&#8221; use_theme_fonts=&#8221;yes&#8221; css=&#8221;.vc_custom_1563728395530{padding-bottom: 20px !important;}&#8221;][\/vc_column][\/vc_row][vc_row][vc_column offset=&#8221;vc_col-lg-8 vc_col-md-8&#8243;]\n<section class=\"home-categories-block\" >\n\t\t\t\t\t<div class=\"categories-block \">\n\t\t\t<ul class=\"categories list-unstyled row row-cols-2 row-cols-lg-2\">\n\t\t\t\t\t\t\t\t<li class=\"category\">\n\t\t\t\t\t<div class=\"category-inner\">\n\t\t\t\t\t\t<a class=\"row align-items-center g-0 overflow-hidden\" href=\"https:\/\/meprolim.es\/fr\/categoria-producto\/maquinaria-de-limpieza\/\">\n\t\t\t\t\t\t\t<div class=\"media-img col-5\"><img decoding=\"async\" src=\"https:\/\/meprolim.es\/wp-content\/uploads\/2024\/04\/catalogo-rojo-pequeno.png\" alt=\"Maquinaria de Limpieza\" width=\"300\" height=\"300\" \/><\/div>\n\t\t\t\t\t\t\t<div class=\"category-title col-7\">\n\t\t\t\t\t\t\t\t<h4 class=\"title mb-0\">Maquinaria de Limpieza<\/h4>\n\t\t\t\t\t\t\t<\/div>\n\t\t\t\t\t\t<\/a>\n\t\t\t\t\t<\/div>\n\t\t\t\t<\/li>\n\t\t\t\t\t\t\t\t<li class=\"category\">\n\t\t\t\t\t<div class=\"category-inner\">\n\t\t\t\t\t\t<a class=\"row align-items-center g-0 overflow-hidden\" href=\"https:\/\/meprolim.es\/fr\/categoria-producto\/carros-de-servicio-fregado-manual-y-articulos-de-limpieza\/\">\n\t\t\t\t\t\t\t<div class=\"media-img col-5\"><img decoding=\"async\" src=\"https:\/\/meprolim.es\/wp-content\/uploads\/2024\/04\/catalogo-gris-peq.png\" alt=\"Carros de Servicio, Fregado Manual y Art\u00edculos de Limpieza\" width=\"300\" height=\"300\" \/><\/div>\n\t\t\t\t\t\t\t<div class=\"category-title col-7\">\n\t\t\t\t\t\t\t\t<h4 class=\"title mb-0\">Carros de Servicio, Fregado Manual y Art\u00edculos de Limpieza<\/h4>\n\t\t\t\t\t\t\t<\/div>\n\t\t\t\t\t\t<\/a>\n\t\t\t\t\t<\/div>\n\t\t\t\t<\/li>\n\t\t\t\t\t\t\t\t<li class=\"category\">\n\t\t\t\t\t<div class=\"category-inner\">\n\t\t\t\t\t\t<a class=\"row align-items-center g-0 overflow-hidden\" href=\"https:\/\/meprolim.es\/fr\/categoria-producto\/dispensadores-celulosa-y-complementos\/\">\n\t\t\t\t\t\t\t<div class=\"media-img col-5\"><img decoding=\"async\" src=\"https:\/\/meprolim.es\/wp-content\/uploads\/2024\/04\/catalogo-marron-pequeno.png\" alt=\"Dispensadores, Celulosa y Complementos\" width=\"300\" height=\"300\" \/><\/div>\n\t\t\t\t\t\t\t<div class=\"category-title col-7\">\n\t\t\t\t\t\t\t\t<h4 class=\"title mb-0\">Dispensadores, Celulosa y Complementos<\/h4>\n\t\t\t\t\t\t\t<\/div>\n\t\t\t\t\t\t<\/a>\n\t\t\t\t\t<\/div>\n\t\t\t\t<\/li>\n\t\t\t\t\t\t\t\t<li class=\"category\">\n\t\t\t\t\t<div class=\"category-inner\">\n\t\t\t\t\t\t<a class=\"row align-items-center g-0 overflow-hidden\" href=\"https:\/\/meprolim.es\/fr\/categoria-producto\/quimicos-y-articulos-de-limpieza\/\">\n\t\t\t\t\t\t\t<div class=\"media-img col-5\"><img decoding=\"async\" src=\"https:\/\/meprolim.es\/wp-content\/uploads\/2024\/04\/catalogo-verde-peq.png\" alt=\"Qu\u00edmicos y Art\u00edculos de Limpieza\" width=\"300\" height=\"300\" \/><\/div>\n\t\t\t\t\t\t\t<div class=\"category-title col-7\">\n\t\t\t\t\t\t\t\t<h4 class=\"title mb-0\">Qu\u00edmicos y Art\u00edculos de Limpieza<\/h4>\n\t\t\t\t\t\t\t<\/div>\n\t\t\t\t\t\t<\/a>\n\t\t\t\t\t<\/div>\n\t\t\t\t<\/li>\n\t\t\t\t\t\t\t<\/ul>\n\t\t<\/div>\n\t<\/section>\n[\/vc_column][vc_column offset=&#8221;vc_col-lg-4 vc_col-md-4&#8243;][vc_hoverbox image=&#8221;20543&#8243; primary_title=&#8221;&#8221; hover_title=&#8221;&#8221; shape=&#8221;square&#8221; hover_btn_title=&#8221;Voir les produits&#8221; hover_add_button=&#8221;true&#8221; el_class=&#8221;oferta_home&#8221; hover_btn_link=&#8221;url:%2F%3Fproduct_cat%3Dquimicos-articulos-limpieza%2Fproductos-quimicos-industriales%2Flimpieza-manos-protectores%2Fdesinfectantes|title:Ofertas|target:%20_blank|&#8221;]<a class=\"button btn btn-primary add-all-to-cart\" href=\"http:\/\/www.meprolim.es\/contacto\/\">DEMANDER PLUS D&#8217;INFORMATIONS<\/a><\/p>\n<p>[\/vc_hoverbox][\/vc_column][\/vc_row][vc_row full_width=&#8221;stretch_row&#8221; css=&#8221;.vc_custom_1563728787622{padding-bottom: 50px !important;background-color: #eeeeee !important;}&#8221;][vc_column][vc_custom_heading text=&#8221;COMMENT COMMANDER&#8221; font_container=&#8221;tag:h3|font_size:34px|text_align:center|color:%23002e82|line_height:40px&#8221; use_theme_fonts=&#8221;yes&#8221; css=&#8221;.vc_custom_1563728633057{padding-bottom: 20px !important;}&#8221;][vc_row_inner][vc_column_inner width=&#8221;1\/3&#8243;][vc_hoverbox image=&#8221;5211&#8243; primary_title=&#8221;&#8221; hover_title=&#8221;&#8221;]<\/p>\n<p style=\"text-align: center;\">Horaire de lundi \u00e0 vendredi de 7.00 \u00e0 15:00<\/p>\n<p style=\"text-align: center;\">Gran Canaria: 928 297 181<\/p>\n<p style=\"text-align: center;\">Fuerteventura: 928 859 590<\/p>\n<p style=\"text-align: center;\">Lanzarote: 928 822 990<\/p>\n<p style=\"text-align: center;\">Tenerife: 922 207 801<\/p>\n<p>[\/vc_hoverbox][vc_column_text]<\/p>\n<h3 class=\"align-top\" style=\"text-align: center;\"><span style=\"font-size: 22px;\"><span style=\"color: #002e82;\">Par t\u00e9l\u00e9phone<\/span><\/span><\/h3>\n<p>[\/vc_column_text][\/vc_column_inner][vc_column_inner width=&#8221;1\/3&#8243;][vc_hoverbox image=&#8221;5214&#8243; primary_title=&#8221;&#8221; hover_title=&#8221;&#8221;]<\/p>\n<p style=\"text-align: center;\">Gran Canaria: <a href=\"mailto:pedidoslpa@meprolim.es\" target=\"_blank\" rel=\"noopener noreferrer\">pedidoslpa@meprolim.es<\/a><\/p>\n<p style=\"text-align: center;\">Fuerteventura: <a href=\"mailto:pedidosftve@meprolim.es\" target=\"_blank\" rel=\"noopener noreferrer\">pedidosftve@meprolim.es<\/a><\/p>\n<p style=\"text-align: center;\">Lanzarote: <a href=\"mailto:pedidoslte@meprolim.es\">pedidoslte@meprolim.es<\/a><\/p>\n<p style=\"text-align: center;\">Tenerife: <a href=\"mailto:pedidostfe@meprolim.es\">pedidostfe@meprolim.es<\/a><\/p>\n<p style=\"text-align: center;\">La Palma: <a href=\"mailto:pedidoslpm@meprolim.es\">pedidoslpm@meprolim.es<\/a><\/p>\n<p>&nbsp;<\/p>\n<p>[\/vc_hoverbox][vc_column_text]<\/p>\n<h3 class=\"align-top\" style=\"text-align: center;\"><span style=\"font-size: 22px;\"><span style=\"color: #002e82;\">Par courriel<\/span><\/span><\/h3>\n<p>[\/vc_column_text][\/vc_column_inner][vc_column_inner width=&#8221;1\/3&#8243;][vc_hoverbox image=&#8221;11295&#8243; primary_title=&#8221;&#8221; hover_title=&#8221;&#8221;]<\/p>\n<p style=\"text-align: center;\">24h\/24h<\/p>\n<p>[\/vc_hoverbox][vc_column_text]<\/p>\n<h3 class=\"align-top\" style=\"text-align: center;\"><span style=\"font-size: 22px;\"><span style=\"color: #002e82;\">Sur notre page web<\/span><\/span><\/h3>\n<p>[\/vc_column_text][\/vc_column_inner][\/vc_row_inner][\/vc_column][\/vc_row][vc_row css=&#8221;.vc_custom_1563728297376{padding-bottom: 50px !important;}&#8221;][vc_column]\t\t\t<div class=\"features-list clearfix row row-cols-lg-3\">\n\t\t\t\t\t\t\t\t<div class=\"feature\">\n\t\t\t\t\t<div class=\"media\">\n\t\t\t\t\t\t<div class=\"media-left media-middle feature-icon\">\n\t\t\t\t\t\t\t<i class=\"fa fa-wrench\"><\/i>\n\t\t\t\t\t\t<\/div>\n\t\t\t\t\t\t<div class=\"media-body media-middle feature-text\">\n\t\t\t\t\t\t\t<strong>ASSISTANCE TECHNIQUE<\/strong>Pi\u00e8ces de rechange dans nos ateliers dans toutes nos d\u00e9l\u00e9gations et 18 techniciens \u00e0 votre service. Contrats pr\u00e9ventifs de maintenance pour garantir le meilleur fonctionnement et une plus grande durabilit\u00e9.\t\t\t\t\t\t<\/div>\n\t\t\t\t\t<\/div>\n\t\t\t\t<\/div>\n\t\t\t\t\t\t\t\t<div class=\"feature\">\n\t\t\t\t\t<div class=\"media\">\n\t\t\t\t\t\t<div class=\"media-left media-middle feature-icon\">\n\t\t\t\t\t\t\t<i class=\"fa fa-truck\"><\/i>\n\t\t\t\t\t\t<\/div>\n\t\t\t\t\t\t<div class=\"media-body media-middle feature-text\">\n\t\t\t\t\t\t\t<strong>LIVRAISON<\/strong>Notre syst\u00e8me logistique, avec plus de 50 v\u00e9hicules et notre \u00e9quipe de professionnels, r\u00e9pond en temps record et n\u2019importe o\u00f9 dans l\u2019archipel.\t\t\t\t\t\t<\/div>\n\t\t\t\t\t<\/div>\n\t\t\t\t<\/div>\n\t\t\t\t\t\t\t\t<div class=\"feature\">\n\t\t\t\t\t<div class=\"media\">\n\t\t\t\t\t\t<div class=\"media-left media-middle feature-icon\">\n\t\t\t\t\t\t\t<i class=\"fa fa-graduation-cap\"><\/i>\n\t\t\t\t\t\t<\/div>\n\t\t\t\t\t\t<div class=\"media-body media-middle feature-text\">\n\t\t\t\t\t\t\t<strong>FORMATION<\/strong>Nous pr\u00e9sentons les derni\u00e8res nouveaut\u00e9s en machinerie. Nous offrons des cours et nous formons gratuitement le personnel de nos clients.\t\t\t\t\t\t<\/div>\n\t\t\t\t\t<\/div>\n\t\t\t\t<\/div>\n\t\t\t\t\t\t\t<\/div>\n\t\t\t\t\t\t<div class=\"features-list clearfix row row-cols-lg-3\">\n\t\t\t\t\t\t\t\t<div class=\"feature\">\n\t\t\t\t\t<div class=\"media\">\n\t\t\t\t\t\t<div class=\"media-left media-middle feature-icon\">\n\t\t\t\t\t\t\t<i class=\"fa fa-hand-pointer\"><\/i>\n\t\t\t\t\t\t<\/div>\n\t\t\t\t\t\t<div class=\"media-body media-middle feature-text\">\n\t\t\t\t\t\t\t<strong>R+D+I<\/strong>Nous disposons des derni\u00e8res nouveaut\u00e9s sur le march\u00e9. Nous cherchons les meilleures solutions adapt\u00e9es \u00e0 chaque client.\t\t\t\t\t\t<\/div>\n\t\t\t\t\t<\/div>\n\t\t\t\t<\/div>\n\t\t\t\t\t\t\t\t<div class=\"feature\">\n\t\t\t\t\t<div class=\"media\">\n\t\t\t\t\t\t<div class=\"media-left media-middle feature-icon\">\n\t\t\t\t\t\t\t<i class=\"fa fa-check\"><\/i>\n\t\t\t\t\t\t<\/div>\n\t\t\t\t\t\t<div class=\"media-body media-middle feature-text\">\n\t\t\t\t\t\t\t<strong>QUALITE ET SERVICE<\/strong>La qualit\u00e9 de nos produits et de nos services ainsi que l\u2019attention personnalis\u00e9e et plus de 50 d\u2019ans d\u2019exp\u00e9rience sont vos meilleures garanties.\t\t\t\t\t\t<\/div>\n\t\t\t\t\t<\/div>\n\t\t\t\t<\/div>\n\t\t\t\t\t\t\t\t<div class=\"feature\">\n\t\t\t\t\t<div class=\"media\">\n\t\t\t\t\t\t<div class=\"media-left media-middle feature-icon\">\n\t\t\t\t\t\t\t<i class=\"fa fa-euro-sign\"><\/i>\n\t\t\t\t\t\t<\/div>\n\t\t\t\t\t\t<div class=\"media-body media-middle feature-text\">\n\t\t\t\t\t\t\t<strong>FINANCEMENT<\/strong>Des modes de paiement pratiques. Renting, leasing, etc.\t\t\t\t\t\t<\/div>\n\t\t\t\t\t<\/div>\n\t\t\t\t<\/div>\n\t\t\t\t\t\t\t<\/div>\n\t\t\t[\/vc_column][\/vc_row][vc_row full_width=&#8221;stretch_row&#8221; css=&#8221;.vc_custom_1563726034240{padding-top: 30px !important;padding-bottom: 50px !important;background-color: #a3bd31 !important;}&#8221;][vc_column width=&#8221;1\/4&#8243;][vc_icon icon_fontawesome=&#8221;fa fa-users&#8221; color=&#8221;custom&#8221; background_style=&#8221;rounded&#8221; background_color=&#8221;white&#8221; align=&#8221;center&#8221; custom_color=&#8221;#a3bd31&#8243;][vc_column_text]<\/p>\n<h3 style=\"text-align: center;\"><span style=\"color: #ffffff;\">PERSONNEL<\/span><\/h3>\n<h2 style=\"text-align: center;\"><span style=\"font-size: 36px;\"><strong><span style=\"color: #ffffff;\">100<\/span><\/strong><\/span><\/h2>\n<p style=\"text-align: center;\"><span style=\"color: #ffffff;\"><span style=\"font-size: 14px;\">Plus de 100 professionnels \u00e0 votre service<\/span><\/span><\/p>\n<p>[\/vc_column_text][\/vc_column][vc_column width=&#8221;1\/4&#8243;][vc_icon icon_fontawesome=&#8221;fa fa-product-hunt&#8221; color=&#8221;custom&#8221; background_style=&#8221;rounded&#8221; background_color=&#8221;white&#8221; align=&#8221;center&#8221; custom_color=&#8221;#a3bd31&#8243;][vc_column_text]<\/p>\n<h3 style=\"text-align: center;\"><span style=\"color: #ffffff;\">PRODUITS<\/span><\/h3>\n<h2 style=\"text-align: center;\"><span style=\"font-size: 36px;\"><strong><span style=\"color: #ffffff;\">15.000<\/span><\/strong><\/span><\/h2>\n<p style=\"text-align: center;\"><span style=\"color: #ffffff;\"><span style=\"font-size: 14px;\">Plus de 15000 produits des meilleurs fabricants au monde.<\/span><\/span><\/p>\n<p>[\/vc_column_text][\/vc_column][vc_column width=&#8221;1\/4&#8243;][vc_icon icon_fontawesome=&#8221;fa fa-home&#8221; color=&#8221;custom&#8221; background_style=&#8221;rounded&#8221; background_color=&#8221;white&#8221; align=&#8221;center&#8221; custom_color=&#8221;#a3bd31&#8243;][vc_column_text]<\/p>\n<h3 style=\"text-align: center;\"><span style=\"color: #ffffff;\">STOCK<\/span><\/h3>\n<h2 style=\"text-align: center;\"><span style=\"font-size: 36px;\"><strong><span style=\"color: #ffffff;\">40.000<\/span><\/strong><\/span><\/h2>\n<p style=\"text-align: center;\"><span style=\"color: #ffffff;\"><span style=\"font-size: 14px;\">Plus de 40000 m\u00e8tres carr\u00e9s de stockage<\/span><\/span><\/p>\n<p>[\/vc_column_text][\/vc_column][vc_column width=&#8221;1\/4&#8243;][vc_icon icon_fontawesome=&#8221;fa fa-briefcase&#8221; color=&#8221;custom&#8221; background_style=&#8221;rounded&#8221; background_color=&#8221;white&#8221; align=&#8221;center&#8221; custom_color=&#8221;#a3bd31&#8243;][vc_column_text]<\/p>\n<h3 style=\"text-align: center;\"><span style=\"color: #ffffff;\">CLIENTS<\/span><\/h3>\n<h2 style=\"text-align: center;\"><span style=\"font-size: 36px;\"><strong><span style=\"color: #ffffff;\">30.000<\/span><\/strong><\/span><\/h2>\n<p style=\"text-align: center;\"><span style=\"color: #ffffff;\"><span style=\"font-size: 14px;\">Plus de 30000 clients nous ont donn\u00e9 leur confiance.<\/span><\/span><\/p>\n<p>[\/vc_column_text][\/vc_column][\/vc_row][vc_row full_width=&#8221;stretch_row_content_no_spaces&#8221; css=&#8221;.vc_custom_1563727680413{background-color: #eeeeee !important;}&#8221;][vc_column][vc_custom_heading text=&#8221;DELEGATIONS&#8221; font_container=&#8221;tag:h3|font_size:34px|text_align:center|color:%23002e82|line_height:40px&#8221; use_theme_fonts=&#8221;yes&#8221; css=&#8221;.vc_custom_1563728896726{padding-bottom: 20px !important;}&#8221;][vc_gmaps link=&#8221;#E-8_JTNDaWZyYW1lJTIwc3JjJTNEJTIyaHR0cHMlM0ElMkYlMkZ3d3cuZ29vZ2xlLmNvbSUyRm1hcHMlMkZkJTJGZW1iZWQlM0ZtaWQlM0QxbWttbm9ONEp3M1h6Rk1nOGVONXJyXzhJZW1OQzJ1U1glMjIlMjB3aWR0aCUzRCUyMjY0MCUyMiUyMGhlaWdodCUzRCUyMjQ4MCUyMiUzRSUzQyUyRmlmcmFtZSUzRQ==&#8221;][\/vc_column][\/vc_row][vc_row css=&#8221;.vc_custom_1563727966620{padding-top: 30px !important;padding-bottom: 60px !important;}&#8221;][vc_column][vc_images_carousel images=&#8221;5226,5228,5227,5229,5230&#8243; img_size=&#8221;full&#8221; onclick=&#8221;custom_link&#8221; custom_links_target=&#8221;_blank&#8221; slides_per_view=&#8221;5&#8243; hide_pagination_control=&#8221;yes&#8221; hide_prev_next_buttons=&#8221;yes&#8221; custom_links=&#8221;#E-8_aHR0cCUzQSUyRiUyRnd3dy5tZXByb2xpbS5lcyUyRndwLWNvbnRlbnQlMkZ1cGxvYWRzJTJGMjAxOSUyRjEwJTJGSVNPLTkwMDEucGRmJTJDaHR0cCUzQSUyRiUyRnd3dy5tZXByb2xpbS5lcyUyRndwLWNvbnRlbnQlMkZ1cGxvYWRzJTJGMjAxOSUyRjEwJTJGSVNPLTE4MDAxLnBkZiUyQ2h0dHAlM0ElMkYlMkZ3d3cubWVwcm9saW0uZXMlMkZ3cC1jb250ZW50JTJGdXBsb2FkcyUyRjIwMTklMkYxMCUyRklTTy0xNDAwMS5wZGY=&#8221;][\/vc_column][\/vc_row][vc_row][vc_column][vc_column_text]<section class=\"latest-post-selection three-columns\" id=\"lps-97c2c626ce9ba7abca01b7a96a7b2841\" style=\"\" role=\"list\"><article class=\"post-32941 post type-post status-publish format-standard hentry category-ofertas\" data-lps-id=\"32941\" role=\"listitem\"><h3 class=\"article__title item-title-tag\">OFERTA ASPIRADORA INDUSTRIAL TLT70<\/h3><em class=\"article__date item-date\">25 septembre 2025 <i>8h19<\/i><\/em><div class=\"article__text item-text\"><p>OFERTA V\u00c1LIDA HASTA 31\/12\/2025<\/p>\n<\/div><a href=\"https:\/\/meprolim.es\/fr\/oferta-aspiradora-industrial-tlt70\/\" title=\"OFERTA ASPIRADORA INDUSTRIAL TLT70\" class=\"article__link read-more\"><span class=\"article__read-more read-more\">lire plus<\/span><\/a><\/article><article class=\"post-32935 post type-post status-publish format-standard hentry category-ofertas\" data-lps-id=\"32935\" role=\"listitem\"><h3 class=\"article__title item-title-tag\">OFERTA BAC APTA ALIMENTACI\u00d3N<\/h3><em class=\"article__date item-date\">25 septembre 2025 <i>8h14<\/i><\/em><div class=\"article__text item-text\"><p>OFERTA V\u00c1LIDA HASTA FIN DE EXISTENCIAS<\/p>\n<\/div><a href=\"https:\/\/meprolim.es\/fr\/oferta-bac-apta-alimentacion\/\" title=\"OFERTA BAC APTA ALIMENTACI\u00d3N\" class=\"article__link read-more\"><span class=\"article__read-more read-more\">lire plus<\/span><\/a><\/article><article class=\"post-32870 post type-post status-publish format-standard hentry category-ofertas\" data-lps-id=\"32870\" role=\"listitem\"><h3 class=\"article__title item-title-tag\">OFERTA ASPIRADORA CA-15<\/h3><em class=\"article__date item-date\">19 septembre 2025 <i>10h42<\/i><\/em><div class=\"article__text item-text\"><p>Oferta v\u00e1lida hasta 31\/12\/2025<\/p>\n<\/div><a href=\"https:\/\/meprolim.es\/fr\/oferta-aspiradora-ca-15\/\" title=\"OFERTA ASPIRADORA CA-15\" class=\"article__link read-more\"><span class=\"article__read-more read-more\">lire plus<\/span><\/a><\/article><\/section>\n<p>&nbsp;<\/p>\n<p>[\/vc_column_text][\/vc_column][\/vc_row]<\/p>\n<\/div>","protected":false},"excerpt":{"rendered":"<p>[vc_row full_width=&#8221;stretch_row_content_no_spaces&#8221;][vc_column][rev_slider_vc alias=&#8221;home-v3-slider&#8221;][\/vc_column][\/vc_row][vc_row full_width=&#8221;stretch_row&#8221; css=&#8221;.vc_custom_1563728371747{background-color: #002e82 !important;}&#8221;][vc_column][vc_custom_heading text=&#8221;NOTRE EXP\u00c9RIENCE EST VOTRE GARANTIE&#8221; font_container=&#8221;tag:h3|font_size:34px|text_align:center|color:%23ffffff|line_height:40px&#8221; use_theme_fonts=&#8221;yes&#8221; css=&#8221;.vc_custom_1563728395530{padding-bottom: 20px !important;}&#8221;][\/vc_column][\/vc_row][vc_row][vc_column offset=&#8221;vc_col-lg-8 vc_col-md-8&#8243;][\/vc_column][vc_column offset=&#8221;vc_col-lg-4 vc_col-md-4&#8243;][vc_hoverbox image=&#8221;20543&#8243; primary_title=&#8221;&#8221; hover_title=&#8221;&#8221; shape=&#8221;square&#8221; hover_btn_title=&#8221;Voir les produits&#8221; hover_add_button=&#8221;true&#8221; el_class=&#8221;oferta_home&#8221;<\/p>\n","protected":false},"author":6,"featured_media":0,"parent":0,"menu_order":1,"comment_status":"closed","ping_status":"closed","template":"","meta":{"footnotes":""},"class_list":["post-20594","page","type-page","status-publish","hentry"],"yoast_head":"<!-- This site is optimized with the Yoast SEO plugin v27.4 - https:\/\/yoast.com\/product\/yoast-seo-wordpress\/ -->\n<title>Inicio - Meprolim<\/title>\n<meta name=\"robots\" content=\"index, follow, max-snippet:-1, max-image-preview:large, max-video-preview:-1\" \/>\n<link rel=\"canonical\" href=\"https:\/\/meprolim.es\/fr\/\" \/>\n<meta property=\"og:locale\" content=\"fr_FR\" \/>\n<meta property=\"og:type\" content=\"article\" \/>\n<meta property=\"og:title\" content=\"Inicio - Meprolim\" \/>\n<meta property=\"og:description\" content=\"[vc_row full_width=&#8221;stretch_row_content_no_spaces&#8221;][vc_column][rev_slider_vc alias=&#8221;home-v3-slider&#8221;][\/vc_column][\/vc_row][vc_row full_width=&#8221;stretch_row&#8221; css=&#8221;.vc_custom_1563728371747{background-color: #002e82 !important;}&#8221;][vc_column][vc_custom_heading text=&#8221;NOTRE EXP\u00c9RIENCE EST VOTRE GARANTIE&#8221; font_container=&#8221;tag:h3|font_size:34px|text_align:center|color:%23ffffff|line_height:40px&#8221; use_theme_fonts=&#8221;yes&#8221; css=&#8221;.vc_custom_1563728395530{padding-bottom: 20px !important;}&#8221;][\/vc_column][\/vc_row][vc_row][vc_column offset=&#8221;vc_col-lg-8 vc_col-md-8&#8243;][\/vc_column][vc_column offset=&#8221;vc_col-lg-4 vc_col-md-4&#8243;][vc_hoverbox image=&#8221;20543&#8243; primary_title=&#8221;&#8221; hover_title=&#8221;&#8221; shape=&#8221;square&#8221; hover_btn_title=&#8221;Voir les produits&#8221; hover_add_button=&#8221;true&#8221; el_class=&#8221;oferta_home&#8221;\" \/>\n<meta property=\"og:url\" content=\"https:\/\/meprolim.es\/fr\/\" \/>\n<meta property=\"og:site_name\" content=\"Meprolim\" \/>\n<meta property=\"article:modified_time\" content=\"2020-03-09T10:17:44+00:00\" \/>\n<meta name=\"twitter:card\" content=\"summary_large_image\" \/>\n<meta name=\"twitter:label1\" content=\"Dur\u00e9e de lecture estim\u00e9e\" \/>\n\t<meta name=\"twitter:data1\" content=\"4 minutes\" \/>\n<script type=\"application\/ld+json\" class=\"yoast-schema-graph\">{\"@context\":\"https:\\\/\\\/schema.org\",\"@graph\":[{\"@type\":\"WebPage\",\"@id\":\"https:\\\/\\\/meprolim.es\\\/fr\\\/\",\"url\":\"https:\\\/\\\/meprolim.es\\\/fr\\\/\",\"name\":\"Inicio - Meprolim\",\"isPartOf\":{\"@id\":\"https:\\\/\\\/meprolim.es\\\/fr\\\/#website\"},\"datePublished\":\"2016-02-22T10:02:21+00:00\",\"dateModified\":\"2020-03-09T10:17:44+00:00\",\"breadcrumb\":{\"@id\":\"https:\\\/\\\/meprolim.es\\\/fr\\\/#breadcrumb\"},\"inLanguage\":\"fr-FR\",\"potentialAction\":[{\"@type\":\"ReadAction\",\"target\":[\"https:\\\/\\\/meprolim.es\\\/fr\\\/\"]}]},{\"@type\":\"BreadcrumbList\",\"@id\":\"https:\\\/\\\/meprolim.es\\\/fr\\\/#breadcrumb\",\"itemListElement\":[{\"@type\":\"ListItem\",\"position\":1,\"name\":\"Portada\",\"item\":\"https:\\\/\\\/meprolim.es\\\/fr\\\/\"},{\"@type\":\"ListItem\",\"position\":2,\"name\":\"Inicio\"}]},{\"@type\":\"WebSite\",\"@id\":\"https:\\\/\\\/meprolim.es\\\/fr\\\/#website\",\"url\":\"https:\\\/\\\/meprolim.es\\\/fr\\\/\",\"name\":\"Meprolim\",\"description\":\"Cavas Catalanas S.L.\",\"publisher\":{\"@id\":\"https:\\\/\\\/meprolim.es\\\/fr\\\/#organization\"},\"potentialAction\":[{\"@type\":\"SearchAction\",\"target\":{\"@type\":\"EntryPoint\",\"urlTemplate\":\"https:\\\/\\\/meprolim.es\\\/fr\\\/?s={search_term_string}\"},\"query-input\":{\"@type\":\"PropertyValueSpecification\",\"valueRequired\":true,\"valueName\":\"search_term_string\"}}],\"inLanguage\":\"fr-FR\"},{\"@type\":\"Organization\",\"@id\":\"https:\\\/\\\/meprolim.es\\\/fr\\\/#organization\",\"name\":\"Meprolim\",\"url\":\"https:\\\/\\\/meprolim.es\\\/fr\\\/\",\"logo\":{\"@type\":\"ImageObject\",\"inLanguage\":\"fr-FR\",\"@id\":\"https:\\\/\\\/meprolim.es\\\/fr\\\/#\\\/schema\\\/logo\\\/image\\\/\",\"url\":\"https:\\\/\\\/meprolim.es\\\/wp-content\\\/uploads\\\/2019\\\/07\\\/cropped-logo2.png\",\"contentUrl\":\"https:\\\/\\\/meprolim.es\\\/wp-content\\\/uploads\\\/2019\\\/07\\\/cropped-logo2.png\",\"width\":401,\"height\":162,\"caption\":\"Meprolim\"},\"image\":{\"@id\":\"https:\\\/\\\/meprolim.es\\\/fr\\\/#\\\/schema\\\/logo\\\/image\\\/\"}}]}<\/script>\n<!-- \/ Yoast SEO plugin. -->","yoast_head_json":{"title":"Inicio - Meprolim","robots":{"index":"index","follow":"follow","max-snippet":"max-snippet:-1","max-image-preview":"max-image-preview:large","max-video-preview":"max-video-preview:-1"},"canonical":"https:\/\/meprolim.es\/fr\/","og_locale":"fr_FR","og_type":"article","og_title":"Inicio - Meprolim","og_description":"[vc_row full_width=&#8221;stretch_row_content_no_spaces&#8221;][vc_column][rev_slider_vc alias=&#8221;home-v3-slider&#8221;][\/vc_column][\/vc_row][vc_row full_width=&#8221;stretch_row&#8221; css=&#8221;.vc_custom_1563728371747{background-color: #002e82 !important;}&#8221;][vc_column][vc_custom_heading text=&#8221;NOTRE EXP\u00c9RIENCE EST VOTRE GARANTIE&#8221; font_container=&#8221;tag:h3|font_size:34px|text_align:center|color:%23ffffff|line_height:40px&#8221; use_theme_fonts=&#8221;yes&#8221; css=&#8221;.vc_custom_1563728395530{padding-bottom: 20px !important;}&#8221;][\/vc_column][\/vc_row][vc_row][vc_column offset=&#8221;vc_col-lg-8 vc_col-md-8&#8243;][\/vc_column][vc_column offset=&#8221;vc_col-lg-4 vc_col-md-4&#8243;][vc_hoverbox image=&#8221;20543&#8243; primary_title=&#8221;&#8221; hover_title=&#8221;&#8221; shape=&#8221;square&#8221; hover_btn_title=&#8221;Voir les produits&#8221; hover_add_button=&#8221;true&#8221; el_class=&#8221;oferta_home&#8221;","og_url":"https:\/\/meprolim.es\/fr\/","og_site_name":"Meprolim","article_modified_time":"2020-03-09T10:17:44+00:00","twitter_card":"summary_large_image","twitter_misc":{"Dur\u00e9e de lecture estim\u00e9e":"4 minutes"},"schema":{"@context":"https:\/\/schema.org","@graph":[{"@type":"WebPage","@id":"https:\/\/meprolim.es\/fr\/","url":"https:\/\/meprolim.es\/fr\/","name":"Inicio - Meprolim","isPartOf":{"@id":"https:\/\/meprolim.es\/fr\/#website"},"datePublished":"2016-02-22T10:02:21+00:00","dateModified":"2020-03-09T10:17:44+00:00","breadcrumb":{"@id":"https:\/\/meprolim.es\/fr\/#breadcrumb"},"inLanguage":"fr-FR","potentialAction":[{"@type":"ReadAction","target":["https:\/\/meprolim.es\/fr\/"]}]},{"@type":"BreadcrumbList","@id":"https:\/\/meprolim.es\/fr\/#breadcrumb","itemListElement":[{"@type":"ListItem","position":1,"name":"Portada","item":"https:\/\/meprolim.es\/fr\/"},{"@type":"ListItem","position":2,"name":"Inicio"}]},{"@type":"WebSite","@id":"https:\/\/meprolim.es\/fr\/#website","url":"https:\/\/meprolim.es\/fr\/","name":"Meprolim","description":"Cavas Catalanas S.L.","publisher":{"@id":"https:\/\/meprolim.es\/fr\/#organization"},"potentialAction":[{"@type":"SearchAction","target":{"@type":"EntryPoint","urlTemplate":"https:\/\/meprolim.es\/fr\/?s={search_term_string}"},"query-input":{"@type":"PropertyValueSpecification","valueRequired":true,"valueName":"search_term_string"}}],"inLanguage":"fr-FR"},{"@type":"Organization","@id":"https:\/\/meprolim.es\/fr\/#organization","name":"Meprolim","url":"https:\/\/meprolim.es\/fr\/","logo":{"@type":"ImageObject","inLanguage":"fr-FR","@id":"https:\/\/meprolim.es\/fr\/#\/schema\/logo\/image\/","url":"https:\/\/meprolim.es\/wp-content\/uploads\/2019\/07\/cropped-logo2.png","contentUrl":"https:\/\/meprolim.es\/wp-content\/uploads\/2019\/07\/cropped-logo2.png","width":401,"height":162,"caption":"Meprolim"},"image":{"@id":"https:\/\/meprolim.es\/fr\/#\/schema\/logo\/image\/"}}]}},"_links":{"self":[{"href":"https:\/\/meprolim.es\/fr\/wp-json\/wp\/v2\/pages\/20594","targetHints":{"allow":["GET"]}}],"collection":[{"href":"https:\/\/meprolim.es\/fr\/wp-json\/wp\/v2\/pages"}],"about":[{"href":"https:\/\/meprolim.es\/fr\/wp-json\/wp\/v2\/types\/page"}],"author":[{"embeddable":true,"href":"https:\/\/meprolim.es\/fr\/wp-json\/wp\/v2\/users\/6"}],"replies":[{"embeddable":true,"href":"https:\/\/meprolim.es\/fr\/wp-json\/wp\/v2\/comments?post=20594"}],"version-history":[{"count":11,"href":"https:\/\/meprolim.es\/fr\/wp-json\/wp\/v2\/pages\/20594\/revisions"}],"predecessor-version":[{"id":20780,"href":"https:\/\/meprolim.es\/fr\/wp-json\/wp\/v2\/pages\/20594\/revisions\/20780"}],"wp:attachment":[{"href":"https:\/\/meprolim.es\/fr\/wp-json\/wp\/v2\/media?parent=20594"}],"curies":[{"name":"wp","href":"https:\/\/api.w.org\/{rel}","templated":true}]}}