{"id":20604,"date":"2019-07-17T19:32:20","date_gmt":"2019-07-17T18:32:20","guid":{"rendered":"https:\/\/www.meprolim.es\/location\/"},"modified":"2020-03-04T11:37:06","modified_gmt":"2020-03-04T11:37:06","slug":"location","status":"publish","type":"page","link":"https:\/\/meprolim.es\/fr\/location\/","title":{"rendered":"Location"},"content":{"rendered":"<div class=\"wpb-content-wrapper\"><p>[vc_row][vc_column width=&#8221;4\/6&#8243;][vc_custom_heading text=&#8221;Location de machinerie, Slam Machinery Hire&#8221; use_theme_fonts=&#8221;yes&#8221;][vc_column_text css=&#8221;.vc_custom_1568368202834{padding-right: 30px !important;}&#8221;]<\/p>\n<p style=\"text-align: justify;\"><strong>Slam<\/strong>, vous offre toutes les machines de nettoyage dont vous avez besoin pour r\u00e9soudre et r\u00e9aliser toutes les t\u00e2ches en un temps minimum. Nous disposons de tout le mat\u00e9riel n\u00e9cessaire (produits chimiques, \u00e9ponges, produits abrasifs, etc.)<\/p>\n<p style=\"text-align: justify;\">Si vous souhaitez louer un de nos produits, n\u2019h\u00e9siter pas \u00e0 solliciter l\u2019information en remplissant le formulaire et nous vous contacterons dans les plus brefs d\u00e9lais pour vous offrir la meilleure des solutions.<\/p>\n<p>[\/vc_column_text][vc_single_image image=&#8221;10582&#8243; img_size=&#8221;500&#215;320&#8243; css=&#8221;.vc_custom_1568574707863{margin-top: 30px !important;margin-bottom: 20px !important;}&#8221;][\/vc_column][vc_column width=&#8221;2\/6&#8243;]\n<div class=\"wpcf7 no-js\" id=\"wpcf7-f20612-o1\" lang=\"es-ES\" dir=\"ltr\" data-wpcf7-id=\"20612\">\n<div class=\"screen-reader-response\"><p role=\"status\" aria-live=\"polite\" aria-atomic=\"true\"><\/p> <ul><\/ul><\/div>\n<form action=\"\/fr\/wp-json\/wp\/v2\/pages\/20604#wpcf7-f20612-o1\" method=\"post\" class=\"wpcf7-form init\" aria-label=\"Formulario de contacto\" novalidate=\"novalidate\" data-status=\"init\">\n<fieldset class=\"hidden-fields-container\"><input type=\"hidden\" name=\"_wpcf7\" value=\"20612\" \/><input type=\"hidden\" name=\"_wpcf7_version\" value=\"6.1.5\" \/><input type=\"hidden\" name=\"_wpcf7_locale\" value=\"es_ES\" \/><input type=\"hidden\" name=\"_wpcf7_unit_tag\" value=\"wpcf7-f20612-o1\" \/><input type=\"hidden\" name=\"_wpcf7_container_post\" value=\"0\" \/><input type=\"hidden\" name=\"_wpcf7_posted_data_hash\" value=\"\" \/><input type=\"hidden\" name=\"_wpcf7_recaptcha_response\" value=\"\" \/>\n<\/fieldset>\n<p><label> Votre nom (obligatoire)<br \/>\n<span class=\"wpcf7-form-control-wrap\" data-name=\"your-name\"><input size=\"40\" maxlength=\"400\" class=\"wpcf7-form-control wpcf7-text wpcf7-validates-as-required\" aria-required=\"true\" aria-invalid=\"false\" value=\"\" type=\"text\" name=\"your-name\" \/><\/span> <\/label>\n<\/p>\n<p><label> Votre num\u00e9ro de t\u00e9l\u00e9phone (obligatoire)<br \/>\n<span class=\"wpcf7-form-control-wrap\" data-name=\"telefono\"><input size=\"40\" maxlength=\"400\" class=\"wpcf7-form-control wpcf7-text wpcf7-validates-as-required\" aria-required=\"true\" aria-invalid=\"false\" value=\"\" type=\"text\" name=\"telefono\" \/><\/span> <\/label>\n<\/p>\n<p><label> Votre courriel (obligatoire)<br \/>\n<span class=\"wpcf7-form-control-wrap\" data-name=\"your-email\"><input size=\"40\" maxlength=\"400\" class=\"wpcf7-form-control wpcf7-email wpcf7-validates-as-required wpcf7-text wpcf7-validates-as-email\" aria-required=\"true\" aria-invalid=\"false\" value=\"\" type=\"email\" name=\"your-email\" \/><\/span> <\/label>\n<\/p>\n<p><label> Sujet<br \/>\n<span class=\"wpcf7-form-control-wrap\" data-name=\"your-subject\"><input size=\"40\" maxlength=\"400\" class=\"wpcf7-form-control wpcf7-text\" aria-invalid=\"false\" value=\"\" type=\"text\" name=\"your-subject\" \/><\/span> <\/label>\n<\/p>\n<p><label> Votre message<br \/>\n<span class=\"wpcf7-form-control-wrap\" data-name=\"your-message\"><textarea cols=\"40\" rows=\"10\" maxlength=\"2000\" class=\"wpcf7-form-control wpcf7-textarea\" aria-invalid=\"false\" name=\"your-message\"><\/textarea><\/span> <\/label>\n<\/p>\n<p><label> <span class=\"wpcf7-form-control-wrap\" data-name=\"pol-priv\"><span class=\"wpcf7-form-control wpcf7-acceptance\"><span class=\"wpcf7-list-item\"><label><input type=\"checkbox\" name=\"pol-priv\" value=\"1\" aria-invalid=\"false\" \/><span class=\"wpcf7-list-item-label\">J\u2019ai lu et j\u2019accepte la <a rel=\"nofollow\" href=\"\/fr\/politique-de-confidentialite\/\">politique de confidentialit\u00e9<\/a>.<\/span><\/label><\/span><\/span><\/span> <\/label>\n<\/p>\n<p><input class=\"wpcf7-form-control wpcf7-submit has-spinner\" type=\"submit\" value=\"Envoyer\" \/>\n<\/p><div class=\"wpcf7-response-output\" aria-hidden=\"true\"><\/div>\n<\/form>\n<\/div>\n[\/vc_column][\/vc_row][vc_row css=&#8221;.vc_custom_1568370261502{margin-top: 40px !important;}&#8221;][vc_column][vc_text_separator title=&#8221;EQUIPOS EN ALQUILER&#8221; i_type=&#8221;linecons&#8221; i_icon_linecons=&#8221;vc_li vc_li-star&#8221; css_animation=&#8221;slideInDown&#8221; add_icon=&#8221;true&#8221; css=&#8221;.vc_custom_1568370702493{margin-top: 40px !important;}&#8221;][vc_row_inner css=&#8221;.vc_custom_1568370330999{margin-top: 40px !important;margin-bottom: 30px !important;}&#8221;][vc_column_inner width=&#8221;1\/4&#8243;][vc_hoverbox image=&#8221;5504&#8243; primary_title=&#8221;&#8221; hover_title=&#8221;Balayeuses&#8221; css=&#8221;.vc_custom_1568378152424{margin-top: 10px !important;padding-bottom: 10px !important;}&#8221;]Avec homme \u00e0 pied ou assis, avec batteries ou carburant et avec une capacit\u00e9 de travail de 500 \u00e0 30 000m2.<\/p>\n<p>[\/vc_hoverbox][\/vc_column_inner][vc_column_inner width=&#8221;1\/4&#8243;][vc_hoverbox image=&#8221;5478&#8243; primary_title=&#8221;&#8221; hover_title=&#8221;Aspirateurs&#8221; css=&#8221;.vc_custom_1568378168624{margin-top: 10px !important;margin-bottom: 10px !important;}&#8221;]ASPIRATEURS puissants con\u00e7us pour le nettoyage (industriel, domestique, poussi\u00e8re, eau-poussi\u00e8re, &#8230;) avec divers accessoires et brosses.<\/p>\n<p>[\/vc_hoverbox][\/vc_column_inner][vc_column_inner width=&#8221;1\/4&#8243;][vc_hoverbox image=&#8221;5441&#8243; primary_title=&#8221;&#8221; hover_title=&#8221;Nettoyeurs haute pression&#8221; css=&#8221;.vc_custom_1568378182543{margin-top: 10px !important;margin-bottom: 10px !important;}&#8221;]Avec de l&#8217;eau sous pression, froide ou chaude, autonome ou \u00e9lectrique, monophas\u00e9e ou triphas\u00e9e, de 120 \u00e0 220 bars de pression, permettant le dosage du d\u00e9tergent.<\/p>\n<p>[\/vc_hoverbox][\/vc_column_inner][vc_column_inner width=&#8221;1\/4&#8243;][vc_hoverbox image=&#8221;5669&#8243; primary_title=&#8221;&#8221; hover_title=&#8221;G\u00e9n\u00e9rateurs de vapeur&#8221; css=&#8221;.vc_custom_1568378192094{margin-top: 10px !important;margin-bottom: 10px !important;}&#8221;]Temp\u00e9rature jusqu&#8217;\u00e0 160 \u00b0 C et recharge automatique en eau.<\/p>\n<p>[\/vc_hoverbox][\/vc_column_inner][\/vc_row_inner][vc_row_inner][vc_column_inner width=&#8221;1\/4&#8243;][vc_hoverbox image=&#8221;5377&#8243; primary_title=&#8221;&#8221; hover_title=&#8221;\u00c9purateurs &#8211; s\u00e9choirs&#8221; css=&#8221;.vc_custom_1568378200986{margin-top: 10px !important;margin-bottom: 10px !important;}&#8221;]Avec homme \u00e0 pied ou assis (10 mod\u00e8les diff\u00e9rents). Autonome (batteries) ou \u00e9lectrique. Capacit\u00e9 de 600 \u00e0 30 000 m2.<\/p>\n<p>[\/vc_hoverbox][\/vc_column_inner][vc_column_inner width=&#8221;1\/4&#8243;][vc_hoverbox image=&#8221;5743&#8243; primary_title=&#8221;&#8221; hover_title=&#8221;Cristalliseurs&#8221; css=&#8221;.vc_custom_1568378210800{margin-top: 10px !important;margin-bottom: 10px !important;}&#8221;]Pour cristalliser, polir, d\u00e9caper et frotter tous types de surfaces. De 43 \u00e0 51 cm de largeur de travail et d&#8217;un poids de 50 Kg.<\/p>\n<p>[\/vc_hoverbox][\/vc_column_inner][vc_column_inner width=&#8221;1\/4&#8243;][vc_hoverbox image=&#8221;5707&#8243; primary_title=&#8221;&#8221; hover_title=&#8221;Polisseuse&#8221; css=&#8221;.vc_custom_1568378221926{margin-top: 10px !important;margin-bottom: 10px !important;}&#8221;]Pour le polissage de terrazzo, marbre, granit ou ciment. Retirez les r\u00e9sines et donnez des couleurs au ciment. Avec des syst\u00e8mes de diamant et vaut la peine de marteler.<\/p>\n<p>[\/vc_hoverbox][\/vc_column_inner][vc_column_inner width=&#8221;1\/4&#8243;][vc_hoverbox image=&#8221;5570&#8243; primary_title=&#8221;&#8221; hover_title=&#8221;Lave-vaisselle&#8221; css=&#8221;.vc_custom_1568378230188{margin-top: 10px !important;padding-bottom: 10px !important;}&#8221;]- Injection-extraction et mousse s\u00e8che avec brosse rotative. Buses pour sols et tissus d&#8217;ameublement. Ventilateur de tapis qui r\u00e9duit le temps de s\u00e9chage de 60%.<\/p>\n<p>[\/vc_hoverbox][\/vc_column_inner][\/vc_row_inner][\/vc_column][\/vc_row][vc_row css=&#8221;.vc_custom_1568370716159{margin-top: 40px !important;}&#8221;][vc_column][vc_text_separator title=&#8221;SERVICIOS&#8221; i_type=&#8221;linecons&#8221; i_icon_linecons=&#8221;vc_li vc_li-like&#8221; css_animation=&#8221;slideInDown&#8221; add_icon=&#8221;true&#8221; css=&#8221;.vc_custom_1568370782000{margin-top: 40px !important;}&#8221;][\/vc_column][\/vc_row][vc_row][vc_column width=&#8221;1\/6&#8243;][vc_icon type=&#8221;linecons&#8221; icon_linecons=&#8221;vc_li vc_li-paperplane&#8221; align=&#8221;center&#8221;][\/vc_column][vc_column width=&#8221;5\/6&#8243;][vc_column_text]<\/p>\n<ul>\n<li style=\"text-align: justify;\"><strong>LIVRAISON ET RAMASSAGE \u00c0 DOMICILE<br \/>\n<\/strong>Certaines machines \u00e9tant de grande capacit\u00e9, nous vous offrons de plus la possibilit\u00e9 de livraison et ramassage \u00e0 domicile.<\/li>\n<\/ul>\n<p>[\/vc_column_text][\/vc_column][\/vc_row][vc_row][vc_column width=&#8221;1\/6&#8243;][vc_icon type=&#8221;linecons&#8221; icon_linecons=&#8221;vc_li vc_li-diamond&#8221; align=&#8221;center&#8221;][\/vc_column][vc_column width=&#8221;5\/6&#8243;][vc_column_text]<\/p>\n<ul>\n<li style=\"text-align: justify;\"><strong>GARANTIE<br \/>\n<\/strong>Nos \u00e9quipements de nettoyage sont totalement r\u00e9vis\u00e9s et en parfaite condition d\u2019utilisation<\/li>\n<\/ul>\n<p>[\/vc_column_text][\/vc_column][\/vc_row][vc_row][vc_column width=&#8221;1\/6&#8243;][vc_icon type=&#8221;linecons&#8221; align=&#8221;center&#8221;][\/vc_column][vc_column width=&#8221;5\/6&#8243;][vc_column_text]<\/p>\n<ul>\n<li style=\"text-align: justify;\"><strong>CONSEIL<br \/>\n<\/strong>Notre longue exp\u00e9rience dans ce domaine nous permet de vous conseiller dans le choix de machinerie adapt\u00e9e \u00e0 vos besoins.<\/li>\n<\/ul>\n<p>[\/vc_column_text][\/vc_column][\/vc_row][vc_row][vc_column css=&#8221;.vc_custom_1568378341345{margin-top: 10px !important;}&#8221;][vc_column_text]<\/p>\n<p style=\"text-align: justify;\"><span style=\"text-align: justify;\">Notre service de location de machinerie de nettoyage poss\u00e8de tous les syst\u00e8mes les plus fonctionnels qui permettent un travail efficace et pratique. <\/span><\/p>\n<p>[\/vc_column_text][\/vc_column][\/vc_row]<\/p>\n<\/div>","protected":false},"excerpt":{"rendered":"<p>[vc_row][vc_column width=&#8221;4\/6&#8243;][vc_custom_heading text=&#8221;Location de machinerie, Slam Machinery Hire&#8221; use_theme_fonts=&#8221;yes&#8221;][vc_column_text css=&#8221;.vc_custom_1568368202834{padding-right: 30px !important;}&#8221;] Slam, vous offre toutes les machines de nettoyage dont vous avez besoin pour r\u00e9soudre et r\u00e9aliser toutes les<\/p>\n","protected":false},"author":6,"featured_media":0,"parent":0,"menu_order":3,"comment_status":"closed","ping_status":"closed","template":"","meta":{"footnotes":""},"class_list":["post-20604","page","type-page","status-publish","hentry"],"yoast_head":"<!-- This site is optimized with the Yoast SEO plugin v27.3 - https:\/\/yoast.com\/product\/yoast-seo-wordpress\/ -->\n<title>Location - Meprolim<\/title>\n<meta name=\"robots\" content=\"index, follow, max-snippet:-1, max-image-preview:large, max-video-preview:-1\" \/>\n<link rel=\"canonical\" href=\"https:\/\/meprolim.es\/fr\/location\/\" \/>\n<meta property=\"og:locale\" content=\"fr_FR\" \/>\n<meta property=\"og:type\" content=\"article\" \/>\n<meta property=\"og:title\" content=\"Location - Meprolim\" \/>\n<meta property=\"og:description\" content=\"[vc_row][vc_column width=&#8221;4\/6&#8243;][vc_custom_heading text=&#8221;Location de machinerie, Slam Machinery Hire&#8221; use_theme_fonts=&#8221;yes&#8221;][vc_column_text css=&#8221;.vc_custom_1568368202834{padding-right: 30px !important;}&#8221;] Slam, vous offre toutes les machines de nettoyage dont vous avez besoin pour r\u00e9soudre et r\u00e9aliser toutes les\" \/>\n<meta property=\"og:url\" content=\"https:\/\/meprolim.es\/fr\/location\/\" \/>\n<meta property=\"og:site_name\" content=\"Meprolim\" \/>\n<meta property=\"article:modified_time\" content=\"2020-03-04T11:37:06+00:00\" \/>\n<meta name=\"twitter:card\" content=\"summary_large_image\" \/>\n<meta name=\"twitter:label1\" content=\"Dur\u00e9e de lecture estim\u00e9e\" \/>\n\t<meta name=\"twitter:data1\" content=\"4 minutes\" \/>\n<script type=\"application\/ld+json\" class=\"yoast-schema-graph\">{\"@context\":\"https:\\\/\\\/schema.org\",\"@graph\":[{\"@type\":\"WebPage\",\"@id\":\"https:\\\/\\\/meprolim.es\\\/fr\\\/location\\\/\",\"url\":\"https:\\\/\\\/meprolim.es\\\/fr\\\/location\\\/\",\"name\":\"Location - Meprolim\",\"isPartOf\":{\"@id\":\"https:\\\/\\\/meprolim.es\\\/fr\\\/#website\"},\"datePublished\":\"2019-07-17T18:32:20+00:00\",\"dateModified\":\"2020-03-04T11:37:06+00:00\",\"breadcrumb\":{\"@id\":\"https:\\\/\\\/meprolim.es\\\/fr\\\/location\\\/#breadcrumb\"},\"inLanguage\":\"fr-FR\",\"potentialAction\":[{\"@type\":\"ReadAction\",\"target\":[\"https:\\\/\\\/meprolim.es\\\/fr\\\/location\\\/\"]}]},{\"@type\":\"BreadcrumbList\",\"@id\":\"https:\\\/\\\/meprolim.es\\\/fr\\\/location\\\/#breadcrumb\",\"itemListElement\":[{\"@type\":\"ListItem\",\"position\":1,\"name\":\"Portada\",\"item\":\"https:\\\/\\\/meprolim.es\\\/fr\\\/\"},{\"@type\":\"ListItem\",\"position\":2,\"name\":\"Location\"}]},{\"@type\":\"WebSite\",\"@id\":\"https:\\\/\\\/meprolim.es\\\/fr\\\/#website\",\"url\":\"https:\\\/\\\/meprolim.es\\\/fr\\\/\",\"name\":\"Meprolim\",\"description\":\"Cavas Catalanas S.L.\",\"publisher\":{\"@id\":\"https:\\\/\\\/meprolim.es\\\/fr\\\/#organization\"},\"potentialAction\":[{\"@type\":\"SearchAction\",\"target\":{\"@type\":\"EntryPoint\",\"urlTemplate\":\"https:\\\/\\\/meprolim.es\\\/fr\\\/?s={search_term_string}\"},\"query-input\":{\"@type\":\"PropertyValueSpecification\",\"valueRequired\":true,\"valueName\":\"search_term_string\"}}],\"inLanguage\":\"fr-FR\"},{\"@type\":\"Organization\",\"@id\":\"https:\\\/\\\/meprolim.es\\\/fr\\\/#organization\",\"name\":\"Meprolim\",\"url\":\"https:\\\/\\\/meprolim.es\\\/fr\\\/\",\"logo\":{\"@type\":\"ImageObject\",\"inLanguage\":\"fr-FR\",\"@id\":\"https:\\\/\\\/meprolim.es\\\/fr\\\/#\\\/schema\\\/logo\\\/image\\\/\",\"url\":\"https:\\\/\\\/meprolim.es\\\/wp-content\\\/uploads\\\/2019\\\/07\\\/cropped-logo2.png\",\"contentUrl\":\"https:\\\/\\\/meprolim.es\\\/wp-content\\\/uploads\\\/2019\\\/07\\\/cropped-logo2.png\",\"width\":401,\"height\":162,\"caption\":\"Meprolim\"},\"image\":{\"@id\":\"https:\\\/\\\/meprolim.es\\\/fr\\\/#\\\/schema\\\/logo\\\/image\\\/\"}}]}<\/script>\n<!-- \/ Yoast SEO plugin. -->","yoast_head_json":{"title":"Location - Meprolim","robots":{"index":"index","follow":"follow","max-snippet":"max-snippet:-1","max-image-preview":"max-image-preview:large","max-video-preview":"max-video-preview:-1"},"canonical":"https:\/\/meprolim.es\/fr\/location\/","og_locale":"fr_FR","og_type":"article","og_title":"Location - Meprolim","og_description":"[vc_row][vc_column width=&#8221;4\/6&#8243;][vc_custom_heading text=&#8221;Location de machinerie, Slam Machinery Hire&#8221; use_theme_fonts=&#8221;yes&#8221;][vc_column_text css=&#8221;.vc_custom_1568368202834{padding-right: 30px !important;}&#8221;] Slam, vous offre toutes les machines de nettoyage dont vous avez besoin pour r\u00e9soudre et r\u00e9aliser toutes les","og_url":"https:\/\/meprolim.es\/fr\/location\/","og_site_name":"Meprolim","article_modified_time":"2020-03-04T11:37:06+00:00","twitter_card":"summary_large_image","twitter_misc":{"Dur\u00e9e de lecture estim\u00e9e":"4 minutes"},"schema":{"@context":"https:\/\/schema.org","@graph":[{"@type":"WebPage","@id":"https:\/\/meprolim.es\/fr\/location\/","url":"https:\/\/meprolim.es\/fr\/location\/","name":"Location - Meprolim","isPartOf":{"@id":"https:\/\/meprolim.es\/fr\/#website"},"datePublished":"2019-07-17T18:32:20+00:00","dateModified":"2020-03-04T11:37:06+00:00","breadcrumb":{"@id":"https:\/\/meprolim.es\/fr\/location\/#breadcrumb"},"inLanguage":"fr-FR","potentialAction":[{"@type":"ReadAction","target":["https:\/\/meprolim.es\/fr\/location\/"]}]},{"@type":"BreadcrumbList","@id":"https:\/\/meprolim.es\/fr\/location\/#breadcrumb","itemListElement":[{"@type":"ListItem","position":1,"name":"Portada","item":"https:\/\/meprolim.es\/fr\/"},{"@type":"ListItem","position":2,"name":"Location"}]},{"@type":"WebSite","@id":"https:\/\/meprolim.es\/fr\/#website","url":"https:\/\/meprolim.es\/fr\/","name":"Meprolim","description":"Cavas Catalanas S.L.","publisher":{"@id":"https:\/\/meprolim.es\/fr\/#organization"},"potentialAction":[{"@type":"SearchAction","target":{"@type":"EntryPoint","urlTemplate":"https:\/\/meprolim.es\/fr\/?s={search_term_string}"},"query-input":{"@type":"PropertyValueSpecification","valueRequired":true,"valueName":"search_term_string"}}],"inLanguage":"fr-FR"},{"@type":"Organization","@id":"https:\/\/meprolim.es\/fr\/#organization","name":"Meprolim","url":"https:\/\/meprolim.es\/fr\/","logo":{"@type":"ImageObject","inLanguage":"fr-FR","@id":"https:\/\/meprolim.es\/fr\/#\/schema\/logo\/image\/","url":"https:\/\/meprolim.es\/wp-content\/uploads\/2019\/07\/cropped-logo2.png","contentUrl":"https:\/\/meprolim.es\/wp-content\/uploads\/2019\/07\/cropped-logo2.png","width":401,"height":162,"caption":"Meprolim"},"image":{"@id":"https:\/\/meprolim.es\/fr\/#\/schema\/logo\/image\/"}}]}},"_links":{"self":[{"href":"https:\/\/meprolim.es\/fr\/wp-json\/wp\/v2\/pages\/20604","targetHints":{"allow":["GET"]}}],"collection":[{"href":"https:\/\/meprolim.es\/fr\/wp-json\/wp\/v2\/pages"}],"about":[{"href":"https:\/\/meprolim.es\/fr\/wp-json\/wp\/v2\/types\/page"}],"author":[{"embeddable":true,"href":"https:\/\/meprolim.es\/fr\/wp-json\/wp\/v2\/users\/6"}],"replies":[{"embeddable":true,"href":"https:\/\/meprolim.es\/fr\/wp-json\/wp\/v2\/comments?post=20604"}],"version-history":[{"count":4,"href":"https:\/\/meprolim.es\/fr\/wp-json\/wp\/v2\/pages\/20604\/revisions"}],"predecessor-version":[{"id":20720,"href":"https:\/\/meprolim.es\/fr\/wp-json\/wp\/v2\/pages\/20604\/revisions\/20720"}],"wp:attachment":[{"href":"https:\/\/meprolim.es\/fr\/wp-json\/wp\/v2\/media?parent=20604"}],"curies":[{"name":"wp","href":"https:\/\/api.w.org\/{rel}","templated":true}]}}