{"id":20606,"date":"2019-11-06T09:02:12","date_gmt":"2019-11-06T09:02:12","guid":{"rendered":"https:\/\/www.meprolim.es\/venez-travailler-avec-nous\/"},"modified":"2020-03-04T11:47:53","modified_gmt":"2020-03-04T11:47:53","slug":"venez-travailler-avec-nous","status":"publish","type":"page","link":"https:\/\/meprolim.es\/fr\/venez-travailler-avec-nous\/","title":{"rendered":"Venez travailler avec nous"},"content":{"rendered":"<div class=\"wpb-content-wrapper\"><p>[vc_row][vc_column width=&#8221;3\/4&#8243; el_class=&#8221;contact-form&#8221;][vc_column_text css=&#8221;.vc_custom_1573031048489{padding-bottom: 30px !important;}&#8221;]<\/p>\n<h2 class=\"contact-page-title\">Venez travailler avec nous!<\/h2>\n<p style=\"text-align: justify;\">Remplissez le formulaire suivant pour avoir acc\u00e8s \u00e0 notre bourse d\u2019emploi.<\/p>\n<p style=\"text-align: justify;\">N\u2019oubliez pas, Meprolim est une entreprise de solutions compl\u00e8tes pour le nettoyage.<\/p>\n<p>[\/vc_column_text]\n<div class=\"wpcf7 no-js\" id=\"wpcf7-f20608-o1\" lang=\"es-ES\" dir=\"ltr\" data-wpcf7-id=\"20608\">\n<div class=\"screen-reader-response\"><p role=\"status\" aria-live=\"polite\" aria-atomic=\"true\"><\/p> <ul><\/ul><\/div>\n<form action=\"\/fr\/wp-json\/wp\/v2\/pages\/20606#wpcf7-f20608-o1\" method=\"post\" class=\"wpcf7-form init\" aria-label=\"Formulario de contacto\" enctype=\"multipart\/form-data\" novalidate=\"novalidate\" data-status=\"init\">\n<fieldset class=\"hidden-fields-container\"><input type=\"hidden\" name=\"_wpcf7\" value=\"20608\" \/><input type=\"hidden\" name=\"_wpcf7_version\" value=\"6.1.5\" \/><input type=\"hidden\" name=\"_wpcf7_locale\" value=\"es_ES\" \/><input type=\"hidden\" name=\"_wpcf7_unit_tag\" value=\"wpcf7-f20608-o1\" \/><input type=\"hidden\" name=\"_wpcf7_container_post\" value=\"0\" \/><input type=\"hidden\" name=\"_wpcf7_posted_data_hash\" value=\"\" \/><input type=\"hidden\" name=\"_wpcf7_recaptcha_response\" value=\"\" \/>\n<\/fieldset>\n<p><label> Pr\u00e9nom et nom (Obligatoires)<br \/>\n<span class=\"wpcf7-form-control-wrap\" data-name=\"nombre\"><input size=\"40\" maxlength=\"400\" class=\"wpcf7-form-control wpcf7-text wpcf7-validates-as-required\" aria-required=\"true\" aria-invalid=\"false\" value=\"\" type=\"text\" name=\"nombre\" \/><\/span> <\/label>\n<\/p>\n<p><label> Num\u00e9ro de t\u00e9l\u00e9phone (obligatoire)<br \/>\n<span class=\"wpcf7-form-control-wrap\" data-name=\"telefono\"><input size=\"40\" maxlength=\"400\" class=\"wpcf7-form-control wpcf7-text wpcf7-validates-as-required\" aria-required=\"true\" aria-invalid=\"false\" value=\"\" type=\"text\" name=\"telefono\" \/><\/span> <\/label>\n<\/p>\n<p><label> Courriel (obligatoire)<br \/>\n<span class=\"wpcf7-form-control-wrap\" data-name=\"correo\"><input size=\"40\" maxlength=\"400\" class=\"wpcf7-form-control wpcf7-email wpcf7-validates-as-required wpcf7-text wpcf7-validates-as-email\" aria-required=\"true\" aria-invalid=\"false\" value=\"\" type=\"email\" name=\"correo\" \/><\/span> <\/label>\n<\/p>\n<p><label> Code postal (obligatoire)<br \/>\n<span class=\"wpcf7-form-control-wrap\" data-name=\"codigo\"><input size=\"40\" maxlength=\"400\" class=\"wpcf7-form-control wpcf7-text wpcf7-validates-as-required\" aria-required=\"true\" aria-invalid=\"false\" value=\"\" type=\"text\" name=\"codigo\" \/><\/span> <\/label>\n<\/p>\n<p><label>Joindre votre CV (Obligatoire)<br \/>\n<span class=\"wpcf7-form-control-wrap\" data-name=\"archivo\"><input size=\"40\" class=\"wpcf7-form-control wpcf7-file wpcf7-validates-as-required\" accept=\".doc,.pdf,.docx,.txt,.rtf,.odf\" aria-required=\"true\" aria-invalid=\"false\" type=\"file\" name=\"archivo\" \/><\/span><br \/>\n<\/label>\n<\/p>\n<p><label> Commentaires<br \/>\n<span class=\"wpcf7-form-control-wrap\" data-name=\"comentarios\"><textarea cols=\"40\" rows=\"10\" maxlength=\"2000\" class=\"wpcf7-form-control wpcf7-textarea\" aria-invalid=\"false\" name=\"comentarios\"><\/textarea><\/span> <\/label>\n<\/p>\n<p><label> <span class=\"wpcf7-form-control-wrap\" data-name=\"pol-priv\"><span class=\"wpcf7-form-control wpcf7-acceptance\"><span class=\"wpcf7-list-item\"><label><input type=\"checkbox\" name=\"pol-priv\" value=\"1\" aria-invalid=\"false\" \/><span class=\"wpcf7-list-item-label\">J\u2019ai lu et j\u2019accepte la <a rel=\"nofollow\" href=\"\/fr\/politique-de-confidentialite\/\">Politique de confidentialit\u00e9<\/a>.<\/span><\/label><\/span><\/span><\/span> <\/label>\n<\/p>\n<p><input class=\"wpcf7-form-control wpcf7-submit has-spinner\" type=\"submit\" value=\"Envoyer\" \/>\n<\/p><div class=\"wpcf7-response-output\" aria-hidden=\"true\"><\/div>\n<\/form>\n<\/div>\n[\/vc_column][vc_column width=&#8221;1\/4&#8243; el_class=&#8221;store-info&#8221;][vc_column_text]<\/p>\n<h2 class=\"contact-page-title\">Nos Centres<\/h2>\n<address><strong>CENTRE LOGISTIQUE<\/strong><br \/>\nRue Santiago Betancor Brito, Phase 1, Nef 4<br \/>\nInd. Urbaine El Goro &#8211; 35219 Telde<br \/>\nGran Canaria<br \/>\nT\u00e9l: (34) 928 700 854<br \/>\nT\u00e9l\u00e9copieur: (34) 928 701 017<\/address>\n<address><strong>GRAN CANARIA<\/strong><br \/>\nRue Italia, 54<br \/>\n35006 Las Palmas de Gran Canaria.<br \/>\nStandard-Tel: (34) 928 297 181<br \/>\nT\u00e9l\u00e9copieur: (34) 928 297 959<\/address>\n<address><strong>TENERIFE<\/strong><br \/>\nUrbanisation El Mayorazgo<br \/>\nRue Principal, 29 &#8211; Premier secteur, navires 5 et 6<br \/>\n38108 Santa Cruz de Tenerife<br \/>\nStandard-Tel::\u00a0 (34) 922 207 801<br \/>\nT\u00e9l\u00e9copieur: (34) 922 207 938<\/address>\n<address><strong>LANZAROTE<\/strong><br \/>\nRue Los Corralitos, navires 2 et 3<br \/>\nZone industrielle de Playa Honda<br \/>\n35509 San Bartolom\u00e9 de Lanzarote<br \/>\nStandard-Tel: (34) 928 822 990<br \/>\nT\u00e9l\u00e9copieur: (34) 928 822 997<\/address>\n<address><strong>FUERTEVENTURA<\/strong><br \/>\nRue Juan Rej\u00f3n, 118<br \/>\n35600 Puerto del Rosario<br \/>\nStandard-Tel: (34) 928 859 590<br \/>\nT\u00e9l\u00e9copieur: (34) 928 859 930<\/address>\n<p>[\/vc_column_text][\/vc_column][\/vc_row]<\/p>\n<\/div>","protected":false},"excerpt":{"rendered":"<p>[vc_row][vc_column width=&#8221;3\/4&#8243; el_class=&#8221;contact-form&#8221;][vc_column_text css=&#8221;.vc_custom_1573031048489{padding-bottom: 30px !important;}&#8221;] Venez travailler avec nous! Remplissez le formulaire suivant pour avoir acc\u00e8s \u00e0 notre bourse d\u2019emploi. N\u2019oubliez pas, Meprolim est une entreprise de solutions compl\u00e8tes<\/p>\n","protected":false},"author":6,"featured_media":0,"parent":0,"menu_order":7,"comment_status":"closed","ping_status":"closed","template":"","meta":{"footnotes":""},"class_list":["post-20606","page","type-page","status-publish","hentry"],"yoast_head":"<!-- This site is optimized with the Yoast SEO plugin v27.4 - https:\/\/yoast.com\/product\/yoast-seo-wordpress\/ -->\n<title>Venez travailler avec nous - Meprolim<\/title>\n<meta name=\"robots\" content=\"index, follow, max-snippet:-1, max-image-preview:large, max-video-preview:-1\" \/>\n<link rel=\"canonical\" href=\"https:\/\/meprolim.es\/fr\/venez-travailler-avec-nous\/\" \/>\n<meta property=\"og:locale\" content=\"fr_FR\" \/>\n<meta property=\"og:type\" content=\"article\" \/>\n<meta property=\"og:title\" content=\"Venez travailler avec nous - Meprolim\" \/>\n<meta property=\"og:description\" content=\"[vc_row][vc_column width=&#8221;3\/4&#8243; el_class=&#8221;contact-form&#8221;][vc_column_text css=&#8221;.vc_custom_1573031048489{padding-bottom: 30px !important;}&#8221;] Venez travailler avec nous! Remplissez le formulaire suivant pour avoir acc\u00e8s \u00e0 notre bourse d\u2019emploi. N\u2019oubliez pas, Meprolim est une entreprise de solutions compl\u00e8tes\" \/>\n<meta property=\"og:url\" content=\"https:\/\/meprolim.es\/fr\/venez-travailler-avec-nous\/\" \/>\n<meta property=\"og:site_name\" content=\"Meprolim\" \/>\n<meta property=\"article:modified_time\" content=\"2020-03-04T11:47:53+00:00\" \/>\n<meta name=\"twitter:card\" content=\"summary_large_image\" \/>\n<meta name=\"twitter:label1\" content=\"Dur\u00e9e de lecture estim\u00e9e\" \/>\n\t<meta name=\"twitter:data1\" content=\"1 minute\" \/>\n<script type=\"application\/ld+json\" class=\"yoast-schema-graph\">{\"@context\":\"https:\\\/\\\/schema.org\",\"@graph\":[{\"@type\":\"WebPage\",\"@id\":\"https:\\\/\\\/meprolim.es\\\/fr\\\/venez-travailler-avec-nous\\\/\",\"url\":\"https:\\\/\\\/meprolim.es\\\/fr\\\/venez-travailler-avec-nous\\\/\",\"name\":\"Venez travailler avec nous - Meprolim\",\"isPartOf\":{\"@id\":\"https:\\\/\\\/meprolim.es\\\/fr\\\/#website\"},\"datePublished\":\"2019-11-06T09:02:12+00:00\",\"dateModified\":\"2020-03-04T11:47:53+00:00\",\"breadcrumb\":{\"@id\":\"https:\\\/\\\/meprolim.es\\\/fr\\\/venez-travailler-avec-nous\\\/#breadcrumb\"},\"inLanguage\":\"fr-FR\",\"potentialAction\":[{\"@type\":\"ReadAction\",\"target\":[\"https:\\\/\\\/meprolim.es\\\/fr\\\/venez-travailler-avec-nous\\\/\"]}]},{\"@type\":\"BreadcrumbList\",\"@id\":\"https:\\\/\\\/meprolim.es\\\/fr\\\/venez-travailler-avec-nous\\\/#breadcrumb\",\"itemListElement\":[{\"@type\":\"ListItem\",\"position\":1,\"name\":\"Portada\",\"item\":\"https:\\\/\\\/meprolim.es\\\/fr\\\/\"},{\"@type\":\"ListItem\",\"position\":2,\"name\":\"Venez travailler avec nous\"}]},{\"@type\":\"WebSite\",\"@id\":\"https:\\\/\\\/meprolim.es\\\/fr\\\/#website\",\"url\":\"https:\\\/\\\/meprolim.es\\\/fr\\\/\",\"name\":\"Meprolim\",\"description\":\"Cavas Catalanas S.L.\",\"publisher\":{\"@id\":\"https:\\\/\\\/meprolim.es\\\/fr\\\/#organization\"},\"potentialAction\":[{\"@type\":\"SearchAction\",\"target\":{\"@type\":\"EntryPoint\",\"urlTemplate\":\"https:\\\/\\\/meprolim.es\\\/fr\\\/?s={search_term_string}\"},\"query-input\":{\"@type\":\"PropertyValueSpecification\",\"valueRequired\":true,\"valueName\":\"search_term_string\"}}],\"inLanguage\":\"fr-FR\"},{\"@type\":\"Organization\",\"@id\":\"https:\\\/\\\/meprolim.es\\\/fr\\\/#organization\",\"name\":\"Meprolim\",\"url\":\"https:\\\/\\\/meprolim.es\\\/fr\\\/\",\"logo\":{\"@type\":\"ImageObject\",\"inLanguage\":\"fr-FR\",\"@id\":\"https:\\\/\\\/meprolim.es\\\/fr\\\/#\\\/schema\\\/logo\\\/image\\\/\",\"url\":\"https:\\\/\\\/meprolim.es\\\/wp-content\\\/uploads\\\/2019\\\/07\\\/cropped-logo2.png\",\"contentUrl\":\"https:\\\/\\\/meprolim.es\\\/wp-content\\\/uploads\\\/2019\\\/07\\\/cropped-logo2.png\",\"width\":401,\"height\":162,\"caption\":\"Meprolim\"},\"image\":{\"@id\":\"https:\\\/\\\/meprolim.es\\\/fr\\\/#\\\/schema\\\/logo\\\/image\\\/\"}}]}<\/script>\n<!-- \/ Yoast SEO plugin. -->","yoast_head_json":{"title":"Venez travailler avec nous - Meprolim","robots":{"index":"index","follow":"follow","max-snippet":"max-snippet:-1","max-image-preview":"max-image-preview:large","max-video-preview":"max-video-preview:-1"},"canonical":"https:\/\/meprolim.es\/fr\/venez-travailler-avec-nous\/","og_locale":"fr_FR","og_type":"article","og_title":"Venez travailler avec nous - Meprolim","og_description":"[vc_row][vc_column width=&#8221;3\/4&#8243; el_class=&#8221;contact-form&#8221;][vc_column_text css=&#8221;.vc_custom_1573031048489{padding-bottom: 30px !important;}&#8221;] Venez travailler avec nous! Remplissez le formulaire suivant pour avoir acc\u00e8s \u00e0 notre bourse d\u2019emploi. N\u2019oubliez pas, Meprolim est une entreprise de solutions compl\u00e8tes","og_url":"https:\/\/meprolim.es\/fr\/venez-travailler-avec-nous\/","og_site_name":"Meprolim","article_modified_time":"2020-03-04T11:47:53+00:00","twitter_card":"summary_large_image","twitter_misc":{"Dur\u00e9e de lecture estim\u00e9e":"1 minute"},"schema":{"@context":"https:\/\/schema.org","@graph":[{"@type":"WebPage","@id":"https:\/\/meprolim.es\/fr\/venez-travailler-avec-nous\/","url":"https:\/\/meprolim.es\/fr\/venez-travailler-avec-nous\/","name":"Venez travailler avec nous - Meprolim","isPartOf":{"@id":"https:\/\/meprolim.es\/fr\/#website"},"datePublished":"2019-11-06T09:02:12+00:00","dateModified":"2020-03-04T11:47:53+00:00","breadcrumb":{"@id":"https:\/\/meprolim.es\/fr\/venez-travailler-avec-nous\/#breadcrumb"},"inLanguage":"fr-FR","potentialAction":[{"@type":"ReadAction","target":["https:\/\/meprolim.es\/fr\/venez-travailler-avec-nous\/"]}]},{"@type":"BreadcrumbList","@id":"https:\/\/meprolim.es\/fr\/venez-travailler-avec-nous\/#breadcrumb","itemListElement":[{"@type":"ListItem","position":1,"name":"Portada","item":"https:\/\/meprolim.es\/fr\/"},{"@type":"ListItem","position":2,"name":"Venez travailler avec nous"}]},{"@type":"WebSite","@id":"https:\/\/meprolim.es\/fr\/#website","url":"https:\/\/meprolim.es\/fr\/","name":"Meprolim","description":"Cavas Catalanas S.L.","publisher":{"@id":"https:\/\/meprolim.es\/fr\/#organization"},"potentialAction":[{"@type":"SearchAction","target":{"@type":"EntryPoint","urlTemplate":"https:\/\/meprolim.es\/fr\/?s={search_term_string}"},"query-input":{"@type":"PropertyValueSpecification","valueRequired":true,"valueName":"search_term_string"}}],"inLanguage":"fr-FR"},{"@type":"Organization","@id":"https:\/\/meprolim.es\/fr\/#organization","name":"Meprolim","url":"https:\/\/meprolim.es\/fr\/","logo":{"@type":"ImageObject","inLanguage":"fr-FR","@id":"https:\/\/meprolim.es\/fr\/#\/schema\/logo\/image\/","url":"https:\/\/meprolim.es\/wp-content\/uploads\/2019\/07\/cropped-logo2.png","contentUrl":"https:\/\/meprolim.es\/wp-content\/uploads\/2019\/07\/cropped-logo2.png","width":401,"height":162,"caption":"Meprolim"},"image":{"@id":"https:\/\/meprolim.es\/fr\/#\/schema\/logo\/image\/"}}]}},"_links":{"self":[{"href":"https:\/\/meprolim.es\/fr\/wp-json\/wp\/v2\/pages\/20606","targetHints":{"allow":["GET"]}}],"collection":[{"href":"https:\/\/meprolim.es\/fr\/wp-json\/wp\/v2\/pages"}],"about":[{"href":"https:\/\/meprolim.es\/fr\/wp-json\/wp\/v2\/types\/page"}],"author":[{"embeddable":true,"href":"https:\/\/meprolim.es\/fr\/wp-json\/wp\/v2\/users\/6"}],"replies":[{"embeddable":true,"href":"https:\/\/meprolim.es\/fr\/wp-json\/wp\/v2\/comments?post=20606"}],"version-history":[{"count":3,"href":"https:\/\/meprolim.es\/fr\/wp-json\/wp\/v2\/pages\/20606\/revisions"}],"predecessor-version":[{"id":20727,"href":"https:\/\/meprolim.es\/fr\/wp-json\/wp\/v2\/pages\/20606\/revisions\/20727"}],"wp:attachment":[{"href":"https:\/\/meprolim.es\/fr\/wp-json\/wp\/v2\/media?parent=20606"}],"curies":[{"name":"wp","href":"https:\/\/api.w.org\/{rel}","templated":true}]}}