{"id":10095,"date":"2019-09-10T09:19:26","date_gmt":"2019-09-10T08:19:26","guid":{"rendered":"http:\/\/www.meprolim.es\/?post_type=product&#038;p=10095"},"modified":"2023-05-20T05:38:42","modified_gmt":"2023-05-20T04:38:42","slug":"bidon-5kg-aquagen-vitro-limpiacristales","status":"publish","type":"product","link":"https:\/\/meprolim.es\/fr\/producto\/quimicos-y-articulos-de-limpieza\/productos-quimicos-industriales-fr-2\/detergentes-limpiacristales-fr-2\/bidon-5kg-aquagen-vitro-limpiacristales\/","title":{"rendered":"BID\u00d3N 5KG. AQUAGEN VITRO LIMPIACRISTALES &#8211; C\u00d3DIGO: BX4027"},"content":{"rendered":"<div class=\"wpb-content-wrapper\"><p>[vc_row][vc_column][vc_column_text]<\/p>\n<p style=\"text-align: justify;\">Limpia y abrillanta en una sola operaci\u00f3n cristales, espejos y dem\u00e1s superficies acristaladas. Brillo sin huellas. Secado r\u00e1pido.<\/p>\n<p>[\/vc_column_text][\/vc_column][\/vc_row]<\/p>\n<\/div>","protected":false},"excerpt":{"rendered":"<ul>\n<li>pH: 7.<\/li>\n<li>Bid\u00f3n de 5 litros.<\/li>\n<li>Limpia y abrillanta en una sola operaci\u00f3n cristales, espejos y otras superficies similares.<\/li>\n<li>Brillo sin huella.<\/li>\n<li>Secado r\u00e1pido.<\/li>\n<li>Producto l\u00edquido transparente.<\/li>\n<li>Color: azul.<\/li>\n<li>Perfume: vainilla.<\/li>\n<li>Pulverizar el producto sobre la superficie.<\/li>\n<li>Frotar con una gamuza hasta conseguir un brillo homog\u00e9neo.<\/li>\n<li>Indicado para la aplicaci\u00f3n mediante cubo y harag\u00e1n limpiacristales.<\/li>\n<li>Diluci\u00f3n: 5-10%.<\/li>\n<\/ul>\n<p><strong>SKU: BX4027<\/strong><\/p>\n<p>&nbsp;<\/p>\n<p>&nbsp;<\/p>\n","protected":false},"featured_media":10093,"template":"","meta":[],"product_brand":[],"product_cat":[903,652,94],"product_tag":[358,654],"class_list":{"0":"post-10095","1":"product","2":"type-product","3":"status-publish","4":"has-post-thumbnail","6":"product_cat-detergentes-limpiacristales","7":"product_cat-productos-quimicos-industriales","8":"product_cat-quimicos-articulos-limpieza","9":"product_tag-limpieza-de-cristales","10":"product_tag-productos-quimicos","12":"first","13":"instock","14":"shipping-taxable","15":"product-type-simple"},"yoast_head":"<!-- This site is optimized with the Yoast SEO plugin v27.3 - https:\/\/yoast.com\/product\/yoast-seo-wordpress\/ -->\n<title>BID\u00d3N 5KG. AQUAGEN VITRO LIMPIACRISTALES - C\u00d3DIGO: BX4027 - Meprolim<\/title>\n<meta name=\"robots\" content=\"index, follow, max-snippet:-1, max-image-preview:large, max-video-preview:-1\" \/>\n<link rel=\"canonical\" href=\"https:\/\/meprolim.es\/producto\/quimicos-articulos-limpieza\/productos-quimicos-industriales\/detergentes-limpiacristales\/bidon-5kg-aquagen-vitro-limpiacristales\/\" \/>\n<meta property=\"og:locale\" content=\"fr_FR\" \/>\n<meta property=\"og:type\" content=\"article\" \/>\n<meta property=\"og:title\" content=\"BID\u00d3N 5KG. AQUAGEN VITRO LIMPIACRISTALES - C\u00d3DIGO: BX4027 - Meprolim\" \/>\n<meta property=\"og:description\" content=\"pH: 7.  Bid\u00f3n de 5 litros.  Limpia y abrillanta en una sola operaci\u00f3n cristales, espejos y otras superficies similares.  Brillo sin huella.  Secado r\u00e1pido.  Producto l\u00edquido transparente.  Color: azul.  Perfume: vainilla.  Pulverizar el producto sobre la superficie.  Frotar con una gamuza hasta conseguir un brillo homog\u00e9neo.  Indicado para la aplicaci\u00f3n mediante cubo y harag\u00e1n limpiacristales.  Diluci\u00f3n: 5-10%.  SKU: BX4027  &nbsp;  &nbsp;\" \/>\n<meta property=\"og:url\" content=\"https:\/\/meprolim.es\/producto\/quimicos-articulos-limpieza\/productos-quimicos-industriales\/detergentes-limpiacristales\/bidon-5kg-aquagen-vitro-limpiacristales\/\" \/>\n<meta property=\"og:site_name\" content=\"Meprolim\" \/>\n<meta property=\"article:modified_time\" content=\"2023-05-20T04:38:42+00:00\" \/>\n<meta property=\"og:image\" content=\"https:\/\/meprolim.es\/wp-content\/uploads\/2019\/09\/BX4027.jpg\" \/>\n\t<meta property=\"og:image:width\" content=\"768\" \/>\n\t<meta property=\"og:image:height\" content=\"768\" \/>\n\t<meta property=\"og:image:type\" content=\"image\/jpeg\" \/>\n<meta name=\"twitter:card\" content=\"summary_large_image\" \/>\n<meta name=\"twitter:label1\" content=\"Dur\u00e9e de lecture estim\u00e9e\" \/>\n\t<meta name=\"twitter:data1\" content=\"1 minute\" \/>\n<script type=\"application\/ld+json\" class=\"yoast-schema-graph\">{\"@context\":\"https:\\\/\\\/schema.org\",\"@graph\":[{\"@type\":\"WebPage\",\"@id\":\"https:\\\/\\\/meprolim.es\\\/producto\\\/quimicos-articulos-limpieza\\\/productos-quimicos-industriales\\\/detergentes-limpiacristales\\\/bidon-5kg-aquagen-vitro-limpiacristales\\\/\",\"url\":\"https:\\\/\\\/meprolim.es\\\/producto\\\/quimicos-articulos-limpieza\\\/productos-quimicos-industriales\\\/detergentes-limpiacristales\\\/bidon-5kg-aquagen-vitro-limpiacristales\\\/\",\"name\":\"BID\u00d3N 5KG. AQUAGEN VITRO LIMPIACRISTALES - C\u00d3DIGO: BX4027 - Meprolim\",\"isPartOf\":{\"@id\":\"https:\\\/\\\/meprolim.es\\\/fr\\\/#website\"},\"primaryImageOfPage\":{\"@id\":\"https:\\\/\\\/meprolim.es\\\/producto\\\/quimicos-articulos-limpieza\\\/productos-quimicos-industriales\\\/detergentes-limpiacristales\\\/bidon-5kg-aquagen-vitro-limpiacristales\\\/#primaryimage\"},\"image\":{\"@id\":\"https:\\\/\\\/meprolim.es\\\/producto\\\/quimicos-articulos-limpieza\\\/productos-quimicos-industriales\\\/detergentes-limpiacristales\\\/bidon-5kg-aquagen-vitro-limpiacristales\\\/#primaryimage\"},\"thumbnailUrl\":\"https:\\\/\\\/meprolim.es\\\/wp-content\\\/uploads\\\/2019\\\/09\\\/BX4027.jpg\",\"datePublished\":\"2019-09-10T08:19:26+00:00\",\"dateModified\":\"2023-05-20T04:38:42+00:00\",\"breadcrumb\":{\"@id\":\"https:\\\/\\\/meprolim.es\\\/producto\\\/quimicos-articulos-limpieza\\\/productos-quimicos-industriales\\\/detergentes-limpiacristales\\\/bidon-5kg-aquagen-vitro-limpiacristales\\\/#breadcrumb\"},\"inLanguage\":\"fr-FR\",\"potentialAction\":[{\"@type\":\"ReadAction\",\"target\":[\"https:\\\/\\\/meprolim.es\\\/producto\\\/quimicos-articulos-limpieza\\\/productos-quimicos-industriales\\\/detergentes-limpiacristales\\\/bidon-5kg-aquagen-vitro-limpiacristales\\\/\"]}]},{\"@type\":\"ImageObject\",\"inLanguage\":\"fr-FR\",\"@id\":\"https:\\\/\\\/meprolim.es\\\/producto\\\/quimicos-articulos-limpieza\\\/productos-quimicos-industriales\\\/detergentes-limpiacristales\\\/bidon-5kg-aquagen-vitro-limpiacristales\\\/#primaryimage\",\"url\":\"https:\\\/\\\/meprolim.es\\\/wp-content\\\/uploads\\\/2019\\\/09\\\/BX4027.jpg\",\"contentUrl\":\"https:\\\/\\\/meprolim.es\\\/wp-content\\\/uploads\\\/2019\\\/09\\\/BX4027.jpg\",\"width\":768,\"height\":768},{\"@type\":\"BreadcrumbList\",\"@id\":\"https:\\\/\\\/meprolim.es\\\/producto\\\/quimicos-articulos-limpieza\\\/productos-quimicos-industriales\\\/detergentes-limpiacristales\\\/bidon-5kg-aquagen-vitro-limpiacristales\\\/#breadcrumb\",\"itemListElement\":[{\"@type\":\"ListItem\",\"position\":1,\"name\":\"Portada\",\"item\":\"https:\\\/\\\/meprolim.es\\\/fr\\\/\"},{\"@type\":\"ListItem\",\"position\":2,\"name\":\"Catalogue\",\"item\":\"https:\\\/\\\/meprolim.es\\\/fr\\\/catalogue\\\/\"},{\"@type\":\"ListItem\",\"position\":3,\"name\":\"BID\u00d3N 5KG. AQUAGEN VITRO LIMPIACRISTALES &#8211; C\u00d3DIGO: BX4027\"}]},{\"@type\":\"WebSite\",\"@id\":\"https:\\\/\\\/meprolim.es\\\/fr\\\/#website\",\"url\":\"https:\\\/\\\/meprolim.es\\\/fr\\\/\",\"name\":\"Meprolim\",\"description\":\"Cavas Catalanas S.L.\",\"publisher\":{\"@id\":\"https:\\\/\\\/meprolim.es\\\/fr\\\/#organization\"},\"potentialAction\":[{\"@type\":\"SearchAction\",\"target\":{\"@type\":\"EntryPoint\",\"urlTemplate\":\"https:\\\/\\\/meprolim.es\\\/fr\\\/?s={search_term_string}\"},\"query-input\":{\"@type\":\"PropertyValueSpecification\",\"valueRequired\":true,\"valueName\":\"search_term_string\"}}],\"inLanguage\":\"fr-FR\"},{\"@type\":\"Organization\",\"@id\":\"https:\\\/\\\/meprolim.es\\\/fr\\\/#organization\",\"name\":\"Meprolim\",\"url\":\"https:\\\/\\\/meprolim.es\\\/fr\\\/\",\"logo\":{\"@type\":\"ImageObject\",\"inLanguage\":\"fr-FR\",\"@id\":\"https:\\\/\\\/meprolim.es\\\/fr\\\/#\\\/schema\\\/logo\\\/image\\\/\",\"url\":\"https:\\\/\\\/meprolim.es\\\/wp-content\\\/uploads\\\/2019\\\/07\\\/cropped-logo2.png\",\"contentUrl\":\"https:\\\/\\\/meprolim.es\\\/wp-content\\\/uploads\\\/2019\\\/07\\\/cropped-logo2.png\",\"width\":401,\"height\":162,\"caption\":\"Meprolim\"},\"image\":{\"@id\":\"https:\\\/\\\/meprolim.es\\\/fr\\\/#\\\/schema\\\/logo\\\/image\\\/\"}}]}<\/script>\n<!-- \/ Yoast SEO plugin. -->","yoast_head_json":{"title":"BID\u00d3N 5KG. AQUAGEN VITRO LIMPIACRISTALES - C\u00d3DIGO: BX4027 - Meprolim","robots":{"index":"index","follow":"follow","max-snippet":"max-snippet:-1","max-image-preview":"max-image-preview:large","max-video-preview":"max-video-preview:-1"},"canonical":"https:\/\/meprolim.es\/producto\/quimicos-articulos-limpieza\/productos-quimicos-industriales\/detergentes-limpiacristales\/bidon-5kg-aquagen-vitro-limpiacristales\/","og_locale":"fr_FR","og_type":"article","og_title":"BID\u00d3N 5KG. AQUAGEN VITRO LIMPIACRISTALES - C\u00d3DIGO: BX4027 - Meprolim","og_description":"pH: 7.  Bid\u00f3n de 5 litros.  Limpia y abrillanta en una sola operaci\u00f3n cristales, espejos y otras superficies similares.  Brillo sin huella.  Secado r\u00e1pido.  Producto l\u00edquido transparente.  Color: azul.  Perfume: vainilla.  Pulverizar el producto sobre la superficie.  Frotar con una gamuza hasta conseguir un brillo homog\u00e9neo.  Indicado para la aplicaci\u00f3n mediante cubo y harag\u00e1n limpiacristales.  Diluci\u00f3n: 5-10%.  SKU: BX4027  &nbsp;  &nbsp;","og_url":"https:\/\/meprolim.es\/producto\/quimicos-articulos-limpieza\/productos-quimicos-industriales\/detergentes-limpiacristales\/bidon-5kg-aquagen-vitro-limpiacristales\/","og_site_name":"Meprolim","article_modified_time":"2023-05-20T04:38:42+00:00","og_image":[{"width":768,"height":768,"url":"https:\/\/meprolim.es\/wp-content\/uploads\/2019\/09\/BX4027.jpg","type":"image\/jpeg"}],"twitter_card":"summary_large_image","twitter_misc":{"Dur\u00e9e de lecture estim\u00e9e":"1 minute"},"schema":{"@context":"https:\/\/schema.org","@graph":[{"@type":"WebPage","@id":"https:\/\/meprolim.es\/producto\/quimicos-articulos-limpieza\/productos-quimicos-industriales\/detergentes-limpiacristales\/bidon-5kg-aquagen-vitro-limpiacristales\/","url":"https:\/\/meprolim.es\/producto\/quimicos-articulos-limpieza\/productos-quimicos-industriales\/detergentes-limpiacristales\/bidon-5kg-aquagen-vitro-limpiacristales\/","name":"BID\u00d3N 5KG. AQUAGEN VITRO LIMPIACRISTALES - C\u00d3DIGO: BX4027 - Meprolim","isPartOf":{"@id":"https:\/\/meprolim.es\/fr\/#website"},"primaryImageOfPage":{"@id":"https:\/\/meprolim.es\/producto\/quimicos-articulos-limpieza\/productos-quimicos-industriales\/detergentes-limpiacristales\/bidon-5kg-aquagen-vitro-limpiacristales\/#primaryimage"},"image":{"@id":"https:\/\/meprolim.es\/producto\/quimicos-articulos-limpieza\/productos-quimicos-industriales\/detergentes-limpiacristales\/bidon-5kg-aquagen-vitro-limpiacristales\/#primaryimage"},"thumbnailUrl":"https:\/\/meprolim.es\/wp-content\/uploads\/2019\/09\/BX4027.jpg","datePublished":"2019-09-10T08:19:26+00:00","dateModified":"2023-05-20T04:38:42+00:00","breadcrumb":{"@id":"https:\/\/meprolim.es\/producto\/quimicos-articulos-limpieza\/productos-quimicos-industriales\/detergentes-limpiacristales\/bidon-5kg-aquagen-vitro-limpiacristales\/#breadcrumb"},"inLanguage":"fr-FR","potentialAction":[{"@type":"ReadAction","target":["https:\/\/meprolim.es\/producto\/quimicos-articulos-limpieza\/productos-quimicos-industriales\/detergentes-limpiacristales\/bidon-5kg-aquagen-vitro-limpiacristales\/"]}]},{"@type":"ImageObject","inLanguage":"fr-FR","@id":"https:\/\/meprolim.es\/producto\/quimicos-articulos-limpieza\/productos-quimicos-industriales\/detergentes-limpiacristales\/bidon-5kg-aquagen-vitro-limpiacristales\/#primaryimage","url":"https:\/\/meprolim.es\/wp-content\/uploads\/2019\/09\/BX4027.jpg","contentUrl":"https:\/\/meprolim.es\/wp-content\/uploads\/2019\/09\/BX4027.jpg","width":768,"height":768},{"@type":"BreadcrumbList","@id":"https:\/\/meprolim.es\/producto\/quimicos-articulos-limpieza\/productos-quimicos-industriales\/detergentes-limpiacristales\/bidon-5kg-aquagen-vitro-limpiacristales\/#breadcrumb","itemListElement":[{"@type":"ListItem","position":1,"name":"Portada","item":"https:\/\/meprolim.es\/fr\/"},{"@type":"ListItem","position":2,"name":"Catalogue","item":"https:\/\/meprolim.es\/fr\/catalogue\/"},{"@type":"ListItem","position":3,"name":"BID\u00d3N 5KG. AQUAGEN VITRO LIMPIACRISTALES &#8211; C\u00d3DIGO: BX4027"}]},{"@type":"WebSite","@id":"https:\/\/meprolim.es\/fr\/#website","url":"https:\/\/meprolim.es\/fr\/","name":"Meprolim","description":"Cavas Catalanas S.L.","publisher":{"@id":"https:\/\/meprolim.es\/fr\/#organization"},"potentialAction":[{"@type":"SearchAction","target":{"@type":"EntryPoint","urlTemplate":"https:\/\/meprolim.es\/fr\/?s={search_term_string}"},"query-input":{"@type":"PropertyValueSpecification","valueRequired":true,"valueName":"search_term_string"}}],"inLanguage":"fr-FR"},{"@type":"Organization","@id":"https:\/\/meprolim.es\/fr\/#organization","name":"Meprolim","url":"https:\/\/meprolim.es\/fr\/","logo":{"@type":"ImageObject","inLanguage":"fr-FR","@id":"https:\/\/meprolim.es\/fr\/#\/schema\/logo\/image\/","url":"https:\/\/meprolim.es\/wp-content\/uploads\/2019\/07\/cropped-logo2.png","contentUrl":"https:\/\/meprolim.es\/wp-content\/uploads\/2019\/07\/cropped-logo2.png","width":401,"height":162,"caption":"Meprolim"},"image":{"@id":"https:\/\/meprolim.es\/fr\/#\/schema\/logo\/image\/"}}]}},"_links":{"self":[{"href":"https:\/\/meprolim.es\/fr\/wp-json\/wp\/v2\/product\/10095","targetHints":{"allow":["GET"]}}],"collection":[{"href":"https:\/\/meprolim.es\/fr\/wp-json\/wp\/v2\/product"}],"about":[{"href":"https:\/\/meprolim.es\/fr\/wp-json\/wp\/v2\/types\/product"}],"wp:featuredmedia":[{"embeddable":true,"href":"https:\/\/meprolim.es\/fr\/wp-json\/wp\/v2\/media\/10093"}],"wp:attachment":[{"href":"https:\/\/meprolim.es\/fr\/wp-json\/wp\/v2\/media?parent=10095"}],"wp:term":[{"taxonomy":"product_brand","embeddable":true,"href":"https:\/\/meprolim.es\/fr\/wp-json\/wp\/v2\/product_brand?post=10095"},{"taxonomy":"product_cat","embeddable":true,"href":"https:\/\/meprolim.es\/fr\/wp-json\/wp\/v2\/product_cat?post=10095"},{"taxonomy":"product_tag","embeddable":true,"href":"https:\/\/meprolim.es\/fr\/wp-json\/wp\/v2\/product_tag?post=10095"}],"curies":[{"name":"wp","href":"https:\/\/api.w.org\/{rel}","templated":true}]}}