{"id":10200,"date":"2019-09-10T21:29:24","date_gmt":"2019-09-10T20:29:24","guid":{"rendered":"http:\/\/www.meprolim.es\/?post_type=product&#038;p=10200"},"modified":"2023-05-26T00:34:05","modified_gmt":"2023-05-25T23:34:05","slug":"bidon-5kg-desengrasante-cleaning-meprolim","status":"publish","type":"product","link":"https:\/\/meprolim.es\/fr\/producto\/quimicos-y-articulos-de-limpieza\/productos-quimicos-industriales-fr-2\/desengrasantes-productos-quimicos-industriales-fr-2\/comunes-fr-2\/bidon-5kg-desengrasante-cleaning-meprolim\/","title":{"rendered":"BID\u00d3N 5KG. DESENGRASANTE CLEANING MEPROLIM &#8211; C\u00d3DIGO: FR0101"},"content":{"rendered":"<div class=\"wpb-content-wrapper\"><p>[vc_row][vc_column][vc_column_text]<\/p>\n<p style=\"text-align: justify;\">Producto alcalino con gran poder de eliminaci\u00f3n de grasa, alto poder de destrucci\u00f3n y saponificaci\u00f3n de todo tipo de grasas. Contiene tensioactivos y disolventes que intensifican el poder de eliminaci\u00f3n de grasa.<\/p>\n<p>[\/vc_column_text][\/vc_column][\/vc_row]<\/p>\n<\/div>","protected":false},"excerpt":{"rendered":"<ul>\n<li>pH 10-12.<\/li>\n<li>Bote de 5 litros.<\/li>\n<li>Producto alcalino con gran poder de eliminaci\u00f3n de grasa.<\/li>\n<li>Alto poder de destrucci\u00f3n y saponificaci\u00f3n de todo tipo de grasas.<\/li>\n<li>Contiene tensioactivos y disolventes que aumenta el poder de eliminaci\u00f3n de grasa del principio alcalino y levanta la m\u00e1s incrustada.<\/li>\n<li>Contiene tensioactivos, ayudan a la eliminaci\u00f3n de grasas, actuando en la porosidad de la superficie.<\/li>\n<li>Aumentan la eficacia del producto.<\/li>\n<li>Componentes de baja alcalinidad con alto poder de saponificaci\u00f3n de grasas, para eliminarlas sin esfuerzos.<\/li>\n<li>Producto l\u00edquido.<\/li>\n<li>Color: amarillo.<\/li>\n<li>Perfume: caracter\u00edstico.<\/li>\n<li>Aplicar el producto sobre la superficie a limpiar y dejar actuar.<\/li>\n<li>Pasar un trapo para limpiar la superficie.<\/li>\n<li>No necesita aclarado.<\/li>\n<\/ul>\n<p><strong>SKU: FR0101<\/strong><\/p>\n<p>&nbsp;<\/p>\n<p>&nbsp;<\/p>\n","protected":false},"featured_media":10201,"template":"","meta":[],"product_brand":[],"product_cat":[907,1061,652,94],"product_tag":[671,654],"class_list":{"0":"post-10200","1":"product","2":"type-product","3":"status-publish","4":"has-post-thumbnail","6":"product_cat-comunes","7":"product_cat-desengrasantes-productos-quimicos-industriales","8":"product_cat-productos-quimicos-industriales","9":"product_cat-quimicos-articulos-limpieza","10":"product_tag-desengrasantes","11":"product_tag-productos-quimicos","13":"first","14":"instock","15":"shipping-taxable","16":"product-type-simple"},"yoast_head":"<!-- This site is optimized with the Yoast SEO plugin v27.3 - https:\/\/yoast.com\/product\/yoast-seo-wordpress\/ -->\n<title>BID\u00d3N 5KG. DESENGRASANTE CLEANING MEPROLIM - C\u00d3DIGO: FR0101 - Meprolim<\/title>\n<meta name=\"robots\" content=\"index, follow, max-snippet:-1, max-image-preview:large, max-video-preview:-1\" \/>\n<link rel=\"canonical\" href=\"https:\/\/meprolim.es\/producto\/quimicos-articulos-limpieza\/productos-quimicos-industriales\/desengrasantes-productos-quimicos-industriales\/comunes\/bidon-5kg-desengrasante-cleaning-meprolim\/\" \/>\n<meta property=\"og:locale\" content=\"fr_FR\" \/>\n<meta property=\"og:type\" content=\"article\" \/>\n<meta property=\"og:title\" content=\"BID\u00d3N 5KG. DESENGRASANTE CLEANING MEPROLIM - C\u00d3DIGO: FR0101 - Meprolim\" \/>\n<meta property=\"og:description\" content=\"pH 10-12.  Bote de 5 litros.  Producto alcalino con gran poder de eliminaci\u00f3n de grasa.  Alto poder de destrucci\u00f3n y saponificaci\u00f3n de todo tipo de grasas.  Contiene tensioactivos y disolventes que aumenta el poder de eliminaci\u00f3n de grasa del principio alcalino y levanta la m\u00e1s incrustada.  Contiene tensioactivos, ayudan a la eliminaci\u00f3n de grasas, actuando en la porosidad de la superficie.  Aumentan la eficacia del producto.  Componentes de baja alcalinidad con alto poder de saponificaci\u00f3n de grasas, para eliminarlas sin esfuerzos.  Producto l\u00edquido.  Color: amarillo.  Perfume: caracter\u00edstico.  Aplicar el producto sobre la superficie a limpiar y dejar actuar.  Pasar un trapo para limpiar la superficie.  No necesita aclarado.  SKU: FR0101 &nbsp; &nbsp;\" \/>\n<meta property=\"og:url\" content=\"https:\/\/meprolim.es\/producto\/quimicos-articulos-limpieza\/productos-quimicos-industriales\/desengrasantes-productos-quimicos-industriales\/comunes\/bidon-5kg-desengrasante-cleaning-meprolim\/\" \/>\n<meta property=\"og:site_name\" content=\"Meprolim\" \/>\n<meta property=\"article:modified_time\" content=\"2023-05-25T23:34:05+00:00\" \/>\n<meta property=\"og:image\" content=\"https:\/\/meprolim.es\/wp-content\/uploads\/2019\/09\/FR0101.jpg\" \/>\n\t<meta property=\"og:image:width\" content=\"768\" \/>\n\t<meta property=\"og:image:height\" content=\"768\" \/>\n\t<meta property=\"og:image:type\" content=\"image\/jpeg\" \/>\n<meta name=\"twitter:card\" content=\"summary_large_image\" \/>\n<meta name=\"twitter:label1\" content=\"Dur\u00e9e de lecture estim\u00e9e\" \/>\n\t<meta name=\"twitter:data1\" content=\"1 minute\" \/>\n<script type=\"application\/ld+json\" class=\"yoast-schema-graph\">{\"@context\":\"https:\\\/\\\/schema.org\",\"@graph\":[{\"@type\":\"WebPage\",\"@id\":\"https:\\\/\\\/meprolim.es\\\/producto\\\/quimicos-articulos-limpieza\\\/productos-quimicos-industriales\\\/desengrasantes-productos-quimicos-industriales\\\/comunes\\\/bidon-5kg-desengrasante-cleaning-meprolim\\\/\",\"url\":\"https:\\\/\\\/meprolim.es\\\/producto\\\/quimicos-articulos-limpieza\\\/productos-quimicos-industriales\\\/desengrasantes-productos-quimicos-industriales\\\/comunes\\\/bidon-5kg-desengrasante-cleaning-meprolim\\\/\",\"name\":\"BID\u00d3N 5KG. DESENGRASANTE CLEANING MEPROLIM - C\u00d3DIGO: FR0101 - Meprolim\",\"isPartOf\":{\"@id\":\"https:\\\/\\\/meprolim.es\\\/fr\\\/#website\"},\"primaryImageOfPage\":{\"@id\":\"https:\\\/\\\/meprolim.es\\\/producto\\\/quimicos-articulos-limpieza\\\/productos-quimicos-industriales\\\/desengrasantes-productos-quimicos-industriales\\\/comunes\\\/bidon-5kg-desengrasante-cleaning-meprolim\\\/#primaryimage\"},\"image\":{\"@id\":\"https:\\\/\\\/meprolim.es\\\/producto\\\/quimicos-articulos-limpieza\\\/productos-quimicos-industriales\\\/desengrasantes-productos-quimicos-industriales\\\/comunes\\\/bidon-5kg-desengrasante-cleaning-meprolim\\\/#primaryimage\"},\"thumbnailUrl\":\"https:\\\/\\\/meprolim.es\\\/wp-content\\\/uploads\\\/2019\\\/09\\\/FR0101.jpg\",\"datePublished\":\"2019-09-10T20:29:24+00:00\",\"dateModified\":\"2023-05-25T23:34:05+00:00\",\"breadcrumb\":{\"@id\":\"https:\\\/\\\/meprolim.es\\\/producto\\\/quimicos-articulos-limpieza\\\/productos-quimicos-industriales\\\/desengrasantes-productos-quimicos-industriales\\\/comunes\\\/bidon-5kg-desengrasante-cleaning-meprolim\\\/#breadcrumb\"},\"inLanguage\":\"fr-FR\",\"potentialAction\":[{\"@type\":\"ReadAction\",\"target\":[\"https:\\\/\\\/meprolim.es\\\/producto\\\/quimicos-articulos-limpieza\\\/productos-quimicos-industriales\\\/desengrasantes-productos-quimicos-industriales\\\/comunes\\\/bidon-5kg-desengrasante-cleaning-meprolim\\\/\"]}]},{\"@type\":\"ImageObject\",\"inLanguage\":\"fr-FR\",\"@id\":\"https:\\\/\\\/meprolim.es\\\/producto\\\/quimicos-articulos-limpieza\\\/productos-quimicos-industriales\\\/desengrasantes-productos-quimicos-industriales\\\/comunes\\\/bidon-5kg-desengrasante-cleaning-meprolim\\\/#primaryimage\",\"url\":\"https:\\\/\\\/meprolim.es\\\/wp-content\\\/uploads\\\/2019\\\/09\\\/FR0101.jpg\",\"contentUrl\":\"https:\\\/\\\/meprolim.es\\\/wp-content\\\/uploads\\\/2019\\\/09\\\/FR0101.jpg\",\"width\":768,\"height\":768},{\"@type\":\"BreadcrumbList\",\"@id\":\"https:\\\/\\\/meprolim.es\\\/producto\\\/quimicos-articulos-limpieza\\\/productos-quimicos-industriales\\\/desengrasantes-productos-quimicos-industriales\\\/comunes\\\/bidon-5kg-desengrasante-cleaning-meprolim\\\/#breadcrumb\",\"itemListElement\":[{\"@type\":\"ListItem\",\"position\":1,\"name\":\"Portada\",\"item\":\"https:\\\/\\\/meprolim.es\\\/fr\\\/\"},{\"@type\":\"ListItem\",\"position\":2,\"name\":\"Catalogue\",\"item\":\"https:\\\/\\\/meprolim.es\\\/fr\\\/catalogue\\\/\"},{\"@type\":\"ListItem\",\"position\":3,\"name\":\"BID\u00d3N 5KG. DESENGRASANTE CLEANING MEPROLIM &#8211; C\u00d3DIGO: FR0101\"}]},{\"@type\":\"WebSite\",\"@id\":\"https:\\\/\\\/meprolim.es\\\/fr\\\/#website\",\"url\":\"https:\\\/\\\/meprolim.es\\\/fr\\\/\",\"name\":\"Meprolim\",\"description\":\"Cavas Catalanas S.L.\",\"publisher\":{\"@id\":\"https:\\\/\\\/meprolim.es\\\/fr\\\/#organization\"},\"potentialAction\":[{\"@type\":\"SearchAction\",\"target\":{\"@type\":\"EntryPoint\",\"urlTemplate\":\"https:\\\/\\\/meprolim.es\\\/fr\\\/?s={search_term_string}\"},\"query-input\":{\"@type\":\"PropertyValueSpecification\",\"valueRequired\":true,\"valueName\":\"search_term_string\"}}],\"inLanguage\":\"fr-FR\"},{\"@type\":\"Organization\",\"@id\":\"https:\\\/\\\/meprolim.es\\\/fr\\\/#organization\",\"name\":\"Meprolim\",\"url\":\"https:\\\/\\\/meprolim.es\\\/fr\\\/\",\"logo\":{\"@type\":\"ImageObject\",\"inLanguage\":\"fr-FR\",\"@id\":\"https:\\\/\\\/meprolim.es\\\/fr\\\/#\\\/schema\\\/logo\\\/image\\\/\",\"url\":\"https:\\\/\\\/meprolim.es\\\/wp-content\\\/uploads\\\/2019\\\/07\\\/cropped-logo2.png\",\"contentUrl\":\"https:\\\/\\\/meprolim.es\\\/wp-content\\\/uploads\\\/2019\\\/07\\\/cropped-logo2.png\",\"width\":401,\"height\":162,\"caption\":\"Meprolim\"},\"image\":{\"@id\":\"https:\\\/\\\/meprolim.es\\\/fr\\\/#\\\/schema\\\/logo\\\/image\\\/\"}}]}<\/script>\n<!-- \/ Yoast SEO plugin. -->","yoast_head_json":{"title":"BID\u00d3N 5KG. DESENGRASANTE CLEANING MEPROLIM - C\u00d3DIGO: FR0101 - Meprolim","robots":{"index":"index","follow":"follow","max-snippet":"max-snippet:-1","max-image-preview":"max-image-preview:large","max-video-preview":"max-video-preview:-1"},"canonical":"https:\/\/meprolim.es\/producto\/quimicos-articulos-limpieza\/productos-quimicos-industriales\/desengrasantes-productos-quimicos-industriales\/comunes\/bidon-5kg-desengrasante-cleaning-meprolim\/","og_locale":"fr_FR","og_type":"article","og_title":"BID\u00d3N 5KG. DESENGRASANTE CLEANING MEPROLIM - C\u00d3DIGO: FR0101 - Meprolim","og_description":"pH 10-12.  Bote de 5 litros.  Producto alcalino con gran poder de eliminaci\u00f3n de grasa.  Alto poder de destrucci\u00f3n y saponificaci\u00f3n de todo tipo de grasas.  Contiene tensioactivos y disolventes que aumenta el poder de eliminaci\u00f3n de grasa del principio alcalino y levanta la m\u00e1s incrustada.  Contiene tensioactivos, ayudan a la eliminaci\u00f3n de grasas, actuando en la porosidad de la superficie.  Aumentan la eficacia del producto.  Componentes de baja alcalinidad con alto poder de saponificaci\u00f3n de grasas, para eliminarlas sin esfuerzos.  Producto l\u00edquido.  Color: amarillo.  Perfume: caracter\u00edstico.  Aplicar el producto sobre la superficie a limpiar y dejar actuar.  Pasar un trapo para limpiar la superficie.  No necesita aclarado.  SKU: FR0101 &nbsp; &nbsp;","og_url":"https:\/\/meprolim.es\/producto\/quimicos-articulos-limpieza\/productos-quimicos-industriales\/desengrasantes-productos-quimicos-industriales\/comunes\/bidon-5kg-desengrasante-cleaning-meprolim\/","og_site_name":"Meprolim","article_modified_time":"2023-05-25T23:34:05+00:00","og_image":[{"width":768,"height":768,"url":"https:\/\/meprolim.es\/wp-content\/uploads\/2019\/09\/FR0101.jpg","type":"image\/jpeg"}],"twitter_card":"summary_large_image","twitter_misc":{"Dur\u00e9e de lecture estim\u00e9e":"1 minute"},"schema":{"@context":"https:\/\/schema.org","@graph":[{"@type":"WebPage","@id":"https:\/\/meprolim.es\/producto\/quimicos-articulos-limpieza\/productos-quimicos-industriales\/desengrasantes-productos-quimicos-industriales\/comunes\/bidon-5kg-desengrasante-cleaning-meprolim\/","url":"https:\/\/meprolim.es\/producto\/quimicos-articulos-limpieza\/productos-quimicos-industriales\/desengrasantes-productos-quimicos-industriales\/comunes\/bidon-5kg-desengrasante-cleaning-meprolim\/","name":"BID\u00d3N 5KG. DESENGRASANTE CLEANING MEPROLIM - C\u00d3DIGO: FR0101 - Meprolim","isPartOf":{"@id":"https:\/\/meprolim.es\/fr\/#website"},"primaryImageOfPage":{"@id":"https:\/\/meprolim.es\/producto\/quimicos-articulos-limpieza\/productos-quimicos-industriales\/desengrasantes-productos-quimicos-industriales\/comunes\/bidon-5kg-desengrasante-cleaning-meprolim\/#primaryimage"},"image":{"@id":"https:\/\/meprolim.es\/producto\/quimicos-articulos-limpieza\/productos-quimicos-industriales\/desengrasantes-productos-quimicos-industriales\/comunes\/bidon-5kg-desengrasante-cleaning-meprolim\/#primaryimage"},"thumbnailUrl":"https:\/\/meprolim.es\/wp-content\/uploads\/2019\/09\/FR0101.jpg","datePublished":"2019-09-10T20:29:24+00:00","dateModified":"2023-05-25T23:34:05+00:00","breadcrumb":{"@id":"https:\/\/meprolim.es\/producto\/quimicos-articulos-limpieza\/productos-quimicos-industriales\/desengrasantes-productos-quimicos-industriales\/comunes\/bidon-5kg-desengrasante-cleaning-meprolim\/#breadcrumb"},"inLanguage":"fr-FR","potentialAction":[{"@type":"ReadAction","target":["https:\/\/meprolim.es\/producto\/quimicos-articulos-limpieza\/productos-quimicos-industriales\/desengrasantes-productos-quimicos-industriales\/comunes\/bidon-5kg-desengrasante-cleaning-meprolim\/"]}]},{"@type":"ImageObject","inLanguage":"fr-FR","@id":"https:\/\/meprolim.es\/producto\/quimicos-articulos-limpieza\/productos-quimicos-industriales\/desengrasantes-productos-quimicos-industriales\/comunes\/bidon-5kg-desengrasante-cleaning-meprolim\/#primaryimage","url":"https:\/\/meprolim.es\/wp-content\/uploads\/2019\/09\/FR0101.jpg","contentUrl":"https:\/\/meprolim.es\/wp-content\/uploads\/2019\/09\/FR0101.jpg","width":768,"height":768},{"@type":"BreadcrumbList","@id":"https:\/\/meprolim.es\/producto\/quimicos-articulos-limpieza\/productos-quimicos-industriales\/desengrasantes-productos-quimicos-industriales\/comunes\/bidon-5kg-desengrasante-cleaning-meprolim\/#breadcrumb","itemListElement":[{"@type":"ListItem","position":1,"name":"Portada","item":"https:\/\/meprolim.es\/fr\/"},{"@type":"ListItem","position":2,"name":"Catalogue","item":"https:\/\/meprolim.es\/fr\/catalogue\/"},{"@type":"ListItem","position":3,"name":"BID\u00d3N 5KG. DESENGRASANTE CLEANING MEPROLIM &#8211; C\u00d3DIGO: FR0101"}]},{"@type":"WebSite","@id":"https:\/\/meprolim.es\/fr\/#website","url":"https:\/\/meprolim.es\/fr\/","name":"Meprolim","description":"Cavas Catalanas S.L.","publisher":{"@id":"https:\/\/meprolim.es\/fr\/#organization"},"potentialAction":[{"@type":"SearchAction","target":{"@type":"EntryPoint","urlTemplate":"https:\/\/meprolim.es\/fr\/?s={search_term_string}"},"query-input":{"@type":"PropertyValueSpecification","valueRequired":true,"valueName":"search_term_string"}}],"inLanguage":"fr-FR"},{"@type":"Organization","@id":"https:\/\/meprolim.es\/fr\/#organization","name":"Meprolim","url":"https:\/\/meprolim.es\/fr\/","logo":{"@type":"ImageObject","inLanguage":"fr-FR","@id":"https:\/\/meprolim.es\/fr\/#\/schema\/logo\/image\/","url":"https:\/\/meprolim.es\/wp-content\/uploads\/2019\/07\/cropped-logo2.png","contentUrl":"https:\/\/meprolim.es\/wp-content\/uploads\/2019\/07\/cropped-logo2.png","width":401,"height":162,"caption":"Meprolim"},"image":{"@id":"https:\/\/meprolim.es\/fr\/#\/schema\/logo\/image\/"}}]}},"_links":{"self":[{"href":"https:\/\/meprolim.es\/fr\/wp-json\/wp\/v2\/product\/10200","targetHints":{"allow":["GET"]}}],"collection":[{"href":"https:\/\/meprolim.es\/fr\/wp-json\/wp\/v2\/product"}],"about":[{"href":"https:\/\/meprolim.es\/fr\/wp-json\/wp\/v2\/types\/product"}],"wp:featuredmedia":[{"embeddable":true,"href":"https:\/\/meprolim.es\/fr\/wp-json\/wp\/v2\/media\/10201"}],"wp:attachment":[{"href":"https:\/\/meprolim.es\/fr\/wp-json\/wp\/v2\/media?parent=10200"}],"wp:term":[{"taxonomy":"product_brand","embeddable":true,"href":"https:\/\/meprolim.es\/fr\/wp-json\/wp\/v2\/product_brand?post=10200"},{"taxonomy":"product_cat","embeddable":true,"href":"https:\/\/meprolim.es\/fr\/wp-json\/wp\/v2\/product_cat?post=10200"},{"taxonomy":"product_tag","embeddable":true,"href":"https:\/\/meprolim.es\/fr\/wp-json\/wp\/v2\/product_tag?post=10200"}],"curies":[{"name":"wp","href":"https:\/\/api.w.org\/{rel}","templated":true}]}}