{"id":21690,"date":"2022-08-09T10:35:57","date_gmt":"2022-08-09T09:35:57","guid":{"rendered":"https:\/\/meprolim.es\/?post_type=product&#038;p=21690"},"modified":"2024-04-04T16:56:54","modified_gmt":"2024-04-04T15:56:54","slug":"fregadora-gaussian-ecobot-75-p-codigo-ga0002","status":"publish","type":"product","link":"https:\/\/meprolim.es\/fr\/producto\/maquinaria-de-limpieza\/fregadoras\/fregadoras-autonomas\/fregadora-gaussian-ecobot-75-p-codigo-ga0002\/","title":{"rendered":"FREGADORA GAUSSIAN ECOBOT 75 P &#8211; C\u00d3DIGO: GA0002"},"content":{"rendered":"<div class=\"wpb-content-wrapper\"><p>[vc_row][vc_column][vc_column_text]<\/p>\n<p style=\"text-align: justify;\"><strong>Scrubber 75<\/strong> es el cl\u00e1sico producto estrella de Gausium, el &#8220;primog\u00e9nito&#8221; de la familia de robots de limpieza. El robot est\u00e1 equipado con m\u00e1s de 20 sensores alrededor de la m\u00e1quina,\u00a0 garantizando una excelente percepci\u00f3n del entorno y evita inteligentemente obst\u00e1culos. Con una anchura de fregado de 750 mm y un dep\u00f3sito de agua limpia de 75 litros, el robot es una opci\u00f3n ideal para las misiones de limpieza de grandes superficies. La agilidad no se ve comprometida por su tama\u00f1o: Scrubber 75 presenta una maniobrabilidad superior con un innovador cabezal de cepillado montado en la parte delantera, un volante ergon\u00f3mico y un pedal de pie.<\/p>\n<p>[\/vc_column_text][\/vc_column][\/vc_row]<\/p>\n<\/div>","protected":false},"excerpt":{"rendered":"<p class=\"font_20 text_black\"><strong>Excelente productividad<\/strong><\/p>\n<p>&#8211; Integraci\u00f3n de fregado, barrido, fregado de polvo y desengrasado<br \/>\n&#8211; Hasta 3.000 \u33a1\/h de eficiencia de limpieza<\/p>\n<p class=\"font_20 text_black\"><strong>La mejor detecci\u00f3n de su clase<\/strong><\/p>\n<p>Sistema de sensores l\u00edder en el mercado compuesto por LiDAR 3D, l\u00e1ser 2D y c\u00e1maras 3D. El 75 P est\u00e1 equipado con radares de ondas milim\u00e9tricas para una percepci\u00f3n m\u00e1s r\u00e1pida y precisa de los movimientos del veh\u00edculo<\/p>\n<p><strong>Cubierta de fregado con rotaci\u00f3n de 270\u00ba<\/strong><\/p>\n<p>90% de accesibilidad en las esquinas. Ponemos un alto a la incompleta limpieza de esquinas de una vez por todas.<\/p>\n<p class=\"font_20 text_black\"><strong>Limpieza de manchas de aceite<\/strong><\/p>\n<p>Capaz de marcar las manchas de aceite en el mapa y realizar una limpieza a fondo del aceite.<\/p>\n<p class=\"font_20 text_black\"><strong>Sistema de iluminaci\u00f3n avanzado\u00a0<span class=\"text_blue\">(75 P)<\/span><\/strong><\/p>\n<p>Adopta luz intermitente, la luz azul de proyecci\u00f3n y la luz suplementaria, comunicando de forma distintiva la posici\u00f3n de la m\u00e1quina a trav\u00e9s de se\u00f1ales identificables por el veh\u00edculo.<\/p>\n<p class=\"font_20 text_black\"><strong>Sistema de filtraci\u00f3n de 5 etapas<\/strong><\/p>\n<p>Reducci\u00f3n de alrededor del 80% del consumo de agua dulce.<\/p>\n<p class=\"font_20 text_black\"><strong>Modo manual ergon\u00f3mico<\/strong><\/p>\n<p>Equipado con pedal de pie y volante para que los usuarios puedan transportar la m\u00e1quina sin esfuerzo.<\/p>\n<p class=\"font_20 text_black\"><strong>M\u00ednimo mantenimiento humano<\/strong><\/p>\n<p>Estaci\u00f3n de trabajo opcional para la recarga y descarga de agua de forma aut\u00f3noma.<\/p>\n<p><a href=\"https:\/\/www.youtube.com\/watch?v=wULswmZlzDI\"><strong><img decoding=\"async\" class=\"alignnone wp-image-21251\" src=\"https:\/\/meprolim.es\/wp-content\/uploads\/2020\/06\/logo-video.jpg\" alt=\"\" width=\"69\" height=\"69\" srcset=\"https:\/\/meprolim.es\/wp-content\/uploads\/2020\/06\/logo-video.jpg 256w, https:\/\/meprolim.es\/wp-content\/uploads\/2020\/06\/logo-video-100x100.jpg 100w, https:\/\/meprolim.es\/wp-content\/uploads\/2020\/06\/logo-video-150x150.jpg 150w\" sizes=\"(max-width: 69px) 100vw, 69px\" \/><\/strong><\/a><\/p>\n<p><strong>SKU: GA0002<\/strong><\/p>\n","protected":false},"featured_media":21665,"template":"","meta":[],"product_brand":[],"product_cat":[2581,3199,2580],"product_tag":[3187,252],"class_list":{"0":"post-21690","1":"product","2":"type-product","3":"status-publish","4":"has-post-thumbnail","6":"product_cat-fregadoras","7":"product_cat-fregadoras-autonomas","8":"product_cat-maquinaria-de-limpieza","9":"product_tag-fregadora-autonoma","10":"product_tag-maquinaria-de-limpieza","12":"first","13":"instock","14":"shipping-taxable","15":"product-type-simple"},"yoast_head":"<!-- This site is optimized with the Yoast SEO plugin v27.3 - https:\/\/yoast.com\/product\/yoast-seo-wordpress\/ -->\n<title>FREGADORA GAUSSIAN ECOBOT 75 P - C\u00d3DIGO: GA0002 - Meprolim<\/title>\n<meta name=\"robots\" content=\"index, follow, max-snippet:-1, max-image-preview:large, max-video-preview:-1\" \/>\n<link rel=\"canonical\" href=\"https:\/\/meprolim.es\/producto\/maquinaria-de-limpieza\/fregadoras\/fregadoras-autonomas\/fregadora-gaussian-ecobot-75-p-codigo-ga0002\/\" \/>\n<meta property=\"og:locale\" content=\"fr_FR\" \/>\n<meta property=\"og:type\" content=\"article\" \/>\n<meta property=\"og:title\" content=\"FREGADORA GAUSSIAN ECOBOT 75 P - C\u00d3DIGO: GA0002 - Meprolim\" \/>\n<meta property=\"og:description\" content=\"Excelente productividad - Integraci\u00f3n de fregado, barrido, fregado de polvo y desengrasado - Hasta 3.000 \u33a1\/h de eficiencia de limpieza La mejor detecci\u00f3n de su clase Sistema de sensores l\u00edder en el mercado compuesto por LiDAR 3D, l\u00e1ser 2D y c\u00e1maras 3D. El 75 P est\u00e1 equipado con radares de ondas milim\u00e9tricas para una percepci\u00f3n m\u00e1s r\u00e1pida y precisa de los movimientos del veh\u00edculo  Cubierta de fregado con rotaci\u00f3n de 270\u00ba  90% de accesibilidad en las esquinas. Ponemos un alto a la incompleta limpieza de esquinas de una vez por todas. Limpieza de manchas de aceite Capaz de marcar las manchas de aceite en el mapa y realizar una limpieza a fondo del aceite. Sistema de iluminaci\u00f3n avanzado\u00a0(75 P) Adopta luz intermitente, la luz azul de proyecci\u00f3n y la luz suplementaria, comunicando de forma distintiva la posici\u00f3n de la m\u00e1quina a trav\u00e9s de se\u00f1ales identificables por el veh\u00edculo. Sistema de filtraci\u00f3n de 5 etapas Reducci\u00f3n de alrededor del 80% del consumo de agua dulce. Modo manual ergon\u00f3mico Equipado con pedal de pie y volante para que los usuarios puedan transportar la m\u00e1quina sin esfuerzo. M\u00ednimo mantenimiento humano Estaci\u00f3n de trabajo opcional para la recarga y descarga de agua de forma aut\u00f3noma.    SKU: GA0002\" \/>\n<meta property=\"og:url\" content=\"https:\/\/meprolim.es\/producto\/maquinaria-de-limpieza\/fregadoras\/fregadoras-autonomas\/fregadora-gaussian-ecobot-75-p-codigo-ga0002\/\" \/>\n<meta property=\"og:site_name\" content=\"Meprolim\" \/>\n<meta property=\"article:modified_time\" content=\"2024-04-04T15:56:54+00:00\" \/>\n<meta property=\"og:image\" content=\"https:\/\/meprolim.es\/wp-content\/uploads\/2022\/08\/GA0002.jpg\" \/>\n\t<meta property=\"og:image:width\" content=\"768\" \/>\n\t<meta property=\"og:image:height\" content=\"768\" \/>\n\t<meta property=\"og:image:type\" content=\"image\/jpeg\" \/>\n<meta name=\"twitter:card\" content=\"summary_large_image\" \/>\n<meta name=\"twitter:label1\" content=\"Dur\u00e9e de lecture estim\u00e9e\" \/>\n\t<meta name=\"twitter:data1\" content=\"1 minute\" \/>\n<script type=\"application\/ld+json\" class=\"yoast-schema-graph\">{\"@context\":\"https:\\\/\\\/schema.org\",\"@graph\":[{\"@type\":\"WebPage\",\"@id\":\"https:\\\/\\\/meprolim.es\\\/producto\\\/maquinaria-de-limpieza\\\/fregadoras\\\/fregadoras-autonomas\\\/fregadora-gaussian-ecobot-75-p-codigo-ga0002\\\/\",\"url\":\"https:\\\/\\\/meprolim.es\\\/producto\\\/maquinaria-de-limpieza\\\/fregadoras\\\/fregadoras-autonomas\\\/fregadora-gaussian-ecobot-75-p-codigo-ga0002\\\/\",\"name\":\"FREGADORA GAUSSIAN ECOBOT 75 P - C\u00d3DIGO: GA0002 - Meprolim\",\"isPartOf\":{\"@id\":\"https:\\\/\\\/meprolim.es\\\/fr\\\/#website\"},\"primaryImageOfPage\":{\"@id\":\"https:\\\/\\\/meprolim.es\\\/producto\\\/maquinaria-de-limpieza\\\/fregadoras\\\/fregadoras-autonomas\\\/fregadora-gaussian-ecobot-75-p-codigo-ga0002\\\/#primaryimage\"},\"image\":{\"@id\":\"https:\\\/\\\/meprolim.es\\\/producto\\\/maquinaria-de-limpieza\\\/fregadoras\\\/fregadoras-autonomas\\\/fregadora-gaussian-ecobot-75-p-codigo-ga0002\\\/#primaryimage\"},\"thumbnailUrl\":\"https:\\\/\\\/meprolim.es\\\/wp-content\\\/uploads\\\/2022\\\/08\\\/GA0002.jpg\",\"datePublished\":\"2022-08-09T09:35:57+00:00\",\"dateModified\":\"2024-04-04T15:56:54+00:00\",\"breadcrumb\":{\"@id\":\"https:\\\/\\\/meprolim.es\\\/producto\\\/maquinaria-de-limpieza\\\/fregadoras\\\/fregadoras-autonomas\\\/fregadora-gaussian-ecobot-75-p-codigo-ga0002\\\/#breadcrumb\"},\"inLanguage\":\"fr-FR\",\"potentialAction\":[{\"@type\":\"ReadAction\",\"target\":[\"https:\\\/\\\/meprolim.es\\\/producto\\\/maquinaria-de-limpieza\\\/fregadoras\\\/fregadoras-autonomas\\\/fregadora-gaussian-ecobot-75-p-codigo-ga0002\\\/\"]}]},{\"@type\":\"ImageObject\",\"inLanguage\":\"fr-FR\",\"@id\":\"https:\\\/\\\/meprolim.es\\\/producto\\\/maquinaria-de-limpieza\\\/fregadoras\\\/fregadoras-autonomas\\\/fregadora-gaussian-ecobot-75-p-codigo-ga0002\\\/#primaryimage\",\"url\":\"https:\\\/\\\/meprolim.es\\\/wp-content\\\/uploads\\\/2022\\\/08\\\/GA0002.jpg\",\"contentUrl\":\"https:\\\/\\\/meprolim.es\\\/wp-content\\\/uploads\\\/2022\\\/08\\\/GA0002.jpg\",\"width\":768,\"height\":768},{\"@type\":\"BreadcrumbList\",\"@id\":\"https:\\\/\\\/meprolim.es\\\/producto\\\/maquinaria-de-limpieza\\\/fregadoras\\\/fregadoras-autonomas\\\/fregadora-gaussian-ecobot-75-p-codigo-ga0002\\\/#breadcrumb\",\"itemListElement\":[{\"@type\":\"ListItem\",\"position\":1,\"name\":\"Portada\",\"item\":\"https:\\\/\\\/meprolim.es\\\/fr\\\/\"},{\"@type\":\"ListItem\",\"position\":2,\"name\":\"Catalogue\",\"item\":\"https:\\\/\\\/meprolim.es\\\/fr\\\/catalogue\\\/\"},{\"@type\":\"ListItem\",\"position\":3,\"name\":\"FREGADORA GAUSSIAN ECOBOT 75 P &#8211; C\u00d3DIGO: GA0002\"}]},{\"@type\":\"WebSite\",\"@id\":\"https:\\\/\\\/meprolim.es\\\/fr\\\/#website\",\"url\":\"https:\\\/\\\/meprolim.es\\\/fr\\\/\",\"name\":\"Meprolim\",\"description\":\"Cavas Catalanas S.L.\",\"publisher\":{\"@id\":\"https:\\\/\\\/meprolim.es\\\/fr\\\/#organization\"},\"potentialAction\":[{\"@type\":\"SearchAction\",\"target\":{\"@type\":\"EntryPoint\",\"urlTemplate\":\"https:\\\/\\\/meprolim.es\\\/fr\\\/?s={search_term_string}\"},\"query-input\":{\"@type\":\"PropertyValueSpecification\",\"valueRequired\":true,\"valueName\":\"search_term_string\"}}],\"inLanguage\":\"fr-FR\"},{\"@type\":\"Organization\",\"@id\":\"https:\\\/\\\/meprolim.es\\\/fr\\\/#organization\",\"name\":\"Meprolim\",\"url\":\"https:\\\/\\\/meprolim.es\\\/fr\\\/\",\"logo\":{\"@type\":\"ImageObject\",\"inLanguage\":\"fr-FR\",\"@id\":\"https:\\\/\\\/meprolim.es\\\/fr\\\/#\\\/schema\\\/logo\\\/image\\\/\",\"url\":\"https:\\\/\\\/meprolim.es\\\/wp-content\\\/uploads\\\/2019\\\/07\\\/cropped-logo2.png\",\"contentUrl\":\"https:\\\/\\\/meprolim.es\\\/wp-content\\\/uploads\\\/2019\\\/07\\\/cropped-logo2.png\",\"width\":401,\"height\":162,\"caption\":\"Meprolim\"},\"image\":{\"@id\":\"https:\\\/\\\/meprolim.es\\\/fr\\\/#\\\/schema\\\/logo\\\/image\\\/\"}}]}<\/script>\n<!-- \/ Yoast SEO plugin. -->","yoast_head_json":{"title":"FREGADORA GAUSSIAN ECOBOT 75 P - C\u00d3DIGO: GA0002 - Meprolim","robots":{"index":"index","follow":"follow","max-snippet":"max-snippet:-1","max-image-preview":"max-image-preview:large","max-video-preview":"max-video-preview:-1"},"canonical":"https:\/\/meprolim.es\/producto\/maquinaria-de-limpieza\/fregadoras\/fregadoras-autonomas\/fregadora-gaussian-ecobot-75-p-codigo-ga0002\/","og_locale":"fr_FR","og_type":"article","og_title":"FREGADORA GAUSSIAN ECOBOT 75 P - C\u00d3DIGO: GA0002 - Meprolim","og_description":"Excelente productividad - Integraci\u00f3n de fregado, barrido, fregado de polvo y desengrasado - Hasta 3.000 \u33a1\/h de eficiencia de limpieza La mejor detecci\u00f3n de su clase Sistema de sensores l\u00edder en el mercado compuesto por LiDAR 3D, l\u00e1ser 2D y c\u00e1maras 3D. El 75 P est\u00e1 equipado con radares de ondas milim\u00e9tricas para una percepci\u00f3n m\u00e1s r\u00e1pida y precisa de los movimientos del veh\u00edculo  Cubierta de fregado con rotaci\u00f3n de 270\u00ba  90% de accesibilidad en las esquinas. Ponemos un alto a la incompleta limpieza de esquinas de una vez por todas. Limpieza de manchas de aceite Capaz de marcar las manchas de aceite en el mapa y realizar una limpieza a fondo del aceite. Sistema de iluminaci\u00f3n avanzado\u00a0(75 P) Adopta luz intermitente, la luz azul de proyecci\u00f3n y la luz suplementaria, comunicando de forma distintiva la posici\u00f3n de la m\u00e1quina a trav\u00e9s de se\u00f1ales identificables por el veh\u00edculo. Sistema de filtraci\u00f3n de 5 etapas Reducci\u00f3n de alrededor del 80% del consumo de agua dulce. Modo manual ergon\u00f3mico Equipado con pedal de pie y volante para que los usuarios puedan transportar la m\u00e1quina sin esfuerzo. M\u00ednimo mantenimiento humano Estaci\u00f3n de trabajo opcional para la recarga y descarga de agua de forma aut\u00f3noma.    SKU: GA0002","og_url":"https:\/\/meprolim.es\/producto\/maquinaria-de-limpieza\/fregadoras\/fregadoras-autonomas\/fregadora-gaussian-ecobot-75-p-codigo-ga0002\/","og_site_name":"Meprolim","article_modified_time":"2024-04-04T15:56:54+00:00","og_image":[{"width":768,"height":768,"url":"https:\/\/meprolim.es\/wp-content\/uploads\/2022\/08\/GA0002.jpg","type":"image\/jpeg"}],"twitter_card":"summary_large_image","twitter_misc":{"Dur\u00e9e de lecture estim\u00e9e":"1 minute"},"schema":{"@context":"https:\/\/schema.org","@graph":[{"@type":"WebPage","@id":"https:\/\/meprolim.es\/producto\/maquinaria-de-limpieza\/fregadoras\/fregadoras-autonomas\/fregadora-gaussian-ecobot-75-p-codigo-ga0002\/","url":"https:\/\/meprolim.es\/producto\/maquinaria-de-limpieza\/fregadoras\/fregadoras-autonomas\/fregadora-gaussian-ecobot-75-p-codigo-ga0002\/","name":"FREGADORA GAUSSIAN ECOBOT 75 P - C\u00d3DIGO: GA0002 - Meprolim","isPartOf":{"@id":"https:\/\/meprolim.es\/fr\/#website"},"primaryImageOfPage":{"@id":"https:\/\/meprolim.es\/producto\/maquinaria-de-limpieza\/fregadoras\/fregadoras-autonomas\/fregadora-gaussian-ecobot-75-p-codigo-ga0002\/#primaryimage"},"image":{"@id":"https:\/\/meprolim.es\/producto\/maquinaria-de-limpieza\/fregadoras\/fregadoras-autonomas\/fregadora-gaussian-ecobot-75-p-codigo-ga0002\/#primaryimage"},"thumbnailUrl":"https:\/\/meprolim.es\/wp-content\/uploads\/2022\/08\/GA0002.jpg","datePublished":"2022-08-09T09:35:57+00:00","dateModified":"2024-04-04T15:56:54+00:00","breadcrumb":{"@id":"https:\/\/meprolim.es\/producto\/maquinaria-de-limpieza\/fregadoras\/fregadoras-autonomas\/fregadora-gaussian-ecobot-75-p-codigo-ga0002\/#breadcrumb"},"inLanguage":"fr-FR","potentialAction":[{"@type":"ReadAction","target":["https:\/\/meprolim.es\/producto\/maquinaria-de-limpieza\/fregadoras\/fregadoras-autonomas\/fregadora-gaussian-ecobot-75-p-codigo-ga0002\/"]}]},{"@type":"ImageObject","inLanguage":"fr-FR","@id":"https:\/\/meprolim.es\/producto\/maquinaria-de-limpieza\/fregadoras\/fregadoras-autonomas\/fregadora-gaussian-ecobot-75-p-codigo-ga0002\/#primaryimage","url":"https:\/\/meprolim.es\/wp-content\/uploads\/2022\/08\/GA0002.jpg","contentUrl":"https:\/\/meprolim.es\/wp-content\/uploads\/2022\/08\/GA0002.jpg","width":768,"height":768},{"@type":"BreadcrumbList","@id":"https:\/\/meprolim.es\/producto\/maquinaria-de-limpieza\/fregadoras\/fregadoras-autonomas\/fregadora-gaussian-ecobot-75-p-codigo-ga0002\/#breadcrumb","itemListElement":[{"@type":"ListItem","position":1,"name":"Portada","item":"https:\/\/meprolim.es\/fr\/"},{"@type":"ListItem","position":2,"name":"Catalogue","item":"https:\/\/meprolim.es\/fr\/catalogue\/"},{"@type":"ListItem","position":3,"name":"FREGADORA GAUSSIAN ECOBOT 75 P &#8211; C\u00d3DIGO: GA0002"}]},{"@type":"WebSite","@id":"https:\/\/meprolim.es\/fr\/#website","url":"https:\/\/meprolim.es\/fr\/","name":"Meprolim","description":"Cavas Catalanas S.L.","publisher":{"@id":"https:\/\/meprolim.es\/fr\/#organization"},"potentialAction":[{"@type":"SearchAction","target":{"@type":"EntryPoint","urlTemplate":"https:\/\/meprolim.es\/fr\/?s={search_term_string}"},"query-input":{"@type":"PropertyValueSpecification","valueRequired":true,"valueName":"search_term_string"}}],"inLanguage":"fr-FR"},{"@type":"Organization","@id":"https:\/\/meprolim.es\/fr\/#organization","name":"Meprolim","url":"https:\/\/meprolim.es\/fr\/","logo":{"@type":"ImageObject","inLanguage":"fr-FR","@id":"https:\/\/meprolim.es\/fr\/#\/schema\/logo\/image\/","url":"https:\/\/meprolim.es\/wp-content\/uploads\/2019\/07\/cropped-logo2.png","contentUrl":"https:\/\/meprolim.es\/wp-content\/uploads\/2019\/07\/cropped-logo2.png","width":401,"height":162,"caption":"Meprolim"},"image":{"@id":"https:\/\/meprolim.es\/fr\/#\/schema\/logo\/image\/"}}]}},"_links":{"self":[{"href":"https:\/\/meprolim.es\/fr\/wp-json\/wp\/v2\/product\/21690","targetHints":{"allow":["GET"]}}],"collection":[{"href":"https:\/\/meprolim.es\/fr\/wp-json\/wp\/v2\/product"}],"about":[{"href":"https:\/\/meprolim.es\/fr\/wp-json\/wp\/v2\/types\/product"}],"wp:featuredmedia":[{"embeddable":true,"href":"https:\/\/meprolim.es\/fr\/wp-json\/wp\/v2\/media\/21665"}],"wp:attachment":[{"href":"https:\/\/meprolim.es\/fr\/wp-json\/wp\/v2\/media?parent=21690"}],"wp:term":[{"taxonomy":"product_brand","embeddable":true,"href":"https:\/\/meprolim.es\/fr\/wp-json\/wp\/v2\/product_brand?post=21690"},{"taxonomy":"product_cat","embeddable":true,"href":"https:\/\/meprolim.es\/fr\/wp-json\/wp\/v2\/product_cat?post=21690"},{"taxonomy":"product_tag","embeddable":true,"href":"https:\/\/meprolim.es\/fr\/wp-json\/wp\/v2\/product_tag?post=21690"}],"curies":[{"name":"wp","href":"https:\/\/api.w.org\/{rel}","templated":true}]}}