{"id":32807,"date":"2025-09-10T13:45:50","date_gmt":"2025-09-10T12:45:50","guid":{"rendered":"https:\/\/meprolim.es\/?post_type=product&#038;p=32807"},"modified":"2025-09-10T14:00:57","modified_gmt":"2025-09-10T13:00:57","slug":"maquina-desinfeccion-foamtec-15","status":"publish","type":"product","link":"https:\/\/meprolim.es\/fr\/producto\/maquinaria-de-limpieza\/desinfeccion-integral-fr\/maquina-desinfeccion-foamtec-15\/","title":{"rendered":"MAQUINA DESINFECCION FOAMTEC 15 &#8211; C\u00d3DIGO: ZR0010"},"content":{"rendered":"<div class=\"wpb-content-wrapper\"><p>[vc_row][vc_column][vc_column_text css=&#8221;&#8221;]<\/p>\n<p style=\"text-align: justify;\">es la m\u00e1s peque\u00f1a entre las m\u00e1quinas que trabajan con el sistema Foamtec, patentado por Santoemma. Este m\u00e1quina proporciona la limpieza y sanitizaci\u00f3n de aseos p\u00fablicos combinando inyecci\u00f3n de espuma detergente, aclarado y aspiraci\u00f3n. Foamtec15 est\u00e1 indicada para lugares peque\u00f1os.<br \/>\nEl proceso de limpieza y sanitizaci\u00f3n se desarrolla en cuatro fases distintas:<br \/>\n1. Inyecci\u00f3n de espuma sobre las superficies a limpiar (paredes, sanitarios, duchas, cristales)<br \/>\n2. Acci\u00f3n qu\u00edmica de la espuma contra la suciedad y las bacterias<br \/>\n3. Aclarado con agua limpia para quitar residuos de las superficies<br \/>\n4. Aspiraci\u00f3n del l\u00edquido restante en el suelo<\/p>\n<p>[\/vc_column_text][\/vc_column][\/vc_row]<\/p>\n<\/div>","protected":false},"excerpt":{"rendered":"<ul>\n<li>Limpieza de superficies combinando inyecci\u00f3n de espuma detergente, aclarado y aspiraci\u00f3n.<\/li>\n<li>Indicada para:<\/li>\n<li>\u2022Bares, discotecas,<br \/>\n\u2022Centros comerciales, cines, teatros,<br \/>\n\u2022W.c. p\u00fablicos, duchas p\u00fablicas,<br \/>\n\u2022Ferry, barcos de cruceros<\/p>\n<p><strong>SKU: ZR0010<\/strong><\/li>\n<\/ul>\n","protected":false},"featured_media":32808,"template":"","meta":[],"product_brand":[],"product_cat":[2617,2580],"product_tag":[306,307,252],"class_list":{"0":"post-32807","1":"product","2":"type-product","3":"status-publish","4":"has-post-thumbnail","6":"product_cat-desinfeccion-integral","7":"product_cat-maquinaria-de-limpieza","8":"product_tag-desinfeccion-integral","9":"product_tag-limpieza-por-espuma","10":"product_tag-maquinaria-de-limpieza","12":"first","13":"instock","14":"shipping-taxable","15":"product-type-simple"},"yoast_head":"<!-- This site is optimized with the Yoast SEO plugin v27.3 - https:\/\/yoast.com\/product\/yoast-seo-wordpress\/ -->\n<title>MAQUINA DESINFECCION FOAMTEC 15 - C\u00d3DIGO: ZR0010 - Meprolim<\/title>\n<meta name=\"robots\" content=\"index, follow, max-snippet:-1, max-image-preview:large, max-video-preview:-1\" \/>\n<link rel=\"canonical\" href=\"https:\/\/meprolim.es\/producto\/maquinaria-de-limpieza\/desinfeccion-integral\/maquina-desinfeccion-foamtec-15\/\" \/>\n<meta property=\"og:locale\" content=\"fr_FR\" \/>\n<meta property=\"og:type\" content=\"article\" \/>\n<meta property=\"og:title\" content=\"MAQUINA DESINFECCION FOAMTEC 15 - C\u00d3DIGO: ZR0010 - Meprolim\" \/>\n<meta property=\"og:description\" content=\"Limpieza de superficies combinando inyecci\u00f3n de espuma detergente, aclarado y aspiraci\u00f3n.  Indicada para:  \u2022Bares, discotecas, \u2022Centros comerciales, cines, teatros, \u2022W.c. p\u00fablicos, duchas p\u00fablicas, \u2022Ferry, barcos de cruceros  SKU: ZR0010\" \/>\n<meta property=\"og:url\" content=\"https:\/\/meprolim.es\/producto\/maquinaria-de-limpieza\/desinfeccion-integral\/maquina-desinfeccion-foamtec-15\/\" \/>\n<meta property=\"og:site_name\" content=\"Meprolim\" \/>\n<meta property=\"article:modified_time\" content=\"2025-09-10T13:00:57+00:00\" \/>\n<meta property=\"og:image\" content=\"https:\/\/meprolim.es\/wp-content\/uploads\/2025\/09\/ZR0010.jpg\" \/>\n\t<meta property=\"og:image:width\" content=\"768\" \/>\n\t<meta property=\"og:image:height\" content=\"768\" \/>\n\t<meta property=\"og:image:type\" content=\"image\/jpeg\" \/>\n<meta name=\"twitter:card\" content=\"summary_large_image\" \/>\n<meta name=\"twitter:label1\" content=\"Dur\u00e9e de lecture estim\u00e9e\" \/>\n\t<meta name=\"twitter:data1\" content=\"1 minute\" \/>\n<script type=\"application\/ld+json\" class=\"yoast-schema-graph\">{\"@context\":\"https:\\\/\\\/schema.org\",\"@graph\":[{\"@type\":\"WebPage\",\"@id\":\"https:\\\/\\\/meprolim.es\\\/producto\\\/maquinaria-de-limpieza\\\/desinfeccion-integral\\\/maquina-desinfeccion-foamtec-15\\\/\",\"url\":\"https:\\\/\\\/meprolim.es\\\/producto\\\/maquinaria-de-limpieza\\\/desinfeccion-integral\\\/maquina-desinfeccion-foamtec-15\\\/\",\"name\":\"MAQUINA DESINFECCION FOAMTEC 15 - C\u00d3DIGO: ZR0010 - Meprolim\",\"isPartOf\":{\"@id\":\"https:\\\/\\\/meprolim.es\\\/fr\\\/#website\"},\"primaryImageOfPage\":{\"@id\":\"https:\\\/\\\/meprolim.es\\\/producto\\\/maquinaria-de-limpieza\\\/desinfeccion-integral\\\/maquina-desinfeccion-foamtec-15\\\/#primaryimage\"},\"image\":{\"@id\":\"https:\\\/\\\/meprolim.es\\\/producto\\\/maquinaria-de-limpieza\\\/desinfeccion-integral\\\/maquina-desinfeccion-foamtec-15\\\/#primaryimage\"},\"thumbnailUrl\":\"https:\\\/\\\/meprolim.es\\\/wp-content\\\/uploads\\\/2025\\\/09\\\/ZR0010.jpg\",\"datePublished\":\"2025-09-10T12:45:50+00:00\",\"dateModified\":\"2025-09-10T13:00:57+00:00\",\"breadcrumb\":{\"@id\":\"https:\\\/\\\/meprolim.es\\\/producto\\\/maquinaria-de-limpieza\\\/desinfeccion-integral\\\/maquina-desinfeccion-foamtec-15\\\/#breadcrumb\"},\"inLanguage\":\"fr-FR\",\"potentialAction\":[{\"@type\":\"ReadAction\",\"target\":[\"https:\\\/\\\/meprolim.es\\\/producto\\\/maquinaria-de-limpieza\\\/desinfeccion-integral\\\/maquina-desinfeccion-foamtec-15\\\/\"]}]},{\"@type\":\"ImageObject\",\"inLanguage\":\"fr-FR\",\"@id\":\"https:\\\/\\\/meprolim.es\\\/producto\\\/maquinaria-de-limpieza\\\/desinfeccion-integral\\\/maquina-desinfeccion-foamtec-15\\\/#primaryimage\",\"url\":\"https:\\\/\\\/meprolim.es\\\/wp-content\\\/uploads\\\/2025\\\/09\\\/ZR0010.jpg\",\"contentUrl\":\"https:\\\/\\\/meprolim.es\\\/wp-content\\\/uploads\\\/2025\\\/09\\\/ZR0010.jpg\",\"width\":768,\"height\":768},{\"@type\":\"BreadcrumbList\",\"@id\":\"https:\\\/\\\/meprolim.es\\\/producto\\\/maquinaria-de-limpieza\\\/desinfeccion-integral\\\/maquina-desinfeccion-foamtec-15\\\/#breadcrumb\",\"itemListElement\":[{\"@type\":\"ListItem\",\"position\":1,\"name\":\"Portada\",\"item\":\"https:\\\/\\\/meprolim.es\\\/fr\\\/\"},{\"@type\":\"ListItem\",\"position\":2,\"name\":\"Catalogue\",\"item\":\"https:\\\/\\\/meprolim.es\\\/fr\\\/catalogue\\\/\"},{\"@type\":\"ListItem\",\"position\":3,\"name\":\"MAQUINA DESINFECCION FOAMTEC 15 &#8211; C\u00d3DIGO: ZR0010\"}]},{\"@type\":\"WebSite\",\"@id\":\"https:\\\/\\\/meprolim.es\\\/fr\\\/#website\",\"url\":\"https:\\\/\\\/meprolim.es\\\/fr\\\/\",\"name\":\"Meprolim\",\"description\":\"Cavas Catalanas S.L.\",\"publisher\":{\"@id\":\"https:\\\/\\\/meprolim.es\\\/fr\\\/#organization\"},\"potentialAction\":[{\"@type\":\"SearchAction\",\"target\":{\"@type\":\"EntryPoint\",\"urlTemplate\":\"https:\\\/\\\/meprolim.es\\\/fr\\\/?s={search_term_string}\"},\"query-input\":{\"@type\":\"PropertyValueSpecification\",\"valueRequired\":true,\"valueName\":\"search_term_string\"}}],\"inLanguage\":\"fr-FR\"},{\"@type\":\"Organization\",\"@id\":\"https:\\\/\\\/meprolim.es\\\/fr\\\/#organization\",\"name\":\"Meprolim\",\"url\":\"https:\\\/\\\/meprolim.es\\\/fr\\\/\",\"logo\":{\"@type\":\"ImageObject\",\"inLanguage\":\"fr-FR\",\"@id\":\"https:\\\/\\\/meprolim.es\\\/fr\\\/#\\\/schema\\\/logo\\\/image\\\/\",\"url\":\"https:\\\/\\\/meprolim.es\\\/wp-content\\\/uploads\\\/2019\\\/07\\\/cropped-logo2.png\",\"contentUrl\":\"https:\\\/\\\/meprolim.es\\\/wp-content\\\/uploads\\\/2019\\\/07\\\/cropped-logo2.png\",\"width\":401,\"height\":162,\"caption\":\"Meprolim\"},\"image\":{\"@id\":\"https:\\\/\\\/meprolim.es\\\/fr\\\/#\\\/schema\\\/logo\\\/image\\\/\"}}]}<\/script>\n<!-- \/ Yoast SEO plugin. -->","yoast_head_json":{"title":"MAQUINA DESINFECCION FOAMTEC 15 - C\u00d3DIGO: ZR0010 - Meprolim","robots":{"index":"index","follow":"follow","max-snippet":"max-snippet:-1","max-image-preview":"max-image-preview:large","max-video-preview":"max-video-preview:-1"},"canonical":"https:\/\/meprolim.es\/producto\/maquinaria-de-limpieza\/desinfeccion-integral\/maquina-desinfeccion-foamtec-15\/","og_locale":"fr_FR","og_type":"article","og_title":"MAQUINA DESINFECCION FOAMTEC 15 - C\u00d3DIGO: ZR0010 - Meprolim","og_description":"Limpieza de superficies combinando inyecci\u00f3n de espuma detergente, aclarado y aspiraci\u00f3n.  Indicada para:  \u2022Bares, discotecas, \u2022Centros comerciales, cines, teatros, \u2022W.c. p\u00fablicos, duchas p\u00fablicas, \u2022Ferry, barcos de cruceros  SKU: ZR0010","og_url":"https:\/\/meprolim.es\/producto\/maquinaria-de-limpieza\/desinfeccion-integral\/maquina-desinfeccion-foamtec-15\/","og_site_name":"Meprolim","article_modified_time":"2025-09-10T13:00:57+00:00","og_image":[{"width":768,"height":768,"url":"https:\/\/meprolim.es\/wp-content\/uploads\/2025\/09\/ZR0010.jpg","type":"image\/jpeg"}],"twitter_card":"summary_large_image","twitter_misc":{"Dur\u00e9e de lecture estim\u00e9e":"1 minute"},"schema":{"@context":"https:\/\/schema.org","@graph":[{"@type":"WebPage","@id":"https:\/\/meprolim.es\/producto\/maquinaria-de-limpieza\/desinfeccion-integral\/maquina-desinfeccion-foamtec-15\/","url":"https:\/\/meprolim.es\/producto\/maquinaria-de-limpieza\/desinfeccion-integral\/maquina-desinfeccion-foamtec-15\/","name":"MAQUINA DESINFECCION FOAMTEC 15 - C\u00d3DIGO: ZR0010 - Meprolim","isPartOf":{"@id":"https:\/\/meprolim.es\/fr\/#website"},"primaryImageOfPage":{"@id":"https:\/\/meprolim.es\/producto\/maquinaria-de-limpieza\/desinfeccion-integral\/maquina-desinfeccion-foamtec-15\/#primaryimage"},"image":{"@id":"https:\/\/meprolim.es\/producto\/maquinaria-de-limpieza\/desinfeccion-integral\/maquina-desinfeccion-foamtec-15\/#primaryimage"},"thumbnailUrl":"https:\/\/meprolim.es\/wp-content\/uploads\/2025\/09\/ZR0010.jpg","datePublished":"2025-09-10T12:45:50+00:00","dateModified":"2025-09-10T13:00:57+00:00","breadcrumb":{"@id":"https:\/\/meprolim.es\/producto\/maquinaria-de-limpieza\/desinfeccion-integral\/maquina-desinfeccion-foamtec-15\/#breadcrumb"},"inLanguage":"fr-FR","potentialAction":[{"@type":"ReadAction","target":["https:\/\/meprolim.es\/producto\/maquinaria-de-limpieza\/desinfeccion-integral\/maquina-desinfeccion-foamtec-15\/"]}]},{"@type":"ImageObject","inLanguage":"fr-FR","@id":"https:\/\/meprolim.es\/producto\/maquinaria-de-limpieza\/desinfeccion-integral\/maquina-desinfeccion-foamtec-15\/#primaryimage","url":"https:\/\/meprolim.es\/wp-content\/uploads\/2025\/09\/ZR0010.jpg","contentUrl":"https:\/\/meprolim.es\/wp-content\/uploads\/2025\/09\/ZR0010.jpg","width":768,"height":768},{"@type":"BreadcrumbList","@id":"https:\/\/meprolim.es\/producto\/maquinaria-de-limpieza\/desinfeccion-integral\/maquina-desinfeccion-foamtec-15\/#breadcrumb","itemListElement":[{"@type":"ListItem","position":1,"name":"Portada","item":"https:\/\/meprolim.es\/fr\/"},{"@type":"ListItem","position":2,"name":"Catalogue","item":"https:\/\/meprolim.es\/fr\/catalogue\/"},{"@type":"ListItem","position":3,"name":"MAQUINA DESINFECCION FOAMTEC 15 &#8211; C\u00d3DIGO: ZR0010"}]},{"@type":"WebSite","@id":"https:\/\/meprolim.es\/fr\/#website","url":"https:\/\/meprolim.es\/fr\/","name":"Meprolim","description":"Cavas Catalanas S.L.","publisher":{"@id":"https:\/\/meprolim.es\/fr\/#organization"},"potentialAction":[{"@type":"SearchAction","target":{"@type":"EntryPoint","urlTemplate":"https:\/\/meprolim.es\/fr\/?s={search_term_string}"},"query-input":{"@type":"PropertyValueSpecification","valueRequired":true,"valueName":"search_term_string"}}],"inLanguage":"fr-FR"},{"@type":"Organization","@id":"https:\/\/meprolim.es\/fr\/#organization","name":"Meprolim","url":"https:\/\/meprolim.es\/fr\/","logo":{"@type":"ImageObject","inLanguage":"fr-FR","@id":"https:\/\/meprolim.es\/fr\/#\/schema\/logo\/image\/","url":"https:\/\/meprolim.es\/wp-content\/uploads\/2019\/07\/cropped-logo2.png","contentUrl":"https:\/\/meprolim.es\/wp-content\/uploads\/2019\/07\/cropped-logo2.png","width":401,"height":162,"caption":"Meprolim"},"image":{"@id":"https:\/\/meprolim.es\/fr\/#\/schema\/logo\/image\/"}}]}},"_links":{"self":[{"href":"https:\/\/meprolim.es\/fr\/wp-json\/wp\/v2\/product\/32807","targetHints":{"allow":["GET"]}}],"collection":[{"href":"https:\/\/meprolim.es\/fr\/wp-json\/wp\/v2\/product"}],"about":[{"href":"https:\/\/meprolim.es\/fr\/wp-json\/wp\/v2\/types\/product"}],"wp:featuredmedia":[{"embeddable":true,"href":"https:\/\/meprolim.es\/fr\/wp-json\/wp\/v2\/media\/32808"}],"wp:attachment":[{"href":"https:\/\/meprolim.es\/fr\/wp-json\/wp\/v2\/media?parent=32807"}],"wp:term":[{"taxonomy":"product_brand","embeddable":true,"href":"https:\/\/meprolim.es\/fr\/wp-json\/wp\/v2\/product_brand?post=32807"},{"taxonomy":"product_cat","embeddable":true,"href":"https:\/\/meprolim.es\/fr\/wp-json\/wp\/v2\/product_cat?post=32807"},{"taxonomy":"product_tag","embeddable":true,"href":"https:\/\/meprolim.es\/fr\/wp-json\/wp\/v2\/product_tag?post=32807"}],"curies":[{"name":"wp","href":"https:\/\/api.w.org\/{rel}","templated":true}]}}