{"id":5324,"date":"2019-08-05T15:47:46","date_gmt":"2019-08-05T14:47:46","guid":{"rendered":"http:\/\/www.meprolim.es\/?post_type=product&#038;p=5324"},"modified":"2020-03-20T13:22:29","modified_gmt":"2020-03-20T13:22:29","slug":"fregadora-electrica-l20e","status":"publish","type":"product","link":"https:\/\/meprolim.es\/fr\/producto\/maquinaria-de-limpieza\/fregadoras-fr\/conductor-a-pie-fr\/electricas-fr\/fregadora-electrica-l20e\/","title":{"rendered":"FREGADORA EL\u00c9CTRICA L20E &#8211; C\u00d3DIGO: ZB1033"},"content":{"rendered":"<div class=\"wpb-content-wrapper\"><p>[vc_row][vc_column][vc_column_text]<\/p>\n<p style=\"text-align: justify;\">L20 es una fregadora de pavimentos que, empleando la acci\u00f3n mec\u00e1nica de uno o varios cepillos planos o cil\u00edndricos, seg\u00fan la versi\u00f3n elegida, y la acci\u00f3n qu\u00edmica de una soluci\u00f3n de agua y detergente, puede limpiar un amplia gama de pisos y tipos de suciedad, recogiendo durante su movimiento de avance la suciedad removida y el detergente no absorbido por el piso.<\/p>\n<p>[\/vc_column_text][\/vc_column][\/vc_row]<\/p>\n<\/div>","protected":false},"excerpt":{"rendered":"<ul>\n<li>Adecuada para la limpieza de mantenimiento de superficies de hasta 1.400m\u00b2.<\/li>\n<li>La electro-v\u00e1lcula interrumpe autom\u00e1ticamente la salida del agua cuando no est\u00e1 en uso.<\/li>\n<li>Destacamos: Potencia, capacidad del dep\u00f3sito de agua, insonorizaci\u00f3n y simplicidad.<\/li>\n<li>Boquilla de aspiraci\u00f3n de 680 mm de ancho de material pl\u00e1stico resistente a la corrosi\u00f3n<\/li>\n<li>Mantenimiento simple y sin esfuerzo. Con cepillo PPL 0,6 de 510 mm.\u00a0<\/li>\n<\/ul>\n<p><strong>SKU<\/strong>: ZB1033<\/p>\n","protected":false},"featured_media":5325,"template":"","meta":[],"product_brand":[],"product_cat":[2582,2623,2581,2580],"product_tag":[251,252,254,257],"class_list":{"0":"post-5324","1":"product","2":"type-product","3":"status-publish","4":"has-post-thumbnail","6":"product_cat-conductor-a-pie","7":"product_cat-electricas","8":"product_cat-fregadoras","9":"product_cat-maquinaria-de-limpieza","10":"product_tag-fregadoras","11":"product_tag-maquinaria-de-limpieza","12":"product_tag-maquinaria-electrica","13":"product_tag-operario-a-pie","15":"first","16":"instock","17":"shipping-taxable","18":"product-type-simple"},"yoast_head":"<!-- This site is optimized with the Yoast SEO plugin v27.3 - https:\/\/yoast.com\/product\/yoast-seo-wordpress\/ -->\n<title>FREGADORA EL\u00c9CTRICA L20E - C\u00d3DIGO: ZB1033 - Meprolim<\/title>\n<meta name=\"robots\" content=\"index, follow, max-snippet:-1, max-image-preview:large, max-video-preview:-1\" \/>\n<link rel=\"canonical\" href=\"https:\/\/meprolim.es\/producto\/maquinaria-de-limpieza\/fregadoras\/conductor-a-pie\/electricas\/fregadora-electrica-l20e\/\" \/>\n<meta property=\"og:locale\" content=\"fr_FR\" \/>\n<meta property=\"og:type\" content=\"article\" \/>\n<meta property=\"og:title\" content=\"FREGADORA EL\u00c9CTRICA L20E - C\u00d3DIGO: ZB1033 - Meprolim\" \/>\n<meta property=\"og:description\" content=\"Adecuada para la limpieza de mantenimiento de superficies de hasta 1.400m\u00b2.  La electro-v\u00e1lcula interrumpe autom\u00e1ticamente la salida del agua cuando no est\u00e1 en uso.  Destacamos: Potencia, capacidad del dep\u00f3sito de agua, insonorizaci\u00f3n y simplicidad.  Boquilla de aspiraci\u00f3n de 680 mm de ancho de material pl\u00e1stico resistente a la corrosi\u00f3n  Mantenimiento simple y sin esfuerzo. Con cepillo PPL 0,6 de 510 mm.\u00a0  SKU: ZB1033\" \/>\n<meta property=\"og:url\" content=\"https:\/\/meprolim.es\/producto\/maquinaria-de-limpieza\/fregadoras\/conductor-a-pie\/electricas\/fregadora-electrica-l20e\/\" \/>\n<meta property=\"og:site_name\" content=\"Meprolim\" \/>\n<meta property=\"article:modified_time\" content=\"2020-03-20T13:22:29+00:00\" \/>\n<meta property=\"og:image\" content=\"https:\/\/meprolim.es\/wp-content\/uploads\/2019\/08\/ZB1033.jpg\" \/>\n\t<meta property=\"og:image:width\" content=\"768\" \/>\n\t<meta property=\"og:image:height\" content=\"834\" \/>\n\t<meta property=\"og:image:type\" content=\"image\/jpeg\" \/>\n<meta name=\"twitter:card\" content=\"summary_large_image\" \/>\n<script type=\"application\/ld+json\" class=\"yoast-schema-graph\">{\"@context\":\"https:\\\/\\\/schema.org\",\"@graph\":[{\"@type\":\"WebPage\",\"@id\":\"https:\\\/\\\/meprolim.es\\\/producto\\\/maquinaria-de-limpieza\\\/fregadoras\\\/conductor-a-pie\\\/electricas\\\/fregadora-electrica-l20e\\\/\",\"url\":\"https:\\\/\\\/meprolim.es\\\/producto\\\/maquinaria-de-limpieza\\\/fregadoras\\\/conductor-a-pie\\\/electricas\\\/fregadora-electrica-l20e\\\/\",\"name\":\"FREGADORA EL\u00c9CTRICA L20E - C\u00d3DIGO: ZB1033 - Meprolim\",\"isPartOf\":{\"@id\":\"https:\\\/\\\/meprolim.es\\\/fr\\\/#website\"},\"primaryImageOfPage\":{\"@id\":\"https:\\\/\\\/meprolim.es\\\/producto\\\/maquinaria-de-limpieza\\\/fregadoras\\\/conductor-a-pie\\\/electricas\\\/fregadora-electrica-l20e\\\/#primaryimage\"},\"image\":{\"@id\":\"https:\\\/\\\/meprolim.es\\\/producto\\\/maquinaria-de-limpieza\\\/fregadoras\\\/conductor-a-pie\\\/electricas\\\/fregadora-electrica-l20e\\\/#primaryimage\"},\"thumbnailUrl\":\"https:\\\/\\\/meprolim.es\\\/wp-content\\\/uploads\\\/2019\\\/08\\\/ZB1033.jpg\",\"datePublished\":\"2019-08-05T14:47:46+00:00\",\"dateModified\":\"2020-03-20T13:22:29+00:00\",\"breadcrumb\":{\"@id\":\"https:\\\/\\\/meprolim.es\\\/producto\\\/maquinaria-de-limpieza\\\/fregadoras\\\/conductor-a-pie\\\/electricas\\\/fregadora-electrica-l20e\\\/#breadcrumb\"},\"inLanguage\":\"fr-FR\",\"potentialAction\":[{\"@type\":\"ReadAction\",\"target\":[\"https:\\\/\\\/meprolim.es\\\/producto\\\/maquinaria-de-limpieza\\\/fregadoras\\\/conductor-a-pie\\\/electricas\\\/fregadora-electrica-l20e\\\/\"]}]},{\"@type\":\"ImageObject\",\"inLanguage\":\"fr-FR\",\"@id\":\"https:\\\/\\\/meprolim.es\\\/producto\\\/maquinaria-de-limpieza\\\/fregadoras\\\/conductor-a-pie\\\/electricas\\\/fregadora-electrica-l20e\\\/#primaryimage\",\"url\":\"https:\\\/\\\/meprolim.es\\\/wp-content\\\/uploads\\\/2019\\\/08\\\/ZB1033.jpg\",\"contentUrl\":\"https:\\\/\\\/meprolim.es\\\/wp-content\\\/uploads\\\/2019\\\/08\\\/ZB1033.jpg\",\"width\":768,\"height\":834,\"caption\":\"Bimat Solid\"},{\"@type\":\"BreadcrumbList\",\"@id\":\"https:\\\/\\\/meprolim.es\\\/producto\\\/maquinaria-de-limpieza\\\/fregadoras\\\/conductor-a-pie\\\/electricas\\\/fregadora-electrica-l20e\\\/#breadcrumb\",\"itemListElement\":[{\"@type\":\"ListItem\",\"position\":1,\"name\":\"Portada\",\"item\":\"https:\\\/\\\/meprolim.es\\\/fr\\\/\"},{\"@type\":\"ListItem\",\"position\":2,\"name\":\"Catalogue\",\"item\":\"https:\\\/\\\/meprolim.es\\\/fr\\\/catalogue\\\/\"},{\"@type\":\"ListItem\",\"position\":3,\"name\":\"FREGADORA EL\u00c9CTRICA L20E &#8211; C\u00d3DIGO: ZB1033\"}]},{\"@type\":\"WebSite\",\"@id\":\"https:\\\/\\\/meprolim.es\\\/fr\\\/#website\",\"url\":\"https:\\\/\\\/meprolim.es\\\/fr\\\/\",\"name\":\"Meprolim\",\"description\":\"Cavas Catalanas S.L.\",\"publisher\":{\"@id\":\"https:\\\/\\\/meprolim.es\\\/fr\\\/#organization\"},\"potentialAction\":[{\"@type\":\"SearchAction\",\"target\":{\"@type\":\"EntryPoint\",\"urlTemplate\":\"https:\\\/\\\/meprolim.es\\\/fr\\\/?s={search_term_string}\"},\"query-input\":{\"@type\":\"PropertyValueSpecification\",\"valueRequired\":true,\"valueName\":\"search_term_string\"}}],\"inLanguage\":\"fr-FR\"},{\"@type\":\"Organization\",\"@id\":\"https:\\\/\\\/meprolim.es\\\/fr\\\/#organization\",\"name\":\"Meprolim\",\"url\":\"https:\\\/\\\/meprolim.es\\\/fr\\\/\",\"logo\":{\"@type\":\"ImageObject\",\"inLanguage\":\"fr-FR\",\"@id\":\"https:\\\/\\\/meprolim.es\\\/fr\\\/#\\\/schema\\\/logo\\\/image\\\/\",\"url\":\"https:\\\/\\\/meprolim.es\\\/wp-content\\\/uploads\\\/2019\\\/07\\\/cropped-logo2.png\",\"contentUrl\":\"https:\\\/\\\/meprolim.es\\\/wp-content\\\/uploads\\\/2019\\\/07\\\/cropped-logo2.png\",\"width\":401,\"height\":162,\"caption\":\"Meprolim\"},\"image\":{\"@id\":\"https:\\\/\\\/meprolim.es\\\/fr\\\/#\\\/schema\\\/logo\\\/image\\\/\"}}]}<\/script>\n<!-- \/ Yoast SEO plugin. -->","yoast_head_json":{"title":"FREGADORA EL\u00c9CTRICA L20E - C\u00d3DIGO: ZB1033 - Meprolim","robots":{"index":"index","follow":"follow","max-snippet":"max-snippet:-1","max-image-preview":"max-image-preview:large","max-video-preview":"max-video-preview:-1"},"canonical":"https:\/\/meprolim.es\/producto\/maquinaria-de-limpieza\/fregadoras\/conductor-a-pie\/electricas\/fregadora-electrica-l20e\/","og_locale":"fr_FR","og_type":"article","og_title":"FREGADORA EL\u00c9CTRICA L20E - C\u00d3DIGO: ZB1033 - Meprolim","og_description":"Adecuada para la limpieza de mantenimiento de superficies de hasta 1.400m\u00b2.  La electro-v\u00e1lcula interrumpe autom\u00e1ticamente la salida del agua cuando no est\u00e1 en uso.  Destacamos: Potencia, capacidad del dep\u00f3sito de agua, insonorizaci\u00f3n y simplicidad.  Boquilla de aspiraci\u00f3n de 680 mm de ancho de material pl\u00e1stico resistente a la corrosi\u00f3n  Mantenimiento simple y sin esfuerzo. Con cepillo PPL 0,6 de 510 mm.\u00a0  SKU: ZB1033","og_url":"https:\/\/meprolim.es\/producto\/maquinaria-de-limpieza\/fregadoras\/conductor-a-pie\/electricas\/fregadora-electrica-l20e\/","og_site_name":"Meprolim","article_modified_time":"2020-03-20T13:22:29+00:00","og_image":[{"width":768,"height":834,"url":"https:\/\/meprolim.es\/wp-content\/uploads\/2019\/08\/ZB1033.jpg","type":"image\/jpeg"}],"twitter_card":"summary_large_image","schema":{"@context":"https:\/\/schema.org","@graph":[{"@type":"WebPage","@id":"https:\/\/meprolim.es\/producto\/maquinaria-de-limpieza\/fregadoras\/conductor-a-pie\/electricas\/fregadora-electrica-l20e\/","url":"https:\/\/meprolim.es\/producto\/maquinaria-de-limpieza\/fregadoras\/conductor-a-pie\/electricas\/fregadora-electrica-l20e\/","name":"FREGADORA EL\u00c9CTRICA L20E - C\u00d3DIGO: ZB1033 - Meprolim","isPartOf":{"@id":"https:\/\/meprolim.es\/fr\/#website"},"primaryImageOfPage":{"@id":"https:\/\/meprolim.es\/producto\/maquinaria-de-limpieza\/fregadoras\/conductor-a-pie\/electricas\/fregadora-electrica-l20e\/#primaryimage"},"image":{"@id":"https:\/\/meprolim.es\/producto\/maquinaria-de-limpieza\/fregadoras\/conductor-a-pie\/electricas\/fregadora-electrica-l20e\/#primaryimage"},"thumbnailUrl":"https:\/\/meprolim.es\/wp-content\/uploads\/2019\/08\/ZB1033.jpg","datePublished":"2019-08-05T14:47:46+00:00","dateModified":"2020-03-20T13:22:29+00:00","breadcrumb":{"@id":"https:\/\/meprolim.es\/producto\/maquinaria-de-limpieza\/fregadoras\/conductor-a-pie\/electricas\/fregadora-electrica-l20e\/#breadcrumb"},"inLanguage":"fr-FR","potentialAction":[{"@type":"ReadAction","target":["https:\/\/meprolim.es\/producto\/maquinaria-de-limpieza\/fregadoras\/conductor-a-pie\/electricas\/fregadora-electrica-l20e\/"]}]},{"@type":"ImageObject","inLanguage":"fr-FR","@id":"https:\/\/meprolim.es\/producto\/maquinaria-de-limpieza\/fregadoras\/conductor-a-pie\/electricas\/fregadora-electrica-l20e\/#primaryimage","url":"https:\/\/meprolim.es\/wp-content\/uploads\/2019\/08\/ZB1033.jpg","contentUrl":"https:\/\/meprolim.es\/wp-content\/uploads\/2019\/08\/ZB1033.jpg","width":768,"height":834,"caption":"Bimat Solid"},{"@type":"BreadcrumbList","@id":"https:\/\/meprolim.es\/producto\/maquinaria-de-limpieza\/fregadoras\/conductor-a-pie\/electricas\/fregadora-electrica-l20e\/#breadcrumb","itemListElement":[{"@type":"ListItem","position":1,"name":"Portada","item":"https:\/\/meprolim.es\/fr\/"},{"@type":"ListItem","position":2,"name":"Catalogue","item":"https:\/\/meprolim.es\/fr\/catalogue\/"},{"@type":"ListItem","position":3,"name":"FREGADORA EL\u00c9CTRICA L20E &#8211; C\u00d3DIGO: ZB1033"}]},{"@type":"WebSite","@id":"https:\/\/meprolim.es\/fr\/#website","url":"https:\/\/meprolim.es\/fr\/","name":"Meprolim","description":"Cavas Catalanas S.L.","publisher":{"@id":"https:\/\/meprolim.es\/fr\/#organization"},"potentialAction":[{"@type":"SearchAction","target":{"@type":"EntryPoint","urlTemplate":"https:\/\/meprolim.es\/fr\/?s={search_term_string}"},"query-input":{"@type":"PropertyValueSpecification","valueRequired":true,"valueName":"search_term_string"}}],"inLanguage":"fr-FR"},{"@type":"Organization","@id":"https:\/\/meprolim.es\/fr\/#organization","name":"Meprolim","url":"https:\/\/meprolim.es\/fr\/","logo":{"@type":"ImageObject","inLanguage":"fr-FR","@id":"https:\/\/meprolim.es\/fr\/#\/schema\/logo\/image\/","url":"https:\/\/meprolim.es\/wp-content\/uploads\/2019\/07\/cropped-logo2.png","contentUrl":"https:\/\/meprolim.es\/wp-content\/uploads\/2019\/07\/cropped-logo2.png","width":401,"height":162,"caption":"Meprolim"},"image":{"@id":"https:\/\/meprolim.es\/fr\/#\/schema\/logo\/image\/"}}]}},"_links":{"self":[{"href":"https:\/\/meprolim.es\/fr\/wp-json\/wp\/v2\/product\/5324","targetHints":{"allow":["GET"]}}],"collection":[{"href":"https:\/\/meprolim.es\/fr\/wp-json\/wp\/v2\/product"}],"about":[{"href":"https:\/\/meprolim.es\/fr\/wp-json\/wp\/v2\/types\/product"}],"wp:featuredmedia":[{"embeddable":true,"href":"https:\/\/meprolim.es\/fr\/wp-json\/wp\/v2\/media\/5325"}],"wp:attachment":[{"href":"https:\/\/meprolim.es\/fr\/wp-json\/wp\/v2\/media?parent=5324"}],"wp:term":[{"taxonomy":"product_brand","embeddable":true,"href":"https:\/\/meprolim.es\/fr\/wp-json\/wp\/v2\/product_brand?post=5324"},{"taxonomy":"product_cat","embeddable":true,"href":"https:\/\/meprolim.es\/fr\/wp-json\/wp\/v2\/product_cat?post=5324"},{"taxonomy":"product_tag","embeddable":true,"href":"https:\/\/meprolim.es\/fr\/wp-json\/wp\/v2\/product_tag?post=5324"}],"curies":[{"name":"wp","href":"https:\/\/api.w.org\/{rel}","templated":true}]}}