{"id":5335,"date":"2019-08-06T09:38:03","date_gmt":"2019-08-06T08:38:03","guid":{"rendered":"http:\/\/www.meprolim.es\/?post_type=product&#038;p=5335"},"modified":"2020-03-20T13:41:43","modified_gmt":"2020-03-20T13:41:43","slug":"fregadora-mmx-50bt","status":"publish","type":"product","link":"https:\/\/meprolim.es\/fr\/producto\/maquinaria-de-limpieza\/fregadoras-fr\/conductor-a-pie-fr\/baterias-fr\/fregadora-mmx-50bt\/","title":{"rendered":"FREGADORA MMX 50BT &#8211; C\u00d3DIGO: ZD0025"},"content":{"rendered":"<div class=\"wpb-content-wrapper\"><p>[vc_row][vc_column][vc_column_text]<\/p>\n<p style=\"text-align: justify;\">MMx es una fregadora de pavimentos que, empleando la acci\u00f3n mec\u00e1nica de uno o dos cepillos circulares y la acci\u00f3n qu\u00edmica de una soluci\u00f3n de agua y detergente, est\u00e1 en condiciones de limpiar una amplia gama de pavimentos y tipos de suciedad, recogiendo durante su movimiento de avance la suciedad removida y la soluci\u00f3n detergente no absorbida por el pavimento.<\/p>\n<p style=\"text-align: justify;\">Adecuada para la limpieza de mantenimiento de superficies superiores a los 1000 m2.<\/p>\n<p style=\"text-align: justify;\">El cabezal de lavado y el soporte de la boquilla de aspiraci\u00f3n son de aluminio, lo que los hace robustos y resistentes a los golpes. Adem\u00e1s, han sido especialmente tratados para ser anticorrosi\u00f3n. De esta manera MMx50 B\/Bt se puede utilizar tambi\u00e9n en ambientes como piscinas o queser\u00edas, ofreciendo elevadas prestaciones y productividad.<\/p>\n<p style=\"text-align: justify;\">La versi\u00f3n MMx50 Bt tiene un motor cepillos potente que aumenta la capacidad de lavado y, gracias al nuevo sistema de control de la tracci\u00f3n, puede superar rampas de hasta el 18%.<\/p>\n<p>[\/vc_column_text][\/vc_column][\/vc_row]<\/p>\n<\/div>","protected":false},"excerpt":{"rendered":"<ul>\n<li>Fregadora de pavimentos para clientes que requieren productividad con bajos costes.\u00a0<\/li>\n<li>Silenciosa, m\u00e1xima autonom\u00eda, m\u00e1xima econom\u00eda.\u00a0<\/li>\n<li>Con dispositivo EcoMode que permite trabajar ahorrando recursos.\u00a0<\/li>\n<li>Ideal para limpieza diaria en supermercados, comedores, gimnasios, centros sanitarios, etc.\u00a0<\/li>\n<li>Chasis de aluminio, tratado para resistir la corrosi\u00f3n, totalmente protegido.\u00a0<\/li>\n<li>Soporte de boquilla de aspiraci\u00f3n con nuevo dise\u00f1o para una mayor maniobrabilidad evitando posibles obst\u00e1culos.\u00a0<\/li>\n<li>Ofrece un perfecto secado incluso en curvas.<\/li>\n<li>Cargador de bater\u00edas incorporado.\u00a0<\/li>\n<\/ul>\n<p><strong>SKU<\/strong>: ZD0025<\/p>\n","protected":false},"featured_media":5336,"template":"","meta":[],"product_brand":[],"product_cat":[2622,2582,2581,2580],"product_tag":[251,255,252,257],"class_list":{"0":"post-5335","1":"product","2":"type-product","3":"status-publish","4":"has-post-thumbnail","6":"product_cat-baterias-2","7":"product_cat-conductor-a-pie","8":"product_cat-fregadoras","9":"product_cat-maquinaria-de-limpieza","10":"product_tag-fregadoras","11":"product_tag-maquinaria-de-baterias","12":"product_tag-maquinaria-de-limpieza","13":"product_tag-operario-a-pie","15":"first","16":"instock","17":"shipping-taxable","18":"product-type-simple"},"yoast_head":"<!-- This site is optimized with the Yoast SEO plugin v27.3 - https:\/\/yoast.com\/product\/yoast-seo-wordpress\/ -->\n<title>FREGADORA MMX 50BT - C\u00d3DIGO: ZD0025 - Meprolim<\/title>\n<meta name=\"robots\" content=\"index, follow, max-snippet:-1, max-image-preview:large, max-video-preview:-1\" \/>\n<link rel=\"canonical\" href=\"https:\/\/meprolim.es\/en\/producto\/maquinaria-de-limpieza\/fregadoras\/conductor-a-pie\/baterias-2\/fregadora-mmx-50bt\/\" \/>\n<meta property=\"og:locale\" content=\"fr_FR\" \/>\n<meta property=\"og:type\" content=\"article\" \/>\n<meta property=\"og:title\" content=\"FREGADORA MMX 50BT - C\u00d3DIGO: ZD0025 - Meprolim\" \/>\n<meta property=\"og:description\" content=\"Fregadora de pavimentos para clientes que requieren productividad con bajos costes.\u00a0  Silenciosa, m\u00e1xima autonom\u00eda, m\u00e1xima econom\u00eda.\u00a0  Con dispositivo EcoMode que permite trabajar ahorrando recursos.\u00a0  Ideal para limpieza diaria en supermercados, comedores, gimnasios, centros sanitarios, etc.\u00a0  Chasis de aluminio, tratado para resistir la corrosi\u00f3n, totalmente protegido.\u00a0  Soporte de boquilla de aspiraci\u00f3n con nuevo dise\u00f1o para una mayor maniobrabilidad evitando posibles obst\u00e1culos.\u00a0  Ofrece un perfecto secado incluso en curvas.  Cargador de bater\u00edas incorporado.\u00a0  SKU: ZD0025\" \/>\n<meta property=\"og:url\" content=\"https:\/\/meprolim.es\/en\/producto\/maquinaria-de-limpieza\/fregadoras\/conductor-a-pie\/baterias-2\/fregadora-mmx-50bt\/\" \/>\n<meta property=\"og:site_name\" content=\"Meprolim\" \/>\n<meta property=\"article:modified_time\" content=\"2020-03-20T13:41:43+00:00\" \/>\n<meta property=\"og:image\" content=\"https:\/\/meprolim.es\/wp-content\/uploads\/2019\/08\/ZD0025.jpg\" \/>\n\t<meta property=\"og:image:width\" content=\"768\" \/>\n\t<meta property=\"og:image:height\" content=\"834\" \/>\n\t<meta property=\"og:image:type\" content=\"image\/jpeg\" \/>\n<meta name=\"twitter:card\" content=\"summary_large_image\" \/>\n<meta name=\"twitter:label1\" content=\"Dur\u00e9e de lecture estim\u00e9e\" \/>\n\t<meta name=\"twitter:data1\" content=\"1 minute\" \/>\n<script type=\"application\/ld+json\" class=\"yoast-schema-graph\">{\"@context\":\"https:\\\/\\\/schema.org\",\"@graph\":[{\"@type\":\"WebPage\",\"@id\":\"https:\\\/\\\/meprolim.es\\\/en\\\/producto\\\/maquinaria-de-limpieza\\\/fregadoras\\\/conductor-a-pie\\\/baterias-2\\\/fregadora-mmx-50bt\\\/\",\"url\":\"https:\\\/\\\/meprolim.es\\\/en\\\/producto\\\/maquinaria-de-limpieza\\\/fregadoras\\\/conductor-a-pie\\\/baterias-2\\\/fregadora-mmx-50bt\\\/\",\"name\":\"FREGADORA MMX 50BT - C\u00d3DIGO: ZD0025 - Meprolim\",\"isPartOf\":{\"@id\":\"https:\\\/\\\/meprolim.es\\\/fr\\\/#website\"},\"primaryImageOfPage\":{\"@id\":\"https:\\\/\\\/meprolim.es\\\/en\\\/producto\\\/maquinaria-de-limpieza\\\/fregadoras\\\/conductor-a-pie\\\/baterias-2\\\/fregadora-mmx-50bt\\\/#primaryimage\"},\"image\":{\"@id\":\"https:\\\/\\\/meprolim.es\\\/en\\\/producto\\\/maquinaria-de-limpieza\\\/fregadoras\\\/conductor-a-pie\\\/baterias-2\\\/fregadora-mmx-50bt\\\/#primaryimage\"},\"thumbnailUrl\":\"https:\\\/\\\/meprolim.es\\\/wp-content\\\/uploads\\\/2019\\\/08\\\/ZD0025.jpg\",\"datePublished\":\"2019-08-06T08:38:03+00:00\",\"dateModified\":\"2020-03-20T13:41:43+00:00\",\"breadcrumb\":{\"@id\":\"https:\\\/\\\/meprolim.es\\\/en\\\/producto\\\/maquinaria-de-limpieza\\\/fregadoras\\\/conductor-a-pie\\\/baterias-2\\\/fregadora-mmx-50bt\\\/#breadcrumb\"},\"inLanguage\":\"fr-FR\",\"potentialAction\":[{\"@type\":\"ReadAction\",\"target\":[\"https:\\\/\\\/meprolim.es\\\/en\\\/producto\\\/maquinaria-de-limpieza\\\/fregadoras\\\/conductor-a-pie\\\/baterias-2\\\/fregadora-mmx-50bt\\\/\"]}]},{\"@type\":\"ImageObject\",\"inLanguage\":\"fr-FR\",\"@id\":\"https:\\\/\\\/meprolim.es\\\/en\\\/producto\\\/maquinaria-de-limpieza\\\/fregadoras\\\/conductor-a-pie\\\/baterias-2\\\/fregadora-mmx-50bt\\\/#primaryimage\",\"url\":\"https:\\\/\\\/meprolim.es\\\/wp-content\\\/uploads\\\/2019\\\/08\\\/ZD0025.jpg\",\"contentUrl\":\"https:\\\/\\\/meprolim.es\\\/wp-content\\\/uploads\\\/2019\\\/08\\\/ZD0025.jpg\",\"width\":768,\"height\":834,\"caption\":\"Bimat Solid\"},{\"@type\":\"BreadcrumbList\",\"@id\":\"https:\\\/\\\/meprolim.es\\\/en\\\/producto\\\/maquinaria-de-limpieza\\\/fregadoras\\\/conductor-a-pie\\\/baterias-2\\\/fregadora-mmx-50bt\\\/#breadcrumb\",\"itemListElement\":[{\"@type\":\"ListItem\",\"position\":1,\"name\":\"Portada\",\"item\":\"https:\\\/\\\/meprolim.es\\\/fr\\\/\"},{\"@type\":\"ListItem\",\"position\":2,\"name\":\"Catalogue\",\"item\":\"https:\\\/\\\/meprolim.es\\\/fr\\\/catalogue\\\/\"},{\"@type\":\"ListItem\",\"position\":3,\"name\":\"FREGADORA MMX 50BT &#8211; C\u00d3DIGO: ZD0025\"}]},{\"@type\":\"WebSite\",\"@id\":\"https:\\\/\\\/meprolim.es\\\/fr\\\/#website\",\"url\":\"https:\\\/\\\/meprolim.es\\\/fr\\\/\",\"name\":\"Meprolim\",\"description\":\"Cavas Catalanas S.L.\",\"publisher\":{\"@id\":\"https:\\\/\\\/meprolim.es\\\/fr\\\/#organization\"},\"potentialAction\":[{\"@type\":\"SearchAction\",\"target\":{\"@type\":\"EntryPoint\",\"urlTemplate\":\"https:\\\/\\\/meprolim.es\\\/fr\\\/?s={search_term_string}\"},\"query-input\":{\"@type\":\"PropertyValueSpecification\",\"valueRequired\":true,\"valueName\":\"search_term_string\"}}],\"inLanguage\":\"fr-FR\"},{\"@type\":\"Organization\",\"@id\":\"https:\\\/\\\/meprolim.es\\\/fr\\\/#organization\",\"name\":\"Meprolim\",\"url\":\"https:\\\/\\\/meprolim.es\\\/fr\\\/\",\"logo\":{\"@type\":\"ImageObject\",\"inLanguage\":\"fr-FR\",\"@id\":\"https:\\\/\\\/meprolim.es\\\/fr\\\/#\\\/schema\\\/logo\\\/image\\\/\",\"url\":\"https:\\\/\\\/meprolim.es\\\/wp-content\\\/uploads\\\/2019\\\/07\\\/cropped-logo2.png\",\"contentUrl\":\"https:\\\/\\\/meprolim.es\\\/wp-content\\\/uploads\\\/2019\\\/07\\\/cropped-logo2.png\",\"width\":401,\"height\":162,\"caption\":\"Meprolim\"},\"image\":{\"@id\":\"https:\\\/\\\/meprolim.es\\\/fr\\\/#\\\/schema\\\/logo\\\/image\\\/\"}}]}<\/script>\n<!-- \/ Yoast SEO plugin. -->","yoast_head_json":{"title":"FREGADORA MMX 50BT - C\u00d3DIGO: ZD0025 - Meprolim","robots":{"index":"index","follow":"follow","max-snippet":"max-snippet:-1","max-image-preview":"max-image-preview:large","max-video-preview":"max-video-preview:-1"},"canonical":"https:\/\/meprolim.es\/en\/producto\/maquinaria-de-limpieza\/fregadoras\/conductor-a-pie\/baterias-2\/fregadora-mmx-50bt\/","og_locale":"fr_FR","og_type":"article","og_title":"FREGADORA MMX 50BT - C\u00d3DIGO: ZD0025 - Meprolim","og_description":"Fregadora de pavimentos para clientes que requieren productividad con bajos costes.\u00a0  Silenciosa, m\u00e1xima autonom\u00eda, m\u00e1xima econom\u00eda.\u00a0  Con dispositivo EcoMode que permite trabajar ahorrando recursos.\u00a0  Ideal para limpieza diaria en supermercados, comedores, gimnasios, centros sanitarios, etc.\u00a0  Chasis de aluminio, tratado para resistir la corrosi\u00f3n, totalmente protegido.\u00a0  Soporte de boquilla de aspiraci\u00f3n con nuevo dise\u00f1o para una mayor maniobrabilidad evitando posibles obst\u00e1culos.\u00a0  Ofrece un perfecto secado incluso en curvas.  Cargador de bater\u00edas incorporado.\u00a0  SKU: ZD0025","og_url":"https:\/\/meprolim.es\/en\/producto\/maquinaria-de-limpieza\/fregadoras\/conductor-a-pie\/baterias-2\/fregadora-mmx-50bt\/","og_site_name":"Meprolim","article_modified_time":"2020-03-20T13:41:43+00:00","og_image":[{"width":768,"height":834,"url":"https:\/\/meprolim.es\/wp-content\/uploads\/2019\/08\/ZD0025.jpg","type":"image\/jpeg"}],"twitter_card":"summary_large_image","twitter_misc":{"Dur\u00e9e de lecture estim\u00e9e":"1 minute"},"schema":{"@context":"https:\/\/schema.org","@graph":[{"@type":"WebPage","@id":"https:\/\/meprolim.es\/en\/producto\/maquinaria-de-limpieza\/fregadoras\/conductor-a-pie\/baterias-2\/fregadora-mmx-50bt\/","url":"https:\/\/meprolim.es\/en\/producto\/maquinaria-de-limpieza\/fregadoras\/conductor-a-pie\/baterias-2\/fregadora-mmx-50bt\/","name":"FREGADORA MMX 50BT - C\u00d3DIGO: ZD0025 - Meprolim","isPartOf":{"@id":"https:\/\/meprolim.es\/fr\/#website"},"primaryImageOfPage":{"@id":"https:\/\/meprolim.es\/en\/producto\/maquinaria-de-limpieza\/fregadoras\/conductor-a-pie\/baterias-2\/fregadora-mmx-50bt\/#primaryimage"},"image":{"@id":"https:\/\/meprolim.es\/en\/producto\/maquinaria-de-limpieza\/fregadoras\/conductor-a-pie\/baterias-2\/fregadora-mmx-50bt\/#primaryimage"},"thumbnailUrl":"https:\/\/meprolim.es\/wp-content\/uploads\/2019\/08\/ZD0025.jpg","datePublished":"2019-08-06T08:38:03+00:00","dateModified":"2020-03-20T13:41:43+00:00","breadcrumb":{"@id":"https:\/\/meprolim.es\/en\/producto\/maquinaria-de-limpieza\/fregadoras\/conductor-a-pie\/baterias-2\/fregadora-mmx-50bt\/#breadcrumb"},"inLanguage":"fr-FR","potentialAction":[{"@type":"ReadAction","target":["https:\/\/meprolim.es\/en\/producto\/maquinaria-de-limpieza\/fregadoras\/conductor-a-pie\/baterias-2\/fregadora-mmx-50bt\/"]}]},{"@type":"ImageObject","inLanguage":"fr-FR","@id":"https:\/\/meprolim.es\/en\/producto\/maquinaria-de-limpieza\/fregadoras\/conductor-a-pie\/baterias-2\/fregadora-mmx-50bt\/#primaryimage","url":"https:\/\/meprolim.es\/wp-content\/uploads\/2019\/08\/ZD0025.jpg","contentUrl":"https:\/\/meprolim.es\/wp-content\/uploads\/2019\/08\/ZD0025.jpg","width":768,"height":834,"caption":"Bimat Solid"},{"@type":"BreadcrumbList","@id":"https:\/\/meprolim.es\/en\/producto\/maquinaria-de-limpieza\/fregadoras\/conductor-a-pie\/baterias-2\/fregadora-mmx-50bt\/#breadcrumb","itemListElement":[{"@type":"ListItem","position":1,"name":"Portada","item":"https:\/\/meprolim.es\/fr\/"},{"@type":"ListItem","position":2,"name":"Catalogue","item":"https:\/\/meprolim.es\/fr\/catalogue\/"},{"@type":"ListItem","position":3,"name":"FREGADORA MMX 50BT &#8211; C\u00d3DIGO: ZD0025"}]},{"@type":"WebSite","@id":"https:\/\/meprolim.es\/fr\/#website","url":"https:\/\/meprolim.es\/fr\/","name":"Meprolim","description":"Cavas Catalanas S.L.","publisher":{"@id":"https:\/\/meprolim.es\/fr\/#organization"},"potentialAction":[{"@type":"SearchAction","target":{"@type":"EntryPoint","urlTemplate":"https:\/\/meprolim.es\/fr\/?s={search_term_string}"},"query-input":{"@type":"PropertyValueSpecification","valueRequired":true,"valueName":"search_term_string"}}],"inLanguage":"fr-FR"},{"@type":"Organization","@id":"https:\/\/meprolim.es\/fr\/#organization","name":"Meprolim","url":"https:\/\/meprolim.es\/fr\/","logo":{"@type":"ImageObject","inLanguage":"fr-FR","@id":"https:\/\/meprolim.es\/fr\/#\/schema\/logo\/image\/","url":"https:\/\/meprolim.es\/wp-content\/uploads\/2019\/07\/cropped-logo2.png","contentUrl":"https:\/\/meprolim.es\/wp-content\/uploads\/2019\/07\/cropped-logo2.png","width":401,"height":162,"caption":"Meprolim"},"image":{"@id":"https:\/\/meprolim.es\/fr\/#\/schema\/logo\/image\/"}}]}},"_links":{"self":[{"href":"https:\/\/meprolim.es\/fr\/wp-json\/wp\/v2\/product\/5335","targetHints":{"allow":["GET"]}}],"collection":[{"href":"https:\/\/meprolim.es\/fr\/wp-json\/wp\/v2\/product"}],"about":[{"href":"https:\/\/meprolim.es\/fr\/wp-json\/wp\/v2\/types\/product"}],"wp:featuredmedia":[{"embeddable":true,"href":"https:\/\/meprolim.es\/fr\/wp-json\/wp\/v2\/media\/5336"}],"wp:attachment":[{"href":"https:\/\/meprolim.es\/fr\/wp-json\/wp\/v2\/media?parent=5335"}],"wp:term":[{"taxonomy":"product_brand","embeddable":true,"href":"https:\/\/meprolim.es\/fr\/wp-json\/wp\/v2\/product_brand?post=5335"},{"taxonomy":"product_cat","embeddable":true,"href":"https:\/\/meprolim.es\/fr\/wp-json\/wp\/v2\/product_cat?post=5335"},{"taxonomy":"product_tag","embeddable":true,"href":"https:\/\/meprolim.es\/fr\/wp-json\/wp\/v2\/product_tag?post=5335"}],"curies":[{"name":"wp","href":"https:\/\/api.w.org\/{rel}","templated":true}]}}