{"id":5407,"date":"2019-08-08T18:39:36","date_gmt":"2019-08-08T17:39:36","guid":{"rendered":"http:\/\/www.meprolim.es\/?post_type=product&#038;p=5407"},"modified":"2020-03-20T17:15:40","modified_gmt":"2020-03-20T17:15:40","slug":"barredora-fimap-fsr-hybrid","status":"publish","type":"product","link":"https:\/\/meprolim.es\/fr\/producto\/maquinaria-de-limpieza\/barredoras-fr\/conductor-sentado-fr-2\/barredora-fimap-fsr-hybrid\/","title":{"rendered":"BARREDORA FIMAP FSR HYBRID &#8211; C\u00d3DIGO: ZD0024"},"content":{"rendered":"<div class=\"wpb-content-wrapper\"><p>[vc_row][vc_column][vc_column_text]<\/p>\n<p style=\"text-align: justify;\">FSR HYBRID.<\/p>\n<p style=\"text-align: justify;\">El sistema Hybrid que utiliza FSR combina un motor de gasolina con alimentaci\u00f3n de bater\u00edas de baja resistencia, que, juntos, permiten trabajar ininterrumpidamente durante 7,5 horas \u00a1con solo 3,5 litros de carburante! Mientras FSR utiliza el motor de gasolina, las bater\u00edas se recargan: de esta manera se puede pasar de la alimentaci\u00f3n de gasolina a la el\u00e9ctrica, s\u00f3lo girando la llave \u00a1para trabajar de manera silenciosa, ecol\u00f3gica y econ\u00f3mica!<\/p>\n<p style=\"text-align: justify;\">Gracias al sistema de alimentaci\u00f3n combinada Hybrid se puede utilizar FSR tanto en el exterior como en el interior, escogiendo la alimentaci\u00f3n de gasolina para los espacios externos y privilegiando el bajo nivel de ruido y la ausencia de emisiones del motor el\u00e9ctrico en los espacios internos.<\/p>\n<p>[\/vc_column_text][\/vc_column][\/vc_row]<\/p>\n<\/div>","protected":false},"excerpt":{"rendered":"<p>El sistema Hybrid combina un motor de gasolina con alimentaci\u00f3n de bater\u00edas, que, juntos, permiten trabajar ininterrumpidamente durante 7,5 horas \u00a1con solo 2,5 l de carburante! Mientras utiliza el motor de gasolina, las bater\u00edas se recargan. Se puede pasar de la alimentaci\u00f3n de gasolina a la el\u00e9ctrica, s\u00f3lo girando la llave \u00a1para trabajar de manera silenciosa, ecol\u00f3gica y econ\u00f3mica!<\/p>\n<ul>\n<li>Alimentaci\u00f3n sistema Hybrid: motor endot\u00e9rmico y bater\u00edas.<\/li>\n<li>La alimentaci\u00f3n de bater\u00eda es ideal para los espacio externos y se puede usar con motor el\u00e9ctrico en los espacios internos y as\u00ed disfrutar de su bajo nivel de ruido y la ausencia de emisiones.<\/li>\n<li>Consola de conducci\u00f3n electr\u00f3nica con diagn\u00f3stico.<\/li>\n<li>Tecnolog\u00eda Star-Stop con ahorro de hasta el 45% de energ\u00eda.<\/li>\n<li>Larga vida de sus componentes y bajo coste de mantenimiento.<\/li>\n<li>Ruedas neum\u00e1ticas.<\/li>\n<li>Funda protectora.<\/li>\n<\/ul>\n<p><strong>SKU: ZD0024<\/strong><\/p>\n","protected":false},"featured_media":5408,"template":"","meta":[],"product_brand":[],"product_cat":[2585,2588,2580],"product_tag":[259,266,252,256],"class_list":{"0":"post-5407","1":"product","2":"type-product","3":"status-publish","4":"has-post-thumbnail","6":"product_cat-barredoras","7":"product_cat-conductor-sentado-2","8":"product_cat-maquinaria-de-limpieza","9":"product_tag-barredora","10":"product_tag-barredora-hibrida","11":"product_tag-maquinaria-de-limpieza","12":"product_tag-operador-a-bordo","14":"first","15":"instock","16":"shipping-taxable","17":"product-type-simple"},"yoast_head":"<!-- This site is optimized with the Yoast SEO plugin v27.3 - https:\/\/yoast.com\/product\/yoast-seo-wordpress\/ -->\n<title>BARREDORA FIMAP FSR HYBRID - C\u00d3DIGO: ZD0024 - Meprolim<\/title>\n<meta name=\"robots\" content=\"index, follow, max-snippet:-1, max-image-preview:large, max-video-preview:-1\" \/>\n<link rel=\"canonical\" href=\"https:\/\/meprolim.es\/en\/producto\/maquinaria-de-limpieza\/barredoras\/conductor-sentado-2\/barredora-fimap-fsr-hybrid\/\" \/>\n<meta property=\"og:locale\" content=\"fr_FR\" \/>\n<meta property=\"og:type\" content=\"article\" \/>\n<meta property=\"og:title\" content=\"BARREDORA FIMAP FSR HYBRID - C\u00d3DIGO: ZD0024 - Meprolim\" \/>\n<meta property=\"og:description\" content=\"El sistema Hybrid combina un motor de gasolina con alimentaci\u00f3n de bater\u00edas, que, juntos, permiten trabajar ininterrumpidamente durante 7,5 horas \u00a1con solo 2,5 l de carburante! Mientras utiliza el motor de gasolina, las bater\u00edas se recargan. Se puede pasar de la alimentaci\u00f3n de gasolina a la el\u00e9ctrica, s\u00f3lo girando la llave \u00a1para trabajar de manera silenciosa, ecol\u00f3gica y econ\u00f3mica!   Alimentaci\u00f3n sistema Hybrid: motor endot\u00e9rmico y bater\u00edas.  La alimentaci\u00f3n de bater\u00eda es ideal para los espacio externos y se puede usar con motor el\u00e9ctrico en los espacios internos y as\u00ed disfrutar de su bajo nivel de ruido y la ausencia de emisiones.  Consola de conducci\u00f3n electr\u00f3nica con diagn\u00f3stico.  Tecnolog\u00eda Star-Stop con ahorro de hasta el 45% de energ\u00eda.  Larga vida de sus componentes y bajo coste de mantenimiento.  Ruedas neum\u00e1ticas.  Funda protectora.  SKU: ZD0024\" \/>\n<meta property=\"og:url\" content=\"https:\/\/meprolim.es\/en\/producto\/maquinaria-de-limpieza\/barredoras\/conductor-sentado-2\/barredora-fimap-fsr-hybrid\/\" \/>\n<meta property=\"og:site_name\" content=\"Meprolim\" \/>\n<meta property=\"article:modified_time\" content=\"2020-03-20T17:15:40+00:00\" \/>\n<meta property=\"og:image\" content=\"https:\/\/meprolim.es\/wp-content\/uploads\/2019\/08\/ZD0024.jpg\" \/>\n\t<meta property=\"og:image:width\" content=\"768\" \/>\n\t<meta property=\"og:image:height\" content=\"834\" \/>\n\t<meta property=\"og:image:type\" content=\"image\/jpeg\" \/>\n<meta name=\"twitter:card\" content=\"summary_large_image\" \/>\n<meta name=\"twitter:label1\" content=\"Dur\u00e9e de lecture estim\u00e9e\" \/>\n\t<meta name=\"twitter:data1\" content=\"1 minute\" \/>\n<script type=\"application\/ld+json\" class=\"yoast-schema-graph\">{\"@context\":\"https:\\\/\\\/schema.org\",\"@graph\":[{\"@type\":\"WebPage\",\"@id\":\"https:\\\/\\\/meprolim.es\\\/en\\\/producto\\\/maquinaria-de-limpieza\\\/barredoras\\\/conductor-sentado-2\\\/barredora-fimap-fsr-hybrid\\\/\",\"url\":\"https:\\\/\\\/meprolim.es\\\/en\\\/producto\\\/maquinaria-de-limpieza\\\/barredoras\\\/conductor-sentado-2\\\/barredora-fimap-fsr-hybrid\\\/\",\"name\":\"BARREDORA FIMAP FSR HYBRID - C\u00d3DIGO: ZD0024 - Meprolim\",\"isPartOf\":{\"@id\":\"https:\\\/\\\/meprolim.es\\\/fr\\\/#website\"},\"primaryImageOfPage\":{\"@id\":\"https:\\\/\\\/meprolim.es\\\/en\\\/producto\\\/maquinaria-de-limpieza\\\/barredoras\\\/conductor-sentado-2\\\/barredora-fimap-fsr-hybrid\\\/#primaryimage\"},\"image\":{\"@id\":\"https:\\\/\\\/meprolim.es\\\/en\\\/producto\\\/maquinaria-de-limpieza\\\/barredoras\\\/conductor-sentado-2\\\/barredora-fimap-fsr-hybrid\\\/#primaryimage\"},\"thumbnailUrl\":\"https:\\\/\\\/meprolim.es\\\/wp-content\\\/uploads\\\/2019\\\/08\\\/ZD0024.jpg\",\"datePublished\":\"2019-08-08T17:39:36+00:00\",\"dateModified\":\"2020-03-20T17:15:40+00:00\",\"breadcrumb\":{\"@id\":\"https:\\\/\\\/meprolim.es\\\/en\\\/producto\\\/maquinaria-de-limpieza\\\/barredoras\\\/conductor-sentado-2\\\/barredora-fimap-fsr-hybrid\\\/#breadcrumb\"},\"inLanguage\":\"fr-FR\",\"potentialAction\":[{\"@type\":\"ReadAction\",\"target\":[\"https:\\\/\\\/meprolim.es\\\/en\\\/producto\\\/maquinaria-de-limpieza\\\/barredoras\\\/conductor-sentado-2\\\/barredora-fimap-fsr-hybrid\\\/\"]}]},{\"@type\":\"ImageObject\",\"inLanguage\":\"fr-FR\",\"@id\":\"https:\\\/\\\/meprolim.es\\\/en\\\/producto\\\/maquinaria-de-limpieza\\\/barredoras\\\/conductor-sentado-2\\\/barredora-fimap-fsr-hybrid\\\/#primaryimage\",\"url\":\"https:\\\/\\\/meprolim.es\\\/wp-content\\\/uploads\\\/2019\\\/08\\\/ZD0024.jpg\",\"contentUrl\":\"https:\\\/\\\/meprolim.es\\\/wp-content\\\/uploads\\\/2019\\\/08\\\/ZD0024.jpg\",\"width\":768,\"height\":834,\"caption\":\"Bimat Solid\"},{\"@type\":\"BreadcrumbList\",\"@id\":\"https:\\\/\\\/meprolim.es\\\/en\\\/producto\\\/maquinaria-de-limpieza\\\/barredoras\\\/conductor-sentado-2\\\/barredora-fimap-fsr-hybrid\\\/#breadcrumb\",\"itemListElement\":[{\"@type\":\"ListItem\",\"position\":1,\"name\":\"Portada\",\"item\":\"https:\\\/\\\/meprolim.es\\\/fr\\\/\"},{\"@type\":\"ListItem\",\"position\":2,\"name\":\"Catalogue\",\"item\":\"https:\\\/\\\/meprolim.es\\\/fr\\\/catalogue\\\/\"},{\"@type\":\"ListItem\",\"position\":3,\"name\":\"BARREDORA FIMAP FSR HYBRID &#8211; C\u00d3DIGO: ZD0024\"}]},{\"@type\":\"WebSite\",\"@id\":\"https:\\\/\\\/meprolim.es\\\/fr\\\/#website\",\"url\":\"https:\\\/\\\/meprolim.es\\\/fr\\\/\",\"name\":\"Meprolim\",\"description\":\"Cavas Catalanas S.L.\",\"publisher\":{\"@id\":\"https:\\\/\\\/meprolim.es\\\/fr\\\/#organization\"},\"potentialAction\":[{\"@type\":\"SearchAction\",\"target\":{\"@type\":\"EntryPoint\",\"urlTemplate\":\"https:\\\/\\\/meprolim.es\\\/fr\\\/?s={search_term_string}\"},\"query-input\":{\"@type\":\"PropertyValueSpecification\",\"valueRequired\":true,\"valueName\":\"search_term_string\"}}],\"inLanguage\":\"fr-FR\"},{\"@type\":\"Organization\",\"@id\":\"https:\\\/\\\/meprolim.es\\\/fr\\\/#organization\",\"name\":\"Meprolim\",\"url\":\"https:\\\/\\\/meprolim.es\\\/fr\\\/\",\"logo\":{\"@type\":\"ImageObject\",\"inLanguage\":\"fr-FR\",\"@id\":\"https:\\\/\\\/meprolim.es\\\/fr\\\/#\\\/schema\\\/logo\\\/image\\\/\",\"url\":\"https:\\\/\\\/meprolim.es\\\/wp-content\\\/uploads\\\/2019\\\/07\\\/cropped-logo2.png\",\"contentUrl\":\"https:\\\/\\\/meprolim.es\\\/wp-content\\\/uploads\\\/2019\\\/07\\\/cropped-logo2.png\",\"width\":401,\"height\":162,\"caption\":\"Meprolim\"},\"image\":{\"@id\":\"https:\\\/\\\/meprolim.es\\\/fr\\\/#\\\/schema\\\/logo\\\/image\\\/\"}}]}<\/script>\n<!-- \/ Yoast SEO plugin. -->","yoast_head_json":{"title":"BARREDORA FIMAP FSR HYBRID - C\u00d3DIGO: ZD0024 - Meprolim","robots":{"index":"index","follow":"follow","max-snippet":"max-snippet:-1","max-image-preview":"max-image-preview:large","max-video-preview":"max-video-preview:-1"},"canonical":"https:\/\/meprolim.es\/en\/producto\/maquinaria-de-limpieza\/barredoras\/conductor-sentado-2\/barredora-fimap-fsr-hybrid\/","og_locale":"fr_FR","og_type":"article","og_title":"BARREDORA FIMAP FSR HYBRID - C\u00d3DIGO: ZD0024 - Meprolim","og_description":"El sistema Hybrid combina un motor de gasolina con alimentaci\u00f3n de bater\u00edas, que, juntos, permiten trabajar ininterrumpidamente durante 7,5 horas \u00a1con solo 2,5 l de carburante! Mientras utiliza el motor de gasolina, las bater\u00edas se recargan. Se puede pasar de la alimentaci\u00f3n de gasolina a la el\u00e9ctrica, s\u00f3lo girando la llave \u00a1para trabajar de manera silenciosa, ecol\u00f3gica y econ\u00f3mica!   Alimentaci\u00f3n sistema Hybrid: motor endot\u00e9rmico y bater\u00edas.  La alimentaci\u00f3n de bater\u00eda es ideal para los espacio externos y se puede usar con motor el\u00e9ctrico en los espacios internos y as\u00ed disfrutar de su bajo nivel de ruido y la ausencia de emisiones.  Consola de conducci\u00f3n electr\u00f3nica con diagn\u00f3stico.  Tecnolog\u00eda Star-Stop con ahorro de hasta el 45% de energ\u00eda.  Larga vida de sus componentes y bajo coste de mantenimiento.  Ruedas neum\u00e1ticas.  Funda protectora.  SKU: ZD0024","og_url":"https:\/\/meprolim.es\/en\/producto\/maquinaria-de-limpieza\/barredoras\/conductor-sentado-2\/barredora-fimap-fsr-hybrid\/","og_site_name":"Meprolim","article_modified_time":"2020-03-20T17:15:40+00:00","og_image":[{"width":768,"height":834,"url":"https:\/\/meprolim.es\/wp-content\/uploads\/2019\/08\/ZD0024.jpg","type":"image\/jpeg"}],"twitter_card":"summary_large_image","twitter_misc":{"Dur\u00e9e de lecture estim\u00e9e":"1 minute"},"schema":{"@context":"https:\/\/schema.org","@graph":[{"@type":"WebPage","@id":"https:\/\/meprolim.es\/en\/producto\/maquinaria-de-limpieza\/barredoras\/conductor-sentado-2\/barredora-fimap-fsr-hybrid\/","url":"https:\/\/meprolim.es\/en\/producto\/maquinaria-de-limpieza\/barredoras\/conductor-sentado-2\/barredora-fimap-fsr-hybrid\/","name":"BARREDORA FIMAP FSR HYBRID - C\u00d3DIGO: ZD0024 - Meprolim","isPartOf":{"@id":"https:\/\/meprolim.es\/fr\/#website"},"primaryImageOfPage":{"@id":"https:\/\/meprolim.es\/en\/producto\/maquinaria-de-limpieza\/barredoras\/conductor-sentado-2\/barredora-fimap-fsr-hybrid\/#primaryimage"},"image":{"@id":"https:\/\/meprolim.es\/en\/producto\/maquinaria-de-limpieza\/barredoras\/conductor-sentado-2\/barredora-fimap-fsr-hybrid\/#primaryimage"},"thumbnailUrl":"https:\/\/meprolim.es\/wp-content\/uploads\/2019\/08\/ZD0024.jpg","datePublished":"2019-08-08T17:39:36+00:00","dateModified":"2020-03-20T17:15:40+00:00","breadcrumb":{"@id":"https:\/\/meprolim.es\/en\/producto\/maquinaria-de-limpieza\/barredoras\/conductor-sentado-2\/barredora-fimap-fsr-hybrid\/#breadcrumb"},"inLanguage":"fr-FR","potentialAction":[{"@type":"ReadAction","target":["https:\/\/meprolim.es\/en\/producto\/maquinaria-de-limpieza\/barredoras\/conductor-sentado-2\/barredora-fimap-fsr-hybrid\/"]}]},{"@type":"ImageObject","inLanguage":"fr-FR","@id":"https:\/\/meprolim.es\/en\/producto\/maquinaria-de-limpieza\/barredoras\/conductor-sentado-2\/barredora-fimap-fsr-hybrid\/#primaryimage","url":"https:\/\/meprolim.es\/wp-content\/uploads\/2019\/08\/ZD0024.jpg","contentUrl":"https:\/\/meprolim.es\/wp-content\/uploads\/2019\/08\/ZD0024.jpg","width":768,"height":834,"caption":"Bimat Solid"},{"@type":"BreadcrumbList","@id":"https:\/\/meprolim.es\/en\/producto\/maquinaria-de-limpieza\/barredoras\/conductor-sentado-2\/barredora-fimap-fsr-hybrid\/#breadcrumb","itemListElement":[{"@type":"ListItem","position":1,"name":"Portada","item":"https:\/\/meprolim.es\/fr\/"},{"@type":"ListItem","position":2,"name":"Catalogue","item":"https:\/\/meprolim.es\/fr\/catalogue\/"},{"@type":"ListItem","position":3,"name":"BARREDORA FIMAP FSR HYBRID &#8211; C\u00d3DIGO: ZD0024"}]},{"@type":"WebSite","@id":"https:\/\/meprolim.es\/fr\/#website","url":"https:\/\/meprolim.es\/fr\/","name":"Meprolim","description":"Cavas Catalanas S.L.","publisher":{"@id":"https:\/\/meprolim.es\/fr\/#organization"},"potentialAction":[{"@type":"SearchAction","target":{"@type":"EntryPoint","urlTemplate":"https:\/\/meprolim.es\/fr\/?s={search_term_string}"},"query-input":{"@type":"PropertyValueSpecification","valueRequired":true,"valueName":"search_term_string"}}],"inLanguage":"fr-FR"},{"@type":"Organization","@id":"https:\/\/meprolim.es\/fr\/#organization","name":"Meprolim","url":"https:\/\/meprolim.es\/fr\/","logo":{"@type":"ImageObject","inLanguage":"fr-FR","@id":"https:\/\/meprolim.es\/fr\/#\/schema\/logo\/image\/","url":"https:\/\/meprolim.es\/wp-content\/uploads\/2019\/07\/cropped-logo2.png","contentUrl":"https:\/\/meprolim.es\/wp-content\/uploads\/2019\/07\/cropped-logo2.png","width":401,"height":162,"caption":"Meprolim"},"image":{"@id":"https:\/\/meprolim.es\/fr\/#\/schema\/logo\/image\/"}}]}},"_links":{"self":[{"href":"https:\/\/meprolim.es\/fr\/wp-json\/wp\/v2\/product\/5407","targetHints":{"allow":["GET"]}}],"collection":[{"href":"https:\/\/meprolim.es\/fr\/wp-json\/wp\/v2\/product"}],"about":[{"href":"https:\/\/meprolim.es\/fr\/wp-json\/wp\/v2\/types\/product"}],"wp:featuredmedia":[{"embeddable":true,"href":"https:\/\/meprolim.es\/fr\/wp-json\/wp\/v2\/media\/5408"}],"wp:attachment":[{"href":"https:\/\/meprolim.es\/fr\/wp-json\/wp\/v2\/media?parent=5407"}],"wp:term":[{"taxonomy":"product_brand","embeddable":true,"href":"https:\/\/meprolim.es\/fr\/wp-json\/wp\/v2\/product_brand?post=5407"},{"taxonomy":"product_cat","embeddable":true,"href":"https:\/\/meprolim.es\/fr\/wp-json\/wp\/v2\/product_cat?post=5407"},{"taxonomy":"product_tag","embeddable":true,"href":"https:\/\/meprolim.es\/fr\/wp-json\/wp\/v2\/product_tag?post=5407"}],"curies":[{"name":"wp","href":"https:\/\/api.w.org\/{rel}","templated":true}]}}