{"id":5418,"date":"2019-08-08T20:18:11","date_gmt":"2019-08-08T19:18:11","guid":{"rendered":"http:\/\/www.meprolim.es\/?post_type=product&#038;p=5418"},"modified":"2020-03-20T16:50:27","modified_gmt":"2020-03-20T16:50:27","slug":"hidrolimpiadora-monofasica-trifasica-agua-fria","status":"publish","type":"product","link":"https:\/\/meprolim.es\/fr\/producto\/maquinaria-de-limpieza\/hidrolimpiadoras-fr\/agua-fria-fr\/hidrolimpiadora-monofasica-trifasica-agua-fria\/","title":{"rendered":"HIDROLIMPIADORA MONOF\u00c1SICA Y TRIF\u00c1SICA DE AGUA FR\u00cdA &#8211; C\u00d3DIGO: ZG0013"},"content":{"rendered":"<div class=\"wpb-content-wrapper\"><p>[vc_row][vc_column][vc_column_text]<\/p>\n<p>La serie PW-C45 forma parte de los modelos m\u00e1s profesionales de la gama de hidrolimpiadoras.<\/p>\n<p>[\/vc_column_text][\/vc_column][\/vc_row]<\/p>\n<\/div>","protected":false},"excerpt":{"rendered":"<ul>\n<li>Bomba biela-cig\u00fce\u00f1al de \u00faltima generaci\u00f3n con 3 pistones cer\u00e1micos de mayor duraci\u00f3n y resistencia.\u00a0<\/li>\n<li>Conexi\u00f3n Swivel, impide que la manguera se retuerza.<\/li>\n<li>Motor el\u00e9ctrico de 4 polos (1.400 rpm) y servicio continuo. Mayor duraci\u00f3n.\u00a0<\/li>\n<li>Incorpora una bomba en l\u00ednea a 1.400 rpm (Power Pump) que le confiere una larga vida \u00fatil en usos prolongados.\u00a0<\/li>\n<li>Paro retardado de seguridad, es un dispositivo de seguridad que detiene la m\u00e1quina cuando pasan 30 segundos de inactividad. Se pone en marcha cuando se vuelve a accionar la pistola.\u00a0<\/li>\n<li>Robusto chasis de acero pintado.\u00a0<\/li>\n<li>Ruedas de gran di\u00e1metro para f\u00e1cil desplazamiento.\u00a0<\/li>\n<li>Reduce los costes de mantenimiento y maximiza la fiabilidad.\u00a0<\/li>\n<li>Incluye manguera de alta presi\u00f3n, pistola, lanza con boquilla de abanico y filtro de entrada de agua.\u00a0<\/li>\n<\/ul>\n<p><strong>SKU PW-C45M Monof\u00e1sica: ZG0013<\/strong><\/p>\n<p><strong>SKU PW-C45T Trif\u00e1sica: ZG0014<\/strong><\/p>\n<p>&nbsp;<\/p>\n<p>&nbsp;<\/p>\n","protected":false},"featured_media":5421,"template":"","meta":[],"product_brand":[],"product_cat":[2591,2590,2580],"product_tag":[272,271,252,274,256,273,275],"class_list":{"0":"post-5418","1":"product","2":"type-product","3":"status-publish","4":"has-post-thumbnail","6":"product_cat-agua-fria","7":"product_cat-hidrolimpiadoras","8":"product_cat-maquinaria-de-limpieza","9":"product_tag-agua-fria","10":"product_tag-hidrolimpiadora","11":"product_tag-maquinaria-de-limpieza","12":"product_tag-monofasica","13":"product_tag-operador-a-bordo","14":"product_tag-semi-profesional","15":"product_tag-trifasica","17":"first","18":"instock","19":"shipping-taxable","20":"product-type-simple"},"yoast_head":"<!-- This site is optimized with the Yoast SEO plugin v27.3 - https:\/\/yoast.com\/product\/yoast-seo-wordpress\/ -->\n<title>HIDROLIMPIADORA MONOF\u00c1SICA Y TRIF\u00c1SICA DE AGUA FR\u00cdA - C\u00d3DIGO: ZG0013 - Meprolim<\/title>\n<meta name=\"robots\" content=\"index, follow, max-snippet:-1, max-image-preview:large, max-video-preview:-1\" \/>\n<link rel=\"canonical\" href=\"https:\/\/meprolim.es\/en\/producto\/maquinaria-de-limpieza\/hidrolimpiadoras\/agua-fria\/hidrolimpiadora-monofasica-trifasica-agua-fria\/\" \/>\n<meta property=\"og:locale\" content=\"fr_FR\" \/>\n<meta property=\"og:type\" content=\"article\" \/>\n<meta property=\"og:title\" content=\"HIDROLIMPIADORA MONOF\u00c1SICA Y TRIF\u00c1SICA DE AGUA FR\u00cdA - C\u00d3DIGO: ZG0013 - Meprolim\" \/>\n<meta property=\"og:description\" content=\"Bomba biela-cig\u00fce\u00f1al de \u00faltima generaci\u00f3n con 3 pistones cer\u00e1micos de mayor duraci\u00f3n y resistencia.\u00a0  Conexi\u00f3n Swivel, impide que la manguera se retuerza.  Motor el\u00e9ctrico de 4 polos (1.400 rpm) y servicio continuo. Mayor duraci\u00f3n.\u00a0  Incorpora una bomba en l\u00ednea a 1.400 rpm (Power Pump) que le confiere una larga vida \u00fatil en usos prolongados.\u00a0  Paro retardado de seguridad, es un dispositivo de seguridad que detiene la m\u00e1quina cuando pasan 30 segundos de inactividad. Se pone en marcha cuando se vuelve a accionar la pistola.\u00a0  Robusto chasis de acero pintado.\u00a0  Ruedas de gran di\u00e1metro para f\u00e1cil desplazamiento.\u00a0  Reduce los costes de mantenimiento y maximiza la fiabilidad.\u00a0  Incluye manguera de alta presi\u00f3n, pistola, lanza con boquilla de abanico y filtro de entrada de agua.\u00a0  SKU PW-C45M Monof\u00e1sica: ZG0013 SKU PW-C45T Trif\u00e1sica: ZG0014 &nbsp; &nbsp;\" \/>\n<meta property=\"og:url\" content=\"https:\/\/meprolim.es\/en\/producto\/maquinaria-de-limpieza\/hidrolimpiadoras\/agua-fria\/hidrolimpiadora-monofasica-trifasica-agua-fria\/\" \/>\n<meta property=\"og:site_name\" content=\"Meprolim\" \/>\n<meta property=\"article:modified_time\" content=\"2020-03-20T16:50:27+00:00\" \/>\n<meta property=\"og:image\" content=\"https:\/\/meprolim.es\/wp-content\/uploads\/2019\/08\/ZG0013.jpg\" \/>\n\t<meta property=\"og:image:width\" content=\"768\" \/>\n\t<meta property=\"og:image:height\" content=\"768\" \/>\n\t<meta property=\"og:image:type\" content=\"image\/jpeg\" \/>\n<meta name=\"twitter:card\" content=\"summary_large_image\" \/>\n<script type=\"application\/ld+json\" class=\"yoast-schema-graph\">{\"@context\":\"https:\\\/\\\/schema.org\",\"@graph\":[{\"@type\":\"WebPage\",\"@id\":\"https:\\\/\\\/meprolim.es\\\/en\\\/producto\\\/maquinaria-de-limpieza\\\/hidrolimpiadoras\\\/agua-fria\\\/hidrolimpiadora-monofasica-trifasica-agua-fria\\\/\",\"url\":\"https:\\\/\\\/meprolim.es\\\/en\\\/producto\\\/maquinaria-de-limpieza\\\/hidrolimpiadoras\\\/agua-fria\\\/hidrolimpiadora-monofasica-trifasica-agua-fria\\\/\",\"name\":\"HIDROLIMPIADORA MONOF\u00c1SICA Y TRIF\u00c1SICA DE AGUA FR\u00cdA - C\u00d3DIGO: ZG0013 - Meprolim\",\"isPartOf\":{\"@id\":\"https:\\\/\\\/meprolim.es\\\/fr\\\/#website\"},\"primaryImageOfPage\":{\"@id\":\"https:\\\/\\\/meprolim.es\\\/en\\\/producto\\\/maquinaria-de-limpieza\\\/hidrolimpiadoras\\\/agua-fria\\\/hidrolimpiadora-monofasica-trifasica-agua-fria\\\/#primaryimage\"},\"image\":{\"@id\":\"https:\\\/\\\/meprolim.es\\\/en\\\/producto\\\/maquinaria-de-limpieza\\\/hidrolimpiadoras\\\/agua-fria\\\/hidrolimpiadora-monofasica-trifasica-agua-fria\\\/#primaryimage\"},\"thumbnailUrl\":\"https:\\\/\\\/meprolim.es\\\/wp-content\\\/uploads\\\/2019\\\/08\\\/ZG0013.jpg\",\"datePublished\":\"2019-08-08T19:18:11+00:00\",\"dateModified\":\"2020-03-20T16:50:27+00:00\",\"breadcrumb\":{\"@id\":\"https:\\\/\\\/meprolim.es\\\/en\\\/producto\\\/maquinaria-de-limpieza\\\/hidrolimpiadoras\\\/agua-fria\\\/hidrolimpiadora-monofasica-trifasica-agua-fria\\\/#breadcrumb\"},\"inLanguage\":\"fr-FR\",\"potentialAction\":[{\"@type\":\"ReadAction\",\"target\":[\"https:\\\/\\\/meprolim.es\\\/en\\\/producto\\\/maquinaria-de-limpieza\\\/hidrolimpiadoras\\\/agua-fria\\\/hidrolimpiadora-monofasica-trifasica-agua-fria\\\/\"]}]},{\"@type\":\"ImageObject\",\"inLanguage\":\"fr-FR\",\"@id\":\"https:\\\/\\\/meprolim.es\\\/en\\\/producto\\\/maquinaria-de-limpieza\\\/hidrolimpiadoras\\\/agua-fria\\\/hidrolimpiadora-monofasica-trifasica-agua-fria\\\/#primaryimage\",\"url\":\"https:\\\/\\\/meprolim.es\\\/wp-content\\\/uploads\\\/2019\\\/08\\\/ZG0013.jpg\",\"contentUrl\":\"https:\\\/\\\/meprolim.es\\\/wp-content\\\/uploads\\\/2019\\\/08\\\/ZG0013.jpg\",\"width\":768,\"height\":768,\"caption\":\"Bimat Solid\"},{\"@type\":\"BreadcrumbList\",\"@id\":\"https:\\\/\\\/meprolim.es\\\/en\\\/producto\\\/maquinaria-de-limpieza\\\/hidrolimpiadoras\\\/agua-fria\\\/hidrolimpiadora-monofasica-trifasica-agua-fria\\\/#breadcrumb\",\"itemListElement\":[{\"@type\":\"ListItem\",\"position\":1,\"name\":\"Portada\",\"item\":\"https:\\\/\\\/meprolim.es\\\/fr\\\/\"},{\"@type\":\"ListItem\",\"position\":2,\"name\":\"Catalogue\",\"item\":\"https:\\\/\\\/meprolim.es\\\/fr\\\/catalogue\\\/\"},{\"@type\":\"ListItem\",\"position\":3,\"name\":\"HIDROLIMPIADORA MONOF\u00c1SICA Y TRIF\u00c1SICA DE AGUA FR\u00cdA &#8211; C\u00d3DIGO: ZG0013\"}]},{\"@type\":\"WebSite\",\"@id\":\"https:\\\/\\\/meprolim.es\\\/fr\\\/#website\",\"url\":\"https:\\\/\\\/meprolim.es\\\/fr\\\/\",\"name\":\"Meprolim\",\"description\":\"Cavas Catalanas S.L.\",\"publisher\":{\"@id\":\"https:\\\/\\\/meprolim.es\\\/fr\\\/#organization\"},\"potentialAction\":[{\"@type\":\"SearchAction\",\"target\":{\"@type\":\"EntryPoint\",\"urlTemplate\":\"https:\\\/\\\/meprolim.es\\\/fr\\\/?s={search_term_string}\"},\"query-input\":{\"@type\":\"PropertyValueSpecification\",\"valueRequired\":true,\"valueName\":\"search_term_string\"}}],\"inLanguage\":\"fr-FR\"},{\"@type\":\"Organization\",\"@id\":\"https:\\\/\\\/meprolim.es\\\/fr\\\/#organization\",\"name\":\"Meprolim\",\"url\":\"https:\\\/\\\/meprolim.es\\\/fr\\\/\",\"logo\":{\"@type\":\"ImageObject\",\"inLanguage\":\"fr-FR\",\"@id\":\"https:\\\/\\\/meprolim.es\\\/fr\\\/#\\\/schema\\\/logo\\\/image\\\/\",\"url\":\"https:\\\/\\\/meprolim.es\\\/wp-content\\\/uploads\\\/2019\\\/07\\\/cropped-logo2.png\",\"contentUrl\":\"https:\\\/\\\/meprolim.es\\\/wp-content\\\/uploads\\\/2019\\\/07\\\/cropped-logo2.png\",\"width\":401,\"height\":162,\"caption\":\"Meprolim\"},\"image\":{\"@id\":\"https:\\\/\\\/meprolim.es\\\/fr\\\/#\\\/schema\\\/logo\\\/image\\\/\"}}]}<\/script>\n<!-- \/ Yoast SEO plugin. -->","yoast_head_json":{"title":"HIDROLIMPIADORA MONOF\u00c1SICA Y TRIF\u00c1SICA DE AGUA FR\u00cdA - C\u00d3DIGO: ZG0013 - Meprolim","robots":{"index":"index","follow":"follow","max-snippet":"max-snippet:-1","max-image-preview":"max-image-preview:large","max-video-preview":"max-video-preview:-1"},"canonical":"https:\/\/meprolim.es\/en\/producto\/maquinaria-de-limpieza\/hidrolimpiadoras\/agua-fria\/hidrolimpiadora-monofasica-trifasica-agua-fria\/","og_locale":"fr_FR","og_type":"article","og_title":"HIDROLIMPIADORA MONOF\u00c1SICA Y TRIF\u00c1SICA DE AGUA FR\u00cdA - C\u00d3DIGO: ZG0013 - Meprolim","og_description":"Bomba biela-cig\u00fce\u00f1al de \u00faltima generaci\u00f3n con 3 pistones cer\u00e1micos de mayor duraci\u00f3n y resistencia.\u00a0  Conexi\u00f3n Swivel, impide que la manguera se retuerza.  Motor el\u00e9ctrico de 4 polos (1.400 rpm) y servicio continuo. Mayor duraci\u00f3n.\u00a0  Incorpora una bomba en l\u00ednea a 1.400 rpm (Power Pump) que le confiere una larga vida \u00fatil en usos prolongados.\u00a0  Paro retardado de seguridad, es un dispositivo de seguridad que detiene la m\u00e1quina cuando pasan 30 segundos de inactividad. Se pone en marcha cuando se vuelve a accionar la pistola.\u00a0  Robusto chasis de acero pintado.\u00a0  Ruedas de gran di\u00e1metro para f\u00e1cil desplazamiento.\u00a0  Reduce los costes de mantenimiento y maximiza la fiabilidad.\u00a0  Incluye manguera de alta presi\u00f3n, pistola, lanza con boquilla de abanico y filtro de entrada de agua.\u00a0  SKU PW-C45M Monof\u00e1sica: ZG0013 SKU PW-C45T Trif\u00e1sica: ZG0014 &nbsp; &nbsp;","og_url":"https:\/\/meprolim.es\/en\/producto\/maquinaria-de-limpieza\/hidrolimpiadoras\/agua-fria\/hidrolimpiadora-monofasica-trifasica-agua-fria\/","og_site_name":"Meprolim","article_modified_time":"2020-03-20T16:50:27+00:00","og_image":[{"width":768,"height":768,"url":"https:\/\/meprolim.es\/wp-content\/uploads\/2019\/08\/ZG0013.jpg","type":"image\/jpeg"}],"twitter_card":"summary_large_image","schema":{"@context":"https:\/\/schema.org","@graph":[{"@type":"WebPage","@id":"https:\/\/meprolim.es\/en\/producto\/maquinaria-de-limpieza\/hidrolimpiadoras\/agua-fria\/hidrolimpiadora-monofasica-trifasica-agua-fria\/","url":"https:\/\/meprolim.es\/en\/producto\/maquinaria-de-limpieza\/hidrolimpiadoras\/agua-fria\/hidrolimpiadora-monofasica-trifasica-agua-fria\/","name":"HIDROLIMPIADORA MONOF\u00c1SICA Y TRIF\u00c1SICA DE AGUA FR\u00cdA - C\u00d3DIGO: ZG0013 - Meprolim","isPartOf":{"@id":"https:\/\/meprolim.es\/fr\/#website"},"primaryImageOfPage":{"@id":"https:\/\/meprolim.es\/en\/producto\/maquinaria-de-limpieza\/hidrolimpiadoras\/agua-fria\/hidrolimpiadora-monofasica-trifasica-agua-fria\/#primaryimage"},"image":{"@id":"https:\/\/meprolim.es\/en\/producto\/maquinaria-de-limpieza\/hidrolimpiadoras\/agua-fria\/hidrolimpiadora-monofasica-trifasica-agua-fria\/#primaryimage"},"thumbnailUrl":"https:\/\/meprolim.es\/wp-content\/uploads\/2019\/08\/ZG0013.jpg","datePublished":"2019-08-08T19:18:11+00:00","dateModified":"2020-03-20T16:50:27+00:00","breadcrumb":{"@id":"https:\/\/meprolim.es\/en\/producto\/maquinaria-de-limpieza\/hidrolimpiadoras\/agua-fria\/hidrolimpiadora-monofasica-trifasica-agua-fria\/#breadcrumb"},"inLanguage":"fr-FR","potentialAction":[{"@type":"ReadAction","target":["https:\/\/meprolim.es\/en\/producto\/maquinaria-de-limpieza\/hidrolimpiadoras\/agua-fria\/hidrolimpiadora-monofasica-trifasica-agua-fria\/"]}]},{"@type":"ImageObject","inLanguage":"fr-FR","@id":"https:\/\/meprolim.es\/en\/producto\/maquinaria-de-limpieza\/hidrolimpiadoras\/agua-fria\/hidrolimpiadora-monofasica-trifasica-agua-fria\/#primaryimage","url":"https:\/\/meprolim.es\/wp-content\/uploads\/2019\/08\/ZG0013.jpg","contentUrl":"https:\/\/meprolim.es\/wp-content\/uploads\/2019\/08\/ZG0013.jpg","width":768,"height":768,"caption":"Bimat Solid"},{"@type":"BreadcrumbList","@id":"https:\/\/meprolim.es\/en\/producto\/maquinaria-de-limpieza\/hidrolimpiadoras\/agua-fria\/hidrolimpiadora-monofasica-trifasica-agua-fria\/#breadcrumb","itemListElement":[{"@type":"ListItem","position":1,"name":"Portada","item":"https:\/\/meprolim.es\/fr\/"},{"@type":"ListItem","position":2,"name":"Catalogue","item":"https:\/\/meprolim.es\/fr\/catalogue\/"},{"@type":"ListItem","position":3,"name":"HIDROLIMPIADORA MONOF\u00c1SICA Y TRIF\u00c1SICA DE AGUA FR\u00cdA &#8211; C\u00d3DIGO: ZG0013"}]},{"@type":"WebSite","@id":"https:\/\/meprolim.es\/fr\/#website","url":"https:\/\/meprolim.es\/fr\/","name":"Meprolim","description":"Cavas Catalanas S.L.","publisher":{"@id":"https:\/\/meprolim.es\/fr\/#organization"},"potentialAction":[{"@type":"SearchAction","target":{"@type":"EntryPoint","urlTemplate":"https:\/\/meprolim.es\/fr\/?s={search_term_string}"},"query-input":{"@type":"PropertyValueSpecification","valueRequired":true,"valueName":"search_term_string"}}],"inLanguage":"fr-FR"},{"@type":"Organization","@id":"https:\/\/meprolim.es\/fr\/#organization","name":"Meprolim","url":"https:\/\/meprolim.es\/fr\/","logo":{"@type":"ImageObject","inLanguage":"fr-FR","@id":"https:\/\/meprolim.es\/fr\/#\/schema\/logo\/image\/","url":"https:\/\/meprolim.es\/wp-content\/uploads\/2019\/07\/cropped-logo2.png","contentUrl":"https:\/\/meprolim.es\/wp-content\/uploads\/2019\/07\/cropped-logo2.png","width":401,"height":162,"caption":"Meprolim"},"image":{"@id":"https:\/\/meprolim.es\/fr\/#\/schema\/logo\/image\/"}}]}},"_links":{"self":[{"href":"https:\/\/meprolim.es\/fr\/wp-json\/wp\/v2\/product\/5418","targetHints":{"allow":["GET"]}}],"collection":[{"href":"https:\/\/meprolim.es\/fr\/wp-json\/wp\/v2\/product"}],"about":[{"href":"https:\/\/meprolim.es\/fr\/wp-json\/wp\/v2\/types\/product"}],"wp:featuredmedia":[{"embeddable":true,"href":"https:\/\/meprolim.es\/fr\/wp-json\/wp\/v2\/media\/5421"}],"wp:attachment":[{"href":"https:\/\/meprolim.es\/fr\/wp-json\/wp\/v2\/media?parent=5418"}],"wp:term":[{"taxonomy":"product_brand","embeddable":true,"href":"https:\/\/meprolim.es\/fr\/wp-json\/wp\/v2\/product_brand?post=5418"},{"taxonomy":"product_cat","embeddable":true,"href":"https:\/\/meprolim.es\/fr\/wp-json\/wp\/v2\/product_cat?post=5418"},{"taxonomy":"product_tag","embeddable":true,"href":"https:\/\/meprolim.es\/fr\/wp-json\/wp\/v2\/product_tag?post=5418"}],"curies":[{"name":"wp","href":"https:\/\/api.w.org\/{rel}","templated":true}]}}