{"id":5437,"date":"2019-08-09T12:24:32","date_gmt":"2019-08-09T11:24:32","guid":{"rendered":"http:\/\/www.meprolim.es\/?post_type=product&#038;p=5437"},"modified":"2020-03-20T16:49:52","modified_gmt":"2020-03-20T16:49:52","slug":"hidrolimpiadora-de-agua-caliente-pwh28-4-modelo-d1309p-m","status":"publish","type":"product","link":"https:\/\/meprolim.es\/fr\/producto\/maquinaria-de-limpieza\/hidrolimpiadoras-fr\/agua-caliente-fr\/hidrolimpiadora-de-agua-caliente-pwh28-4-modelo-d1309p-m\/","title":{"rendered":"HIDROLIMPIADORA MONOF\u00c1SICA DE AGUA CALIENTE PW-H28\/4 Mod. D1309P M &#8211; C\u00d3DIGO: ZG0040"},"content":{"rendered":"<div class=\"wpb-content-wrapper\"><p>[vc_row][vc_column][vc_column_text]<\/p>\n<p>Hidrolimpiadora de alta presi\u00f3n de agua caliente con\u00a0 ruedas grandes para una mejor maniobrabilidad. Dispone de compartimento para accesorios y tiene un dep\u00f3sito robusto y grande de material de pl\u00e1stico rotomoldeado.\u00a0<\/p>\n<p>[\/vc_column_text][\/vc_column][\/vc_row]<\/p>\n<\/div>","protected":false},"excerpt":{"rendered":"<ul>\n<li>Hidrolimpiadora profesional de alta presi\u00f3n de agua caliente.<\/li>\n<li>Motor de dos polos de 2.800 rpm. Bomba biela, cabezal en lat\u00f3n y pistones de cer\u00e1mica.<\/li>\n<li>Retardo en encendido de la caldera (IBD). \u2022 Estabilizador de temperatura (IPC)<\/li>\n<li>Control remoto DTS (Parada Total Retrasada) y fase vapor.<\/li>\n<li>Interruptor inteligente autom\u00e1tico de apagado (IASF). \u2022 Control de microp\u00e9rdidas (MLC).<\/li>\n<li>Protecci\u00f3n contra funcionamiento en seco (DRP). \u2022 Control de boquilla obstruida (NCC).<\/li>\n<li>Control antidesbordamiento (FPS). \u2022 Caldera en acero inoxidable. \u2022 Con cuatro ruedas fijas.<\/li>\n<li>Acoplamiento de la bomba directo, con casquillo lubricado. \u2022 V\u00e1lvula by-pass en lat\u00f3n atornillado.<\/li>\n<li>Suministro de detergente en baja presi\u00f3n. \u2022 Serpent\u00edn de 20 m.<\/li>\n<li>Estructura del bastidor en pl\u00e1stico y acero pintado.<\/li>\n<\/ul>\n<p><strong>SKU: ZG0040<\/strong><\/p>\n<p>&nbsp;<\/p>\n<p>&nbsp;<\/p>\n","protected":false},"featured_media":5438,"template":"","meta":[],"product_brand":[],"product_cat":[2592,2590,2580],"product_tag":[277,271,260,252,274,257],"class_list":{"0":"post-5437","1":"product","2":"type-product","3":"status-publish","4":"has-post-thumbnail","6":"product_cat-agua-caliente","7":"product_cat-hidrolimpiadoras","8":"product_cat-maquinaria-de-limpieza","9":"product_tag-agua-caliente","10":"product_tag-hidrolimpiadora","11":"product_tag-maquinaria-a-gasolina","12":"product_tag-maquinaria-de-limpieza","13":"product_tag-monofasica","14":"product_tag-operario-a-pie","16":"first","17":"instock","18":"shipping-taxable","19":"product-type-simple"},"yoast_head":"<!-- This site is optimized with the Yoast SEO plugin v27.3 - https:\/\/yoast.com\/product\/yoast-seo-wordpress\/ -->\n<title>HIDROLIMPIADORA MONOF\u00c1SICA DE AGUA CALIENTE PW-H28\/4 Mod. D1309P M - C\u00d3DIGO: ZG0040 - Meprolim<\/title>\n<meta name=\"robots\" content=\"index, follow, max-snippet:-1, max-image-preview:large, max-video-preview:-1\" \/>\n<link rel=\"canonical\" href=\"https:\/\/meprolim.es\/de\/producto\/maquinaria-de-limpieza\/hidrolimpiadoras\/agua-caliente\/hidrolimpiadora-de-agua-caliente-pwh28-4-modelo-d1309p-m\/\" \/>\n<meta property=\"og:locale\" content=\"fr_FR\" \/>\n<meta property=\"og:type\" content=\"article\" \/>\n<meta property=\"og:title\" content=\"HIDROLIMPIADORA MONOF\u00c1SICA DE AGUA CALIENTE PW-H28\/4 Mod. D1309P M - C\u00d3DIGO: ZG0040 - Meprolim\" \/>\n<meta property=\"og:description\" content=\"Hidrolimpiadora profesional de alta presi\u00f3n de agua caliente.  Motor de dos polos de 2.800 rpm. Bomba biela, cabezal en lat\u00f3n y pistones de cer\u00e1mica.  Retardo en encendido de la caldera (IBD). \u2022 Estabilizador de temperatura (IPC)  Control remoto DTS (Parada Total Retrasada) y fase vapor.  Interruptor inteligente autom\u00e1tico de apagado (IASF). \u2022 Control de microp\u00e9rdidas (MLC).  Protecci\u00f3n contra funcionamiento en seco (DRP). \u2022 Control de boquilla obstruida (NCC).  Control antidesbordamiento (FPS). \u2022 Caldera en acero inoxidable. \u2022 Con cuatro ruedas fijas.  Acoplamiento de la bomba directo, con casquillo lubricado. \u2022 V\u00e1lvula by-pass en lat\u00f3n atornillado.  Suministro de detergente en baja presi\u00f3n. \u2022 Serpent\u00edn de 20 m.  Estructura del bastidor en pl\u00e1stico y acero pintado.  SKU: ZG0040 &nbsp; &nbsp;\" \/>\n<meta property=\"og:url\" content=\"https:\/\/meprolim.es\/de\/producto\/maquinaria-de-limpieza\/hidrolimpiadoras\/agua-caliente\/hidrolimpiadora-de-agua-caliente-pwh28-4-modelo-d1309p-m\/\" \/>\n<meta property=\"og:site_name\" content=\"Meprolim\" \/>\n<meta property=\"article:modified_time\" content=\"2020-03-20T16:49:52+00:00\" \/>\n<meta property=\"og:image\" content=\"https:\/\/meprolim.es\/wp-content\/uploads\/2019\/08\/ZG0040.jpg\" \/>\n\t<meta property=\"og:image:width\" content=\"768\" \/>\n\t<meta property=\"og:image:height\" content=\"768\" \/>\n\t<meta property=\"og:image:type\" content=\"image\/jpeg\" \/>\n<meta name=\"twitter:card\" content=\"summary_large_image\" \/>\n<script type=\"application\/ld+json\" class=\"yoast-schema-graph\">{\"@context\":\"https:\\\/\\\/schema.org\",\"@graph\":[{\"@type\":\"WebPage\",\"@id\":\"https:\\\/\\\/meprolim.es\\\/de\\\/producto\\\/maquinaria-de-limpieza\\\/hidrolimpiadoras\\\/agua-caliente\\\/hidrolimpiadora-de-agua-caliente-pwh28-4-modelo-d1309p-m\\\/\",\"url\":\"https:\\\/\\\/meprolim.es\\\/de\\\/producto\\\/maquinaria-de-limpieza\\\/hidrolimpiadoras\\\/agua-caliente\\\/hidrolimpiadora-de-agua-caliente-pwh28-4-modelo-d1309p-m\\\/\",\"name\":\"HIDROLIMPIADORA MONOF\u00c1SICA DE AGUA CALIENTE PW-H28\\\/4 Mod. D1309P M - C\u00d3DIGO: ZG0040 - Meprolim\",\"isPartOf\":{\"@id\":\"https:\\\/\\\/meprolim.es\\\/fr\\\/#website\"},\"primaryImageOfPage\":{\"@id\":\"https:\\\/\\\/meprolim.es\\\/de\\\/producto\\\/maquinaria-de-limpieza\\\/hidrolimpiadoras\\\/agua-caliente\\\/hidrolimpiadora-de-agua-caliente-pwh28-4-modelo-d1309p-m\\\/#primaryimage\"},\"image\":{\"@id\":\"https:\\\/\\\/meprolim.es\\\/de\\\/producto\\\/maquinaria-de-limpieza\\\/hidrolimpiadoras\\\/agua-caliente\\\/hidrolimpiadora-de-agua-caliente-pwh28-4-modelo-d1309p-m\\\/#primaryimage\"},\"thumbnailUrl\":\"https:\\\/\\\/meprolim.es\\\/wp-content\\\/uploads\\\/2019\\\/08\\\/ZG0040.jpg\",\"datePublished\":\"2019-08-09T11:24:32+00:00\",\"dateModified\":\"2020-03-20T16:49:52+00:00\",\"breadcrumb\":{\"@id\":\"https:\\\/\\\/meprolim.es\\\/de\\\/producto\\\/maquinaria-de-limpieza\\\/hidrolimpiadoras\\\/agua-caliente\\\/hidrolimpiadora-de-agua-caliente-pwh28-4-modelo-d1309p-m\\\/#breadcrumb\"},\"inLanguage\":\"fr-FR\",\"potentialAction\":[{\"@type\":\"ReadAction\",\"target\":[\"https:\\\/\\\/meprolim.es\\\/de\\\/producto\\\/maquinaria-de-limpieza\\\/hidrolimpiadoras\\\/agua-caliente\\\/hidrolimpiadora-de-agua-caliente-pwh28-4-modelo-d1309p-m\\\/\"]}]},{\"@type\":\"ImageObject\",\"inLanguage\":\"fr-FR\",\"@id\":\"https:\\\/\\\/meprolim.es\\\/de\\\/producto\\\/maquinaria-de-limpieza\\\/hidrolimpiadoras\\\/agua-caliente\\\/hidrolimpiadora-de-agua-caliente-pwh28-4-modelo-d1309p-m\\\/#primaryimage\",\"url\":\"https:\\\/\\\/meprolim.es\\\/wp-content\\\/uploads\\\/2019\\\/08\\\/ZG0040.jpg\",\"contentUrl\":\"https:\\\/\\\/meprolim.es\\\/wp-content\\\/uploads\\\/2019\\\/08\\\/ZG0040.jpg\",\"width\":768,\"height\":768,\"caption\":\"Bimat Solid\"},{\"@type\":\"BreadcrumbList\",\"@id\":\"https:\\\/\\\/meprolim.es\\\/de\\\/producto\\\/maquinaria-de-limpieza\\\/hidrolimpiadoras\\\/agua-caliente\\\/hidrolimpiadora-de-agua-caliente-pwh28-4-modelo-d1309p-m\\\/#breadcrumb\",\"itemListElement\":[{\"@type\":\"ListItem\",\"position\":1,\"name\":\"Portada\",\"item\":\"https:\\\/\\\/meprolim.es\\\/fr\\\/\"},{\"@type\":\"ListItem\",\"position\":2,\"name\":\"Catalogue\",\"item\":\"https:\\\/\\\/meprolim.es\\\/fr\\\/catalogue\\\/\"},{\"@type\":\"ListItem\",\"position\":3,\"name\":\"HIDROLIMPIADORA MONOF\u00c1SICA DE AGUA CALIENTE PW-H28\\\/4 Mod. D1309P M &#8211; C\u00d3DIGO: ZG0040\"}]},{\"@type\":\"WebSite\",\"@id\":\"https:\\\/\\\/meprolim.es\\\/fr\\\/#website\",\"url\":\"https:\\\/\\\/meprolim.es\\\/fr\\\/\",\"name\":\"Meprolim\",\"description\":\"Cavas Catalanas S.L.\",\"publisher\":{\"@id\":\"https:\\\/\\\/meprolim.es\\\/fr\\\/#organization\"},\"potentialAction\":[{\"@type\":\"SearchAction\",\"target\":{\"@type\":\"EntryPoint\",\"urlTemplate\":\"https:\\\/\\\/meprolim.es\\\/fr\\\/?s={search_term_string}\"},\"query-input\":{\"@type\":\"PropertyValueSpecification\",\"valueRequired\":true,\"valueName\":\"search_term_string\"}}],\"inLanguage\":\"fr-FR\"},{\"@type\":\"Organization\",\"@id\":\"https:\\\/\\\/meprolim.es\\\/fr\\\/#organization\",\"name\":\"Meprolim\",\"url\":\"https:\\\/\\\/meprolim.es\\\/fr\\\/\",\"logo\":{\"@type\":\"ImageObject\",\"inLanguage\":\"fr-FR\",\"@id\":\"https:\\\/\\\/meprolim.es\\\/fr\\\/#\\\/schema\\\/logo\\\/image\\\/\",\"url\":\"https:\\\/\\\/meprolim.es\\\/wp-content\\\/uploads\\\/2019\\\/07\\\/cropped-logo2.png\",\"contentUrl\":\"https:\\\/\\\/meprolim.es\\\/wp-content\\\/uploads\\\/2019\\\/07\\\/cropped-logo2.png\",\"width\":401,\"height\":162,\"caption\":\"Meprolim\"},\"image\":{\"@id\":\"https:\\\/\\\/meprolim.es\\\/fr\\\/#\\\/schema\\\/logo\\\/image\\\/\"}}]}<\/script>\n<!-- \/ Yoast SEO plugin. -->","yoast_head_json":{"title":"HIDROLIMPIADORA MONOF\u00c1SICA DE AGUA CALIENTE PW-H28\/4 Mod. D1309P M - C\u00d3DIGO: ZG0040 - Meprolim","robots":{"index":"index","follow":"follow","max-snippet":"max-snippet:-1","max-image-preview":"max-image-preview:large","max-video-preview":"max-video-preview:-1"},"canonical":"https:\/\/meprolim.es\/de\/producto\/maquinaria-de-limpieza\/hidrolimpiadoras\/agua-caliente\/hidrolimpiadora-de-agua-caliente-pwh28-4-modelo-d1309p-m\/","og_locale":"fr_FR","og_type":"article","og_title":"HIDROLIMPIADORA MONOF\u00c1SICA DE AGUA CALIENTE PW-H28\/4 Mod. D1309P M - C\u00d3DIGO: ZG0040 - Meprolim","og_description":"Hidrolimpiadora profesional de alta presi\u00f3n de agua caliente.  Motor de dos polos de 2.800 rpm. Bomba biela, cabezal en lat\u00f3n y pistones de cer\u00e1mica.  Retardo en encendido de la caldera (IBD). \u2022 Estabilizador de temperatura (IPC)  Control remoto DTS (Parada Total Retrasada) y fase vapor.  Interruptor inteligente autom\u00e1tico de apagado (IASF). \u2022 Control de microp\u00e9rdidas (MLC).  Protecci\u00f3n contra funcionamiento en seco (DRP). \u2022 Control de boquilla obstruida (NCC).  Control antidesbordamiento (FPS). \u2022 Caldera en acero inoxidable. \u2022 Con cuatro ruedas fijas.  Acoplamiento de la bomba directo, con casquillo lubricado. \u2022 V\u00e1lvula by-pass en lat\u00f3n atornillado.  Suministro de detergente en baja presi\u00f3n. \u2022 Serpent\u00edn de 20 m.  Estructura del bastidor en pl\u00e1stico y acero pintado.  SKU: ZG0040 &nbsp; &nbsp;","og_url":"https:\/\/meprolim.es\/de\/producto\/maquinaria-de-limpieza\/hidrolimpiadoras\/agua-caliente\/hidrolimpiadora-de-agua-caliente-pwh28-4-modelo-d1309p-m\/","og_site_name":"Meprolim","article_modified_time":"2020-03-20T16:49:52+00:00","og_image":[{"width":768,"height":768,"url":"https:\/\/meprolim.es\/wp-content\/uploads\/2019\/08\/ZG0040.jpg","type":"image\/jpeg"}],"twitter_card":"summary_large_image","schema":{"@context":"https:\/\/schema.org","@graph":[{"@type":"WebPage","@id":"https:\/\/meprolim.es\/de\/producto\/maquinaria-de-limpieza\/hidrolimpiadoras\/agua-caliente\/hidrolimpiadora-de-agua-caliente-pwh28-4-modelo-d1309p-m\/","url":"https:\/\/meprolim.es\/de\/producto\/maquinaria-de-limpieza\/hidrolimpiadoras\/agua-caliente\/hidrolimpiadora-de-agua-caliente-pwh28-4-modelo-d1309p-m\/","name":"HIDROLIMPIADORA MONOF\u00c1SICA DE AGUA CALIENTE PW-H28\/4 Mod. D1309P M - C\u00d3DIGO: ZG0040 - Meprolim","isPartOf":{"@id":"https:\/\/meprolim.es\/fr\/#website"},"primaryImageOfPage":{"@id":"https:\/\/meprolim.es\/de\/producto\/maquinaria-de-limpieza\/hidrolimpiadoras\/agua-caliente\/hidrolimpiadora-de-agua-caliente-pwh28-4-modelo-d1309p-m\/#primaryimage"},"image":{"@id":"https:\/\/meprolim.es\/de\/producto\/maquinaria-de-limpieza\/hidrolimpiadoras\/agua-caliente\/hidrolimpiadora-de-agua-caliente-pwh28-4-modelo-d1309p-m\/#primaryimage"},"thumbnailUrl":"https:\/\/meprolim.es\/wp-content\/uploads\/2019\/08\/ZG0040.jpg","datePublished":"2019-08-09T11:24:32+00:00","dateModified":"2020-03-20T16:49:52+00:00","breadcrumb":{"@id":"https:\/\/meprolim.es\/de\/producto\/maquinaria-de-limpieza\/hidrolimpiadoras\/agua-caliente\/hidrolimpiadora-de-agua-caliente-pwh28-4-modelo-d1309p-m\/#breadcrumb"},"inLanguage":"fr-FR","potentialAction":[{"@type":"ReadAction","target":["https:\/\/meprolim.es\/de\/producto\/maquinaria-de-limpieza\/hidrolimpiadoras\/agua-caliente\/hidrolimpiadora-de-agua-caliente-pwh28-4-modelo-d1309p-m\/"]}]},{"@type":"ImageObject","inLanguage":"fr-FR","@id":"https:\/\/meprolim.es\/de\/producto\/maquinaria-de-limpieza\/hidrolimpiadoras\/agua-caliente\/hidrolimpiadora-de-agua-caliente-pwh28-4-modelo-d1309p-m\/#primaryimage","url":"https:\/\/meprolim.es\/wp-content\/uploads\/2019\/08\/ZG0040.jpg","contentUrl":"https:\/\/meprolim.es\/wp-content\/uploads\/2019\/08\/ZG0040.jpg","width":768,"height":768,"caption":"Bimat Solid"},{"@type":"BreadcrumbList","@id":"https:\/\/meprolim.es\/de\/producto\/maquinaria-de-limpieza\/hidrolimpiadoras\/agua-caliente\/hidrolimpiadora-de-agua-caliente-pwh28-4-modelo-d1309p-m\/#breadcrumb","itemListElement":[{"@type":"ListItem","position":1,"name":"Portada","item":"https:\/\/meprolim.es\/fr\/"},{"@type":"ListItem","position":2,"name":"Catalogue","item":"https:\/\/meprolim.es\/fr\/catalogue\/"},{"@type":"ListItem","position":3,"name":"HIDROLIMPIADORA MONOF\u00c1SICA DE AGUA CALIENTE PW-H28\/4 Mod. D1309P M &#8211; C\u00d3DIGO: ZG0040"}]},{"@type":"WebSite","@id":"https:\/\/meprolim.es\/fr\/#website","url":"https:\/\/meprolim.es\/fr\/","name":"Meprolim","description":"Cavas Catalanas S.L.","publisher":{"@id":"https:\/\/meprolim.es\/fr\/#organization"},"potentialAction":[{"@type":"SearchAction","target":{"@type":"EntryPoint","urlTemplate":"https:\/\/meprolim.es\/fr\/?s={search_term_string}"},"query-input":{"@type":"PropertyValueSpecification","valueRequired":true,"valueName":"search_term_string"}}],"inLanguage":"fr-FR"},{"@type":"Organization","@id":"https:\/\/meprolim.es\/fr\/#organization","name":"Meprolim","url":"https:\/\/meprolim.es\/fr\/","logo":{"@type":"ImageObject","inLanguage":"fr-FR","@id":"https:\/\/meprolim.es\/fr\/#\/schema\/logo\/image\/","url":"https:\/\/meprolim.es\/wp-content\/uploads\/2019\/07\/cropped-logo2.png","contentUrl":"https:\/\/meprolim.es\/wp-content\/uploads\/2019\/07\/cropped-logo2.png","width":401,"height":162,"caption":"Meprolim"},"image":{"@id":"https:\/\/meprolim.es\/fr\/#\/schema\/logo\/image\/"}}]}},"_links":{"self":[{"href":"https:\/\/meprolim.es\/fr\/wp-json\/wp\/v2\/product\/5437","targetHints":{"allow":["GET"]}}],"collection":[{"href":"https:\/\/meprolim.es\/fr\/wp-json\/wp\/v2\/product"}],"about":[{"href":"https:\/\/meprolim.es\/fr\/wp-json\/wp\/v2\/types\/product"}],"wp:featuredmedia":[{"embeddable":true,"href":"https:\/\/meprolim.es\/fr\/wp-json\/wp\/v2\/media\/5438"}],"wp:attachment":[{"href":"https:\/\/meprolim.es\/fr\/wp-json\/wp\/v2\/media?parent=5437"}],"wp:term":[{"taxonomy":"product_brand","embeddable":true,"href":"https:\/\/meprolim.es\/fr\/wp-json\/wp\/v2\/product_brand?post=5437"},{"taxonomy":"product_cat","embeddable":true,"href":"https:\/\/meprolim.es\/fr\/wp-json\/wp\/v2\/product_cat?post=5437"},{"taxonomy":"product_tag","embeddable":true,"href":"https:\/\/meprolim.es\/fr\/wp-json\/wp\/v2\/product_tag?post=5437"}],"curies":[{"name":"wp","href":"https:\/\/api.w.org\/{rel}","templated":true}]}}