{"id":5548,"date":"2019-08-11T17:08:03","date_gmt":"2019-08-11T16:08:03","guid":{"rendered":"http:\/\/www.meprolim.es\/?post_type=product&#038;p=5548"},"modified":"2020-03-20T18:29:07","modified_gmt":"2020-03-20T18:29:07","slug":"lavatapicerias-comac-espuma-seca-carpet","status":"publish","type":"product","link":"https:\/\/meprolim.es\/fr\/producto\/maquinaria-de-limpieza\/lavamoquetas-fr\/lavatapicerias-comac-espuma-seca-carpet\/","title":{"rendered":"LAVATAPICER\u00cdAS COMAC ESPUMA SECA CARPET &#8211; C\u00d3DIGO: ZZ0004"},"content":{"rendered":"<div class=\"wpb-content-wrapper\"><p>[vc_row][vc_column][vc_column_text]<\/p>\n<p>M\u00e1quina ideal para lavar entapizados y moquetas que aplica el exclusivo sistema de espuma y el sistema de aspirador de alta eficiencia.\u00a0<\/p>\n<p>La espuma, densa y compacta, es suministrada a trav\u00e9s de un cepillo o un cepillo grande para moqueta, por los cuales se puede realizar al mismo tiempo una acci\u00f3n mec\u00e1nica adecuada que refuerza el efecto limpiador del detergente, sin que haga falta empapar el tejido.\u00a0<\/p>\n<p>La sucesiva aspiraci\u00f3n quita por completo el producto, dejando el tejido casi seco.\u00a0<\/p>\n<p>[\/vc_column_text][\/vc_column][\/vc_row]<\/p>\n<\/div>","protected":false},"excerpt":{"rendered":"<ul>\n<li>Ideal para lavar tapizados y moquetas, con su exclusivo sistema de espuma. Esta se suministra a trav\u00e9s del cepillo, realiza al mismo tiempo una acci\u00f3n mec\u00e1nica que refuerza el efecto del detergente sin necesidad de empapar el tejido. La sucesiva aspiraci\u00f3n deja el tejido casi seco.<\/li>\n<li>Compresor que garantiza la \u00f3ptima formaci\u00f3n de espuma.<\/li>\n<li>Gran autonom\u00eda.<\/li>\n<li>Tanque de detergente para 20 l.<\/li>\n<li>Tanque de recuperaci\u00f3n con AIR STOP que elimina hasta los mas peque\u00f1os copos de espuma residual.<\/li>\n<li>El dep\u00f3sito se puede vaciar retir\u00e1ndolo por el tap\u00f3n inferior.<\/li>\n<li>Accesorios: kit varillas para moquetas y kit autobuses 10 m.<\/li>\n<\/ul>\n<p><strong>SKU: ZZ0004<\/strong><\/p>\n","protected":false},"featured_media":5549,"template":"","meta":[],"product_brand":[],"product_cat":[2603,2580],"product_tag":[288,287,289,290,252],"class_list":{"0":"post-5548","1":"product","2":"type-product","3":"status-publish","4":"has-post-thumbnail","6":"product_cat-lavamoquetas","7":"product_cat-maquinaria-de-limpieza","8":"product_tag-espuma-seca","9":"product_tag-lavamoquetas","10":"product_tag-lavamoquetas-champuneadoras","11":"product_tag-lavatapicerias","12":"product_tag-maquinaria-de-limpieza","14":"first","15":"instock","16":"shipping-taxable","17":"product-type-simple"},"yoast_head":"<!-- This site is optimized with the Yoast SEO plugin v27.3 - https:\/\/yoast.com\/product\/yoast-seo-wordpress\/ -->\n<title>LAVATAPICER\u00cdAS COMAC ESPUMA SECA CARPET - C\u00d3DIGO: ZZ0004 - Meprolim<\/title>\n<meta name=\"robots\" content=\"index, follow, max-snippet:-1, max-image-preview:large, max-video-preview:-1\" \/>\n<link rel=\"canonical\" href=\"https:\/\/meprolim.es\/producto\/maquinaria-de-limpieza\/lavamoquetas\/lavatapicerias-comac-espuma-seca-carpet\/\" \/>\n<meta property=\"og:locale\" content=\"fr_FR\" \/>\n<meta property=\"og:type\" content=\"article\" \/>\n<meta property=\"og:title\" content=\"LAVATAPICER\u00cdAS COMAC ESPUMA SECA CARPET - C\u00d3DIGO: ZZ0004 - Meprolim\" \/>\n<meta property=\"og:description\" content=\"Ideal para lavar tapizados y moquetas, con su exclusivo sistema de espuma. Esta se suministra a trav\u00e9s del cepillo, realiza al mismo tiempo una acci\u00f3n mec\u00e1nica que refuerza el efecto del detergente sin necesidad de empapar el tejido. La sucesiva aspiraci\u00f3n deja el tejido casi seco.  Compresor que garantiza la \u00f3ptima formaci\u00f3n de espuma.  Gran autonom\u00eda.  Tanque de detergente para 20 l.  Tanque de recuperaci\u00f3n con AIR STOP que elimina hasta los mas peque\u00f1os copos de espuma residual.  El dep\u00f3sito se puede vaciar retir\u00e1ndolo por el tap\u00f3n inferior.  Accesorios: kit varillas para moquetas y kit autobuses 10 m.  SKU: ZZ0004\" \/>\n<meta property=\"og:url\" content=\"https:\/\/meprolim.es\/producto\/maquinaria-de-limpieza\/lavamoquetas\/lavatapicerias-comac-espuma-seca-carpet\/\" \/>\n<meta property=\"og:site_name\" content=\"Meprolim\" \/>\n<meta property=\"article:modified_time\" content=\"2020-03-20T18:29:07+00:00\" \/>\n<meta property=\"og:image\" content=\"https:\/\/meprolim.es\/wp-content\/uploads\/2019\/08\/ZZ0004.jpg\" \/>\n\t<meta property=\"og:image:width\" content=\"768\" \/>\n\t<meta property=\"og:image:height\" content=\"768\" \/>\n\t<meta property=\"og:image:type\" content=\"image\/jpeg\" \/>\n<meta name=\"twitter:card\" content=\"summary_large_image\" \/>\n<script type=\"application\/ld+json\" class=\"yoast-schema-graph\">{\"@context\":\"https:\\\/\\\/schema.org\",\"@graph\":[{\"@type\":\"WebPage\",\"@id\":\"https:\\\/\\\/meprolim.es\\\/producto\\\/maquinaria-de-limpieza\\\/lavamoquetas\\\/lavatapicerias-comac-espuma-seca-carpet\\\/\",\"url\":\"https:\\\/\\\/meprolim.es\\\/producto\\\/maquinaria-de-limpieza\\\/lavamoquetas\\\/lavatapicerias-comac-espuma-seca-carpet\\\/\",\"name\":\"LAVATAPICER\u00cdAS COMAC ESPUMA SECA CARPET - C\u00d3DIGO: ZZ0004 - Meprolim\",\"isPartOf\":{\"@id\":\"https:\\\/\\\/meprolim.es\\\/fr\\\/#website\"},\"primaryImageOfPage\":{\"@id\":\"https:\\\/\\\/meprolim.es\\\/producto\\\/maquinaria-de-limpieza\\\/lavamoquetas\\\/lavatapicerias-comac-espuma-seca-carpet\\\/#primaryimage\"},\"image\":{\"@id\":\"https:\\\/\\\/meprolim.es\\\/producto\\\/maquinaria-de-limpieza\\\/lavamoquetas\\\/lavatapicerias-comac-espuma-seca-carpet\\\/#primaryimage\"},\"thumbnailUrl\":\"https:\\\/\\\/meprolim.es\\\/wp-content\\\/uploads\\\/2019\\\/08\\\/ZZ0004.jpg\",\"datePublished\":\"2019-08-11T16:08:03+00:00\",\"dateModified\":\"2020-03-20T18:29:07+00:00\",\"breadcrumb\":{\"@id\":\"https:\\\/\\\/meprolim.es\\\/producto\\\/maquinaria-de-limpieza\\\/lavamoquetas\\\/lavatapicerias-comac-espuma-seca-carpet\\\/#breadcrumb\"},\"inLanguage\":\"fr-FR\",\"potentialAction\":[{\"@type\":\"ReadAction\",\"target\":[\"https:\\\/\\\/meprolim.es\\\/producto\\\/maquinaria-de-limpieza\\\/lavamoquetas\\\/lavatapicerias-comac-espuma-seca-carpet\\\/\"]}]},{\"@type\":\"ImageObject\",\"inLanguage\":\"fr-FR\",\"@id\":\"https:\\\/\\\/meprolim.es\\\/producto\\\/maquinaria-de-limpieza\\\/lavamoquetas\\\/lavatapicerias-comac-espuma-seca-carpet\\\/#primaryimage\",\"url\":\"https:\\\/\\\/meprolim.es\\\/wp-content\\\/uploads\\\/2019\\\/08\\\/ZZ0004.jpg\",\"contentUrl\":\"https:\\\/\\\/meprolim.es\\\/wp-content\\\/uploads\\\/2019\\\/08\\\/ZZ0004.jpg\",\"width\":768,\"height\":768},{\"@type\":\"BreadcrumbList\",\"@id\":\"https:\\\/\\\/meprolim.es\\\/producto\\\/maquinaria-de-limpieza\\\/lavamoquetas\\\/lavatapicerias-comac-espuma-seca-carpet\\\/#breadcrumb\",\"itemListElement\":[{\"@type\":\"ListItem\",\"position\":1,\"name\":\"Portada\",\"item\":\"https:\\\/\\\/meprolim.es\\\/fr\\\/\"},{\"@type\":\"ListItem\",\"position\":2,\"name\":\"Catalogue\",\"item\":\"https:\\\/\\\/meprolim.es\\\/fr\\\/catalogue\\\/\"},{\"@type\":\"ListItem\",\"position\":3,\"name\":\"LAVATAPICER\u00cdAS COMAC ESPUMA SECA CARPET &#8211; C\u00d3DIGO: ZZ0004\"}]},{\"@type\":\"WebSite\",\"@id\":\"https:\\\/\\\/meprolim.es\\\/fr\\\/#website\",\"url\":\"https:\\\/\\\/meprolim.es\\\/fr\\\/\",\"name\":\"Meprolim\",\"description\":\"Cavas Catalanas S.L.\",\"publisher\":{\"@id\":\"https:\\\/\\\/meprolim.es\\\/fr\\\/#organization\"},\"potentialAction\":[{\"@type\":\"SearchAction\",\"target\":{\"@type\":\"EntryPoint\",\"urlTemplate\":\"https:\\\/\\\/meprolim.es\\\/fr\\\/?s={search_term_string}\"},\"query-input\":{\"@type\":\"PropertyValueSpecification\",\"valueRequired\":true,\"valueName\":\"search_term_string\"}}],\"inLanguage\":\"fr-FR\"},{\"@type\":\"Organization\",\"@id\":\"https:\\\/\\\/meprolim.es\\\/fr\\\/#organization\",\"name\":\"Meprolim\",\"url\":\"https:\\\/\\\/meprolim.es\\\/fr\\\/\",\"logo\":{\"@type\":\"ImageObject\",\"inLanguage\":\"fr-FR\",\"@id\":\"https:\\\/\\\/meprolim.es\\\/fr\\\/#\\\/schema\\\/logo\\\/image\\\/\",\"url\":\"https:\\\/\\\/meprolim.es\\\/wp-content\\\/uploads\\\/2019\\\/07\\\/cropped-logo2.png\",\"contentUrl\":\"https:\\\/\\\/meprolim.es\\\/wp-content\\\/uploads\\\/2019\\\/07\\\/cropped-logo2.png\",\"width\":401,\"height\":162,\"caption\":\"Meprolim\"},\"image\":{\"@id\":\"https:\\\/\\\/meprolim.es\\\/fr\\\/#\\\/schema\\\/logo\\\/image\\\/\"}}]}<\/script>\n<!-- \/ Yoast SEO plugin. -->","yoast_head_json":{"title":"LAVATAPICER\u00cdAS COMAC ESPUMA SECA CARPET - C\u00d3DIGO: ZZ0004 - Meprolim","robots":{"index":"index","follow":"follow","max-snippet":"max-snippet:-1","max-image-preview":"max-image-preview:large","max-video-preview":"max-video-preview:-1"},"canonical":"https:\/\/meprolim.es\/producto\/maquinaria-de-limpieza\/lavamoquetas\/lavatapicerias-comac-espuma-seca-carpet\/","og_locale":"fr_FR","og_type":"article","og_title":"LAVATAPICER\u00cdAS COMAC ESPUMA SECA CARPET - C\u00d3DIGO: ZZ0004 - Meprolim","og_description":"Ideal para lavar tapizados y moquetas, con su exclusivo sistema de espuma. Esta se suministra a trav\u00e9s del cepillo, realiza al mismo tiempo una acci\u00f3n mec\u00e1nica que refuerza el efecto del detergente sin necesidad de empapar el tejido. La sucesiva aspiraci\u00f3n deja el tejido casi seco.  Compresor que garantiza la \u00f3ptima formaci\u00f3n de espuma.  Gran autonom\u00eda.  Tanque de detergente para 20 l.  Tanque de recuperaci\u00f3n con AIR STOP que elimina hasta los mas peque\u00f1os copos de espuma residual.  El dep\u00f3sito se puede vaciar retir\u00e1ndolo por el tap\u00f3n inferior.  Accesorios: kit varillas para moquetas y kit autobuses 10 m.  SKU: ZZ0004","og_url":"https:\/\/meprolim.es\/producto\/maquinaria-de-limpieza\/lavamoquetas\/lavatapicerias-comac-espuma-seca-carpet\/","og_site_name":"Meprolim","article_modified_time":"2020-03-20T18:29:07+00:00","og_image":[{"width":768,"height":768,"url":"https:\/\/meprolim.es\/wp-content\/uploads\/2019\/08\/ZZ0004.jpg","type":"image\/jpeg"}],"twitter_card":"summary_large_image","schema":{"@context":"https:\/\/schema.org","@graph":[{"@type":"WebPage","@id":"https:\/\/meprolim.es\/producto\/maquinaria-de-limpieza\/lavamoquetas\/lavatapicerias-comac-espuma-seca-carpet\/","url":"https:\/\/meprolim.es\/producto\/maquinaria-de-limpieza\/lavamoquetas\/lavatapicerias-comac-espuma-seca-carpet\/","name":"LAVATAPICER\u00cdAS COMAC ESPUMA SECA CARPET - C\u00d3DIGO: ZZ0004 - Meprolim","isPartOf":{"@id":"https:\/\/meprolim.es\/fr\/#website"},"primaryImageOfPage":{"@id":"https:\/\/meprolim.es\/producto\/maquinaria-de-limpieza\/lavamoquetas\/lavatapicerias-comac-espuma-seca-carpet\/#primaryimage"},"image":{"@id":"https:\/\/meprolim.es\/producto\/maquinaria-de-limpieza\/lavamoquetas\/lavatapicerias-comac-espuma-seca-carpet\/#primaryimage"},"thumbnailUrl":"https:\/\/meprolim.es\/wp-content\/uploads\/2019\/08\/ZZ0004.jpg","datePublished":"2019-08-11T16:08:03+00:00","dateModified":"2020-03-20T18:29:07+00:00","breadcrumb":{"@id":"https:\/\/meprolim.es\/producto\/maquinaria-de-limpieza\/lavamoquetas\/lavatapicerias-comac-espuma-seca-carpet\/#breadcrumb"},"inLanguage":"fr-FR","potentialAction":[{"@type":"ReadAction","target":["https:\/\/meprolim.es\/producto\/maquinaria-de-limpieza\/lavamoquetas\/lavatapicerias-comac-espuma-seca-carpet\/"]}]},{"@type":"ImageObject","inLanguage":"fr-FR","@id":"https:\/\/meprolim.es\/producto\/maquinaria-de-limpieza\/lavamoquetas\/lavatapicerias-comac-espuma-seca-carpet\/#primaryimage","url":"https:\/\/meprolim.es\/wp-content\/uploads\/2019\/08\/ZZ0004.jpg","contentUrl":"https:\/\/meprolim.es\/wp-content\/uploads\/2019\/08\/ZZ0004.jpg","width":768,"height":768},{"@type":"BreadcrumbList","@id":"https:\/\/meprolim.es\/producto\/maquinaria-de-limpieza\/lavamoquetas\/lavatapicerias-comac-espuma-seca-carpet\/#breadcrumb","itemListElement":[{"@type":"ListItem","position":1,"name":"Portada","item":"https:\/\/meprolim.es\/fr\/"},{"@type":"ListItem","position":2,"name":"Catalogue","item":"https:\/\/meprolim.es\/fr\/catalogue\/"},{"@type":"ListItem","position":3,"name":"LAVATAPICER\u00cdAS COMAC ESPUMA SECA CARPET &#8211; C\u00d3DIGO: ZZ0004"}]},{"@type":"WebSite","@id":"https:\/\/meprolim.es\/fr\/#website","url":"https:\/\/meprolim.es\/fr\/","name":"Meprolim","description":"Cavas Catalanas S.L.","publisher":{"@id":"https:\/\/meprolim.es\/fr\/#organization"},"potentialAction":[{"@type":"SearchAction","target":{"@type":"EntryPoint","urlTemplate":"https:\/\/meprolim.es\/fr\/?s={search_term_string}"},"query-input":{"@type":"PropertyValueSpecification","valueRequired":true,"valueName":"search_term_string"}}],"inLanguage":"fr-FR"},{"@type":"Organization","@id":"https:\/\/meprolim.es\/fr\/#organization","name":"Meprolim","url":"https:\/\/meprolim.es\/fr\/","logo":{"@type":"ImageObject","inLanguage":"fr-FR","@id":"https:\/\/meprolim.es\/fr\/#\/schema\/logo\/image\/","url":"https:\/\/meprolim.es\/wp-content\/uploads\/2019\/07\/cropped-logo2.png","contentUrl":"https:\/\/meprolim.es\/wp-content\/uploads\/2019\/07\/cropped-logo2.png","width":401,"height":162,"caption":"Meprolim"},"image":{"@id":"https:\/\/meprolim.es\/fr\/#\/schema\/logo\/image\/"}}]}},"_links":{"self":[{"href":"https:\/\/meprolim.es\/fr\/wp-json\/wp\/v2\/product\/5548","targetHints":{"allow":["GET"]}}],"collection":[{"href":"https:\/\/meprolim.es\/fr\/wp-json\/wp\/v2\/product"}],"about":[{"href":"https:\/\/meprolim.es\/fr\/wp-json\/wp\/v2\/types\/product"}],"wp:featuredmedia":[{"embeddable":true,"href":"https:\/\/meprolim.es\/fr\/wp-json\/wp\/v2\/media\/5549"}],"wp:attachment":[{"href":"https:\/\/meprolim.es\/fr\/wp-json\/wp\/v2\/media?parent=5548"}],"wp:term":[{"taxonomy":"product_brand","embeddable":true,"href":"https:\/\/meprolim.es\/fr\/wp-json\/wp\/v2\/product_brand?post=5548"},{"taxonomy":"product_cat","embeddable":true,"href":"https:\/\/meprolim.es\/fr\/wp-json\/wp\/v2\/product_cat?post=5548"},{"taxonomy":"product_tag","embeddable":true,"href":"https:\/\/meprolim.es\/fr\/wp-json\/wp\/v2\/product_tag?post=5548"}],"curies":[{"name":"wp","href":"https:\/\/api.w.org\/{rel}","templated":true}]}}