{"id":6514,"date":"2019-08-20T14:52:20","date_gmt":"2019-08-20T13:52:20","guid":{"rendered":"http:\/\/www.meprolim.es\/?post_type=product&#038;p=6514"},"modified":"2019-10-28T22:24:45","modified_gmt":"2019-10-28T22:24:45","slug":"cubeta-250-litros-poliuretano","status":"publish","type":"product","link":"https:\/\/meprolim.es\/fr\/producto\/carros-de-servicio-fregado-manual-y-articulos-de-limpieza\/carros-carretillas-fr-2\/carros-recogida-ropa-fr-2\/cubeta-250-litros-poliuretano\/","title":{"rendered":"CUBETA 250 LITROS POLIURETANO &#8211; C\u00d3DIGO: AZ0055"},"content":{"rendered":"<div class=\"wpb-content-wrapper\"><p>[vc_row][vc_column][vc_column_text]<\/p>\n<p>Carro de lencer\u00eda multiservicio 250 L chasis.<\/p>\n<p>[\/vc_column_text][\/vc_column][\/vc_row]<\/p>\n<\/div>","protected":false},"excerpt":{"rendered":"<ul>\n<li>Recipientes construidos en polietileno lineal blanco, enriquecido con aditivos antiultravioleta.<\/li>\n<li>Cubetas de calidad ALIMENTARIA.<\/li>\n<li>V\u00e1lidos para s\u00f3lidos y l\u00edquidos.<\/li>\n<li>Encajables al vac\u00edo al 50% de su volumen.<\/li>\n<li>Se le puede poner un grifo de vaciado.<\/li>\n<li>Para facilitar la movilidad de las cubetas disponemos de un chasis de tubos de acero inoxidable, con cuatro ruedas de \u00d8 150 mm, dos fijas y dos giratorias.<\/li>\n<\/ul>\n<p><strong>SKU: AZ0055<\/strong><\/p>\n","protected":false},"featured_media":6515,"template":"","meta":[],"product_brand":[],"product_cat":[230,102,228,1099],"product_tag":[404,382,406],"class_list":{"0":"post-6514","1":"product","2":"type-product","3":"status-publish","4":"has-post-thumbnail","6":"product_cat-carros-de-lavanderia","7":"product_cat-carros-de-servicio-fregado-manual-y-articulos-de-limpieza","8":"product_cat-carros-recogida-ropa","9":"product_cat-carros-carretillas","10":"product_tag-carro-de-lavanderia","11":"product_tag-carro-de-servicio","12":"product_tag-poliuretano","14":"first","15":"instock","16":"shipping-taxable","17":"product-type-simple"},"yoast_head":"<!-- This site is optimized with the Yoast SEO plugin v27.3 - https:\/\/yoast.com\/product\/yoast-seo-wordpress\/ -->\n<title>CUBETA 250 LITROS POLIURETANO - C\u00d3DIGO: AZ0055 - Meprolim<\/title>\n<meta name=\"robots\" content=\"index, follow, max-snippet:-1, max-image-preview:large, max-video-preview:-1\" \/>\n<link rel=\"canonical\" href=\"https:\/\/meprolim.es\/producto\/carros-de-servicio-fregado-manual-y-articulos-de-limpieza\/carros-carretillas\/carros-recogida-ropa\/cubeta-250-litros-poliuretano\/\" \/>\n<meta property=\"og:locale\" content=\"fr_FR\" \/>\n<meta property=\"og:type\" content=\"article\" \/>\n<meta property=\"og:title\" content=\"CUBETA 250 LITROS POLIURETANO - C\u00d3DIGO: AZ0055 - Meprolim\" \/>\n<meta property=\"og:description\" content=\"Recipientes construidos en polietileno lineal blanco, enriquecido con aditivos antiultravioleta.  Cubetas de calidad ALIMENTARIA.  V\u00e1lidos para s\u00f3lidos y l\u00edquidos.  Encajables al vac\u00edo al 50% de su volumen.  Se le puede poner un grifo de vaciado.  Para facilitar la movilidad de las cubetas disponemos de un chasis de tubos de acero inoxidable, con cuatro ruedas de \u00d8 150 mm, dos fijas y dos giratorias.  SKU: AZ0055\" \/>\n<meta property=\"og:url\" content=\"https:\/\/meprolim.es\/producto\/carros-de-servicio-fregado-manual-y-articulos-de-limpieza\/carros-carretillas\/carros-recogida-ropa\/cubeta-250-litros-poliuretano\/\" \/>\n<meta property=\"og:site_name\" content=\"Meprolim\" \/>\n<meta property=\"article:modified_time\" content=\"2019-10-28T22:24:45+00:00\" \/>\n<meta property=\"og:image\" content=\"https:\/\/meprolim.es\/wp-content\/uploads\/2019\/08\/AZ0055.jpg\" \/>\n\t<meta property=\"og:image:width\" content=\"768\" \/>\n\t<meta property=\"og:image:height\" content=\"768\" \/>\n\t<meta property=\"og:image:type\" content=\"image\/jpeg\" \/>\n<meta name=\"twitter:card\" content=\"summary_large_image\" \/>\n<script type=\"application\/ld+json\" class=\"yoast-schema-graph\">{\"@context\":\"https:\\\/\\\/schema.org\",\"@graph\":[{\"@type\":\"WebPage\",\"@id\":\"https:\\\/\\\/meprolim.es\\\/producto\\\/carros-de-servicio-fregado-manual-y-articulos-de-limpieza\\\/carros-carretillas\\\/carros-recogida-ropa\\\/cubeta-250-litros-poliuretano\\\/\",\"url\":\"https:\\\/\\\/meprolim.es\\\/producto\\\/carros-de-servicio-fregado-manual-y-articulos-de-limpieza\\\/carros-carretillas\\\/carros-recogida-ropa\\\/cubeta-250-litros-poliuretano\\\/\",\"name\":\"CUBETA 250 LITROS POLIURETANO - C\u00d3DIGO: AZ0055 - Meprolim\",\"isPartOf\":{\"@id\":\"https:\\\/\\\/meprolim.es\\\/fr\\\/#website\"},\"primaryImageOfPage\":{\"@id\":\"https:\\\/\\\/meprolim.es\\\/producto\\\/carros-de-servicio-fregado-manual-y-articulos-de-limpieza\\\/carros-carretillas\\\/carros-recogida-ropa\\\/cubeta-250-litros-poliuretano\\\/#primaryimage\"},\"image\":{\"@id\":\"https:\\\/\\\/meprolim.es\\\/producto\\\/carros-de-servicio-fregado-manual-y-articulos-de-limpieza\\\/carros-carretillas\\\/carros-recogida-ropa\\\/cubeta-250-litros-poliuretano\\\/#primaryimage\"},\"thumbnailUrl\":\"https:\\\/\\\/meprolim.es\\\/wp-content\\\/uploads\\\/2019\\\/08\\\/AZ0055.jpg\",\"datePublished\":\"2019-08-20T13:52:20+00:00\",\"dateModified\":\"2019-10-28T22:24:45+00:00\",\"breadcrumb\":{\"@id\":\"https:\\\/\\\/meprolim.es\\\/producto\\\/carros-de-servicio-fregado-manual-y-articulos-de-limpieza\\\/carros-carretillas\\\/carros-recogida-ropa\\\/cubeta-250-litros-poliuretano\\\/#breadcrumb\"},\"inLanguage\":\"fr-FR\",\"potentialAction\":[{\"@type\":\"ReadAction\",\"target\":[\"https:\\\/\\\/meprolim.es\\\/producto\\\/carros-de-servicio-fregado-manual-y-articulos-de-limpieza\\\/carros-carretillas\\\/carros-recogida-ropa\\\/cubeta-250-litros-poliuretano\\\/\"]}]},{\"@type\":\"ImageObject\",\"inLanguage\":\"fr-FR\",\"@id\":\"https:\\\/\\\/meprolim.es\\\/producto\\\/carros-de-servicio-fregado-manual-y-articulos-de-limpieza\\\/carros-carretillas\\\/carros-recogida-ropa\\\/cubeta-250-litros-poliuretano\\\/#primaryimage\",\"url\":\"https:\\\/\\\/meprolim.es\\\/wp-content\\\/uploads\\\/2019\\\/08\\\/AZ0055.jpg\",\"contentUrl\":\"https:\\\/\\\/meprolim.es\\\/wp-content\\\/uploads\\\/2019\\\/08\\\/AZ0055.jpg\",\"width\":768,\"height\":768},{\"@type\":\"BreadcrumbList\",\"@id\":\"https:\\\/\\\/meprolim.es\\\/producto\\\/carros-de-servicio-fregado-manual-y-articulos-de-limpieza\\\/carros-carretillas\\\/carros-recogida-ropa\\\/cubeta-250-litros-poliuretano\\\/#breadcrumb\",\"itemListElement\":[{\"@type\":\"ListItem\",\"position\":1,\"name\":\"Portada\",\"item\":\"https:\\\/\\\/meprolim.es\\\/fr\\\/\"},{\"@type\":\"ListItem\",\"position\":2,\"name\":\"Catalogue\",\"item\":\"https:\\\/\\\/meprolim.es\\\/fr\\\/catalogue\\\/\"},{\"@type\":\"ListItem\",\"position\":3,\"name\":\"CUBETA 250 LITROS POLIURETANO &#8211; C\u00d3DIGO: AZ0055\"}]},{\"@type\":\"WebSite\",\"@id\":\"https:\\\/\\\/meprolim.es\\\/fr\\\/#website\",\"url\":\"https:\\\/\\\/meprolim.es\\\/fr\\\/\",\"name\":\"Meprolim\",\"description\":\"Cavas Catalanas S.L.\",\"publisher\":{\"@id\":\"https:\\\/\\\/meprolim.es\\\/fr\\\/#organization\"},\"potentialAction\":[{\"@type\":\"SearchAction\",\"target\":{\"@type\":\"EntryPoint\",\"urlTemplate\":\"https:\\\/\\\/meprolim.es\\\/fr\\\/?s={search_term_string}\"},\"query-input\":{\"@type\":\"PropertyValueSpecification\",\"valueRequired\":true,\"valueName\":\"search_term_string\"}}],\"inLanguage\":\"fr-FR\"},{\"@type\":\"Organization\",\"@id\":\"https:\\\/\\\/meprolim.es\\\/fr\\\/#organization\",\"name\":\"Meprolim\",\"url\":\"https:\\\/\\\/meprolim.es\\\/fr\\\/\",\"logo\":{\"@type\":\"ImageObject\",\"inLanguage\":\"fr-FR\",\"@id\":\"https:\\\/\\\/meprolim.es\\\/fr\\\/#\\\/schema\\\/logo\\\/image\\\/\",\"url\":\"https:\\\/\\\/meprolim.es\\\/wp-content\\\/uploads\\\/2019\\\/07\\\/cropped-logo2.png\",\"contentUrl\":\"https:\\\/\\\/meprolim.es\\\/wp-content\\\/uploads\\\/2019\\\/07\\\/cropped-logo2.png\",\"width\":401,\"height\":162,\"caption\":\"Meprolim\"},\"image\":{\"@id\":\"https:\\\/\\\/meprolim.es\\\/fr\\\/#\\\/schema\\\/logo\\\/image\\\/\"}}]}<\/script>\n<!-- \/ Yoast SEO plugin. -->","yoast_head_json":{"title":"CUBETA 250 LITROS POLIURETANO - C\u00d3DIGO: AZ0055 - Meprolim","robots":{"index":"index","follow":"follow","max-snippet":"max-snippet:-1","max-image-preview":"max-image-preview:large","max-video-preview":"max-video-preview:-1"},"canonical":"https:\/\/meprolim.es\/producto\/carros-de-servicio-fregado-manual-y-articulos-de-limpieza\/carros-carretillas\/carros-recogida-ropa\/cubeta-250-litros-poliuretano\/","og_locale":"fr_FR","og_type":"article","og_title":"CUBETA 250 LITROS POLIURETANO - C\u00d3DIGO: AZ0055 - Meprolim","og_description":"Recipientes construidos en polietileno lineal blanco, enriquecido con aditivos antiultravioleta.  Cubetas de calidad ALIMENTARIA.  V\u00e1lidos para s\u00f3lidos y l\u00edquidos.  Encajables al vac\u00edo al 50% de su volumen.  Se le puede poner un grifo de vaciado.  Para facilitar la movilidad de las cubetas disponemos de un chasis de tubos de acero inoxidable, con cuatro ruedas de \u00d8 150 mm, dos fijas y dos giratorias.  SKU: AZ0055","og_url":"https:\/\/meprolim.es\/producto\/carros-de-servicio-fregado-manual-y-articulos-de-limpieza\/carros-carretillas\/carros-recogida-ropa\/cubeta-250-litros-poliuretano\/","og_site_name":"Meprolim","article_modified_time":"2019-10-28T22:24:45+00:00","og_image":[{"width":768,"height":768,"url":"https:\/\/meprolim.es\/wp-content\/uploads\/2019\/08\/AZ0055.jpg","type":"image\/jpeg"}],"twitter_card":"summary_large_image","schema":{"@context":"https:\/\/schema.org","@graph":[{"@type":"WebPage","@id":"https:\/\/meprolim.es\/producto\/carros-de-servicio-fregado-manual-y-articulos-de-limpieza\/carros-carretillas\/carros-recogida-ropa\/cubeta-250-litros-poliuretano\/","url":"https:\/\/meprolim.es\/producto\/carros-de-servicio-fregado-manual-y-articulos-de-limpieza\/carros-carretillas\/carros-recogida-ropa\/cubeta-250-litros-poliuretano\/","name":"CUBETA 250 LITROS POLIURETANO - C\u00d3DIGO: AZ0055 - Meprolim","isPartOf":{"@id":"https:\/\/meprolim.es\/fr\/#website"},"primaryImageOfPage":{"@id":"https:\/\/meprolim.es\/producto\/carros-de-servicio-fregado-manual-y-articulos-de-limpieza\/carros-carretillas\/carros-recogida-ropa\/cubeta-250-litros-poliuretano\/#primaryimage"},"image":{"@id":"https:\/\/meprolim.es\/producto\/carros-de-servicio-fregado-manual-y-articulos-de-limpieza\/carros-carretillas\/carros-recogida-ropa\/cubeta-250-litros-poliuretano\/#primaryimage"},"thumbnailUrl":"https:\/\/meprolim.es\/wp-content\/uploads\/2019\/08\/AZ0055.jpg","datePublished":"2019-08-20T13:52:20+00:00","dateModified":"2019-10-28T22:24:45+00:00","breadcrumb":{"@id":"https:\/\/meprolim.es\/producto\/carros-de-servicio-fregado-manual-y-articulos-de-limpieza\/carros-carretillas\/carros-recogida-ropa\/cubeta-250-litros-poliuretano\/#breadcrumb"},"inLanguage":"fr-FR","potentialAction":[{"@type":"ReadAction","target":["https:\/\/meprolim.es\/producto\/carros-de-servicio-fregado-manual-y-articulos-de-limpieza\/carros-carretillas\/carros-recogida-ropa\/cubeta-250-litros-poliuretano\/"]}]},{"@type":"ImageObject","inLanguage":"fr-FR","@id":"https:\/\/meprolim.es\/producto\/carros-de-servicio-fregado-manual-y-articulos-de-limpieza\/carros-carretillas\/carros-recogida-ropa\/cubeta-250-litros-poliuretano\/#primaryimage","url":"https:\/\/meprolim.es\/wp-content\/uploads\/2019\/08\/AZ0055.jpg","contentUrl":"https:\/\/meprolim.es\/wp-content\/uploads\/2019\/08\/AZ0055.jpg","width":768,"height":768},{"@type":"BreadcrumbList","@id":"https:\/\/meprolim.es\/producto\/carros-de-servicio-fregado-manual-y-articulos-de-limpieza\/carros-carretillas\/carros-recogida-ropa\/cubeta-250-litros-poliuretano\/#breadcrumb","itemListElement":[{"@type":"ListItem","position":1,"name":"Portada","item":"https:\/\/meprolim.es\/fr\/"},{"@type":"ListItem","position":2,"name":"Catalogue","item":"https:\/\/meprolim.es\/fr\/catalogue\/"},{"@type":"ListItem","position":3,"name":"CUBETA 250 LITROS POLIURETANO &#8211; C\u00d3DIGO: AZ0055"}]},{"@type":"WebSite","@id":"https:\/\/meprolim.es\/fr\/#website","url":"https:\/\/meprolim.es\/fr\/","name":"Meprolim","description":"Cavas Catalanas S.L.","publisher":{"@id":"https:\/\/meprolim.es\/fr\/#organization"},"potentialAction":[{"@type":"SearchAction","target":{"@type":"EntryPoint","urlTemplate":"https:\/\/meprolim.es\/fr\/?s={search_term_string}"},"query-input":{"@type":"PropertyValueSpecification","valueRequired":true,"valueName":"search_term_string"}}],"inLanguage":"fr-FR"},{"@type":"Organization","@id":"https:\/\/meprolim.es\/fr\/#organization","name":"Meprolim","url":"https:\/\/meprolim.es\/fr\/","logo":{"@type":"ImageObject","inLanguage":"fr-FR","@id":"https:\/\/meprolim.es\/fr\/#\/schema\/logo\/image\/","url":"https:\/\/meprolim.es\/wp-content\/uploads\/2019\/07\/cropped-logo2.png","contentUrl":"https:\/\/meprolim.es\/wp-content\/uploads\/2019\/07\/cropped-logo2.png","width":401,"height":162,"caption":"Meprolim"},"image":{"@id":"https:\/\/meprolim.es\/fr\/#\/schema\/logo\/image\/"}}]}},"_links":{"self":[{"href":"https:\/\/meprolim.es\/fr\/wp-json\/wp\/v2\/product\/6514","targetHints":{"allow":["GET"]}}],"collection":[{"href":"https:\/\/meprolim.es\/fr\/wp-json\/wp\/v2\/product"}],"about":[{"href":"https:\/\/meprolim.es\/fr\/wp-json\/wp\/v2\/types\/product"}],"wp:featuredmedia":[{"embeddable":true,"href":"https:\/\/meprolim.es\/fr\/wp-json\/wp\/v2\/media\/6515"}],"wp:attachment":[{"href":"https:\/\/meprolim.es\/fr\/wp-json\/wp\/v2\/media?parent=6514"}],"wp:term":[{"taxonomy":"product_brand","embeddable":true,"href":"https:\/\/meprolim.es\/fr\/wp-json\/wp\/v2\/product_brand?post=6514"},{"taxonomy":"product_cat","embeddable":true,"href":"https:\/\/meprolim.es\/fr\/wp-json\/wp\/v2\/product_cat?post=6514"},{"taxonomy":"product_tag","embeddable":true,"href":"https:\/\/meprolim.es\/fr\/wp-json\/wp\/v2\/product_tag?post=6514"}],"curies":[{"name":"wp","href":"https:\/\/api.w.org\/{rel}","templated":true}]}}