{"id":6699,"date":"2019-08-21T13:36:19","date_gmt":"2019-08-21T12:36:19","guid":{"rendered":"http:\/\/www.meprolim.es\/?post_type=product&#038;p=6699"},"modified":"2019-10-28T21:52:49","modified_gmt":"2019-10-28T21:52:49","slug":"retractll-12-uds-sanix-30","status":"publish","type":"product","link":"https:\/\/meprolim.es\/fr\/producto\/dispensadores-celulosa-y-complementos\/papeleras-ceniceros-fr-2\/papeleras-pequenas-fr-2\/retractll-12-uds-sanix-30\/","title":{"rendered":"RETR\u00c1CTlL 12 UDS SANIX 30 &#8211; C\u00d3DIGO: BX9002"},"content":{"rendered":"<div class=\"wpb-content-wrapper\"><p>[vc_row][vc_column][vc_column_text]<\/p>\n<p>Contenedor para higiene \u00edntima con pedal.<\/p>\n<p>[\/vc_column_text][\/vc_column][\/vc_row]<\/p>\n<\/div>","protected":false},"excerpt":{"rendered":"<ul>\n<li>Producto en polvo para desinfecci\u00f3n de contenedores de tampones y compresas.<\/li>\n<li>DESINFECTA, DESODORIZA Y RESECA.<\/li>\n<li>Elimina goteos.<\/li>\n<li>Convierte el residuo en basura banal.<\/li>\n<li>Cumple las normas UNE-EN1276.<\/li>\n<li>No se debe mezclar con otros productos qu\u00edmicos.<\/li>\n<li>Cada sobre tiene una validez de 30 d\u00edas.<\/li>\n<\/ul>\n<p><strong>SKU: BX9002<\/strong><\/p>\n","protected":false},"featured_media":6700,"template":"","meta":[],"product_brand":[],"product_cat":[90,438,422],"product_tag":[441,424],"class_list":{"0":"post-6699","1":"product","2":"type-product","3":"status-publish","4":"has-post-thumbnail","6":"product_cat-complementos-para-banos-y-dispensadores","7":"product_cat-papeleras-pequenas","8":"product_cat-papeleras-ceniceros","9":"product_tag-higiene-intima","10":"product_tag-papeleras-residuos","12":"first","13":"instock","14":"shipping-taxable","15":"product-type-simple"},"yoast_head":"<!-- This site is optimized with the Yoast SEO plugin v27.3 - https:\/\/yoast.com\/product\/yoast-seo-wordpress\/ -->\n<title>RETR\u00c1CTlL 12 UDS SANIX 30 - C\u00d3DIGO: BX9002 - Meprolim<\/title>\n<meta name=\"robots\" content=\"index, follow, max-snippet:-1, max-image-preview:large, max-video-preview:-1\" \/>\n<link rel=\"canonical\" href=\"https:\/\/meprolim.es\/producto\/complementos-para-banos-y-dispensadores\/papeleras-ceniceros\/papeleras-pequenas\/retractll-12-uds-sanix-30\/\" \/>\n<meta property=\"og:locale\" content=\"fr_FR\" \/>\n<meta property=\"og:type\" content=\"article\" \/>\n<meta property=\"og:title\" content=\"RETR\u00c1CTlL 12 UDS SANIX 30 - C\u00d3DIGO: BX9002 - Meprolim\" \/>\n<meta property=\"og:description\" content=\"Producto en polvo para desinfecci\u00f3n de contenedores de tampones y compresas.  DESINFECTA, DESODORIZA Y RESECA.  Elimina goteos.  Convierte el residuo en basura banal.  Cumple las normas UNE-EN1276.  No se debe mezclar con otros productos qu\u00edmicos.  Cada sobre tiene una validez de 30 d\u00edas.  SKU: BX9002\" \/>\n<meta property=\"og:url\" content=\"https:\/\/meprolim.es\/producto\/complementos-para-banos-y-dispensadores\/papeleras-ceniceros\/papeleras-pequenas\/retractll-12-uds-sanix-30\/\" \/>\n<meta property=\"og:site_name\" content=\"Meprolim\" \/>\n<meta property=\"article:modified_time\" content=\"2019-10-28T21:52:49+00:00\" \/>\n<meta property=\"og:image\" content=\"https:\/\/meprolim.es\/wp-content\/uploads\/2019\/08\/BX9002.jpg\" \/>\n\t<meta property=\"og:image:width\" content=\"768\" \/>\n\t<meta property=\"og:image:height\" content=\"768\" \/>\n\t<meta property=\"og:image:type\" content=\"image\/jpeg\" \/>\n<meta name=\"twitter:card\" content=\"summary_large_image\" \/>\n<script type=\"application\/ld+json\" class=\"yoast-schema-graph\">{\"@context\":\"https:\\\/\\\/schema.org\",\"@graph\":[{\"@type\":\"WebPage\",\"@id\":\"https:\\\/\\\/meprolim.es\\\/producto\\\/complementos-para-banos-y-dispensadores\\\/papeleras-ceniceros\\\/papeleras-pequenas\\\/retractll-12-uds-sanix-30\\\/\",\"url\":\"https:\\\/\\\/meprolim.es\\\/producto\\\/complementos-para-banos-y-dispensadores\\\/papeleras-ceniceros\\\/papeleras-pequenas\\\/retractll-12-uds-sanix-30\\\/\",\"name\":\"RETR\u00c1CTlL 12 UDS SANIX 30 - C\u00d3DIGO: BX9002 - Meprolim\",\"isPartOf\":{\"@id\":\"https:\\\/\\\/meprolim.es\\\/fr\\\/#website\"},\"primaryImageOfPage\":{\"@id\":\"https:\\\/\\\/meprolim.es\\\/producto\\\/complementos-para-banos-y-dispensadores\\\/papeleras-ceniceros\\\/papeleras-pequenas\\\/retractll-12-uds-sanix-30\\\/#primaryimage\"},\"image\":{\"@id\":\"https:\\\/\\\/meprolim.es\\\/producto\\\/complementos-para-banos-y-dispensadores\\\/papeleras-ceniceros\\\/papeleras-pequenas\\\/retractll-12-uds-sanix-30\\\/#primaryimage\"},\"thumbnailUrl\":\"https:\\\/\\\/meprolim.es\\\/wp-content\\\/uploads\\\/2019\\\/08\\\/BX9002.jpg\",\"datePublished\":\"2019-08-21T12:36:19+00:00\",\"dateModified\":\"2019-10-28T21:52:49+00:00\",\"breadcrumb\":{\"@id\":\"https:\\\/\\\/meprolim.es\\\/producto\\\/complementos-para-banos-y-dispensadores\\\/papeleras-ceniceros\\\/papeleras-pequenas\\\/retractll-12-uds-sanix-30\\\/#breadcrumb\"},\"inLanguage\":\"fr-FR\",\"potentialAction\":[{\"@type\":\"ReadAction\",\"target\":[\"https:\\\/\\\/meprolim.es\\\/producto\\\/complementos-para-banos-y-dispensadores\\\/papeleras-ceniceros\\\/papeleras-pequenas\\\/retractll-12-uds-sanix-30\\\/\"]}]},{\"@type\":\"ImageObject\",\"inLanguage\":\"fr-FR\",\"@id\":\"https:\\\/\\\/meprolim.es\\\/producto\\\/complementos-para-banos-y-dispensadores\\\/papeleras-ceniceros\\\/papeleras-pequenas\\\/retractll-12-uds-sanix-30\\\/#primaryimage\",\"url\":\"https:\\\/\\\/meprolim.es\\\/wp-content\\\/uploads\\\/2019\\\/08\\\/BX9002.jpg\",\"contentUrl\":\"https:\\\/\\\/meprolim.es\\\/wp-content\\\/uploads\\\/2019\\\/08\\\/BX9002.jpg\",\"width\":768,\"height\":768},{\"@type\":\"BreadcrumbList\",\"@id\":\"https:\\\/\\\/meprolim.es\\\/producto\\\/complementos-para-banos-y-dispensadores\\\/papeleras-ceniceros\\\/papeleras-pequenas\\\/retractll-12-uds-sanix-30\\\/#breadcrumb\",\"itemListElement\":[{\"@type\":\"ListItem\",\"position\":1,\"name\":\"Portada\",\"item\":\"https:\\\/\\\/meprolim.es\\\/fr\\\/\"},{\"@type\":\"ListItem\",\"position\":2,\"name\":\"Catalogue\",\"item\":\"https:\\\/\\\/meprolim.es\\\/fr\\\/catalogue\\\/\"},{\"@type\":\"ListItem\",\"position\":3,\"name\":\"RETR\u00c1CTlL 12 UDS SANIX 30 &#8211; C\u00d3DIGO: BX9002\"}]},{\"@type\":\"WebSite\",\"@id\":\"https:\\\/\\\/meprolim.es\\\/fr\\\/#website\",\"url\":\"https:\\\/\\\/meprolim.es\\\/fr\\\/\",\"name\":\"Meprolim\",\"description\":\"Cavas Catalanas S.L.\",\"publisher\":{\"@id\":\"https:\\\/\\\/meprolim.es\\\/fr\\\/#organization\"},\"potentialAction\":[{\"@type\":\"SearchAction\",\"target\":{\"@type\":\"EntryPoint\",\"urlTemplate\":\"https:\\\/\\\/meprolim.es\\\/fr\\\/?s={search_term_string}\"},\"query-input\":{\"@type\":\"PropertyValueSpecification\",\"valueRequired\":true,\"valueName\":\"search_term_string\"}}],\"inLanguage\":\"fr-FR\"},{\"@type\":\"Organization\",\"@id\":\"https:\\\/\\\/meprolim.es\\\/fr\\\/#organization\",\"name\":\"Meprolim\",\"url\":\"https:\\\/\\\/meprolim.es\\\/fr\\\/\",\"logo\":{\"@type\":\"ImageObject\",\"inLanguage\":\"fr-FR\",\"@id\":\"https:\\\/\\\/meprolim.es\\\/fr\\\/#\\\/schema\\\/logo\\\/image\\\/\",\"url\":\"https:\\\/\\\/meprolim.es\\\/wp-content\\\/uploads\\\/2019\\\/07\\\/cropped-logo2.png\",\"contentUrl\":\"https:\\\/\\\/meprolim.es\\\/wp-content\\\/uploads\\\/2019\\\/07\\\/cropped-logo2.png\",\"width\":401,\"height\":162,\"caption\":\"Meprolim\"},\"image\":{\"@id\":\"https:\\\/\\\/meprolim.es\\\/fr\\\/#\\\/schema\\\/logo\\\/image\\\/\"}}]}<\/script>\n<!-- \/ Yoast SEO plugin. -->","yoast_head_json":{"title":"RETR\u00c1CTlL 12 UDS SANIX 30 - C\u00d3DIGO: BX9002 - Meprolim","robots":{"index":"index","follow":"follow","max-snippet":"max-snippet:-1","max-image-preview":"max-image-preview:large","max-video-preview":"max-video-preview:-1"},"canonical":"https:\/\/meprolim.es\/producto\/complementos-para-banos-y-dispensadores\/papeleras-ceniceros\/papeleras-pequenas\/retractll-12-uds-sanix-30\/","og_locale":"fr_FR","og_type":"article","og_title":"RETR\u00c1CTlL 12 UDS SANIX 30 - C\u00d3DIGO: BX9002 - Meprolim","og_description":"Producto en polvo para desinfecci\u00f3n de contenedores de tampones y compresas.  DESINFECTA, DESODORIZA Y RESECA.  Elimina goteos.  Convierte el residuo en basura banal.  Cumple las normas UNE-EN1276.  No se debe mezclar con otros productos qu\u00edmicos.  Cada sobre tiene una validez de 30 d\u00edas.  SKU: BX9002","og_url":"https:\/\/meprolim.es\/producto\/complementos-para-banos-y-dispensadores\/papeleras-ceniceros\/papeleras-pequenas\/retractll-12-uds-sanix-30\/","og_site_name":"Meprolim","article_modified_time":"2019-10-28T21:52:49+00:00","og_image":[{"width":768,"height":768,"url":"https:\/\/meprolim.es\/wp-content\/uploads\/2019\/08\/BX9002.jpg","type":"image\/jpeg"}],"twitter_card":"summary_large_image","schema":{"@context":"https:\/\/schema.org","@graph":[{"@type":"WebPage","@id":"https:\/\/meprolim.es\/producto\/complementos-para-banos-y-dispensadores\/papeleras-ceniceros\/papeleras-pequenas\/retractll-12-uds-sanix-30\/","url":"https:\/\/meprolim.es\/producto\/complementos-para-banos-y-dispensadores\/papeleras-ceniceros\/papeleras-pequenas\/retractll-12-uds-sanix-30\/","name":"RETR\u00c1CTlL 12 UDS SANIX 30 - C\u00d3DIGO: BX9002 - Meprolim","isPartOf":{"@id":"https:\/\/meprolim.es\/fr\/#website"},"primaryImageOfPage":{"@id":"https:\/\/meprolim.es\/producto\/complementos-para-banos-y-dispensadores\/papeleras-ceniceros\/papeleras-pequenas\/retractll-12-uds-sanix-30\/#primaryimage"},"image":{"@id":"https:\/\/meprolim.es\/producto\/complementos-para-banos-y-dispensadores\/papeleras-ceniceros\/papeleras-pequenas\/retractll-12-uds-sanix-30\/#primaryimage"},"thumbnailUrl":"https:\/\/meprolim.es\/wp-content\/uploads\/2019\/08\/BX9002.jpg","datePublished":"2019-08-21T12:36:19+00:00","dateModified":"2019-10-28T21:52:49+00:00","breadcrumb":{"@id":"https:\/\/meprolim.es\/producto\/complementos-para-banos-y-dispensadores\/papeleras-ceniceros\/papeleras-pequenas\/retractll-12-uds-sanix-30\/#breadcrumb"},"inLanguage":"fr-FR","potentialAction":[{"@type":"ReadAction","target":["https:\/\/meprolim.es\/producto\/complementos-para-banos-y-dispensadores\/papeleras-ceniceros\/papeleras-pequenas\/retractll-12-uds-sanix-30\/"]}]},{"@type":"ImageObject","inLanguage":"fr-FR","@id":"https:\/\/meprolim.es\/producto\/complementos-para-banos-y-dispensadores\/papeleras-ceniceros\/papeleras-pequenas\/retractll-12-uds-sanix-30\/#primaryimage","url":"https:\/\/meprolim.es\/wp-content\/uploads\/2019\/08\/BX9002.jpg","contentUrl":"https:\/\/meprolim.es\/wp-content\/uploads\/2019\/08\/BX9002.jpg","width":768,"height":768},{"@type":"BreadcrumbList","@id":"https:\/\/meprolim.es\/producto\/complementos-para-banos-y-dispensadores\/papeleras-ceniceros\/papeleras-pequenas\/retractll-12-uds-sanix-30\/#breadcrumb","itemListElement":[{"@type":"ListItem","position":1,"name":"Portada","item":"https:\/\/meprolim.es\/fr\/"},{"@type":"ListItem","position":2,"name":"Catalogue","item":"https:\/\/meprolim.es\/fr\/catalogue\/"},{"@type":"ListItem","position":3,"name":"RETR\u00c1CTlL 12 UDS SANIX 30 &#8211; C\u00d3DIGO: BX9002"}]},{"@type":"WebSite","@id":"https:\/\/meprolim.es\/fr\/#website","url":"https:\/\/meprolim.es\/fr\/","name":"Meprolim","description":"Cavas Catalanas S.L.","publisher":{"@id":"https:\/\/meprolim.es\/fr\/#organization"},"potentialAction":[{"@type":"SearchAction","target":{"@type":"EntryPoint","urlTemplate":"https:\/\/meprolim.es\/fr\/?s={search_term_string}"},"query-input":{"@type":"PropertyValueSpecification","valueRequired":true,"valueName":"search_term_string"}}],"inLanguage":"fr-FR"},{"@type":"Organization","@id":"https:\/\/meprolim.es\/fr\/#organization","name":"Meprolim","url":"https:\/\/meprolim.es\/fr\/","logo":{"@type":"ImageObject","inLanguage":"fr-FR","@id":"https:\/\/meprolim.es\/fr\/#\/schema\/logo\/image\/","url":"https:\/\/meprolim.es\/wp-content\/uploads\/2019\/07\/cropped-logo2.png","contentUrl":"https:\/\/meprolim.es\/wp-content\/uploads\/2019\/07\/cropped-logo2.png","width":401,"height":162,"caption":"Meprolim"},"image":{"@id":"https:\/\/meprolim.es\/fr\/#\/schema\/logo\/image\/"}}]}},"_links":{"self":[{"href":"https:\/\/meprolim.es\/fr\/wp-json\/wp\/v2\/product\/6699","targetHints":{"allow":["GET"]}}],"collection":[{"href":"https:\/\/meprolim.es\/fr\/wp-json\/wp\/v2\/product"}],"about":[{"href":"https:\/\/meprolim.es\/fr\/wp-json\/wp\/v2\/types\/product"}],"wp:featuredmedia":[{"embeddable":true,"href":"https:\/\/meprolim.es\/fr\/wp-json\/wp\/v2\/media\/6700"}],"wp:attachment":[{"href":"https:\/\/meprolim.es\/fr\/wp-json\/wp\/v2\/media?parent=6699"}],"wp:term":[{"taxonomy":"product_brand","embeddable":true,"href":"https:\/\/meprolim.es\/fr\/wp-json\/wp\/v2\/product_brand?post=6699"},{"taxonomy":"product_cat","embeddable":true,"href":"https:\/\/meprolim.es\/fr\/wp-json\/wp\/v2\/product_cat?post=6699"},{"taxonomy":"product_tag","embeddable":true,"href":"https:\/\/meprolim.es\/fr\/wp-json\/wp\/v2\/product_tag?post=6699"}],"curies":[{"name":"wp","href":"https:\/\/api.w.org\/{rel}","templated":true}]}}